{"id":5339,"date":"2025-01-26T14:08:34","date_gmt":"2025-01-26T13:08:34","guid":{"rendered":"https:\/\/toysmaniacornermonaco.com\/?post_type=product&#038;p=5339"},"modified":"2025-01-26T14:43:29","modified_gmt":"2025-01-26T13:43:29","slug":"edition-limitee-spectrum-of-color-stitch","status":"publish","type":"product","link":"https:\/\/toysmaniacornermonaco.com\/en\/produit\/edition-limitee-spectrum-of-color-stitch\/","title":{"rendered":"\u00e9dition limit\u00e9e Spectrum of Color stitch"},"content":{"rendered":"<p>Nom : Stitch<\/p>\n<p>R\u00e9f\u00e9rence : 6010255e<\/p>\n<p>Dimensions<strong> :<\/strong> 26,7 cm<\/p>\n<p>Mati\u00e8re : R\u00e9sine transparente<\/p>\n<p>designer: Jester studio<\/p>\n<p><span>Le personnage ador\u00e9 de Disney, Stitch, est le sujet de cette superbe statue de format premium de Grand Jester Studios. Fabriqu\u00e9es en r\u00e9sine transparente avec une teinte de couleur arc-en-ciel, ces \u0153uvres d&#8217;art surdimensionn\u00e9es et lumineuses seront le point central de toute collection Disney. NLE<\/span><\/p>\n","protected":false},"excerpt":{"rendered":"Nom : Stitch R\u00e9f\u00e9rence : 6010255e Dimensions : 26,7 cm Mati\u00e8re : R\u00e9sine transparente designer: Jester studio Le personnage ador\u00e9 de Disney, Stitch, est le sujet de cette superbe statue de format premium de Grand Jester Studios. Fabriqu\u00e9es en r\u00e9sine transparente avec une teinte de couleur arc-en-ciel, ces \u0153uvres d&#8217;art surdimensionn\u00e9es et lumineuses seront le&#8230; <a class=\"view-article\" href=\"https:\/\/toysmaniacornermonaco.com\/en\/produit\/edition-limitee-spectrum-of-color-stitch\/\">View Article<\/a>","protected":false},"featured_media":5341,"comment_status":"open","ping_status":"closed","template":"","meta":{"_acf_changed":false},"product_cat":[381,385],"product_tag":[],"class_list":{"0":"post-5339","1":"product","2":"type-product","3":"status-publish","4":"has-post-thumbnail","6":"marque-jester-en","7":"idee_cadeau-children","8":"idee_cadeau-christmas","9":"idee_cadeau-men","10":"idee_cadeau-women","11":"product_cat-decoration-en","12":"product_cat-games-and-toys","13":"product_shipping_class-moyencolis-en","15":"first","16":"instock","17":"taxable","18":"shipping-taxable","19":"purchasable","20":"product-type-simple"},"acf":[],"yoast_head":"<!-- This site is optimized with the Yoast SEO plugin v22.3 - https:\/\/yoast.com\/wordpress\/plugins\/seo\/ -->\n<title>\u00e9dition limit\u00e9e Spectrum of Color stitch - TOY&#039;S MANIA<\/title>\n<meta name=\"robots\" content=\"index, follow, max-snippet:-1, max-image-preview:large, max-video-preview:-1\" \/>\n<link rel=\"canonical\" href=\"https:\/\/toysmaniacornermonaco.com\/en\/produit\/edition-limitee-spectrum-of-color-stitch\/\" \/>\n<meta property=\"og:locale\" content=\"en_US\" \/>\n<meta property=\"og:type\" content=\"article\" \/>\n<meta property=\"og:title\" content=\"\u00e9dition limit\u00e9e Spectrum of Color stitch - TOY&#039;S MANIA\" \/>\n<meta property=\"og:description\" content=\"Nom : Stitch R\u00e9f\u00e9rence : 6010255e Dimensions : 26,7 cm Mati\u00e8re : R\u00e9sine transparente designer: Jester studio Le personnage ador\u00e9 de Disney, Stitch, est le sujet de cette superbe statue de format premium de Grand Jester Studios. Fabriqu\u00e9es en r\u00e9sine transparente avec une teinte de couleur arc-en-ciel, ces \u0153uvres d&#8217;art surdimensionn\u00e9es et lumineuses seront le... View Article\" \/>\n<meta property=\"og:url\" content=\"https:\/\/toysmaniacornermonaco.com\/en\/produit\/edition-limitee-spectrum-of-color-stitch\/\" \/>\n<meta property=\"og:site_name\" content=\"TOY&#039;S MANIA\" \/>\n<meta property=\"article:modified_time\" content=\"2025-01-26T13:43:29+00:00\" \/>\n<meta property=\"og:image\" content=\"https:\/\/toysmaniacornermonaco.com\/wp-content\/uploads\/2025\/01\/Image9.jpg\" \/>\n\t<meta property=\"og:image:width\" content=\"530\" \/>\n\t<meta property=\"og:image:height\" content=\"530\" \/>\n\t<meta property=\"og:image:type\" content=\"image\/jpeg\" \/>\n<meta name=\"twitter:card\" content=\"summary_large_image\" \/>\n<meta name=\"twitter:label1\" content=\"Est. reading time\" \/>\n\t<meta name=\"twitter:data1\" content=\"1 minute\" \/>\n<script type=\"application\/ld+json\" class=\"yoast-schema-graph\">{\"@context\":\"https:\/\/schema.org\",\"@graph\":[{\"@type\":\"WebPage\",\"@id\":\"https:\/\/toysmaniacornermonaco.com\/en\/produit\/edition-limitee-spectrum-of-color-stitch\/\",\"url\":\"https:\/\/toysmaniacornermonaco.com\/en\/produit\/edition-limitee-spectrum-of-color-stitch\/\",\"name\":\"\u00e9dition limit\u00e9e Spectrum of Color stitch - TOY&#039;S MANIA\",\"isPartOf\":{\"@id\":\"https:\/\/toysmaniacornermonaco.com\/#website\"},\"primaryImageOfPage\":{\"@id\":\"https:\/\/toysmaniacornermonaco.com\/en\/produit\/edition-limitee-spectrum-of-color-stitch\/#primaryimage\"},\"image\":{\"@id\":\"https:\/\/toysmaniacornermonaco.com\/en\/produit\/edition-limitee-spectrum-of-color-stitch\/#primaryimage\"},\"thumbnailUrl\":\"https:\/\/toysmaniacornermonaco.com\/wp-content\/uploads\/2025\/01\/Image9.jpg\",\"datePublished\":\"2025-01-26T13:08:34+00:00\",\"dateModified\":\"2025-01-26T13:43:29+00:00\",\"breadcrumb\":{\"@id\":\"https:\/\/toysmaniacornermonaco.com\/en\/produit\/edition-limitee-spectrum-of-color-stitch\/#breadcrumb\"},\"inLanguage\":\"en-US\",\"potentialAction\":[{\"@type\":\"ReadAction\",\"target\":[\"https:\/\/toysmaniacornermonaco.com\/en\/produit\/edition-limitee-spectrum-of-color-stitch\/\"]}]},{\"@type\":\"ImageObject\",\"inLanguage\":\"en-US\",\"@id\":\"https:\/\/toysmaniacornermonaco.com\/en\/produit\/edition-limitee-spectrum-of-color-stitch\/#primaryimage\",\"url\":\"https:\/\/toysmaniacornermonaco.com\/wp-content\/uploads\/2025\/01\/Image9.jpg\",\"contentUrl\":\"https:\/\/toysmaniacornermonaco.com\/wp-content\/uploads\/2025\/01\/Image9.jpg\",\"width\":530,\"height\":530},{\"@type\":\"BreadcrumbList\",\"@id\":\"https:\/\/toysmaniacornermonaco.com\/en\/produit\/edition-limitee-spectrum-of-color-stitch\/#breadcrumb\",\"itemListElement\":[{\"@type\":\"ListItem\",\"position\":1,\"name\":\"Accueil\",\"item\":\"https:\/\/toysmaniacornermonaco.com\/en\/\"},{\"@type\":\"ListItem\",\"position\":2,\"name\":\"Shop\",\"item\":\"https:\/\/toysmaniacornermonaco.com\/en\/shop\/\"},{\"@type\":\"ListItem\",\"position\":3,\"name\":\"\u00e9dition limit\u00e9e Spectrum of Color stitch\"}]},{\"@type\":\"WebSite\",\"@id\":\"https:\/\/toysmaniacornermonaco.com\/#website\",\"url\":\"https:\/\/toysmaniacornermonaco.com\/\",\"name\":\"TOY&#039;S MANIA\",\"description\":\"VOTRE CONCEPT STORE \u00c0 MONACO\",\"potentialAction\":[{\"@type\":\"SearchAction\",\"target\":{\"@type\":\"EntryPoint\",\"urlTemplate\":\"https:\/\/toysmaniacornermonaco.com\/?s={search_term_string}\"},\"query-input\":\"required name=search_term_string\"}],\"inLanguage\":\"en-US\"}]}<\/script>\n<!-- \/ Yoast SEO plugin. -->","yoast_head_json":{"title":"\u00e9dition limit\u00e9e Spectrum of Color stitch - TOY&#039;S MANIA","robots":{"index":"index","follow":"follow","max-snippet":"max-snippet:-1","max-image-preview":"max-image-preview:large","max-video-preview":"max-video-preview:-1"},"canonical":"https:\/\/toysmaniacornermonaco.com\/en\/produit\/edition-limitee-spectrum-of-color-stitch\/","og_locale":"en_US","og_type":"article","og_title":"\u00e9dition limit\u00e9e Spectrum of Color stitch - TOY&#039;S MANIA","og_description":"Nom : Stitch R\u00e9f\u00e9rence : 6010255e Dimensions : 26,7 cm Mati\u00e8re : R\u00e9sine transparente designer: Jester studio Le personnage ador\u00e9 de Disney, Stitch, est le sujet de cette superbe statue de format premium de Grand Jester Studios. Fabriqu\u00e9es en r\u00e9sine transparente avec une teinte de couleur arc-en-ciel, ces \u0153uvres d&#8217;art surdimensionn\u00e9es et lumineuses seront le... View Article","og_url":"https:\/\/toysmaniacornermonaco.com\/en\/produit\/edition-limitee-spectrum-of-color-stitch\/","og_site_name":"TOY&#039;S MANIA","article_modified_time":"2025-01-26T13:43:29+00:00","og_image":[{"width":530,"height":530,"url":"https:\/\/toysmaniacornermonaco.com\/wp-content\/uploads\/2025\/01\/Image9.jpg","type":"image\/jpeg"}],"twitter_card":"summary_large_image","twitter_misc":{"Est. reading time":"1 minute"},"schema":{"@context":"https:\/\/schema.org","@graph":[{"@type":"WebPage","@id":"https:\/\/toysmaniacornermonaco.com\/en\/produit\/edition-limitee-spectrum-of-color-stitch\/","url":"https:\/\/toysmaniacornermonaco.com\/en\/produit\/edition-limitee-spectrum-of-color-stitch\/","name":"\u00e9dition limit\u00e9e Spectrum of Color stitch - TOY&#039;S MANIA","isPartOf":{"@id":"https:\/\/toysmaniacornermonaco.com\/#website"},"primaryImageOfPage":{"@id":"https:\/\/toysmaniacornermonaco.com\/en\/produit\/edition-limitee-spectrum-of-color-stitch\/#primaryimage"},"image":{"@id":"https:\/\/toysmaniacornermonaco.com\/en\/produit\/edition-limitee-spectrum-of-color-stitch\/#primaryimage"},"thumbnailUrl":"https:\/\/toysmaniacornermonaco.com\/wp-content\/uploads\/2025\/01\/Image9.jpg","datePublished":"2025-01-26T13:08:34+00:00","dateModified":"2025-01-26T13:43:29+00:00","breadcrumb":{"@id":"https:\/\/toysmaniacornermonaco.com\/en\/produit\/edition-limitee-spectrum-of-color-stitch\/#breadcrumb"},"inLanguage":"en-US","potentialAction":[{"@type":"ReadAction","target":["https:\/\/toysmaniacornermonaco.com\/en\/produit\/edition-limitee-spectrum-of-color-stitch\/"]}]},{"@type":"ImageObject","inLanguage":"en-US","@id":"https:\/\/toysmaniacornermonaco.com\/en\/produit\/edition-limitee-spectrum-of-color-stitch\/#primaryimage","url":"https:\/\/toysmaniacornermonaco.com\/wp-content\/uploads\/2025\/01\/Image9.jpg","contentUrl":"https:\/\/toysmaniacornermonaco.com\/wp-content\/uploads\/2025\/01\/Image9.jpg","width":530,"height":530},{"@type":"BreadcrumbList","@id":"https:\/\/toysmaniacornermonaco.com\/en\/produit\/edition-limitee-spectrum-of-color-stitch\/#breadcrumb","itemListElement":[{"@type":"ListItem","position":1,"name":"Accueil","item":"https:\/\/toysmaniacornermonaco.com\/en\/"},{"@type":"ListItem","position":2,"name":"Shop","item":"https:\/\/toysmaniacornermonaco.com\/en\/shop\/"},{"@type":"ListItem","position":3,"name":"\u00e9dition limit\u00e9e Spectrum of Color stitch"}]},{"@type":"WebSite","@id":"https:\/\/toysmaniacornermonaco.com\/#website","url":"https:\/\/toysmaniacornermonaco.com\/","name":"TOY&#039;S MANIA","description":"VOTRE CONCEPT STORE \u00c0 MONACO","potentialAction":[{"@type":"SearchAction","target":{"@type":"EntryPoint","urlTemplate":"https:\/\/toysmaniacornermonaco.com\/?s={search_term_string}"},"query-input":"required name=search_term_string"}],"inLanguage":"en-US"}]}},"_links":{"self":[{"href":"https:\/\/toysmaniacornermonaco.com\/en\/wp-json\/wp\/v2\/product\/5339","targetHints":{"allow":["GET"]}}],"collection":[{"href":"https:\/\/toysmaniacornermonaco.com\/en\/wp-json\/wp\/v2\/product"}],"about":[{"href":"https:\/\/toysmaniacornermonaco.com\/en\/wp-json\/wp\/v2\/types\/product"}],"replies":[{"embeddable":true,"href":"https:\/\/toysmaniacornermonaco.com\/en\/wp-json\/wp\/v2\/comments?post=5339"}],"wp:featuredmedia":[{"embeddable":true,"href":"https:\/\/toysmaniacornermonaco.com\/en\/wp-json\/wp\/v2\/media\/5341"}],"wp:attachment":[{"href":"https:\/\/toysmaniacornermonaco.com\/en\/wp-json\/wp\/v2\/media?parent=5339"}],"wp:term":[{"taxonomy":"product_cat","embeddable":true,"href":"https:\/\/toysmaniacornermonaco.com\/en\/wp-json\/wp\/v2\/product_cat?post=5339"},{"taxonomy":"product_tag","embeddable":true,"href":"https:\/\/toysmaniacornermonaco.com\/en\/wp-json\/wp\/v2\/product_tag?post=5339"}],"curies":[{"name":"wp","href":"https:\/\/api.w.org\/{rel}","templated":true}]}}