{"id":5355,"date":"2025-01-26T16:58:34","date_gmt":"2025-01-26T15:58:34","guid":{"rendered":"https:\/\/toysmaniacornermonaco.com\/?post_type=product&#038;p=5355"},"modified":"2025-01-27T13:28:14","modified_gmt":"2025-01-27T12:28:14","slug":"lil-mushies-collection-the-world-of-miss-mindy","status":"publish","type":"product","link":"https:\/\/toysmaniacornermonaco.com\/en\/produit\/lil-mushies-collection-the-world-of-miss-mindy\/","title":{"rendered":"Lil&#8217; Mushies collection the world of Miss Mindy Disney"},"content":{"rendered":"<p>Nom : The World of Miss Lil&#8217; Mushies<\/p>\n<p>R\u00e9f\u00e9rence : 4060323<\/p>\n<p>Dimensions<strong> :\u00a0<\/strong>11,4 cm<\/p>\n<p>Mati\u00e8re : R\u00e9sine de pierre<\/p>\n<p>Le coffret de trois figurines &#8220;Lil&#8217; Mushies&#8221; de la collection The World of Miss Mindy combine des personnages d&#8217;enfance Fantastiques avec des rebondissements de conception uniques. Ces figurines capturent de petits champignons avec des d\u00e9tails vibrants peint \u00e0 la main. Elles pr\u00e9sentent des d\u00e9tails pr\u00e9cis et un charme unique qui raviront les amateurs de pi\u00e8ces artistiques, originales et fait partie d&#8217;une ancienne collection retrait\u00e9e.<\/p>\n","protected":false},"excerpt":{"rendered":"Nom : The World of Miss Lil&#8217; Mushies R\u00e9f\u00e9rence : 4060323 Dimensions :\u00a011,4 cm Mati\u00e8re : R\u00e9sine de pierre Le coffret de trois figurines &#8220;Lil&#8217; Mushies&#8221; de la collection The World of Miss Mindy combine des personnages d&#8217;enfance Fantastiques avec des rebondissements de conception uniques. Ces figurines capturent de petits champignons avec des d\u00e9tails vibrants&#8230; <a class=\"view-article\" href=\"https:\/\/toysmaniacornermonaco.com\/en\/produit\/lil-mushies-collection-the-world-of-miss-mindy\/\">View Article<\/a>","protected":false},"featured_media":5357,"comment_status":"open","ping_status":"closed","template":"","meta":{"_acf_changed":false},"product_cat":[381,385],"product_tag":[],"class_list":{"0":"post-5355","1":"product","2":"type-product","3":"status-publish","4":"has-post-thumbnail","6":"marque-enescostore-en","7":"idee_cadeau-children","8":"idee_cadeau-christmas","9":"idee_cadeau-men","10":"idee_cadeau-women","11":"product_cat-decoration-en","12":"product_cat-games-and-toys","13":"product_shipping_class-petitcolis-en","15":"first","16":"instock","17":"taxable","18":"shipping-taxable","19":"purchasable","20":"product-type-simple"},"acf":[],"yoast_head":"<!-- This site is optimized with the Yoast SEO plugin v22.3 - https:\/\/yoast.com\/wordpress\/plugins\/seo\/ -->\n<title>Lil&#039; Mushies collection the world of Miss Mindy Disney - TOY&#039;S MANIA<\/title>\n<meta name=\"robots\" content=\"index, follow, max-snippet:-1, max-image-preview:large, max-video-preview:-1\" \/>\n<link rel=\"canonical\" href=\"https:\/\/toysmaniacornermonaco.com\/en\/produit\/lil-mushies-collection-the-world-of-miss-mindy\/\" \/>\n<meta property=\"og:locale\" content=\"en_US\" \/>\n<meta property=\"og:type\" content=\"article\" \/>\n<meta property=\"og:title\" content=\"Lil&#039; Mushies collection the world of Miss Mindy Disney - TOY&#039;S MANIA\" \/>\n<meta property=\"og:description\" content=\"Nom : The World of Miss Lil&#8217; Mushies R\u00e9f\u00e9rence : 4060323 Dimensions :\u00a011,4 cm Mati\u00e8re : R\u00e9sine de pierre Le coffret de trois figurines &#8220;Lil&#8217; Mushies&#8221; de la collection The World of Miss Mindy combine des personnages d&#8217;enfance Fantastiques avec des rebondissements de conception uniques. Ces figurines capturent de petits champignons avec des d\u00e9tails vibrants... View Article\" \/>\n<meta property=\"og:url\" content=\"https:\/\/toysmaniacornermonaco.com\/en\/produit\/lil-mushies-collection-the-world-of-miss-mindy\/\" \/>\n<meta property=\"og:site_name\" content=\"TOY&#039;S MANIA\" \/>\n<meta property=\"article:modified_time\" content=\"2025-01-27T12:28:14+00:00\" \/>\n<meta property=\"og:image\" content=\"https:\/\/toysmaniacornermonaco.com\/wp-content\/uploads\/2025\/01\/6144FxoSY-L._AC_SX450_.jpg\" \/>\n\t<meta property=\"og:image:width\" content=\"450\" \/>\n\t<meta property=\"og:image:height\" content=\"407\" \/>\n\t<meta property=\"og:image:type\" content=\"image\/jpeg\" \/>\n<meta name=\"twitter:card\" content=\"summary_large_image\" \/>\n<meta name=\"twitter:label1\" content=\"Est. reading time\" \/>\n\t<meta name=\"twitter:data1\" content=\"1 minute\" \/>\n<script type=\"application\/ld+json\" class=\"yoast-schema-graph\">{\"@context\":\"https:\/\/schema.org\",\"@graph\":[{\"@type\":\"WebPage\",\"@id\":\"https:\/\/toysmaniacornermonaco.com\/en\/produit\/lil-mushies-collection-the-world-of-miss-mindy\/\",\"url\":\"https:\/\/toysmaniacornermonaco.com\/en\/produit\/lil-mushies-collection-the-world-of-miss-mindy\/\",\"name\":\"Lil' Mushies collection the world of Miss Mindy Disney - TOY&#039;S MANIA\",\"isPartOf\":{\"@id\":\"https:\/\/toysmaniacornermonaco.com\/#website\"},\"primaryImageOfPage\":{\"@id\":\"https:\/\/toysmaniacornermonaco.com\/en\/produit\/lil-mushies-collection-the-world-of-miss-mindy\/#primaryimage\"},\"image\":{\"@id\":\"https:\/\/toysmaniacornermonaco.com\/en\/produit\/lil-mushies-collection-the-world-of-miss-mindy\/#primaryimage\"},\"thumbnailUrl\":\"https:\/\/toysmaniacornermonaco.com\/wp-content\/uploads\/2025\/01\/6144FxoSY-L._AC_SX450_.jpg\",\"datePublished\":\"2025-01-26T15:58:34+00:00\",\"dateModified\":\"2025-01-27T12:28:14+00:00\",\"breadcrumb\":{\"@id\":\"https:\/\/toysmaniacornermonaco.com\/en\/produit\/lil-mushies-collection-the-world-of-miss-mindy\/#breadcrumb\"},\"inLanguage\":\"en-US\",\"potentialAction\":[{\"@type\":\"ReadAction\",\"target\":[\"https:\/\/toysmaniacornermonaco.com\/en\/produit\/lil-mushies-collection-the-world-of-miss-mindy\/\"]}]},{\"@type\":\"ImageObject\",\"inLanguage\":\"en-US\",\"@id\":\"https:\/\/toysmaniacornermonaco.com\/en\/produit\/lil-mushies-collection-the-world-of-miss-mindy\/#primaryimage\",\"url\":\"https:\/\/toysmaniacornermonaco.com\/wp-content\/uploads\/2025\/01\/6144FxoSY-L._AC_SX450_.jpg\",\"contentUrl\":\"https:\/\/toysmaniacornermonaco.com\/wp-content\/uploads\/2025\/01\/6144FxoSY-L._AC_SX450_.jpg\",\"width\":450,\"height\":407},{\"@type\":\"BreadcrumbList\",\"@id\":\"https:\/\/toysmaniacornermonaco.com\/en\/produit\/lil-mushies-collection-the-world-of-miss-mindy\/#breadcrumb\",\"itemListElement\":[{\"@type\":\"ListItem\",\"position\":1,\"name\":\"Accueil\",\"item\":\"https:\/\/toysmaniacornermonaco.com\/en\/\"},{\"@type\":\"ListItem\",\"position\":2,\"name\":\"Shop\",\"item\":\"https:\/\/toysmaniacornermonaco.com\/en\/shop\/\"},{\"@type\":\"ListItem\",\"position\":3,\"name\":\"Lil&#8217; Mushies collection the world of Miss Mindy Disney\"}]},{\"@type\":\"WebSite\",\"@id\":\"https:\/\/toysmaniacornermonaco.com\/#website\",\"url\":\"https:\/\/toysmaniacornermonaco.com\/\",\"name\":\"TOY&#039;S MANIA\",\"description\":\"VOTRE CONCEPT STORE \u00c0 MONACO\",\"potentialAction\":[{\"@type\":\"SearchAction\",\"target\":{\"@type\":\"EntryPoint\",\"urlTemplate\":\"https:\/\/toysmaniacornermonaco.com\/?s={search_term_string}\"},\"query-input\":\"required name=search_term_string\"}],\"inLanguage\":\"en-US\"}]}<\/script>\n<!-- \/ Yoast SEO plugin. -->","yoast_head_json":{"title":"Lil' Mushies collection the world of Miss Mindy Disney - TOY&#039;S MANIA","robots":{"index":"index","follow":"follow","max-snippet":"max-snippet:-1","max-image-preview":"max-image-preview:large","max-video-preview":"max-video-preview:-1"},"canonical":"https:\/\/toysmaniacornermonaco.com\/en\/produit\/lil-mushies-collection-the-world-of-miss-mindy\/","og_locale":"en_US","og_type":"article","og_title":"Lil' Mushies collection the world of Miss Mindy Disney - TOY&#039;S MANIA","og_description":"Nom : The World of Miss Lil&#8217; Mushies R\u00e9f\u00e9rence : 4060323 Dimensions :\u00a011,4 cm Mati\u00e8re : R\u00e9sine de pierre Le coffret de trois figurines &#8220;Lil&#8217; Mushies&#8221; de la collection The World of Miss Mindy combine des personnages d&#8217;enfance Fantastiques avec des rebondissements de conception uniques. Ces figurines capturent de petits champignons avec des d\u00e9tails vibrants... View Article","og_url":"https:\/\/toysmaniacornermonaco.com\/en\/produit\/lil-mushies-collection-the-world-of-miss-mindy\/","og_site_name":"TOY&#039;S MANIA","article_modified_time":"2025-01-27T12:28:14+00:00","og_image":[{"width":450,"height":407,"url":"https:\/\/toysmaniacornermonaco.com\/wp-content\/uploads\/2025\/01\/6144FxoSY-L._AC_SX450_.jpg","type":"image\/jpeg"}],"twitter_card":"summary_large_image","twitter_misc":{"Est. reading time":"1 minute"},"schema":{"@context":"https:\/\/schema.org","@graph":[{"@type":"WebPage","@id":"https:\/\/toysmaniacornermonaco.com\/en\/produit\/lil-mushies-collection-the-world-of-miss-mindy\/","url":"https:\/\/toysmaniacornermonaco.com\/en\/produit\/lil-mushies-collection-the-world-of-miss-mindy\/","name":"Lil' Mushies collection the world of Miss Mindy Disney - TOY&#039;S MANIA","isPartOf":{"@id":"https:\/\/toysmaniacornermonaco.com\/#website"},"primaryImageOfPage":{"@id":"https:\/\/toysmaniacornermonaco.com\/en\/produit\/lil-mushies-collection-the-world-of-miss-mindy\/#primaryimage"},"image":{"@id":"https:\/\/toysmaniacornermonaco.com\/en\/produit\/lil-mushies-collection-the-world-of-miss-mindy\/#primaryimage"},"thumbnailUrl":"https:\/\/toysmaniacornermonaco.com\/wp-content\/uploads\/2025\/01\/6144FxoSY-L._AC_SX450_.jpg","datePublished":"2025-01-26T15:58:34+00:00","dateModified":"2025-01-27T12:28:14+00:00","breadcrumb":{"@id":"https:\/\/toysmaniacornermonaco.com\/en\/produit\/lil-mushies-collection-the-world-of-miss-mindy\/#breadcrumb"},"inLanguage":"en-US","potentialAction":[{"@type":"ReadAction","target":["https:\/\/toysmaniacornermonaco.com\/en\/produit\/lil-mushies-collection-the-world-of-miss-mindy\/"]}]},{"@type":"ImageObject","inLanguage":"en-US","@id":"https:\/\/toysmaniacornermonaco.com\/en\/produit\/lil-mushies-collection-the-world-of-miss-mindy\/#primaryimage","url":"https:\/\/toysmaniacornermonaco.com\/wp-content\/uploads\/2025\/01\/6144FxoSY-L._AC_SX450_.jpg","contentUrl":"https:\/\/toysmaniacornermonaco.com\/wp-content\/uploads\/2025\/01\/6144FxoSY-L._AC_SX450_.jpg","width":450,"height":407},{"@type":"BreadcrumbList","@id":"https:\/\/toysmaniacornermonaco.com\/en\/produit\/lil-mushies-collection-the-world-of-miss-mindy\/#breadcrumb","itemListElement":[{"@type":"ListItem","position":1,"name":"Accueil","item":"https:\/\/toysmaniacornermonaco.com\/en\/"},{"@type":"ListItem","position":2,"name":"Shop","item":"https:\/\/toysmaniacornermonaco.com\/en\/shop\/"},{"@type":"ListItem","position":3,"name":"Lil&#8217; Mushies collection the world of Miss Mindy Disney"}]},{"@type":"WebSite","@id":"https:\/\/toysmaniacornermonaco.com\/#website","url":"https:\/\/toysmaniacornermonaco.com\/","name":"TOY&#039;S MANIA","description":"VOTRE CONCEPT STORE \u00c0 MONACO","potentialAction":[{"@type":"SearchAction","target":{"@type":"EntryPoint","urlTemplate":"https:\/\/toysmaniacornermonaco.com\/?s={search_term_string}"},"query-input":"required name=search_term_string"}],"inLanguage":"en-US"}]}},"_links":{"self":[{"href":"https:\/\/toysmaniacornermonaco.com\/en\/wp-json\/wp\/v2\/product\/5355","targetHints":{"allow":["GET"]}}],"collection":[{"href":"https:\/\/toysmaniacornermonaco.com\/en\/wp-json\/wp\/v2\/product"}],"about":[{"href":"https:\/\/toysmaniacornermonaco.com\/en\/wp-json\/wp\/v2\/types\/product"}],"replies":[{"embeddable":true,"href":"https:\/\/toysmaniacornermonaco.com\/en\/wp-json\/wp\/v2\/comments?post=5355"}],"wp:featuredmedia":[{"embeddable":true,"href":"https:\/\/toysmaniacornermonaco.com\/en\/wp-json\/wp\/v2\/media\/5357"}],"wp:attachment":[{"href":"https:\/\/toysmaniacornermonaco.com\/en\/wp-json\/wp\/v2\/media?parent=5355"}],"wp:term":[{"taxonomy":"product_cat","embeddable":true,"href":"https:\/\/toysmaniacornermonaco.com\/en\/wp-json\/wp\/v2\/product_cat?post=5355"},{"taxonomy":"product_tag","embeddable":true,"href":"https:\/\/toysmaniacornermonaco.com\/en\/wp-json\/wp\/v2\/product_tag?post=5355"}],"curies":[{"name":"wp","href":"https:\/\/api.w.org\/{rel}","templated":true}]}}