{"id":5374,"date":"2025-01-27T13:11:02","date_gmt":"2025-01-27T12:11:02","guid":{"rendered":"https:\/\/toysmaniacornermonaco.com\/?post_type=product&#038;p=5374"},"modified":"2025-01-27T13:26:46","modified_gmt":"2025-01-27T12:26:46","slug":"grande-theiere-britto-ours-en-peluche","status":"publish","type":"product","link":"https:\/\/toysmaniacornermonaco.com\/en\/produit\/grande-theiere-britto-ours-en-peluche\/","title":{"rendered":"Grande th\u00e9i\u00e8re Britto : Ours en peluche"},"content":{"rendered":"<p>Nom : Th\u00e9i\u00e8re ours en peluche \/ Large Teapot-Bear<\/p>\n<p>Hauteur : 20 cm<\/p>\n<p>Mati\u00e8re : R\u00e9sine de pierre<\/p>\n<p>designer: Britto<\/p>\n<p>La th\u00e9i\u00e8re en c\u00e9ramique Romero Britto, d&#8217;une capacit\u00e9 de 1,4 litre, pr\u00e9sente le c\u00e9l\u00e8bre motif d&#8217;ours en peluche de l&#8217;artiste pop embl\u00e9matique Romero Britto, caract\u00e9ris\u00e9 par son utilisation de couleurs vives et de graphismes audacieux. Approuv\u00e9e par la FDA et sans danger pour les aliments, cette th\u00e9i\u00e8re est con\u00e7ue pour \u00eatre pratique et artistique. Elle n\u00e9cessite un lavage \u00e0 la main pour pr\u00e9server ses couleurs \u00e9clatantes et ses d\u00e9tails uniques.<\/p>\n<p>&nbsp;<\/p>\n<p>&nbsp;<\/p>\n","protected":false},"excerpt":{"rendered":"Nom : Th\u00e9i\u00e8re ours en peluche \/ Large Teapot-Bear Hauteur : 20 cm Mati\u00e8re : R\u00e9sine de pierre designer: Britto La th\u00e9i\u00e8re en c\u00e9ramique Romero Britto, d&#8217;une capacit\u00e9 de 1,4 litre, pr\u00e9sente le c\u00e9l\u00e8bre motif d&#8217;ours en peluche de l&#8217;artiste pop embl\u00e9matique Romero Britto, caract\u00e9ris\u00e9 par son utilisation de couleurs vives et de graphismes audacieux&#8230;. <a class=\"view-article\" href=\"https:\/\/toysmaniacornermonaco.com\/en\/produit\/grande-theiere-britto-ours-en-peluche\/\">View Article<\/a>","protected":false},"featured_media":5376,"comment_status":"open","ping_status":"closed","template":"","meta":{"_acf_changed":false},"product_cat":[381,385],"product_tag":[],"class_list":{"0":"post-5374","1":"product","2":"type-product","3":"status-publish","4":"has-post-thumbnail","6":"product_cat-decoration-en","7":"product_cat-games-and-toys","8":"product_shipping_class-moyencolis-en","10":"first","11":"instock","12":"taxable","13":"shipping-taxable","14":"purchasable","15":"product-type-simple"},"acf":[],"yoast_head":"<!-- This site is optimized with the Yoast SEO plugin v22.3 - https:\/\/yoast.com\/wordpress\/plugins\/seo\/ -->\n<title>Grande th\u00e9i\u00e8re Britto : Ours en peluche - TOY&#039;S MANIA<\/title>\n<meta name=\"robots\" content=\"index, follow, max-snippet:-1, max-image-preview:large, max-video-preview:-1\" \/>\n<link rel=\"canonical\" href=\"https:\/\/toysmaniacornermonaco.com\/en\/produit\/grande-theiere-britto-ours-en-peluche\/\" \/>\n<meta property=\"og:locale\" content=\"en_US\" \/>\n<meta property=\"og:type\" content=\"article\" \/>\n<meta property=\"og:title\" content=\"Grande th\u00e9i\u00e8re Britto : Ours en peluche - TOY&#039;S MANIA\" \/>\n<meta property=\"og:description\" content=\"Nom : Th\u00e9i\u00e8re ours en peluche \/ Large Teapot-Bear Hauteur : 20 cm Mati\u00e8re : R\u00e9sine de pierre designer: Britto La th\u00e9i\u00e8re en c\u00e9ramique Romero Britto, d&#8217;une capacit\u00e9 de 1,4 litre, pr\u00e9sente le c\u00e9l\u00e8bre motif d&#8217;ours en peluche de l&#8217;artiste pop embl\u00e9matique Romero Britto, caract\u00e9ris\u00e9 par son utilisation de couleurs vives et de graphismes audacieux.... View Article\" \/>\n<meta property=\"og:url\" content=\"https:\/\/toysmaniacornermonaco.com\/en\/produit\/grande-theiere-britto-ours-en-peluche\/\" \/>\n<meta property=\"og:site_name\" content=\"TOY&#039;S MANIA\" \/>\n<meta property=\"article:modified_time\" content=\"2025-01-27T12:26:46+00:00\" \/>\n<meta property=\"og:image\" content=\"https:\/\/toysmaniacornermonaco.com\/wp-content\/uploads\/2025\/01\/Image3.png\" \/>\n\t<meta property=\"og:image:width\" content=\"538\" \/>\n\t<meta property=\"og:image:height\" content=\"646\" \/>\n\t<meta property=\"og:image:type\" content=\"image\/png\" \/>\n<meta name=\"twitter:card\" content=\"summary_large_image\" \/>\n<meta name=\"twitter:label1\" content=\"Est. reading time\" \/>\n\t<meta name=\"twitter:data1\" content=\"1 minute\" \/>\n<script type=\"application\/ld+json\" class=\"yoast-schema-graph\">{\"@context\":\"https:\/\/schema.org\",\"@graph\":[{\"@type\":\"WebPage\",\"@id\":\"https:\/\/toysmaniacornermonaco.com\/en\/produit\/grande-theiere-britto-ours-en-peluche\/\",\"url\":\"https:\/\/toysmaniacornermonaco.com\/en\/produit\/grande-theiere-britto-ours-en-peluche\/\",\"name\":\"Grande th\u00e9i\u00e8re Britto : Ours en peluche - TOY&#039;S MANIA\",\"isPartOf\":{\"@id\":\"https:\/\/toysmaniacornermonaco.com\/#website\"},\"primaryImageOfPage\":{\"@id\":\"https:\/\/toysmaniacornermonaco.com\/en\/produit\/grande-theiere-britto-ours-en-peluche\/#primaryimage\"},\"image\":{\"@id\":\"https:\/\/toysmaniacornermonaco.com\/en\/produit\/grande-theiere-britto-ours-en-peluche\/#primaryimage\"},\"thumbnailUrl\":\"https:\/\/toysmaniacornermonaco.com\/wp-content\/uploads\/2025\/01\/Image3.png\",\"datePublished\":\"2025-01-27T12:11:02+00:00\",\"dateModified\":\"2025-01-27T12:26:46+00:00\",\"breadcrumb\":{\"@id\":\"https:\/\/toysmaniacornermonaco.com\/en\/produit\/grande-theiere-britto-ours-en-peluche\/#breadcrumb\"},\"inLanguage\":\"en-US\",\"potentialAction\":[{\"@type\":\"ReadAction\",\"target\":[\"https:\/\/toysmaniacornermonaco.com\/en\/produit\/grande-theiere-britto-ours-en-peluche\/\"]}]},{\"@type\":\"ImageObject\",\"inLanguage\":\"en-US\",\"@id\":\"https:\/\/toysmaniacornermonaco.com\/en\/produit\/grande-theiere-britto-ours-en-peluche\/#primaryimage\",\"url\":\"https:\/\/toysmaniacornermonaco.com\/wp-content\/uploads\/2025\/01\/Image3.png\",\"contentUrl\":\"https:\/\/toysmaniacornermonaco.com\/wp-content\/uploads\/2025\/01\/Image3.png\",\"width\":538,\"height\":646},{\"@type\":\"BreadcrumbList\",\"@id\":\"https:\/\/toysmaniacornermonaco.com\/en\/produit\/grande-theiere-britto-ours-en-peluche\/#breadcrumb\",\"itemListElement\":[{\"@type\":\"ListItem\",\"position\":1,\"name\":\"Accueil\",\"item\":\"https:\/\/toysmaniacornermonaco.com\/en\/\"},{\"@type\":\"ListItem\",\"position\":2,\"name\":\"Shop\",\"item\":\"https:\/\/toysmaniacornermonaco.com\/en\/shop\/\"},{\"@type\":\"ListItem\",\"position\":3,\"name\":\"Grande th\u00e9i\u00e8re Britto : Ours en peluche\"}]},{\"@type\":\"WebSite\",\"@id\":\"https:\/\/toysmaniacornermonaco.com\/#website\",\"url\":\"https:\/\/toysmaniacornermonaco.com\/\",\"name\":\"TOY&#039;S MANIA\",\"description\":\"VOTRE CONCEPT STORE \u00c0 MONACO\",\"potentialAction\":[{\"@type\":\"SearchAction\",\"target\":{\"@type\":\"EntryPoint\",\"urlTemplate\":\"https:\/\/toysmaniacornermonaco.com\/?s={search_term_string}\"},\"query-input\":\"required name=search_term_string\"}],\"inLanguage\":\"en-US\"}]}<\/script>\n<!-- \/ Yoast SEO plugin. -->","yoast_head_json":{"title":"Grande th\u00e9i\u00e8re Britto : Ours en peluche - TOY&#039;S MANIA","robots":{"index":"index","follow":"follow","max-snippet":"max-snippet:-1","max-image-preview":"max-image-preview:large","max-video-preview":"max-video-preview:-1"},"canonical":"https:\/\/toysmaniacornermonaco.com\/en\/produit\/grande-theiere-britto-ours-en-peluche\/","og_locale":"en_US","og_type":"article","og_title":"Grande th\u00e9i\u00e8re Britto : Ours en peluche - TOY&#039;S MANIA","og_description":"Nom : Th\u00e9i\u00e8re ours en peluche \/ Large Teapot-Bear Hauteur : 20 cm Mati\u00e8re : R\u00e9sine de pierre designer: Britto La th\u00e9i\u00e8re en c\u00e9ramique Romero Britto, d&#8217;une capacit\u00e9 de 1,4 litre, pr\u00e9sente le c\u00e9l\u00e8bre motif d&#8217;ours en peluche de l&#8217;artiste pop embl\u00e9matique Romero Britto, caract\u00e9ris\u00e9 par son utilisation de couleurs vives et de graphismes audacieux.... View Article","og_url":"https:\/\/toysmaniacornermonaco.com\/en\/produit\/grande-theiere-britto-ours-en-peluche\/","og_site_name":"TOY&#039;S MANIA","article_modified_time":"2025-01-27T12:26:46+00:00","og_image":[{"width":538,"height":646,"url":"https:\/\/toysmaniacornermonaco.com\/wp-content\/uploads\/2025\/01\/Image3.png","type":"image\/png"}],"twitter_card":"summary_large_image","twitter_misc":{"Est. reading time":"1 minute"},"schema":{"@context":"https:\/\/schema.org","@graph":[{"@type":"WebPage","@id":"https:\/\/toysmaniacornermonaco.com\/en\/produit\/grande-theiere-britto-ours-en-peluche\/","url":"https:\/\/toysmaniacornermonaco.com\/en\/produit\/grande-theiere-britto-ours-en-peluche\/","name":"Grande th\u00e9i\u00e8re Britto : Ours en peluche - TOY&#039;S MANIA","isPartOf":{"@id":"https:\/\/toysmaniacornermonaco.com\/#website"},"primaryImageOfPage":{"@id":"https:\/\/toysmaniacornermonaco.com\/en\/produit\/grande-theiere-britto-ours-en-peluche\/#primaryimage"},"image":{"@id":"https:\/\/toysmaniacornermonaco.com\/en\/produit\/grande-theiere-britto-ours-en-peluche\/#primaryimage"},"thumbnailUrl":"https:\/\/toysmaniacornermonaco.com\/wp-content\/uploads\/2025\/01\/Image3.png","datePublished":"2025-01-27T12:11:02+00:00","dateModified":"2025-01-27T12:26:46+00:00","breadcrumb":{"@id":"https:\/\/toysmaniacornermonaco.com\/en\/produit\/grande-theiere-britto-ours-en-peluche\/#breadcrumb"},"inLanguage":"en-US","potentialAction":[{"@type":"ReadAction","target":["https:\/\/toysmaniacornermonaco.com\/en\/produit\/grande-theiere-britto-ours-en-peluche\/"]}]},{"@type":"ImageObject","inLanguage":"en-US","@id":"https:\/\/toysmaniacornermonaco.com\/en\/produit\/grande-theiere-britto-ours-en-peluche\/#primaryimage","url":"https:\/\/toysmaniacornermonaco.com\/wp-content\/uploads\/2025\/01\/Image3.png","contentUrl":"https:\/\/toysmaniacornermonaco.com\/wp-content\/uploads\/2025\/01\/Image3.png","width":538,"height":646},{"@type":"BreadcrumbList","@id":"https:\/\/toysmaniacornermonaco.com\/en\/produit\/grande-theiere-britto-ours-en-peluche\/#breadcrumb","itemListElement":[{"@type":"ListItem","position":1,"name":"Accueil","item":"https:\/\/toysmaniacornermonaco.com\/en\/"},{"@type":"ListItem","position":2,"name":"Shop","item":"https:\/\/toysmaniacornermonaco.com\/en\/shop\/"},{"@type":"ListItem","position":3,"name":"Grande th\u00e9i\u00e8re Britto : Ours en peluche"}]},{"@type":"WebSite","@id":"https:\/\/toysmaniacornermonaco.com\/#website","url":"https:\/\/toysmaniacornermonaco.com\/","name":"TOY&#039;S MANIA","description":"VOTRE CONCEPT STORE \u00c0 MONACO","potentialAction":[{"@type":"SearchAction","target":{"@type":"EntryPoint","urlTemplate":"https:\/\/toysmaniacornermonaco.com\/?s={search_term_string}"},"query-input":"required name=search_term_string"}],"inLanguage":"en-US"}]}},"_links":{"self":[{"href":"https:\/\/toysmaniacornermonaco.com\/en\/wp-json\/wp\/v2\/product\/5374","targetHints":{"allow":["GET"]}}],"collection":[{"href":"https:\/\/toysmaniacornermonaco.com\/en\/wp-json\/wp\/v2\/product"}],"about":[{"href":"https:\/\/toysmaniacornermonaco.com\/en\/wp-json\/wp\/v2\/types\/product"}],"replies":[{"embeddable":true,"href":"https:\/\/toysmaniacornermonaco.com\/en\/wp-json\/wp\/v2\/comments?post=5374"}],"wp:featuredmedia":[{"embeddable":true,"href":"https:\/\/toysmaniacornermonaco.com\/en\/wp-json\/wp\/v2\/media\/5376"}],"wp:attachment":[{"href":"https:\/\/toysmaniacornermonaco.com\/en\/wp-json\/wp\/v2\/media?parent=5374"}],"wp:term":[{"taxonomy":"product_cat","embeddable":true,"href":"https:\/\/toysmaniacornermonaco.com\/en\/wp-json\/wp\/v2\/product_cat?post=5374"},{"taxonomy":"product_tag","embeddable":true,"href":"https:\/\/toysmaniacornermonaco.com\/en\/wp-json\/wp\/v2\/product_tag?post=5374"}],"curies":[{"name":"wp","href":"https:\/\/api.w.org\/{rel}","templated":true}]}}