{"id":5386,"date":"2025-01-27T13:40:36","date_gmt":"2025-01-27T12:40:36","guid":{"rendered":"https:\/\/toysmaniacornermonaco.com\/?post_type=product&#038;p=5386"},"modified":"2025-01-27T13:42:04","modified_gmt":"2025-01-27T12:42:04","slug":"parker-chien-snoo-street-art-couleurs-chaudes","status":"publish","type":"product","link":"https:\/\/toysmaniacornermonaco.com\/en\/produit\/parker-chien-snoo-street-art-couleurs-chaudes\/","title":{"rendered":"&#8220;Parker Chien Snoo Street Art&#8221; , COULEURS CHAUDES"},"content":{"rendered":"<p>Nom : \u00a0&#8220;Parker Chien Snoo Street Art&#8221;, COULEURS CHAUDES<\/p>\n<p>Taille : 11 cm<\/p>\n<p>Mati\u00e8re : R\u00e9sine de pierre<\/p>\n<p>designer: Inconnu<\/p>\n<p>La sculpture intitul\u00e9e &#8220;Parker Chien Snoo Street Art&#8221; est une statue en r\u00e9sine de 11 cm de hauteur, con\u00e7ue pour une utilisation en ext\u00e9rieur. Elle repr\u00e9sente un chien dans un style street art, caract\u00e9ris\u00e9 par des motifs color\u00e9s et des finitions laqu\u00e9es. Fabriqu\u00e9e en r\u00e9sine \u00e9poxy, elle est r\u00e9sistante et durable, adapt\u00e9e \u00e0 une exposition ext\u00e9rieure. Cette statue n\u2019est pas toujours explicitement attribu\u00e9e \u00e0 un artiste particulier, mais elle est souvent associ\u00e9e \u00e0 des collections inspir\u00e9es du street art moderne. Si elle fait partie d\u2019une s\u00e9rie de cr\u00e9ations similaires \u00e0 celles de Laure Terrier ou d\u2019artistes contemporains sp\u00e9cialis\u00e9s dans les objets d\u00e9coratifs, l\u2019artiste peut varier selon le distributeur.<\/p>\n<p>&nbsp;<\/p>\n","protected":false},"excerpt":{"rendered":"Nom : \u00a0&#8220;Parker Chien Snoo Street Art&#8221;, COULEURS CHAUDES Taille : 11 cm Mati\u00e8re : R\u00e9sine de pierre designer: Inconnu La sculpture intitul\u00e9e &#8220;Parker Chien Snoo Street Art&#8221; est une statue en r\u00e9sine de 11 cm de hauteur, con\u00e7ue pour une utilisation en ext\u00e9rieur. Elle repr\u00e9sente un chien dans un style street art, caract\u00e9ris\u00e9 par&#8230; <a class=\"view-article\" href=\"https:\/\/toysmaniacornermonaco.com\/en\/produit\/parker-chien-snoo-street-art-couleurs-chaudes\/\">View Article<\/a>","protected":false},"featured_media":5384,"comment_status":"open","ping_status":"closed","template":"","meta":{"_acf_changed":false},"product_cat":[381,385],"product_tag":[],"class_list":{"0":"post-5386","1":"product","2":"type-product","3":"status-publish","4":"has-post-thumbnail","6":"idee_cadeau-men","7":"idee_cadeau-women","8":"product_cat-decoration-en","9":"product_cat-games-and-toys","10":"product_shipping_class-moyencolis-en","12":"first","13":"instock","14":"taxable","15":"shipping-taxable","16":"purchasable","17":"product-type-simple"},"acf":[],"yoast_head":"<!-- This site is optimized with the Yoast SEO plugin v22.3 - https:\/\/yoast.com\/wordpress\/plugins\/seo\/ -->\n<title>&quot;Parker Chien Snoo Street Art&quot; , COULEURS CHAUDES - TOY&#039;S MANIA<\/title>\n<meta name=\"robots\" content=\"index, follow, max-snippet:-1, max-image-preview:large, max-video-preview:-1\" \/>\n<link rel=\"canonical\" href=\"https:\/\/toysmaniacornermonaco.com\/en\/produit\/parker-chien-snoo-street-art-couleurs-chaudes\/\" \/>\n<meta property=\"og:locale\" content=\"en_US\" \/>\n<meta property=\"og:type\" content=\"article\" \/>\n<meta property=\"og:title\" content=\"&quot;Parker Chien Snoo Street Art&quot; , COULEURS CHAUDES - TOY&#039;S MANIA\" \/>\n<meta property=\"og:description\" content=\"Nom : \u00a0&#8220;Parker Chien Snoo Street Art&#8221;, COULEURS CHAUDES Taille : 11 cm Mati\u00e8re : R\u00e9sine de pierre designer: Inconnu La sculpture intitul\u00e9e &#8220;Parker Chien Snoo Street Art&#8221; est une statue en r\u00e9sine de 11 cm de hauteur, con\u00e7ue pour une utilisation en ext\u00e9rieur. Elle repr\u00e9sente un chien dans un style street art, caract\u00e9ris\u00e9 par... View Article\" \/>\n<meta property=\"og:url\" content=\"https:\/\/toysmaniacornermonaco.com\/en\/produit\/parker-chien-snoo-street-art-couleurs-chaudes\/\" \/>\n<meta property=\"og:site_name\" content=\"TOY&#039;S MANIA\" \/>\n<meta property=\"article:modified_time\" content=\"2025-01-27T12:42:04+00:00\" \/>\n<meta property=\"og:image\" content=\"https:\/\/toysmaniacornermonaco.com\/wp-content\/uploads\/2025\/01\/parker-chien-snoo-street-art-hauteur-12-cm-statue-en-resine-pour-exterieur.jpg\" \/>\n\t<meta property=\"og:image:width\" content=\"800\" \/>\n\t<meta property=\"og:image:height\" content=\"800\" \/>\n\t<meta property=\"og:image:type\" content=\"image\/jpeg\" \/>\n<meta name=\"twitter:card\" content=\"summary_large_image\" \/>\n<meta name=\"twitter:label1\" content=\"Est. reading time\" \/>\n\t<meta name=\"twitter:data1\" content=\"1 minute\" \/>\n<script type=\"application\/ld+json\" class=\"yoast-schema-graph\">{\"@context\":\"https:\/\/schema.org\",\"@graph\":[{\"@type\":\"WebPage\",\"@id\":\"https:\/\/toysmaniacornermonaco.com\/en\/produit\/parker-chien-snoo-street-art-couleurs-chaudes\/\",\"url\":\"https:\/\/toysmaniacornermonaco.com\/en\/produit\/parker-chien-snoo-street-art-couleurs-chaudes\/\",\"name\":\"\\\"Parker Chien Snoo Street Art\\\" , COULEURS CHAUDES - TOY&#039;S MANIA\",\"isPartOf\":{\"@id\":\"https:\/\/toysmaniacornermonaco.com\/#website\"},\"primaryImageOfPage\":{\"@id\":\"https:\/\/toysmaniacornermonaco.com\/en\/produit\/parker-chien-snoo-street-art-couleurs-chaudes\/#primaryimage\"},\"image\":{\"@id\":\"https:\/\/toysmaniacornermonaco.com\/en\/produit\/parker-chien-snoo-street-art-couleurs-chaudes\/#primaryimage\"},\"thumbnailUrl\":\"https:\/\/toysmaniacornermonaco.com\/wp-content\/uploads\/2025\/01\/parker-chien-snoo-street-art-hauteur-12-cm-statue-en-resine-pour-exterieur.jpg\",\"datePublished\":\"2025-01-27T12:40:36+00:00\",\"dateModified\":\"2025-01-27T12:42:04+00:00\",\"breadcrumb\":{\"@id\":\"https:\/\/toysmaniacornermonaco.com\/en\/produit\/parker-chien-snoo-street-art-couleurs-chaudes\/#breadcrumb\"},\"inLanguage\":\"en-US\",\"potentialAction\":[{\"@type\":\"ReadAction\",\"target\":[\"https:\/\/toysmaniacornermonaco.com\/en\/produit\/parker-chien-snoo-street-art-couleurs-chaudes\/\"]}]},{\"@type\":\"ImageObject\",\"inLanguage\":\"en-US\",\"@id\":\"https:\/\/toysmaniacornermonaco.com\/en\/produit\/parker-chien-snoo-street-art-couleurs-chaudes\/#primaryimage\",\"url\":\"https:\/\/toysmaniacornermonaco.com\/wp-content\/uploads\/2025\/01\/parker-chien-snoo-street-art-hauteur-12-cm-statue-en-resine-pour-exterieur.jpg\",\"contentUrl\":\"https:\/\/toysmaniacornermonaco.com\/wp-content\/uploads\/2025\/01\/parker-chien-snoo-street-art-hauteur-12-cm-statue-en-resine-pour-exterieur.jpg\",\"width\":800,\"height\":800},{\"@type\":\"BreadcrumbList\",\"@id\":\"https:\/\/toysmaniacornermonaco.com\/en\/produit\/parker-chien-snoo-street-art-couleurs-chaudes\/#breadcrumb\",\"itemListElement\":[{\"@type\":\"ListItem\",\"position\":1,\"name\":\"Accueil\",\"item\":\"https:\/\/toysmaniacornermonaco.com\/en\/\"},{\"@type\":\"ListItem\",\"position\":2,\"name\":\"Shop\",\"item\":\"https:\/\/toysmaniacornermonaco.com\/en\/shop\/\"},{\"@type\":\"ListItem\",\"position\":3,\"name\":\"&#8220;Parker Chien Snoo Street Art&#8221; , COULEURS CHAUDES\"}]},{\"@type\":\"WebSite\",\"@id\":\"https:\/\/toysmaniacornermonaco.com\/#website\",\"url\":\"https:\/\/toysmaniacornermonaco.com\/\",\"name\":\"TOY&#039;S MANIA\",\"description\":\"VOTRE CONCEPT STORE \u00c0 MONACO\",\"potentialAction\":[{\"@type\":\"SearchAction\",\"target\":{\"@type\":\"EntryPoint\",\"urlTemplate\":\"https:\/\/toysmaniacornermonaco.com\/?s={search_term_string}\"},\"query-input\":\"required name=search_term_string\"}],\"inLanguage\":\"en-US\"}]}<\/script>\n<!-- \/ Yoast SEO plugin. -->","yoast_head_json":{"title":"\"Parker Chien Snoo Street Art\" , COULEURS CHAUDES - TOY&#039;S MANIA","robots":{"index":"index","follow":"follow","max-snippet":"max-snippet:-1","max-image-preview":"max-image-preview:large","max-video-preview":"max-video-preview:-1"},"canonical":"https:\/\/toysmaniacornermonaco.com\/en\/produit\/parker-chien-snoo-street-art-couleurs-chaudes\/","og_locale":"en_US","og_type":"article","og_title":"\"Parker Chien Snoo Street Art\" , COULEURS CHAUDES - TOY&#039;S MANIA","og_description":"Nom : \u00a0&#8220;Parker Chien Snoo Street Art&#8221;, COULEURS CHAUDES Taille : 11 cm Mati\u00e8re : R\u00e9sine de pierre designer: Inconnu La sculpture intitul\u00e9e &#8220;Parker Chien Snoo Street Art&#8221; est une statue en r\u00e9sine de 11 cm de hauteur, con\u00e7ue pour une utilisation en ext\u00e9rieur. Elle repr\u00e9sente un chien dans un style street art, caract\u00e9ris\u00e9 par... View Article","og_url":"https:\/\/toysmaniacornermonaco.com\/en\/produit\/parker-chien-snoo-street-art-couleurs-chaudes\/","og_site_name":"TOY&#039;S MANIA","article_modified_time":"2025-01-27T12:42:04+00:00","og_image":[{"width":800,"height":800,"url":"https:\/\/toysmaniacornermonaco.com\/wp-content\/uploads\/2025\/01\/parker-chien-snoo-street-art-hauteur-12-cm-statue-en-resine-pour-exterieur.jpg","type":"image\/jpeg"}],"twitter_card":"summary_large_image","twitter_misc":{"Est. reading time":"1 minute"},"schema":{"@context":"https:\/\/schema.org","@graph":[{"@type":"WebPage","@id":"https:\/\/toysmaniacornermonaco.com\/en\/produit\/parker-chien-snoo-street-art-couleurs-chaudes\/","url":"https:\/\/toysmaniacornermonaco.com\/en\/produit\/parker-chien-snoo-street-art-couleurs-chaudes\/","name":"\"Parker Chien Snoo Street Art\" , COULEURS CHAUDES - TOY&#039;S MANIA","isPartOf":{"@id":"https:\/\/toysmaniacornermonaco.com\/#website"},"primaryImageOfPage":{"@id":"https:\/\/toysmaniacornermonaco.com\/en\/produit\/parker-chien-snoo-street-art-couleurs-chaudes\/#primaryimage"},"image":{"@id":"https:\/\/toysmaniacornermonaco.com\/en\/produit\/parker-chien-snoo-street-art-couleurs-chaudes\/#primaryimage"},"thumbnailUrl":"https:\/\/toysmaniacornermonaco.com\/wp-content\/uploads\/2025\/01\/parker-chien-snoo-street-art-hauteur-12-cm-statue-en-resine-pour-exterieur.jpg","datePublished":"2025-01-27T12:40:36+00:00","dateModified":"2025-01-27T12:42:04+00:00","breadcrumb":{"@id":"https:\/\/toysmaniacornermonaco.com\/en\/produit\/parker-chien-snoo-street-art-couleurs-chaudes\/#breadcrumb"},"inLanguage":"en-US","potentialAction":[{"@type":"ReadAction","target":["https:\/\/toysmaniacornermonaco.com\/en\/produit\/parker-chien-snoo-street-art-couleurs-chaudes\/"]}]},{"@type":"ImageObject","inLanguage":"en-US","@id":"https:\/\/toysmaniacornermonaco.com\/en\/produit\/parker-chien-snoo-street-art-couleurs-chaudes\/#primaryimage","url":"https:\/\/toysmaniacornermonaco.com\/wp-content\/uploads\/2025\/01\/parker-chien-snoo-street-art-hauteur-12-cm-statue-en-resine-pour-exterieur.jpg","contentUrl":"https:\/\/toysmaniacornermonaco.com\/wp-content\/uploads\/2025\/01\/parker-chien-snoo-street-art-hauteur-12-cm-statue-en-resine-pour-exterieur.jpg","width":800,"height":800},{"@type":"BreadcrumbList","@id":"https:\/\/toysmaniacornermonaco.com\/en\/produit\/parker-chien-snoo-street-art-couleurs-chaudes\/#breadcrumb","itemListElement":[{"@type":"ListItem","position":1,"name":"Accueil","item":"https:\/\/toysmaniacornermonaco.com\/en\/"},{"@type":"ListItem","position":2,"name":"Shop","item":"https:\/\/toysmaniacornermonaco.com\/en\/shop\/"},{"@type":"ListItem","position":3,"name":"&#8220;Parker Chien Snoo Street Art&#8221; , COULEURS CHAUDES"}]},{"@type":"WebSite","@id":"https:\/\/toysmaniacornermonaco.com\/#website","url":"https:\/\/toysmaniacornermonaco.com\/","name":"TOY&#039;S MANIA","description":"VOTRE CONCEPT STORE \u00c0 MONACO","potentialAction":[{"@type":"SearchAction","target":{"@type":"EntryPoint","urlTemplate":"https:\/\/toysmaniacornermonaco.com\/?s={search_term_string}"},"query-input":"required name=search_term_string"}],"inLanguage":"en-US"}]}},"_links":{"self":[{"href":"https:\/\/toysmaniacornermonaco.com\/en\/wp-json\/wp\/v2\/product\/5386","targetHints":{"allow":["GET"]}}],"collection":[{"href":"https:\/\/toysmaniacornermonaco.com\/en\/wp-json\/wp\/v2\/product"}],"about":[{"href":"https:\/\/toysmaniacornermonaco.com\/en\/wp-json\/wp\/v2\/types\/product"}],"replies":[{"embeddable":true,"href":"https:\/\/toysmaniacornermonaco.com\/en\/wp-json\/wp\/v2\/comments?post=5386"}],"wp:featuredmedia":[{"embeddable":true,"href":"https:\/\/toysmaniacornermonaco.com\/en\/wp-json\/wp\/v2\/media\/5384"}],"wp:attachment":[{"href":"https:\/\/toysmaniacornermonaco.com\/en\/wp-json\/wp\/v2\/media?parent=5386"}],"wp:term":[{"taxonomy":"product_cat","embeddable":true,"href":"https:\/\/toysmaniacornermonaco.com\/en\/wp-json\/wp\/v2\/product_cat?post=5386"},{"taxonomy":"product_tag","embeddable":true,"href":"https:\/\/toysmaniacornermonaco.com\/en\/wp-json\/wp\/v2\/product_tag?post=5386"}],"curies":[{"name":"wp","href":"https:\/\/api.w.org\/{rel}","templated":true}]}}