{"id":5476,"date":"2025-02-02T12:35:39","date_gmt":"2025-02-02T11:35:39","guid":{"rendered":"https:\/\/toysmaniacornermonaco.com\/?post_type=product&#038;p=5476"},"modified":"2025-02-02T12:35:39","modified_gmt":"2025-02-02T11:35:39","slug":"lamborgini-sian-hybride-jaune-noir-1-18","status":"publish","type":"product","link":"https:\/\/toysmaniacornermonaco.com\/en\/produit\/lamborgini-sian-hybride-jaune-noir-1-18\/","title":{"rendered":"LAMBORGINI SIAN HYBRIDE JAUNE\/NOIR 1\/18"},"content":{"rendered":"<p><strong>Nom<\/strong> :\u200eLAMBORGHINI SIAN HYBRIDE JAUNE\/NOIR<\/p>\n<p><strong>Marque<\/strong> : Bburago\/ Lamborghini<br \/>\n<strong>R\u00e9f\u00e9rence<\/strong> : 11100<br \/>\n<strong>Dimensions<\/strong> : \u200e17,5 x 29,8 x 12 cm; 968 grammes<br \/>\n<strong>Mati\u00e8re<\/strong> : M\u00e9tal moul\u00e9 sous pression avec pi\u00e8ces en plastique<\/p>\n<p>La \u200eLAMBORGHINI SIAN HYBRIDE JAUNE\/NOIR \u00a0est une r\u00e9plique fid\u00e8le du tout premier supercar hybride de Lamborghini. Ce mod\u00e8le r\u00e9duit en m\u00e9tal moul\u00e9 sous pression se distingue par ses finitions d\u00e9taill\u00e9es, ses portes ouvrantes et son int\u00e9rieur soign\u00e9. Son design futuriste et a\u00e9rodynamique en fait un objet de collection incontournable pour les passionn\u00e9s d\u2019automobiles de luxe. Id\u00e9ale pour l\u2019exposition ou comme cadeau pour les amateurs de voitures d\u2019exception.<\/p>\n","protected":false},"excerpt":{"rendered":"&nbsp;","protected":false},"featured_media":5479,"comment_status":"closed","ping_status":"closed","template":"","meta":{"_acf_changed":false},"product_cat":[380,384],"product_tag":[],"class_list":{"0":"post-5476","1":"product","2":"type-product","3":"status-publish","4":"has-post-thumbnail","6":"marque-bburago","7":"marque-lamborghini","8":"product_cat-decoration","9":"product_cat-jeux-et-jouets","11":"first","12":"instock","13":"taxable","14":"shipping-taxable","15":"purchasable","16":"product-type-simple"},"acf":[],"yoast_head":"<!-- This site is optimized with the Yoast SEO plugin v22.3 - https:\/\/yoast.com\/wordpress\/plugins\/seo\/ -->\n<title>LAMBORGINI SIAN HYBRIDE JAUNE\/NOIR 1\/18 - TOY&#039;S MANIA<\/title>\n<meta name=\"robots\" content=\"index, follow, max-snippet:-1, max-image-preview:large, max-video-preview:-1\" \/>\n<link rel=\"canonical\" href=\"https:\/\/toysmaniacornermonaco.com\/produit\/lamborgini-sian-hybride-jaune-noir-1-18\/\" \/>\n<meta property=\"og:locale\" content=\"en_US\" \/>\n<meta property=\"og:type\" content=\"article\" \/>\n<meta property=\"og:title\" content=\"LAMBORGINI SIAN HYBRIDE JAUNE\/NOIR 1\/18 - TOY&#039;S MANIA\" \/>\n<meta property=\"og:description\" content=\"&nbsp;\" \/>\n<meta property=\"og:url\" content=\"https:\/\/toysmaniacornermonaco.com\/produit\/lamborgini-sian-hybride-jaune-noir-1-18\/\" \/>\n<meta property=\"og:site_name\" content=\"TOY&#039;S MANIA\" \/>\n<meta property=\"og:image\" content=\"https:\/\/toysmaniacornermonaco.com\/wp-content\/uploads\/2025\/02\/813LHmP9wL._AC_SX425_.jpg\" \/>\n\t<meta property=\"og:image:width\" content=\"425\" \/>\n\t<meta property=\"og:image:height\" content=\"245\" \/>\n\t<meta property=\"og:image:type\" content=\"image\/jpeg\" \/>\n<meta name=\"twitter:card\" content=\"summary_large_image\" \/>\n<meta name=\"twitter:label1\" content=\"Est. reading time\" \/>\n\t<meta name=\"twitter:data1\" content=\"1 minute\" \/>\n<script type=\"application\/ld+json\" class=\"yoast-schema-graph\">{\"@context\":\"https:\/\/schema.org\",\"@graph\":[{\"@type\":\"WebPage\",\"@id\":\"https:\/\/toysmaniacornermonaco.com\/produit\/lamborgini-sian-hybride-jaune-noir-1-18\/\",\"url\":\"https:\/\/toysmaniacornermonaco.com\/produit\/lamborgini-sian-hybride-jaune-noir-1-18\/\",\"name\":\"LAMBORGINI SIAN HYBRIDE JAUNE\/NOIR 1\/18 - TOY&#039;S MANIA\",\"isPartOf\":{\"@id\":\"https:\/\/toysmaniacornermonaco.com\/#website\"},\"primaryImageOfPage\":{\"@id\":\"https:\/\/toysmaniacornermonaco.com\/produit\/lamborgini-sian-hybride-jaune-noir-1-18\/#primaryimage\"},\"image\":{\"@id\":\"https:\/\/toysmaniacornermonaco.com\/produit\/lamborgini-sian-hybride-jaune-noir-1-18\/#primaryimage\"},\"thumbnailUrl\":\"https:\/\/toysmaniacornermonaco.com\/wp-content\/uploads\/2025\/02\/813LHmP9wL._AC_SX425_.jpg\",\"datePublished\":\"2025-02-02T11:35:39+00:00\",\"dateModified\":\"2025-02-02T11:35:39+00:00\",\"breadcrumb\":{\"@id\":\"https:\/\/toysmaniacornermonaco.com\/produit\/lamborgini-sian-hybride-jaune-noir-1-18\/#breadcrumb\"},\"inLanguage\":\"en-US\",\"potentialAction\":[{\"@type\":\"ReadAction\",\"target\":[\"https:\/\/toysmaniacornermonaco.com\/produit\/lamborgini-sian-hybride-jaune-noir-1-18\/\"]}]},{\"@type\":\"ImageObject\",\"inLanguage\":\"en-US\",\"@id\":\"https:\/\/toysmaniacornermonaco.com\/produit\/lamborgini-sian-hybride-jaune-noir-1-18\/#primaryimage\",\"url\":\"https:\/\/toysmaniacornermonaco.com\/wp-content\/uploads\/2025\/02\/813LHmP9wL._AC_SX425_.jpg\",\"contentUrl\":\"https:\/\/toysmaniacornermonaco.com\/wp-content\/uploads\/2025\/02\/813LHmP9wL._AC_SX425_.jpg\",\"width\":425,\"height\":245},{\"@type\":\"BreadcrumbList\",\"@id\":\"https:\/\/toysmaniacornermonaco.com\/produit\/lamborgini-sian-hybride-jaune-noir-1-18\/#breadcrumb\",\"itemListElement\":[{\"@type\":\"ListItem\",\"position\":1,\"name\":\"Accueil\",\"item\":\"https:\/\/toysmaniacornermonaco.com\/en\/\"},{\"@type\":\"ListItem\",\"position\":2,\"name\":\"Shop\",\"item\":\"https:\/\/toysmaniacornermonaco.com\/en\/shop\/\"},{\"@type\":\"ListItem\",\"position\":3,\"name\":\"LAMBORGINI SIAN HYBRIDE JAUNE\/NOIR 1\/18\"}]},{\"@type\":\"WebSite\",\"@id\":\"https:\/\/toysmaniacornermonaco.com\/#website\",\"url\":\"https:\/\/toysmaniacornermonaco.com\/\",\"name\":\"TOY&#039;S MANIA\",\"description\":\"VOTRE CONCEPT STORE \u00c0 MONACO\",\"potentialAction\":[{\"@type\":\"SearchAction\",\"target\":{\"@type\":\"EntryPoint\",\"urlTemplate\":\"https:\/\/toysmaniacornermonaco.com\/?s={search_term_string}\"},\"query-input\":\"required name=search_term_string\"}],\"inLanguage\":\"en-US\"}]}<\/script>\n<!-- \/ Yoast SEO plugin. -->","yoast_head_json":{"title":"LAMBORGINI SIAN HYBRIDE JAUNE\/NOIR 1\/18 - TOY&#039;S MANIA","robots":{"index":"index","follow":"follow","max-snippet":"max-snippet:-1","max-image-preview":"max-image-preview:large","max-video-preview":"max-video-preview:-1"},"canonical":"https:\/\/toysmaniacornermonaco.com\/produit\/lamborgini-sian-hybride-jaune-noir-1-18\/","og_locale":"en_US","og_type":"article","og_title":"LAMBORGINI SIAN HYBRIDE JAUNE\/NOIR 1\/18 - TOY&#039;S MANIA","og_description":"&nbsp;","og_url":"https:\/\/toysmaniacornermonaco.com\/produit\/lamborgini-sian-hybride-jaune-noir-1-18\/","og_site_name":"TOY&#039;S MANIA","og_image":[{"width":425,"height":245,"url":"https:\/\/toysmaniacornermonaco.com\/wp-content\/uploads\/2025\/02\/813LHmP9wL._AC_SX425_.jpg","type":"image\/jpeg"}],"twitter_card":"summary_large_image","twitter_misc":{"Est. reading time":"1 minute"},"schema":{"@context":"https:\/\/schema.org","@graph":[{"@type":"WebPage","@id":"https:\/\/toysmaniacornermonaco.com\/produit\/lamborgini-sian-hybride-jaune-noir-1-18\/","url":"https:\/\/toysmaniacornermonaco.com\/produit\/lamborgini-sian-hybride-jaune-noir-1-18\/","name":"LAMBORGINI SIAN HYBRIDE JAUNE\/NOIR 1\/18 - TOY&#039;S MANIA","isPartOf":{"@id":"https:\/\/toysmaniacornermonaco.com\/#website"},"primaryImageOfPage":{"@id":"https:\/\/toysmaniacornermonaco.com\/produit\/lamborgini-sian-hybride-jaune-noir-1-18\/#primaryimage"},"image":{"@id":"https:\/\/toysmaniacornermonaco.com\/produit\/lamborgini-sian-hybride-jaune-noir-1-18\/#primaryimage"},"thumbnailUrl":"https:\/\/toysmaniacornermonaco.com\/wp-content\/uploads\/2025\/02\/813LHmP9wL._AC_SX425_.jpg","datePublished":"2025-02-02T11:35:39+00:00","dateModified":"2025-02-02T11:35:39+00:00","breadcrumb":{"@id":"https:\/\/toysmaniacornermonaco.com\/produit\/lamborgini-sian-hybride-jaune-noir-1-18\/#breadcrumb"},"inLanguage":"en-US","potentialAction":[{"@type":"ReadAction","target":["https:\/\/toysmaniacornermonaco.com\/produit\/lamborgini-sian-hybride-jaune-noir-1-18\/"]}]},{"@type":"ImageObject","inLanguage":"en-US","@id":"https:\/\/toysmaniacornermonaco.com\/produit\/lamborgini-sian-hybride-jaune-noir-1-18\/#primaryimage","url":"https:\/\/toysmaniacornermonaco.com\/wp-content\/uploads\/2025\/02\/813LHmP9wL._AC_SX425_.jpg","contentUrl":"https:\/\/toysmaniacornermonaco.com\/wp-content\/uploads\/2025\/02\/813LHmP9wL._AC_SX425_.jpg","width":425,"height":245},{"@type":"BreadcrumbList","@id":"https:\/\/toysmaniacornermonaco.com\/produit\/lamborgini-sian-hybride-jaune-noir-1-18\/#breadcrumb","itemListElement":[{"@type":"ListItem","position":1,"name":"Accueil","item":"https:\/\/toysmaniacornermonaco.com\/en\/"},{"@type":"ListItem","position":2,"name":"Shop","item":"https:\/\/toysmaniacornermonaco.com\/en\/shop\/"},{"@type":"ListItem","position":3,"name":"LAMBORGINI SIAN HYBRIDE JAUNE\/NOIR 1\/18"}]},{"@type":"WebSite","@id":"https:\/\/toysmaniacornermonaco.com\/#website","url":"https:\/\/toysmaniacornermonaco.com\/","name":"TOY&#039;S MANIA","description":"VOTRE CONCEPT STORE \u00c0 MONACO","potentialAction":[{"@type":"SearchAction","target":{"@type":"EntryPoint","urlTemplate":"https:\/\/toysmaniacornermonaco.com\/?s={search_term_string}"},"query-input":"required name=search_term_string"}],"inLanguage":"en-US"}]}},"_links":{"self":[{"href":"https:\/\/toysmaniacornermonaco.com\/en\/wp-json\/wp\/v2\/product\/5476","targetHints":{"allow":["GET"]}}],"collection":[{"href":"https:\/\/toysmaniacornermonaco.com\/en\/wp-json\/wp\/v2\/product"}],"about":[{"href":"https:\/\/toysmaniacornermonaco.com\/en\/wp-json\/wp\/v2\/types\/product"}],"replies":[{"embeddable":true,"href":"https:\/\/toysmaniacornermonaco.com\/en\/wp-json\/wp\/v2\/comments?post=5476"}],"wp:featuredmedia":[{"embeddable":true,"href":"https:\/\/toysmaniacornermonaco.com\/en\/wp-json\/wp\/v2\/media\/5479"}],"wp:attachment":[{"href":"https:\/\/toysmaniacornermonaco.com\/en\/wp-json\/wp\/v2\/media?parent=5476"}],"wp:term":[{"taxonomy":"product_cat","embeddable":true,"href":"https:\/\/toysmaniacornermonaco.com\/en\/wp-json\/wp\/v2\/product_cat?post=5476"},{"taxonomy":"product_tag","embeddable":true,"href":"https:\/\/toysmaniacornermonaco.com\/en\/wp-json\/wp\/v2\/product_tag?post=5476"}],"curies":[{"name":"wp","href":"https:\/\/api.w.org\/{rel}","templated":true}]}}