{"id":5485,"date":"2025-02-02T13:40:07","date_gmt":"2025-02-02T12:40:07","guid":{"rendered":"https:\/\/toysmaniacornermonaco.com\/?post_type=product&#038;p=5485"},"modified":"2025-02-02T14:26:32","modified_gmt":"2025-02-02T13:26:32","slug":"bugatti-type-59-bleu","status":"publish","type":"product","link":"https:\/\/toysmaniacornermonaco.com\/en\/produit\/bugatti-type-59-bleu\/","title":{"rendered":"BUGATTI TYPE 59 BLEU"},"content":{"rendered":"<p><strong>Nom<\/strong> : Bugatti Type 59 1934 1\/18<\/p>\n<p><strong>Marque<\/strong> : Bburago<br \/>\n<strong>R\u00e9f\u00e9rence<\/strong> : 12062<br \/>\n<strong>Dimensions<\/strong> : 15,1 x 12,7\u00a0x 8,9\u00a0cm.<br \/>\n<strong>Mati\u00e8re<\/strong> : M\u00e9tal moul\u00e9 sous pression avec pi\u00e8ces en plastique<\/p>\n<p>La <strong>Bugatti Type 59 1934 1\/18<\/strong> de Bburago est une r\u00e9plique minutieuse de l&#8217;une des voitures de course les plus embl\u00e9matiques de l&#8217;\u00e9poque. Avec son design \u00e9l\u00e9gant et ses d\u00e9tails authentiques, ce mod\u00e8le r\u00e9duit en m\u00e9tal moul\u00e9 sous pression offre une finition soign\u00e9e, des roues fonctionnelles et un int\u00e9rieur fid\u00e8lement reproduit. Parfait pour les collectionneurs et les passionn\u00e9s d&#8217;automobiles classiques, ce mod\u00e8le rend hommage \u00e0 l&#8217;\u00e2ge d&#8217;or du sport automobile.<\/p>\n","protected":false},"excerpt":{"rendered":"Nom : Bugatti Type 59 1934 1\/18 Marque : Bburago R\u00e9f\u00e9rence : 12062 Dimensions : 15,1 x 12,7\u00a0x 8,9\u00a0cm. Mati\u00e8re : M\u00e9tal moul\u00e9 sous pression avec pi\u00e8ces en plastique La Bugatti Type 59 1934 1\/18 de Bburago est une r\u00e9plique minutieuse de l&#8217;une des voitures de course les plus embl\u00e9matiques de l&#8217;\u00e9poque. Avec son design&#8230; <a class=\"view-article\" href=\"https:\/\/toysmaniacornermonaco.com\/en\/produit\/bugatti-type-59-bleu\/\">View Article<\/a>","protected":false},"featured_media":5487,"comment_status":"closed","ping_status":"closed","template":"","meta":{"_acf_changed":false},"product_cat":[380,384],"product_tag":[],"class_list":{"0":"post-5485","1":"product","2":"type-product","3":"status-publish","4":"has-post-thumbnail","6":"marque-bburago","7":"marque-bugatti","8":"idee_cadeau-enfants","9":"idee_cadeau-hommes","10":"idee_cadeau-noel","11":"product_cat-decoration","12":"product_cat-jeux-et-jouets","14":"first","15":"instock","16":"taxable","17":"shipping-taxable","18":"purchasable","19":"product-type-simple"},"acf":[],"yoast_head":"<!-- This site is optimized with the Yoast SEO plugin v22.3 - https:\/\/yoast.com\/wordpress\/plugins\/seo\/ -->\n<title>BUGATTI TYPE 59 BLEU - TOY&#039;S MANIA<\/title>\n<meta name=\"robots\" content=\"index, follow, max-snippet:-1, max-image-preview:large, max-video-preview:-1\" \/>\n<link rel=\"canonical\" href=\"https:\/\/toysmaniacornermonaco.com\/produit\/bugatti-type-59-bleu\/\" \/>\n<meta property=\"og:locale\" content=\"en_US\" \/>\n<meta property=\"og:type\" content=\"article\" \/>\n<meta property=\"og:title\" content=\"BUGATTI TYPE 59 BLEU - TOY&#039;S MANIA\" \/>\n<meta property=\"og:description\" content=\"Nom : Bugatti Type 59 1934 1\/18 Marque : Bburago R\u00e9f\u00e9rence : 12062 Dimensions : 15,1 x 12,7\u00a0x 8,9\u00a0cm. Mati\u00e8re : M\u00e9tal moul\u00e9 sous pression avec pi\u00e8ces en plastique La Bugatti Type 59 1934 1\/18 de Bburago est une r\u00e9plique minutieuse de l&#8217;une des voitures de course les plus embl\u00e9matiques de l&#8217;\u00e9poque. Avec son design... View Article\" \/>\n<meta property=\"og:url\" content=\"https:\/\/toysmaniacornermonaco.com\/produit\/bugatti-type-59-bleu\/\" \/>\n<meta property=\"og:site_name\" content=\"TOY&#039;S MANIA\" \/>\n<meta property=\"article:modified_time\" content=\"2025-02-02T13:26:32+00:00\" \/>\n<meta property=\"og:image\" content=\"https:\/\/toysmaniacornermonaco.com\/wp-content\/uploads\/2025\/02\/9526191652914.jpg\" \/>\n\t<meta property=\"og:image:width\" content=\"375\" \/>\n\t<meta property=\"og:image:height\" content=\"375\" \/>\n\t<meta property=\"og:image:type\" content=\"image\/jpeg\" \/>\n<meta name=\"twitter:card\" content=\"summary_large_image\" \/>\n<meta name=\"twitter:label1\" content=\"Est. reading time\" \/>\n\t<meta name=\"twitter:data1\" content=\"1 minute\" \/>\n<script type=\"application\/ld+json\" class=\"yoast-schema-graph\">{\"@context\":\"https:\/\/schema.org\",\"@graph\":[{\"@type\":\"WebPage\",\"@id\":\"https:\/\/toysmaniacornermonaco.com\/produit\/bugatti-type-59-bleu\/\",\"url\":\"https:\/\/toysmaniacornermonaco.com\/produit\/bugatti-type-59-bleu\/\",\"name\":\"BUGATTI TYPE 59 BLEU - TOY&#039;S MANIA\",\"isPartOf\":{\"@id\":\"https:\/\/toysmaniacornermonaco.com\/#website\"},\"primaryImageOfPage\":{\"@id\":\"https:\/\/toysmaniacornermonaco.com\/produit\/bugatti-type-59-bleu\/#primaryimage\"},\"image\":{\"@id\":\"https:\/\/toysmaniacornermonaco.com\/produit\/bugatti-type-59-bleu\/#primaryimage\"},\"thumbnailUrl\":\"https:\/\/toysmaniacornermonaco.com\/wp-content\/uploads\/2025\/02\/9526191652914.jpg\",\"datePublished\":\"2025-02-02T12:40:07+00:00\",\"dateModified\":\"2025-02-02T13:26:32+00:00\",\"breadcrumb\":{\"@id\":\"https:\/\/toysmaniacornermonaco.com\/produit\/bugatti-type-59-bleu\/#breadcrumb\"},\"inLanguage\":\"en-US\",\"potentialAction\":[{\"@type\":\"ReadAction\",\"target\":[\"https:\/\/toysmaniacornermonaco.com\/produit\/bugatti-type-59-bleu\/\"]}]},{\"@type\":\"ImageObject\",\"inLanguage\":\"en-US\",\"@id\":\"https:\/\/toysmaniacornermonaco.com\/produit\/bugatti-type-59-bleu\/#primaryimage\",\"url\":\"https:\/\/toysmaniacornermonaco.com\/wp-content\/uploads\/2025\/02\/9526191652914.jpg\",\"contentUrl\":\"https:\/\/toysmaniacornermonaco.com\/wp-content\/uploads\/2025\/02\/9526191652914.jpg\",\"width\":375,\"height\":375},{\"@type\":\"BreadcrumbList\",\"@id\":\"https:\/\/toysmaniacornermonaco.com\/produit\/bugatti-type-59-bleu\/#breadcrumb\",\"itemListElement\":[{\"@type\":\"ListItem\",\"position\":1,\"name\":\"Accueil\",\"item\":\"https:\/\/toysmaniacornermonaco.com\/en\/\"},{\"@type\":\"ListItem\",\"position\":2,\"name\":\"Shop\",\"item\":\"https:\/\/toysmaniacornermonaco.com\/en\/shop\/\"},{\"@type\":\"ListItem\",\"position\":3,\"name\":\"BUGATTI TYPE 59 BLEU\"}]},{\"@type\":\"WebSite\",\"@id\":\"https:\/\/toysmaniacornermonaco.com\/#website\",\"url\":\"https:\/\/toysmaniacornermonaco.com\/\",\"name\":\"TOY&#039;S MANIA\",\"description\":\"VOTRE CONCEPT STORE \u00c0 MONACO\",\"potentialAction\":[{\"@type\":\"SearchAction\",\"target\":{\"@type\":\"EntryPoint\",\"urlTemplate\":\"https:\/\/toysmaniacornermonaco.com\/?s={search_term_string}\"},\"query-input\":\"required name=search_term_string\"}],\"inLanguage\":\"en-US\"}]}<\/script>\n<!-- \/ Yoast SEO plugin. -->","yoast_head_json":{"title":"BUGATTI TYPE 59 BLEU - TOY&#039;S MANIA","robots":{"index":"index","follow":"follow","max-snippet":"max-snippet:-1","max-image-preview":"max-image-preview:large","max-video-preview":"max-video-preview:-1"},"canonical":"https:\/\/toysmaniacornermonaco.com\/produit\/bugatti-type-59-bleu\/","og_locale":"en_US","og_type":"article","og_title":"BUGATTI TYPE 59 BLEU - TOY&#039;S MANIA","og_description":"Nom : Bugatti Type 59 1934 1\/18 Marque : Bburago R\u00e9f\u00e9rence : 12062 Dimensions : 15,1 x 12,7\u00a0x 8,9\u00a0cm. Mati\u00e8re : M\u00e9tal moul\u00e9 sous pression avec pi\u00e8ces en plastique La Bugatti Type 59 1934 1\/18 de Bburago est une r\u00e9plique minutieuse de l&#8217;une des voitures de course les plus embl\u00e9matiques de l&#8217;\u00e9poque. Avec son design... View Article","og_url":"https:\/\/toysmaniacornermonaco.com\/produit\/bugatti-type-59-bleu\/","og_site_name":"TOY&#039;S MANIA","article_modified_time":"2025-02-02T13:26:32+00:00","og_image":[{"width":375,"height":375,"url":"https:\/\/toysmaniacornermonaco.com\/wp-content\/uploads\/2025\/02\/9526191652914.jpg","type":"image\/jpeg"}],"twitter_card":"summary_large_image","twitter_misc":{"Est. reading time":"1 minute"},"schema":{"@context":"https:\/\/schema.org","@graph":[{"@type":"WebPage","@id":"https:\/\/toysmaniacornermonaco.com\/produit\/bugatti-type-59-bleu\/","url":"https:\/\/toysmaniacornermonaco.com\/produit\/bugatti-type-59-bleu\/","name":"BUGATTI TYPE 59 BLEU - TOY&#039;S MANIA","isPartOf":{"@id":"https:\/\/toysmaniacornermonaco.com\/#website"},"primaryImageOfPage":{"@id":"https:\/\/toysmaniacornermonaco.com\/produit\/bugatti-type-59-bleu\/#primaryimage"},"image":{"@id":"https:\/\/toysmaniacornermonaco.com\/produit\/bugatti-type-59-bleu\/#primaryimage"},"thumbnailUrl":"https:\/\/toysmaniacornermonaco.com\/wp-content\/uploads\/2025\/02\/9526191652914.jpg","datePublished":"2025-02-02T12:40:07+00:00","dateModified":"2025-02-02T13:26:32+00:00","breadcrumb":{"@id":"https:\/\/toysmaniacornermonaco.com\/produit\/bugatti-type-59-bleu\/#breadcrumb"},"inLanguage":"en-US","potentialAction":[{"@type":"ReadAction","target":["https:\/\/toysmaniacornermonaco.com\/produit\/bugatti-type-59-bleu\/"]}]},{"@type":"ImageObject","inLanguage":"en-US","@id":"https:\/\/toysmaniacornermonaco.com\/produit\/bugatti-type-59-bleu\/#primaryimage","url":"https:\/\/toysmaniacornermonaco.com\/wp-content\/uploads\/2025\/02\/9526191652914.jpg","contentUrl":"https:\/\/toysmaniacornermonaco.com\/wp-content\/uploads\/2025\/02\/9526191652914.jpg","width":375,"height":375},{"@type":"BreadcrumbList","@id":"https:\/\/toysmaniacornermonaco.com\/produit\/bugatti-type-59-bleu\/#breadcrumb","itemListElement":[{"@type":"ListItem","position":1,"name":"Accueil","item":"https:\/\/toysmaniacornermonaco.com\/en\/"},{"@type":"ListItem","position":2,"name":"Shop","item":"https:\/\/toysmaniacornermonaco.com\/en\/shop\/"},{"@type":"ListItem","position":3,"name":"BUGATTI TYPE 59 BLEU"}]},{"@type":"WebSite","@id":"https:\/\/toysmaniacornermonaco.com\/#website","url":"https:\/\/toysmaniacornermonaco.com\/","name":"TOY&#039;S MANIA","description":"VOTRE CONCEPT STORE \u00c0 MONACO","potentialAction":[{"@type":"SearchAction","target":{"@type":"EntryPoint","urlTemplate":"https:\/\/toysmaniacornermonaco.com\/?s={search_term_string}"},"query-input":"required name=search_term_string"}],"inLanguage":"en-US"}]}},"_links":{"self":[{"href":"https:\/\/toysmaniacornermonaco.com\/en\/wp-json\/wp\/v2\/product\/5485","targetHints":{"allow":["GET"]}}],"collection":[{"href":"https:\/\/toysmaniacornermonaco.com\/en\/wp-json\/wp\/v2\/product"}],"about":[{"href":"https:\/\/toysmaniacornermonaco.com\/en\/wp-json\/wp\/v2\/types\/product"}],"replies":[{"embeddable":true,"href":"https:\/\/toysmaniacornermonaco.com\/en\/wp-json\/wp\/v2\/comments?post=5485"}],"wp:featuredmedia":[{"embeddable":true,"href":"https:\/\/toysmaniacornermonaco.com\/en\/wp-json\/wp\/v2\/media\/5487"}],"wp:attachment":[{"href":"https:\/\/toysmaniacornermonaco.com\/en\/wp-json\/wp\/v2\/media?parent=5485"}],"wp:term":[{"taxonomy":"product_cat","embeddable":true,"href":"https:\/\/toysmaniacornermonaco.com\/en\/wp-json\/wp\/v2\/product_cat?post=5485"},{"taxonomy":"product_tag","embeddable":true,"href":"https:\/\/toysmaniacornermonaco.com\/en\/wp-json\/wp\/v2\/product_tag?post=5485"}],"curies":[{"name":"wp","href":"https:\/\/api.w.org\/{rel}","templated":true}]}}