{"id":5495,"date":"2025-02-02T14:33:03","date_gmt":"2025-02-02T13:33:03","guid":{"rendered":"https:\/\/toysmaniacornermonaco.com\/?post_type=product&#038;p=5495"},"modified":"2025-02-02T14:55:52","modified_gmt":"2025-02-02T13:55:52","slug":"1-18-ferrari-la-ferrari-rouge","status":"publish","type":"product","link":"https:\/\/toysmaniacornermonaco.com\/en\/produit\/1-18-ferrari-la-ferrari-rouge\/","title":{"rendered":"1\/18 FERRARI LA FERRARI ROUGE"},"content":{"rendered":"<p><strong>Nom<\/strong> : Ferrari LaFerrari 1\/18<\/p>\n<p><strong>Marque<\/strong> : Bburago<br \/>\n<strong>R\u00e9f\u00e9rence<\/strong> : 16001<br \/>\n<strong>Dimensions<\/strong> : 30,5 x 12,7 x 8,9 cm<br \/>\n<strong>Mati\u00e8re<\/strong> : M\u00e9tal moul\u00e9 sous pression avec pi\u00e8ces en plastique<\/p>\n<p>La <strong>Ferrari LaFerrari 1\/18<\/strong> de Bburago est une r\u00e9plique d\u00e9taill\u00e9e de l&#8217;hypercar embl\u00e9matique de Ferrari. Con\u00e7ue en m\u00e9tal moul\u00e9 sous pression avec des finitions pr\u00e9cises, cette miniature dispose de portes ouvrantes, d\u2019un capot moteur fonctionnel et d\u2019un int\u00e9rieur fid\u00e8lement reproduit. Son design a\u00e9rodynamique et sa peinture rouge \u00e9clatante en font un mod\u00e8le incontournable pour les collectionneurs et passionn\u00e9s de voitures de sport.<\/p>\n<p>.<\/p>\n","protected":false},"excerpt":{"rendered":"Nom : Ferrari LaFerrari 1\/18 Marque : Bburago R\u00e9f\u00e9rence : 16001 Dimensions : 30,5 x 12,7 x 8,9 cm Mati\u00e8re : M\u00e9tal moul\u00e9 sous pression avec pi\u00e8ces en plastique La Ferrari LaFerrari 1\/18 de Bburago est une r\u00e9plique d\u00e9taill\u00e9e de l&#8217;hypercar embl\u00e9matique de Ferrari. Con\u00e7ue en m\u00e9tal moul\u00e9 sous pression avec des finitions pr\u00e9cises, cette&#8230; <a class=\"view-article\" href=\"https:\/\/toysmaniacornermonaco.com\/en\/produit\/1-18-ferrari-la-ferrari-rouge\/\">View Article<\/a>","protected":false},"featured_media":5496,"comment_status":"closed","ping_status":"closed","template":"","meta":{"_acf_changed":false},"product_cat":[380,384],"product_tag":[],"class_list":{"0":"post-5495","1":"product","2":"type-product","3":"status-publish","4":"has-post-thumbnail","6":"marque-bburago","7":"marque-ferrari","8":"idee_cadeau-enfants","9":"idee_cadeau-hommes","10":"idee_cadeau-noel","11":"product_cat-decoration","12":"product_cat-jeux-et-jouets","14":"first","15":"instock","16":"taxable","17":"shipping-taxable","18":"purchasable","19":"product-type-simple"},"acf":[],"yoast_head":"<!-- This site is optimized with the Yoast SEO plugin v22.3 - https:\/\/yoast.com\/wordpress\/plugins\/seo\/ -->\n<title>1\/18 FERRARI LA FERRARI ROUGE - TOY&#039;S MANIA<\/title>\n<meta name=\"robots\" content=\"index, follow, max-snippet:-1, max-image-preview:large, max-video-preview:-1\" \/>\n<link rel=\"canonical\" href=\"https:\/\/toysmaniacornermonaco.com\/produit\/1-18-ferrari-la-ferrari-rouge\/\" \/>\n<meta property=\"og:locale\" content=\"en_US\" \/>\n<meta property=\"og:type\" content=\"article\" \/>\n<meta property=\"og:title\" content=\"1\/18 FERRARI LA FERRARI ROUGE - TOY&#039;S MANIA\" \/>\n<meta property=\"og:description\" content=\"Nom : Ferrari LaFerrari 1\/18 Marque : Bburago R\u00e9f\u00e9rence : 16001 Dimensions : 30,5 x 12,7 x 8,9 cm Mati\u00e8re : M\u00e9tal moul\u00e9 sous pression avec pi\u00e8ces en plastique La Ferrari LaFerrari 1\/18 de Bburago est une r\u00e9plique d\u00e9taill\u00e9e de l&#8217;hypercar embl\u00e9matique de Ferrari. Con\u00e7ue en m\u00e9tal moul\u00e9 sous pression avec des finitions pr\u00e9cises, cette... View Article\" \/>\n<meta property=\"og:url\" content=\"https:\/\/toysmaniacornermonaco.com\/produit\/1-18-ferrari-la-ferrari-rouge\/\" \/>\n<meta property=\"og:site_name\" content=\"TOY&#039;S MANIA\" \/>\n<meta property=\"article:modified_time\" content=\"2025-02-02T13:55:52+00:00\" \/>\n<meta property=\"og:image\" content=\"https:\/\/toysmaniacornermonaco.com\/wp-content\/uploads\/2025\/02\/Voiture-Bburago-Ferrari-Laferrari-Echelle-1-18.jpg\" \/>\n\t<meta property=\"og:image:width\" content=\"340\" \/>\n\t<meta property=\"og:image:height\" content=\"340\" \/>\n\t<meta property=\"og:image:type\" content=\"image\/jpeg\" \/>\n<meta name=\"twitter:card\" content=\"summary_large_image\" \/>\n<meta name=\"twitter:label1\" content=\"Est. reading time\" \/>\n\t<meta name=\"twitter:data1\" content=\"1 minute\" \/>\n<script type=\"application\/ld+json\" class=\"yoast-schema-graph\">{\"@context\":\"https:\/\/schema.org\",\"@graph\":[{\"@type\":\"WebPage\",\"@id\":\"https:\/\/toysmaniacornermonaco.com\/produit\/1-18-ferrari-la-ferrari-rouge\/\",\"url\":\"https:\/\/toysmaniacornermonaco.com\/produit\/1-18-ferrari-la-ferrari-rouge\/\",\"name\":\"1\/18 FERRARI LA FERRARI ROUGE - TOY&#039;S MANIA\",\"isPartOf\":{\"@id\":\"https:\/\/toysmaniacornermonaco.com\/#website\"},\"primaryImageOfPage\":{\"@id\":\"https:\/\/toysmaniacornermonaco.com\/produit\/1-18-ferrari-la-ferrari-rouge\/#primaryimage\"},\"image\":{\"@id\":\"https:\/\/toysmaniacornermonaco.com\/produit\/1-18-ferrari-la-ferrari-rouge\/#primaryimage\"},\"thumbnailUrl\":\"https:\/\/toysmaniacornermonaco.com\/wp-content\/uploads\/2025\/02\/Voiture-Bburago-Ferrari-Laferrari-Echelle-1-18.jpg\",\"datePublished\":\"2025-02-02T13:33:03+00:00\",\"dateModified\":\"2025-02-02T13:55:52+00:00\",\"breadcrumb\":{\"@id\":\"https:\/\/toysmaniacornermonaco.com\/produit\/1-18-ferrari-la-ferrari-rouge\/#breadcrumb\"},\"inLanguage\":\"en-US\",\"potentialAction\":[{\"@type\":\"ReadAction\",\"target\":[\"https:\/\/toysmaniacornermonaco.com\/produit\/1-18-ferrari-la-ferrari-rouge\/\"]}]},{\"@type\":\"ImageObject\",\"inLanguage\":\"en-US\",\"@id\":\"https:\/\/toysmaniacornermonaco.com\/produit\/1-18-ferrari-la-ferrari-rouge\/#primaryimage\",\"url\":\"https:\/\/toysmaniacornermonaco.com\/wp-content\/uploads\/2025\/02\/Voiture-Bburago-Ferrari-Laferrari-Echelle-1-18.jpg\",\"contentUrl\":\"https:\/\/toysmaniacornermonaco.com\/wp-content\/uploads\/2025\/02\/Voiture-Bburago-Ferrari-Laferrari-Echelle-1-18.jpg\",\"width\":340,\"height\":340},{\"@type\":\"BreadcrumbList\",\"@id\":\"https:\/\/toysmaniacornermonaco.com\/produit\/1-18-ferrari-la-ferrari-rouge\/#breadcrumb\",\"itemListElement\":[{\"@type\":\"ListItem\",\"position\":1,\"name\":\"Accueil\",\"item\":\"https:\/\/toysmaniacornermonaco.com\/en\/\"},{\"@type\":\"ListItem\",\"position\":2,\"name\":\"Shop\",\"item\":\"https:\/\/toysmaniacornermonaco.com\/en\/shop\/\"},{\"@type\":\"ListItem\",\"position\":3,\"name\":\"1\/18 FERRARI LA FERRARI ROUGE\"}]},{\"@type\":\"WebSite\",\"@id\":\"https:\/\/toysmaniacornermonaco.com\/#website\",\"url\":\"https:\/\/toysmaniacornermonaco.com\/\",\"name\":\"TOY&#039;S MANIA\",\"description\":\"VOTRE CONCEPT STORE \u00c0 MONACO\",\"potentialAction\":[{\"@type\":\"SearchAction\",\"target\":{\"@type\":\"EntryPoint\",\"urlTemplate\":\"https:\/\/toysmaniacornermonaco.com\/?s={search_term_string}\"},\"query-input\":\"required name=search_term_string\"}],\"inLanguage\":\"en-US\"}]}<\/script>\n<!-- \/ Yoast SEO plugin. -->","yoast_head_json":{"title":"1\/18 FERRARI LA FERRARI ROUGE - TOY&#039;S MANIA","robots":{"index":"index","follow":"follow","max-snippet":"max-snippet:-1","max-image-preview":"max-image-preview:large","max-video-preview":"max-video-preview:-1"},"canonical":"https:\/\/toysmaniacornermonaco.com\/produit\/1-18-ferrari-la-ferrari-rouge\/","og_locale":"en_US","og_type":"article","og_title":"1\/18 FERRARI LA FERRARI ROUGE - TOY&#039;S MANIA","og_description":"Nom : Ferrari LaFerrari 1\/18 Marque : Bburago R\u00e9f\u00e9rence : 16001 Dimensions : 30,5 x 12,7 x 8,9 cm Mati\u00e8re : M\u00e9tal moul\u00e9 sous pression avec pi\u00e8ces en plastique La Ferrari LaFerrari 1\/18 de Bburago est une r\u00e9plique d\u00e9taill\u00e9e de l&#8217;hypercar embl\u00e9matique de Ferrari. Con\u00e7ue en m\u00e9tal moul\u00e9 sous pression avec des finitions pr\u00e9cises, cette... View Article","og_url":"https:\/\/toysmaniacornermonaco.com\/produit\/1-18-ferrari-la-ferrari-rouge\/","og_site_name":"TOY&#039;S MANIA","article_modified_time":"2025-02-02T13:55:52+00:00","og_image":[{"width":340,"height":340,"url":"https:\/\/toysmaniacornermonaco.com\/wp-content\/uploads\/2025\/02\/Voiture-Bburago-Ferrari-Laferrari-Echelle-1-18.jpg","type":"image\/jpeg"}],"twitter_card":"summary_large_image","twitter_misc":{"Est. reading time":"1 minute"},"schema":{"@context":"https:\/\/schema.org","@graph":[{"@type":"WebPage","@id":"https:\/\/toysmaniacornermonaco.com\/produit\/1-18-ferrari-la-ferrari-rouge\/","url":"https:\/\/toysmaniacornermonaco.com\/produit\/1-18-ferrari-la-ferrari-rouge\/","name":"1\/18 FERRARI LA FERRARI ROUGE - TOY&#039;S MANIA","isPartOf":{"@id":"https:\/\/toysmaniacornermonaco.com\/#website"},"primaryImageOfPage":{"@id":"https:\/\/toysmaniacornermonaco.com\/produit\/1-18-ferrari-la-ferrari-rouge\/#primaryimage"},"image":{"@id":"https:\/\/toysmaniacornermonaco.com\/produit\/1-18-ferrari-la-ferrari-rouge\/#primaryimage"},"thumbnailUrl":"https:\/\/toysmaniacornermonaco.com\/wp-content\/uploads\/2025\/02\/Voiture-Bburago-Ferrari-Laferrari-Echelle-1-18.jpg","datePublished":"2025-02-02T13:33:03+00:00","dateModified":"2025-02-02T13:55:52+00:00","breadcrumb":{"@id":"https:\/\/toysmaniacornermonaco.com\/produit\/1-18-ferrari-la-ferrari-rouge\/#breadcrumb"},"inLanguage":"en-US","potentialAction":[{"@type":"ReadAction","target":["https:\/\/toysmaniacornermonaco.com\/produit\/1-18-ferrari-la-ferrari-rouge\/"]}]},{"@type":"ImageObject","inLanguage":"en-US","@id":"https:\/\/toysmaniacornermonaco.com\/produit\/1-18-ferrari-la-ferrari-rouge\/#primaryimage","url":"https:\/\/toysmaniacornermonaco.com\/wp-content\/uploads\/2025\/02\/Voiture-Bburago-Ferrari-Laferrari-Echelle-1-18.jpg","contentUrl":"https:\/\/toysmaniacornermonaco.com\/wp-content\/uploads\/2025\/02\/Voiture-Bburago-Ferrari-Laferrari-Echelle-1-18.jpg","width":340,"height":340},{"@type":"BreadcrumbList","@id":"https:\/\/toysmaniacornermonaco.com\/produit\/1-18-ferrari-la-ferrari-rouge\/#breadcrumb","itemListElement":[{"@type":"ListItem","position":1,"name":"Accueil","item":"https:\/\/toysmaniacornermonaco.com\/en\/"},{"@type":"ListItem","position":2,"name":"Shop","item":"https:\/\/toysmaniacornermonaco.com\/en\/shop\/"},{"@type":"ListItem","position":3,"name":"1\/18 FERRARI LA FERRARI ROUGE"}]},{"@type":"WebSite","@id":"https:\/\/toysmaniacornermonaco.com\/#website","url":"https:\/\/toysmaniacornermonaco.com\/","name":"TOY&#039;S MANIA","description":"VOTRE CONCEPT STORE \u00c0 MONACO","potentialAction":[{"@type":"SearchAction","target":{"@type":"EntryPoint","urlTemplate":"https:\/\/toysmaniacornermonaco.com\/?s={search_term_string}"},"query-input":"required name=search_term_string"}],"inLanguage":"en-US"}]}},"_links":{"self":[{"href":"https:\/\/toysmaniacornermonaco.com\/en\/wp-json\/wp\/v2\/product\/5495","targetHints":{"allow":["GET"]}}],"collection":[{"href":"https:\/\/toysmaniacornermonaco.com\/en\/wp-json\/wp\/v2\/product"}],"about":[{"href":"https:\/\/toysmaniacornermonaco.com\/en\/wp-json\/wp\/v2\/types\/product"}],"replies":[{"embeddable":true,"href":"https:\/\/toysmaniacornermonaco.com\/en\/wp-json\/wp\/v2\/comments?post=5495"}],"wp:featuredmedia":[{"embeddable":true,"href":"https:\/\/toysmaniacornermonaco.com\/en\/wp-json\/wp\/v2\/media\/5496"}],"wp:attachment":[{"href":"https:\/\/toysmaniacornermonaco.com\/en\/wp-json\/wp\/v2\/media?parent=5495"}],"wp:term":[{"taxonomy":"product_cat","embeddable":true,"href":"https:\/\/toysmaniacornermonaco.com\/en\/wp-json\/wp\/v2\/product_cat?post=5495"},{"taxonomy":"product_tag","embeddable":true,"href":"https:\/\/toysmaniacornermonaco.com\/en\/wp-json\/wp\/v2\/product_tag?post=5495"}],"curies":[{"name":"wp","href":"https:\/\/api.w.org\/{rel}","templated":true}]}}