{"id":5563,"date":"2025-02-08T17:09:15","date_gmt":"2025-02-08T16:09:15","guid":{"rendered":"https:\/\/toysmaniacornermonaco.com\/?post_type=product&#038;p=5563"},"modified":"2025-10-03T10:18:03","modified_gmt":"2025-10-03T08:18:03","slug":"1-18-ferrari-296-gtb-rouge-et-blanche","status":"publish","type":"product","link":"https:\/\/toysmaniacornermonaco.com\/en\/produit\/1-18-ferrari-296-gtb-rouge-et-blanche\/","title":{"rendered":"1\/18 FERRARI &#8211; 296 GTB &#8211; ROUGE ET BLANCHE"},"content":{"rendered":"<div class=\"flex-shrink-0 flex flex-col relative items-end\">\n<div class=\"pt-0\">\n<div class=\"gizmo-bot-avatar flex h-8 w-8 items-center justify-center overflow-hidden rounded-full\">\n<div class=\"relative p-1 rounded-sm flex items-center justify-center bg-token-main-surface-primary text-token-text-primary h-8 w-8\">\n<div class=\"flex-shrink-0 flex flex-col relative items-end\">\n<div class=\"pt-0\">\n<div class=\"gizmo-bot-avatar flex h-8 w-8 items-center justify-center overflow-hidden rounded-full\">\n<div class=\"relative p-1 rounded-sm flex items-center justify-center bg-token-main-surface-primary text-token-text-primary h-8 w-8\">\n<p><strong>Nom<\/strong> : Ferrari 296 GTB 1\/18 Race &amp; Play<\/p>\n<p><strong>Marque<\/strong> : Bburago<br \/>\n<strong>R\u00e9f\u00e9rence<\/strong> : 16017R<br \/>\n<strong>Dimensions<\/strong> :\u00a0 30,5 x 12,7 x 8,9 cm<br \/>\n<strong>Mati\u00e8re<\/strong> : M\u00e9tal moul\u00e9 sous pression avec pi\u00e8ces en plastique<\/p>\n<p>La <strong>Ferrari 296 GTB 1\/18 Race &amp; Play<\/strong> de Bburago est une r\u00e9plique fid\u00e8le de la supercar hybride V6 de Ferrari. Ce mod\u00e8le r\u00e9duit, con\u00e7u en m\u00e9tal moul\u00e9 sous pression, pr\u00e9sente une finition rouge \u00e9clatante, des portes ouvrantes et un int\u00e9rieur d\u00e9taill\u00e9. Avec son design a\u00e9rodynamique et ses lignes \u00e9l\u00e9gantes, cette miniature est un excellent ajout pour les collectionneurs et les passionn\u00e9s de voitures de sport.<\/p>\n<p>&nbsp;<\/p>\n<\/div>\n<\/div>\n<\/div>\n<\/div>\n<\/div>\n<\/div>\n<\/div>\n<\/div>\n","protected":false},"excerpt":{"rendered":"Nom : Ferrari 296 GTB 1\/18 Race &amp; Play Marque : Bburago R\u00e9f\u00e9rence : 16017R Dimensions :\u00a0 30,5 x 12,7 x 8,9 cm Mati\u00e8re : M\u00e9tal moul\u00e9 sous pression avec pi\u00e8ces en plastique La Ferrari 296 GTB 1\/18 Race &amp; Play de Bburago est une r\u00e9plique fid\u00e8le de la supercar hybride V6 de Ferrari. Ce&#8230; <a class=\"view-article\" href=\"https:\/\/toysmaniacornermonaco.com\/en\/produit\/1-18-ferrari-296-gtb-rouge-et-blanche\/\">View Article<\/a>","protected":false},"featured_media":5564,"comment_status":"closed","ping_status":"closed","template":"","meta":{"_acf_changed":false},"product_cat":[380,384],"product_tag":[],"class_list":{"0":"post-5563","1":"product","2":"type-product","3":"status-publish","4":"has-post-thumbnail","6":"marque-bburago","7":"marque-ferrari","8":"idee_cadeau-enfants","9":"idee_cadeau-hommes","10":"idee_cadeau-noel","11":"product_cat-decoration","12":"product_cat-jeux-et-jouets","14":"first","15":"instock","16":"taxable","17":"shipping-taxable","18":"purchasable","19":"product-type-simple"},"acf":[],"yoast_head":"<!-- This site is optimized with the Yoast SEO plugin v22.3 - https:\/\/yoast.com\/wordpress\/plugins\/seo\/ -->\n<title>1\/18 FERRARI - 296 GTB - ROUGE ET BLANCHE - TOY&#039;S MANIA<\/title>\n<meta name=\"robots\" content=\"index, follow, max-snippet:-1, max-image-preview:large, max-video-preview:-1\" \/>\n<link rel=\"canonical\" href=\"https:\/\/toysmaniacornermonaco.com\/produit\/1-18-ferrari-296-gtb-rouge-et-blanche\/\" \/>\n<meta property=\"og:locale\" content=\"en_US\" \/>\n<meta property=\"og:type\" content=\"article\" \/>\n<meta property=\"og:title\" content=\"1\/18 FERRARI - 296 GTB - ROUGE ET BLANCHE - TOY&#039;S MANIA\" \/>\n<meta property=\"og:description\" content=\"Nom : Ferrari 296 GTB 1\/18 Race &amp; Play Marque : Bburago R\u00e9f\u00e9rence : 16017R Dimensions :\u00a0 30,5 x 12,7 x 8,9 cm Mati\u00e8re : M\u00e9tal moul\u00e9 sous pression avec pi\u00e8ces en plastique La Ferrari 296 GTB 1\/18 Race &amp; Play de Bburago est une r\u00e9plique fid\u00e8le de la supercar hybride V6 de Ferrari. Ce... View Article\" \/>\n<meta property=\"og:url\" content=\"https:\/\/toysmaniacornermonaco.com\/produit\/1-18-ferrari-296-gtb-rouge-et-blanche\/\" \/>\n<meta property=\"og:site_name\" content=\"TOY&#039;S MANIA\" \/>\n<meta property=\"article:modified_time\" content=\"2025-10-03T08:18:03+00:00\" \/>\n<meta property=\"og:image\" content=\"https:\/\/toysmaniacornermonaco.com\/wp-content\/uploads\/2025\/02\/GTB.jpg\" \/>\n\t<meta property=\"og:image:width\" content=\"702\" \/>\n\t<meta property=\"og:image:height\" content=\"355\" \/>\n\t<meta property=\"og:image:type\" content=\"image\/jpeg\" \/>\n<meta name=\"twitter:card\" content=\"summary_large_image\" \/>\n<meta name=\"twitter:label1\" content=\"Est. reading time\" \/>\n\t<meta name=\"twitter:data1\" content=\"1 minute\" \/>\n<script type=\"application\/ld+json\" class=\"yoast-schema-graph\">{\"@context\":\"https:\/\/schema.org\",\"@graph\":[{\"@type\":\"WebPage\",\"@id\":\"https:\/\/toysmaniacornermonaco.com\/produit\/1-18-ferrari-296-gtb-rouge-et-blanche\/\",\"url\":\"https:\/\/toysmaniacornermonaco.com\/produit\/1-18-ferrari-296-gtb-rouge-et-blanche\/\",\"name\":\"1\/18 FERRARI - 296 GTB - ROUGE ET BLANCHE - TOY&#039;S MANIA\",\"isPartOf\":{\"@id\":\"https:\/\/toysmaniacornermonaco.com\/#website\"},\"primaryImageOfPage\":{\"@id\":\"https:\/\/toysmaniacornermonaco.com\/produit\/1-18-ferrari-296-gtb-rouge-et-blanche\/#primaryimage\"},\"image\":{\"@id\":\"https:\/\/toysmaniacornermonaco.com\/produit\/1-18-ferrari-296-gtb-rouge-et-blanche\/#primaryimage\"},\"thumbnailUrl\":\"https:\/\/toysmaniacornermonaco.com\/wp-content\/uploads\/2025\/02\/GTB.jpg\",\"datePublished\":\"2025-02-08T16:09:15+00:00\",\"dateModified\":\"2025-10-03T08:18:03+00:00\",\"breadcrumb\":{\"@id\":\"https:\/\/toysmaniacornermonaco.com\/produit\/1-18-ferrari-296-gtb-rouge-et-blanche\/#breadcrumb\"},\"inLanguage\":\"en-US\",\"potentialAction\":[{\"@type\":\"ReadAction\",\"target\":[\"https:\/\/toysmaniacornermonaco.com\/produit\/1-18-ferrari-296-gtb-rouge-et-blanche\/\"]}]},{\"@type\":\"ImageObject\",\"inLanguage\":\"en-US\",\"@id\":\"https:\/\/toysmaniacornermonaco.com\/produit\/1-18-ferrari-296-gtb-rouge-et-blanche\/#primaryimage\",\"url\":\"https:\/\/toysmaniacornermonaco.com\/wp-content\/uploads\/2025\/02\/GTB.jpg\",\"contentUrl\":\"https:\/\/toysmaniacornermonaco.com\/wp-content\/uploads\/2025\/02\/GTB.jpg\",\"width\":702,\"height\":355},{\"@type\":\"BreadcrumbList\",\"@id\":\"https:\/\/toysmaniacornermonaco.com\/produit\/1-18-ferrari-296-gtb-rouge-et-blanche\/#breadcrumb\",\"itemListElement\":[{\"@type\":\"ListItem\",\"position\":1,\"name\":\"Accueil\",\"item\":\"https:\/\/toysmaniacornermonaco.com\/en\/\"},{\"@type\":\"ListItem\",\"position\":2,\"name\":\"Shop\",\"item\":\"https:\/\/toysmaniacornermonaco.com\/en\/shop\/\"},{\"@type\":\"ListItem\",\"position\":3,\"name\":\"1\/18 FERRARI &#8211; 296 GTB &#8211; ROUGE ET BLANCHE\"}]},{\"@type\":\"WebSite\",\"@id\":\"https:\/\/toysmaniacornermonaco.com\/#website\",\"url\":\"https:\/\/toysmaniacornermonaco.com\/\",\"name\":\"TOY&#039;S MANIA\",\"description\":\"VOTRE CONCEPT STORE \u00c0 MONACO\",\"potentialAction\":[{\"@type\":\"SearchAction\",\"target\":{\"@type\":\"EntryPoint\",\"urlTemplate\":\"https:\/\/toysmaniacornermonaco.com\/?s={search_term_string}\"},\"query-input\":\"required name=search_term_string\"}],\"inLanguage\":\"en-US\"}]}<\/script>\n<!-- \/ Yoast SEO plugin. -->","yoast_head_json":{"title":"1\/18 FERRARI - 296 GTB - ROUGE ET BLANCHE - TOY&#039;S MANIA","robots":{"index":"index","follow":"follow","max-snippet":"max-snippet:-1","max-image-preview":"max-image-preview:large","max-video-preview":"max-video-preview:-1"},"canonical":"https:\/\/toysmaniacornermonaco.com\/produit\/1-18-ferrari-296-gtb-rouge-et-blanche\/","og_locale":"en_US","og_type":"article","og_title":"1\/18 FERRARI - 296 GTB - ROUGE ET BLANCHE - TOY&#039;S MANIA","og_description":"Nom : Ferrari 296 GTB 1\/18 Race &amp; Play Marque : Bburago R\u00e9f\u00e9rence : 16017R Dimensions :\u00a0 30,5 x 12,7 x 8,9 cm Mati\u00e8re : M\u00e9tal moul\u00e9 sous pression avec pi\u00e8ces en plastique La Ferrari 296 GTB 1\/18 Race &amp; Play de Bburago est une r\u00e9plique fid\u00e8le de la supercar hybride V6 de Ferrari. Ce... View Article","og_url":"https:\/\/toysmaniacornermonaco.com\/produit\/1-18-ferrari-296-gtb-rouge-et-blanche\/","og_site_name":"TOY&#039;S MANIA","article_modified_time":"2025-10-03T08:18:03+00:00","og_image":[{"width":702,"height":355,"url":"https:\/\/toysmaniacornermonaco.com\/wp-content\/uploads\/2025\/02\/GTB.jpg","type":"image\/jpeg"}],"twitter_card":"summary_large_image","twitter_misc":{"Est. reading time":"1 minute"},"schema":{"@context":"https:\/\/schema.org","@graph":[{"@type":"WebPage","@id":"https:\/\/toysmaniacornermonaco.com\/produit\/1-18-ferrari-296-gtb-rouge-et-blanche\/","url":"https:\/\/toysmaniacornermonaco.com\/produit\/1-18-ferrari-296-gtb-rouge-et-blanche\/","name":"1\/18 FERRARI - 296 GTB - ROUGE ET BLANCHE - TOY&#039;S MANIA","isPartOf":{"@id":"https:\/\/toysmaniacornermonaco.com\/#website"},"primaryImageOfPage":{"@id":"https:\/\/toysmaniacornermonaco.com\/produit\/1-18-ferrari-296-gtb-rouge-et-blanche\/#primaryimage"},"image":{"@id":"https:\/\/toysmaniacornermonaco.com\/produit\/1-18-ferrari-296-gtb-rouge-et-blanche\/#primaryimage"},"thumbnailUrl":"https:\/\/toysmaniacornermonaco.com\/wp-content\/uploads\/2025\/02\/GTB.jpg","datePublished":"2025-02-08T16:09:15+00:00","dateModified":"2025-10-03T08:18:03+00:00","breadcrumb":{"@id":"https:\/\/toysmaniacornermonaco.com\/produit\/1-18-ferrari-296-gtb-rouge-et-blanche\/#breadcrumb"},"inLanguage":"en-US","potentialAction":[{"@type":"ReadAction","target":["https:\/\/toysmaniacornermonaco.com\/produit\/1-18-ferrari-296-gtb-rouge-et-blanche\/"]}]},{"@type":"ImageObject","inLanguage":"en-US","@id":"https:\/\/toysmaniacornermonaco.com\/produit\/1-18-ferrari-296-gtb-rouge-et-blanche\/#primaryimage","url":"https:\/\/toysmaniacornermonaco.com\/wp-content\/uploads\/2025\/02\/GTB.jpg","contentUrl":"https:\/\/toysmaniacornermonaco.com\/wp-content\/uploads\/2025\/02\/GTB.jpg","width":702,"height":355},{"@type":"BreadcrumbList","@id":"https:\/\/toysmaniacornermonaco.com\/produit\/1-18-ferrari-296-gtb-rouge-et-blanche\/#breadcrumb","itemListElement":[{"@type":"ListItem","position":1,"name":"Accueil","item":"https:\/\/toysmaniacornermonaco.com\/en\/"},{"@type":"ListItem","position":2,"name":"Shop","item":"https:\/\/toysmaniacornermonaco.com\/en\/shop\/"},{"@type":"ListItem","position":3,"name":"1\/18 FERRARI &#8211; 296 GTB &#8211; ROUGE ET BLANCHE"}]},{"@type":"WebSite","@id":"https:\/\/toysmaniacornermonaco.com\/#website","url":"https:\/\/toysmaniacornermonaco.com\/","name":"TOY&#039;S MANIA","description":"VOTRE CONCEPT STORE \u00c0 MONACO","potentialAction":[{"@type":"SearchAction","target":{"@type":"EntryPoint","urlTemplate":"https:\/\/toysmaniacornermonaco.com\/?s={search_term_string}"},"query-input":"required name=search_term_string"}],"inLanguage":"en-US"}]}},"_links":{"self":[{"href":"https:\/\/toysmaniacornermonaco.com\/en\/wp-json\/wp\/v2\/product\/5563","targetHints":{"allow":["GET"]}}],"collection":[{"href":"https:\/\/toysmaniacornermonaco.com\/en\/wp-json\/wp\/v2\/product"}],"about":[{"href":"https:\/\/toysmaniacornermonaco.com\/en\/wp-json\/wp\/v2\/types\/product"}],"replies":[{"embeddable":true,"href":"https:\/\/toysmaniacornermonaco.com\/en\/wp-json\/wp\/v2\/comments?post=5563"}],"wp:featuredmedia":[{"embeddable":true,"href":"https:\/\/toysmaniacornermonaco.com\/en\/wp-json\/wp\/v2\/media\/5564"}],"wp:attachment":[{"href":"https:\/\/toysmaniacornermonaco.com\/en\/wp-json\/wp\/v2\/media?parent=5563"}],"wp:term":[{"taxonomy":"product_cat","embeddable":true,"href":"https:\/\/toysmaniacornermonaco.com\/en\/wp-json\/wp\/v2\/product_cat?post=5563"},{"taxonomy":"product_tag","embeddable":true,"href":"https:\/\/toysmaniacornermonaco.com\/en\/wp-json\/wp\/v2\/product_tag?post=5563"}],"curies":[{"name":"wp","href":"https:\/\/api.w.org\/{rel}","templated":true}]}}