{"id":5572,"date":"2025-02-08T17:45:25","date_gmt":"2025-02-08T16:45:25","guid":{"rendered":"https:\/\/toysmaniacornermonaco.com\/?post_type=product&#038;p=5572"},"modified":"2025-02-08T17:53:50","modified_gmt":"2025-02-08T16:53:50","slug":"1-18-ferrari-296-gtb-grise-et-jaune","status":"publish","type":"product","link":"https:\/\/toysmaniacornermonaco.com\/en\/produit\/1-18-ferrari-296-gtb-grise-et-jaune\/","title":{"rendered":"1\/18 FERRARI &#8211; 296 GTB -GRISE ET JAUNE"},"content":{"rendered":"<div class=\"flex-shrink-0 flex flex-col relative items-end\">\n<div class=\"pt-0\">\n<div class=\"gizmo-bot-avatar flex h-8 w-8 items-center justify-center overflow-hidden rounded-full\">\n<div class=\"relative p-1 rounded-sm flex items-center justify-center bg-token-main-surface-primary text-token-text-primary h-8 w-8\">\n<div class=\"flex-shrink-0 flex flex-col relative items-end\">\n<div class=\"pt-0\">\n<div class=\"gizmo-bot-avatar flex h-8 w-8 items-center justify-center overflow-hidden rounded-full\">\n<div class=\"relative p-1 rounded-sm flex items-center justify-center bg-token-main-surface-primary text-token-text-primary h-8 w-8\">\n<p><strong>Nom<\/strong> : Ferrari 296 GTB 1\/18 Grey &amp; Yellow<\/p>\n<p><strong>Marque<\/strong> : Bburago<br \/>\n<strong>R\u00e9f\u00e9rence<\/strong> : 16017GR<br \/>\n<strong>Dimensions<\/strong> : 30,5 x 12,7 x 8,9 cm)<br \/>\n<strong>Mati\u00e8re<\/strong> : M\u00e9tal moul\u00e9 sous pression avec pi\u00e8ces en plastique<\/p>\n<p>La <strong>Ferrari 296 GTB 1\/18 Grey &amp; Yellow<\/strong> de Bburago est une r\u00e9plique fid\u00e8le de la supercar hybride V6 de Ferrari. Ce mod\u00e8le r\u00e9duit en m\u00e9tal moul\u00e9 sous pression arbore une \u00e9l\u00e9gante finition grise avec des accents jaunes, des portes ouvrantes et un int\u00e9rieur d\u00e9taill\u00e9. Son design a\u00e9rodynamique et sa grande qualit\u00e9 de fabrication en font une pi\u00e8ce id\u00e9ale pour les collectionneurs et les passionn\u00e9s de voitures de sport.<\/p>\n<\/div>\n<\/div>\n<\/div>\n<\/div>\n<\/div>\n<\/div>\n<\/div>\n<\/div>\n","protected":false},"excerpt":{"rendered":"Nom : Ferrari 296 GTB 1\/18 Grey &amp; Yellow Marque : Bburago R\u00e9f\u00e9rence : 16017GR Dimensions : 30,5 x 12,7 x 8,9 cm) Mati\u00e8re : M\u00e9tal moul\u00e9 sous pression avec pi\u00e8ces en plastique La Ferrari 296 GTB 1\/18 Grey &amp; Yellow de Bburago est une r\u00e9plique fid\u00e8le de la supercar hybride V6 de Ferrari. Ce&#8230; <a class=\"view-article\" href=\"https:\/\/toysmaniacornermonaco.com\/en\/produit\/1-18-ferrari-296-gtb-grise-et-jaune\/\">View Article<\/a>","protected":false},"featured_media":5573,"comment_status":"closed","ping_status":"closed","template":"","meta":{"_acf_changed":false},"product_cat":[380,384],"product_tag":[],"class_list":{"0":"post-5572","1":"product","2":"type-product","3":"status-publish","4":"has-post-thumbnail","6":"marque-bburago","7":"marque-ferrari","8":"idee_cadeau-enfants","9":"idee_cadeau-hommes","10":"idee_cadeau-noel","11":"product_cat-decoration","12":"product_cat-jeux-et-jouets","14":"first","15":"instock","16":"taxable","17":"shipping-taxable","18":"purchasable","19":"product-type-simple"},"acf":[],"yoast_head":"<!-- This site is optimized with the Yoast SEO plugin v22.3 - https:\/\/yoast.com\/wordpress\/plugins\/seo\/ -->\n<title>1\/18 FERRARI - 296 GTB -GRISE ET JAUNE - TOY&#039;S MANIA<\/title>\n<meta name=\"robots\" content=\"index, follow, max-snippet:-1, max-image-preview:large, max-video-preview:-1\" \/>\n<link rel=\"canonical\" href=\"https:\/\/toysmaniacornermonaco.com\/produit\/1-18-ferrari-296-gtb-grise-et-jaune\/\" \/>\n<meta property=\"og:locale\" content=\"en_US\" \/>\n<meta property=\"og:type\" content=\"article\" \/>\n<meta property=\"og:title\" content=\"1\/18 FERRARI - 296 GTB -GRISE ET JAUNE - TOY&#039;S MANIA\" \/>\n<meta property=\"og:description\" content=\"Nom : Ferrari 296 GTB 1\/18 Grey &amp; Yellow Marque : Bburago R\u00e9f\u00e9rence : 16017GR Dimensions : 30,5 x 12,7 x 8,9 cm) Mati\u00e8re : M\u00e9tal moul\u00e9 sous pression avec pi\u00e8ces en plastique La Ferrari 296 GTB 1\/18 Grey &amp; Yellow de Bburago est une r\u00e9plique fid\u00e8le de la supercar hybride V6 de Ferrari. Ce... View Article\" \/>\n<meta property=\"og:url\" content=\"https:\/\/toysmaniacornermonaco.com\/produit\/1-18-ferrari-296-gtb-grise-et-jaune\/\" \/>\n<meta property=\"og:site_name\" content=\"TOY&#039;S MANIA\" \/>\n<meta property=\"article:modified_time\" content=\"2025-02-08T16:53:50+00:00\" \/>\n<meta property=\"og:image\" content=\"https:\/\/toysmaniacornermonaco.com\/wp-content\/uploads\/2025\/02\/81ClKCjQSxL._AC_SL1500_-1.jpg\" \/>\n\t<meta property=\"og:image:width\" content=\"1500\" \/>\n\t<meta property=\"og:image:height\" content=\"698\" \/>\n\t<meta property=\"og:image:type\" content=\"image\/jpeg\" \/>\n<meta name=\"twitter:card\" content=\"summary_large_image\" \/>\n<meta name=\"twitter:label1\" content=\"Est. reading time\" \/>\n\t<meta name=\"twitter:data1\" content=\"1 minute\" \/>\n<script type=\"application\/ld+json\" class=\"yoast-schema-graph\">{\"@context\":\"https:\/\/schema.org\",\"@graph\":[{\"@type\":\"WebPage\",\"@id\":\"https:\/\/toysmaniacornermonaco.com\/produit\/1-18-ferrari-296-gtb-grise-et-jaune\/\",\"url\":\"https:\/\/toysmaniacornermonaco.com\/produit\/1-18-ferrari-296-gtb-grise-et-jaune\/\",\"name\":\"1\/18 FERRARI - 296 GTB -GRISE ET JAUNE - TOY&#039;S MANIA\",\"isPartOf\":{\"@id\":\"https:\/\/toysmaniacornermonaco.com\/#website\"},\"primaryImageOfPage\":{\"@id\":\"https:\/\/toysmaniacornermonaco.com\/produit\/1-18-ferrari-296-gtb-grise-et-jaune\/#primaryimage\"},\"image\":{\"@id\":\"https:\/\/toysmaniacornermonaco.com\/produit\/1-18-ferrari-296-gtb-grise-et-jaune\/#primaryimage\"},\"thumbnailUrl\":\"https:\/\/toysmaniacornermonaco.com\/wp-content\/uploads\/2025\/02\/81ClKCjQSxL._AC_SL1500_-1.jpg\",\"datePublished\":\"2025-02-08T16:45:25+00:00\",\"dateModified\":\"2025-02-08T16:53:50+00:00\",\"breadcrumb\":{\"@id\":\"https:\/\/toysmaniacornermonaco.com\/produit\/1-18-ferrari-296-gtb-grise-et-jaune\/#breadcrumb\"},\"inLanguage\":\"en-US\",\"potentialAction\":[{\"@type\":\"ReadAction\",\"target\":[\"https:\/\/toysmaniacornermonaco.com\/produit\/1-18-ferrari-296-gtb-grise-et-jaune\/\"]}]},{\"@type\":\"ImageObject\",\"inLanguage\":\"en-US\",\"@id\":\"https:\/\/toysmaniacornermonaco.com\/produit\/1-18-ferrari-296-gtb-grise-et-jaune\/#primaryimage\",\"url\":\"https:\/\/toysmaniacornermonaco.com\/wp-content\/uploads\/2025\/02\/81ClKCjQSxL._AC_SL1500_-1.jpg\",\"contentUrl\":\"https:\/\/toysmaniacornermonaco.com\/wp-content\/uploads\/2025\/02\/81ClKCjQSxL._AC_SL1500_-1.jpg\",\"width\":1500,\"height\":698},{\"@type\":\"BreadcrumbList\",\"@id\":\"https:\/\/toysmaniacornermonaco.com\/produit\/1-18-ferrari-296-gtb-grise-et-jaune\/#breadcrumb\",\"itemListElement\":[{\"@type\":\"ListItem\",\"position\":1,\"name\":\"Accueil\",\"item\":\"https:\/\/toysmaniacornermonaco.com\/en\/\"},{\"@type\":\"ListItem\",\"position\":2,\"name\":\"Shop\",\"item\":\"https:\/\/toysmaniacornermonaco.com\/en\/shop\/\"},{\"@type\":\"ListItem\",\"position\":3,\"name\":\"1\/18 FERRARI &#8211; 296 GTB -GRISE ET JAUNE\"}]},{\"@type\":\"WebSite\",\"@id\":\"https:\/\/toysmaniacornermonaco.com\/#website\",\"url\":\"https:\/\/toysmaniacornermonaco.com\/\",\"name\":\"TOY&#039;S MANIA\",\"description\":\"VOTRE CONCEPT STORE \u00c0 MONACO\",\"potentialAction\":[{\"@type\":\"SearchAction\",\"target\":{\"@type\":\"EntryPoint\",\"urlTemplate\":\"https:\/\/toysmaniacornermonaco.com\/?s={search_term_string}\"},\"query-input\":\"required name=search_term_string\"}],\"inLanguage\":\"en-US\"}]}<\/script>\n<!-- \/ Yoast SEO plugin. -->","yoast_head_json":{"title":"1\/18 FERRARI - 296 GTB -GRISE ET JAUNE - TOY&#039;S MANIA","robots":{"index":"index","follow":"follow","max-snippet":"max-snippet:-1","max-image-preview":"max-image-preview:large","max-video-preview":"max-video-preview:-1"},"canonical":"https:\/\/toysmaniacornermonaco.com\/produit\/1-18-ferrari-296-gtb-grise-et-jaune\/","og_locale":"en_US","og_type":"article","og_title":"1\/18 FERRARI - 296 GTB -GRISE ET JAUNE - TOY&#039;S MANIA","og_description":"Nom : Ferrari 296 GTB 1\/18 Grey &amp; Yellow Marque : Bburago R\u00e9f\u00e9rence : 16017GR Dimensions : 30,5 x 12,7 x 8,9 cm) Mati\u00e8re : M\u00e9tal moul\u00e9 sous pression avec pi\u00e8ces en plastique La Ferrari 296 GTB 1\/18 Grey &amp; Yellow de Bburago est une r\u00e9plique fid\u00e8le de la supercar hybride V6 de Ferrari. Ce... View Article","og_url":"https:\/\/toysmaniacornermonaco.com\/produit\/1-18-ferrari-296-gtb-grise-et-jaune\/","og_site_name":"TOY&#039;S MANIA","article_modified_time":"2025-02-08T16:53:50+00:00","og_image":[{"width":1500,"height":698,"url":"https:\/\/toysmaniacornermonaco.com\/wp-content\/uploads\/2025\/02\/81ClKCjQSxL._AC_SL1500_-1.jpg","type":"image\/jpeg"}],"twitter_card":"summary_large_image","twitter_misc":{"Est. reading time":"1 minute"},"schema":{"@context":"https:\/\/schema.org","@graph":[{"@type":"WebPage","@id":"https:\/\/toysmaniacornermonaco.com\/produit\/1-18-ferrari-296-gtb-grise-et-jaune\/","url":"https:\/\/toysmaniacornermonaco.com\/produit\/1-18-ferrari-296-gtb-grise-et-jaune\/","name":"1\/18 FERRARI - 296 GTB -GRISE ET JAUNE - TOY&#039;S MANIA","isPartOf":{"@id":"https:\/\/toysmaniacornermonaco.com\/#website"},"primaryImageOfPage":{"@id":"https:\/\/toysmaniacornermonaco.com\/produit\/1-18-ferrari-296-gtb-grise-et-jaune\/#primaryimage"},"image":{"@id":"https:\/\/toysmaniacornermonaco.com\/produit\/1-18-ferrari-296-gtb-grise-et-jaune\/#primaryimage"},"thumbnailUrl":"https:\/\/toysmaniacornermonaco.com\/wp-content\/uploads\/2025\/02\/81ClKCjQSxL._AC_SL1500_-1.jpg","datePublished":"2025-02-08T16:45:25+00:00","dateModified":"2025-02-08T16:53:50+00:00","breadcrumb":{"@id":"https:\/\/toysmaniacornermonaco.com\/produit\/1-18-ferrari-296-gtb-grise-et-jaune\/#breadcrumb"},"inLanguage":"en-US","potentialAction":[{"@type":"ReadAction","target":["https:\/\/toysmaniacornermonaco.com\/produit\/1-18-ferrari-296-gtb-grise-et-jaune\/"]}]},{"@type":"ImageObject","inLanguage":"en-US","@id":"https:\/\/toysmaniacornermonaco.com\/produit\/1-18-ferrari-296-gtb-grise-et-jaune\/#primaryimage","url":"https:\/\/toysmaniacornermonaco.com\/wp-content\/uploads\/2025\/02\/81ClKCjQSxL._AC_SL1500_-1.jpg","contentUrl":"https:\/\/toysmaniacornermonaco.com\/wp-content\/uploads\/2025\/02\/81ClKCjQSxL._AC_SL1500_-1.jpg","width":1500,"height":698},{"@type":"BreadcrumbList","@id":"https:\/\/toysmaniacornermonaco.com\/produit\/1-18-ferrari-296-gtb-grise-et-jaune\/#breadcrumb","itemListElement":[{"@type":"ListItem","position":1,"name":"Accueil","item":"https:\/\/toysmaniacornermonaco.com\/en\/"},{"@type":"ListItem","position":2,"name":"Shop","item":"https:\/\/toysmaniacornermonaco.com\/en\/shop\/"},{"@type":"ListItem","position":3,"name":"1\/18 FERRARI &#8211; 296 GTB -GRISE ET JAUNE"}]},{"@type":"WebSite","@id":"https:\/\/toysmaniacornermonaco.com\/#website","url":"https:\/\/toysmaniacornermonaco.com\/","name":"TOY&#039;S MANIA","description":"VOTRE CONCEPT STORE \u00c0 MONACO","potentialAction":[{"@type":"SearchAction","target":{"@type":"EntryPoint","urlTemplate":"https:\/\/toysmaniacornermonaco.com\/?s={search_term_string}"},"query-input":"required name=search_term_string"}],"inLanguage":"en-US"}]}},"_links":{"self":[{"href":"https:\/\/toysmaniacornermonaco.com\/en\/wp-json\/wp\/v2\/product\/5572","targetHints":{"allow":["GET"]}}],"collection":[{"href":"https:\/\/toysmaniacornermonaco.com\/en\/wp-json\/wp\/v2\/product"}],"about":[{"href":"https:\/\/toysmaniacornermonaco.com\/en\/wp-json\/wp\/v2\/types\/product"}],"replies":[{"embeddable":true,"href":"https:\/\/toysmaniacornermonaco.com\/en\/wp-json\/wp\/v2\/comments?post=5572"}],"wp:featuredmedia":[{"embeddable":true,"href":"https:\/\/toysmaniacornermonaco.com\/en\/wp-json\/wp\/v2\/media\/5573"}],"wp:attachment":[{"href":"https:\/\/toysmaniacornermonaco.com\/en\/wp-json\/wp\/v2\/media?parent=5572"}],"wp:term":[{"taxonomy":"product_cat","embeddable":true,"href":"https:\/\/toysmaniacornermonaco.com\/en\/wp-json\/wp\/v2\/product_cat?post=5572"},{"taxonomy":"product_tag","embeddable":true,"href":"https:\/\/toysmaniacornermonaco.com\/en\/wp-json\/wp\/v2\/product_tag?post=5572"}],"curies":[{"name":"wp","href":"https:\/\/api.w.org\/{rel}","templated":true}]}}