{"id":5581,"date":"2025-02-09T09:06:24","date_gmt":"2025-02-09T08:06:24","guid":{"rendered":"https:\/\/toysmaniacornermonaco.com\/?post_type=product&#038;p=5581"},"modified":"2025-02-09T09:13:33","modified_gmt":"2025-02-09T08:13:33","slug":"d-1-18-ferrari-fxx-k-evo-blanc","status":"publish","type":"product","link":"https:\/\/toysmaniacornermonaco.com\/en\/produit\/d-1-18-ferrari-fxx-k-evo-blanc\/","title":{"rendered":"D- 1\/18 FERRARI FXX K EVO BLANC"},"content":{"rendered":"<div class=\"flex-shrink-0 flex flex-col relative items-end\">\n<div class=\"pt-0\">\n<div class=\"gizmo-bot-avatar flex h-8 w-8 items-center justify-center overflow-hidden rounded-full\">\n<div class=\"relative p-1 rounded-sm flex items-center justify-center bg-token-main-surface-primary text-token-text-primary h-8 w-8\">\n<div class=\"flex-shrink-0 flex flex-col relative items-end\">\n<div class=\"pt-0\">\n<div class=\"gizmo-bot-avatar flex h-8 w-8 items-center justify-center overflow-hidden rounded-full\">\n<div class=\"relative p-1 rounded-sm flex items-center justify-center bg-token-main-surface-primary text-token-text-primary h-8 w-8\">\n<p><strong>Nom<\/strong> : Ferrari FXX K Evo 1\/18<\/p>\n<p><strong>Marque<\/strong> : Bburago<br \/>\n<strong>R\u00e9f\u00e9rence<\/strong> : 16012<br \/>\n<strong>Dimensions<\/strong> :\u00a0 30,5 x 12,7 x 8,9 cm<br \/>\n<strong>Mati\u00e8re<\/strong> : M\u00e9tal moul\u00e9 sous pression avec pi\u00e8ces en plastique<\/p>\n<p>La <strong>Ferrari FXX K Evo 1\/18<\/strong> de Bburago est une r\u00e9plique d\u00e9taill\u00e9e de la version extr\u00eame et exclusive de la FXX K, d\u00e9velopp\u00e9e pour la piste. Ce mod\u00e8le r\u00e9duit en m\u00e9tal moul\u00e9 sous pression pr\u00e9sente une finition blanche \u00e9l\u00e9gante, des portes ouvrantes et un int\u00e9rieur fid\u00e8lement reproduit. Son design agressif, son imposant aileron et ses d\u00e9tails soign\u00e9s en font une pi\u00e8ce incontournable pour les collectionneurs et les passionn\u00e9s de voitures de course Ferrari.<\/p>\n<\/div>\n<\/div>\n<\/div>\n<\/div>\n<\/div>\n<\/div>\n<\/div>\n<\/div>\n","protected":false},"excerpt":{"rendered":"Nom : Ferrari FXX K Evo 1\/18 Marque : Bburago R\u00e9f\u00e9rence : 16012 Dimensions :\u00a0 30,5 x 12,7 x 8,9 cm Mati\u00e8re : M\u00e9tal moul\u00e9 sous pression avec pi\u00e8ces en plastique La Ferrari FXX K Evo 1\/18 de Bburago est une r\u00e9plique d\u00e9taill\u00e9e de la version extr\u00eame et exclusive de la FXX K, d\u00e9velopp\u00e9e pour&#8230; <a class=\"view-article\" href=\"https:\/\/toysmaniacornermonaco.com\/en\/produit\/d-1-18-ferrari-fxx-k-evo-blanc\/\">View Article<\/a>","protected":false},"featured_media":5582,"comment_status":"closed","ping_status":"closed","template":"","meta":{"_acf_changed":false},"product_cat":[380,384],"product_tag":[],"class_list":{"0":"post-5581","1":"product","2":"type-product","3":"status-publish","4":"has-post-thumbnail","6":"marque-bburago","7":"marque-ferrari","8":"idee_cadeau-enfants","9":"idee_cadeau-hommes","10":"idee_cadeau-noel","11":"product_cat-decoration","12":"product_cat-jeux-et-jouets","14":"first","15":"instock","16":"taxable","17":"shipping-taxable","18":"purchasable","19":"product-type-simple"},"acf":[],"yoast_head":"<!-- This site is optimized with the Yoast SEO plugin v22.3 - https:\/\/yoast.com\/wordpress\/plugins\/seo\/ -->\n<title>D- 1\/18 FERRARI FXX K EVO BLANC - TOY&#039;S MANIA<\/title>\n<meta name=\"robots\" content=\"index, follow, max-snippet:-1, max-image-preview:large, max-video-preview:-1\" \/>\n<link rel=\"canonical\" href=\"https:\/\/toysmaniacornermonaco.com\/produit\/d-1-18-ferrari-fxx-k-evo-blanc\/\" \/>\n<meta property=\"og:locale\" content=\"en_US\" \/>\n<meta property=\"og:type\" content=\"article\" \/>\n<meta property=\"og:title\" content=\"D- 1\/18 FERRARI FXX K EVO BLANC - TOY&#039;S MANIA\" \/>\n<meta property=\"og:description\" content=\"Nom : Ferrari FXX K Evo 1\/18 Marque : Bburago R\u00e9f\u00e9rence : 16012 Dimensions :\u00a0 30,5 x 12,7 x 8,9 cm Mati\u00e8re : M\u00e9tal moul\u00e9 sous pression avec pi\u00e8ces en plastique La Ferrari FXX K Evo 1\/18 de Bburago est une r\u00e9plique d\u00e9taill\u00e9e de la version extr\u00eame et exclusive de la FXX K, d\u00e9velopp\u00e9e pour... View Article\" \/>\n<meta property=\"og:url\" content=\"https:\/\/toysmaniacornermonaco.com\/produit\/d-1-18-ferrari-fxx-k-evo-blanc\/\" \/>\n<meta property=\"og:site_name\" content=\"TOY&#039;S MANIA\" \/>\n<meta property=\"article:modified_time\" content=\"2025-02-09T08:13:33+00:00\" \/>\n<meta property=\"og:image\" content=\"https:\/\/toysmaniacornermonaco.com\/wp-content\/uploads\/2025\/02\/EVO.jpg\" \/>\n\t<meta property=\"og:image:width\" content=\"450\" \/>\n\t<meta property=\"og:image:height\" content=\"450\" \/>\n\t<meta property=\"og:image:type\" content=\"image\/jpeg\" \/>\n<meta name=\"twitter:card\" content=\"summary_large_image\" \/>\n<meta name=\"twitter:label1\" content=\"Est. reading time\" \/>\n\t<meta name=\"twitter:data1\" content=\"1 minute\" \/>\n<script type=\"application\/ld+json\" class=\"yoast-schema-graph\">{\"@context\":\"https:\/\/schema.org\",\"@graph\":[{\"@type\":\"WebPage\",\"@id\":\"https:\/\/toysmaniacornermonaco.com\/produit\/d-1-18-ferrari-fxx-k-evo-blanc\/\",\"url\":\"https:\/\/toysmaniacornermonaco.com\/produit\/d-1-18-ferrari-fxx-k-evo-blanc\/\",\"name\":\"D- 1\/18 FERRARI FXX K EVO BLANC - TOY&#039;S MANIA\",\"isPartOf\":{\"@id\":\"https:\/\/toysmaniacornermonaco.com\/#website\"},\"primaryImageOfPage\":{\"@id\":\"https:\/\/toysmaniacornermonaco.com\/produit\/d-1-18-ferrari-fxx-k-evo-blanc\/#primaryimage\"},\"image\":{\"@id\":\"https:\/\/toysmaniacornermonaco.com\/produit\/d-1-18-ferrari-fxx-k-evo-blanc\/#primaryimage\"},\"thumbnailUrl\":\"https:\/\/toysmaniacornermonaco.com\/wp-content\/uploads\/2025\/02\/EVO.jpg\",\"datePublished\":\"2025-02-09T08:06:24+00:00\",\"dateModified\":\"2025-02-09T08:13:33+00:00\",\"breadcrumb\":{\"@id\":\"https:\/\/toysmaniacornermonaco.com\/produit\/d-1-18-ferrari-fxx-k-evo-blanc\/#breadcrumb\"},\"inLanguage\":\"en-US\",\"potentialAction\":[{\"@type\":\"ReadAction\",\"target\":[\"https:\/\/toysmaniacornermonaco.com\/produit\/d-1-18-ferrari-fxx-k-evo-blanc\/\"]}]},{\"@type\":\"ImageObject\",\"inLanguage\":\"en-US\",\"@id\":\"https:\/\/toysmaniacornermonaco.com\/produit\/d-1-18-ferrari-fxx-k-evo-blanc\/#primaryimage\",\"url\":\"https:\/\/toysmaniacornermonaco.com\/wp-content\/uploads\/2025\/02\/EVO.jpg\",\"contentUrl\":\"https:\/\/toysmaniacornermonaco.com\/wp-content\/uploads\/2025\/02\/EVO.jpg\",\"width\":450,\"height\":450},{\"@type\":\"BreadcrumbList\",\"@id\":\"https:\/\/toysmaniacornermonaco.com\/produit\/d-1-18-ferrari-fxx-k-evo-blanc\/#breadcrumb\",\"itemListElement\":[{\"@type\":\"ListItem\",\"position\":1,\"name\":\"Accueil\",\"item\":\"https:\/\/toysmaniacornermonaco.com\/en\/\"},{\"@type\":\"ListItem\",\"position\":2,\"name\":\"Shop\",\"item\":\"https:\/\/toysmaniacornermonaco.com\/en\/shop\/\"},{\"@type\":\"ListItem\",\"position\":3,\"name\":\"D- 1\/18 FERRARI FXX K EVO BLANC\"}]},{\"@type\":\"WebSite\",\"@id\":\"https:\/\/toysmaniacornermonaco.com\/#website\",\"url\":\"https:\/\/toysmaniacornermonaco.com\/\",\"name\":\"TOY&#039;S MANIA\",\"description\":\"VOTRE CONCEPT STORE \u00c0 MONACO\",\"potentialAction\":[{\"@type\":\"SearchAction\",\"target\":{\"@type\":\"EntryPoint\",\"urlTemplate\":\"https:\/\/toysmaniacornermonaco.com\/?s={search_term_string}\"},\"query-input\":\"required name=search_term_string\"}],\"inLanguage\":\"en-US\"}]}<\/script>\n<!-- \/ Yoast SEO plugin. -->","yoast_head_json":{"title":"D- 1\/18 FERRARI FXX K EVO BLANC - TOY&#039;S MANIA","robots":{"index":"index","follow":"follow","max-snippet":"max-snippet:-1","max-image-preview":"max-image-preview:large","max-video-preview":"max-video-preview:-1"},"canonical":"https:\/\/toysmaniacornermonaco.com\/produit\/d-1-18-ferrari-fxx-k-evo-blanc\/","og_locale":"en_US","og_type":"article","og_title":"D- 1\/18 FERRARI FXX K EVO BLANC - TOY&#039;S MANIA","og_description":"Nom : Ferrari FXX K Evo 1\/18 Marque : Bburago R\u00e9f\u00e9rence : 16012 Dimensions :\u00a0 30,5 x 12,7 x 8,9 cm Mati\u00e8re : M\u00e9tal moul\u00e9 sous pression avec pi\u00e8ces en plastique La Ferrari FXX K Evo 1\/18 de Bburago est une r\u00e9plique d\u00e9taill\u00e9e de la version extr\u00eame et exclusive de la FXX K, d\u00e9velopp\u00e9e pour... View Article","og_url":"https:\/\/toysmaniacornermonaco.com\/produit\/d-1-18-ferrari-fxx-k-evo-blanc\/","og_site_name":"TOY&#039;S MANIA","article_modified_time":"2025-02-09T08:13:33+00:00","og_image":[{"width":450,"height":450,"url":"https:\/\/toysmaniacornermonaco.com\/wp-content\/uploads\/2025\/02\/EVO.jpg","type":"image\/jpeg"}],"twitter_card":"summary_large_image","twitter_misc":{"Est. reading time":"1 minute"},"schema":{"@context":"https:\/\/schema.org","@graph":[{"@type":"WebPage","@id":"https:\/\/toysmaniacornermonaco.com\/produit\/d-1-18-ferrari-fxx-k-evo-blanc\/","url":"https:\/\/toysmaniacornermonaco.com\/produit\/d-1-18-ferrari-fxx-k-evo-blanc\/","name":"D- 1\/18 FERRARI FXX K EVO BLANC - TOY&#039;S MANIA","isPartOf":{"@id":"https:\/\/toysmaniacornermonaco.com\/#website"},"primaryImageOfPage":{"@id":"https:\/\/toysmaniacornermonaco.com\/produit\/d-1-18-ferrari-fxx-k-evo-blanc\/#primaryimage"},"image":{"@id":"https:\/\/toysmaniacornermonaco.com\/produit\/d-1-18-ferrari-fxx-k-evo-blanc\/#primaryimage"},"thumbnailUrl":"https:\/\/toysmaniacornermonaco.com\/wp-content\/uploads\/2025\/02\/EVO.jpg","datePublished":"2025-02-09T08:06:24+00:00","dateModified":"2025-02-09T08:13:33+00:00","breadcrumb":{"@id":"https:\/\/toysmaniacornermonaco.com\/produit\/d-1-18-ferrari-fxx-k-evo-blanc\/#breadcrumb"},"inLanguage":"en-US","potentialAction":[{"@type":"ReadAction","target":["https:\/\/toysmaniacornermonaco.com\/produit\/d-1-18-ferrari-fxx-k-evo-blanc\/"]}]},{"@type":"ImageObject","inLanguage":"en-US","@id":"https:\/\/toysmaniacornermonaco.com\/produit\/d-1-18-ferrari-fxx-k-evo-blanc\/#primaryimage","url":"https:\/\/toysmaniacornermonaco.com\/wp-content\/uploads\/2025\/02\/EVO.jpg","contentUrl":"https:\/\/toysmaniacornermonaco.com\/wp-content\/uploads\/2025\/02\/EVO.jpg","width":450,"height":450},{"@type":"BreadcrumbList","@id":"https:\/\/toysmaniacornermonaco.com\/produit\/d-1-18-ferrari-fxx-k-evo-blanc\/#breadcrumb","itemListElement":[{"@type":"ListItem","position":1,"name":"Accueil","item":"https:\/\/toysmaniacornermonaco.com\/en\/"},{"@type":"ListItem","position":2,"name":"Shop","item":"https:\/\/toysmaniacornermonaco.com\/en\/shop\/"},{"@type":"ListItem","position":3,"name":"D- 1\/18 FERRARI FXX K EVO BLANC"}]},{"@type":"WebSite","@id":"https:\/\/toysmaniacornermonaco.com\/#website","url":"https:\/\/toysmaniacornermonaco.com\/","name":"TOY&#039;S MANIA","description":"VOTRE CONCEPT STORE \u00c0 MONACO","potentialAction":[{"@type":"SearchAction","target":{"@type":"EntryPoint","urlTemplate":"https:\/\/toysmaniacornermonaco.com\/?s={search_term_string}"},"query-input":"required name=search_term_string"}],"inLanguage":"en-US"}]}},"_links":{"self":[{"href":"https:\/\/toysmaniacornermonaco.com\/en\/wp-json\/wp\/v2\/product\/5581","targetHints":{"allow":["GET"]}}],"collection":[{"href":"https:\/\/toysmaniacornermonaco.com\/en\/wp-json\/wp\/v2\/product"}],"about":[{"href":"https:\/\/toysmaniacornermonaco.com\/en\/wp-json\/wp\/v2\/types\/product"}],"replies":[{"embeddable":true,"href":"https:\/\/toysmaniacornermonaco.com\/en\/wp-json\/wp\/v2\/comments?post=5581"}],"wp:featuredmedia":[{"embeddable":true,"href":"https:\/\/toysmaniacornermonaco.com\/en\/wp-json\/wp\/v2\/media\/5582"}],"wp:attachment":[{"href":"https:\/\/toysmaniacornermonaco.com\/en\/wp-json\/wp\/v2\/media?parent=5581"}],"wp:term":[{"taxonomy":"product_cat","embeddable":true,"href":"https:\/\/toysmaniacornermonaco.com\/en\/wp-json\/wp\/v2\/product_cat?post=5581"},{"taxonomy":"product_tag","embeddable":true,"href":"https:\/\/toysmaniacornermonaco.com\/en\/wp-json\/wp\/v2\/product_tag?post=5581"}],"curies":[{"name":"wp","href":"https:\/\/api.w.org\/{rel}","templated":true}]}}