{"id":5661,"date":"2025-02-15T10:01:00","date_gmt":"2025-02-15T09:01:00","guid":{"rendered":"https:\/\/toysmaniacornermonaco.com\/?post_type=product&#038;p=5661"},"modified":"2025-02-15T10:41:15","modified_gmt":"2025-02-15T09:41:15","slug":"1-24-lambo-terzo-millenio-grise","status":"publish","type":"product","link":"https:\/\/toysmaniacornermonaco.com\/en\/produit\/1-24-lambo-terzo-millenio-grise\/","title":{"rendered":"1\/24 LAMBO TERZO MILLENNIO GRISE"},"content":{"rendered":"<p data-start=\"0\" data-end=\"44\"><strong data-start=\"0\" data-end=\"7\">Nom<\/strong> : Lamborghini Terzo Millennio 1\/24<\/p>\n<p data-start=\"46\" data-end=\"224\"><strong data-start=\"46\" data-end=\"56\">Marque<\/strong> : Bburago<br data-start=\"66\" data-end=\"69\" \/><strong data-start=\"69\" data-end=\"82\">R\u00e9f\u00e9rence<\/strong> : 21094S<br data-start=\"91\" data-end=\"94\" \/><strong data-start=\"94\" data-end=\"108\">Dimensions<\/strong> : 20,3 x 8,9 x 6,4 cm<br data-start=\"155\" data-end=\"158\" \/><strong data-start=\"158\" data-end=\"169\">Mati\u00e8re<\/strong> : M\u00e9tal moul\u00e9 sous pression avec pi\u00e8ces en plastique<\/p>\n<p data-start=\"226\" data-end=\"640\" data-is-last-node=\"\">La <strong data-start=\"229\" data-end=\"265\">Lamborghini Terzo Millennio 1\/24<\/strong> de Bburago est une r\u00e9plique fid\u00e8le du concept-car futuriste d\u00e9velopp\u00e9 par Lamborghini. Avec son design avant-gardiste et ses lignes agressives, ce mod\u00e8le r\u00e9duit en m\u00e9tal moul\u00e9 sous pression arbore une finition grise \u00e9l\u00e9gante, des d\u00e9tails a\u00e9rodynamiques r\u00e9alistes et un int\u00e9rieur fid\u00e8lement reproduit. Id\u00e9al pour les collectionneurs et les passionn\u00e9s de supercars innovantes.<\/p>\n","protected":false},"excerpt":{"rendered":"Nom : Lamborghini Terzo Millennio 1\/24 Marque : BburagoR\u00e9f\u00e9rence : 21094SDimensions : 20,3 x 8,9 x 6,4 cmMati\u00e8re : M\u00e9tal moul\u00e9 sous pression avec pi\u00e8ces en plastique La Lamborghini Terzo Millennio 1\/24 de Bburago est une r\u00e9plique fid\u00e8le du concept-car futuriste d\u00e9velopp\u00e9 par Lamborghini. Avec son design avant-gardiste et ses lignes agressives, ce mod\u00e8le r\u00e9duit&#8230; <a class=\"view-article\" href=\"https:\/\/toysmaniacornermonaco.com\/en\/produit\/1-24-lambo-terzo-millenio-grise\/\">View Article<\/a>","protected":false},"featured_media":5662,"comment_status":"closed","ping_status":"closed","template":"","meta":{"_acf_changed":false},"product_cat":[380,384],"product_tag":[],"class_list":{"0":"post-5661","1":"product","2":"type-product","3":"status-publish","4":"has-post-thumbnail","6":"marque-bburago","7":"marque-lamborghini","8":"idee_cadeau-enfants","9":"idee_cadeau-hommes","10":"idee_cadeau-noel","11":"product_cat-decoration","12":"product_cat-jeux-et-jouets","14":"first","15":"instock","16":"taxable","17":"shipping-taxable","18":"purchasable","19":"product-type-simple"},"acf":[],"yoast_head":"<!-- This site is optimized with the Yoast SEO plugin v22.3 - https:\/\/yoast.com\/wordpress\/plugins\/seo\/ -->\n<title>1\/24 LAMBO TERZO MILLENNIO GRISE - TOY&#039;S MANIA<\/title>\n<meta name=\"robots\" content=\"index, follow, max-snippet:-1, max-image-preview:large, max-video-preview:-1\" \/>\n<link rel=\"canonical\" href=\"https:\/\/toysmaniacornermonaco.com\/produit\/1-24-lambo-terzo-millenio-grise\/\" \/>\n<meta property=\"og:locale\" content=\"en_US\" \/>\n<meta property=\"og:type\" content=\"article\" \/>\n<meta property=\"og:title\" content=\"1\/24 LAMBO TERZO MILLENNIO GRISE - TOY&#039;S MANIA\" \/>\n<meta property=\"og:description\" content=\"Nom : Lamborghini Terzo Millennio 1\/24 Marque : BburagoR\u00e9f\u00e9rence : 21094SDimensions : 20,3 x 8,9 x 6,4 cmMati\u00e8re : M\u00e9tal moul\u00e9 sous pression avec pi\u00e8ces en plastique La Lamborghini Terzo Millennio 1\/24 de Bburago est une r\u00e9plique fid\u00e8le du concept-car futuriste d\u00e9velopp\u00e9 par Lamborghini. Avec son design avant-gardiste et ses lignes agressives, ce mod\u00e8le r\u00e9duit... View Article\" \/>\n<meta property=\"og:url\" content=\"https:\/\/toysmaniacornermonaco.com\/produit\/1-24-lambo-terzo-millenio-grise\/\" \/>\n<meta property=\"og:site_name\" content=\"TOY&#039;S MANIA\" \/>\n<meta property=\"article:modified_time\" content=\"2025-02-15T09:41:15+00:00\" \/>\n<meta property=\"og:image\" content=\"https:\/\/toysmaniacornermonaco.com\/wp-content\/uploads\/2025\/02\/NOIR.webp\" \/>\n\t<meta property=\"og:image:width\" content=\"800\" \/>\n\t<meta property=\"og:image:height\" content=\"427\" \/>\n\t<meta property=\"og:image:type\" content=\"image\/webp\" \/>\n<meta name=\"twitter:card\" content=\"summary_large_image\" \/>\n<meta name=\"twitter:label1\" content=\"Est. reading time\" \/>\n\t<meta name=\"twitter:data1\" content=\"1 minute\" \/>\n<script type=\"application\/ld+json\" class=\"yoast-schema-graph\">{\"@context\":\"https:\/\/schema.org\",\"@graph\":[{\"@type\":\"WebPage\",\"@id\":\"https:\/\/toysmaniacornermonaco.com\/produit\/1-24-lambo-terzo-millenio-grise\/\",\"url\":\"https:\/\/toysmaniacornermonaco.com\/produit\/1-24-lambo-terzo-millenio-grise\/\",\"name\":\"1\/24 LAMBO TERZO MILLENNIO GRISE - TOY&#039;S MANIA\",\"isPartOf\":{\"@id\":\"https:\/\/toysmaniacornermonaco.com\/#website\"},\"primaryImageOfPage\":{\"@id\":\"https:\/\/toysmaniacornermonaco.com\/produit\/1-24-lambo-terzo-millenio-grise\/#primaryimage\"},\"image\":{\"@id\":\"https:\/\/toysmaniacornermonaco.com\/produit\/1-24-lambo-terzo-millenio-grise\/#primaryimage\"},\"thumbnailUrl\":\"https:\/\/toysmaniacornermonaco.com\/wp-content\/uploads\/2025\/02\/NOIR.webp\",\"datePublished\":\"2025-02-15T09:01:00+00:00\",\"dateModified\":\"2025-02-15T09:41:15+00:00\",\"breadcrumb\":{\"@id\":\"https:\/\/toysmaniacornermonaco.com\/produit\/1-24-lambo-terzo-millenio-grise\/#breadcrumb\"},\"inLanguage\":\"en-US\",\"potentialAction\":[{\"@type\":\"ReadAction\",\"target\":[\"https:\/\/toysmaniacornermonaco.com\/produit\/1-24-lambo-terzo-millenio-grise\/\"]}]},{\"@type\":\"ImageObject\",\"inLanguage\":\"en-US\",\"@id\":\"https:\/\/toysmaniacornermonaco.com\/produit\/1-24-lambo-terzo-millenio-grise\/#primaryimage\",\"url\":\"https:\/\/toysmaniacornermonaco.com\/wp-content\/uploads\/2025\/02\/NOIR.webp\",\"contentUrl\":\"https:\/\/toysmaniacornermonaco.com\/wp-content\/uploads\/2025\/02\/NOIR.webp\",\"width\":800,\"height\":427},{\"@type\":\"BreadcrumbList\",\"@id\":\"https:\/\/toysmaniacornermonaco.com\/produit\/1-24-lambo-terzo-millenio-grise\/#breadcrumb\",\"itemListElement\":[{\"@type\":\"ListItem\",\"position\":1,\"name\":\"Accueil\",\"item\":\"https:\/\/toysmaniacornermonaco.com\/en\/\"},{\"@type\":\"ListItem\",\"position\":2,\"name\":\"Shop\",\"item\":\"https:\/\/toysmaniacornermonaco.com\/en\/shop\/\"},{\"@type\":\"ListItem\",\"position\":3,\"name\":\"1\/24 LAMBO TERZO MILLENNIO GRISE\"}]},{\"@type\":\"WebSite\",\"@id\":\"https:\/\/toysmaniacornermonaco.com\/#website\",\"url\":\"https:\/\/toysmaniacornermonaco.com\/\",\"name\":\"TOY&#039;S MANIA\",\"description\":\"VOTRE CONCEPT STORE \u00c0 MONACO\",\"potentialAction\":[{\"@type\":\"SearchAction\",\"target\":{\"@type\":\"EntryPoint\",\"urlTemplate\":\"https:\/\/toysmaniacornermonaco.com\/?s={search_term_string}\"},\"query-input\":\"required name=search_term_string\"}],\"inLanguage\":\"en-US\"}]}<\/script>\n<!-- \/ Yoast SEO plugin. -->","yoast_head_json":{"title":"1\/24 LAMBO TERZO MILLENNIO GRISE - TOY&#039;S MANIA","robots":{"index":"index","follow":"follow","max-snippet":"max-snippet:-1","max-image-preview":"max-image-preview:large","max-video-preview":"max-video-preview:-1"},"canonical":"https:\/\/toysmaniacornermonaco.com\/produit\/1-24-lambo-terzo-millenio-grise\/","og_locale":"en_US","og_type":"article","og_title":"1\/24 LAMBO TERZO MILLENNIO GRISE - TOY&#039;S MANIA","og_description":"Nom : Lamborghini Terzo Millennio 1\/24 Marque : BburagoR\u00e9f\u00e9rence : 21094SDimensions : 20,3 x 8,9 x 6,4 cmMati\u00e8re : M\u00e9tal moul\u00e9 sous pression avec pi\u00e8ces en plastique La Lamborghini Terzo Millennio 1\/24 de Bburago est une r\u00e9plique fid\u00e8le du concept-car futuriste d\u00e9velopp\u00e9 par Lamborghini. Avec son design avant-gardiste et ses lignes agressives, ce mod\u00e8le r\u00e9duit... View Article","og_url":"https:\/\/toysmaniacornermonaco.com\/produit\/1-24-lambo-terzo-millenio-grise\/","og_site_name":"TOY&#039;S MANIA","article_modified_time":"2025-02-15T09:41:15+00:00","og_image":[{"width":800,"height":427,"url":"https:\/\/toysmaniacornermonaco.com\/wp-content\/uploads\/2025\/02\/NOIR.webp","type":"image\/webp"}],"twitter_card":"summary_large_image","twitter_misc":{"Est. reading time":"1 minute"},"schema":{"@context":"https:\/\/schema.org","@graph":[{"@type":"WebPage","@id":"https:\/\/toysmaniacornermonaco.com\/produit\/1-24-lambo-terzo-millenio-grise\/","url":"https:\/\/toysmaniacornermonaco.com\/produit\/1-24-lambo-terzo-millenio-grise\/","name":"1\/24 LAMBO TERZO MILLENNIO GRISE - TOY&#039;S MANIA","isPartOf":{"@id":"https:\/\/toysmaniacornermonaco.com\/#website"},"primaryImageOfPage":{"@id":"https:\/\/toysmaniacornermonaco.com\/produit\/1-24-lambo-terzo-millenio-grise\/#primaryimage"},"image":{"@id":"https:\/\/toysmaniacornermonaco.com\/produit\/1-24-lambo-terzo-millenio-grise\/#primaryimage"},"thumbnailUrl":"https:\/\/toysmaniacornermonaco.com\/wp-content\/uploads\/2025\/02\/NOIR.webp","datePublished":"2025-02-15T09:01:00+00:00","dateModified":"2025-02-15T09:41:15+00:00","breadcrumb":{"@id":"https:\/\/toysmaniacornermonaco.com\/produit\/1-24-lambo-terzo-millenio-grise\/#breadcrumb"},"inLanguage":"en-US","potentialAction":[{"@type":"ReadAction","target":["https:\/\/toysmaniacornermonaco.com\/produit\/1-24-lambo-terzo-millenio-grise\/"]}]},{"@type":"ImageObject","inLanguage":"en-US","@id":"https:\/\/toysmaniacornermonaco.com\/produit\/1-24-lambo-terzo-millenio-grise\/#primaryimage","url":"https:\/\/toysmaniacornermonaco.com\/wp-content\/uploads\/2025\/02\/NOIR.webp","contentUrl":"https:\/\/toysmaniacornermonaco.com\/wp-content\/uploads\/2025\/02\/NOIR.webp","width":800,"height":427},{"@type":"BreadcrumbList","@id":"https:\/\/toysmaniacornermonaco.com\/produit\/1-24-lambo-terzo-millenio-grise\/#breadcrumb","itemListElement":[{"@type":"ListItem","position":1,"name":"Accueil","item":"https:\/\/toysmaniacornermonaco.com\/en\/"},{"@type":"ListItem","position":2,"name":"Shop","item":"https:\/\/toysmaniacornermonaco.com\/en\/shop\/"},{"@type":"ListItem","position":3,"name":"1\/24 LAMBO TERZO MILLENNIO GRISE"}]},{"@type":"WebSite","@id":"https:\/\/toysmaniacornermonaco.com\/#website","url":"https:\/\/toysmaniacornermonaco.com\/","name":"TOY&#039;S MANIA","description":"VOTRE CONCEPT STORE \u00c0 MONACO","potentialAction":[{"@type":"SearchAction","target":{"@type":"EntryPoint","urlTemplate":"https:\/\/toysmaniacornermonaco.com\/?s={search_term_string}"},"query-input":"required name=search_term_string"}],"inLanguage":"en-US"}]}},"_links":{"self":[{"href":"https:\/\/toysmaniacornermonaco.com\/en\/wp-json\/wp\/v2\/product\/5661","targetHints":{"allow":["GET"]}}],"collection":[{"href":"https:\/\/toysmaniacornermonaco.com\/en\/wp-json\/wp\/v2\/product"}],"about":[{"href":"https:\/\/toysmaniacornermonaco.com\/en\/wp-json\/wp\/v2\/types\/product"}],"replies":[{"embeddable":true,"href":"https:\/\/toysmaniacornermonaco.com\/en\/wp-json\/wp\/v2\/comments?post=5661"}],"wp:featuredmedia":[{"embeddable":true,"href":"https:\/\/toysmaniacornermonaco.com\/en\/wp-json\/wp\/v2\/media\/5662"}],"wp:attachment":[{"href":"https:\/\/toysmaniacornermonaco.com\/en\/wp-json\/wp\/v2\/media?parent=5661"}],"wp:term":[{"taxonomy":"product_cat","embeddable":true,"href":"https:\/\/toysmaniacornermonaco.com\/en\/wp-json\/wp\/v2\/product_cat?post=5661"},{"taxonomy":"product_tag","embeddable":true,"href":"https:\/\/toysmaniacornermonaco.com\/en\/wp-json\/wp\/v2\/product_tag?post=5661"}],"curies":[{"name":"wp","href":"https:\/\/api.w.org\/{rel}","templated":true}]}}