{"id":5709,"date":"2025-02-15T12:06:15","date_gmt":"2025-02-15T11:06:15","guid":{"rendered":"https:\/\/toysmaniacornermonaco.com\/?post_type=product&#038;p=5709"},"modified":"2025-02-15T15:18:28","modified_gmt":"2025-02-15T14:18:28","slug":"1-24-mercedes-300-sl-1954-rouge","status":"publish","type":"product","link":"https:\/\/toysmaniacornermonaco.com\/en\/produit\/1-24-mercedes-300-sl-1954-rouge\/","title":{"rendered":"1\/24 MERCEDES 300 SL 1954 ROUGE"},"content":{"rendered":"<p><strong>Nom<\/strong> : Mercedes-Benz 300 SL 1\/24<\/p>\n<p><strong>Marque<\/strong> : Bburago Maisto France<br \/>\n<strong>R\u00e9f\u00e9rence<\/strong> : 22023<br \/>\n<strong>Dimensions<\/strong> : 20,3 x 8,9 x 6,4 cm<br \/>\n<strong>Mati\u00e8re<\/strong> : M\u00e9tal moul\u00e9 sous pression avec pi\u00e8ces en plastique<\/p>\n<p>La <strong>Mercedes-Benz 300 SL 1\/24<\/strong> de Bburago est une r\u00e9plique fid\u00e8le de l\u2019iconique voiture de sport des ann\u00e9es 1950, c\u00e9l\u00e8bre pour ses portes papillon et son design \u00e9l\u00e9gant. Ce mod\u00e8le r\u00e9duit en m\u00e9tal moul\u00e9 sous pression pr\u00e9sente des portes ouvrantes, un int\u00e9rieur finement d\u00e9taill\u00e9 et une finition soign\u00e9e qui ravira les collectionneurs et passionn\u00e9s d\u2019automobiles classiques. Une pi\u00e8ce incontournable pour tout amateur de mod\u00e8les r\u00e9duits.<\/p>\n","protected":false},"excerpt":{"rendered":"Nom : Mercedes-Benz 300 SL 1\/24 Marque : Bburago Maisto France R\u00e9f\u00e9rence : 22023 Dimensions : 20,3 x 8,9 x 6,4 cm Mati\u00e8re : M\u00e9tal moul\u00e9 sous pression avec pi\u00e8ces en plastique La Mercedes-Benz 300 SL 1\/24 de Bburago est une r\u00e9plique fid\u00e8le de l\u2019iconique voiture de sport des ann\u00e9es 1950, c\u00e9l\u00e8bre pour ses portes&#8230; <a class=\"view-article\" href=\"https:\/\/toysmaniacornermonaco.com\/en\/produit\/1-24-mercedes-300-sl-1954-rouge\/\">View Article<\/a>","protected":false},"featured_media":5710,"comment_status":"closed","ping_status":"closed","template":"","meta":{"_acf_changed":false},"product_cat":[380,384],"product_tag":[],"class_list":{"0":"post-5709","1":"product","2":"type-product","3":"status-publish","4":"has-post-thumbnail","6":"marque-bburago","7":"idee_cadeau-enfants","8":"idee_cadeau-hommes","9":"idee_cadeau-noel","10":"product_cat-decoration","11":"product_cat-jeux-et-jouets","13":"first","14":"instock","15":"taxable","16":"shipping-taxable","17":"purchasable","18":"product-type-simple"},"acf":[],"yoast_head":"<!-- This site is optimized with the Yoast SEO plugin v22.3 - https:\/\/yoast.com\/wordpress\/plugins\/seo\/ -->\n<title>1\/24 MERCEDES 300 SL 1954 ROUGE - TOY&#039;S MANIA<\/title>\n<meta name=\"robots\" content=\"index, follow, max-snippet:-1, max-image-preview:large, max-video-preview:-1\" \/>\n<link rel=\"canonical\" href=\"https:\/\/toysmaniacornermonaco.com\/produit\/1-24-mercedes-300-sl-1954-rouge\/\" \/>\n<meta property=\"og:locale\" content=\"en_US\" \/>\n<meta property=\"og:type\" content=\"article\" \/>\n<meta property=\"og:title\" content=\"1\/24 MERCEDES 300 SL 1954 ROUGE - TOY&#039;S MANIA\" \/>\n<meta property=\"og:description\" content=\"Nom : Mercedes-Benz 300 SL 1\/24 Marque : Bburago Maisto France R\u00e9f\u00e9rence : 22023 Dimensions : 20,3 x 8,9 x 6,4 cm Mati\u00e8re : M\u00e9tal moul\u00e9 sous pression avec pi\u00e8ces en plastique La Mercedes-Benz 300 SL 1\/24 de Bburago est une r\u00e9plique fid\u00e8le de l\u2019iconique voiture de sport des ann\u00e9es 1950, c\u00e9l\u00e8bre pour ses portes... View Article\" \/>\n<meta property=\"og:url\" content=\"https:\/\/toysmaniacornermonaco.com\/produit\/1-24-mercedes-300-sl-1954-rouge\/\" \/>\n<meta property=\"og:site_name\" content=\"TOY&#039;S MANIA\" \/>\n<meta property=\"article:modified_time\" content=\"2025-02-15T14:18:28+00:00\" \/>\n<meta property=\"og:image\" content=\"https:\/\/toysmaniacornermonaco.com\/wp-content\/uploads\/2025\/02\/81R6y07DGyL._AC_SX425_.jpg\" \/>\n\t<meta property=\"og:image:width\" content=\"425\" \/>\n\t<meta property=\"og:image:height\" content=\"221\" \/>\n\t<meta property=\"og:image:type\" content=\"image\/jpeg\" \/>\n<meta name=\"twitter:card\" content=\"summary_large_image\" \/>\n<meta name=\"twitter:label1\" content=\"Est. reading time\" \/>\n\t<meta name=\"twitter:data1\" content=\"1 minute\" \/>\n<script type=\"application\/ld+json\" class=\"yoast-schema-graph\">{\"@context\":\"https:\/\/schema.org\",\"@graph\":[{\"@type\":\"WebPage\",\"@id\":\"https:\/\/toysmaniacornermonaco.com\/produit\/1-24-mercedes-300-sl-1954-rouge\/\",\"url\":\"https:\/\/toysmaniacornermonaco.com\/produit\/1-24-mercedes-300-sl-1954-rouge\/\",\"name\":\"1\/24 MERCEDES 300 SL 1954 ROUGE - TOY&#039;S MANIA\",\"isPartOf\":{\"@id\":\"https:\/\/toysmaniacornermonaco.com\/#website\"},\"primaryImageOfPage\":{\"@id\":\"https:\/\/toysmaniacornermonaco.com\/produit\/1-24-mercedes-300-sl-1954-rouge\/#primaryimage\"},\"image\":{\"@id\":\"https:\/\/toysmaniacornermonaco.com\/produit\/1-24-mercedes-300-sl-1954-rouge\/#primaryimage\"},\"thumbnailUrl\":\"https:\/\/toysmaniacornermonaco.com\/wp-content\/uploads\/2025\/02\/81R6y07DGyL._AC_SX425_.jpg\",\"datePublished\":\"2025-02-15T11:06:15+00:00\",\"dateModified\":\"2025-02-15T14:18:28+00:00\",\"breadcrumb\":{\"@id\":\"https:\/\/toysmaniacornermonaco.com\/produit\/1-24-mercedes-300-sl-1954-rouge\/#breadcrumb\"},\"inLanguage\":\"en-US\",\"potentialAction\":[{\"@type\":\"ReadAction\",\"target\":[\"https:\/\/toysmaniacornermonaco.com\/produit\/1-24-mercedes-300-sl-1954-rouge\/\"]}]},{\"@type\":\"ImageObject\",\"inLanguage\":\"en-US\",\"@id\":\"https:\/\/toysmaniacornermonaco.com\/produit\/1-24-mercedes-300-sl-1954-rouge\/#primaryimage\",\"url\":\"https:\/\/toysmaniacornermonaco.com\/wp-content\/uploads\/2025\/02\/81R6y07DGyL._AC_SX425_.jpg\",\"contentUrl\":\"https:\/\/toysmaniacornermonaco.com\/wp-content\/uploads\/2025\/02\/81R6y07DGyL._AC_SX425_.jpg\",\"width\":425,\"height\":221},{\"@type\":\"BreadcrumbList\",\"@id\":\"https:\/\/toysmaniacornermonaco.com\/produit\/1-24-mercedes-300-sl-1954-rouge\/#breadcrumb\",\"itemListElement\":[{\"@type\":\"ListItem\",\"position\":1,\"name\":\"Accueil\",\"item\":\"https:\/\/toysmaniacornermonaco.com\/en\/\"},{\"@type\":\"ListItem\",\"position\":2,\"name\":\"Shop\",\"item\":\"https:\/\/toysmaniacornermonaco.com\/en\/shop\/\"},{\"@type\":\"ListItem\",\"position\":3,\"name\":\"1\/24 MERCEDES 300 SL 1954 ROUGE\"}]},{\"@type\":\"WebSite\",\"@id\":\"https:\/\/toysmaniacornermonaco.com\/#website\",\"url\":\"https:\/\/toysmaniacornermonaco.com\/\",\"name\":\"TOY&#039;S MANIA\",\"description\":\"VOTRE CONCEPT STORE \u00c0 MONACO\",\"potentialAction\":[{\"@type\":\"SearchAction\",\"target\":{\"@type\":\"EntryPoint\",\"urlTemplate\":\"https:\/\/toysmaniacornermonaco.com\/?s={search_term_string}\"},\"query-input\":\"required name=search_term_string\"}],\"inLanguage\":\"en-US\"}]}<\/script>\n<!-- \/ Yoast SEO plugin. -->","yoast_head_json":{"title":"1\/24 MERCEDES 300 SL 1954 ROUGE - TOY&#039;S MANIA","robots":{"index":"index","follow":"follow","max-snippet":"max-snippet:-1","max-image-preview":"max-image-preview:large","max-video-preview":"max-video-preview:-1"},"canonical":"https:\/\/toysmaniacornermonaco.com\/produit\/1-24-mercedes-300-sl-1954-rouge\/","og_locale":"en_US","og_type":"article","og_title":"1\/24 MERCEDES 300 SL 1954 ROUGE - TOY&#039;S MANIA","og_description":"Nom : Mercedes-Benz 300 SL 1\/24 Marque : Bburago Maisto France R\u00e9f\u00e9rence : 22023 Dimensions : 20,3 x 8,9 x 6,4 cm Mati\u00e8re : M\u00e9tal moul\u00e9 sous pression avec pi\u00e8ces en plastique La Mercedes-Benz 300 SL 1\/24 de Bburago est une r\u00e9plique fid\u00e8le de l\u2019iconique voiture de sport des ann\u00e9es 1950, c\u00e9l\u00e8bre pour ses portes... View Article","og_url":"https:\/\/toysmaniacornermonaco.com\/produit\/1-24-mercedes-300-sl-1954-rouge\/","og_site_name":"TOY&#039;S MANIA","article_modified_time":"2025-02-15T14:18:28+00:00","og_image":[{"width":425,"height":221,"url":"https:\/\/toysmaniacornermonaco.com\/wp-content\/uploads\/2025\/02\/81R6y07DGyL._AC_SX425_.jpg","type":"image\/jpeg"}],"twitter_card":"summary_large_image","twitter_misc":{"Est. reading time":"1 minute"},"schema":{"@context":"https:\/\/schema.org","@graph":[{"@type":"WebPage","@id":"https:\/\/toysmaniacornermonaco.com\/produit\/1-24-mercedes-300-sl-1954-rouge\/","url":"https:\/\/toysmaniacornermonaco.com\/produit\/1-24-mercedes-300-sl-1954-rouge\/","name":"1\/24 MERCEDES 300 SL 1954 ROUGE - TOY&#039;S MANIA","isPartOf":{"@id":"https:\/\/toysmaniacornermonaco.com\/#website"},"primaryImageOfPage":{"@id":"https:\/\/toysmaniacornermonaco.com\/produit\/1-24-mercedes-300-sl-1954-rouge\/#primaryimage"},"image":{"@id":"https:\/\/toysmaniacornermonaco.com\/produit\/1-24-mercedes-300-sl-1954-rouge\/#primaryimage"},"thumbnailUrl":"https:\/\/toysmaniacornermonaco.com\/wp-content\/uploads\/2025\/02\/81R6y07DGyL._AC_SX425_.jpg","datePublished":"2025-02-15T11:06:15+00:00","dateModified":"2025-02-15T14:18:28+00:00","breadcrumb":{"@id":"https:\/\/toysmaniacornermonaco.com\/produit\/1-24-mercedes-300-sl-1954-rouge\/#breadcrumb"},"inLanguage":"en-US","potentialAction":[{"@type":"ReadAction","target":["https:\/\/toysmaniacornermonaco.com\/produit\/1-24-mercedes-300-sl-1954-rouge\/"]}]},{"@type":"ImageObject","inLanguage":"en-US","@id":"https:\/\/toysmaniacornermonaco.com\/produit\/1-24-mercedes-300-sl-1954-rouge\/#primaryimage","url":"https:\/\/toysmaniacornermonaco.com\/wp-content\/uploads\/2025\/02\/81R6y07DGyL._AC_SX425_.jpg","contentUrl":"https:\/\/toysmaniacornermonaco.com\/wp-content\/uploads\/2025\/02\/81R6y07DGyL._AC_SX425_.jpg","width":425,"height":221},{"@type":"BreadcrumbList","@id":"https:\/\/toysmaniacornermonaco.com\/produit\/1-24-mercedes-300-sl-1954-rouge\/#breadcrumb","itemListElement":[{"@type":"ListItem","position":1,"name":"Accueil","item":"https:\/\/toysmaniacornermonaco.com\/en\/"},{"@type":"ListItem","position":2,"name":"Shop","item":"https:\/\/toysmaniacornermonaco.com\/en\/shop\/"},{"@type":"ListItem","position":3,"name":"1\/24 MERCEDES 300 SL 1954 ROUGE"}]},{"@type":"WebSite","@id":"https:\/\/toysmaniacornermonaco.com\/#website","url":"https:\/\/toysmaniacornermonaco.com\/","name":"TOY&#039;S MANIA","description":"VOTRE CONCEPT STORE \u00c0 MONACO","potentialAction":[{"@type":"SearchAction","target":{"@type":"EntryPoint","urlTemplate":"https:\/\/toysmaniacornermonaco.com\/?s={search_term_string}"},"query-input":"required name=search_term_string"}],"inLanguage":"en-US"}]}},"_links":{"self":[{"href":"https:\/\/toysmaniacornermonaco.com\/en\/wp-json\/wp\/v2\/product\/5709","targetHints":{"allow":["GET"]}}],"collection":[{"href":"https:\/\/toysmaniacornermonaco.com\/en\/wp-json\/wp\/v2\/product"}],"about":[{"href":"https:\/\/toysmaniacornermonaco.com\/en\/wp-json\/wp\/v2\/types\/product"}],"replies":[{"embeddable":true,"href":"https:\/\/toysmaniacornermonaco.com\/en\/wp-json\/wp\/v2\/comments?post=5709"}],"wp:featuredmedia":[{"embeddable":true,"href":"https:\/\/toysmaniacornermonaco.com\/en\/wp-json\/wp\/v2\/media\/5710"}],"wp:attachment":[{"href":"https:\/\/toysmaniacornermonaco.com\/en\/wp-json\/wp\/v2\/media?parent=5709"}],"wp:term":[{"taxonomy":"product_cat","embeddable":true,"href":"https:\/\/toysmaniacornermonaco.com\/en\/wp-json\/wp\/v2\/product_cat?post=5709"},{"taxonomy":"product_tag","embeddable":true,"href":"https:\/\/toysmaniacornermonaco.com\/en\/wp-json\/wp\/v2\/product_tag?post=5709"}],"curies":[{"name":"wp","href":"https:\/\/api.w.org\/{rel}","templated":true}]}}