{"id":5718,"date":"2025-02-15T15:20:27","date_gmt":"2025-02-15T14:20:27","guid":{"rendered":"https:\/\/toysmaniacornermonaco.com\/?post_type=product&#038;p=5718"},"modified":"2025-02-15T16:10:32","modified_gmt":"2025-02-15T15:10:32","slug":"d-1-24-alpine-a110-stradable-bleu","status":"publish","type":"product","link":"https:\/\/toysmaniacornermonaco.com\/en\/produit\/d-1-24-alpine-a110-stradable-bleu\/","title":{"rendered":"D-1\/24 ALPINE A110 STRADABLE BLEU"},"content":{"rendered":"<p data-start=\"47\" data-end=\"92\"><strong data-start=\"47\" data-end=\"54\">Nom<\/strong> : Alpine Renault A110 Stradale 1\/24<\/p>\n<p data-start=\"94\" data-end=\"285\"><strong data-start=\"94\" data-end=\"104\">Marque<\/strong> : Bburago Maisto France<br data-start=\"128\" data-end=\"131\" \/><strong data-start=\"131\" data-end=\"144\">R\u00e9f\u00e9rence<\/strong> : 22093<br data-start=\"152\" data-end=\"155\" \/><strong data-start=\"155\" data-end=\"169\">Dimensions<\/strong> :\u00a0 20,3 x 8,9 x 6,4 cm<br data-start=\"216\" data-end=\"219\" \/><strong data-start=\"219\" data-end=\"230\">Mati\u00e8re<\/strong> : M\u00e9tal moul\u00e9 sous pression avec pi\u00e8ces en plastique<\/p>\n<p data-start=\"287\" data-end=\"664\">La <strong data-start=\"290\" data-end=\"327\">Alpine Renault A110 Stradale 1\/24<\/strong> de Bburago est une r\u00e9plique d\u00e9taill\u00e9e de la c\u00e9l\u00e8bre sportive fran\u00e7aise, connue pour son agilit\u00e9 et son design intemporel. Ce mod\u00e8le r\u00e9duit en m\u00e9tal moul\u00e9 sous pression arbore une finition soign\u00e9e, des portes ouvrantes et un int\u00e9rieur fid\u00e8lement reproduit. Parfaite pour les collectionneurs et les amateurs d&#8217;automobiles embl\u00e9matiques.<\/p>\n","protected":false},"excerpt":{"rendered":"Nom : Alpine Renault A110 Stradale 1\/24 Marque : Bburago Maisto FranceR\u00e9f\u00e9rence : 22093Dimensions :\u00a0 20,3 x 8,9 x 6,4 cmMati\u00e8re : M\u00e9tal moul\u00e9 sous pression avec pi\u00e8ces en plastique La Alpine Renault A110 Stradale 1\/24 de Bburago est une r\u00e9plique d\u00e9taill\u00e9e de la c\u00e9l\u00e8bre sportive fran\u00e7aise, connue pour son agilit\u00e9 et son design intemporel&#8230;. <a class=\"view-article\" href=\"https:\/\/toysmaniacornermonaco.com\/en\/produit\/d-1-24-alpine-a110-stradable-bleu\/\">View Article<\/a>","protected":false},"featured_media":5720,"comment_status":"closed","ping_status":"closed","template":"","meta":{"_acf_changed":false},"product_cat":[380,384],"product_tag":[],"class_list":{"0":"post-5718","1":"product","2":"type-product","3":"status-publish","4":"has-post-thumbnail","6":"marque-alpine","7":"marque-bburago","8":"idee_cadeau-enfants","9":"idee_cadeau-hommes","10":"idee_cadeau-noel","11":"product_cat-decoration","12":"product_cat-jeux-et-jouets","14":"first","15":"instock","16":"taxable","17":"shipping-taxable","18":"purchasable","19":"product-type-simple"},"acf":[],"yoast_head":"<!-- This site is optimized with the Yoast SEO plugin v22.3 - https:\/\/yoast.com\/wordpress\/plugins\/seo\/ -->\n<title>D-1\/24 ALPINE A110 STRADABLE BLEU - TOY&#039;S MANIA<\/title>\n<meta name=\"robots\" content=\"index, follow, max-snippet:-1, max-image-preview:large, max-video-preview:-1\" \/>\n<link rel=\"canonical\" href=\"https:\/\/toysmaniacornermonaco.com\/produit\/d-1-24-alpine-a110-stradable-bleu\/\" \/>\n<meta property=\"og:locale\" content=\"en_US\" \/>\n<meta property=\"og:type\" content=\"article\" \/>\n<meta property=\"og:title\" content=\"D-1\/24 ALPINE A110 STRADABLE BLEU - TOY&#039;S MANIA\" \/>\n<meta property=\"og:description\" content=\"Nom : Alpine Renault A110 Stradale 1\/24 Marque : Bburago Maisto FranceR\u00e9f\u00e9rence : 22093Dimensions :\u00a0 20,3 x 8,9 x 6,4 cmMati\u00e8re : M\u00e9tal moul\u00e9 sous pression avec pi\u00e8ces en plastique La Alpine Renault A110 Stradale 1\/24 de Bburago est une r\u00e9plique d\u00e9taill\u00e9e de la c\u00e9l\u00e8bre sportive fran\u00e7aise, connue pour son agilit\u00e9 et son design intemporel.... View Article\" \/>\n<meta property=\"og:url\" content=\"https:\/\/toysmaniacornermonaco.com\/produit\/d-1-24-alpine-a110-stradable-bleu\/\" \/>\n<meta property=\"og:site_name\" content=\"TOY&#039;S MANIA\" \/>\n<meta property=\"article:modified_time\" content=\"2025-02-15T15:10:32+00:00\" \/>\n<meta property=\"og:image\" content=\"https:\/\/toysmaniacornermonaco.com\/wp-content\/uploads\/2025\/02\/ALPINE.jpg\" \/>\n\t<meta property=\"og:image:width\" content=\"1500\" \/>\n\t<meta property=\"og:image:height\" content=\"738\" \/>\n\t<meta property=\"og:image:type\" content=\"image\/jpeg\" \/>\n<meta name=\"twitter:card\" content=\"summary_large_image\" \/>\n<meta name=\"twitter:label1\" content=\"Est. reading time\" \/>\n\t<meta name=\"twitter:data1\" content=\"1 minute\" \/>\n<script type=\"application\/ld+json\" class=\"yoast-schema-graph\">{\"@context\":\"https:\/\/schema.org\",\"@graph\":[{\"@type\":\"WebPage\",\"@id\":\"https:\/\/toysmaniacornermonaco.com\/produit\/d-1-24-alpine-a110-stradable-bleu\/\",\"url\":\"https:\/\/toysmaniacornermonaco.com\/produit\/d-1-24-alpine-a110-stradable-bleu\/\",\"name\":\"D-1\/24 ALPINE A110 STRADABLE BLEU - TOY&#039;S MANIA\",\"isPartOf\":{\"@id\":\"https:\/\/toysmaniacornermonaco.com\/#website\"},\"primaryImageOfPage\":{\"@id\":\"https:\/\/toysmaniacornermonaco.com\/produit\/d-1-24-alpine-a110-stradable-bleu\/#primaryimage\"},\"image\":{\"@id\":\"https:\/\/toysmaniacornermonaco.com\/produit\/d-1-24-alpine-a110-stradable-bleu\/#primaryimage\"},\"thumbnailUrl\":\"https:\/\/toysmaniacornermonaco.com\/wp-content\/uploads\/2025\/02\/ALPINE.jpg\",\"datePublished\":\"2025-02-15T14:20:27+00:00\",\"dateModified\":\"2025-02-15T15:10:32+00:00\",\"breadcrumb\":{\"@id\":\"https:\/\/toysmaniacornermonaco.com\/produit\/d-1-24-alpine-a110-stradable-bleu\/#breadcrumb\"},\"inLanguage\":\"en-US\",\"potentialAction\":[{\"@type\":\"ReadAction\",\"target\":[\"https:\/\/toysmaniacornermonaco.com\/produit\/d-1-24-alpine-a110-stradable-bleu\/\"]}]},{\"@type\":\"ImageObject\",\"inLanguage\":\"en-US\",\"@id\":\"https:\/\/toysmaniacornermonaco.com\/produit\/d-1-24-alpine-a110-stradable-bleu\/#primaryimage\",\"url\":\"https:\/\/toysmaniacornermonaco.com\/wp-content\/uploads\/2025\/02\/ALPINE.jpg\",\"contentUrl\":\"https:\/\/toysmaniacornermonaco.com\/wp-content\/uploads\/2025\/02\/ALPINE.jpg\",\"width\":1500,\"height\":738},{\"@type\":\"BreadcrumbList\",\"@id\":\"https:\/\/toysmaniacornermonaco.com\/produit\/d-1-24-alpine-a110-stradable-bleu\/#breadcrumb\",\"itemListElement\":[{\"@type\":\"ListItem\",\"position\":1,\"name\":\"Accueil\",\"item\":\"https:\/\/toysmaniacornermonaco.com\/en\/\"},{\"@type\":\"ListItem\",\"position\":2,\"name\":\"Shop\",\"item\":\"https:\/\/toysmaniacornermonaco.com\/en\/shop\/\"},{\"@type\":\"ListItem\",\"position\":3,\"name\":\"D-1\/24 ALPINE A110 STRADABLE BLEU\"}]},{\"@type\":\"WebSite\",\"@id\":\"https:\/\/toysmaniacornermonaco.com\/#website\",\"url\":\"https:\/\/toysmaniacornermonaco.com\/\",\"name\":\"TOY&#039;S MANIA\",\"description\":\"VOTRE CONCEPT STORE \u00c0 MONACO\",\"potentialAction\":[{\"@type\":\"SearchAction\",\"target\":{\"@type\":\"EntryPoint\",\"urlTemplate\":\"https:\/\/toysmaniacornermonaco.com\/?s={search_term_string}\"},\"query-input\":\"required name=search_term_string\"}],\"inLanguage\":\"en-US\"}]}<\/script>\n<!-- \/ Yoast SEO plugin. -->","yoast_head_json":{"title":"D-1\/24 ALPINE A110 STRADABLE BLEU - TOY&#039;S MANIA","robots":{"index":"index","follow":"follow","max-snippet":"max-snippet:-1","max-image-preview":"max-image-preview:large","max-video-preview":"max-video-preview:-1"},"canonical":"https:\/\/toysmaniacornermonaco.com\/produit\/d-1-24-alpine-a110-stradable-bleu\/","og_locale":"en_US","og_type":"article","og_title":"D-1\/24 ALPINE A110 STRADABLE BLEU - TOY&#039;S MANIA","og_description":"Nom : Alpine Renault A110 Stradale 1\/24 Marque : Bburago Maisto FranceR\u00e9f\u00e9rence : 22093Dimensions :\u00a0 20,3 x 8,9 x 6,4 cmMati\u00e8re : M\u00e9tal moul\u00e9 sous pression avec pi\u00e8ces en plastique La Alpine Renault A110 Stradale 1\/24 de Bburago est une r\u00e9plique d\u00e9taill\u00e9e de la c\u00e9l\u00e8bre sportive fran\u00e7aise, connue pour son agilit\u00e9 et son design intemporel.... View Article","og_url":"https:\/\/toysmaniacornermonaco.com\/produit\/d-1-24-alpine-a110-stradable-bleu\/","og_site_name":"TOY&#039;S MANIA","article_modified_time":"2025-02-15T15:10:32+00:00","og_image":[{"width":1500,"height":738,"url":"https:\/\/toysmaniacornermonaco.com\/wp-content\/uploads\/2025\/02\/ALPINE.jpg","type":"image\/jpeg"}],"twitter_card":"summary_large_image","twitter_misc":{"Est. reading time":"1 minute"},"schema":{"@context":"https:\/\/schema.org","@graph":[{"@type":"WebPage","@id":"https:\/\/toysmaniacornermonaco.com\/produit\/d-1-24-alpine-a110-stradable-bleu\/","url":"https:\/\/toysmaniacornermonaco.com\/produit\/d-1-24-alpine-a110-stradable-bleu\/","name":"D-1\/24 ALPINE A110 STRADABLE BLEU - TOY&#039;S MANIA","isPartOf":{"@id":"https:\/\/toysmaniacornermonaco.com\/#website"},"primaryImageOfPage":{"@id":"https:\/\/toysmaniacornermonaco.com\/produit\/d-1-24-alpine-a110-stradable-bleu\/#primaryimage"},"image":{"@id":"https:\/\/toysmaniacornermonaco.com\/produit\/d-1-24-alpine-a110-stradable-bleu\/#primaryimage"},"thumbnailUrl":"https:\/\/toysmaniacornermonaco.com\/wp-content\/uploads\/2025\/02\/ALPINE.jpg","datePublished":"2025-02-15T14:20:27+00:00","dateModified":"2025-02-15T15:10:32+00:00","breadcrumb":{"@id":"https:\/\/toysmaniacornermonaco.com\/produit\/d-1-24-alpine-a110-stradable-bleu\/#breadcrumb"},"inLanguage":"en-US","potentialAction":[{"@type":"ReadAction","target":["https:\/\/toysmaniacornermonaco.com\/produit\/d-1-24-alpine-a110-stradable-bleu\/"]}]},{"@type":"ImageObject","inLanguage":"en-US","@id":"https:\/\/toysmaniacornermonaco.com\/produit\/d-1-24-alpine-a110-stradable-bleu\/#primaryimage","url":"https:\/\/toysmaniacornermonaco.com\/wp-content\/uploads\/2025\/02\/ALPINE.jpg","contentUrl":"https:\/\/toysmaniacornermonaco.com\/wp-content\/uploads\/2025\/02\/ALPINE.jpg","width":1500,"height":738},{"@type":"BreadcrumbList","@id":"https:\/\/toysmaniacornermonaco.com\/produit\/d-1-24-alpine-a110-stradable-bleu\/#breadcrumb","itemListElement":[{"@type":"ListItem","position":1,"name":"Accueil","item":"https:\/\/toysmaniacornermonaco.com\/en\/"},{"@type":"ListItem","position":2,"name":"Shop","item":"https:\/\/toysmaniacornermonaco.com\/en\/shop\/"},{"@type":"ListItem","position":3,"name":"D-1\/24 ALPINE A110 STRADABLE BLEU"}]},{"@type":"WebSite","@id":"https:\/\/toysmaniacornermonaco.com\/#website","url":"https:\/\/toysmaniacornermonaco.com\/","name":"TOY&#039;S MANIA","description":"VOTRE CONCEPT STORE \u00c0 MONACO","potentialAction":[{"@type":"SearchAction","target":{"@type":"EntryPoint","urlTemplate":"https:\/\/toysmaniacornermonaco.com\/?s={search_term_string}"},"query-input":"required name=search_term_string"}],"inLanguage":"en-US"}]}},"_links":{"self":[{"href":"https:\/\/toysmaniacornermonaco.com\/en\/wp-json\/wp\/v2\/product\/5718","targetHints":{"allow":["GET"]}}],"collection":[{"href":"https:\/\/toysmaniacornermonaco.com\/en\/wp-json\/wp\/v2\/product"}],"about":[{"href":"https:\/\/toysmaniacornermonaco.com\/en\/wp-json\/wp\/v2\/types\/product"}],"replies":[{"embeddable":true,"href":"https:\/\/toysmaniacornermonaco.com\/en\/wp-json\/wp\/v2\/comments?post=5718"}],"wp:featuredmedia":[{"embeddable":true,"href":"https:\/\/toysmaniacornermonaco.com\/en\/wp-json\/wp\/v2\/media\/5720"}],"wp:attachment":[{"href":"https:\/\/toysmaniacornermonaco.com\/en\/wp-json\/wp\/v2\/media?parent=5718"}],"wp:term":[{"taxonomy":"product_cat","embeddable":true,"href":"https:\/\/toysmaniacornermonaco.com\/en\/wp-json\/wp\/v2\/product_cat?post=5718"},{"taxonomy":"product_tag","embeddable":true,"href":"https:\/\/toysmaniacornermonaco.com\/en\/wp-json\/wp\/v2\/product_tag?post=5718"}],"curies":[{"name":"wp","href":"https:\/\/api.w.org\/{rel}","templated":true}]}}