{"id":5728,"date":"2025-02-15T16:21:22","date_gmt":"2025-02-15T15:21:22","guid":{"rendered":"https:\/\/toysmaniacornermonaco.com\/?post_type=product&#038;p=5728"},"modified":"2025-02-15T16:40:28","modified_gmt":"2025-02-15T15:40:28","slug":"1-24-ferrari-r-p-laferrari-red","status":"publish","type":"product","link":"https:\/\/toysmaniacornermonaco.com\/en\/produit\/1-24-ferrari-r-p-laferrari-red\/","title":{"rendered":"1\/24 FERRARI R &#038; P LAFERRARI RED"},"content":{"rendered":"<p data-start=\"0\" data-end=\"34\"><strong data-start=\"0\" data-end=\"7\">Nom<\/strong> : Ferrari LaFerrari 1\/24<\/p>\n<p data-start=\"36\" data-end=\"216\"><strong data-start=\"36\" data-end=\"46\">Marque<\/strong> : Bburago<br data-start=\"56\" data-end=\"59\" \/><strong data-start=\"59\" data-end=\"72\">R\u00e9f\u00e9rence<\/strong> : 26001<br data-start=\"83\" data-end=\"86\" \/><strong data-start=\"86\" data-end=\"100\">Dimensions<\/strong> :\u00a0 20,3 x 8,9 x 6,4 cm<br data-start=\"147\" data-end=\"150\" \/><strong data-start=\"150\" data-end=\"161\">Mati\u00e8re<\/strong> : M\u00e9tal moul\u00e9 sous pression avec pi\u00e8ces en plastique<\/p>\n<p data-start=\"218\" data-end=\"643\" data-is-last-node=\"\">La <strong data-start=\"221\" data-end=\"247\">Ferrari LaFerrari 1\/24<\/strong> de Bburago est une r\u00e9plique d\u00e9taill\u00e9e de l\u2019hypercar hybride embl\u00e9matique de la marque italienne. Ce mod\u00e8le r\u00e9duit en m\u00e9tal moul\u00e9 sous pression pr\u00e9sente une \u00e9l\u00e9gante finition rouge, des portes ouvrantes et un int\u00e9rieur fid\u00e8lement reproduit. Avec son design a\u00e9rodynamique et ses d\u00e9tails r\u00e9alistes, cette miniature est un incontournable pour les collectionneurs et les passionn\u00e9s de supercars.<\/p>\n<p data-start=\"218\" data-end=\"643\" data-is-last-node=\"\">\n","protected":false},"excerpt":{"rendered":"Nom : Ferrari LaFerrari 1\/24 Marque : BburagoR\u00e9f\u00e9rence : 26001Dimensions :\u00a0 20,3 x 8,9 x 6,4 cmMati\u00e8re : M\u00e9tal moul\u00e9 sous pression avec pi\u00e8ces en plastique La Ferrari LaFerrari 1\/24 de Bburago est une r\u00e9plique d\u00e9taill\u00e9e de l\u2019hypercar hybride embl\u00e9matique de la marque italienne. Ce mod\u00e8le r\u00e9duit en m\u00e9tal moul\u00e9 sous pression pr\u00e9sente une \u00e9l\u00e9gante&#8230; <a class=\"view-article\" href=\"https:\/\/toysmaniacornermonaco.com\/en\/produit\/1-24-ferrari-r-p-laferrari-red\/\">View Article<\/a>","protected":false},"featured_media":5739,"comment_status":"closed","ping_status":"closed","template":"","meta":{"_acf_changed":false},"product_cat":[380,384],"product_tag":[],"class_list":{"0":"post-5728","1":"product","2":"type-product","3":"status-publish","4":"has-post-thumbnail","6":"marque-bburago","7":"marque-ferrari","8":"idee_cadeau-enfants","9":"idee_cadeau-hommes","10":"idee_cadeau-noel","11":"product_cat-decoration","12":"product_cat-jeux-et-jouets","14":"first","15":"instock","16":"taxable","17":"shipping-taxable","18":"purchasable","19":"product-type-simple"},"acf":[],"yoast_head":"<!-- This site is optimized with the Yoast SEO plugin v22.3 - https:\/\/yoast.com\/wordpress\/plugins\/seo\/ -->\n<title>1\/24 FERRARI R &amp; P LAFERRARI RED - TOY&#039;S MANIA<\/title>\n<meta name=\"robots\" content=\"index, follow, max-snippet:-1, max-image-preview:large, max-video-preview:-1\" \/>\n<link rel=\"canonical\" href=\"https:\/\/toysmaniacornermonaco.com\/produit\/1-24-ferrari-r-p-laferrari-red\/\" \/>\n<meta property=\"og:locale\" content=\"en_US\" \/>\n<meta property=\"og:type\" content=\"article\" \/>\n<meta property=\"og:title\" content=\"1\/24 FERRARI R &amp; P LAFERRARI RED - TOY&#039;S MANIA\" \/>\n<meta property=\"og:description\" content=\"Nom : Ferrari LaFerrari 1\/24 Marque : BburagoR\u00e9f\u00e9rence : 26001Dimensions :\u00a0 20,3 x 8,9 x 6,4 cmMati\u00e8re : M\u00e9tal moul\u00e9 sous pression avec pi\u00e8ces en plastique La Ferrari LaFerrari 1\/24 de Bburago est une r\u00e9plique d\u00e9taill\u00e9e de l\u2019hypercar hybride embl\u00e9matique de la marque italienne. Ce mod\u00e8le r\u00e9duit en m\u00e9tal moul\u00e9 sous pression pr\u00e9sente une \u00e9l\u00e9gante... View Article\" \/>\n<meta property=\"og:url\" content=\"https:\/\/toysmaniacornermonaco.com\/produit\/1-24-ferrari-r-p-laferrari-red\/\" \/>\n<meta property=\"og:site_name\" content=\"TOY&#039;S MANIA\" \/>\n<meta property=\"article:modified_time\" content=\"2025-02-15T15:40:28+00:00\" \/>\n<meta property=\"og:image\" content=\"https:\/\/toysmaniacornermonaco.com\/wp-content\/uploads\/2025\/02\/RP.webp\" \/>\n\t<meta property=\"og:image:width\" content=\"1900\" \/>\n\t<meta property=\"og:image:height\" content=\"1900\" \/>\n\t<meta property=\"og:image:type\" content=\"image\/webp\" \/>\n<meta name=\"twitter:card\" content=\"summary_large_image\" \/>\n<meta name=\"twitter:label1\" content=\"Est. reading time\" \/>\n\t<meta name=\"twitter:data1\" content=\"1 minute\" \/>\n<script type=\"application\/ld+json\" class=\"yoast-schema-graph\">{\"@context\":\"https:\/\/schema.org\",\"@graph\":[{\"@type\":\"WebPage\",\"@id\":\"https:\/\/toysmaniacornermonaco.com\/produit\/1-24-ferrari-r-p-laferrari-red\/\",\"url\":\"https:\/\/toysmaniacornermonaco.com\/produit\/1-24-ferrari-r-p-laferrari-red\/\",\"name\":\"1\/24 FERRARI R & P LAFERRARI RED - TOY&#039;S MANIA\",\"isPartOf\":{\"@id\":\"https:\/\/toysmaniacornermonaco.com\/#website\"},\"primaryImageOfPage\":{\"@id\":\"https:\/\/toysmaniacornermonaco.com\/produit\/1-24-ferrari-r-p-laferrari-red\/#primaryimage\"},\"image\":{\"@id\":\"https:\/\/toysmaniacornermonaco.com\/produit\/1-24-ferrari-r-p-laferrari-red\/#primaryimage\"},\"thumbnailUrl\":\"https:\/\/toysmaniacornermonaco.com\/wp-content\/uploads\/2025\/02\/RP.webp\",\"datePublished\":\"2025-02-15T15:21:22+00:00\",\"dateModified\":\"2025-02-15T15:40:28+00:00\",\"breadcrumb\":{\"@id\":\"https:\/\/toysmaniacornermonaco.com\/produit\/1-24-ferrari-r-p-laferrari-red\/#breadcrumb\"},\"inLanguage\":\"en-US\",\"potentialAction\":[{\"@type\":\"ReadAction\",\"target\":[\"https:\/\/toysmaniacornermonaco.com\/produit\/1-24-ferrari-r-p-laferrari-red\/\"]}]},{\"@type\":\"ImageObject\",\"inLanguage\":\"en-US\",\"@id\":\"https:\/\/toysmaniacornermonaco.com\/produit\/1-24-ferrari-r-p-laferrari-red\/#primaryimage\",\"url\":\"https:\/\/toysmaniacornermonaco.com\/wp-content\/uploads\/2025\/02\/RP.webp\",\"contentUrl\":\"https:\/\/toysmaniacornermonaco.com\/wp-content\/uploads\/2025\/02\/RP.webp\",\"width\":1900,\"height\":1900},{\"@type\":\"BreadcrumbList\",\"@id\":\"https:\/\/toysmaniacornermonaco.com\/produit\/1-24-ferrari-r-p-laferrari-red\/#breadcrumb\",\"itemListElement\":[{\"@type\":\"ListItem\",\"position\":1,\"name\":\"Accueil\",\"item\":\"https:\/\/toysmaniacornermonaco.com\/en\/\"},{\"@type\":\"ListItem\",\"position\":2,\"name\":\"Shop\",\"item\":\"https:\/\/toysmaniacornermonaco.com\/en\/shop\/\"},{\"@type\":\"ListItem\",\"position\":3,\"name\":\"1\/24 FERRARI R &#038; P LAFERRARI RED\"}]},{\"@type\":\"WebSite\",\"@id\":\"https:\/\/toysmaniacornermonaco.com\/#website\",\"url\":\"https:\/\/toysmaniacornermonaco.com\/\",\"name\":\"TOY&#039;S MANIA\",\"description\":\"VOTRE CONCEPT STORE \u00c0 MONACO\",\"potentialAction\":[{\"@type\":\"SearchAction\",\"target\":{\"@type\":\"EntryPoint\",\"urlTemplate\":\"https:\/\/toysmaniacornermonaco.com\/?s={search_term_string}\"},\"query-input\":\"required name=search_term_string\"}],\"inLanguage\":\"en-US\"}]}<\/script>\n<!-- \/ Yoast SEO plugin. -->","yoast_head_json":{"title":"1\/24 FERRARI R & P LAFERRARI RED - TOY&#039;S MANIA","robots":{"index":"index","follow":"follow","max-snippet":"max-snippet:-1","max-image-preview":"max-image-preview:large","max-video-preview":"max-video-preview:-1"},"canonical":"https:\/\/toysmaniacornermonaco.com\/produit\/1-24-ferrari-r-p-laferrari-red\/","og_locale":"en_US","og_type":"article","og_title":"1\/24 FERRARI R & P LAFERRARI RED - TOY&#039;S MANIA","og_description":"Nom : Ferrari LaFerrari 1\/24 Marque : BburagoR\u00e9f\u00e9rence : 26001Dimensions :\u00a0 20,3 x 8,9 x 6,4 cmMati\u00e8re : M\u00e9tal moul\u00e9 sous pression avec pi\u00e8ces en plastique La Ferrari LaFerrari 1\/24 de Bburago est une r\u00e9plique d\u00e9taill\u00e9e de l\u2019hypercar hybride embl\u00e9matique de la marque italienne. Ce mod\u00e8le r\u00e9duit en m\u00e9tal moul\u00e9 sous pression pr\u00e9sente une \u00e9l\u00e9gante... View Article","og_url":"https:\/\/toysmaniacornermonaco.com\/produit\/1-24-ferrari-r-p-laferrari-red\/","og_site_name":"TOY&#039;S MANIA","article_modified_time":"2025-02-15T15:40:28+00:00","og_image":[{"width":1900,"height":1900,"url":"https:\/\/toysmaniacornermonaco.com\/wp-content\/uploads\/2025\/02\/RP.webp","type":"image\/webp"}],"twitter_card":"summary_large_image","twitter_misc":{"Est. reading time":"1 minute"},"schema":{"@context":"https:\/\/schema.org","@graph":[{"@type":"WebPage","@id":"https:\/\/toysmaniacornermonaco.com\/produit\/1-24-ferrari-r-p-laferrari-red\/","url":"https:\/\/toysmaniacornermonaco.com\/produit\/1-24-ferrari-r-p-laferrari-red\/","name":"1\/24 FERRARI R & P LAFERRARI RED - TOY&#039;S MANIA","isPartOf":{"@id":"https:\/\/toysmaniacornermonaco.com\/#website"},"primaryImageOfPage":{"@id":"https:\/\/toysmaniacornermonaco.com\/produit\/1-24-ferrari-r-p-laferrari-red\/#primaryimage"},"image":{"@id":"https:\/\/toysmaniacornermonaco.com\/produit\/1-24-ferrari-r-p-laferrari-red\/#primaryimage"},"thumbnailUrl":"https:\/\/toysmaniacornermonaco.com\/wp-content\/uploads\/2025\/02\/RP.webp","datePublished":"2025-02-15T15:21:22+00:00","dateModified":"2025-02-15T15:40:28+00:00","breadcrumb":{"@id":"https:\/\/toysmaniacornermonaco.com\/produit\/1-24-ferrari-r-p-laferrari-red\/#breadcrumb"},"inLanguage":"en-US","potentialAction":[{"@type":"ReadAction","target":["https:\/\/toysmaniacornermonaco.com\/produit\/1-24-ferrari-r-p-laferrari-red\/"]}]},{"@type":"ImageObject","inLanguage":"en-US","@id":"https:\/\/toysmaniacornermonaco.com\/produit\/1-24-ferrari-r-p-laferrari-red\/#primaryimage","url":"https:\/\/toysmaniacornermonaco.com\/wp-content\/uploads\/2025\/02\/RP.webp","contentUrl":"https:\/\/toysmaniacornermonaco.com\/wp-content\/uploads\/2025\/02\/RP.webp","width":1900,"height":1900},{"@type":"BreadcrumbList","@id":"https:\/\/toysmaniacornermonaco.com\/produit\/1-24-ferrari-r-p-laferrari-red\/#breadcrumb","itemListElement":[{"@type":"ListItem","position":1,"name":"Accueil","item":"https:\/\/toysmaniacornermonaco.com\/en\/"},{"@type":"ListItem","position":2,"name":"Shop","item":"https:\/\/toysmaniacornermonaco.com\/en\/shop\/"},{"@type":"ListItem","position":3,"name":"1\/24 FERRARI R &#038; P LAFERRARI RED"}]},{"@type":"WebSite","@id":"https:\/\/toysmaniacornermonaco.com\/#website","url":"https:\/\/toysmaniacornermonaco.com\/","name":"TOY&#039;S MANIA","description":"VOTRE CONCEPT STORE \u00c0 MONACO","potentialAction":[{"@type":"SearchAction","target":{"@type":"EntryPoint","urlTemplate":"https:\/\/toysmaniacornermonaco.com\/?s={search_term_string}"},"query-input":"required name=search_term_string"}],"inLanguage":"en-US"}]}},"_links":{"self":[{"href":"https:\/\/toysmaniacornermonaco.com\/en\/wp-json\/wp\/v2\/product\/5728","targetHints":{"allow":["GET"]}}],"collection":[{"href":"https:\/\/toysmaniacornermonaco.com\/en\/wp-json\/wp\/v2\/product"}],"about":[{"href":"https:\/\/toysmaniacornermonaco.com\/en\/wp-json\/wp\/v2\/types\/product"}],"replies":[{"embeddable":true,"href":"https:\/\/toysmaniacornermonaco.com\/en\/wp-json\/wp\/v2\/comments?post=5728"}],"wp:featuredmedia":[{"embeddable":true,"href":"https:\/\/toysmaniacornermonaco.com\/en\/wp-json\/wp\/v2\/media\/5739"}],"wp:attachment":[{"href":"https:\/\/toysmaniacornermonaco.com\/en\/wp-json\/wp\/v2\/media?parent=5728"}],"wp:term":[{"taxonomy":"product_cat","embeddable":true,"href":"https:\/\/toysmaniacornermonaco.com\/en\/wp-json\/wp\/v2\/product_cat?post=5728"},{"taxonomy":"product_tag","embeddable":true,"href":"https:\/\/toysmaniacornermonaco.com\/en\/wp-json\/wp\/v2\/product_tag?post=5728"}],"curies":[{"name":"wp","href":"https:\/\/api.w.org\/{rel}","templated":true}]}}