{"id":5750,"date":"2025-02-16T09:18:53","date_gmt":"2025-02-16T08:18:53","guid":{"rendered":"https:\/\/toysmaniacornermonaco.com\/?post_type=product&#038;p=5750"},"modified":"2025-02-16T09:24:16","modified_gmt":"2025-02-16T08:24:16","slug":"1-24-r-p-aperta-rouge","status":"publish","type":"product","link":"https:\/\/toysmaniacornermonaco.com\/en\/produit\/1-24-r-p-aperta-rouge\/","title":{"rendered":"1\/24 R &#038; P APERTA ROUGE"},"content":{"rendered":"<p data-start=\"42\" data-end=\"83\"><strong data-start=\"42\" data-end=\"49\">Nom<\/strong> : Ferrari LaFerrari Aperta 1\/24<\/p>\n<p data-start=\"85\" data-end=\"276\"><strong data-start=\"85\" data-end=\"95\">Marque<\/strong> : Bburago Maisto France<br data-start=\"119\" data-end=\"122\" \/><strong data-start=\"122\" data-end=\"135\">R\u00e9f\u00e9rence<\/strong> : 26022<br data-start=\"143\" data-end=\"146\" \/><strong data-start=\"146\" data-end=\"160\">Dimensions<\/strong> :\u00a0 20,3 x 8,9 x 6,4 cm<br data-start=\"207\" data-end=\"210\" \/><strong data-start=\"210\" data-end=\"221\">Mati\u00e8re<\/strong> : M\u00e9tal moul\u00e9 sous pression avec pi\u00e8ces en plastique<\/p>\n<p data-start=\"278\" data-end=\"710\">La <strong data-start=\"281\" data-end=\"314\">Ferrari LaFerrari Aperta 1\/24<\/strong> de Bburago est une r\u00e9plique fid\u00e8le de l\u2019\u00e9dition d\u00e9capotable de l\u2019hypercar hybride embl\u00e9matique de Ferrari. Ce mod\u00e8le r\u00e9duit en m\u00e9tal moul\u00e9 sous pression arbore une \u00e9l\u00e9gante finition rouge, des portes ouvrantes et un int\u00e9rieur minutieusement d\u00e9taill\u00e9. Avec son design exclusif et ses finitions soign\u00e9es, cette miniature est parfaite pour les collectionneurs et les passionn\u00e9s de supercars.<\/p>\n","protected":false},"excerpt":{"rendered":"Nom : Ferrari LaFerrari Aperta 1\/24 Marque : Bburago Maisto FranceR\u00e9f\u00e9rence : 26022Dimensions :\u00a0 20,3 x 8,9 x 6,4 cmMati\u00e8re : M\u00e9tal moul\u00e9 sous pression avec pi\u00e8ces en plastique La Ferrari LaFerrari Aperta 1\/24 de Bburago est une r\u00e9plique fid\u00e8le de l\u2019\u00e9dition d\u00e9capotable de l\u2019hypercar hybride embl\u00e9matique de Ferrari. Ce mod\u00e8le r\u00e9duit en m\u00e9tal moul\u00e9&#8230; <a class=\"view-article\" href=\"https:\/\/toysmaniacornermonaco.com\/en\/produit\/1-24-r-p-aperta-rouge\/\">View Article<\/a>","protected":false},"featured_media":5751,"comment_status":"closed","ping_status":"closed","template":"","meta":{"_acf_changed":false},"product_cat":[380,384],"product_tag":[],"class_list":{"0":"post-5750","1":"product","2":"type-product","3":"status-publish","4":"has-post-thumbnail","6":"marque-bburago","7":"marque-ferrari","8":"idee_cadeau-enfants","9":"idee_cadeau-hommes","10":"idee_cadeau-noel","11":"product_cat-decoration","12":"product_cat-jeux-et-jouets","14":"first","15":"instock","16":"taxable","17":"shipping-taxable","18":"purchasable","19":"product-type-simple"},"acf":[],"yoast_head":"<!-- This site is optimized with the Yoast SEO plugin v22.3 - https:\/\/yoast.com\/wordpress\/plugins\/seo\/ -->\n<title>1\/24 R &amp; P APERTA ROUGE - TOY&#039;S MANIA<\/title>\n<meta name=\"robots\" content=\"index, follow, max-snippet:-1, max-image-preview:large, max-video-preview:-1\" \/>\n<link rel=\"canonical\" href=\"https:\/\/toysmaniacornermonaco.com\/produit\/1-24-r-p-aperta-rouge\/\" \/>\n<meta property=\"og:locale\" content=\"en_US\" \/>\n<meta property=\"og:type\" content=\"article\" \/>\n<meta property=\"og:title\" content=\"1\/24 R &amp; P APERTA ROUGE - TOY&#039;S MANIA\" \/>\n<meta property=\"og:description\" content=\"Nom : Ferrari LaFerrari Aperta 1\/24 Marque : Bburago Maisto FranceR\u00e9f\u00e9rence : 26022Dimensions :\u00a0 20,3 x 8,9 x 6,4 cmMati\u00e8re : M\u00e9tal moul\u00e9 sous pression avec pi\u00e8ces en plastique La Ferrari LaFerrari Aperta 1\/24 de Bburago est une r\u00e9plique fid\u00e8le de l\u2019\u00e9dition d\u00e9capotable de l\u2019hypercar hybride embl\u00e9matique de Ferrari. Ce mod\u00e8le r\u00e9duit en m\u00e9tal moul\u00e9... View Article\" \/>\n<meta property=\"og:url\" content=\"https:\/\/toysmaniacornermonaco.com\/produit\/1-24-r-p-aperta-rouge\/\" \/>\n<meta property=\"og:site_name\" content=\"TOY&#039;S MANIA\" \/>\n<meta property=\"article:modified_time\" content=\"2025-02-16T08:24:16+00:00\" \/>\n<meta property=\"og:image\" content=\"https:\/\/toysmaniacornermonaco.com\/wp-content\/uploads\/2025\/02\/APERTA.jpg\" \/>\n\t<meta property=\"og:image:width\" content=\"425\" \/>\n\t<meta property=\"og:image:height\" content=\"217\" \/>\n\t<meta property=\"og:image:type\" content=\"image\/jpeg\" \/>\n<meta name=\"twitter:card\" content=\"summary_large_image\" \/>\n<meta name=\"twitter:label1\" content=\"Est. reading time\" \/>\n\t<meta name=\"twitter:data1\" content=\"1 minute\" \/>\n<script type=\"application\/ld+json\" class=\"yoast-schema-graph\">{\"@context\":\"https:\/\/schema.org\",\"@graph\":[{\"@type\":\"WebPage\",\"@id\":\"https:\/\/toysmaniacornermonaco.com\/produit\/1-24-r-p-aperta-rouge\/\",\"url\":\"https:\/\/toysmaniacornermonaco.com\/produit\/1-24-r-p-aperta-rouge\/\",\"name\":\"1\/24 R & P APERTA ROUGE - TOY&#039;S MANIA\",\"isPartOf\":{\"@id\":\"https:\/\/toysmaniacornermonaco.com\/#website\"},\"primaryImageOfPage\":{\"@id\":\"https:\/\/toysmaniacornermonaco.com\/produit\/1-24-r-p-aperta-rouge\/#primaryimage\"},\"image\":{\"@id\":\"https:\/\/toysmaniacornermonaco.com\/produit\/1-24-r-p-aperta-rouge\/#primaryimage\"},\"thumbnailUrl\":\"https:\/\/toysmaniacornermonaco.com\/wp-content\/uploads\/2025\/02\/APERTA.jpg\",\"datePublished\":\"2025-02-16T08:18:53+00:00\",\"dateModified\":\"2025-02-16T08:24:16+00:00\",\"breadcrumb\":{\"@id\":\"https:\/\/toysmaniacornermonaco.com\/produit\/1-24-r-p-aperta-rouge\/#breadcrumb\"},\"inLanguage\":\"en-US\",\"potentialAction\":[{\"@type\":\"ReadAction\",\"target\":[\"https:\/\/toysmaniacornermonaco.com\/produit\/1-24-r-p-aperta-rouge\/\"]}]},{\"@type\":\"ImageObject\",\"inLanguage\":\"en-US\",\"@id\":\"https:\/\/toysmaniacornermonaco.com\/produit\/1-24-r-p-aperta-rouge\/#primaryimage\",\"url\":\"https:\/\/toysmaniacornermonaco.com\/wp-content\/uploads\/2025\/02\/APERTA.jpg\",\"contentUrl\":\"https:\/\/toysmaniacornermonaco.com\/wp-content\/uploads\/2025\/02\/APERTA.jpg\",\"width\":425,\"height\":217},{\"@type\":\"BreadcrumbList\",\"@id\":\"https:\/\/toysmaniacornermonaco.com\/produit\/1-24-r-p-aperta-rouge\/#breadcrumb\",\"itemListElement\":[{\"@type\":\"ListItem\",\"position\":1,\"name\":\"Accueil\",\"item\":\"https:\/\/toysmaniacornermonaco.com\/en\/\"},{\"@type\":\"ListItem\",\"position\":2,\"name\":\"Shop\",\"item\":\"https:\/\/toysmaniacornermonaco.com\/en\/shop\/\"},{\"@type\":\"ListItem\",\"position\":3,\"name\":\"1\/24 R &#038; P APERTA ROUGE\"}]},{\"@type\":\"WebSite\",\"@id\":\"https:\/\/toysmaniacornermonaco.com\/#website\",\"url\":\"https:\/\/toysmaniacornermonaco.com\/\",\"name\":\"TOY&#039;S MANIA\",\"description\":\"VOTRE CONCEPT STORE \u00c0 MONACO\",\"potentialAction\":[{\"@type\":\"SearchAction\",\"target\":{\"@type\":\"EntryPoint\",\"urlTemplate\":\"https:\/\/toysmaniacornermonaco.com\/?s={search_term_string}\"},\"query-input\":\"required name=search_term_string\"}],\"inLanguage\":\"en-US\"}]}<\/script>\n<!-- \/ Yoast SEO plugin. -->","yoast_head_json":{"title":"1\/24 R & P APERTA ROUGE - TOY&#039;S MANIA","robots":{"index":"index","follow":"follow","max-snippet":"max-snippet:-1","max-image-preview":"max-image-preview:large","max-video-preview":"max-video-preview:-1"},"canonical":"https:\/\/toysmaniacornermonaco.com\/produit\/1-24-r-p-aperta-rouge\/","og_locale":"en_US","og_type":"article","og_title":"1\/24 R & P APERTA ROUGE - TOY&#039;S MANIA","og_description":"Nom : Ferrari LaFerrari Aperta 1\/24 Marque : Bburago Maisto FranceR\u00e9f\u00e9rence : 26022Dimensions :\u00a0 20,3 x 8,9 x 6,4 cmMati\u00e8re : M\u00e9tal moul\u00e9 sous pression avec pi\u00e8ces en plastique La Ferrari LaFerrari Aperta 1\/24 de Bburago est une r\u00e9plique fid\u00e8le de l\u2019\u00e9dition d\u00e9capotable de l\u2019hypercar hybride embl\u00e9matique de Ferrari. Ce mod\u00e8le r\u00e9duit en m\u00e9tal moul\u00e9... View Article","og_url":"https:\/\/toysmaniacornermonaco.com\/produit\/1-24-r-p-aperta-rouge\/","og_site_name":"TOY&#039;S MANIA","article_modified_time":"2025-02-16T08:24:16+00:00","og_image":[{"width":425,"height":217,"url":"https:\/\/toysmaniacornermonaco.com\/wp-content\/uploads\/2025\/02\/APERTA.jpg","type":"image\/jpeg"}],"twitter_card":"summary_large_image","twitter_misc":{"Est. reading time":"1 minute"},"schema":{"@context":"https:\/\/schema.org","@graph":[{"@type":"WebPage","@id":"https:\/\/toysmaniacornermonaco.com\/produit\/1-24-r-p-aperta-rouge\/","url":"https:\/\/toysmaniacornermonaco.com\/produit\/1-24-r-p-aperta-rouge\/","name":"1\/24 R & P APERTA ROUGE - TOY&#039;S MANIA","isPartOf":{"@id":"https:\/\/toysmaniacornermonaco.com\/#website"},"primaryImageOfPage":{"@id":"https:\/\/toysmaniacornermonaco.com\/produit\/1-24-r-p-aperta-rouge\/#primaryimage"},"image":{"@id":"https:\/\/toysmaniacornermonaco.com\/produit\/1-24-r-p-aperta-rouge\/#primaryimage"},"thumbnailUrl":"https:\/\/toysmaniacornermonaco.com\/wp-content\/uploads\/2025\/02\/APERTA.jpg","datePublished":"2025-02-16T08:18:53+00:00","dateModified":"2025-02-16T08:24:16+00:00","breadcrumb":{"@id":"https:\/\/toysmaniacornermonaco.com\/produit\/1-24-r-p-aperta-rouge\/#breadcrumb"},"inLanguage":"en-US","potentialAction":[{"@type":"ReadAction","target":["https:\/\/toysmaniacornermonaco.com\/produit\/1-24-r-p-aperta-rouge\/"]}]},{"@type":"ImageObject","inLanguage":"en-US","@id":"https:\/\/toysmaniacornermonaco.com\/produit\/1-24-r-p-aperta-rouge\/#primaryimage","url":"https:\/\/toysmaniacornermonaco.com\/wp-content\/uploads\/2025\/02\/APERTA.jpg","contentUrl":"https:\/\/toysmaniacornermonaco.com\/wp-content\/uploads\/2025\/02\/APERTA.jpg","width":425,"height":217},{"@type":"BreadcrumbList","@id":"https:\/\/toysmaniacornermonaco.com\/produit\/1-24-r-p-aperta-rouge\/#breadcrumb","itemListElement":[{"@type":"ListItem","position":1,"name":"Accueil","item":"https:\/\/toysmaniacornermonaco.com\/en\/"},{"@type":"ListItem","position":2,"name":"Shop","item":"https:\/\/toysmaniacornermonaco.com\/en\/shop\/"},{"@type":"ListItem","position":3,"name":"1\/24 R &#038; P APERTA ROUGE"}]},{"@type":"WebSite","@id":"https:\/\/toysmaniacornermonaco.com\/#website","url":"https:\/\/toysmaniacornermonaco.com\/","name":"TOY&#039;S MANIA","description":"VOTRE CONCEPT STORE \u00c0 MONACO","potentialAction":[{"@type":"SearchAction","target":{"@type":"EntryPoint","urlTemplate":"https:\/\/toysmaniacornermonaco.com\/?s={search_term_string}"},"query-input":"required name=search_term_string"}],"inLanguage":"en-US"}]}},"_links":{"self":[{"href":"https:\/\/toysmaniacornermonaco.com\/en\/wp-json\/wp\/v2\/product\/5750","targetHints":{"allow":["GET"]}}],"collection":[{"href":"https:\/\/toysmaniacornermonaco.com\/en\/wp-json\/wp\/v2\/product"}],"about":[{"href":"https:\/\/toysmaniacornermonaco.com\/en\/wp-json\/wp\/v2\/types\/product"}],"replies":[{"embeddable":true,"href":"https:\/\/toysmaniacornermonaco.com\/en\/wp-json\/wp\/v2\/comments?post=5750"}],"wp:featuredmedia":[{"embeddable":true,"href":"https:\/\/toysmaniacornermonaco.com\/en\/wp-json\/wp\/v2\/media\/5751"}],"wp:attachment":[{"href":"https:\/\/toysmaniacornermonaco.com\/en\/wp-json\/wp\/v2\/media?parent=5750"}],"wp:term":[{"taxonomy":"product_cat","embeddable":true,"href":"https:\/\/toysmaniacornermonaco.com\/en\/wp-json\/wp\/v2\/product_cat?post=5750"},{"taxonomy":"product_tag","embeddable":true,"href":"https:\/\/toysmaniacornermonaco.com\/en\/wp-json\/wp\/v2\/product_tag?post=5750"}],"curies":[{"name":"wp","href":"https:\/\/api.w.org\/{rel}","templated":true}]}}