{"id":5759,"date":"2025-02-16T09:24:33","date_gmt":"2025-02-16T08:24:33","guid":{"rendered":"https:\/\/toysmaniacornermonaco.com\/?post_type=product&#038;p=5759"},"modified":"2025-02-16T09:48:16","modified_gmt":"2025-02-16T08:48:16","slug":"1-24-r-p-250-gt-berlinetta-passo","status":"publish","type":"product","link":"https:\/\/toysmaniacornermonaco.com\/en\/produit\/1-24-r-p-250-gt-berlinetta-passo\/","title":{"rendered":"1\/24 FERRARI R &#038; P 250 GT BERLINETTA PASSO"},"content":{"rendered":"<p data-start=\"60\" data-end=\"114\"><strong data-start=\"60\" data-end=\"67\">Nom<\/strong> : Ferrari 250 GT Berlinetta Passo Corto 1\/24<\/p>\n<p data-start=\"116\" data-end=\"293\"><strong data-start=\"116\" data-end=\"126\">Marque<\/strong> : Bburago<br data-start=\"136\" data-end=\"139\" \/><strong data-start=\"139\" data-end=\"152\">R\u00e9f\u00e9rence<\/strong> : 26025<br data-start=\"160\" data-end=\"163\" \/><strong data-start=\"163\" data-end=\"177\">Dimensions<\/strong> :\u00a0 20,3 x 8,9 x 6,4 cm<br data-start=\"224\" data-end=\"227\" \/><strong data-start=\"227\" data-end=\"238\">Mati\u00e8re<\/strong> : M\u00e9tal moul\u00e9 sous pression avec pi\u00e8ces en plastique<\/p>\n<p data-start=\"295\" data-end=\"716\">La <strong data-start=\"298\" data-end=\"344\">Ferrari 250 GT Berlinetta Passo Corto 1\/24<\/strong> de Bburago est une r\u00e9plique minutieuse de l\u2019une des voitures de sport les plus embl\u00e9matiques des ann\u00e9es 1960. Ce mod\u00e8le r\u00e9duit pr\u00e9sente une finition raffin\u00e9e, des portes ouvrantes et un int\u00e9rieur d\u00e9taill\u00e9. Avec son design intemporel et son allure de l\u00e9gende, cette miniature est un incontournable pour les collectionneurs et les passionn\u00e9s d&#8217;automobiles classiques.<\/p>\n","protected":false},"excerpt":{"rendered":"Nom : Ferrari 250 GT Berlinetta Passo Corto 1\/24 Marque : BburagoR\u00e9f\u00e9rence : 26025Dimensions :\u00a0 20,3 x 8,9 x 6,4 cmMati\u00e8re : M\u00e9tal moul\u00e9 sous pression avec pi\u00e8ces en plastique La Ferrari 250 GT Berlinetta Passo Corto 1\/24 de Bburago est une r\u00e9plique minutieuse de l\u2019une des voitures de sport les plus embl\u00e9matiques des ann\u00e9es&#8230; <a class=\"view-article\" href=\"https:\/\/toysmaniacornermonaco.com\/en\/produit\/1-24-r-p-250-gt-berlinetta-passo\/\">View Article<\/a>","protected":false},"featured_media":5760,"comment_status":"closed","ping_status":"closed","template":"","meta":{"_acf_changed":false},"product_cat":[380,384],"product_tag":[],"class_list":{"0":"post-5759","1":"product","2":"type-product","3":"status-publish","4":"has-post-thumbnail","6":"marque-bburago","7":"marque-ferrari","8":"idee_cadeau-enfants","9":"idee_cadeau-hommes","10":"idee_cadeau-noel","11":"product_cat-decoration","12":"product_cat-jeux-et-jouets","14":"first","15":"instock","16":"taxable","17":"shipping-taxable","18":"purchasable","19":"product-type-simple"},"acf":[],"yoast_head":"<!-- This site is optimized with the Yoast SEO plugin v22.3 - https:\/\/yoast.com\/wordpress\/plugins\/seo\/ -->\n<title>1\/24 FERRARI R &amp; P 250 GT BERLINETTA PASSO - TOY&#039;S MANIA<\/title>\n<meta name=\"robots\" content=\"index, follow, max-snippet:-1, max-image-preview:large, max-video-preview:-1\" \/>\n<link rel=\"canonical\" href=\"https:\/\/toysmaniacornermonaco.com\/produit\/1-24-r-p-250-gt-berlinetta-passo\/\" \/>\n<meta property=\"og:locale\" content=\"en_US\" \/>\n<meta property=\"og:type\" content=\"article\" \/>\n<meta property=\"og:title\" content=\"1\/24 FERRARI R &amp; P 250 GT BERLINETTA PASSO - TOY&#039;S MANIA\" \/>\n<meta property=\"og:description\" content=\"Nom : Ferrari 250 GT Berlinetta Passo Corto 1\/24 Marque : BburagoR\u00e9f\u00e9rence : 26025Dimensions :\u00a0 20,3 x 8,9 x 6,4 cmMati\u00e8re : M\u00e9tal moul\u00e9 sous pression avec pi\u00e8ces en plastique La Ferrari 250 GT Berlinetta Passo Corto 1\/24 de Bburago est une r\u00e9plique minutieuse de l\u2019une des voitures de sport les plus embl\u00e9matiques des ann\u00e9es... View Article\" \/>\n<meta property=\"og:url\" content=\"https:\/\/toysmaniacornermonaco.com\/produit\/1-24-r-p-250-gt-berlinetta-passo\/\" \/>\n<meta property=\"og:site_name\" content=\"TOY&#039;S MANIA\" \/>\n<meta property=\"article:modified_time\" content=\"2025-02-16T08:48:16+00:00\" \/>\n<meta property=\"og:image\" content=\"https:\/\/toysmaniacornermonaco.com\/wp-content\/uploads\/2025\/02\/PASSO.jpg\" \/>\n\t<meta property=\"og:image:width\" content=\"425\" \/>\n\t<meta property=\"og:image:height\" content=\"213\" \/>\n\t<meta property=\"og:image:type\" content=\"image\/jpeg\" \/>\n<meta name=\"twitter:card\" content=\"summary_large_image\" \/>\n<meta name=\"twitter:label1\" content=\"Est. reading time\" \/>\n\t<meta name=\"twitter:data1\" content=\"1 minute\" \/>\n<script type=\"application\/ld+json\" class=\"yoast-schema-graph\">{\"@context\":\"https:\/\/schema.org\",\"@graph\":[{\"@type\":\"WebPage\",\"@id\":\"https:\/\/toysmaniacornermonaco.com\/produit\/1-24-r-p-250-gt-berlinetta-passo\/\",\"url\":\"https:\/\/toysmaniacornermonaco.com\/produit\/1-24-r-p-250-gt-berlinetta-passo\/\",\"name\":\"1\/24 FERRARI R & P 250 GT BERLINETTA PASSO - TOY&#039;S MANIA\",\"isPartOf\":{\"@id\":\"https:\/\/toysmaniacornermonaco.com\/#website\"},\"primaryImageOfPage\":{\"@id\":\"https:\/\/toysmaniacornermonaco.com\/produit\/1-24-r-p-250-gt-berlinetta-passo\/#primaryimage\"},\"image\":{\"@id\":\"https:\/\/toysmaniacornermonaco.com\/produit\/1-24-r-p-250-gt-berlinetta-passo\/#primaryimage\"},\"thumbnailUrl\":\"https:\/\/toysmaniacornermonaco.com\/wp-content\/uploads\/2025\/02\/PASSO.jpg\",\"datePublished\":\"2025-02-16T08:24:33+00:00\",\"dateModified\":\"2025-02-16T08:48:16+00:00\",\"breadcrumb\":{\"@id\":\"https:\/\/toysmaniacornermonaco.com\/produit\/1-24-r-p-250-gt-berlinetta-passo\/#breadcrumb\"},\"inLanguage\":\"en-US\",\"potentialAction\":[{\"@type\":\"ReadAction\",\"target\":[\"https:\/\/toysmaniacornermonaco.com\/produit\/1-24-r-p-250-gt-berlinetta-passo\/\"]}]},{\"@type\":\"ImageObject\",\"inLanguage\":\"en-US\",\"@id\":\"https:\/\/toysmaniacornermonaco.com\/produit\/1-24-r-p-250-gt-berlinetta-passo\/#primaryimage\",\"url\":\"https:\/\/toysmaniacornermonaco.com\/wp-content\/uploads\/2025\/02\/PASSO.jpg\",\"contentUrl\":\"https:\/\/toysmaniacornermonaco.com\/wp-content\/uploads\/2025\/02\/PASSO.jpg\",\"width\":425,\"height\":213},{\"@type\":\"BreadcrumbList\",\"@id\":\"https:\/\/toysmaniacornermonaco.com\/produit\/1-24-r-p-250-gt-berlinetta-passo\/#breadcrumb\",\"itemListElement\":[{\"@type\":\"ListItem\",\"position\":1,\"name\":\"Accueil\",\"item\":\"https:\/\/toysmaniacornermonaco.com\/en\/\"},{\"@type\":\"ListItem\",\"position\":2,\"name\":\"Shop\",\"item\":\"https:\/\/toysmaniacornermonaco.com\/en\/shop\/\"},{\"@type\":\"ListItem\",\"position\":3,\"name\":\"1\/24 FERRARI R &#038; P 250 GT BERLINETTA PASSO\"}]},{\"@type\":\"WebSite\",\"@id\":\"https:\/\/toysmaniacornermonaco.com\/#website\",\"url\":\"https:\/\/toysmaniacornermonaco.com\/\",\"name\":\"TOY&#039;S MANIA\",\"description\":\"VOTRE CONCEPT STORE \u00c0 MONACO\",\"potentialAction\":[{\"@type\":\"SearchAction\",\"target\":{\"@type\":\"EntryPoint\",\"urlTemplate\":\"https:\/\/toysmaniacornermonaco.com\/?s={search_term_string}\"},\"query-input\":\"required name=search_term_string\"}],\"inLanguage\":\"en-US\"}]}<\/script>\n<!-- \/ Yoast SEO plugin. -->","yoast_head_json":{"title":"1\/24 FERRARI R & P 250 GT BERLINETTA PASSO - TOY&#039;S MANIA","robots":{"index":"index","follow":"follow","max-snippet":"max-snippet:-1","max-image-preview":"max-image-preview:large","max-video-preview":"max-video-preview:-1"},"canonical":"https:\/\/toysmaniacornermonaco.com\/produit\/1-24-r-p-250-gt-berlinetta-passo\/","og_locale":"en_US","og_type":"article","og_title":"1\/24 FERRARI R & P 250 GT BERLINETTA PASSO - TOY&#039;S MANIA","og_description":"Nom : Ferrari 250 GT Berlinetta Passo Corto 1\/24 Marque : BburagoR\u00e9f\u00e9rence : 26025Dimensions :\u00a0 20,3 x 8,9 x 6,4 cmMati\u00e8re : M\u00e9tal moul\u00e9 sous pression avec pi\u00e8ces en plastique La Ferrari 250 GT Berlinetta Passo Corto 1\/24 de Bburago est une r\u00e9plique minutieuse de l\u2019une des voitures de sport les plus embl\u00e9matiques des ann\u00e9es... View Article","og_url":"https:\/\/toysmaniacornermonaco.com\/produit\/1-24-r-p-250-gt-berlinetta-passo\/","og_site_name":"TOY&#039;S MANIA","article_modified_time":"2025-02-16T08:48:16+00:00","og_image":[{"width":425,"height":213,"url":"https:\/\/toysmaniacornermonaco.com\/wp-content\/uploads\/2025\/02\/PASSO.jpg","type":"image\/jpeg"}],"twitter_card":"summary_large_image","twitter_misc":{"Est. reading time":"1 minute"},"schema":{"@context":"https:\/\/schema.org","@graph":[{"@type":"WebPage","@id":"https:\/\/toysmaniacornermonaco.com\/produit\/1-24-r-p-250-gt-berlinetta-passo\/","url":"https:\/\/toysmaniacornermonaco.com\/produit\/1-24-r-p-250-gt-berlinetta-passo\/","name":"1\/24 FERRARI R & P 250 GT BERLINETTA PASSO - TOY&#039;S MANIA","isPartOf":{"@id":"https:\/\/toysmaniacornermonaco.com\/#website"},"primaryImageOfPage":{"@id":"https:\/\/toysmaniacornermonaco.com\/produit\/1-24-r-p-250-gt-berlinetta-passo\/#primaryimage"},"image":{"@id":"https:\/\/toysmaniacornermonaco.com\/produit\/1-24-r-p-250-gt-berlinetta-passo\/#primaryimage"},"thumbnailUrl":"https:\/\/toysmaniacornermonaco.com\/wp-content\/uploads\/2025\/02\/PASSO.jpg","datePublished":"2025-02-16T08:24:33+00:00","dateModified":"2025-02-16T08:48:16+00:00","breadcrumb":{"@id":"https:\/\/toysmaniacornermonaco.com\/produit\/1-24-r-p-250-gt-berlinetta-passo\/#breadcrumb"},"inLanguage":"en-US","potentialAction":[{"@type":"ReadAction","target":["https:\/\/toysmaniacornermonaco.com\/produit\/1-24-r-p-250-gt-berlinetta-passo\/"]}]},{"@type":"ImageObject","inLanguage":"en-US","@id":"https:\/\/toysmaniacornermonaco.com\/produit\/1-24-r-p-250-gt-berlinetta-passo\/#primaryimage","url":"https:\/\/toysmaniacornermonaco.com\/wp-content\/uploads\/2025\/02\/PASSO.jpg","contentUrl":"https:\/\/toysmaniacornermonaco.com\/wp-content\/uploads\/2025\/02\/PASSO.jpg","width":425,"height":213},{"@type":"BreadcrumbList","@id":"https:\/\/toysmaniacornermonaco.com\/produit\/1-24-r-p-250-gt-berlinetta-passo\/#breadcrumb","itemListElement":[{"@type":"ListItem","position":1,"name":"Accueil","item":"https:\/\/toysmaniacornermonaco.com\/en\/"},{"@type":"ListItem","position":2,"name":"Shop","item":"https:\/\/toysmaniacornermonaco.com\/en\/shop\/"},{"@type":"ListItem","position":3,"name":"1\/24 FERRARI R &#038; P 250 GT BERLINETTA PASSO"}]},{"@type":"WebSite","@id":"https:\/\/toysmaniacornermonaco.com\/#website","url":"https:\/\/toysmaniacornermonaco.com\/","name":"TOY&#039;S MANIA","description":"VOTRE CONCEPT STORE \u00c0 MONACO","potentialAction":[{"@type":"SearchAction","target":{"@type":"EntryPoint","urlTemplate":"https:\/\/toysmaniacornermonaco.com\/?s={search_term_string}"},"query-input":"required name=search_term_string"}],"inLanguage":"en-US"}]}},"_links":{"self":[{"href":"https:\/\/toysmaniacornermonaco.com\/en\/wp-json\/wp\/v2\/product\/5759","targetHints":{"allow":["GET"]}}],"collection":[{"href":"https:\/\/toysmaniacornermonaco.com\/en\/wp-json\/wp\/v2\/product"}],"about":[{"href":"https:\/\/toysmaniacornermonaco.com\/en\/wp-json\/wp\/v2\/types\/product"}],"replies":[{"embeddable":true,"href":"https:\/\/toysmaniacornermonaco.com\/en\/wp-json\/wp\/v2\/comments?post=5759"}],"wp:featuredmedia":[{"embeddable":true,"href":"https:\/\/toysmaniacornermonaco.com\/en\/wp-json\/wp\/v2\/media\/5760"}],"wp:attachment":[{"href":"https:\/\/toysmaniacornermonaco.com\/en\/wp-json\/wp\/v2\/media?parent=5759"}],"wp:term":[{"taxonomy":"product_cat","embeddable":true,"href":"https:\/\/toysmaniacornermonaco.com\/en\/wp-json\/wp\/v2\/product_cat?post=5759"},{"taxonomy":"product_tag","embeddable":true,"href":"https:\/\/toysmaniacornermonaco.com\/en\/wp-json\/wp\/v2\/product_tag?post=5759"}],"curies":[{"name":"wp","href":"https:\/\/api.w.org\/{rel}","templated":true}]}}