{"id":5789,"date":"2025-02-16T10:13:11","date_gmt":"2025-02-16T09:13:11","guid":{"rendered":"https:\/\/toysmaniacornermonaco.com\/?post_type=product&#038;p=5789"},"modified":"2025-02-16T11:40:41","modified_gmt":"2025-02-16T10:40:41","slug":"1-24-ferrari-roma-rouge","status":"publish","type":"product","link":"https:\/\/toysmaniacornermonaco.com\/en\/produit\/1-24-ferrari-roma-rouge\/","title":{"rendered":"1\/24 FERRARI ROMA ROUGE"},"content":{"rendered":"<p data-start=\"0\" data-end=\"176\"><strong data-start=\"0\" data-end=\"27\">Nom : <\/strong>Ferrari Roma 1\/24<br data-start=\"27\" data-end=\"30\" \/><strong data-start=\"30\" data-end=\"50\">Marque : <\/strong>Bburago<br data-start=\"50\" data-end=\"53\" \/><strong data-start=\"53\" data-end=\"74\">R\u00e9f\u00e9rence : <\/strong>26029<br data-start=\"74\" data-end=\"77\" \/><strong data-start=\"77\" data-end=\"107\">Dimensions :<\/strong> 20 ,3\u00a0 x 8 , 9 x 6 , 4 cm<br data-start=\"107\" data-end=\"110\" \/><strong data-start=\"110\" data-end=\"174\">Mati\u00e8re : <\/strong>M\u00e9tal moul\u00e9 sous pression avec pi\u00e8ces en plastique<\/p>\n<p data-start=\"178\" data-end=\"600\" data-is-last-node=\"\">La <strong data-start=\"181\" data-end=\"202\">Ferrari Roma 1\/24<\/strong> de <strong data-start=\"206\" data-end=\"217\">Bburago<\/strong> est une r\u00e9plique fid\u00e8le de la GT au design raffin\u00e9 de Ferrari. Ce mod\u00e8le r\u00e9duit en m\u00e9tal moul\u00e9 sous pression arbore une finition rouge \u00e9clatante<strong>,<\/strong> des portes ouvrantes et un int\u00e9rieur finement d\u00e9taill\u00e9. Avec ses lignes \u00e9l\u00e9gante<strong data-start=\"445\" data-end=\"465\">s<\/strong> et son caract\u00e8re sophistiqu\u00e9, cette miniature est parfaite pour les collectionneur<strong data-start=\"538\" data-end=\"557\">s<\/strong> et les passionn\u00e9s de voitures de luxe<\/p>\n","protected":false},"excerpt":{"rendered":"Nom : Ferrari Roma 1\/24Marque : BburagoR\u00e9f\u00e9rence : 26029Dimensions : 20 ,3\u00a0 x 8 , 9 x 6 , 4 cmMati\u00e8re : M\u00e9tal moul\u00e9 sous pression avec pi\u00e8ces en plastique La Ferrari Roma 1\/24 de Bburago est une r\u00e9plique fid\u00e8le de la GT au design raffin\u00e9 de Ferrari. Ce mod\u00e8le r\u00e9duit en m\u00e9tal moul\u00e9 sous&#8230; <a class=\"view-article\" href=\"https:\/\/toysmaniacornermonaco.com\/en\/produit\/1-24-ferrari-roma-rouge\/\">View Article<\/a>","protected":false},"featured_media":5797,"comment_status":"closed","ping_status":"closed","template":"","meta":{"_acf_changed":false},"product_cat":[380,384],"product_tag":[],"class_list":{"0":"post-5789","1":"product","2":"type-product","3":"status-publish","4":"has-post-thumbnail","6":"marque-bburago","7":"marque-ferrari","8":"idee_cadeau-enfants","9":"idee_cadeau-hommes","10":"idee_cadeau-noel","11":"product_cat-decoration","12":"product_cat-jeux-et-jouets","14":"first","15":"instock","16":"taxable","17":"shipping-taxable","18":"purchasable","19":"product-type-simple"},"acf":[],"yoast_head":"<!-- This site is optimized with the Yoast SEO plugin v22.3 - https:\/\/yoast.com\/wordpress\/plugins\/seo\/ -->\n<title>1\/24 FERRARI ROMA ROUGE - TOY&#039;S MANIA<\/title>\n<meta name=\"robots\" content=\"index, follow, max-snippet:-1, max-image-preview:large, max-video-preview:-1\" \/>\n<link rel=\"canonical\" href=\"https:\/\/toysmaniacornermonaco.com\/produit\/1-24-ferrari-roma-rouge\/\" \/>\n<meta property=\"og:locale\" content=\"en_US\" \/>\n<meta property=\"og:type\" content=\"article\" \/>\n<meta property=\"og:title\" content=\"1\/24 FERRARI ROMA ROUGE - TOY&#039;S MANIA\" \/>\n<meta property=\"og:description\" content=\"Nom : Ferrari Roma 1\/24Marque : BburagoR\u00e9f\u00e9rence : 26029Dimensions : 20 ,3\u00a0 x 8 , 9 x 6 , 4 cmMati\u00e8re : M\u00e9tal moul\u00e9 sous pression avec pi\u00e8ces en plastique La Ferrari Roma 1\/24 de Bburago est une r\u00e9plique fid\u00e8le de la GT au design raffin\u00e9 de Ferrari. Ce mod\u00e8le r\u00e9duit en m\u00e9tal moul\u00e9 sous... View Article\" \/>\n<meta property=\"og:url\" content=\"https:\/\/toysmaniacornermonaco.com\/produit\/1-24-ferrari-roma-rouge\/\" \/>\n<meta property=\"og:site_name\" content=\"TOY&#039;S MANIA\" \/>\n<meta property=\"article:modified_time\" content=\"2025-02-16T10:40:41+00:00\" \/>\n<meta property=\"og:image\" content=\"https:\/\/toysmaniacornermonaco.com\/wp-content\/uploads\/2025\/02\/ROMA4.jpg\" \/>\n\t<meta property=\"og:image:width\" content=\"1500\" \/>\n\t<meta property=\"og:image:height\" content=\"861\" \/>\n\t<meta property=\"og:image:type\" content=\"image\/jpeg\" \/>\n<meta name=\"twitter:card\" content=\"summary_large_image\" \/>\n<meta name=\"twitter:label1\" content=\"Est. reading time\" \/>\n\t<meta name=\"twitter:data1\" content=\"1 minute\" \/>\n<script type=\"application\/ld+json\" class=\"yoast-schema-graph\">{\"@context\":\"https:\/\/schema.org\",\"@graph\":[{\"@type\":\"WebPage\",\"@id\":\"https:\/\/toysmaniacornermonaco.com\/produit\/1-24-ferrari-roma-rouge\/\",\"url\":\"https:\/\/toysmaniacornermonaco.com\/produit\/1-24-ferrari-roma-rouge\/\",\"name\":\"1\/24 FERRARI ROMA ROUGE - TOY&#039;S MANIA\",\"isPartOf\":{\"@id\":\"https:\/\/toysmaniacornermonaco.com\/#website\"},\"primaryImageOfPage\":{\"@id\":\"https:\/\/toysmaniacornermonaco.com\/produit\/1-24-ferrari-roma-rouge\/#primaryimage\"},\"image\":{\"@id\":\"https:\/\/toysmaniacornermonaco.com\/produit\/1-24-ferrari-roma-rouge\/#primaryimage\"},\"thumbnailUrl\":\"https:\/\/toysmaniacornermonaco.com\/wp-content\/uploads\/2025\/02\/ROMA4.jpg\",\"datePublished\":\"2025-02-16T09:13:11+00:00\",\"dateModified\":\"2025-02-16T10:40:41+00:00\",\"breadcrumb\":{\"@id\":\"https:\/\/toysmaniacornermonaco.com\/produit\/1-24-ferrari-roma-rouge\/#breadcrumb\"},\"inLanguage\":\"en-US\",\"potentialAction\":[{\"@type\":\"ReadAction\",\"target\":[\"https:\/\/toysmaniacornermonaco.com\/produit\/1-24-ferrari-roma-rouge\/\"]}]},{\"@type\":\"ImageObject\",\"inLanguage\":\"en-US\",\"@id\":\"https:\/\/toysmaniacornermonaco.com\/produit\/1-24-ferrari-roma-rouge\/#primaryimage\",\"url\":\"https:\/\/toysmaniacornermonaco.com\/wp-content\/uploads\/2025\/02\/ROMA4.jpg\",\"contentUrl\":\"https:\/\/toysmaniacornermonaco.com\/wp-content\/uploads\/2025\/02\/ROMA4.jpg\",\"width\":1500,\"height\":861},{\"@type\":\"BreadcrumbList\",\"@id\":\"https:\/\/toysmaniacornermonaco.com\/produit\/1-24-ferrari-roma-rouge\/#breadcrumb\",\"itemListElement\":[{\"@type\":\"ListItem\",\"position\":1,\"name\":\"Accueil\",\"item\":\"https:\/\/toysmaniacornermonaco.com\/en\/\"},{\"@type\":\"ListItem\",\"position\":2,\"name\":\"Shop\",\"item\":\"https:\/\/toysmaniacornermonaco.com\/en\/shop\/\"},{\"@type\":\"ListItem\",\"position\":3,\"name\":\"1\/24 FERRARI ROMA ROUGE\"}]},{\"@type\":\"WebSite\",\"@id\":\"https:\/\/toysmaniacornermonaco.com\/#website\",\"url\":\"https:\/\/toysmaniacornermonaco.com\/\",\"name\":\"TOY&#039;S MANIA\",\"description\":\"VOTRE CONCEPT STORE \u00c0 MONACO\",\"potentialAction\":[{\"@type\":\"SearchAction\",\"target\":{\"@type\":\"EntryPoint\",\"urlTemplate\":\"https:\/\/toysmaniacornermonaco.com\/?s={search_term_string}\"},\"query-input\":\"required name=search_term_string\"}],\"inLanguage\":\"en-US\"}]}<\/script>\n<!-- \/ Yoast SEO plugin. -->","yoast_head_json":{"title":"1\/24 FERRARI ROMA ROUGE - TOY&#039;S MANIA","robots":{"index":"index","follow":"follow","max-snippet":"max-snippet:-1","max-image-preview":"max-image-preview:large","max-video-preview":"max-video-preview:-1"},"canonical":"https:\/\/toysmaniacornermonaco.com\/produit\/1-24-ferrari-roma-rouge\/","og_locale":"en_US","og_type":"article","og_title":"1\/24 FERRARI ROMA ROUGE - TOY&#039;S MANIA","og_description":"Nom : Ferrari Roma 1\/24Marque : BburagoR\u00e9f\u00e9rence : 26029Dimensions : 20 ,3\u00a0 x 8 , 9 x 6 , 4 cmMati\u00e8re : M\u00e9tal moul\u00e9 sous pression avec pi\u00e8ces en plastique La Ferrari Roma 1\/24 de Bburago est une r\u00e9plique fid\u00e8le de la GT au design raffin\u00e9 de Ferrari. Ce mod\u00e8le r\u00e9duit en m\u00e9tal moul\u00e9 sous... View Article","og_url":"https:\/\/toysmaniacornermonaco.com\/produit\/1-24-ferrari-roma-rouge\/","og_site_name":"TOY&#039;S MANIA","article_modified_time":"2025-02-16T10:40:41+00:00","og_image":[{"width":1500,"height":861,"url":"https:\/\/toysmaniacornermonaco.com\/wp-content\/uploads\/2025\/02\/ROMA4.jpg","type":"image\/jpeg"}],"twitter_card":"summary_large_image","twitter_misc":{"Est. reading time":"1 minute"},"schema":{"@context":"https:\/\/schema.org","@graph":[{"@type":"WebPage","@id":"https:\/\/toysmaniacornermonaco.com\/produit\/1-24-ferrari-roma-rouge\/","url":"https:\/\/toysmaniacornermonaco.com\/produit\/1-24-ferrari-roma-rouge\/","name":"1\/24 FERRARI ROMA ROUGE - TOY&#039;S MANIA","isPartOf":{"@id":"https:\/\/toysmaniacornermonaco.com\/#website"},"primaryImageOfPage":{"@id":"https:\/\/toysmaniacornermonaco.com\/produit\/1-24-ferrari-roma-rouge\/#primaryimage"},"image":{"@id":"https:\/\/toysmaniacornermonaco.com\/produit\/1-24-ferrari-roma-rouge\/#primaryimage"},"thumbnailUrl":"https:\/\/toysmaniacornermonaco.com\/wp-content\/uploads\/2025\/02\/ROMA4.jpg","datePublished":"2025-02-16T09:13:11+00:00","dateModified":"2025-02-16T10:40:41+00:00","breadcrumb":{"@id":"https:\/\/toysmaniacornermonaco.com\/produit\/1-24-ferrari-roma-rouge\/#breadcrumb"},"inLanguage":"en-US","potentialAction":[{"@type":"ReadAction","target":["https:\/\/toysmaniacornermonaco.com\/produit\/1-24-ferrari-roma-rouge\/"]}]},{"@type":"ImageObject","inLanguage":"en-US","@id":"https:\/\/toysmaniacornermonaco.com\/produit\/1-24-ferrari-roma-rouge\/#primaryimage","url":"https:\/\/toysmaniacornermonaco.com\/wp-content\/uploads\/2025\/02\/ROMA4.jpg","contentUrl":"https:\/\/toysmaniacornermonaco.com\/wp-content\/uploads\/2025\/02\/ROMA4.jpg","width":1500,"height":861},{"@type":"BreadcrumbList","@id":"https:\/\/toysmaniacornermonaco.com\/produit\/1-24-ferrari-roma-rouge\/#breadcrumb","itemListElement":[{"@type":"ListItem","position":1,"name":"Accueil","item":"https:\/\/toysmaniacornermonaco.com\/en\/"},{"@type":"ListItem","position":2,"name":"Shop","item":"https:\/\/toysmaniacornermonaco.com\/en\/shop\/"},{"@type":"ListItem","position":3,"name":"1\/24 FERRARI ROMA ROUGE"}]},{"@type":"WebSite","@id":"https:\/\/toysmaniacornermonaco.com\/#website","url":"https:\/\/toysmaniacornermonaco.com\/","name":"TOY&#039;S MANIA","description":"VOTRE CONCEPT STORE \u00c0 MONACO","potentialAction":[{"@type":"SearchAction","target":{"@type":"EntryPoint","urlTemplate":"https:\/\/toysmaniacornermonaco.com\/?s={search_term_string}"},"query-input":"required name=search_term_string"}],"inLanguage":"en-US"}]}},"_links":{"self":[{"href":"https:\/\/toysmaniacornermonaco.com\/en\/wp-json\/wp\/v2\/product\/5789","targetHints":{"allow":["GET"]}}],"collection":[{"href":"https:\/\/toysmaniacornermonaco.com\/en\/wp-json\/wp\/v2\/product"}],"about":[{"href":"https:\/\/toysmaniacornermonaco.com\/en\/wp-json\/wp\/v2\/types\/product"}],"replies":[{"embeddable":true,"href":"https:\/\/toysmaniacornermonaco.com\/en\/wp-json\/wp\/v2\/comments?post=5789"}],"wp:featuredmedia":[{"embeddable":true,"href":"https:\/\/toysmaniacornermonaco.com\/en\/wp-json\/wp\/v2\/media\/5797"}],"wp:attachment":[{"href":"https:\/\/toysmaniacornermonaco.com\/en\/wp-json\/wp\/v2\/media?parent=5789"}],"wp:term":[{"taxonomy":"product_cat","embeddable":true,"href":"https:\/\/toysmaniacornermonaco.com\/en\/wp-json\/wp\/v2\/product_cat?post=5789"},{"taxonomy":"product_tag","embeddable":true,"href":"https:\/\/toysmaniacornermonaco.com\/en\/wp-json\/wp\/v2\/product_tag?post=5789"}],"curies":[{"name":"wp","href":"https:\/\/api.w.org\/{rel}","templated":true}]}}