{"id":5800,"date":"2025-02-16T11:45:04","date_gmt":"2025-02-16T10:45:04","guid":{"rendered":"https:\/\/toysmaniacornermonaco.com\/?post_type=product&#038;p=5800"},"modified":"2025-02-16T12:05:38","modified_gmt":"2025-02-16T11:05:38","slug":"1-24-ferrari-purosangue-suv-rouge","status":"publish","type":"product","link":"https:\/\/toysmaniacornermonaco.com\/en\/produit\/1-24-ferrari-purosangue-suv-rouge\/","title":{"rendered":"1\/24 FERRARI PUROSANGUE SUV ROUGE"},"content":{"rendered":"<p data-start=\"43\" data-end=\"231\"><strong data-start=\"43\" data-end=\"76\">Nom : <\/strong>Ferrari Purosangue 1\/24<br data-start=\"76\" data-end=\"79\" \/><strong data-start=\"79\" data-end=\"99\">Marque :<\/strong> Bburago<br data-start=\"99\" data-end=\"102\" \/><strong data-start=\"102\" data-end=\"123\">R\u00e9f\u00e9rence : <\/strong>26030<br data-start=\"123\" data-end=\"126\" \/><strong data-start=\"126\" data-end=\"162\">Dimensions : <\/strong>20,3 x 8,9 x 6,4 cm<br data-start=\"162\" data-end=\"165\" \/><strong data-start=\"165\" data-end=\"229\">Mati\u00e8re : <\/strong>M\u00e9tal moul\u00e9 sous pression avec pi\u00e8ces en plastique<\/p>\n<p data-start=\"233\" data-end=\"638\" data-is-last-node=\"\"><strong>La Ferrari Purosangue 1\/24 de Bburago<\/strong> est une r\u00e9plique fid\u00e8le du premier SUV de Ferrari, alliant puissance et \u00e9l\u00e9gance. Ce mod\u00e8le r\u00e9duit en m\u00e9tal moul\u00e9 sous pression arbore une finition rouge \u00e9clatante, des portes ouvrantes et un int\u00e9rieur finement d\u00e9taill\u00e9. Avec son design audacieux et ses d\u00e9tails soign\u00e9s, cette miniature est parfaite pour les collectionneurs et les passionn\u00e9s de voitures d&#8217;exception.<\/p>\n","protected":false},"excerpt":{"rendered":"Nom : Ferrari Purosangue 1\/24Marque : BburagoR\u00e9f\u00e9rence : 26030Dimensions : 20,3 x 8,9 x 6,4 cmMati\u00e8re : M\u00e9tal moul\u00e9 sous pression avec pi\u00e8ces en plastique La Ferrari Purosangue 1\/24 de Bburago est une r\u00e9plique fid\u00e8le du premier SUV de Ferrari, alliant puissance et \u00e9l\u00e9gance. Ce mod\u00e8le r\u00e9duit en m\u00e9tal moul\u00e9 sous pression arbore une finition&#8230; <a class=\"view-article\" href=\"https:\/\/toysmaniacornermonaco.com\/en\/produit\/1-24-ferrari-purosangue-suv-rouge\/\">View Article<\/a>","protected":false},"featured_media":5801,"comment_status":"closed","ping_status":"closed","template":"","meta":{"_acf_changed":false},"product_cat":[380,384],"product_tag":[],"class_list":{"0":"post-5800","1":"product","2":"type-product","3":"status-publish","4":"has-post-thumbnail","6":"marque-bburago","7":"marque-ferrari","8":"idee_cadeau-enfants","9":"idee_cadeau-hommes","10":"idee_cadeau-noel","11":"product_cat-decoration","12":"product_cat-jeux-et-jouets","14":"first","15":"instock","16":"taxable","17":"shipping-taxable","18":"purchasable","19":"product-type-simple"},"acf":[],"yoast_head":"<!-- This site is optimized with the Yoast SEO plugin v22.3 - https:\/\/yoast.com\/wordpress\/plugins\/seo\/ -->\n<title>1\/24 FERRARI PUROSANGUE SUV ROUGE - TOY&#039;S MANIA<\/title>\n<meta name=\"robots\" content=\"index, follow, max-snippet:-1, max-image-preview:large, max-video-preview:-1\" \/>\n<link rel=\"canonical\" href=\"https:\/\/toysmaniacornermonaco.com\/produit\/1-24-ferrari-purosangue-suv-rouge\/\" \/>\n<meta property=\"og:locale\" content=\"en_US\" \/>\n<meta property=\"og:type\" content=\"article\" \/>\n<meta property=\"og:title\" content=\"1\/24 FERRARI PUROSANGUE SUV ROUGE - TOY&#039;S MANIA\" \/>\n<meta property=\"og:description\" content=\"Nom : Ferrari Purosangue 1\/24Marque : BburagoR\u00e9f\u00e9rence : 26030Dimensions : 20,3 x 8,9 x 6,4 cmMati\u00e8re : M\u00e9tal moul\u00e9 sous pression avec pi\u00e8ces en plastique La Ferrari Purosangue 1\/24 de Bburago est une r\u00e9plique fid\u00e8le du premier SUV de Ferrari, alliant puissance et \u00e9l\u00e9gance. Ce mod\u00e8le r\u00e9duit en m\u00e9tal moul\u00e9 sous pression arbore une finition... View Article\" \/>\n<meta property=\"og:url\" content=\"https:\/\/toysmaniacornermonaco.com\/produit\/1-24-ferrari-purosangue-suv-rouge\/\" \/>\n<meta property=\"og:site_name\" content=\"TOY&#039;S MANIA\" \/>\n<meta property=\"article:modified_time\" content=\"2025-02-16T11:05:38+00:00\" \/>\n<meta property=\"og:image\" content=\"https:\/\/toysmaniacornermonaco.com\/wp-content\/uploads\/2025\/02\/PURESANG.jpg\" \/>\n\t<meta property=\"og:image:width\" content=\"425\" \/>\n\t<meta property=\"og:image:height\" content=\"214\" \/>\n\t<meta property=\"og:image:type\" content=\"image\/jpeg\" \/>\n<meta name=\"twitter:card\" content=\"summary_large_image\" \/>\n<meta name=\"twitter:label1\" content=\"Est. reading time\" \/>\n\t<meta name=\"twitter:data1\" content=\"1 minute\" \/>\n<script type=\"application\/ld+json\" class=\"yoast-schema-graph\">{\"@context\":\"https:\/\/schema.org\",\"@graph\":[{\"@type\":\"WebPage\",\"@id\":\"https:\/\/toysmaniacornermonaco.com\/produit\/1-24-ferrari-purosangue-suv-rouge\/\",\"url\":\"https:\/\/toysmaniacornermonaco.com\/produit\/1-24-ferrari-purosangue-suv-rouge\/\",\"name\":\"1\/24 FERRARI PUROSANGUE SUV ROUGE - TOY&#039;S MANIA\",\"isPartOf\":{\"@id\":\"https:\/\/toysmaniacornermonaco.com\/#website\"},\"primaryImageOfPage\":{\"@id\":\"https:\/\/toysmaniacornermonaco.com\/produit\/1-24-ferrari-purosangue-suv-rouge\/#primaryimage\"},\"image\":{\"@id\":\"https:\/\/toysmaniacornermonaco.com\/produit\/1-24-ferrari-purosangue-suv-rouge\/#primaryimage\"},\"thumbnailUrl\":\"https:\/\/toysmaniacornermonaco.com\/wp-content\/uploads\/2025\/02\/PURESANG.jpg\",\"datePublished\":\"2025-02-16T10:45:04+00:00\",\"dateModified\":\"2025-02-16T11:05:38+00:00\",\"breadcrumb\":{\"@id\":\"https:\/\/toysmaniacornermonaco.com\/produit\/1-24-ferrari-purosangue-suv-rouge\/#breadcrumb\"},\"inLanguage\":\"en-US\",\"potentialAction\":[{\"@type\":\"ReadAction\",\"target\":[\"https:\/\/toysmaniacornermonaco.com\/produit\/1-24-ferrari-purosangue-suv-rouge\/\"]}]},{\"@type\":\"ImageObject\",\"inLanguage\":\"en-US\",\"@id\":\"https:\/\/toysmaniacornermonaco.com\/produit\/1-24-ferrari-purosangue-suv-rouge\/#primaryimage\",\"url\":\"https:\/\/toysmaniacornermonaco.com\/wp-content\/uploads\/2025\/02\/PURESANG.jpg\",\"contentUrl\":\"https:\/\/toysmaniacornermonaco.com\/wp-content\/uploads\/2025\/02\/PURESANG.jpg\",\"width\":425,\"height\":214},{\"@type\":\"BreadcrumbList\",\"@id\":\"https:\/\/toysmaniacornermonaco.com\/produit\/1-24-ferrari-purosangue-suv-rouge\/#breadcrumb\",\"itemListElement\":[{\"@type\":\"ListItem\",\"position\":1,\"name\":\"Accueil\",\"item\":\"https:\/\/toysmaniacornermonaco.com\/en\/\"},{\"@type\":\"ListItem\",\"position\":2,\"name\":\"Shop\",\"item\":\"https:\/\/toysmaniacornermonaco.com\/en\/shop\/\"},{\"@type\":\"ListItem\",\"position\":3,\"name\":\"1\/24 FERRARI PUROSANGUE SUV ROUGE\"}]},{\"@type\":\"WebSite\",\"@id\":\"https:\/\/toysmaniacornermonaco.com\/#website\",\"url\":\"https:\/\/toysmaniacornermonaco.com\/\",\"name\":\"TOY&#039;S MANIA\",\"description\":\"VOTRE CONCEPT STORE \u00c0 MONACO\",\"potentialAction\":[{\"@type\":\"SearchAction\",\"target\":{\"@type\":\"EntryPoint\",\"urlTemplate\":\"https:\/\/toysmaniacornermonaco.com\/?s={search_term_string}\"},\"query-input\":\"required name=search_term_string\"}],\"inLanguage\":\"en-US\"}]}<\/script>\n<!-- \/ Yoast SEO plugin. -->","yoast_head_json":{"title":"1\/24 FERRARI PUROSANGUE SUV ROUGE - TOY&#039;S MANIA","robots":{"index":"index","follow":"follow","max-snippet":"max-snippet:-1","max-image-preview":"max-image-preview:large","max-video-preview":"max-video-preview:-1"},"canonical":"https:\/\/toysmaniacornermonaco.com\/produit\/1-24-ferrari-purosangue-suv-rouge\/","og_locale":"en_US","og_type":"article","og_title":"1\/24 FERRARI PUROSANGUE SUV ROUGE - TOY&#039;S MANIA","og_description":"Nom : Ferrari Purosangue 1\/24Marque : BburagoR\u00e9f\u00e9rence : 26030Dimensions : 20,3 x 8,9 x 6,4 cmMati\u00e8re : M\u00e9tal moul\u00e9 sous pression avec pi\u00e8ces en plastique La Ferrari Purosangue 1\/24 de Bburago est une r\u00e9plique fid\u00e8le du premier SUV de Ferrari, alliant puissance et \u00e9l\u00e9gance. Ce mod\u00e8le r\u00e9duit en m\u00e9tal moul\u00e9 sous pression arbore une finition... View Article","og_url":"https:\/\/toysmaniacornermonaco.com\/produit\/1-24-ferrari-purosangue-suv-rouge\/","og_site_name":"TOY&#039;S MANIA","article_modified_time":"2025-02-16T11:05:38+00:00","og_image":[{"width":425,"height":214,"url":"https:\/\/toysmaniacornermonaco.com\/wp-content\/uploads\/2025\/02\/PURESANG.jpg","type":"image\/jpeg"}],"twitter_card":"summary_large_image","twitter_misc":{"Est. reading time":"1 minute"},"schema":{"@context":"https:\/\/schema.org","@graph":[{"@type":"WebPage","@id":"https:\/\/toysmaniacornermonaco.com\/produit\/1-24-ferrari-purosangue-suv-rouge\/","url":"https:\/\/toysmaniacornermonaco.com\/produit\/1-24-ferrari-purosangue-suv-rouge\/","name":"1\/24 FERRARI PUROSANGUE SUV ROUGE - TOY&#039;S MANIA","isPartOf":{"@id":"https:\/\/toysmaniacornermonaco.com\/#website"},"primaryImageOfPage":{"@id":"https:\/\/toysmaniacornermonaco.com\/produit\/1-24-ferrari-purosangue-suv-rouge\/#primaryimage"},"image":{"@id":"https:\/\/toysmaniacornermonaco.com\/produit\/1-24-ferrari-purosangue-suv-rouge\/#primaryimage"},"thumbnailUrl":"https:\/\/toysmaniacornermonaco.com\/wp-content\/uploads\/2025\/02\/PURESANG.jpg","datePublished":"2025-02-16T10:45:04+00:00","dateModified":"2025-02-16T11:05:38+00:00","breadcrumb":{"@id":"https:\/\/toysmaniacornermonaco.com\/produit\/1-24-ferrari-purosangue-suv-rouge\/#breadcrumb"},"inLanguage":"en-US","potentialAction":[{"@type":"ReadAction","target":["https:\/\/toysmaniacornermonaco.com\/produit\/1-24-ferrari-purosangue-suv-rouge\/"]}]},{"@type":"ImageObject","inLanguage":"en-US","@id":"https:\/\/toysmaniacornermonaco.com\/produit\/1-24-ferrari-purosangue-suv-rouge\/#primaryimage","url":"https:\/\/toysmaniacornermonaco.com\/wp-content\/uploads\/2025\/02\/PURESANG.jpg","contentUrl":"https:\/\/toysmaniacornermonaco.com\/wp-content\/uploads\/2025\/02\/PURESANG.jpg","width":425,"height":214},{"@type":"BreadcrumbList","@id":"https:\/\/toysmaniacornermonaco.com\/produit\/1-24-ferrari-purosangue-suv-rouge\/#breadcrumb","itemListElement":[{"@type":"ListItem","position":1,"name":"Accueil","item":"https:\/\/toysmaniacornermonaco.com\/en\/"},{"@type":"ListItem","position":2,"name":"Shop","item":"https:\/\/toysmaniacornermonaco.com\/en\/shop\/"},{"@type":"ListItem","position":3,"name":"1\/24 FERRARI PUROSANGUE SUV ROUGE"}]},{"@type":"WebSite","@id":"https:\/\/toysmaniacornermonaco.com\/#website","url":"https:\/\/toysmaniacornermonaco.com\/","name":"TOY&#039;S MANIA","description":"VOTRE CONCEPT STORE \u00c0 MONACO","potentialAction":[{"@type":"SearchAction","target":{"@type":"EntryPoint","urlTemplate":"https:\/\/toysmaniacornermonaco.com\/?s={search_term_string}"},"query-input":"required name=search_term_string"}],"inLanguage":"en-US"}]}},"_links":{"self":[{"href":"https:\/\/toysmaniacornermonaco.com\/en\/wp-json\/wp\/v2\/product\/5800","targetHints":{"allow":["GET"]}}],"collection":[{"href":"https:\/\/toysmaniacornermonaco.com\/en\/wp-json\/wp\/v2\/product"}],"about":[{"href":"https:\/\/toysmaniacornermonaco.com\/en\/wp-json\/wp\/v2\/types\/product"}],"replies":[{"embeddable":true,"href":"https:\/\/toysmaniacornermonaco.com\/en\/wp-json\/wp\/v2\/comments?post=5800"}],"wp:featuredmedia":[{"embeddable":true,"href":"https:\/\/toysmaniacornermonaco.com\/en\/wp-json\/wp\/v2\/media\/5801"}],"wp:attachment":[{"href":"https:\/\/toysmaniacornermonaco.com\/en\/wp-json\/wp\/v2\/media?parent=5800"}],"wp:term":[{"taxonomy":"product_cat","embeddable":true,"href":"https:\/\/toysmaniacornermonaco.com\/en\/wp-json\/wp\/v2\/product_cat?post=5800"},{"taxonomy":"product_tag","embeddable":true,"href":"https:\/\/toysmaniacornermonaco.com\/en\/wp-json\/wp\/v2\/product_tag?post=5800"}],"curies":[{"name":"wp","href":"https:\/\/api.w.org\/{rel}","templated":true}]}}