{"id":5827,"date":"2025-02-19T14:51:06","date_gmt":"2025-02-19T13:51:06","guid":{"rendered":"https:\/\/toysmaniacornermonaco.com\/?post_type=product&#038;p=5827"},"modified":"2025-02-19T15:40:08","modified_gmt":"2025-02-19T14:40:08","slug":"1-18-lambo-v12-vision-gran-tourismo-bleu","status":"publish","type":"product","link":"https:\/\/toysmaniacornermonaco.com\/en\/produit\/1-18-lambo-v12-vision-gran-tourismo-bleu\/","title":{"rendered":"1\/18 LAMBO V12 VISION GRAN TOURISMO BLEU"},"content":{"rendered":"<p data-start=\"55\" data-end=\"297\"><strong data-start=\"55\" data-end=\"64\">Nom :<\/strong> Lamborghini V12 Vision Gran Turismo \u2013 Bleu<br data-start=\"107\" data-end=\"110\" \/><strong data-start=\"110\" data-end=\"122\">Marque :<\/strong> Maisto<br data-start=\"129\" data-end=\"132\" \/><strong data-start=\"132\" data-end=\"147\">R\u00e9f\u00e9rence :<\/strong> M36454B<br data-start=\"155\" data-end=\"158\" \/><strong data-start=\"158\" data-end=\"171\">\u00c9chelle :<\/strong> 1\/18<br data-start=\"176\" data-end=\"179\" \/><strong data-start=\"179\" data-end=\"195\">Dimensions :<\/strong> Environ <strong data-start=\"204\" data-end=\"228\">25 cm x 12 cm x 7 cm<\/strong><br data-start=\"228\" data-end=\"231\" \/><strong data-start=\"231\" data-end=\"244\">Mati\u00e8re :<\/strong> M\u00e9tal moul\u00e9 sous pression avec pi\u00e8ces en plastique<\/p>\n<p data-start=\"299\" data-end=\"645\">La <strong data-start=\"302\" data-end=\"341\">Lamborghini V12 Vision Gran Turismo<\/strong> est un chef-d&#8217;\u0153uvre futuriste, con\u00e7u pour offrir une exp\u00e9rience de conduite in\u00e9dite, \u00e0 mi-chemin entre la r\u00e9alit\u00e9 et le virtuel. Cette r\u00e9plique \u00e0 l\u2019\u00e9chelle <strong data-start=\"498\" data-end=\"506\">1\/18<\/strong>, sign\u00e9e <strong data-start=\"515\" data-end=\"525\">Maisto<\/strong>, reproduit avec une pr\u00e9cision exceptionnelle les lignes spectaculaires et agressives de ce concept-car ultra-moderne.<\/p>\n","protected":false},"excerpt":{"rendered":"Nom : Lamborghini V12 Vision Gran Turismo \u2013 BleuMarque : MaistoR\u00e9f\u00e9rence : M36454B\u00c9chelle : 1\/18Dimensions : Environ 25 cm x 12 cm x 7 cmMati\u00e8re : M\u00e9tal moul\u00e9 sous pression avec pi\u00e8ces en plastique La Lamborghini V12 Vision Gran Turismo est un chef-d&#8217;\u0153uvre futuriste, con\u00e7u pour offrir une exp\u00e9rience de conduite in\u00e9dite, \u00e0 mi-chemin entre&#8230; <a class=\"view-article\" href=\"https:\/\/toysmaniacornermonaco.com\/en\/produit\/1-18-lambo-v12-vision-gran-tourismo-bleu\/\">View Article<\/a>","protected":false},"featured_media":5832,"comment_status":"closed","ping_status":"closed","template":"","meta":{"_acf_changed":false},"product_cat":[380,384],"product_tag":[],"class_list":{"0":"post-5827","1":"product","2":"type-product","3":"status-publish","4":"has-post-thumbnail","6":"marque-lamborghini","7":"marque-maisto","8":"idee_cadeau-enfants","9":"idee_cadeau-hommes","10":"idee_cadeau-noel","11":"product_cat-decoration","12":"product_cat-jeux-et-jouets","14":"first","15":"instock","16":"taxable","17":"shipping-taxable","18":"purchasable","19":"product-type-simple"},"acf":[],"yoast_head":"<!-- This site is optimized with the Yoast SEO plugin v22.3 - https:\/\/yoast.com\/wordpress\/plugins\/seo\/ -->\n<title>1\/18 LAMBO V12 VISION GRAN TOURISMO BLEU - TOY&#039;S MANIA<\/title>\n<meta name=\"robots\" content=\"index, follow, max-snippet:-1, max-image-preview:large, max-video-preview:-1\" \/>\n<link rel=\"canonical\" href=\"https:\/\/toysmaniacornermonaco.com\/produit\/1-18-lambo-v12-vision-gran-tourismo-bleu\/\" \/>\n<meta property=\"og:locale\" content=\"en_US\" \/>\n<meta property=\"og:type\" content=\"article\" \/>\n<meta property=\"og:title\" content=\"1\/18 LAMBO V12 VISION GRAN TOURISMO BLEU - TOY&#039;S MANIA\" \/>\n<meta property=\"og:description\" content=\"Nom : Lamborghini V12 Vision Gran Turismo \u2013 BleuMarque : MaistoR\u00e9f\u00e9rence : M36454B\u00c9chelle : 1\/18Dimensions : Environ 25 cm x 12 cm x 7 cmMati\u00e8re : M\u00e9tal moul\u00e9 sous pression avec pi\u00e8ces en plastique La Lamborghini V12 Vision Gran Turismo est un chef-d&#8217;\u0153uvre futuriste, con\u00e7u pour offrir une exp\u00e9rience de conduite in\u00e9dite, \u00e0 mi-chemin entre... View Article\" \/>\n<meta property=\"og:url\" content=\"https:\/\/toysmaniacornermonaco.com\/produit\/1-18-lambo-v12-vision-gran-tourismo-bleu\/\" \/>\n<meta property=\"og:site_name\" content=\"TOY&#039;S MANIA\" \/>\n<meta property=\"article:modified_time\" content=\"2025-02-19T14:40:08+00:00\" \/>\n<meta property=\"og:image\" content=\"https:\/\/toysmaniacornermonaco.com\/wp-content\/uploads\/2025\/02\/BLEU.jpg\" \/>\n\t<meta property=\"og:image:width\" content=\"1000\" \/>\n\t<meta property=\"og:image:height\" content=\"667\" \/>\n\t<meta property=\"og:image:type\" content=\"image\/jpeg\" \/>\n<meta name=\"twitter:card\" content=\"summary_large_image\" \/>\n<meta name=\"twitter:label1\" content=\"Est. reading time\" \/>\n\t<meta name=\"twitter:data1\" content=\"1 minute\" \/>\n<script type=\"application\/ld+json\" class=\"yoast-schema-graph\">{\"@context\":\"https:\/\/schema.org\",\"@graph\":[{\"@type\":\"WebPage\",\"@id\":\"https:\/\/toysmaniacornermonaco.com\/produit\/1-18-lambo-v12-vision-gran-tourismo-bleu\/\",\"url\":\"https:\/\/toysmaniacornermonaco.com\/produit\/1-18-lambo-v12-vision-gran-tourismo-bleu\/\",\"name\":\"1\/18 LAMBO V12 VISION GRAN TOURISMO BLEU - TOY&#039;S MANIA\",\"isPartOf\":{\"@id\":\"https:\/\/toysmaniacornermonaco.com\/#website\"},\"primaryImageOfPage\":{\"@id\":\"https:\/\/toysmaniacornermonaco.com\/produit\/1-18-lambo-v12-vision-gran-tourismo-bleu\/#primaryimage\"},\"image\":{\"@id\":\"https:\/\/toysmaniacornermonaco.com\/produit\/1-18-lambo-v12-vision-gran-tourismo-bleu\/#primaryimage\"},\"thumbnailUrl\":\"https:\/\/toysmaniacornermonaco.com\/wp-content\/uploads\/2025\/02\/BLEU.jpg\",\"datePublished\":\"2025-02-19T13:51:06+00:00\",\"dateModified\":\"2025-02-19T14:40:08+00:00\",\"breadcrumb\":{\"@id\":\"https:\/\/toysmaniacornermonaco.com\/produit\/1-18-lambo-v12-vision-gran-tourismo-bleu\/#breadcrumb\"},\"inLanguage\":\"en-US\",\"potentialAction\":[{\"@type\":\"ReadAction\",\"target\":[\"https:\/\/toysmaniacornermonaco.com\/produit\/1-18-lambo-v12-vision-gran-tourismo-bleu\/\"]}]},{\"@type\":\"ImageObject\",\"inLanguage\":\"en-US\",\"@id\":\"https:\/\/toysmaniacornermonaco.com\/produit\/1-18-lambo-v12-vision-gran-tourismo-bleu\/#primaryimage\",\"url\":\"https:\/\/toysmaniacornermonaco.com\/wp-content\/uploads\/2025\/02\/BLEU.jpg\",\"contentUrl\":\"https:\/\/toysmaniacornermonaco.com\/wp-content\/uploads\/2025\/02\/BLEU.jpg\",\"width\":1000,\"height\":667},{\"@type\":\"BreadcrumbList\",\"@id\":\"https:\/\/toysmaniacornermonaco.com\/produit\/1-18-lambo-v12-vision-gran-tourismo-bleu\/#breadcrumb\",\"itemListElement\":[{\"@type\":\"ListItem\",\"position\":1,\"name\":\"Accueil\",\"item\":\"https:\/\/toysmaniacornermonaco.com\/en\/\"},{\"@type\":\"ListItem\",\"position\":2,\"name\":\"Shop\",\"item\":\"https:\/\/toysmaniacornermonaco.com\/en\/shop\/\"},{\"@type\":\"ListItem\",\"position\":3,\"name\":\"1\/18 LAMBO V12 VISION GRAN TOURISMO BLEU\"}]},{\"@type\":\"WebSite\",\"@id\":\"https:\/\/toysmaniacornermonaco.com\/#website\",\"url\":\"https:\/\/toysmaniacornermonaco.com\/\",\"name\":\"TOY&#039;S MANIA\",\"description\":\"VOTRE CONCEPT STORE \u00c0 MONACO\",\"potentialAction\":[{\"@type\":\"SearchAction\",\"target\":{\"@type\":\"EntryPoint\",\"urlTemplate\":\"https:\/\/toysmaniacornermonaco.com\/?s={search_term_string}\"},\"query-input\":\"required name=search_term_string\"}],\"inLanguage\":\"en-US\"}]}<\/script>\n<!-- \/ Yoast SEO plugin. -->","yoast_head_json":{"title":"1\/18 LAMBO V12 VISION GRAN TOURISMO BLEU - TOY&#039;S MANIA","robots":{"index":"index","follow":"follow","max-snippet":"max-snippet:-1","max-image-preview":"max-image-preview:large","max-video-preview":"max-video-preview:-1"},"canonical":"https:\/\/toysmaniacornermonaco.com\/produit\/1-18-lambo-v12-vision-gran-tourismo-bleu\/","og_locale":"en_US","og_type":"article","og_title":"1\/18 LAMBO V12 VISION GRAN TOURISMO BLEU - TOY&#039;S MANIA","og_description":"Nom : Lamborghini V12 Vision Gran Turismo \u2013 BleuMarque : MaistoR\u00e9f\u00e9rence : M36454B\u00c9chelle : 1\/18Dimensions : Environ 25 cm x 12 cm x 7 cmMati\u00e8re : M\u00e9tal moul\u00e9 sous pression avec pi\u00e8ces en plastique La Lamborghini V12 Vision Gran Turismo est un chef-d&#8217;\u0153uvre futuriste, con\u00e7u pour offrir une exp\u00e9rience de conduite in\u00e9dite, \u00e0 mi-chemin entre... View Article","og_url":"https:\/\/toysmaniacornermonaco.com\/produit\/1-18-lambo-v12-vision-gran-tourismo-bleu\/","og_site_name":"TOY&#039;S MANIA","article_modified_time":"2025-02-19T14:40:08+00:00","og_image":[{"width":1000,"height":667,"url":"https:\/\/toysmaniacornermonaco.com\/wp-content\/uploads\/2025\/02\/BLEU.jpg","type":"image\/jpeg"}],"twitter_card":"summary_large_image","twitter_misc":{"Est. reading time":"1 minute"},"schema":{"@context":"https:\/\/schema.org","@graph":[{"@type":"WebPage","@id":"https:\/\/toysmaniacornermonaco.com\/produit\/1-18-lambo-v12-vision-gran-tourismo-bleu\/","url":"https:\/\/toysmaniacornermonaco.com\/produit\/1-18-lambo-v12-vision-gran-tourismo-bleu\/","name":"1\/18 LAMBO V12 VISION GRAN TOURISMO BLEU - TOY&#039;S MANIA","isPartOf":{"@id":"https:\/\/toysmaniacornermonaco.com\/#website"},"primaryImageOfPage":{"@id":"https:\/\/toysmaniacornermonaco.com\/produit\/1-18-lambo-v12-vision-gran-tourismo-bleu\/#primaryimage"},"image":{"@id":"https:\/\/toysmaniacornermonaco.com\/produit\/1-18-lambo-v12-vision-gran-tourismo-bleu\/#primaryimage"},"thumbnailUrl":"https:\/\/toysmaniacornermonaco.com\/wp-content\/uploads\/2025\/02\/BLEU.jpg","datePublished":"2025-02-19T13:51:06+00:00","dateModified":"2025-02-19T14:40:08+00:00","breadcrumb":{"@id":"https:\/\/toysmaniacornermonaco.com\/produit\/1-18-lambo-v12-vision-gran-tourismo-bleu\/#breadcrumb"},"inLanguage":"en-US","potentialAction":[{"@type":"ReadAction","target":["https:\/\/toysmaniacornermonaco.com\/produit\/1-18-lambo-v12-vision-gran-tourismo-bleu\/"]}]},{"@type":"ImageObject","inLanguage":"en-US","@id":"https:\/\/toysmaniacornermonaco.com\/produit\/1-18-lambo-v12-vision-gran-tourismo-bleu\/#primaryimage","url":"https:\/\/toysmaniacornermonaco.com\/wp-content\/uploads\/2025\/02\/BLEU.jpg","contentUrl":"https:\/\/toysmaniacornermonaco.com\/wp-content\/uploads\/2025\/02\/BLEU.jpg","width":1000,"height":667},{"@type":"BreadcrumbList","@id":"https:\/\/toysmaniacornermonaco.com\/produit\/1-18-lambo-v12-vision-gran-tourismo-bleu\/#breadcrumb","itemListElement":[{"@type":"ListItem","position":1,"name":"Accueil","item":"https:\/\/toysmaniacornermonaco.com\/en\/"},{"@type":"ListItem","position":2,"name":"Shop","item":"https:\/\/toysmaniacornermonaco.com\/en\/shop\/"},{"@type":"ListItem","position":3,"name":"1\/18 LAMBO V12 VISION GRAN TOURISMO BLEU"}]},{"@type":"WebSite","@id":"https:\/\/toysmaniacornermonaco.com\/#website","url":"https:\/\/toysmaniacornermonaco.com\/","name":"TOY&#039;S MANIA","description":"VOTRE CONCEPT STORE \u00c0 MONACO","potentialAction":[{"@type":"SearchAction","target":{"@type":"EntryPoint","urlTemplate":"https:\/\/toysmaniacornermonaco.com\/?s={search_term_string}"},"query-input":"required name=search_term_string"}],"inLanguage":"en-US"}]}},"_links":{"self":[{"href":"https:\/\/toysmaniacornermonaco.com\/en\/wp-json\/wp\/v2\/product\/5827","targetHints":{"allow":["GET"]}}],"collection":[{"href":"https:\/\/toysmaniacornermonaco.com\/en\/wp-json\/wp\/v2\/product"}],"about":[{"href":"https:\/\/toysmaniacornermonaco.com\/en\/wp-json\/wp\/v2\/types\/product"}],"replies":[{"embeddable":true,"href":"https:\/\/toysmaniacornermonaco.com\/en\/wp-json\/wp\/v2\/comments?post=5827"}],"wp:featuredmedia":[{"embeddable":true,"href":"https:\/\/toysmaniacornermonaco.com\/en\/wp-json\/wp\/v2\/media\/5832"}],"wp:attachment":[{"href":"https:\/\/toysmaniacornermonaco.com\/en\/wp-json\/wp\/v2\/media?parent=5827"}],"wp:term":[{"taxonomy":"product_cat","embeddable":true,"href":"https:\/\/toysmaniacornermonaco.com\/en\/wp-json\/wp\/v2\/product_cat?post=5827"},{"taxonomy":"product_tag","embeddable":true,"href":"https:\/\/toysmaniacornermonaco.com\/en\/wp-json\/wp\/v2\/product_tag?post=5827"}],"curies":[{"name":"wp","href":"https:\/\/api.w.org\/{rel}","templated":true}]}}