{"id":5834,"date":"2025-02-19T15:21:22","date_gmt":"2025-02-19T14:21:22","guid":{"rendered":"https:\/\/toysmaniacornermonaco.com\/?post_type=product&#038;p=5834"},"modified":"2025-02-19T15:35:57","modified_gmt":"2025-02-19T14:35:57","slug":"1-18-lambo-v12-vision-gran-tourismo-vert","status":"publish","type":"product","link":"https:\/\/toysmaniacornermonaco.com\/en\/produit\/1-18-lambo-v12-vision-gran-tourismo-vert\/","title":{"rendered":"1\/18 LAMBO V12 VISION GRAN TOURISMO VERT"},"content":{"rendered":"<p data-start=\"55\" data-end=\"296\"><strong data-start=\"55\" data-end=\"64\">Nom :<\/strong> Lamborghini V12 Vision Gran Turismo \u2013 Vert<br data-start=\"107\" data-end=\"110\" \/><strong data-start=\"110\" data-end=\"122\">Marque :<\/strong> Maisto<br data-start=\"129\" data-end=\"132\" \/><strong data-start=\"132\" data-end=\"147\">R\u00e9f\u00e9rence :<\/strong> M36454G<br data-start=\"154\" data-end=\"157\" \/><strong data-start=\"157\" data-end=\"170\">\u00c9chelle :<\/strong> 1\/18<br data-start=\"175\" data-end=\"178\" \/><strong data-start=\"178\" data-end=\"194\">Dimensions :<\/strong> Environ <strong data-start=\"203\" data-end=\"227\">25 cm x 12 cm x 7 cm<\/strong><br data-start=\"227\" data-end=\"230\" \/><strong data-start=\"230\" data-end=\"243\">Mati\u00e8re :<\/strong> M\u00e9tal moul\u00e9 sous pression avec pi\u00e8ces en plastique<\/p>\n<p data-start=\"298\" data-end=\"617\">La <strong data-start=\"301\" data-end=\"340\">Lamborghini V12 Vision Gran Turismo<\/strong> est une hypercar futuriste con\u00e7ue pour allier performance extr\u00eame et design avant-gardiste. Cette r\u00e9plique \u00e0 l\u2019\u00e9chelle <strong data-start=\"460\" data-end=\"468\">1\/18<\/strong>, r\u00e9alis\u00e9e par <strong data-start=\"483\" data-end=\"493\">Maisto<\/strong>, reproduit avec fid\u00e9lit\u00e9 l\u2019a\u00e9rodynamisme agressif et les lignes ac\u00e9r\u00e9es de ce concept-car issu de l\u2019univers Gran Turismo.<\/p>\n<p data-start=\"619\" data-end=\"989\">Avec sa <strong data-start=\"627\" data-end=\"669\">carrosserie verte m\u00e9tallis\u00e9e \u00e9clatante<\/strong>, son <strong data-start=\"675\" data-end=\"706\">cockpit monoplace futuriste<\/strong> et ses <strong data-start=\"714\" data-end=\"760\">d\u00e9tails a\u00e9rodynamiques pouss\u00e9s \u00e0 l\u2019extr\u00eame<\/strong>, cette miniature capture l\u2019essence m\u00eame de <strong data-start=\"804\" data-end=\"819\">Lamborghini<\/strong>. Fabriqu\u00e9 en <strong data-start=\"833\" data-end=\"844\">DieCast<\/strong>, ce mod\u00e8le offre une finition premium, des roues mobiles et un int\u00e9rieur finement d\u00e9taill\u00e9, en faisant une pi\u00e8ce de collection incontournable.<\/p>\n","protected":false},"excerpt":{"rendered":"Nom : Lamborghini V12 Vision Gran Turismo \u2013 VertMarque : MaistoR\u00e9f\u00e9rence : M36454G\u00c9chelle : 1\/18Dimensions : Environ 25 cm x 12 cm x 7 cmMati\u00e8re : M\u00e9tal moul\u00e9 sous pression avec pi\u00e8ces en plastique La Lamborghini V12 Vision Gran Turismo est une hypercar futuriste con\u00e7ue pour allier performance extr\u00eame et design avant-gardiste. Cette r\u00e9plique \u00e0&#8230; <a class=\"view-article\" href=\"https:\/\/toysmaniacornermonaco.com\/en\/produit\/1-18-lambo-v12-vision-gran-tourismo-vert\/\">View Article<\/a>","protected":false},"featured_media":5835,"comment_status":"closed","ping_status":"closed","template":"","meta":{"_acf_changed":false},"product_cat":[380,384],"product_tag":[],"class_list":{"0":"post-5834","1":"product","2":"type-product","3":"status-publish","4":"has-post-thumbnail","6":"marque-maisto","7":"idee_cadeau-enfants","8":"idee_cadeau-hommes","9":"idee_cadeau-noel","10":"product_cat-decoration","11":"product_cat-jeux-et-jouets","13":"first","14":"instock","15":"taxable","16":"shipping-taxable","17":"purchasable","18":"product-type-simple"},"acf":[],"yoast_head":"<!-- This site is optimized with the Yoast SEO plugin v22.3 - https:\/\/yoast.com\/wordpress\/plugins\/seo\/ -->\n<title>1\/18 LAMBO V12 VISION GRAN TOURISMO VERT - TOY&#039;S MANIA<\/title>\n<meta name=\"robots\" content=\"index, follow, max-snippet:-1, max-image-preview:large, max-video-preview:-1\" \/>\n<link rel=\"canonical\" href=\"https:\/\/toysmaniacornermonaco.com\/produit\/1-18-lambo-v12-vision-gran-tourismo-vert\/\" \/>\n<meta property=\"og:locale\" content=\"en_US\" \/>\n<meta property=\"og:type\" content=\"article\" \/>\n<meta property=\"og:title\" content=\"1\/18 LAMBO V12 VISION GRAN TOURISMO VERT - TOY&#039;S MANIA\" \/>\n<meta property=\"og:description\" content=\"Nom : Lamborghini V12 Vision Gran Turismo \u2013 VertMarque : MaistoR\u00e9f\u00e9rence : M36454G\u00c9chelle : 1\/18Dimensions : Environ 25 cm x 12 cm x 7 cmMati\u00e8re : M\u00e9tal moul\u00e9 sous pression avec pi\u00e8ces en plastique La Lamborghini V12 Vision Gran Turismo est une hypercar futuriste con\u00e7ue pour allier performance extr\u00eame et design avant-gardiste. Cette r\u00e9plique \u00e0... View Article\" \/>\n<meta property=\"og:url\" content=\"https:\/\/toysmaniacornermonaco.com\/produit\/1-18-lambo-v12-vision-gran-tourismo-vert\/\" \/>\n<meta property=\"og:site_name\" content=\"TOY&#039;S MANIA\" \/>\n<meta property=\"article:modified_time\" content=\"2025-02-19T14:35:57+00:00\" \/>\n<meta property=\"og:image\" content=\"https:\/\/toysmaniacornermonaco.com\/wp-content\/uploads\/2025\/02\/VERT.jpg\" \/>\n\t<meta property=\"og:image:width\" content=\"1500\" \/>\n\t<meta property=\"og:image:height\" content=\"702\" \/>\n\t<meta property=\"og:image:type\" content=\"image\/jpeg\" \/>\n<meta name=\"twitter:card\" content=\"summary_large_image\" \/>\n<meta name=\"twitter:label1\" content=\"Est. reading time\" \/>\n\t<meta name=\"twitter:data1\" content=\"1 minute\" \/>\n<script type=\"application\/ld+json\" class=\"yoast-schema-graph\">{\"@context\":\"https:\/\/schema.org\",\"@graph\":[{\"@type\":\"WebPage\",\"@id\":\"https:\/\/toysmaniacornermonaco.com\/produit\/1-18-lambo-v12-vision-gran-tourismo-vert\/\",\"url\":\"https:\/\/toysmaniacornermonaco.com\/produit\/1-18-lambo-v12-vision-gran-tourismo-vert\/\",\"name\":\"1\/18 LAMBO V12 VISION GRAN TOURISMO VERT - TOY&#039;S MANIA\",\"isPartOf\":{\"@id\":\"https:\/\/toysmaniacornermonaco.com\/#website\"},\"primaryImageOfPage\":{\"@id\":\"https:\/\/toysmaniacornermonaco.com\/produit\/1-18-lambo-v12-vision-gran-tourismo-vert\/#primaryimage\"},\"image\":{\"@id\":\"https:\/\/toysmaniacornermonaco.com\/produit\/1-18-lambo-v12-vision-gran-tourismo-vert\/#primaryimage\"},\"thumbnailUrl\":\"https:\/\/toysmaniacornermonaco.com\/wp-content\/uploads\/2025\/02\/VERT.jpg\",\"datePublished\":\"2025-02-19T14:21:22+00:00\",\"dateModified\":\"2025-02-19T14:35:57+00:00\",\"breadcrumb\":{\"@id\":\"https:\/\/toysmaniacornermonaco.com\/produit\/1-18-lambo-v12-vision-gran-tourismo-vert\/#breadcrumb\"},\"inLanguage\":\"en-US\",\"potentialAction\":[{\"@type\":\"ReadAction\",\"target\":[\"https:\/\/toysmaniacornermonaco.com\/produit\/1-18-lambo-v12-vision-gran-tourismo-vert\/\"]}]},{\"@type\":\"ImageObject\",\"inLanguage\":\"en-US\",\"@id\":\"https:\/\/toysmaniacornermonaco.com\/produit\/1-18-lambo-v12-vision-gran-tourismo-vert\/#primaryimage\",\"url\":\"https:\/\/toysmaniacornermonaco.com\/wp-content\/uploads\/2025\/02\/VERT.jpg\",\"contentUrl\":\"https:\/\/toysmaniacornermonaco.com\/wp-content\/uploads\/2025\/02\/VERT.jpg\",\"width\":1500,\"height\":702},{\"@type\":\"BreadcrumbList\",\"@id\":\"https:\/\/toysmaniacornermonaco.com\/produit\/1-18-lambo-v12-vision-gran-tourismo-vert\/#breadcrumb\",\"itemListElement\":[{\"@type\":\"ListItem\",\"position\":1,\"name\":\"Accueil\",\"item\":\"https:\/\/toysmaniacornermonaco.com\/en\/\"},{\"@type\":\"ListItem\",\"position\":2,\"name\":\"Shop\",\"item\":\"https:\/\/toysmaniacornermonaco.com\/en\/shop\/\"},{\"@type\":\"ListItem\",\"position\":3,\"name\":\"1\/18 LAMBO V12 VISION GRAN TOURISMO VERT\"}]},{\"@type\":\"WebSite\",\"@id\":\"https:\/\/toysmaniacornermonaco.com\/#website\",\"url\":\"https:\/\/toysmaniacornermonaco.com\/\",\"name\":\"TOY&#039;S MANIA\",\"description\":\"VOTRE CONCEPT STORE \u00c0 MONACO\",\"potentialAction\":[{\"@type\":\"SearchAction\",\"target\":{\"@type\":\"EntryPoint\",\"urlTemplate\":\"https:\/\/toysmaniacornermonaco.com\/?s={search_term_string}\"},\"query-input\":\"required name=search_term_string\"}],\"inLanguage\":\"en-US\"}]}<\/script>\n<!-- \/ Yoast SEO plugin. -->","yoast_head_json":{"title":"1\/18 LAMBO V12 VISION GRAN TOURISMO VERT - TOY&#039;S MANIA","robots":{"index":"index","follow":"follow","max-snippet":"max-snippet:-1","max-image-preview":"max-image-preview:large","max-video-preview":"max-video-preview:-1"},"canonical":"https:\/\/toysmaniacornermonaco.com\/produit\/1-18-lambo-v12-vision-gran-tourismo-vert\/","og_locale":"en_US","og_type":"article","og_title":"1\/18 LAMBO V12 VISION GRAN TOURISMO VERT - TOY&#039;S MANIA","og_description":"Nom : Lamborghini V12 Vision Gran Turismo \u2013 VertMarque : MaistoR\u00e9f\u00e9rence : M36454G\u00c9chelle : 1\/18Dimensions : Environ 25 cm x 12 cm x 7 cmMati\u00e8re : M\u00e9tal moul\u00e9 sous pression avec pi\u00e8ces en plastique La Lamborghini V12 Vision Gran Turismo est une hypercar futuriste con\u00e7ue pour allier performance extr\u00eame et design avant-gardiste. Cette r\u00e9plique \u00e0... View Article","og_url":"https:\/\/toysmaniacornermonaco.com\/produit\/1-18-lambo-v12-vision-gran-tourismo-vert\/","og_site_name":"TOY&#039;S MANIA","article_modified_time":"2025-02-19T14:35:57+00:00","og_image":[{"width":1500,"height":702,"url":"https:\/\/toysmaniacornermonaco.com\/wp-content\/uploads\/2025\/02\/VERT.jpg","type":"image\/jpeg"}],"twitter_card":"summary_large_image","twitter_misc":{"Est. reading time":"1 minute"},"schema":{"@context":"https:\/\/schema.org","@graph":[{"@type":"WebPage","@id":"https:\/\/toysmaniacornermonaco.com\/produit\/1-18-lambo-v12-vision-gran-tourismo-vert\/","url":"https:\/\/toysmaniacornermonaco.com\/produit\/1-18-lambo-v12-vision-gran-tourismo-vert\/","name":"1\/18 LAMBO V12 VISION GRAN TOURISMO VERT - TOY&#039;S MANIA","isPartOf":{"@id":"https:\/\/toysmaniacornermonaco.com\/#website"},"primaryImageOfPage":{"@id":"https:\/\/toysmaniacornermonaco.com\/produit\/1-18-lambo-v12-vision-gran-tourismo-vert\/#primaryimage"},"image":{"@id":"https:\/\/toysmaniacornermonaco.com\/produit\/1-18-lambo-v12-vision-gran-tourismo-vert\/#primaryimage"},"thumbnailUrl":"https:\/\/toysmaniacornermonaco.com\/wp-content\/uploads\/2025\/02\/VERT.jpg","datePublished":"2025-02-19T14:21:22+00:00","dateModified":"2025-02-19T14:35:57+00:00","breadcrumb":{"@id":"https:\/\/toysmaniacornermonaco.com\/produit\/1-18-lambo-v12-vision-gran-tourismo-vert\/#breadcrumb"},"inLanguage":"en-US","potentialAction":[{"@type":"ReadAction","target":["https:\/\/toysmaniacornermonaco.com\/produit\/1-18-lambo-v12-vision-gran-tourismo-vert\/"]}]},{"@type":"ImageObject","inLanguage":"en-US","@id":"https:\/\/toysmaniacornermonaco.com\/produit\/1-18-lambo-v12-vision-gran-tourismo-vert\/#primaryimage","url":"https:\/\/toysmaniacornermonaco.com\/wp-content\/uploads\/2025\/02\/VERT.jpg","contentUrl":"https:\/\/toysmaniacornermonaco.com\/wp-content\/uploads\/2025\/02\/VERT.jpg","width":1500,"height":702},{"@type":"BreadcrumbList","@id":"https:\/\/toysmaniacornermonaco.com\/produit\/1-18-lambo-v12-vision-gran-tourismo-vert\/#breadcrumb","itemListElement":[{"@type":"ListItem","position":1,"name":"Accueil","item":"https:\/\/toysmaniacornermonaco.com\/en\/"},{"@type":"ListItem","position":2,"name":"Shop","item":"https:\/\/toysmaniacornermonaco.com\/en\/shop\/"},{"@type":"ListItem","position":3,"name":"1\/18 LAMBO V12 VISION GRAN TOURISMO VERT"}]},{"@type":"WebSite","@id":"https:\/\/toysmaniacornermonaco.com\/#website","url":"https:\/\/toysmaniacornermonaco.com\/","name":"TOY&#039;S MANIA","description":"VOTRE CONCEPT STORE \u00c0 MONACO","potentialAction":[{"@type":"SearchAction","target":{"@type":"EntryPoint","urlTemplate":"https:\/\/toysmaniacornermonaco.com\/?s={search_term_string}"},"query-input":"required name=search_term_string"}],"inLanguage":"en-US"}]}},"_links":{"self":[{"href":"https:\/\/toysmaniacornermonaco.com\/en\/wp-json\/wp\/v2\/product\/5834","targetHints":{"allow":["GET"]}}],"collection":[{"href":"https:\/\/toysmaniacornermonaco.com\/en\/wp-json\/wp\/v2\/product"}],"about":[{"href":"https:\/\/toysmaniacornermonaco.com\/en\/wp-json\/wp\/v2\/types\/product"}],"replies":[{"embeddable":true,"href":"https:\/\/toysmaniacornermonaco.com\/en\/wp-json\/wp\/v2\/comments?post=5834"}],"wp:featuredmedia":[{"embeddable":true,"href":"https:\/\/toysmaniacornermonaco.com\/en\/wp-json\/wp\/v2\/media\/5835"}],"wp:attachment":[{"href":"https:\/\/toysmaniacornermonaco.com\/en\/wp-json\/wp\/v2\/media?parent=5834"}],"wp:term":[{"taxonomy":"product_cat","embeddable":true,"href":"https:\/\/toysmaniacornermonaco.com\/en\/wp-json\/wp\/v2\/product_cat?post=5834"},{"taxonomy":"product_tag","embeddable":true,"href":"https:\/\/toysmaniacornermonaco.com\/en\/wp-json\/wp\/v2\/product_tag?post=5834"}],"curies":[{"name":"wp","href":"https:\/\/api.w.org\/{rel}","templated":true}]}}