{"id":5867,"date":"2025-02-19T17:16:06","date_gmt":"2025-02-19T16:16:06","guid":{"rendered":"https:\/\/toysmaniacornermonaco.com\/?post_type=product&#038;p=5867"},"modified":"2025-02-19T17:27:42","modified_gmt":"2025-02-19T16:27:42","slug":"1-18-lambo-countach-lpi-800","status":"publish","type":"product","link":"https:\/\/toysmaniacornermonaco.com\/en\/produit\/1-18-lambo-countach-lpi-800\/","title":{"rendered":"1\/18 LAMBO COUNTACH LPI-800"},"content":{"rendered":"<p data-start=\"55\" data-end=\"375\"><strong data-start=\"55\" data-end=\"67\">\u00a0Nom :<\/strong> Lamborghini Countach LPI-800 \u2013 Blanc<br data-start=\"104\" data-end=\"107\" \/><strong data-start=\"107\" data-end=\"122\">\u00a0Marque :<\/strong> Maisto (May Cheong Group)<br data-start=\"148\" data-end=\"151\" \/><strong data-start=\"151\" data-end=\"169\">\u00a0R\u00e9f\u00e9rence :<\/strong> M31459<br data-start=\"176\" data-end=\"179\" \/><strong data-start=\"179\" data-end=\"195\">\u00a0\u00c9chelle :<\/strong> 1\/18<br data-start=\"200\" data-end=\"203\" \/><strong data-start=\"203\" data-end=\"222\">\u00a0Dimensions :<\/strong> Environ <strong data-start=\"231\" data-end=\"255\">25 cm x 11 cm x 7 cm<\/strong><br data-start=\"255\" data-end=\"258\" \/><strong data-start=\"258\" data-end=\"274\">Mati\u00e8re :<\/strong> M\u00e9tal moul\u00e9 sous pression avec pi\u00e8ces en plastique<br data-start=\"325\" data-end=\"328\" \/>\n<\/p>\n<p data-start=\"377\" data-end=\"684\">La <strong data-start=\"380\" data-end=\"412\">Lamborghini Countach LPI-800<\/strong> est un hommage moderne \u00e0 l\u2019une des supercars les plus embl\u00e9matiques de l\u2019histoire. Cette r\u00e9plique \u00e0 l\u2019\u00e9chelle <strong data-start=\"523\" data-end=\"531\">1\/18<\/strong>, r\u00e9alis\u00e9e par <strong data-start=\"546\" data-end=\"556\">Maisto<\/strong>, capture avec fid\u00e9lit\u00e9 l\u2019esprit de la Countach revisit\u00e9e par Lamborghini, alliant design r\u00e9tro et innovations technologiques.<\/p>\n<p data-start=\"686\" data-end=\"1013\">Avec sa <strong data-start=\"694\" data-end=\"727\">carrosserie blanche \u00e9clatante<\/strong>, ses <strong data-start=\"733\" data-end=\"754\">lignes anguleuses<\/strong> et son <strong data-start=\"762\" data-end=\"790\">aileron arri\u00e8re imposant<\/strong>, cette miniature affiche une allure spectaculaire. Son <strong data-start=\"846\" data-end=\"868\">int\u00e9rieur d\u00e9taill\u00e9<\/strong>, ses <strong data-start=\"874\" data-end=\"904\">portes ouvrantes en \u00e9lytre<\/strong>, son <strong data-start=\"910\" data-end=\"938\">capot moteur fonctionnel<\/strong> et ses <strong data-start=\"946\" data-end=\"963\">roues mobiles<\/strong> en font une pi\u00e8ce de collection incontournable.<\/p>\n","protected":false},"excerpt":{"rendered":"\u00a0Nom : Lamborghini Countach LPI-800 \u2013 Blanc\u00a0Marque : Maisto (May Cheong Group)\u00a0R\u00e9f\u00e9rence : M31459\u00a0\u00c9chelle : 1\/18\u00a0Dimensions : Environ 25 cm x 11 cm x 7 cmMati\u00e8re : M\u00e9tal moul\u00e9 sous pression avec pi\u00e8ces en plastique La Lamborghini Countach LPI-800 est un hommage moderne \u00e0 l\u2019une des supercars les plus embl\u00e9matiques de l\u2019histoire. Cette r\u00e9plique \u00e0&#8230; <a class=\"view-article\" href=\"https:\/\/toysmaniacornermonaco.com\/en\/produit\/1-18-lambo-countach-lpi-800\/\">View Article<\/a>","protected":false},"featured_media":5868,"comment_status":"closed","ping_status":"closed","template":"","meta":{"_acf_changed":false},"product_cat":[380,384],"product_tag":[],"class_list":{"0":"post-5867","1":"product","2":"type-product","3":"status-publish","4":"has-post-thumbnail","6":"marque-maisto","7":"idee_cadeau-enfants","8":"idee_cadeau-noel","9":"product_cat-decoration","10":"product_cat-jeux-et-jouets","12":"first","13":"instock","14":"taxable","15":"shipping-taxable","16":"purchasable","17":"product-type-simple"},"acf":[],"yoast_head":"<!-- This site is optimized with the Yoast SEO plugin v22.3 - https:\/\/yoast.com\/wordpress\/plugins\/seo\/ -->\n<title>1\/18 LAMBO COUNTACH LPI-800 - TOY&#039;S MANIA<\/title>\n<meta name=\"robots\" content=\"index, follow, max-snippet:-1, max-image-preview:large, max-video-preview:-1\" \/>\n<link rel=\"canonical\" href=\"https:\/\/toysmaniacornermonaco.com\/produit\/1-18-lambo-countach-lpi-800\/\" \/>\n<meta property=\"og:locale\" content=\"en_US\" \/>\n<meta property=\"og:type\" content=\"article\" \/>\n<meta property=\"og:title\" content=\"1\/18 LAMBO COUNTACH LPI-800 - TOY&#039;S MANIA\" \/>\n<meta property=\"og:description\" content=\"\u00a0Nom : Lamborghini Countach LPI-800 \u2013 Blanc\u00a0Marque : Maisto (May Cheong Group)\u00a0R\u00e9f\u00e9rence : M31459\u00a0\u00c9chelle : 1\/18\u00a0Dimensions : Environ 25 cm x 11 cm x 7 cmMati\u00e8re : M\u00e9tal moul\u00e9 sous pression avec pi\u00e8ces en plastique La Lamborghini Countach LPI-800 est un hommage moderne \u00e0 l\u2019une des supercars les plus embl\u00e9matiques de l\u2019histoire. Cette r\u00e9plique \u00e0... View Article\" \/>\n<meta property=\"og:url\" content=\"https:\/\/toysmaniacornermonaco.com\/produit\/1-18-lambo-countach-lpi-800\/\" \/>\n<meta property=\"og:site_name\" content=\"TOY&#039;S MANIA\" \/>\n<meta property=\"article:modified_time\" content=\"2025-02-19T16:27:42+00:00\" \/>\n<meta property=\"og:image\" content=\"https:\/\/toysmaniacornermonaco.com\/wp-content\/uploads\/2025\/02\/BLANC.jpg\" \/>\n\t<meta property=\"og:image:width\" content=\"425\" \/>\n\t<meta property=\"og:image:height\" content=\"190\" \/>\n\t<meta property=\"og:image:type\" content=\"image\/jpeg\" \/>\n<meta name=\"twitter:card\" content=\"summary_large_image\" \/>\n<meta name=\"twitter:label1\" content=\"Est. reading time\" \/>\n\t<meta name=\"twitter:data1\" content=\"1 minute\" \/>\n<script type=\"application\/ld+json\" class=\"yoast-schema-graph\">{\"@context\":\"https:\/\/schema.org\",\"@graph\":[{\"@type\":\"WebPage\",\"@id\":\"https:\/\/toysmaniacornermonaco.com\/produit\/1-18-lambo-countach-lpi-800\/\",\"url\":\"https:\/\/toysmaniacornermonaco.com\/produit\/1-18-lambo-countach-lpi-800\/\",\"name\":\"1\/18 LAMBO COUNTACH LPI-800 - TOY&#039;S MANIA\",\"isPartOf\":{\"@id\":\"https:\/\/toysmaniacornermonaco.com\/#website\"},\"primaryImageOfPage\":{\"@id\":\"https:\/\/toysmaniacornermonaco.com\/produit\/1-18-lambo-countach-lpi-800\/#primaryimage\"},\"image\":{\"@id\":\"https:\/\/toysmaniacornermonaco.com\/produit\/1-18-lambo-countach-lpi-800\/#primaryimage\"},\"thumbnailUrl\":\"https:\/\/toysmaniacornermonaco.com\/wp-content\/uploads\/2025\/02\/BLANC.jpg\",\"datePublished\":\"2025-02-19T16:16:06+00:00\",\"dateModified\":\"2025-02-19T16:27:42+00:00\",\"breadcrumb\":{\"@id\":\"https:\/\/toysmaniacornermonaco.com\/produit\/1-18-lambo-countach-lpi-800\/#breadcrumb\"},\"inLanguage\":\"en-US\",\"potentialAction\":[{\"@type\":\"ReadAction\",\"target\":[\"https:\/\/toysmaniacornermonaco.com\/produit\/1-18-lambo-countach-lpi-800\/\"]}]},{\"@type\":\"ImageObject\",\"inLanguage\":\"en-US\",\"@id\":\"https:\/\/toysmaniacornermonaco.com\/produit\/1-18-lambo-countach-lpi-800\/#primaryimage\",\"url\":\"https:\/\/toysmaniacornermonaco.com\/wp-content\/uploads\/2025\/02\/BLANC.jpg\",\"contentUrl\":\"https:\/\/toysmaniacornermonaco.com\/wp-content\/uploads\/2025\/02\/BLANC.jpg\",\"width\":425,\"height\":190},{\"@type\":\"BreadcrumbList\",\"@id\":\"https:\/\/toysmaniacornermonaco.com\/produit\/1-18-lambo-countach-lpi-800\/#breadcrumb\",\"itemListElement\":[{\"@type\":\"ListItem\",\"position\":1,\"name\":\"Accueil\",\"item\":\"https:\/\/toysmaniacornermonaco.com\/en\/\"},{\"@type\":\"ListItem\",\"position\":2,\"name\":\"Shop\",\"item\":\"https:\/\/toysmaniacornermonaco.com\/en\/shop\/\"},{\"@type\":\"ListItem\",\"position\":3,\"name\":\"1\/18 LAMBO COUNTACH LPI-800\"}]},{\"@type\":\"WebSite\",\"@id\":\"https:\/\/toysmaniacornermonaco.com\/#website\",\"url\":\"https:\/\/toysmaniacornermonaco.com\/\",\"name\":\"TOY&#039;S MANIA\",\"description\":\"VOTRE CONCEPT STORE \u00c0 MONACO\",\"potentialAction\":[{\"@type\":\"SearchAction\",\"target\":{\"@type\":\"EntryPoint\",\"urlTemplate\":\"https:\/\/toysmaniacornermonaco.com\/?s={search_term_string}\"},\"query-input\":\"required name=search_term_string\"}],\"inLanguage\":\"en-US\"}]}<\/script>\n<!-- \/ Yoast SEO plugin. -->","yoast_head_json":{"title":"1\/18 LAMBO COUNTACH LPI-800 - TOY&#039;S MANIA","robots":{"index":"index","follow":"follow","max-snippet":"max-snippet:-1","max-image-preview":"max-image-preview:large","max-video-preview":"max-video-preview:-1"},"canonical":"https:\/\/toysmaniacornermonaco.com\/produit\/1-18-lambo-countach-lpi-800\/","og_locale":"en_US","og_type":"article","og_title":"1\/18 LAMBO COUNTACH LPI-800 - TOY&#039;S MANIA","og_description":"\u00a0Nom : Lamborghini Countach LPI-800 \u2013 Blanc\u00a0Marque : Maisto (May Cheong Group)\u00a0R\u00e9f\u00e9rence : M31459\u00a0\u00c9chelle : 1\/18\u00a0Dimensions : Environ 25 cm x 11 cm x 7 cmMati\u00e8re : M\u00e9tal moul\u00e9 sous pression avec pi\u00e8ces en plastique La Lamborghini Countach LPI-800 est un hommage moderne \u00e0 l\u2019une des supercars les plus embl\u00e9matiques de l\u2019histoire. Cette r\u00e9plique \u00e0... View Article","og_url":"https:\/\/toysmaniacornermonaco.com\/produit\/1-18-lambo-countach-lpi-800\/","og_site_name":"TOY&#039;S MANIA","article_modified_time":"2025-02-19T16:27:42+00:00","og_image":[{"width":425,"height":190,"url":"https:\/\/toysmaniacornermonaco.com\/wp-content\/uploads\/2025\/02\/BLANC.jpg","type":"image\/jpeg"}],"twitter_card":"summary_large_image","twitter_misc":{"Est. reading time":"1 minute"},"schema":{"@context":"https:\/\/schema.org","@graph":[{"@type":"WebPage","@id":"https:\/\/toysmaniacornermonaco.com\/produit\/1-18-lambo-countach-lpi-800\/","url":"https:\/\/toysmaniacornermonaco.com\/produit\/1-18-lambo-countach-lpi-800\/","name":"1\/18 LAMBO COUNTACH LPI-800 - TOY&#039;S MANIA","isPartOf":{"@id":"https:\/\/toysmaniacornermonaco.com\/#website"},"primaryImageOfPage":{"@id":"https:\/\/toysmaniacornermonaco.com\/produit\/1-18-lambo-countach-lpi-800\/#primaryimage"},"image":{"@id":"https:\/\/toysmaniacornermonaco.com\/produit\/1-18-lambo-countach-lpi-800\/#primaryimage"},"thumbnailUrl":"https:\/\/toysmaniacornermonaco.com\/wp-content\/uploads\/2025\/02\/BLANC.jpg","datePublished":"2025-02-19T16:16:06+00:00","dateModified":"2025-02-19T16:27:42+00:00","breadcrumb":{"@id":"https:\/\/toysmaniacornermonaco.com\/produit\/1-18-lambo-countach-lpi-800\/#breadcrumb"},"inLanguage":"en-US","potentialAction":[{"@type":"ReadAction","target":["https:\/\/toysmaniacornermonaco.com\/produit\/1-18-lambo-countach-lpi-800\/"]}]},{"@type":"ImageObject","inLanguage":"en-US","@id":"https:\/\/toysmaniacornermonaco.com\/produit\/1-18-lambo-countach-lpi-800\/#primaryimage","url":"https:\/\/toysmaniacornermonaco.com\/wp-content\/uploads\/2025\/02\/BLANC.jpg","contentUrl":"https:\/\/toysmaniacornermonaco.com\/wp-content\/uploads\/2025\/02\/BLANC.jpg","width":425,"height":190},{"@type":"BreadcrumbList","@id":"https:\/\/toysmaniacornermonaco.com\/produit\/1-18-lambo-countach-lpi-800\/#breadcrumb","itemListElement":[{"@type":"ListItem","position":1,"name":"Accueil","item":"https:\/\/toysmaniacornermonaco.com\/en\/"},{"@type":"ListItem","position":2,"name":"Shop","item":"https:\/\/toysmaniacornermonaco.com\/en\/shop\/"},{"@type":"ListItem","position":3,"name":"1\/18 LAMBO COUNTACH LPI-800"}]},{"@type":"WebSite","@id":"https:\/\/toysmaniacornermonaco.com\/#website","url":"https:\/\/toysmaniacornermonaco.com\/","name":"TOY&#039;S MANIA","description":"VOTRE CONCEPT STORE \u00c0 MONACO","potentialAction":[{"@type":"SearchAction","target":{"@type":"EntryPoint","urlTemplate":"https:\/\/toysmaniacornermonaco.com\/?s={search_term_string}"},"query-input":"required name=search_term_string"}],"inLanguage":"en-US"}]}},"_links":{"self":[{"href":"https:\/\/toysmaniacornermonaco.com\/en\/wp-json\/wp\/v2\/product\/5867","targetHints":{"allow":["GET"]}}],"collection":[{"href":"https:\/\/toysmaniacornermonaco.com\/en\/wp-json\/wp\/v2\/product"}],"about":[{"href":"https:\/\/toysmaniacornermonaco.com\/en\/wp-json\/wp\/v2\/types\/product"}],"replies":[{"embeddable":true,"href":"https:\/\/toysmaniacornermonaco.com\/en\/wp-json\/wp\/v2\/comments?post=5867"}],"wp:featuredmedia":[{"embeddable":true,"href":"https:\/\/toysmaniacornermonaco.com\/en\/wp-json\/wp\/v2\/media\/5868"}],"wp:attachment":[{"href":"https:\/\/toysmaniacornermonaco.com\/en\/wp-json\/wp\/v2\/media?parent=5867"}],"wp:term":[{"taxonomy":"product_cat","embeddable":true,"href":"https:\/\/toysmaniacornermonaco.com\/en\/wp-json\/wp\/v2\/product_cat?post=5867"},{"taxonomy":"product_tag","embeddable":true,"href":"https:\/\/toysmaniacornermonaco.com\/en\/wp-json\/wp\/v2\/product_tag?post=5867"}],"curies":[{"name":"wp","href":"https:\/\/api.w.org\/{rel}","templated":true}]}}