{"id":5876,"date":"2025-02-19T17:31:31","date_gmt":"2025-02-19T16:31:31","guid":{"rendered":"https:\/\/toysmaniacornermonaco.com\/?post_type=product&#038;p=5876"},"modified":"2025-02-19T17:39:41","modified_gmt":"2025-02-19T16:39:41","slug":"1-18-lamborghini-countach-lpi-800-orange","status":"publish","type":"product","link":"https:\/\/toysmaniacornermonaco.com\/en\/produit\/1-18-lamborghini-countach-lpi-800-orange\/","title":{"rendered":"1\/18 LAMBORGHINI COUNTACH LPI-800 ORANGE"},"content":{"rendered":"<p data-start=\"55\" data-end=\"358\"><strong data-start=\"55\" data-end=\"67\">\u00a0Nom :<\/strong> Lamborghini Countach LPI-800 \u2013 Orange<br data-start=\"105\" data-end=\"108\" \/><strong data-start=\"108\" data-end=\"123\">\u00a0Marque :<\/strong> Maisto<br data-start=\"130\" data-end=\"133\" \/><strong data-start=\"133\" data-end=\"151\">\u00a0R\u00e9f\u00e9rence :<\/strong> M31459O<br data-start=\"159\" data-end=\"162\" \/><strong data-start=\"162\" data-end=\"178\">\u00a0\u00c9chelle :<\/strong> 1\/18<br data-start=\"183\" data-end=\"186\" \/><strong data-start=\"186\" data-end=\"205\">\u00a0Dimensions :<\/strong> Environ <strong data-start=\"214\" data-end=\"238\">25 cm x 11 cm x 7 cm<\/strong><br data-start=\"238\" data-end=\"241\" \/><strong data-start=\"241\" data-end=\"257\">\u00a0Mati\u00e8re :<\/strong> M\u00e9tal moul\u00e9 sous pression avec pi\u00e8ces en plastique<br data-start=\"308\" data-end=\"311\" \/>\n<\/p>\n<p data-start=\"360\" data-end=\"657\">La <strong data-start=\"363\" data-end=\"395\">Lamborghini Countach LPI-800<\/strong> est une r\u00e9interpr\u00e9tation moderne de l\u2019un des mod\u00e8les les plus l\u00e9gendaires de <strong data-start=\"473\" data-end=\"488\">Lamborghini<\/strong>. Cette r\u00e9plique \u00e0 l\u2019\u00e9chelle <strong data-start=\"517\" data-end=\"525\">1\/18<\/strong>, r\u00e9alis\u00e9e par <strong data-start=\"540\" data-end=\"550\">Maisto<\/strong>, capture avec pr\u00e9cision le design spectaculaire et les performances de cette supercar hybride exclusive.<\/p>\n<p data-start=\"659\" data-end=\"1048\">Avec sa <strong data-start=\"667\" data-end=\"710\">carrosserie orange m\u00e9tallis\u00e9e \u00e9clatante<\/strong>, ses <strong data-start=\"716\" data-end=\"748\">lignes ac\u00e9r\u00e9es et futuristes<\/strong>, et son <strong data-start=\"757\" data-end=\"807\">aileron arri\u00e8re inspir\u00e9 de l\u2019iconique Countach<\/strong>, cette miniature refl\u00e8te l\u2019ADN unique de <strong data-start=\"849\" data-end=\"864\">Lamborghini<\/strong>. Son <strong data-start=\"870\" data-end=\"892\">int\u00e9rieur d\u00e9taill\u00e9<\/strong>, ses <strong data-start=\"898\" data-end=\"928\">portes en \u00e9lytre ouvrantes<\/strong>, son <strong data-start=\"934\" data-end=\"962\">capot moteur fonctionnel<\/strong> et ses <strong data-start=\"970\" data-end=\"987\">roues mobiles<\/strong> ajoutent encore plus de r\u00e9alisme \u00e0 ce mod\u00e8le exceptionnel.<\/p>\n","protected":false},"excerpt":{"rendered":"\u00a0Nom : Lamborghini Countach LPI-800 \u2013 Orange\u00a0Marque : Maisto\u00a0R\u00e9f\u00e9rence : M31459O\u00a0\u00c9chelle : 1\/18\u00a0Dimensions : Environ 25 cm x 11 cm x 7 cm\u00a0Mati\u00e8re : M\u00e9tal moul\u00e9 sous pression avec pi\u00e8ces en plastique La Lamborghini Countach LPI-800 est une r\u00e9interpr\u00e9tation moderne de l\u2019un des mod\u00e8les les plus l\u00e9gendaires de Lamborghini. Cette r\u00e9plique \u00e0 l\u2019\u00e9chelle 1\/18, r\u00e9alis\u00e9e&#8230; <a class=\"view-article\" href=\"https:\/\/toysmaniacornermonaco.com\/en\/produit\/1-18-lamborghini-countach-lpi-800-orange\/\">View Article<\/a>","protected":false},"featured_media":5885,"comment_status":"closed","ping_status":"closed","template":"","meta":{"_acf_changed":false},"product_cat":[380,384],"product_tag":[],"class_list":{"0":"post-5876","1":"product","2":"type-product","3":"status-publish","4":"has-post-thumbnail","6":"marque-maisto","7":"idee_cadeau-enfants","8":"idee_cadeau-noel","9":"product_cat-decoration","10":"product_cat-jeux-et-jouets","12":"first","13":"instock","14":"taxable","15":"shipping-taxable","16":"purchasable","17":"product-type-simple"},"acf":[],"yoast_head":"<!-- This site is optimized with the Yoast SEO plugin v22.3 - https:\/\/yoast.com\/wordpress\/plugins\/seo\/ -->\n<title>1\/18 LAMBORGHINI COUNTACH LPI-800 ORANGE - TOY&#039;S MANIA<\/title>\n<meta name=\"robots\" content=\"index, follow, max-snippet:-1, max-image-preview:large, max-video-preview:-1\" \/>\n<link rel=\"canonical\" href=\"https:\/\/toysmaniacornermonaco.com\/produit\/1-18-lamborghini-countach-lpi-800-orange\/\" \/>\n<meta property=\"og:locale\" content=\"en_US\" \/>\n<meta property=\"og:type\" content=\"article\" \/>\n<meta property=\"og:title\" content=\"1\/18 LAMBORGHINI COUNTACH LPI-800 ORANGE - TOY&#039;S MANIA\" \/>\n<meta property=\"og:description\" content=\"\u00a0Nom : Lamborghini Countach LPI-800 \u2013 Orange\u00a0Marque : Maisto\u00a0R\u00e9f\u00e9rence : M31459O\u00a0\u00c9chelle : 1\/18\u00a0Dimensions : Environ 25 cm x 11 cm x 7 cm\u00a0Mati\u00e8re : M\u00e9tal moul\u00e9 sous pression avec pi\u00e8ces en plastique La Lamborghini Countach LPI-800 est une r\u00e9interpr\u00e9tation moderne de l\u2019un des mod\u00e8les les plus l\u00e9gendaires de Lamborghini. Cette r\u00e9plique \u00e0 l\u2019\u00e9chelle 1\/18, r\u00e9alis\u00e9e... View Article\" \/>\n<meta property=\"og:url\" content=\"https:\/\/toysmaniacornermonaco.com\/produit\/1-18-lamborghini-countach-lpi-800-orange\/\" \/>\n<meta property=\"og:site_name\" content=\"TOY&#039;S MANIA\" \/>\n<meta property=\"article:modified_time\" content=\"2025-02-19T16:39:41+00:00\" \/>\n<meta property=\"og:image\" content=\"https:\/\/toysmaniacornermonaco.com\/wp-content\/uploads\/2025\/02\/COUNTACH.jpg\" \/>\n\t<meta property=\"og:image:width\" content=\"225\" \/>\n\t<meta property=\"og:image:height\" content=\"225\" \/>\n\t<meta property=\"og:image:type\" content=\"image\/jpeg\" \/>\n<meta name=\"twitter:card\" content=\"summary_large_image\" \/>\n<meta name=\"twitter:label1\" content=\"Est. reading time\" \/>\n\t<meta name=\"twitter:data1\" content=\"1 minute\" \/>\n<script type=\"application\/ld+json\" class=\"yoast-schema-graph\">{\"@context\":\"https:\/\/schema.org\",\"@graph\":[{\"@type\":\"WebPage\",\"@id\":\"https:\/\/toysmaniacornermonaco.com\/produit\/1-18-lamborghini-countach-lpi-800-orange\/\",\"url\":\"https:\/\/toysmaniacornermonaco.com\/produit\/1-18-lamborghini-countach-lpi-800-orange\/\",\"name\":\"1\/18 LAMBORGHINI COUNTACH LPI-800 ORANGE - TOY&#039;S MANIA\",\"isPartOf\":{\"@id\":\"https:\/\/toysmaniacornermonaco.com\/#website\"},\"primaryImageOfPage\":{\"@id\":\"https:\/\/toysmaniacornermonaco.com\/produit\/1-18-lamborghini-countach-lpi-800-orange\/#primaryimage\"},\"image\":{\"@id\":\"https:\/\/toysmaniacornermonaco.com\/produit\/1-18-lamborghini-countach-lpi-800-orange\/#primaryimage\"},\"thumbnailUrl\":\"https:\/\/toysmaniacornermonaco.com\/wp-content\/uploads\/2025\/02\/COUNTACH.jpg\",\"datePublished\":\"2025-02-19T16:31:31+00:00\",\"dateModified\":\"2025-02-19T16:39:41+00:00\",\"breadcrumb\":{\"@id\":\"https:\/\/toysmaniacornermonaco.com\/produit\/1-18-lamborghini-countach-lpi-800-orange\/#breadcrumb\"},\"inLanguage\":\"en-US\",\"potentialAction\":[{\"@type\":\"ReadAction\",\"target\":[\"https:\/\/toysmaniacornermonaco.com\/produit\/1-18-lamborghini-countach-lpi-800-orange\/\"]}]},{\"@type\":\"ImageObject\",\"inLanguage\":\"en-US\",\"@id\":\"https:\/\/toysmaniacornermonaco.com\/produit\/1-18-lamborghini-countach-lpi-800-orange\/#primaryimage\",\"url\":\"https:\/\/toysmaniacornermonaco.com\/wp-content\/uploads\/2025\/02\/COUNTACH.jpg\",\"contentUrl\":\"https:\/\/toysmaniacornermonaco.com\/wp-content\/uploads\/2025\/02\/COUNTACH.jpg\",\"width\":225,\"height\":225},{\"@type\":\"BreadcrumbList\",\"@id\":\"https:\/\/toysmaniacornermonaco.com\/produit\/1-18-lamborghini-countach-lpi-800-orange\/#breadcrumb\",\"itemListElement\":[{\"@type\":\"ListItem\",\"position\":1,\"name\":\"Accueil\",\"item\":\"https:\/\/toysmaniacornermonaco.com\/en\/\"},{\"@type\":\"ListItem\",\"position\":2,\"name\":\"Shop\",\"item\":\"https:\/\/toysmaniacornermonaco.com\/en\/shop\/\"},{\"@type\":\"ListItem\",\"position\":3,\"name\":\"1\/18 LAMBORGHINI COUNTACH LPI-800 ORANGE\"}]},{\"@type\":\"WebSite\",\"@id\":\"https:\/\/toysmaniacornermonaco.com\/#website\",\"url\":\"https:\/\/toysmaniacornermonaco.com\/\",\"name\":\"TOY&#039;S MANIA\",\"description\":\"VOTRE CONCEPT STORE \u00c0 MONACO\",\"potentialAction\":[{\"@type\":\"SearchAction\",\"target\":{\"@type\":\"EntryPoint\",\"urlTemplate\":\"https:\/\/toysmaniacornermonaco.com\/?s={search_term_string}\"},\"query-input\":\"required name=search_term_string\"}],\"inLanguage\":\"en-US\"}]}<\/script>\n<!-- \/ Yoast SEO plugin. -->","yoast_head_json":{"title":"1\/18 LAMBORGHINI COUNTACH LPI-800 ORANGE - TOY&#039;S MANIA","robots":{"index":"index","follow":"follow","max-snippet":"max-snippet:-1","max-image-preview":"max-image-preview:large","max-video-preview":"max-video-preview:-1"},"canonical":"https:\/\/toysmaniacornermonaco.com\/produit\/1-18-lamborghini-countach-lpi-800-orange\/","og_locale":"en_US","og_type":"article","og_title":"1\/18 LAMBORGHINI COUNTACH LPI-800 ORANGE - TOY&#039;S MANIA","og_description":"\u00a0Nom : Lamborghini Countach LPI-800 \u2013 Orange\u00a0Marque : Maisto\u00a0R\u00e9f\u00e9rence : M31459O\u00a0\u00c9chelle : 1\/18\u00a0Dimensions : Environ 25 cm x 11 cm x 7 cm\u00a0Mati\u00e8re : M\u00e9tal moul\u00e9 sous pression avec pi\u00e8ces en plastique La Lamborghini Countach LPI-800 est une r\u00e9interpr\u00e9tation moderne de l\u2019un des mod\u00e8les les plus l\u00e9gendaires de Lamborghini. Cette r\u00e9plique \u00e0 l\u2019\u00e9chelle 1\/18, r\u00e9alis\u00e9e... View Article","og_url":"https:\/\/toysmaniacornermonaco.com\/produit\/1-18-lamborghini-countach-lpi-800-orange\/","og_site_name":"TOY&#039;S MANIA","article_modified_time":"2025-02-19T16:39:41+00:00","og_image":[{"width":225,"height":225,"url":"https:\/\/toysmaniacornermonaco.com\/wp-content\/uploads\/2025\/02\/COUNTACH.jpg","type":"image\/jpeg"}],"twitter_card":"summary_large_image","twitter_misc":{"Est. reading time":"1 minute"},"schema":{"@context":"https:\/\/schema.org","@graph":[{"@type":"WebPage","@id":"https:\/\/toysmaniacornermonaco.com\/produit\/1-18-lamborghini-countach-lpi-800-orange\/","url":"https:\/\/toysmaniacornermonaco.com\/produit\/1-18-lamborghini-countach-lpi-800-orange\/","name":"1\/18 LAMBORGHINI COUNTACH LPI-800 ORANGE - TOY&#039;S MANIA","isPartOf":{"@id":"https:\/\/toysmaniacornermonaco.com\/#website"},"primaryImageOfPage":{"@id":"https:\/\/toysmaniacornermonaco.com\/produit\/1-18-lamborghini-countach-lpi-800-orange\/#primaryimage"},"image":{"@id":"https:\/\/toysmaniacornermonaco.com\/produit\/1-18-lamborghini-countach-lpi-800-orange\/#primaryimage"},"thumbnailUrl":"https:\/\/toysmaniacornermonaco.com\/wp-content\/uploads\/2025\/02\/COUNTACH.jpg","datePublished":"2025-02-19T16:31:31+00:00","dateModified":"2025-02-19T16:39:41+00:00","breadcrumb":{"@id":"https:\/\/toysmaniacornermonaco.com\/produit\/1-18-lamborghini-countach-lpi-800-orange\/#breadcrumb"},"inLanguage":"en-US","potentialAction":[{"@type":"ReadAction","target":["https:\/\/toysmaniacornermonaco.com\/produit\/1-18-lamborghini-countach-lpi-800-orange\/"]}]},{"@type":"ImageObject","inLanguage":"en-US","@id":"https:\/\/toysmaniacornermonaco.com\/produit\/1-18-lamborghini-countach-lpi-800-orange\/#primaryimage","url":"https:\/\/toysmaniacornermonaco.com\/wp-content\/uploads\/2025\/02\/COUNTACH.jpg","contentUrl":"https:\/\/toysmaniacornermonaco.com\/wp-content\/uploads\/2025\/02\/COUNTACH.jpg","width":225,"height":225},{"@type":"BreadcrumbList","@id":"https:\/\/toysmaniacornermonaco.com\/produit\/1-18-lamborghini-countach-lpi-800-orange\/#breadcrumb","itemListElement":[{"@type":"ListItem","position":1,"name":"Accueil","item":"https:\/\/toysmaniacornermonaco.com\/en\/"},{"@type":"ListItem","position":2,"name":"Shop","item":"https:\/\/toysmaniacornermonaco.com\/en\/shop\/"},{"@type":"ListItem","position":3,"name":"1\/18 LAMBORGHINI COUNTACH LPI-800 ORANGE"}]},{"@type":"WebSite","@id":"https:\/\/toysmaniacornermonaco.com\/#website","url":"https:\/\/toysmaniacornermonaco.com\/","name":"TOY&#039;S MANIA","description":"VOTRE CONCEPT STORE \u00c0 MONACO","potentialAction":[{"@type":"SearchAction","target":{"@type":"EntryPoint","urlTemplate":"https:\/\/toysmaniacornermonaco.com\/?s={search_term_string}"},"query-input":"required name=search_term_string"}],"inLanguage":"en-US"}]}},"_links":{"self":[{"href":"https:\/\/toysmaniacornermonaco.com\/en\/wp-json\/wp\/v2\/product\/5876","targetHints":{"allow":["GET"]}}],"collection":[{"href":"https:\/\/toysmaniacornermonaco.com\/en\/wp-json\/wp\/v2\/product"}],"about":[{"href":"https:\/\/toysmaniacornermonaco.com\/en\/wp-json\/wp\/v2\/types\/product"}],"replies":[{"embeddable":true,"href":"https:\/\/toysmaniacornermonaco.com\/en\/wp-json\/wp\/v2\/comments?post=5876"}],"wp:featuredmedia":[{"embeddable":true,"href":"https:\/\/toysmaniacornermonaco.com\/en\/wp-json\/wp\/v2\/media\/5885"}],"wp:attachment":[{"href":"https:\/\/toysmaniacornermonaco.com\/en\/wp-json\/wp\/v2\/media?parent=5876"}],"wp:term":[{"taxonomy":"product_cat","embeddable":true,"href":"https:\/\/toysmaniacornermonaco.com\/en\/wp-json\/wp\/v2\/product_cat?post=5876"},{"taxonomy":"product_tag","embeddable":true,"href":"https:\/\/toysmaniacornermonaco.com\/en\/wp-json\/wp\/v2\/product_tag?post=5876"}],"curies":[{"name":"wp","href":"https:\/\/api.w.org\/{rel}","templated":true}]}}