{"id":5887,"date":"2025-02-19T17:40:09","date_gmt":"2025-02-19T16:40:09","guid":{"rendered":"https:\/\/toysmaniacornermonaco.com\/?post_type=product&#038;p=5887"},"modified":"2025-02-19T17:52:42","modified_gmt":"2025-02-19T16:52:42","slug":"d-1-18-alpine-a110-1600s-monte-carlo","status":"publish","type":"product","link":"https:\/\/toysmaniacornermonaco.com\/en\/produit\/d-1-18-alpine-a110-1600s-monte-carlo\/","title":{"rendered":"D.1\/18 ALPINE A110 1600S MONTE CARLO"},"content":{"rendered":"<p data-start=\"53\" data-end=\"276\"><strong data-start=\"53\" data-end=\"65\">\u00a0Nom :<\/strong> Alpine A110 1600S Monte Carlo<br data-start=\"95\" data-end=\"98\" \/><strong data-start=\"98\" data-end=\"116\">\u00a0R\u00e9f\u00e9rence :<\/strong> M31850MC<br data-start=\"125\" data-end=\"128\" \/><strong data-start=\"128\" data-end=\"144\">\u00a0\u00c9chelle :<\/strong> 1\/18<br data-start=\"149\" data-end=\"152\" \/><strong data-start=\"152\" data-end=\"171\">\u00a0Dimensions :<\/strong> Environ <strong data-start=\"180\" data-end=\"204\">24 cm x 10 cm x 7 cm<\/strong><br data-start=\"204\" data-end=\"207\" \/><strong data-start=\"207\" data-end=\"223\">Mati\u00e8re :<\/strong> M\u00e9tal moul\u00e9 sous pression avec pi\u00e8ces en plastique<\/p>\n<p data-start=\"278\" data-end=\"573\">L\u2019<strong data-start=\"280\" data-end=\"313\">Alpine A110 1600S Monte Carlo<\/strong> est une v\u00e9ritable ic\u00f4ne du rallye, c\u00e9l\u00e9br\u00e9e pour son agilit\u00e9 et ses performances remarquables. Cette r\u00e9plique \u00e0 l\u2019\u00e9chelle <strong data-start=\"436\" data-end=\"444\">1\/18<\/strong> reproduit avec fid\u00e9lit\u00e9 le design l\u00e9gendaire et les d\u00e9tails soign\u00e9s de la version qui a marqu\u00e9 l\u2019histoire du Rallye Monte Carlo.<\/p>\n<p data-start=\"575\" data-end=\"1002\">Avec sa <strong data-start=\"583\" data-end=\"625\">carrosserie aux couleurs embl\u00e9matiques<\/strong>, ses <strong data-start=\"631\" data-end=\"664\">phares ronds caract\u00e9ristiques<\/strong> et ses <strong data-start=\"672\" data-end=\"724\">d\u00e9corations de course minutieusement reproduites<\/strong>, ce mod\u00e8le capture l\u2019esprit de l\u2019authenticit\u00e9 et du dynamisme de la v\u00e9ritable Alpine. Fabriqu\u00e9e en <strong data-start=\"824\" data-end=\"835\">DieCast<\/strong>, cette miniature propose des \u00e9l\u00e9ments fonctionnels comme des <strong data-start=\"897\" data-end=\"917\">portes ouvrantes<\/strong> et des <strong data-start=\"925\" data-end=\"942\">roues mobiles<\/strong>, pour une exp\u00e9rience de collection toujours plus immersive.<\/p>\n","protected":false},"excerpt":{"rendered":"\u00a0Nom : Alpine A110 1600S Monte Carlo\u00a0R\u00e9f\u00e9rence : M31850MC\u00a0\u00c9chelle : 1\/18\u00a0Dimensions : Environ 24 cm x 10 cm x 7 cmMati\u00e8re : M\u00e9tal moul\u00e9 sous pression avec pi\u00e8ces en plastique L\u2019Alpine A110 1600S Monte Carlo est une v\u00e9ritable ic\u00f4ne du rallye, c\u00e9l\u00e9br\u00e9e pour son agilit\u00e9 et ses performances remarquables. Cette r\u00e9plique \u00e0 l\u2019\u00e9chelle 1\/18 reproduit&#8230; <a class=\"view-article\" href=\"https:\/\/toysmaniacornermonaco.com\/en\/produit\/d-1-18-alpine-a110-1600s-monte-carlo\/\">View Article<\/a>","protected":false},"featured_media":5888,"comment_status":"closed","ping_status":"closed","template":"","meta":{"_acf_changed":false},"product_cat":[380,384],"product_tag":[],"class_list":{"0":"post-5887","1":"product","2":"type-product","3":"status-publish","4":"has-post-thumbnail","6":"marque-maisto","7":"idee_cadeau-enfants","8":"idee_cadeau-noel","9":"product_cat-decoration","10":"product_cat-jeux-et-jouets","12":"first","13":"instock","14":"taxable","15":"shipping-taxable","16":"purchasable","17":"product-type-simple"},"acf":[],"yoast_head":"<!-- This site is optimized with the Yoast SEO plugin v22.3 - https:\/\/yoast.com\/wordpress\/plugins\/seo\/ -->\n<title>D.1\/18 ALPINE A110 1600S MONTE CARLO - TOY&#039;S MANIA<\/title>\n<meta name=\"robots\" content=\"index, follow, max-snippet:-1, max-image-preview:large, max-video-preview:-1\" \/>\n<link rel=\"canonical\" href=\"https:\/\/toysmaniacornermonaco.com\/produit\/d-1-18-alpine-a110-1600s-monte-carlo\/\" \/>\n<meta property=\"og:locale\" content=\"en_US\" \/>\n<meta property=\"og:type\" content=\"article\" \/>\n<meta property=\"og:title\" content=\"D.1\/18 ALPINE A110 1600S MONTE CARLO - TOY&#039;S MANIA\" \/>\n<meta property=\"og:description\" content=\"\u00a0Nom : Alpine A110 1600S Monte Carlo\u00a0R\u00e9f\u00e9rence : M31850MC\u00a0\u00c9chelle : 1\/18\u00a0Dimensions : Environ 24 cm x 10 cm x 7 cmMati\u00e8re : M\u00e9tal moul\u00e9 sous pression avec pi\u00e8ces en plastique L\u2019Alpine A110 1600S Monte Carlo est une v\u00e9ritable ic\u00f4ne du rallye, c\u00e9l\u00e9br\u00e9e pour son agilit\u00e9 et ses performances remarquables. Cette r\u00e9plique \u00e0 l\u2019\u00e9chelle 1\/18 reproduit... View Article\" \/>\n<meta property=\"og:url\" content=\"https:\/\/toysmaniacornermonaco.com\/produit\/d-1-18-alpine-a110-1600s-monte-carlo\/\" \/>\n<meta property=\"og:site_name\" content=\"TOY&#039;S MANIA\" \/>\n<meta property=\"article:modified_time\" content=\"2025-02-19T16:52:42+00:00\" \/>\n<meta property=\"og:image\" content=\"https:\/\/toysmaniacornermonaco.com\/wp-content\/uploads\/2025\/02\/RENAULT.webp\" \/>\n\t<meta property=\"og:image:width\" content=\"700\" \/>\n\t<meta property=\"og:image:height\" content=\"700\" \/>\n\t<meta property=\"og:image:type\" content=\"image\/webp\" \/>\n<meta name=\"twitter:card\" content=\"summary_large_image\" \/>\n<meta name=\"twitter:label1\" content=\"Est. reading time\" \/>\n\t<meta name=\"twitter:data1\" content=\"1 minute\" \/>\n<script type=\"application\/ld+json\" class=\"yoast-schema-graph\">{\"@context\":\"https:\/\/schema.org\",\"@graph\":[{\"@type\":\"WebPage\",\"@id\":\"https:\/\/toysmaniacornermonaco.com\/produit\/d-1-18-alpine-a110-1600s-monte-carlo\/\",\"url\":\"https:\/\/toysmaniacornermonaco.com\/produit\/d-1-18-alpine-a110-1600s-monte-carlo\/\",\"name\":\"D.1\/18 ALPINE A110 1600S MONTE CARLO - TOY&#039;S MANIA\",\"isPartOf\":{\"@id\":\"https:\/\/toysmaniacornermonaco.com\/#website\"},\"primaryImageOfPage\":{\"@id\":\"https:\/\/toysmaniacornermonaco.com\/produit\/d-1-18-alpine-a110-1600s-monte-carlo\/#primaryimage\"},\"image\":{\"@id\":\"https:\/\/toysmaniacornermonaco.com\/produit\/d-1-18-alpine-a110-1600s-monte-carlo\/#primaryimage\"},\"thumbnailUrl\":\"https:\/\/toysmaniacornermonaco.com\/wp-content\/uploads\/2025\/02\/RENAULT.webp\",\"datePublished\":\"2025-02-19T16:40:09+00:00\",\"dateModified\":\"2025-02-19T16:52:42+00:00\",\"breadcrumb\":{\"@id\":\"https:\/\/toysmaniacornermonaco.com\/produit\/d-1-18-alpine-a110-1600s-monte-carlo\/#breadcrumb\"},\"inLanguage\":\"en-US\",\"potentialAction\":[{\"@type\":\"ReadAction\",\"target\":[\"https:\/\/toysmaniacornermonaco.com\/produit\/d-1-18-alpine-a110-1600s-monte-carlo\/\"]}]},{\"@type\":\"ImageObject\",\"inLanguage\":\"en-US\",\"@id\":\"https:\/\/toysmaniacornermonaco.com\/produit\/d-1-18-alpine-a110-1600s-monte-carlo\/#primaryimage\",\"url\":\"https:\/\/toysmaniacornermonaco.com\/wp-content\/uploads\/2025\/02\/RENAULT.webp\",\"contentUrl\":\"https:\/\/toysmaniacornermonaco.com\/wp-content\/uploads\/2025\/02\/RENAULT.webp\",\"width\":700,\"height\":700},{\"@type\":\"BreadcrumbList\",\"@id\":\"https:\/\/toysmaniacornermonaco.com\/produit\/d-1-18-alpine-a110-1600s-monte-carlo\/#breadcrumb\",\"itemListElement\":[{\"@type\":\"ListItem\",\"position\":1,\"name\":\"Accueil\",\"item\":\"https:\/\/toysmaniacornermonaco.com\/en\/\"},{\"@type\":\"ListItem\",\"position\":2,\"name\":\"Shop\",\"item\":\"https:\/\/toysmaniacornermonaco.com\/en\/shop\/\"},{\"@type\":\"ListItem\",\"position\":3,\"name\":\"D.1\/18 ALPINE A110 1600S MONTE CARLO\"}]},{\"@type\":\"WebSite\",\"@id\":\"https:\/\/toysmaniacornermonaco.com\/#website\",\"url\":\"https:\/\/toysmaniacornermonaco.com\/\",\"name\":\"TOY&#039;S MANIA\",\"description\":\"VOTRE CONCEPT STORE \u00c0 MONACO\",\"potentialAction\":[{\"@type\":\"SearchAction\",\"target\":{\"@type\":\"EntryPoint\",\"urlTemplate\":\"https:\/\/toysmaniacornermonaco.com\/?s={search_term_string}\"},\"query-input\":\"required name=search_term_string\"}],\"inLanguage\":\"en-US\"}]}<\/script>\n<!-- \/ Yoast SEO plugin. -->","yoast_head_json":{"title":"D.1\/18 ALPINE A110 1600S MONTE CARLO - TOY&#039;S MANIA","robots":{"index":"index","follow":"follow","max-snippet":"max-snippet:-1","max-image-preview":"max-image-preview:large","max-video-preview":"max-video-preview:-1"},"canonical":"https:\/\/toysmaniacornermonaco.com\/produit\/d-1-18-alpine-a110-1600s-monte-carlo\/","og_locale":"en_US","og_type":"article","og_title":"D.1\/18 ALPINE A110 1600S MONTE CARLO - TOY&#039;S MANIA","og_description":"\u00a0Nom : Alpine A110 1600S Monte Carlo\u00a0R\u00e9f\u00e9rence : M31850MC\u00a0\u00c9chelle : 1\/18\u00a0Dimensions : Environ 24 cm x 10 cm x 7 cmMati\u00e8re : M\u00e9tal moul\u00e9 sous pression avec pi\u00e8ces en plastique L\u2019Alpine A110 1600S Monte Carlo est une v\u00e9ritable ic\u00f4ne du rallye, c\u00e9l\u00e9br\u00e9e pour son agilit\u00e9 et ses performances remarquables. Cette r\u00e9plique \u00e0 l\u2019\u00e9chelle 1\/18 reproduit... View Article","og_url":"https:\/\/toysmaniacornermonaco.com\/produit\/d-1-18-alpine-a110-1600s-monte-carlo\/","og_site_name":"TOY&#039;S MANIA","article_modified_time":"2025-02-19T16:52:42+00:00","og_image":[{"width":700,"height":700,"url":"https:\/\/toysmaniacornermonaco.com\/wp-content\/uploads\/2025\/02\/RENAULT.webp","type":"image\/webp"}],"twitter_card":"summary_large_image","twitter_misc":{"Est. reading time":"1 minute"},"schema":{"@context":"https:\/\/schema.org","@graph":[{"@type":"WebPage","@id":"https:\/\/toysmaniacornermonaco.com\/produit\/d-1-18-alpine-a110-1600s-monte-carlo\/","url":"https:\/\/toysmaniacornermonaco.com\/produit\/d-1-18-alpine-a110-1600s-monte-carlo\/","name":"D.1\/18 ALPINE A110 1600S MONTE CARLO - TOY&#039;S MANIA","isPartOf":{"@id":"https:\/\/toysmaniacornermonaco.com\/#website"},"primaryImageOfPage":{"@id":"https:\/\/toysmaniacornermonaco.com\/produit\/d-1-18-alpine-a110-1600s-monte-carlo\/#primaryimage"},"image":{"@id":"https:\/\/toysmaniacornermonaco.com\/produit\/d-1-18-alpine-a110-1600s-monte-carlo\/#primaryimage"},"thumbnailUrl":"https:\/\/toysmaniacornermonaco.com\/wp-content\/uploads\/2025\/02\/RENAULT.webp","datePublished":"2025-02-19T16:40:09+00:00","dateModified":"2025-02-19T16:52:42+00:00","breadcrumb":{"@id":"https:\/\/toysmaniacornermonaco.com\/produit\/d-1-18-alpine-a110-1600s-monte-carlo\/#breadcrumb"},"inLanguage":"en-US","potentialAction":[{"@type":"ReadAction","target":["https:\/\/toysmaniacornermonaco.com\/produit\/d-1-18-alpine-a110-1600s-monte-carlo\/"]}]},{"@type":"ImageObject","inLanguage":"en-US","@id":"https:\/\/toysmaniacornermonaco.com\/produit\/d-1-18-alpine-a110-1600s-monte-carlo\/#primaryimage","url":"https:\/\/toysmaniacornermonaco.com\/wp-content\/uploads\/2025\/02\/RENAULT.webp","contentUrl":"https:\/\/toysmaniacornermonaco.com\/wp-content\/uploads\/2025\/02\/RENAULT.webp","width":700,"height":700},{"@type":"BreadcrumbList","@id":"https:\/\/toysmaniacornermonaco.com\/produit\/d-1-18-alpine-a110-1600s-monte-carlo\/#breadcrumb","itemListElement":[{"@type":"ListItem","position":1,"name":"Accueil","item":"https:\/\/toysmaniacornermonaco.com\/en\/"},{"@type":"ListItem","position":2,"name":"Shop","item":"https:\/\/toysmaniacornermonaco.com\/en\/shop\/"},{"@type":"ListItem","position":3,"name":"D.1\/18 ALPINE A110 1600S MONTE CARLO"}]},{"@type":"WebSite","@id":"https:\/\/toysmaniacornermonaco.com\/#website","url":"https:\/\/toysmaniacornermonaco.com\/","name":"TOY&#039;S MANIA","description":"VOTRE CONCEPT STORE \u00c0 MONACO","potentialAction":[{"@type":"SearchAction","target":{"@type":"EntryPoint","urlTemplate":"https:\/\/toysmaniacornermonaco.com\/?s={search_term_string}"},"query-input":"required name=search_term_string"}],"inLanguage":"en-US"}]}},"_links":{"self":[{"href":"https:\/\/toysmaniacornermonaco.com\/en\/wp-json\/wp\/v2\/product\/5887","targetHints":{"allow":["GET"]}}],"collection":[{"href":"https:\/\/toysmaniacornermonaco.com\/en\/wp-json\/wp\/v2\/product"}],"about":[{"href":"https:\/\/toysmaniacornermonaco.com\/en\/wp-json\/wp\/v2\/types\/product"}],"replies":[{"embeddable":true,"href":"https:\/\/toysmaniacornermonaco.com\/en\/wp-json\/wp\/v2\/comments?post=5887"}],"wp:featuredmedia":[{"embeddable":true,"href":"https:\/\/toysmaniacornermonaco.com\/en\/wp-json\/wp\/v2\/media\/5888"}],"wp:attachment":[{"href":"https:\/\/toysmaniacornermonaco.com\/en\/wp-json\/wp\/v2\/media?parent=5887"}],"wp:term":[{"taxonomy":"product_cat","embeddable":true,"href":"https:\/\/toysmaniacornermonaco.com\/en\/wp-json\/wp\/v2\/product_cat?post=5887"},{"taxonomy":"product_tag","embeddable":true,"href":"https:\/\/toysmaniacornermonaco.com\/en\/wp-json\/wp\/v2\/product_tag?post=5887"}],"curies":[{"name":"wp","href":"https:\/\/api.w.org\/{rel}","templated":true}]}}