{"id":5896,"date":"2025-02-20T12:18:39","date_gmt":"2025-02-20T11:18:39","guid":{"rendered":"https:\/\/toysmaniacornermonaco.com\/?post_type=product&#038;p=5896"},"modified":"2025-02-20T12:56:32","modified_gmt":"2025-02-20T11:56:32","slug":"1-24-bugatti-divo","status":"publish","type":"product","link":"https:\/\/toysmaniacornermonaco.com\/en\/produit\/1-24-bugatti-divo\/","title":{"rendered":"1\/24 BUGATTI DIVO"},"content":{"rendered":"<p data-start=\"53\" data-end=\"306\"><strong data-start=\"53\" data-end=\"65\">\u00a0Nom :<\/strong> Bugatti Divo<br data-start=\"78\" data-end=\"81\" \/><strong data-start=\"81\" data-end=\"96\">\u00a0Marque :<\/strong> Maisto<br data-start=\"103\" data-end=\"106\" \/><strong data-start=\"106\" data-end=\"124\">\u00a0R\u00e9f\u00e9rence :<\/strong> M31526<br data-start=\"155\" data-end=\"158\" \/><strong data-start=\"158\" data-end=\"177\">\u00a0Dimensions :<\/strong> Environ <strong data-start=\"186\" data-end=\"209\">19 cm x 8 cm x 5 cm<\/strong><br data-start=\"209\" data-end=\"212\" \/><strong data-start=\"212\" data-end=\"228\">\u00a0Mati\u00e8re :<\/strong> M\u00e9tal moul\u00e9 sous pression avec pi\u00e8ces en plastique<br data-start=\"279\" data-end=\"282\" \/><strong data-start=\"282\" data-end=\"298\">\u00a0Couleur :<\/strong> Blanc<\/p>\n<p data-start=\"308\" data-end=\"776\">La <strong data-start=\"311\" data-end=\"327\">Bugatti Divo<\/strong> en version blanche incarne le summum de l\u2019\u00e9l\u00e9gance et de la performance dans l\u2019univers automobile de luxe. Ce mod\u00e8le r\u00e9duit, r\u00e9alis\u00e9 par <strong data-start=\"465\" data-end=\"475\">Maisto<\/strong> \u00e0 l\u2019\u00e9chelle <strong data-start=\"488\" data-end=\"496\">1\/24<\/strong>, reproduit avec pr\u00e9cision les lignes sculpt\u00e9es et l\u2019a\u00e9rodynamisme remarquable de la v\u00e9ritable Bugatti Divo. Fabriqu\u00e9e en m\u00e9tal moul\u00e9 sous pression, cette maquette offre une finition soign\u00e9e et met en lumi\u00e8re chaque d\u00e9tail, du logo embl\u00e9matique aux \u00e9l\u00e9ments distinctifs du design.<\/p>\n<p data-start=\"778\" data-end=\"913\">Parfait pour les collectionneurs et les passionn\u00e9s d\u2019automobiles, ce mod\u00e8le est une pi\u00e8ce de choix qui saura sublimer toute collection.<\/p>\n<p data-start=\"778\" data-end=\"913\">\n","protected":false},"excerpt":{"rendered":"\u00a0Nom : Bugatti Divo\u00a0Marque : Maisto\u00a0R\u00e9f\u00e9rence : M31526\u00a0Dimensions : Environ 19 cm x 8 cm x 5 cm\u00a0Mati\u00e8re : M\u00e9tal moul\u00e9 sous pression avec pi\u00e8ces en plastique\u00a0Couleur : Blanc La Bugatti Divo en version blanche incarne le summum de l\u2019\u00e9l\u00e9gance et de la performance dans l\u2019univers automobile de luxe. Ce mod\u00e8le r\u00e9duit, r\u00e9alis\u00e9 par Maisto&#8230; <a class=\"view-article\" href=\"https:\/\/toysmaniacornermonaco.com\/en\/produit\/1-24-bugatti-divo\/\">View Article<\/a>","protected":false},"featured_media":5897,"comment_status":"closed","ping_status":"closed","template":"","meta":{"_acf_changed":false},"product_cat":[380,384],"product_tag":[],"class_list":{"0":"post-5896","1":"product","2":"type-product","3":"status-publish","4":"has-post-thumbnail","6":"marque-maisto","7":"idee_cadeau-enfants","8":"idee_cadeau-noel","9":"product_cat-decoration","10":"product_cat-jeux-et-jouets","12":"first","13":"instock","14":"taxable","15":"shipping-taxable","16":"purchasable","17":"product-type-simple"},"acf":[],"yoast_head":"<!-- This site is optimized with the Yoast SEO plugin v22.3 - https:\/\/yoast.com\/wordpress\/plugins\/seo\/ -->\n<title>1\/24 BUGATTI DIVO - TOY&#039;S MANIA<\/title>\n<meta name=\"robots\" content=\"index, follow, max-snippet:-1, max-image-preview:large, max-video-preview:-1\" \/>\n<link rel=\"canonical\" href=\"https:\/\/toysmaniacornermonaco.com\/produit\/1-24-bugatti-divo\/\" \/>\n<meta property=\"og:locale\" content=\"en_US\" \/>\n<meta property=\"og:type\" content=\"article\" \/>\n<meta property=\"og:title\" content=\"1\/24 BUGATTI DIVO - TOY&#039;S MANIA\" \/>\n<meta property=\"og:description\" content=\"\u00a0Nom : Bugatti Divo\u00a0Marque : Maisto\u00a0R\u00e9f\u00e9rence : M31526\u00a0Dimensions : Environ 19 cm x 8 cm x 5 cm\u00a0Mati\u00e8re : M\u00e9tal moul\u00e9 sous pression avec pi\u00e8ces en plastique\u00a0Couleur : Blanc La Bugatti Divo en version blanche incarne le summum de l\u2019\u00e9l\u00e9gance et de la performance dans l\u2019univers automobile de luxe. Ce mod\u00e8le r\u00e9duit, r\u00e9alis\u00e9 par Maisto... View Article\" \/>\n<meta property=\"og:url\" content=\"https:\/\/toysmaniacornermonaco.com\/produit\/1-24-bugatti-divo\/\" \/>\n<meta property=\"og:site_name\" content=\"TOY&#039;S MANIA\" \/>\n<meta property=\"article:modified_time\" content=\"2025-02-20T11:56:32+00:00\" \/>\n<meta property=\"og:image\" content=\"https:\/\/toysmaniacornermonaco.com\/wp-content\/uploads\/2025\/02\/DIVO.webp\" \/>\n\t<meta property=\"og:image:width\" content=\"768\" \/>\n\t<meta property=\"og:image:height\" content=\"768\" \/>\n\t<meta property=\"og:image:type\" content=\"image\/webp\" \/>\n<meta name=\"twitter:card\" content=\"summary_large_image\" \/>\n<meta name=\"twitter:label1\" content=\"Est. reading time\" \/>\n\t<meta name=\"twitter:data1\" content=\"1 minute\" \/>\n<script type=\"application\/ld+json\" class=\"yoast-schema-graph\">{\"@context\":\"https:\/\/schema.org\",\"@graph\":[{\"@type\":\"WebPage\",\"@id\":\"https:\/\/toysmaniacornermonaco.com\/produit\/1-24-bugatti-divo\/\",\"url\":\"https:\/\/toysmaniacornermonaco.com\/produit\/1-24-bugatti-divo\/\",\"name\":\"1\/24 BUGATTI DIVO - TOY&#039;S MANIA\",\"isPartOf\":{\"@id\":\"https:\/\/toysmaniacornermonaco.com\/#website\"},\"primaryImageOfPage\":{\"@id\":\"https:\/\/toysmaniacornermonaco.com\/produit\/1-24-bugatti-divo\/#primaryimage\"},\"image\":{\"@id\":\"https:\/\/toysmaniacornermonaco.com\/produit\/1-24-bugatti-divo\/#primaryimage\"},\"thumbnailUrl\":\"https:\/\/toysmaniacornermonaco.com\/wp-content\/uploads\/2025\/02\/DIVO.webp\",\"datePublished\":\"2025-02-20T11:18:39+00:00\",\"dateModified\":\"2025-02-20T11:56:32+00:00\",\"breadcrumb\":{\"@id\":\"https:\/\/toysmaniacornermonaco.com\/produit\/1-24-bugatti-divo\/#breadcrumb\"},\"inLanguage\":\"en-US\",\"potentialAction\":[{\"@type\":\"ReadAction\",\"target\":[\"https:\/\/toysmaniacornermonaco.com\/produit\/1-24-bugatti-divo\/\"]}]},{\"@type\":\"ImageObject\",\"inLanguage\":\"en-US\",\"@id\":\"https:\/\/toysmaniacornermonaco.com\/produit\/1-24-bugatti-divo\/#primaryimage\",\"url\":\"https:\/\/toysmaniacornermonaco.com\/wp-content\/uploads\/2025\/02\/DIVO.webp\",\"contentUrl\":\"https:\/\/toysmaniacornermonaco.com\/wp-content\/uploads\/2025\/02\/DIVO.webp\",\"width\":768,\"height\":768},{\"@type\":\"BreadcrumbList\",\"@id\":\"https:\/\/toysmaniacornermonaco.com\/produit\/1-24-bugatti-divo\/#breadcrumb\",\"itemListElement\":[{\"@type\":\"ListItem\",\"position\":1,\"name\":\"Accueil\",\"item\":\"https:\/\/toysmaniacornermonaco.com\/en\/\"},{\"@type\":\"ListItem\",\"position\":2,\"name\":\"Shop\",\"item\":\"https:\/\/toysmaniacornermonaco.com\/en\/shop\/\"},{\"@type\":\"ListItem\",\"position\":3,\"name\":\"1\/24 BUGATTI DIVO\"}]},{\"@type\":\"WebSite\",\"@id\":\"https:\/\/toysmaniacornermonaco.com\/#website\",\"url\":\"https:\/\/toysmaniacornermonaco.com\/\",\"name\":\"TOY&#039;S MANIA\",\"description\":\"VOTRE CONCEPT STORE \u00c0 MONACO\",\"potentialAction\":[{\"@type\":\"SearchAction\",\"target\":{\"@type\":\"EntryPoint\",\"urlTemplate\":\"https:\/\/toysmaniacornermonaco.com\/?s={search_term_string}\"},\"query-input\":\"required name=search_term_string\"}],\"inLanguage\":\"en-US\"}]}<\/script>\n<!-- \/ Yoast SEO plugin. -->","yoast_head_json":{"title":"1\/24 BUGATTI DIVO - TOY&#039;S MANIA","robots":{"index":"index","follow":"follow","max-snippet":"max-snippet:-1","max-image-preview":"max-image-preview:large","max-video-preview":"max-video-preview:-1"},"canonical":"https:\/\/toysmaniacornermonaco.com\/produit\/1-24-bugatti-divo\/","og_locale":"en_US","og_type":"article","og_title":"1\/24 BUGATTI DIVO - TOY&#039;S MANIA","og_description":"\u00a0Nom : Bugatti Divo\u00a0Marque : Maisto\u00a0R\u00e9f\u00e9rence : M31526\u00a0Dimensions : Environ 19 cm x 8 cm x 5 cm\u00a0Mati\u00e8re : M\u00e9tal moul\u00e9 sous pression avec pi\u00e8ces en plastique\u00a0Couleur : Blanc La Bugatti Divo en version blanche incarne le summum de l\u2019\u00e9l\u00e9gance et de la performance dans l\u2019univers automobile de luxe. Ce mod\u00e8le r\u00e9duit, r\u00e9alis\u00e9 par Maisto... View Article","og_url":"https:\/\/toysmaniacornermonaco.com\/produit\/1-24-bugatti-divo\/","og_site_name":"TOY&#039;S MANIA","article_modified_time":"2025-02-20T11:56:32+00:00","og_image":[{"width":768,"height":768,"url":"https:\/\/toysmaniacornermonaco.com\/wp-content\/uploads\/2025\/02\/DIVO.webp","type":"image\/webp"}],"twitter_card":"summary_large_image","twitter_misc":{"Est. reading time":"1 minute"},"schema":{"@context":"https:\/\/schema.org","@graph":[{"@type":"WebPage","@id":"https:\/\/toysmaniacornermonaco.com\/produit\/1-24-bugatti-divo\/","url":"https:\/\/toysmaniacornermonaco.com\/produit\/1-24-bugatti-divo\/","name":"1\/24 BUGATTI DIVO - TOY&#039;S MANIA","isPartOf":{"@id":"https:\/\/toysmaniacornermonaco.com\/#website"},"primaryImageOfPage":{"@id":"https:\/\/toysmaniacornermonaco.com\/produit\/1-24-bugatti-divo\/#primaryimage"},"image":{"@id":"https:\/\/toysmaniacornermonaco.com\/produit\/1-24-bugatti-divo\/#primaryimage"},"thumbnailUrl":"https:\/\/toysmaniacornermonaco.com\/wp-content\/uploads\/2025\/02\/DIVO.webp","datePublished":"2025-02-20T11:18:39+00:00","dateModified":"2025-02-20T11:56:32+00:00","breadcrumb":{"@id":"https:\/\/toysmaniacornermonaco.com\/produit\/1-24-bugatti-divo\/#breadcrumb"},"inLanguage":"en-US","potentialAction":[{"@type":"ReadAction","target":["https:\/\/toysmaniacornermonaco.com\/produit\/1-24-bugatti-divo\/"]}]},{"@type":"ImageObject","inLanguage":"en-US","@id":"https:\/\/toysmaniacornermonaco.com\/produit\/1-24-bugatti-divo\/#primaryimage","url":"https:\/\/toysmaniacornermonaco.com\/wp-content\/uploads\/2025\/02\/DIVO.webp","contentUrl":"https:\/\/toysmaniacornermonaco.com\/wp-content\/uploads\/2025\/02\/DIVO.webp","width":768,"height":768},{"@type":"BreadcrumbList","@id":"https:\/\/toysmaniacornermonaco.com\/produit\/1-24-bugatti-divo\/#breadcrumb","itemListElement":[{"@type":"ListItem","position":1,"name":"Accueil","item":"https:\/\/toysmaniacornermonaco.com\/en\/"},{"@type":"ListItem","position":2,"name":"Shop","item":"https:\/\/toysmaniacornermonaco.com\/en\/shop\/"},{"@type":"ListItem","position":3,"name":"1\/24 BUGATTI DIVO"}]},{"@type":"WebSite","@id":"https:\/\/toysmaniacornermonaco.com\/#website","url":"https:\/\/toysmaniacornermonaco.com\/","name":"TOY&#039;S MANIA","description":"VOTRE CONCEPT STORE \u00c0 MONACO","potentialAction":[{"@type":"SearchAction","target":{"@type":"EntryPoint","urlTemplate":"https:\/\/toysmaniacornermonaco.com\/?s={search_term_string}"},"query-input":"required name=search_term_string"}],"inLanguage":"en-US"}]}},"_links":{"self":[{"href":"https:\/\/toysmaniacornermonaco.com\/en\/wp-json\/wp\/v2\/product\/5896","targetHints":{"allow":["GET"]}}],"collection":[{"href":"https:\/\/toysmaniacornermonaco.com\/en\/wp-json\/wp\/v2\/product"}],"about":[{"href":"https:\/\/toysmaniacornermonaco.com\/en\/wp-json\/wp\/v2\/types\/product"}],"replies":[{"embeddable":true,"href":"https:\/\/toysmaniacornermonaco.com\/en\/wp-json\/wp\/v2\/comments?post=5896"}],"wp:featuredmedia":[{"embeddable":true,"href":"https:\/\/toysmaniacornermonaco.com\/en\/wp-json\/wp\/v2\/media\/5897"}],"wp:attachment":[{"href":"https:\/\/toysmaniacornermonaco.com\/en\/wp-json\/wp\/v2\/media?parent=5896"}],"wp:term":[{"taxonomy":"product_cat","embeddable":true,"href":"https:\/\/toysmaniacornermonaco.com\/en\/wp-json\/wp\/v2\/product_cat?post=5896"},{"taxonomy":"product_tag","embeddable":true,"href":"https:\/\/toysmaniacornermonaco.com\/en\/wp-json\/wp\/v2\/product_tag?post=5896"}],"curies":[{"name":"wp","href":"https:\/\/api.w.org\/{rel}","templated":true}]}}