{"id":5907,"date":"2025-02-20T12:58:58","date_gmt":"2025-02-20T11:58:58","guid":{"rendered":"https:\/\/toysmaniacornermonaco.com\/?post_type=product&#038;p=5907"},"modified":"2025-02-20T13:14:10","modified_gmt":"2025-02-20T12:14:10","slug":"1-24-bugatti-bolide-bleue","status":"publish","type":"product","link":"https:\/\/toysmaniacornermonaco.com\/en\/produit\/1-24-bugatti-bolide-bleue\/","title":{"rendered":"1\/24 BUGATTI BOLIDE BLEUE"},"content":{"rendered":"<p data-start=\"53\" data-end=\"352\"><strong data-start=\"53\" data-end=\"65\">\u00a0Nom :<\/strong> Bugatti Bolide<br data-start=\"80\" data-end=\"83\" \/><strong data-start=\"83\" data-end=\"98\">\u00a0Marque :<\/strong> Maisto<br data-start=\"105\" data-end=\"108\" \/><strong data-start=\"108\" data-end=\"126\">\u00a0R\u00e9f\u00e9rence :<\/strong> M32911B<br data-start=\"158\" data-end=\"161\" \/><strong data-start=\"161\" data-end=\"180\">\u00a0Dimensions :<\/strong> Environ <strong data-start=\"189\" data-end=\"212\">19 cm x 8 cm x 5 cm<\/strong><br data-start=\"212\" data-end=\"215\" \/><strong data-start=\"215\" data-end=\"231\">\u00a0Mati\u00e8re :<\/strong> M\u00e9tal moul\u00e9 sous pression avec pi\u00e8ces en plastique<br data-start=\"282\" data-end=\"285\" \/>\n<\/p>\n<p data-start=\"354\" data-end=\"777\">La <strong data-start=\"357\" data-end=\"375\">Bugatti Bolide<\/strong> en version bleue incarne l&#8217;excellence et la passion de l&#8217;automobile de luxe. R\u00e9alis\u00e9e par <strong data-start=\"466\" data-end=\"476\">Maisto<\/strong> \u00e0 l\u2019\u00e9chelle <strong data-start=\"489\" data-end=\"497\">1\/24<\/strong>, cette maquette miniature reproduit avec fid\u00e9lit\u00e9 les lignes futuristes et l&#8217;allure dynamique de ce mod\u00e8le l\u00e9gendaire. Con\u00e7ue en m\u00e9tal moul\u00e9 sous pression, elle b\u00e9n\u00e9ficie d&#8217;une finition soign\u00e9e et de d\u00e9tails pr\u00e9cis qui rendent hommage \u00e0 l&#8217;esprit audacieux et innovant de Bugatti.<\/p>\n<p data-start=\"779\" data-end=\"1019\">Id\u00e9ale pour les jeunes passionn\u00e9s d\u00e8s 3 ans, cette reproduction allie qualit\u00e9 et s\u00e9curit\u00e9, offrant une exp\u00e9rience de jeu et de collection unique. Un incontournable pour tous les amateurs de belles m\u00e9caniques et de design exceptionnel<\/p>\n","protected":false},"excerpt":{"rendered":"\u00a0Nom : Bugatti Bolide\u00a0Marque : Maisto\u00a0R\u00e9f\u00e9rence : M32911B\u00a0Dimensions : Environ 19 cm x 8 cm x 5 cm\u00a0Mati\u00e8re : M\u00e9tal moul\u00e9 sous pression avec pi\u00e8ces en plastique La Bugatti Bolide en version bleue incarne l&#8217;excellence et la passion de l&#8217;automobile de luxe. R\u00e9alis\u00e9e par Maisto \u00e0 l\u2019\u00e9chelle 1\/24, cette maquette miniature reproduit avec fid\u00e9lit\u00e9 les&#8230; <a class=\"view-article\" href=\"https:\/\/toysmaniacornermonaco.com\/en\/produit\/1-24-bugatti-bolide-bleue\/\">View Article<\/a>","protected":false},"featured_media":5909,"comment_status":"closed","ping_status":"closed","template":"","meta":{"_acf_changed":false},"product_cat":[380,384],"product_tag":[],"class_list":{"0":"post-5907","1":"product","2":"type-product","3":"status-publish","4":"has-post-thumbnail","6":"marque-maisto","7":"idee_cadeau-enfants","8":"idee_cadeau-hommes","9":"idee_cadeau-noel","10":"product_cat-decoration","11":"product_cat-jeux-et-jouets","13":"first","14":"instock","15":"taxable","16":"shipping-taxable","17":"purchasable","18":"product-type-simple"},"acf":[],"yoast_head":"<!-- This site is optimized with the Yoast SEO plugin v22.3 - https:\/\/yoast.com\/wordpress\/plugins\/seo\/ -->\n<title>1\/24 BUGATTI BOLIDE BLEUE - TOY&#039;S MANIA<\/title>\n<meta name=\"robots\" content=\"index, follow, max-snippet:-1, max-image-preview:large, max-video-preview:-1\" \/>\n<link rel=\"canonical\" href=\"https:\/\/toysmaniacornermonaco.com\/produit\/1-24-bugatti-bolide-bleue\/\" \/>\n<meta property=\"og:locale\" content=\"en_US\" \/>\n<meta property=\"og:type\" content=\"article\" \/>\n<meta property=\"og:title\" content=\"1\/24 BUGATTI BOLIDE BLEUE - TOY&#039;S MANIA\" \/>\n<meta property=\"og:description\" content=\"\u00a0Nom : Bugatti Bolide\u00a0Marque : Maisto\u00a0R\u00e9f\u00e9rence : M32911B\u00a0Dimensions : Environ 19 cm x 8 cm x 5 cm\u00a0Mati\u00e8re : M\u00e9tal moul\u00e9 sous pression avec pi\u00e8ces en plastique La Bugatti Bolide en version bleue incarne l&#8217;excellence et la passion de l&#8217;automobile de luxe. R\u00e9alis\u00e9e par Maisto \u00e0 l\u2019\u00e9chelle 1\/24, cette maquette miniature reproduit avec fid\u00e9lit\u00e9 les... View Article\" \/>\n<meta property=\"og:url\" content=\"https:\/\/toysmaniacornermonaco.com\/produit\/1-24-bugatti-bolide-bleue\/\" \/>\n<meta property=\"og:site_name\" content=\"TOY&#039;S MANIA\" \/>\n<meta property=\"article:modified_time\" content=\"2025-02-20T12:14:10+00:00\" \/>\n<meta property=\"og:image\" content=\"https:\/\/toysmaniacornermonaco.com\/wp-content\/uploads\/2025\/02\/BOLIDE.jpg\" \/>\n\t<meta property=\"og:image:width\" content=\"1000\" \/>\n\t<meta property=\"og:image:height\" content=\"800\" \/>\n\t<meta property=\"og:image:type\" content=\"image\/jpeg\" \/>\n<meta name=\"twitter:card\" content=\"summary_large_image\" \/>\n<meta name=\"twitter:label1\" content=\"Est. reading time\" \/>\n\t<meta name=\"twitter:data1\" content=\"1 minute\" \/>\n<script type=\"application\/ld+json\" class=\"yoast-schema-graph\">{\"@context\":\"https:\/\/schema.org\",\"@graph\":[{\"@type\":\"WebPage\",\"@id\":\"https:\/\/toysmaniacornermonaco.com\/produit\/1-24-bugatti-bolide-bleue\/\",\"url\":\"https:\/\/toysmaniacornermonaco.com\/produit\/1-24-bugatti-bolide-bleue\/\",\"name\":\"1\/24 BUGATTI BOLIDE BLEUE - TOY&#039;S MANIA\",\"isPartOf\":{\"@id\":\"https:\/\/toysmaniacornermonaco.com\/#website\"},\"primaryImageOfPage\":{\"@id\":\"https:\/\/toysmaniacornermonaco.com\/produit\/1-24-bugatti-bolide-bleue\/#primaryimage\"},\"image\":{\"@id\":\"https:\/\/toysmaniacornermonaco.com\/produit\/1-24-bugatti-bolide-bleue\/#primaryimage\"},\"thumbnailUrl\":\"https:\/\/toysmaniacornermonaco.com\/wp-content\/uploads\/2025\/02\/BOLIDE.jpg\",\"datePublished\":\"2025-02-20T11:58:58+00:00\",\"dateModified\":\"2025-02-20T12:14:10+00:00\",\"breadcrumb\":{\"@id\":\"https:\/\/toysmaniacornermonaco.com\/produit\/1-24-bugatti-bolide-bleue\/#breadcrumb\"},\"inLanguage\":\"en-US\",\"potentialAction\":[{\"@type\":\"ReadAction\",\"target\":[\"https:\/\/toysmaniacornermonaco.com\/produit\/1-24-bugatti-bolide-bleue\/\"]}]},{\"@type\":\"ImageObject\",\"inLanguage\":\"en-US\",\"@id\":\"https:\/\/toysmaniacornermonaco.com\/produit\/1-24-bugatti-bolide-bleue\/#primaryimage\",\"url\":\"https:\/\/toysmaniacornermonaco.com\/wp-content\/uploads\/2025\/02\/BOLIDE.jpg\",\"contentUrl\":\"https:\/\/toysmaniacornermonaco.com\/wp-content\/uploads\/2025\/02\/BOLIDE.jpg\",\"width\":1000,\"height\":800},{\"@type\":\"BreadcrumbList\",\"@id\":\"https:\/\/toysmaniacornermonaco.com\/produit\/1-24-bugatti-bolide-bleue\/#breadcrumb\",\"itemListElement\":[{\"@type\":\"ListItem\",\"position\":1,\"name\":\"Accueil\",\"item\":\"https:\/\/toysmaniacornermonaco.com\/en\/\"},{\"@type\":\"ListItem\",\"position\":2,\"name\":\"Shop\",\"item\":\"https:\/\/toysmaniacornermonaco.com\/en\/shop\/\"},{\"@type\":\"ListItem\",\"position\":3,\"name\":\"1\/24 BUGATTI BOLIDE BLEUE\"}]},{\"@type\":\"WebSite\",\"@id\":\"https:\/\/toysmaniacornermonaco.com\/#website\",\"url\":\"https:\/\/toysmaniacornermonaco.com\/\",\"name\":\"TOY&#039;S MANIA\",\"description\":\"VOTRE CONCEPT STORE \u00c0 MONACO\",\"potentialAction\":[{\"@type\":\"SearchAction\",\"target\":{\"@type\":\"EntryPoint\",\"urlTemplate\":\"https:\/\/toysmaniacornermonaco.com\/?s={search_term_string}\"},\"query-input\":\"required name=search_term_string\"}],\"inLanguage\":\"en-US\"}]}<\/script>\n<!-- \/ Yoast SEO plugin. -->","yoast_head_json":{"title":"1\/24 BUGATTI BOLIDE BLEUE - TOY&#039;S MANIA","robots":{"index":"index","follow":"follow","max-snippet":"max-snippet:-1","max-image-preview":"max-image-preview:large","max-video-preview":"max-video-preview:-1"},"canonical":"https:\/\/toysmaniacornermonaco.com\/produit\/1-24-bugatti-bolide-bleue\/","og_locale":"en_US","og_type":"article","og_title":"1\/24 BUGATTI BOLIDE BLEUE - TOY&#039;S MANIA","og_description":"\u00a0Nom : Bugatti Bolide\u00a0Marque : Maisto\u00a0R\u00e9f\u00e9rence : M32911B\u00a0Dimensions : Environ 19 cm x 8 cm x 5 cm\u00a0Mati\u00e8re : M\u00e9tal moul\u00e9 sous pression avec pi\u00e8ces en plastique La Bugatti Bolide en version bleue incarne l&#8217;excellence et la passion de l&#8217;automobile de luxe. R\u00e9alis\u00e9e par Maisto \u00e0 l\u2019\u00e9chelle 1\/24, cette maquette miniature reproduit avec fid\u00e9lit\u00e9 les... View Article","og_url":"https:\/\/toysmaniacornermonaco.com\/produit\/1-24-bugatti-bolide-bleue\/","og_site_name":"TOY&#039;S MANIA","article_modified_time":"2025-02-20T12:14:10+00:00","og_image":[{"width":1000,"height":800,"url":"https:\/\/toysmaniacornermonaco.com\/wp-content\/uploads\/2025\/02\/BOLIDE.jpg","type":"image\/jpeg"}],"twitter_card":"summary_large_image","twitter_misc":{"Est. reading time":"1 minute"},"schema":{"@context":"https:\/\/schema.org","@graph":[{"@type":"WebPage","@id":"https:\/\/toysmaniacornermonaco.com\/produit\/1-24-bugatti-bolide-bleue\/","url":"https:\/\/toysmaniacornermonaco.com\/produit\/1-24-bugatti-bolide-bleue\/","name":"1\/24 BUGATTI BOLIDE BLEUE - TOY&#039;S MANIA","isPartOf":{"@id":"https:\/\/toysmaniacornermonaco.com\/#website"},"primaryImageOfPage":{"@id":"https:\/\/toysmaniacornermonaco.com\/produit\/1-24-bugatti-bolide-bleue\/#primaryimage"},"image":{"@id":"https:\/\/toysmaniacornermonaco.com\/produit\/1-24-bugatti-bolide-bleue\/#primaryimage"},"thumbnailUrl":"https:\/\/toysmaniacornermonaco.com\/wp-content\/uploads\/2025\/02\/BOLIDE.jpg","datePublished":"2025-02-20T11:58:58+00:00","dateModified":"2025-02-20T12:14:10+00:00","breadcrumb":{"@id":"https:\/\/toysmaniacornermonaco.com\/produit\/1-24-bugatti-bolide-bleue\/#breadcrumb"},"inLanguage":"en-US","potentialAction":[{"@type":"ReadAction","target":["https:\/\/toysmaniacornermonaco.com\/produit\/1-24-bugatti-bolide-bleue\/"]}]},{"@type":"ImageObject","inLanguage":"en-US","@id":"https:\/\/toysmaniacornermonaco.com\/produit\/1-24-bugatti-bolide-bleue\/#primaryimage","url":"https:\/\/toysmaniacornermonaco.com\/wp-content\/uploads\/2025\/02\/BOLIDE.jpg","contentUrl":"https:\/\/toysmaniacornermonaco.com\/wp-content\/uploads\/2025\/02\/BOLIDE.jpg","width":1000,"height":800},{"@type":"BreadcrumbList","@id":"https:\/\/toysmaniacornermonaco.com\/produit\/1-24-bugatti-bolide-bleue\/#breadcrumb","itemListElement":[{"@type":"ListItem","position":1,"name":"Accueil","item":"https:\/\/toysmaniacornermonaco.com\/en\/"},{"@type":"ListItem","position":2,"name":"Shop","item":"https:\/\/toysmaniacornermonaco.com\/en\/shop\/"},{"@type":"ListItem","position":3,"name":"1\/24 BUGATTI BOLIDE BLEUE"}]},{"@type":"WebSite","@id":"https:\/\/toysmaniacornermonaco.com\/#website","url":"https:\/\/toysmaniacornermonaco.com\/","name":"TOY&#039;S MANIA","description":"VOTRE CONCEPT STORE \u00c0 MONACO","potentialAction":[{"@type":"SearchAction","target":{"@type":"EntryPoint","urlTemplate":"https:\/\/toysmaniacornermonaco.com\/?s={search_term_string}"},"query-input":"required name=search_term_string"}],"inLanguage":"en-US"}]}},"_links":{"self":[{"href":"https:\/\/toysmaniacornermonaco.com\/en\/wp-json\/wp\/v2\/product\/5907","targetHints":{"allow":["GET"]}}],"collection":[{"href":"https:\/\/toysmaniacornermonaco.com\/en\/wp-json\/wp\/v2\/product"}],"about":[{"href":"https:\/\/toysmaniacornermonaco.com\/en\/wp-json\/wp\/v2\/types\/product"}],"replies":[{"embeddable":true,"href":"https:\/\/toysmaniacornermonaco.com\/en\/wp-json\/wp\/v2\/comments?post=5907"}],"wp:featuredmedia":[{"embeddable":true,"href":"https:\/\/toysmaniacornermonaco.com\/en\/wp-json\/wp\/v2\/media\/5909"}],"wp:attachment":[{"href":"https:\/\/toysmaniacornermonaco.com\/en\/wp-json\/wp\/v2\/media?parent=5907"}],"wp:term":[{"taxonomy":"product_cat","embeddable":true,"href":"https:\/\/toysmaniacornermonaco.com\/en\/wp-json\/wp\/v2\/product_cat?post=5907"},{"taxonomy":"product_tag","embeddable":true,"href":"https:\/\/toysmaniacornermonaco.com\/en\/wp-json\/wp\/v2\/product_tag?post=5907"}],"curies":[{"name":"wp","href":"https:\/\/api.w.org\/{rel}","templated":true}]}}