{"id":5919,"date":"2025-02-20T13:14:29","date_gmt":"2025-02-20T12:14:29","guid":{"rendered":"https:\/\/toysmaniacornermonaco.com\/?post_type=product&#038;p=5919"},"modified":"2025-02-20T13:30:06","modified_gmt":"2025-02-20T12:30:06","slug":"1-24-bugatti-divo-matte-black-edition","status":"publish","type":"product","link":"https:\/\/toysmaniacornermonaco.com\/en\/produit\/1-24-bugatti-divo-matte-black-edition\/","title":{"rendered":"1\/24 BUGATTI DIVO MATTE BLACK EDITION"},"content":{"rendered":"<p data-start=\"53\" data-end=\"333\"><strong data-start=\"53\" data-end=\"65\">\u00a0Nom :<\/strong> Bugatti Divo Matte Black Edition<br data-start=\"98\" data-end=\"101\" \/><strong data-start=\"101\" data-end=\"116\">\u00a0Marque :<\/strong> Maisto<br data-start=\"123\" data-end=\"126\" \/><strong data-start=\"126\" data-end=\"144\">\u00a0R\u00e9f\u00e9rence :<\/strong> M31526M<br data-start=\"176\" data-end=\"179\" \/><strong data-start=\"179\" data-end=\"198\">\u00a0Dimensions :<\/strong> Environ <strong data-start=\"207\" data-end=\"230\">19 cm x 8 cm x 5 cm<\/strong><br data-start=\"230\" data-end=\"233\" \/><strong data-start=\"233\" data-end=\"249\">\u00a0Mati\u00e8re :<\/strong> M\u00e9tal moul\u00e9 sous pression avec pi\u00e8ces en plastique<br data-start=\"300\" data-end=\"303\" \/>\n<\/p>\n<p data-start=\"335\" data-end=\"714\">La <strong data-start=\"338\" data-end=\"374\">Bugatti Divo Matte Black Edition<\/strong> incarne l&#8217;alliance parfaite entre \u00e9l\u00e9gance et performance. R\u00e9alis\u00e9e \u00e0 l&#8217;\u00e9chelle <strong data-start=\"455\" data-end=\"463\">1\/24<\/strong> par <strong data-start=\"468\" data-end=\"478\">Maisto<\/strong>, cette maquette miniature offre une reproduction fid\u00e8le des lignes sculpt\u00e9es et de l&#8217;a\u00e9rodynamisme caract\u00e9ristique de la Bugatti Divo, sublim\u00e9e par une finition en <strong data-start=\"643\" data-end=\"658\">matte black<\/strong> qui lui conf\u00e8re un style r\u00e9solument moderne et raffin\u00e9.<\/p>\n<p data-start=\"716\" data-end=\"1032\">Fabriqu\u00e9e en <strong data-start=\"729\" data-end=\"740\">DieCast<\/strong>, cette pi\u00e8ce de collection se distingue par ses d\u00e9tails minutieux, son logo embl\u00e9matique et ses \u00e9l\u00e9ments de design pr\u00e9cis, capturant l&#8217;essence de la v\u00e9ritable supercar. Un incontournable pour les passionn\u00e9s d&#8217;automobiles de luxe et les collectionneurs \u00e0 la recherche d&#8217;une pi\u00e8ce d&#8217;exception.<\/p>\n","protected":false},"excerpt":{"rendered":"\u00a0Nom : Bugatti Divo Matte Black Edition\u00a0Marque : Maisto\u00a0R\u00e9f\u00e9rence : M31526M\u00a0Dimensions : Environ 19 cm x 8 cm x 5 cm\u00a0Mati\u00e8re : M\u00e9tal moul\u00e9 sous pression avec pi\u00e8ces en plastique La Bugatti Divo Matte Black Edition incarne l&#8217;alliance parfaite entre \u00e9l\u00e9gance et performance. R\u00e9alis\u00e9e \u00e0 l&#8217;\u00e9chelle 1\/24 par Maisto, cette maquette miniature offre une reproduction&#8230; <a class=\"view-article\" href=\"https:\/\/toysmaniacornermonaco.com\/en\/produit\/1-24-bugatti-divo-matte-black-edition\/\">View Article<\/a>","protected":false},"featured_media":5920,"comment_status":"closed","ping_status":"closed","template":"","meta":{"_acf_changed":false},"product_cat":[380,384],"product_tag":[],"class_list":{"0":"post-5919","1":"product","2":"type-product","3":"status-publish","4":"has-post-thumbnail","6":"marque-maisto","7":"idee_cadeau-enfants","8":"idee_cadeau-hommes","9":"idee_cadeau-noel","10":"product_cat-decoration","11":"product_cat-jeux-et-jouets","13":"first","14":"instock","15":"taxable","16":"shipping-taxable","17":"purchasable","18":"product-type-simple"},"acf":[],"yoast_head":"<!-- This site is optimized with the Yoast SEO plugin v22.3 - https:\/\/yoast.com\/wordpress\/plugins\/seo\/ -->\n<title>1\/24 BUGATTI DIVO MATTE BLACK EDITION - TOY&#039;S MANIA<\/title>\n<meta name=\"robots\" content=\"index, follow, max-snippet:-1, max-image-preview:large, max-video-preview:-1\" \/>\n<link rel=\"canonical\" href=\"https:\/\/toysmaniacornermonaco.com\/produit\/1-24-bugatti-divo-matte-black-edition\/\" \/>\n<meta property=\"og:locale\" content=\"en_US\" \/>\n<meta property=\"og:type\" content=\"article\" \/>\n<meta property=\"og:title\" content=\"1\/24 BUGATTI DIVO MATTE BLACK EDITION - TOY&#039;S MANIA\" \/>\n<meta property=\"og:description\" content=\"\u00a0Nom : Bugatti Divo Matte Black Edition\u00a0Marque : Maisto\u00a0R\u00e9f\u00e9rence : M31526M\u00a0Dimensions : Environ 19 cm x 8 cm x 5 cm\u00a0Mati\u00e8re : M\u00e9tal moul\u00e9 sous pression avec pi\u00e8ces en plastique La Bugatti Divo Matte Black Edition incarne l&#8217;alliance parfaite entre \u00e9l\u00e9gance et performance. R\u00e9alis\u00e9e \u00e0 l&#8217;\u00e9chelle 1\/24 par Maisto, cette maquette miniature offre une reproduction... View Article\" \/>\n<meta property=\"og:url\" content=\"https:\/\/toysmaniacornermonaco.com\/produit\/1-24-bugatti-divo-matte-black-edition\/\" \/>\n<meta property=\"og:site_name\" content=\"TOY&#039;S MANIA\" \/>\n<meta property=\"article:modified_time\" content=\"2025-02-20T12:30:06+00:00\" \/>\n<meta property=\"og:image\" content=\"https:\/\/toysmaniacornermonaco.com\/wp-content\/uploads\/2025\/02\/MATTE4.webp\" \/>\n\t<meta property=\"og:image:width\" content=\"1200\" \/>\n\t<meta property=\"og:image:height\" content=\"1200\" \/>\n\t<meta property=\"og:image:type\" content=\"image\/webp\" \/>\n<meta name=\"twitter:card\" content=\"summary_large_image\" \/>\n<meta name=\"twitter:label1\" content=\"Est. reading time\" \/>\n\t<meta name=\"twitter:data1\" content=\"1 minute\" \/>\n<script type=\"application\/ld+json\" class=\"yoast-schema-graph\">{\"@context\":\"https:\/\/schema.org\",\"@graph\":[{\"@type\":\"WebPage\",\"@id\":\"https:\/\/toysmaniacornermonaco.com\/produit\/1-24-bugatti-divo-matte-black-edition\/\",\"url\":\"https:\/\/toysmaniacornermonaco.com\/produit\/1-24-bugatti-divo-matte-black-edition\/\",\"name\":\"1\/24 BUGATTI DIVO MATTE BLACK EDITION - TOY&#039;S MANIA\",\"isPartOf\":{\"@id\":\"https:\/\/toysmaniacornermonaco.com\/#website\"},\"primaryImageOfPage\":{\"@id\":\"https:\/\/toysmaniacornermonaco.com\/produit\/1-24-bugatti-divo-matte-black-edition\/#primaryimage\"},\"image\":{\"@id\":\"https:\/\/toysmaniacornermonaco.com\/produit\/1-24-bugatti-divo-matte-black-edition\/#primaryimage\"},\"thumbnailUrl\":\"https:\/\/toysmaniacornermonaco.com\/wp-content\/uploads\/2025\/02\/MATTE4.webp\",\"datePublished\":\"2025-02-20T12:14:29+00:00\",\"dateModified\":\"2025-02-20T12:30:06+00:00\",\"breadcrumb\":{\"@id\":\"https:\/\/toysmaniacornermonaco.com\/produit\/1-24-bugatti-divo-matte-black-edition\/#breadcrumb\"},\"inLanguage\":\"en-US\",\"potentialAction\":[{\"@type\":\"ReadAction\",\"target\":[\"https:\/\/toysmaniacornermonaco.com\/produit\/1-24-bugatti-divo-matte-black-edition\/\"]}]},{\"@type\":\"ImageObject\",\"inLanguage\":\"en-US\",\"@id\":\"https:\/\/toysmaniacornermonaco.com\/produit\/1-24-bugatti-divo-matte-black-edition\/#primaryimage\",\"url\":\"https:\/\/toysmaniacornermonaco.com\/wp-content\/uploads\/2025\/02\/MATTE4.webp\",\"contentUrl\":\"https:\/\/toysmaniacornermonaco.com\/wp-content\/uploads\/2025\/02\/MATTE4.webp\",\"width\":1200,\"height\":1200},{\"@type\":\"BreadcrumbList\",\"@id\":\"https:\/\/toysmaniacornermonaco.com\/produit\/1-24-bugatti-divo-matte-black-edition\/#breadcrumb\",\"itemListElement\":[{\"@type\":\"ListItem\",\"position\":1,\"name\":\"Accueil\",\"item\":\"https:\/\/toysmaniacornermonaco.com\/en\/\"},{\"@type\":\"ListItem\",\"position\":2,\"name\":\"Shop\",\"item\":\"https:\/\/toysmaniacornermonaco.com\/en\/shop\/\"},{\"@type\":\"ListItem\",\"position\":3,\"name\":\"1\/24 BUGATTI DIVO MATTE BLACK EDITION\"}]},{\"@type\":\"WebSite\",\"@id\":\"https:\/\/toysmaniacornermonaco.com\/#website\",\"url\":\"https:\/\/toysmaniacornermonaco.com\/\",\"name\":\"TOY&#039;S MANIA\",\"description\":\"VOTRE CONCEPT STORE \u00c0 MONACO\",\"potentialAction\":[{\"@type\":\"SearchAction\",\"target\":{\"@type\":\"EntryPoint\",\"urlTemplate\":\"https:\/\/toysmaniacornermonaco.com\/?s={search_term_string}\"},\"query-input\":\"required name=search_term_string\"}],\"inLanguage\":\"en-US\"}]}<\/script>\n<!-- \/ Yoast SEO plugin. -->","yoast_head_json":{"title":"1\/24 BUGATTI DIVO MATTE BLACK EDITION - TOY&#039;S MANIA","robots":{"index":"index","follow":"follow","max-snippet":"max-snippet:-1","max-image-preview":"max-image-preview:large","max-video-preview":"max-video-preview:-1"},"canonical":"https:\/\/toysmaniacornermonaco.com\/produit\/1-24-bugatti-divo-matte-black-edition\/","og_locale":"en_US","og_type":"article","og_title":"1\/24 BUGATTI DIVO MATTE BLACK EDITION - TOY&#039;S MANIA","og_description":"\u00a0Nom : Bugatti Divo Matte Black Edition\u00a0Marque : Maisto\u00a0R\u00e9f\u00e9rence : M31526M\u00a0Dimensions : Environ 19 cm x 8 cm x 5 cm\u00a0Mati\u00e8re : M\u00e9tal moul\u00e9 sous pression avec pi\u00e8ces en plastique La Bugatti Divo Matte Black Edition incarne l&#8217;alliance parfaite entre \u00e9l\u00e9gance et performance. R\u00e9alis\u00e9e \u00e0 l&#8217;\u00e9chelle 1\/24 par Maisto, cette maquette miniature offre une reproduction... View Article","og_url":"https:\/\/toysmaniacornermonaco.com\/produit\/1-24-bugatti-divo-matte-black-edition\/","og_site_name":"TOY&#039;S MANIA","article_modified_time":"2025-02-20T12:30:06+00:00","og_image":[{"width":1200,"height":1200,"url":"https:\/\/toysmaniacornermonaco.com\/wp-content\/uploads\/2025\/02\/MATTE4.webp","type":"image\/webp"}],"twitter_card":"summary_large_image","twitter_misc":{"Est. reading time":"1 minute"},"schema":{"@context":"https:\/\/schema.org","@graph":[{"@type":"WebPage","@id":"https:\/\/toysmaniacornermonaco.com\/produit\/1-24-bugatti-divo-matte-black-edition\/","url":"https:\/\/toysmaniacornermonaco.com\/produit\/1-24-bugatti-divo-matte-black-edition\/","name":"1\/24 BUGATTI DIVO MATTE BLACK EDITION - TOY&#039;S MANIA","isPartOf":{"@id":"https:\/\/toysmaniacornermonaco.com\/#website"},"primaryImageOfPage":{"@id":"https:\/\/toysmaniacornermonaco.com\/produit\/1-24-bugatti-divo-matte-black-edition\/#primaryimage"},"image":{"@id":"https:\/\/toysmaniacornermonaco.com\/produit\/1-24-bugatti-divo-matte-black-edition\/#primaryimage"},"thumbnailUrl":"https:\/\/toysmaniacornermonaco.com\/wp-content\/uploads\/2025\/02\/MATTE4.webp","datePublished":"2025-02-20T12:14:29+00:00","dateModified":"2025-02-20T12:30:06+00:00","breadcrumb":{"@id":"https:\/\/toysmaniacornermonaco.com\/produit\/1-24-bugatti-divo-matte-black-edition\/#breadcrumb"},"inLanguage":"en-US","potentialAction":[{"@type":"ReadAction","target":["https:\/\/toysmaniacornermonaco.com\/produit\/1-24-bugatti-divo-matte-black-edition\/"]}]},{"@type":"ImageObject","inLanguage":"en-US","@id":"https:\/\/toysmaniacornermonaco.com\/produit\/1-24-bugatti-divo-matte-black-edition\/#primaryimage","url":"https:\/\/toysmaniacornermonaco.com\/wp-content\/uploads\/2025\/02\/MATTE4.webp","contentUrl":"https:\/\/toysmaniacornermonaco.com\/wp-content\/uploads\/2025\/02\/MATTE4.webp","width":1200,"height":1200},{"@type":"BreadcrumbList","@id":"https:\/\/toysmaniacornermonaco.com\/produit\/1-24-bugatti-divo-matte-black-edition\/#breadcrumb","itemListElement":[{"@type":"ListItem","position":1,"name":"Accueil","item":"https:\/\/toysmaniacornermonaco.com\/en\/"},{"@type":"ListItem","position":2,"name":"Shop","item":"https:\/\/toysmaniacornermonaco.com\/en\/shop\/"},{"@type":"ListItem","position":3,"name":"1\/24 BUGATTI DIVO MATTE BLACK EDITION"}]},{"@type":"WebSite","@id":"https:\/\/toysmaniacornermonaco.com\/#website","url":"https:\/\/toysmaniacornermonaco.com\/","name":"TOY&#039;S MANIA","description":"VOTRE CONCEPT STORE \u00c0 MONACO","potentialAction":[{"@type":"SearchAction","target":{"@type":"EntryPoint","urlTemplate":"https:\/\/toysmaniacornermonaco.com\/?s={search_term_string}"},"query-input":"required name=search_term_string"}],"inLanguage":"en-US"}]}},"_links":{"self":[{"href":"https:\/\/toysmaniacornermonaco.com\/en\/wp-json\/wp\/v2\/product\/5919","targetHints":{"allow":["GET"]}}],"collection":[{"href":"https:\/\/toysmaniacornermonaco.com\/en\/wp-json\/wp\/v2\/product"}],"about":[{"href":"https:\/\/toysmaniacornermonaco.com\/en\/wp-json\/wp\/v2\/types\/product"}],"replies":[{"embeddable":true,"href":"https:\/\/toysmaniacornermonaco.com\/en\/wp-json\/wp\/v2\/comments?post=5919"}],"wp:featuredmedia":[{"embeddable":true,"href":"https:\/\/toysmaniacornermonaco.com\/en\/wp-json\/wp\/v2\/media\/5920"}],"wp:attachment":[{"href":"https:\/\/toysmaniacornermonaco.com\/en\/wp-json\/wp\/v2\/media?parent=5919"}],"wp:term":[{"taxonomy":"product_cat","embeddable":true,"href":"https:\/\/toysmaniacornermonaco.com\/en\/wp-json\/wp\/v2\/product_cat?post=5919"},{"taxonomy":"product_tag","embeddable":true,"href":"https:\/\/toysmaniacornermonaco.com\/en\/wp-json\/wp\/v2\/product_tag?post=5919"}],"curies":[{"name":"wp","href":"https:\/\/api.w.org\/{rel}","templated":true}]}}