{"id":5930,"date":"2025-02-20T15:02:15","date_gmt":"2025-02-20T14:02:15","guid":{"rendered":"https:\/\/toysmaniacornermonaco.com\/?post_type=product&#038;p=5930"},"modified":"2025-02-20T15:47:24","modified_gmt":"2025-02-20T14:47:24","slug":"ass-1-24-motosounds-son-lumiere-assort","status":"publish","type":"product","link":"https:\/\/toysmaniacornermonaco.com\/en\/produit\/ass-1-24-motosounds-son-lumiere-assort\/","title":{"rendered":"ASS 1\/24 MOTOSOUNDS SON &#038; LUMIERE -ASSORT"},"content":{"rendered":"<p data-start=\"53\" data-end=\"293\"><strong data-start=\"53\" data-end=\"65\">\u00a0Nom :<\/strong> 1\/24 MOTOSOUNDS Son &amp; Lumi\u00e8re &#8211; Assort<br data-start=\"104\" data-end=\"107\" \/><strong data-start=\"107\" data-end=\"122\">\u00a0Marque :<\/strong> ASS<br data-start=\"126\" data-end=\"129\" \/><strong data-start=\"129\" data-end=\"147\">\u00a0R\u00e9f\u00e9rence :<\/strong> M81220A<br data-start=\"179\" data-end=\"182\" data-is-only-node=\"\" \/><strong data-start=\"182\" data-end=\"201\">\u00a0Dimensions :<\/strong> Environ <strong data-start=\"210\" data-end=\"233\">20 cm x 8 cm x 6 cm<\/strong><\/p>\n<p data-start=\"295\" data-end=\"599\">D\u00e9couvrez le mod\u00e8le <strong data-start=\"315\" data-end=\"369\">ASS 1\/24 MOTOSOUNDS Son &amp; Lumi\u00e8re &#8211; Assort M81220A<\/strong>, une miniature innovante qui allie design soign\u00e9 et technologies interactives. Con\u00e7u \u00e0 l\u2019\u00e9chelle <strong data-start=\"467\" data-end=\"475\">1\/24<\/strong>, ce mod\u00e8le r\u00e9duit reproduit fid\u00e8lement le style des v\u00e9hicules sportifs, tout en int\u00e9grant des fonctionnalit\u00e9s captivantes.<\/p>\n","protected":false},"excerpt":{"rendered":"\u00a0Nom : 1\/24 MOTOSOUNDS Son &amp; Lumi\u00e8re &#8211; Assort\u00a0Marque : ASS\u00a0R\u00e9f\u00e9rence : M81220A\u00a0Dimensions : Environ 20 cm x 8 cm x 6 cm D\u00e9couvrez le mod\u00e8le ASS 1\/24 MOTOSOUNDS Son &amp; Lumi\u00e8re &#8211; Assort M81220A, une miniature innovante qui allie design soign\u00e9 et technologies interactives. Con\u00e7u \u00e0 l\u2019\u00e9chelle 1\/24, ce mod\u00e8le r\u00e9duit reproduit fid\u00e8lement le&#8230; <a class=\"view-article\" href=\"https:\/\/toysmaniacornermonaco.com\/en\/produit\/ass-1-24-motosounds-son-lumiere-assort\/\">View Article<\/a>","protected":false},"featured_media":5936,"comment_status":"closed","ping_status":"closed","template":"","meta":{"_acf_changed":false},"product_cat":[380,384],"product_tag":[],"class_list":{"0":"post-5930","1":"product","2":"type-product","3":"status-publish","4":"has-post-thumbnail","6":"marque-maisto","7":"idee_cadeau-enfants","8":"product_cat-decoration","9":"product_cat-jeux-et-jouets","11":"first","12":"instock","13":"taxable","14":"shipping-taxable","15":"purchasable","16":"product-type-simple"},"acf":[],"yoast_head":"<!-- This site is optimized with the Yoast SEO plugin v22.3 - https:\/\/yoast.com\/wordpress\/plugins\/seo\/ -->\n<title>ASS 1\/24 MOTOSOUNDS SON &amp; LUMIERE -ASSORT - TOY&#039;S MANIA<\/title>\n<meta name=\"robots\" content=\"index, follow, max-snippet:-1, max-image-preview:large, max-video-preview:-1\" \/>\n<link rel=\"canonical\" href=\"https:\/\/toysmaniacornermonaco.com\/produit\/ass-1-24-motosounds-son-lumiere-assort\/\" \/>\n<meta property=\"og:locale\" content=\"en_US\" \/>\n<meta property=\"og:type\" content=\"article\" \/>\n<meta property=\"og:title\" content=\"ASS 1\/24 MOTOSOUNDS SON &amp; LUMIERE -ASSORT - TOY&#039;S MANIA\" \/>\n<meta property=\"og:description\" content=\"\u00a0Nom : 1\/24 MOTOSOUNDS Son &amp; Lumi\u00e8re &#8211; Assort\u00a0Marque : ASS\u00a0R\u00e9f\u00e9rence : M81220A\u00a0Dimensions : Environ 20 cm x 8 cm x 6 cm D\u00e9couvrez le mod\u00e8le ASS 1\/24 MOTOSOUNDS Son &amp; Lumi\u00e8re &#8211; Assort M81220A, une miniature innovante qui allie design soign\u00e9 et technologies interactives. Con\u00e7u \u00e0 l\u2019\u00e9chelle 1\/24, ce mod\u00e8le r\u00e9duit reproduit fid\u00e8lement le... View Article\" \/>\n<meta property=\"og:url\" content=\"https:\/\/toysmaniacornermonaco.com\/produit\/ass-1-24-motosounds-son-lumiere-assort\/\" \/>\n<meta property=\"og:site_name\" content=\"TOY&#039;S MANIA\" \/>\n<meta property=\"article:modified_time\" content=\"2025-02-20T14:47:24+00:00\" \/>\n<meta property=\"og:image\" content=\"https:\/\/toysmaniacornermonaco.com\/wp-content\/uploads\/2025\/02\/ASS2.jpg\" \/>\n\t<meta property=\"og:image:width\" content=\"869\" \/>\n\t<meta property=\"og:image:height\" content=\"450\" \/>\n\t<meta property=\"og:image:type\" content=\"image\/jpeg\" \/>\n<meta name=\"twitter:card\" content=\"summary_large_image\" \/>\n<meta name=\"twitter:label1\" content=\"Est. reading time\" \/>\n\t<meta name=\"twitter:data1\" content=\"1 minute\" \/>\n<script type=\"application\/ld+json\" class=\"yoast-schema-graph\">{\"@context\":\"https:\/\/schema.org\",\"@graph\":[{\"@type\":\"WebPage\",\"@id\":\"https:\/\/toysmaniacornermonaco.com\/produit\/ass-1-24-motosounds-son-lumiere-assort\/\",\"url\":\"https:\/\/toysmaniacornermonaco.com\/produit\/ass-1-24-motosounds-son-lumiere-assort\/\",\"name\":\"ASS 1\/24 MOTOSOUNDS SON & LUMIERE -ASSORT - TOY&#039;S MANIA\",\"isPartOf\":{\"@id\":\"https:\/\/toysmaniacornermonaco.com\/#website\"},\"primaryImageOfPage\":{\"@id\":\"https:\/\/toysmaniacornermonaco.com\/produit\/ass-1-24-motosounds-son-lumiere-assort\/#primaryimage\"},\"image\":{\"@id\":\"https:\/\/toysmaniacornermonaco.com\/produit\/ass-1-24-motosounds-son-lumiere-assort\/#primaryimage\"},\"thumbnailUrl\":\"https:\/\/toysmaniacornermonaco.com\/wp-content\/uploads\/2025\/02\/ASS2.jpg\",\"datePublished\":\"2025-02-20T14:02:15+00:00\",\"dateModified\":\"2025-02-20T14:47:24+00:00\",\"breadcrumb\":{\"@id\":\"https:\/\/toysmaniacornermonaco.com\/produit\/ass-1-24-motosounds-son-lumiere-assort\/#breadcrumb\"},\"inLanguage\":\"en-US\",\"potentialAction\":[{\"@type\":\"ReadAction\",\"target\":[\"https:\/\/toysmaniacornermonaco.com\/produit\/ass-1-24-motosounds-son-lumiere-assort\/\"]}]},{\"@type\":\"ImageObject\",\"inLanguage\":\"en-US\",\"@id\":\"https:\/\/toysmaniacornermonaco.com\/produit\/ass-1-24-motosounds-son-lumiere-assort\/#primaryimage\",\"url\":\"https:\/\/toysmaniacornermonaco.com\/wp-content\/uploads\/2025\/02\/ASS2.jpg\",\"contentUrl\":\"https:\/\/toysmaniacornermonaco.com\/wp-content\/uploads\/2025\/02\/ASS2.jpg\",\"width\":869,\"height\":450},{\"@type\":\"BreadcrumbList\",\"@id\":\"https:\/\/toysmaniacornermonaco.com\/produit\/ass-1-24-motosounds-son-lumiere-assort\/#breadcrumb\",\"itemListElement\":[{\"@type\":\"ListItem\",\"position\":1,\"name\":\"Accueil\",\"item\":\"https:\/\/toysmaniacornermonaco.com\/en\/\"},{\"@type\":\"ListItem\",\"position\":2,\"name\":\"Shop\",\"item\":\"https:\/\/toysmaniacornermonaco.com\/en\/shop\/\"},{\"@type\":\"ListItem\",\"position\":3,\"name\":\"ASS 1\/24 MOTOSOUNDS SON &#038; LUMIERE -ASSORT\"}]},{\"@type\":\"WebSite\",\"@id\":\"https:\/\/toysmaniacornermonaco.com\/#website\",\"url\":\"https:\/\/toysmaniacornermonaco.com\/\",\"name\":\"TOY&#039;S MANIA\",\"description\":\"VOTRE CONCEPT STORE \u00c0 MONACO\",\"potentialAction\":[{\"@type\":\"SearchAction\",\"target\":{\"@type\":\"EntryPoint\",\"urlTemplate\":\"https:\/\/toysmaniacornermonaco.com\/?s={search_term_string}\"},\"query-input\":\"required name=search_term_string\"}],\"inLanguage\":\"en-US\"}]}<\/script>\n<!-- \/ Yoast SEO plugin. -->","yoast_head_json":{"title":"ASS 1\/24 MOTOSOUNDS SON & LUMIERE -ASSORT - TOY&#039;S MANIA","robots":{"index":"index","follow":"follow","max-snippet":"max-snippet:-1","max-image-preview":"max-image-preview:large","max-video-preview":"max-video-preview:-1"},"canonical":"https:\/\/toysmaniacornermonaco.com\/produit\/ass-1-24-motosounds-son-lumiere-assort\/","og_locale":"en_US","og_type":"article","og_title":"ASS 1\/24 MOTOSOUNDS SON & LUMIERE -ASSORT - TOY&#039;S MANIA","og_description":"\u00a0Nom : 1\/24 MOTOSOUNDS Son &amp; Lumi\u00e8re &#8211; Assort\u00a0Marque : ASS\u00a0R\u00e9f\u00e9rence : M81220A\u00a0Dimensions : Environ 20 cm x 8 cm x 6 cm D\u00e9couvrez le mod\u00e8le ASS 1\/24 MOTOSOUNDS Son &amp; Lumi\u00e8re &#8211; Assort M81220A, une miniature innovante qui allie design soign\u00e9 et technologies interactives. Con\u00e7u \u00e0 l\u2019\u00e9chelle 1\/24, ce mod\u00e8le r\u00e9duit reproduit fid\u00e8lement le... View Article","og_url":"https:\/\/toysmaniacornermonaco.com\/produit\/ass-1-24-motosounds-son-lumiere-assort\/","og_site_name":"TOY&#039;S MANIA","article_modified_time":"2025-02-20T14:47:24+00:00","og_image":[{"width":869,"height":450,"url":"https:\/\/toysmaniacornermonaco.com\/wp-content\/uploads\/2025\/02\/ASS2.jpg","type":"image\/jpeg"}],"twitter_card":"summary_large_image","twitter_misc":{"Est. reading time":"1 minute"},"schema":{"@context":"https:\/\/schema.org","@graph":[{"@type":"WebPage","@id":"https:\/\/toysmaniacornermonaco.com\/produit\/ass-1-24-motosounds-son-lumiere-assort\/","url":"https:\/\/toysmaniacornermonaco.com\/produit\/ass-1-24-motosounds-son-lumiere-assort\/","name":"ASS 1\/24 MOTOSOUNDS SON & LUMIERE -ASSORT - TOY&#039;S MANIA","isPartOf":{"@id":"https:\/\/toysmaniacornermonaco.com\/#website"},"primaryImageOfPage":{"@id":"https:\/\/toysmaniacornermonaco.com\/produit\/ass-1-24-motosounds-son-lumiere-assort\/#primaryimage"},"image":{"@id":"https:\/\/toysmaniacornermonaco.com\/produit\/ass-1-24-motosounds-son-lumiere-assort\/#primaryimage"},"thumbnailUrl":"https:\/\/toysmaniacornermonaco.com\/wp-content\/uploads\/2025\/02\/ASS2.jpg","datePublished":"2025-02-20T14:02:15+00:00","dateModified":"2025-02-20T14:47:24+00:00","breadcrumb":{"@id":"https:\/\/toysmaniacornermonaco.com\/produit\/ass-1-24-motosounds-son-lumiere-assort\/#breadcrumb"},"inLanguage":"en-US","potentialAction":[{"@type":"ReadAction","target":["https:\/\/toysmaniacornermonaco.com\/produit\/ass-1-24-motosounds-son-lumiere-assort\/"]}]},{"@type":"ImageObject","inLanguage":"en-US","@id":"https:\/\/toysmaniacornermonaco.com\/produit\/ass-1-24-motosounds-son-lumiere-assort\/#primaryimage","url":"https:\/\/toysmaniacornermonaco.com\/wp-content\/uploads\/2025\/02\/ASS2.jpg","contentUrl":"https:\/\/toysmaniacornermonaco.com\/wp-content\/uploads\/2025\/02\/ASS2.jpg","width":869,"height":450},{"@type":"BreadcrumbList","@id":"https:\/\/toysmaniacornermonaco.com\/produit\/ass-1-24-motosounds-son-lumiere-assort\/#breadcrumb","itemListElement":[{"@type":"ListItem","position":1,"name":"Accueil","item":"https:\/\/toysmaniacornermonaco.com\/en\/"},{"@type":"ListItem","position":2,"name":"Shop","item":"https:\/\/toysmaniacornermonaco.com\/en\/shop\/"},{"@type":"ListItem","position":3,"name":"ASS 1\/24 MOTOSOUNDS SON &#038; LUMIERE -ASSORT"}]},{"@type":"WebSite","@id":"https:\/\/toysmaniacornermonaco.com\/#website","url":"https:\/\/toysmaniacornermonaco.com\/","name":"TOY&#039;S MANIA","description":"VOTRE CONCEPT STORE \u00c0 MONACO","potentialAction":[{"@type":"SearchAction","target":{"@type":"EntryPoint","urlTemplate":"https:\/\/toysmaniacornermonaco.com\/?s={search_term_string}"},"query-input":"required name=search_term_string"}],"inLanguage":"en-US"}]}},"_links":{"self":[{"href":"https:\/\/toysmaniacornermonaco.com\/en\/wp-json\/wp\/v2\/product\/5930","targetHints":{"allow":["GET"]}}],"collection":[{"href":"https:\/\/toysmaniacornermonaco.com\/en\/wp-json\/wp\/v2\/product"}],"about":[{"href":"https:\/\/toysmaniacornermonaco.com\/en\/wp-json\/wp\/v2\/types\/product"}],"replies":[{"embeddable":true,"href":"https:\/\/toysmaniacornermonaco.com\/en\/wp-json\/wp\/v2\/comments?post=5930"}],"wp:featuredmedia":[{"embeddable":true,"href":"https:\/\/toysmaniacornermonaco.com\/en\/wp-json\/wp\/v2\/media\/5936"}],"wp:attachment":[{"href":"https:\/\/toysmaniacornermonaco.com\/en\/wp-json\/wp\/v2\/media?parent=5930"}],"wp:term":[{"taxonomy":"product_cat","embeddable":true,"href":"https:\/\/toysmaniacornermonaco.com\/en\/wp-json\/wp\/v2\/product_cat?post=5930"},{"taxonomy":"product_tag","embeddable":true,"href":"https:\/\/toysmaniacornermonaco.com\/en\/wp-json\/wp\/v2\/product_tag?post=5930"}],"curies":[{"name":"wp","href":"https:\/\/api.w.org\/{rel}","templated":true}]}}