{"id":5939,"date":"2025-02-21T08:23:05","date_gmt":"2025-02-21T07:23:05","guid":{"rendered":"https:\/\/toysmaniacornermonaco.com\/?post_type=product&#038;p=5939"},"modified":"2025-02-21T09:22:13","modified_gmt":"2025-02-21T08:22:13","slug":"1-24-ferrari-r-p0-sf-90-stradale","status":"publish","type":"product","link":"https:\/\/toysmaniacornermonaco.com\/en\/produit\/1-24-ferrari-r-p0-sf-90-stradale\/","title":{"rendered":"1\/24 FERRARI R &#038; P0 SF 90 STRADALE"},"content":{"rendered":"<p data-start=\"52\" data-end=\"321\"><strong data-start=\"52\" data-end=\"64\"><span>\u00a0Nom :<\/span><\/strong><span> Ferrari SF90 Stradale \u2013 Rose <\/span><br data-start=\"93\" data-end=\"96\" \/><strong data-start=\"96\" data-end=\"111\"><span>\u00a0Marque :<\/span><\/strong><span> Bburago <\/span><br data-start=\"119\" data-end=\"122\" \/><strong data-start=\"122\" data-end=\"140\"><span>\u00a0R\u00e9f\u00e9rence :<\/span><\/strong><span> 26028 <\/span><br data-start=\"146\" data-end=\"149\" \/><strong data-start=\"149\" data-end=\"165\" data-is-only-node=\"\"><span>\u00a0\u00c9chelle :<\/span><\/strong><span> 1\/24 <\/span><br data-start=\"170\" data-end=\"173\" \/><strong data-start=\"173\" data-end=\"192\"><span>\u00a0Dimensions :<\/span><\/strong><span> Environ <\/span><strong data-start=\"201\" data-end=\"225\"><span>23 cm x 10 cm x 7 cm <\/span><\/strong><br data-start=\"225\" data-end=\"228\" \/><strong data-start=\"228\" data-end=\"244\"><span>\u00a0Mati\u00e8re :<\/span><\/strong><span> M\u00e9tal moul\u00e9 sous pression avec pi\u00e8ces en plastique <\/span><br data-start=\"295\" data-end=\"298\" \/>\n<\/p>\n<p data-start=\"323\" data-end=\"760\"><span>La <\/span><strong data-start=\"326\" data-end=\"351\"><span>Ferrari SF90 Stradale<\/span><\/strong><span> est la quintessence de l&#8217;innovation et de la performance chez Ferrari. Cette r\u00e9plique miniature, sign\u00e9e <\/span><strong data-start=\"456\" data-end=\"467\"><span>Bburago<\/span><\/strong><span> , capture avec une grande fid\u00e9lit\u00e9 l&#8217;esprit audacieux et l&#8217;\u00e9l\u00e9gance de cette supercar hybride. Sa carrosserie finement sculpt\u00e9e met en valeur des lignes dynamiques et un design a\u00e9rodynamique caract\u00e9ristique, tandis que la version en <\/span><strong data-start=\"700\" data-end=\"708\"><span>Rose<\/span><\/strong><span> apporte une touche r\u00e9solument moderne et originale.<\/span><\/p>\n","protected":false},"excerpt":{"rendered":"\u00a0Nom : Ferrari SF90 Stradale \u2013 Rose \u00a0Marque : Bburago \u00a0R\u00e9f\u00e9rence : 26028 \u00a0\u00c9chelle : 1\/24 \u00a0Dimensions : Environ 23 cm x 10 cm x 7 cm \u00a0Mati\u00e8re : M\u00e9tal moul\u00e9 sous pression avec pi\u00e8ces en plastique La Ferrari SF90 Stradale est la quintessence de l&#8217;innovation et de la performance chez Ferrari. Cette r\u00e9plique miniature,&#8230; <a class=\"view-article\" href=\"https:\/\/toysmaniacornermonaco.com\/en\/produit\/1-24-ferrari-r-p0-sf-90-stradale\/\">View Article<\/a>","protected":false},"featured_media":5946,"comment_status":"closed","ping_status":"closed","template":"","meta":{"_acf_changed":false},"product_cat":[380,384],"product_tag":[],"class_list":{"0":"post-5939","1":"product","2":"type-product","3":"status-publish","4":"has-post-thumbnail","6":"marque-bburago","7":"idee_cadeau-enfants","8":"product_cat-decoration","9":"product_cat-jeux-et-jouets","11":"first","12":"instock","13":"taxable","14":"shipping-taxable","15":"purchasable","16":"product-type-simple"},"acf":[],"yoast_head":"<!-- This site is optimized with the Yoast SEO plugin v22.3 - https:\/\/yoast.com\/wordpress\/plugins\/seo\/ -->\n<title>1\/24 FERRARI R &amp; P0 SF 90 STRADALE - TOY&#039;S MANIA<\/title>\n<meta name=\"robots\" content=\"index, follow, max-snippet:-1, max-image-preview:large, max-video-preview:-1\" \/>\n<link rel=\"canonical\" href=\"https:\/\/toysmaniacornermonaco.com\/produit\/1-24-ferrari-r-p0-sf-90-stradale\/\" \/>\n<meta property=\"og:locale\" content=\"en_US\" \/>\n<meta property=\"og:type\" content=\"article\" \/>\n<meta property=\"og:title\" content=\"1\/24 FERRARI R &amp; P0 SF 90 STRADALE - TOY&#039;S MANIA\" \/>\n<meta property=\"og:description\" content=\"\u00a0Nom : Ferrari SF90 Stradale \u2013 Rose \u00a0Marque : Bburago \u00a0R\u00e9f\u00e9rence : 26028 \u00a0\u00c9chelle : 1\/24 \u00a0Dimensions : Environ 23 cm x 10 cm x 7 cm \u00a0Mati\u00e8re : M\u00e9tal moul\u00e9 sous pression avec pi\u00e8ces en plastique La Ferrari SF90 Stradale est la quintessence de l&#8217;innovation et de la performance chez Ferrari. Cette r\u00e9plique miniature,... View Article\" \/>\n<meta property=\"og:url\" content=\"https:\/\/toysmaniacornermonaco.com\/produit\/1-24-ferrari-r-p0-sf-90-stradale\/\" \/>\n<meta property=\"og:site_name\" content=\"TOY&#039;S MANIA\" \/>\n<meta property=\"article:modified_time\" content=\"2025-02-21T08:22:13+00:00\" \/>\n<meta property=\"og:image\" content=\"https:\/\/toysmaniacornermonaco.com\/wp-content\/uploads\/2025\/02\/90.jpg\" \/>\n\t<meta property=\"og:image:width\" content=\"1500\" \/>\n\t<meta property=\"og:image:height\" content=\"1441\" \/>\n\t<meta property=\"og:image:type\" content=\"image\/jpeg\" \/>\n<meta name=\"twitter:card\" content=\"summary_large_image\" \/>\n<meta name=\"twitter:label1\" content=\"Est. reading time\" \/>\n\t<meta name=\"twitter:data1\" content=\"1 minute\" \/>\n<script type=\"application\/ld+json\" class=\"yoast-schema-graph\">{\"@context\":\"https:\/\/schema.org\",\"@graph\":[{\"@type\":\"WebPage\",\"@id\":\"https:\/\/toysmaniacornermonaco.com\/produit\/1-24-ferrari-r-p0-sf-90-stradale\/\",\"url\":\"https:\/\/toysmaniacornermonaco.com\/produit\/1-24-ferrari-r-p0-sf-90-stradale\/\",\"name\":\"1\/24 FERRARI R & P0 SF 90 STRADALE - TOY&#039;S MANIA\",\"isPartOf\":{\"@id\":\"https:\/\/toysmaniacornermonaco.com\/#website\"},\"primaryImageOfPage\":{\"@id\":\"https:\/\/toysmaniacornermonaco.com\/produit\/1-24-ferrari-r-p0-sf-90-stradale\/#primaryimage\"},\"image\":{\"@id\":\"https:\/\/toysmaniacornermonaco.com\/produit\/1-24-ferrari-r-p0-sf-90-stradale\/#primaryimage\"},\"thumbnailUrl\":\"https:\/\/toysmaniacornermonaco.com\/wp-content\/uploads\/2025\/02\/90.jpg\",\"datePublished\":\"2025-02-21T07:23:05+00:00\",\"dateModified\":\"2025-02-21T08:22:13+00:00\",\"breadcrumb\":{\"@id\":\"https:\/\/toysmaniacornermonaco.com\/produit\/1-24-ferrari-r-p0-sf-90-stradale\/#breadcrumb\"},\"inLanguage\":\"en-US\",\"potentialAction\":[{\"@type\":\"ReadAction\",\"target\":[\"https:\/\/toysmaniacornermonaco.com\/produit\/1-24-ferrari-r-p0-sf-90-stradale\/\"]}]},{\"@type\":\"ImageObject\",\"inLanguage\":\"en-US\",\"@id\":\"https:\/\/toysmaniacornermonaco.com\/produit\/1-24-ferrari-r-p0-sf-90-stradale\/#primaryimage\",\"url\":\"https:\/\/toysmaniacornermonaco.com\/wp-content\/uploads\/2025\/02\/90.jpg\",\"contentUrl\":\"https:\/\/toysmaniacornermonaco.com\/wp-content\/uploads\/2025\/02\/90.jpg\",\"width\":1500,\"height\":1441},{\"@type\":\"BreadcrumbList\",\"@id\":\"https:\/\/toysmaniacornermonaco.com\/produit\/1-24-ferrari-r-p0-sf-90-stradale\/#breadcrumb\",\"itemListElement\":[{\"@type\":\"ListItem\",\"position\":1,\"name\":\"Accueil\",\"item\":\"https:\/\/toysmaniacornermonaco.com\/en\/\"},{\"@type\":\"ListItem\",\"position\":2,\"name\":\"Shop\",\"item\":\"https:\/\/toysmaniacornermonaco.com\/en\/shop\/\"},{\"@type\":\"ListItem\",\"position\":3,\"name\":\"1\/24 FERRARI R &#038; P0 SF 90 STRADALE\"}]},{\"@type\":\"WebSite\",\"@id\":\"https:\/\/toysmaniacornermonaco.com\/#website\",\"url\":\"https:\/\/toysmaniacornermonaco.com\/\",\"name\":\"TOY&#039;S MANIA\",\"description\":\"VOTRE CONCEPT STORE \u00c0 MONACO\",\"potentialAction\":[{\"@type\":\"SearchAction\",\"target\":{\"@type\":\"EntryPoint\",\"urlTemplate\":\"https:\/\/toysmaniacornermonaco.com\/?s={search_term_string}\"},\"query-input\":\"required name=search_term_string\"}],\"inLanguage\":\"en-US\"}]}<\/script>\n<!-- \/ Yoast SEO plugin. -->","yoast_head_json":{"title":"1\/24 FERRARI R & P0 SF 90 STRADALE - TOY&#039;S MANIA","robots":{"index":"index","follow":"follow","max-snippet":"max-snippet:-1","max-image-preview":"max-image-preview:large","max-video-preview":"max-video-preview:-1"},"canonical":"https:\/\/toysmaniacornermonaco.com\/produit\/1-24-ferrari-r-p0-sf-90-stradale\/","og_locale":"en_US","og_type":"article","og_title":"1\/24 FERRARI R & P0 SF 90 STRADALE - TOY&#039;S MANIA","og_description":"\u00a0Nom : Ferrari SF90 Stradale \u2013 Rose \u00a0Marque : Bburago \u00a0R\u00e9f\u00e9rence : 26028 \u00a0\u00c9chelle : 1\/24 \u00a0Dimensions : Environ 23 cm x 10 cm x 7 cm \u00a0Mati\u00e8re : M\u00e9tal moul\u00e9 sous pression avec pi\u00e8ces en plastique La Ferrari SF90 Stradale est la quintessence de l&#8217;innovation et de la performance chez Ferrari. Cette r\u00e9plique miniature,... View Article","og_url":"https:\/\/toysmaniacornermonaco.com\/produit\/1-24-ferrari-r-p0-sf-90-stradale\/","og_site_name":"TOY&#039;S MANIA","article_modified_time":"2025-02-21T08:22:13+00:00","og_image":[{"width":1500,"height":1441,"url":"https:\/\/toysmaniacornermonaco.com\/wp-content\/uploads\/2025\/02\/90.jpg","type":"image\/jpeg"}],"twitter_card":"summary_large_image","twitter_misc":{"Est. reading time":"1 minute"},"schema":{"@context":"https:\/\/schema.org","@graph":[{"@type":"WebPage","@id":"https:\/\/toysmaniacornermonaco.com\/produit\/1-24-ferrari-r-p0-sf-90-stradale\/","url":"https:\/\/toysmaniacornermonaco.com\/produit\/1-24-ferrari-r-p0-sf-90-stradale\/","name":"1\/24 FERRARI R & P0 SF 90 STRADALE - TOY&#039;S MANIA","isPartOf":{"@id":"https:\/\/toysmaniacornermonaco.com\/#website"},"primaryImageOfPage":{"@id":"https:\/\/toysmaniacornermonaco.com\/produit\/1-24-ferrari-r-p0-sf-90-stradale\/#primaryimage"},"image":{"@id":"https:\/\/toysmaniacornermonaco.com\/produit\/1-24-ferrari-r-p0-sf-90-stradale\/#primaryimage"},"thumbnailUrl":"https:\/\/toysmaniacornermonaco.com\/wp-content\/uploads\/2025\/02\/90.jpg","datePublished":"2025-02-21T07:23:05+00:00","dateModified":"2025-02-21T08:22:13+00:00","breadcrumb":{"@id":"https:\/\/toysmaniacornermonaco.com\/produit\/1-24-ferrari-r-p0-sf-90-stradale\/#breadcrumb"},"inLanguage":"en-US","potentialAction":[{"@type":"ReadAction","target":["https:\/\/toysmaniacornermonaco.com\/produit\/1-24-ferrari-r-p0-sf-90-stradale\/"]}]},{"@type":"ImageObject","inLanguage":"en-US","@id":"https:\/\/toysmaniacornermonaco.com\/produit\/1-24-ferrari-r-p0-sf-90-stradale\/#primaryimage","url":"https:\/\/toysmaniacornermonaco.com\/wp-content\/uploads\/2025\/02\/90.jpg","contentUrl":"https:\/\/toysmaniacornermonaco.com\/wp-content\/uploads\/2025\/02\/90.jpg","width":1500,"height":1441},{"@type":"BreadcrumbList","@id":"https:\/\/toysmaniacornermonaco.com\/produit\/1-24-ferrari-r-p0-sf-90-stradale\/#breadcrumb","itemListElement":[{"@type":"ListItem","position":1,"name":"Accueil","item":"https:\/\/toysmaniacornermonaco.com\/en\/"},{"@type":"ListItem","position":2,"name":"Shop","item":"https:\/\/toysmaniacornermonaco.com\/en\/shop\/"},{"@type":"ListItem","position":3,"name":"1\/24 FERRARI R &#038; P0 SF 90 STRADALE"}]},{"@type":"WebSite","@id":"https:\/\/toysmaniacornermonaco.com\/#website","url":"https:\/\/toysmaniacornermonaco.com\/","name":"TOY&#039;S MANIA","description":"VOTRE CONCEPT STORE \u00c0 MONACO","potentialAction":[{"@type":"SearchAction","target":{"@type":"EntryPoint","urlTemplate":"https:\/\/toysmaniacornermonaco.com\/?s={search_term_string}"},"query-input":"required name=search_term_string"}],"inLanguage":"en-US"}]}},"_links":{"self":[{"href":"https:\/\/toysmaniacornermonaco.com\/en\/wp-json\/wp\/v2\/product\/5939","targetHints":{"allow":["GET"]}}],"collection":[{"href":"https:\/\/toysmaniacornermonaco.com\/en\/wp-json\/wp\/v2\/product"}],"about":[{"href":"https:\/\/toysmaniacornermonaco.com\/en\/wp-json\/wp\/v2\/types\/product"}],"replies":[{"embeddable":true,"href":"https:\/\/toysmaniacornermonaco.com\/en\/wp-json\/wp\/v2\/comments?post=5939"}],"wp:featuredmedia":[{"embeddable":true,"href":"https:\/\/toysmaniacornermonaco.com\/en\/wp-json\/wp\/v2\/media\/5946"}],"wp:attachment":[{"href":"https:\/\/toysmaniacornermonaco.com\/en\/wp-json\/wp\/v2\/media?parent=5939"}],"wp:term":[{"taxonomy":"product_cat","embeddable":true,"href":"https:\/\/toysmaniacornermonaco.com\/en\/wp-json\/wp\/v2\/product_cat?post=5939"},{"taxonomy":"product_tag","embeddable":true,"href":"https:\/\/toysmaniacornermonaco.com\/en\/wp-json\/wp\/v2\/product_tag?post=5939"}],"curies":[{"name":"wp","href":"https:\/\/api.w.org\/{rel}","templated":true}]}}