{"id":5989,"date":"2025-10-20T09:49:02","date_gmt":"2025-10-20T07:49:02","guid":{"rendered":"https:\/\/toysmaniacornermonaco.com\/?post_type=product&#038;p=5989"},"modified":"2025-10-20T12:06:14","modified_gmt":"2025-10-20T10:06:14","slug":"ferrari-f1-sf-24-16-charles-leclerc","status":"publish","type":"product","link":"https:\/\/toysmaniacornermonaco.com\/en\/produit\/ferrari-f1-sf-24-16-charles-leclerc\/","title":{"rendered":"Ferrari F1 SF-24 #16 Charles Leclerc"},"content":{"rendered":"<h4 class=\"product_title entry-title\"><span dir=\"auto\">Nom: Ferrari F1 SF-24 #16 Charles Leclerc<\/span><\/h4>\n<h4 class=\"product_title entry-title\"><strong data-start=\"96\" data-end=\"111\">\u00a0Marque :<\/strong> Burago <br data-start=\"119\" data-end=\"122\" \/><strong data-start=\"122\" data-end=\"140\">\u00a0R\u00e9f\u00e9rence :18-36844<\/strong><\/h4>\n<p data-start=\"52\" data-end=\"321\"><strong data-start=\"122\" data-end=\"140\">Gen code : <\/strong>893993368440<br data-start=\"146\" data-end=\"149\" \/><strong data-start=\"149\" data-end=\"165\" data-is-only-node=\"\">\u00a0\u00c9chelle :<\/strong> 1\/43<br data-start=\"170\" data-end=\"173\" \/><strong data-start=\"173\" data-end=\"192\">\u00a0Dimensions :<\/strong> Environ 13<strong data-start=\"201\" data-end=\"225\"> cm x 7 cm x 3 cm <\/strong><br data-start=\"225\" data-end=\"228\" \/><strong data-start=\"228\" data-end=\"244\">\u00a0Mati\u00e8re :<\/strong> M\u00e9tal moul\u00e9 sous pression avec pi\u00e8ces en plastique<\/p>\n<h5 data-talos=\"labelPdpProductTitle\">La Ferrari F1 SF-24 pilot\u00e9e par Charles Leclerc est fid\u00e8lement reproduite par Bburago dans cette superbe miniature \u00e0 l\u2019\u00e9chelle 1:43. Sa carrosserie rouge embl\u00e9matique et ses d\u00e9tails pr\u00e9cis rendent hommage \u00e0 la monoplace de la saison 2024. Un mod\u00e8le indispensable pour les fans de Formule 1 et les collectionneurs Ferrari.<\/h5>\n","protected":false},"excerpt":{"rendered":"Nom: Ferrari F1 SF-24 #16 Charles Leclerc \u00a0Marque : Burago \u00a0R\u00e9f\u00e9rence :18-36844 Gen code : 893993368440\u00a0\u00c9chelle : 1\/43\u00a0Dimensions : Environ 13 cm x 7 cm x 3 cm \u00a0Mati\u00e8re : M\u00e9tal moul\u00e9 sous pression avec pi\u00e8ces en plastique La Ferrari F1 SF-24 pilot\u00e9e par Charles Leclerc est fid\u00e8lement reproduite par Bburago dans cette superbe miniature&#8230; <a class=\"view-article\" href=\"https:\/\/toysmaniacornermonaco.com\/en\/produit\/ferrari-f1-sf-24-16-charles-leclerc\/\">View Article<\/a>","protected":false},"featured_media":5991,"comment_status":"closed","ping_status":"closed","template":"","meta":{"_acf_changed":false},"product_cat":[380,384],"product_tag":[],"class_list":{"0":"post-5989","1":"product","2":"type-product","3":"status-publish","4":"has-post-thumbnail","6":"marque-bburago","7":"marque-ferrari","8":"idee_cadeau-enfants","9":"idee_cadeau-formula-one-f1","10":"idee_cadeau-hommes","11":"idee_cadeau-noel","12":"product_cat-decoration","13":"product_cat-jeux-et-jouets","14":"product_shipping_class-petitcolis","16":"first","17":"instock","18":"taxable","19":"shipping-taxable","20":"purchasable","21":"product-type-simple"},"acf":[],"yoast_head":"<!-- This site is optimized with the Yoast SEO plugin v22.3 - https:\/\/yoast.com\/wordpress\/plugins\/seo\/ -->\n<title>Ferrari F1 SF-24 #16 Charles Leclerc - TOY&#039;S MANIA<\/title>\n<meta name=\"robots\" content=\"index, follow, max-snippet:-1, max-image-preview:large, max-video-preview:-1\" \/>\n<link rel=\"canonical\" href=\"https:\/\/toysmaniacornermonaco.com\/produit\/ferrari-f1-sf-24-16-charles-leclerc\/\" \/>\n<meta property=\"og:locale\" content=\"en_US\" \/>\n<meta property=\"og:type\" content=\"article\" \/>\n<meta property=\"og:title\" content=\"Ferrari F1 SF-24 #16 Charles Leclerc - TOY&#039;S MANIA\" \/>\n<meta property=\"og:description\" content=\"Nom: Ferrari F1 SF-24 #16 Charles Leclerc \u00a0Marque : Burago \u00a0R\u00e9f\u00e9rence :18-36844 Gen code : 893993368440\u00a0\u00c9chelle : 1\/43\u00a0Dimensions : Environ 13 cm x 7 cm x 3 cm \u00a0Mati\u00e8re : M\u00e9tal moul\u00e9 sous pression avec pi\u00e8ces en plastique La Ferrari F1 SF-24 pilot\u00e9e par Charles Leclerc est fid\u00e8lement reproduite par Bburago dans cette superbe miniature... View Article\" \/>\n<meta property=\"og:url\" content=\"https:\/\/toysmaniacornermonaco.com\/produit\/ferrari-f1-sf-24-16-charles-leclerc\/\" \/>\n<meta property=\"og:site_name\" content=\"TOY&#039;S MANIA\" \/>\n<meta property=\"article:modified_time\" content=\"2025-10-20T10:06:14+00:00\" \/>\n<meta property=\"og:image\" content=\"https:\/\/toysmaniacornermonaco.com\/wp-content\/uploads\/2025\/10\/3.jpg\" \/>\n\t<meta property=\"og:image:width\" content=\"450\" \/>\n\t<meta property=\"og:image:height\" content=\"450\" \/>\n\t<meta property=\"og:image:type\" content=\"image\/jpeg\" \/>\n<meta name=\"twitter:card\" content=\"summary_large_image\" \/>\n<meta name=\"twitter:label1\" content=\"Est. reading time\" \/>\n\t<meta name=\"twitter:data1\" content=\"1 minute\" \/>\n<script type=\"application\/ld+json\" class=\"yoast-schema-graph\">{\"@context\":\"https:\/\/schema.org\",\"@graph\":[{\"@type\":\"WebPage\",\"@id\":\"https:\/\/toysmaniacornermonaco.com\/produit\/ferrari-f1-sf-24-16-charles-leclerc\/\",\"url\":\"https:\/\/toysmaniacornermonaco.com\/produit\/ferrari-f1-sf-24-16-charles-leclerc\/\",\"name\":\"Ferrari F1 SF-24 #16 Charles Leclerc - TOY&#039;S MANIA\",\"isPartOf\":{\"@id\":\"https:\/\/toysmaniacornermonaco.com\/#website\"},\"primaryImageOfPage\":{\"@id\":\"https:\/\/toysmaniacornermonaco.com\/produit\/ferrari-f1-sf-24-16-charles-leclerc\/#primaryimage\"},\"image\":{\"@id\":\"https:\/\/toysmaniacornermonaco.com\/produit\/ferrari-f1-sf-24-16-charles-leclerc\/#primaryimage\"},\"thumbnailUrl\":\"https:\/\/toysmaniacornermonaco.com\/wp-content\/uploads\/2025\/10\/3.jpg\",\"datePublished\":\"2025-10-20T07:49:02+00:00\",\"dateModified\":\"2025-10-20T10:06:14+00:00\",\"breadcrumb\":{\"@id\":\"https:\/\/toysmaniacornermonaco.com\/produit\/ferrari-f1-sf-24-16-charles-leclerc\/#breadcrumb\"},\"inLanguage\":\"en-US\",\"potentialAction\":[{\"@type\":\"ReadAction\",\"target\":[\"https:\/\/toysmaniacornermonaco.com\/produit\/ferrari-f1-sf-24-16-charles-leclerc\/\"]}]},{\"@type\":\"ImageObject\",\"inLanguage\":\"en-US\",\"@id\":\"https:\/\/toysmaniacornermonaco.com\/produit\/ferrari-f1-sf-24-16-charles-leclerc\/#primaryimage\",\"url\":\"https:\/\/toysmaniacornermonaco.com\/wp-content\/uploads\/2025\/10\/3.jpg\",\"contentUrl\":\"https:\/\/toysmaniacornermonaco.com\/wp-content\/uploads\/2025\/10\/3.jpg\",\"width\":450,\"height\":450},{\"@type\":\"BreadcrumbList\",\"@id\":\"https:\/\/toysmaniacornermonaco.com\/produit\/ferrari-f1-sf-24-16-charles-leclerc\/#breadcrumb\",\"itemListElement\":[{\"@type\":\"ListItem\",\"position\":1,\"name\":\"Accueil\",\"item\":\"https:\/\/toysmaniacornermonaco.com\/en\/\"},{\"@type\":\"ListItem\",\"position\":2,\"name\":\"Shop\",\"item\":\"https:\/\/toysmaniacornermonaco.com\/en\/shop\/\"},{\"@type\":\"ListItem\",\"position\":3,\"name\":\"Ferrari F1 SF-24 #16 Charles Leclerc\"}]},{\"@type\":\"WebSite\",\"@id\":\"https:\/\/toysmaniacornermonaco.com\/#website\",\"url\":\"https:\/\/toysmaniacornermonaco.com\/\",\"name\":\"TOY&#039;S MANIA\",\"description\":\"VOTRE CONCEPT STORE \u00c0 MONACO\",\"potentialAction\":[{\"@type\":\"SearchAction\",\"target\":{\"@type\":\"EntryPoint\",\"urlTemplate\":\"https:\/\/toysmaniacornermonaco.com\/?s={search_term_string}\"},\"query-input\":\"required name=search_term_string\"}],\"inLanguage\":\"en-US\"}]}<\/script>\n<!-- \/ Yoast SEO plugin. -->","yoast_head_json":{"title":"Ferrari F1 SF-24 #16 Charles Leclerc - TOY&#039;S MANIA","robots":{"index":"index","follow":"follow","max-snippet":"max-snippet:-1","max-image-preview":"max-image-preview:large","max-video-preview":"max-video-preview:-1"},"canonical":"https:\/\/toysmaniacornermonaco.com\/produit\/ferrari-f1-sf-24-16-charles-leclerc\/","og_locale":"en_US","og_type":"article","og_title":"Ferrari F1 SF-24 #16 Charles Leclerc - TOY&#039;S MANIA","og_description":"Nom: Ferrari F1 SF-24 #16 Charles Leclerc \u00a0Marque : Burago \u00a0R\u00e9f\u00e9rence :18-36844 Gen code : 893993368440\u00a0\u00c9chelle : 1\/43\u00a0Dimensions : Environ 13 cm x 7 cm x 3 cm \u00a0Mati\u00e8re : M\u00e9tal moul\u00e9 sous pression avec pi\u00e8ces en plastique La Ferrari F1 SF-24 pilot\u00e9e par Charles Leclerc est fid\u00e8lement reproduite par Bburago dans cette superbe miniature... View Article","og_url":"https:\/\/toysmaniacornermonaco.com\/produit\/ferrari-f1-sf-24-16-charles-leclerc\/","og_site_name":"TOY&#039;S MANIA","article_modified_time":"2025-10-20T10:06:14+00:00","og_image":[{"width":450,"height":450,"url":"https:\/\/toysmaniacornermonaco.com\/wp-content\/uploads\/2025\/10\/3.jpg","type":"image\/jpeg"}],"twitter_card":"summary_large_image","twitter_misc":{"Est. reading time":"1 minute"},"schema":{"@context":"https:\/\/schema.org","@graph":[{"@type":"WebPage","@id":"https:\/\/toysmaniacornermonaco.com\/produit\/ferrari-f1-sf-24-16-charles-leclerc\/","url":"https:\/\/toysmaniacornermonaco.com\/produit\/ferrari-f1-sf-24-16-charles-leclerc\/","name":"Ferrari F1 SF-24 #16 Charles Leclerc - TOY&#039;S MANIA","isPartOf":{"@id":"https:\/\/toysmaniacornermonaco.com\/#website"},"primaryImageOfPage":{"@id":"https:\/\/toysmaniacornermonaco.com\/produit\/ferrari-f1-sf-24-16-charles-leclerc\/#primaryimage"},"image":{"@id":"https:\/\/toysmaniacornermonaco.com\/produit\/ferrari-f1-sf-24-16-charles-leclerc\/#primaryimage"},"thumbnailUrl":"https:\/\/toysmaniacornermonaco.com\/wp-content\/uploads\/2025\/10\/3.jpg","datePublished":"2025-10-20T07:49:02+00:00","dateModified":"2025-10-20T10:06:14+00:00","breadcrumb":{"@id":"https:\/\/toysmaniacornermonaco.com\/produit\/ferrari-f1-sf-24-16-charles-leclerc\/#breadcrumb"},"inLanguage":"en-US","potentialAction":[{"@type":"ReadAction","target":["https:\/\/toysmaniacornermonaco.com\/produit\/ferrari-f1-sf-24-16-charles-leclerc\/"]}]},{"@type":"ImageObject","inLanguage":"en-US","@id":"https:\/\/toysmaniacornermonaco.com\/produit\/ferrari-f1-sf-24-16-charles-leclerc\/#primaryimage","url":"https:\/\/toysmaniacornermonaco.com\/wp-content\/uploads\/2025\/10\/3.jpg","contentUrl":"https:\/\/toysmaniacornermonaco.com\/wp-content\/uploads\/2025\/10\/3.jpg","width":450,"height":450},{"@type":"BreadcrumbList","@id":"https:\/\/toysmaniacornermonaco.com\/produit\/ferrari-f1-sf-24-16-charles-leclerc\/#breadcrumb","itemListElement":[{"@type":"ListItem","position":1,"name":"Accueil","item":"https:\/\/toysmaniacornermonaco.com\/en\/"},{"@type":"ListItem","position":2,"name":"Shop","item":"https:\/\/toysmaniacornermonaco.com\/en\/shop\/"},{"@type":"ListItem","position":3,"name":"Ferrari F1 SF-24 #16 Charles Leclerc"}]},{"@type":"WebSite","@id":"https:\/\/toysmaniacornermonaco.com\/#website","url":"https:\/\/toysmaniacornermonaco.com\/","name":"TOY&#039;S MANIA","description":"VOTRE CONCEPT STORE \u00c0 MONACO","potentialAction":[{"@type":"SearchAction","target":{"@type":"EntryPoint","urlTemplate":"https:\/\/toysmaniacornermonaco.com\/?s={search_term_string}"},"query-input":"required name=search_term_string"}],"inLanguage":"en-US"}]}},"_links":{"self":[{"href":"https:\/\/toysmaniacornermonaco.com\/en\/wp-json\/wp\/v2\/product\/5989","targetHints":{"allow":["GET"]}}],"collection":[{"href":"https:\/\/toysmaniacornermonaco.com\/en\/wp-json\/wp\/v2\/product"}],"about":[{"href":"https:\/\/toysmaniacornermonaco.com\/en\/wp-json\/wp\/v2\/types\/product"}],"replies":[{"embeddable":true,"href":"https:\/\/toysmaniacornermonaco.com\/en\/wp-json\/wp\/v2\/comments?post=5989"}],"wp:featuredmedia":[{"embeddable":true,"href":"https:\/\/toysmaniacornermonaco.com\/en\/wp-json\/wp\/v2\/media\/5991"}],"wp:attachment":[{"href":"https:\/\/toysmaniacornermonaco.com\/en\/wp-json\/wp\/v2\/media?parent=5989"}],"wp:term":[{"taxonomy":"product_cat","embeddable":true,"href":"https:\/\/toysmaniacornermonaco.com\/en\/wp-json\/wp\/v2\/product_cat?post=5989"},{"taxonomy":"product_tag","embeddable":true,"href":"https:\/\/toysmaniacornermonaco.com\/en\/wp-json\/wp\/v2\/product_tag?post=5989"}],"curies":[{"name":"wp","href":"https:\/\/api.w.org\/{rel}","templated":true}]}}