{"id":5997,"date":"2025-10-21T10:16:16","date_gmt":"2025-10-21T08:16:16","guid":{"rendered":"https:\/\/toysmaniacornermonaco.com\/?post_type=product&#038;p=5997"},"modified":"2025-10-21T10:46:52","modified_gmt":"2025-10-21T08:46:52","slug":"casquette-ferrari-fanwear","status":"publish","type":"product","link":"https:\/\/toysmaniacornermonaco.com\/en\/produit\/casquette-ferrari-fanwear\/","title":{"rendered":"SF FW CLASSIC CAP"},"content":{"rendered":"<p>SF FW CLASSIC CAP<\/p>\n<p>Casquette en coton premium au design sportif et \u00e9l\u00e9gant, orn\u00e9e d\u2019une visi\u00e8re contrast\u00e9e et d\u2019un logo <strong data-start=\"267\" data-end=\"273\">Scuderia Ferrari<\/strong> inspir\u00e9 du style embl\u00e9matique de la collection. Finitions soign\u00e9es et ajustement confortable pour un look \u00e0 la fois moderne et intemporel.<\/p>\n<p>&nbsp;<\/p>\n<p><strong>REF<\/strong> : 701 223 457 002<\/p>\n<p><strong>GEN CODE<\/strong> : 4065454621009<\/p>\n<p><strong>COULEUR<\/strong> : NOIR<\/p>\n<p><strong>MARQUE<\/strong> : FERRARI<\/p>\n<p>&nbsp;<\/p>\n","protected":false},"excerpt":{"rendered":"SF FW CLASSIC CAP Casquette en coton premium au design sportif et \u00e9l\u00e9gant, orn\u00e9e d\u2019une visi\u00e8re contrast\u00e9e et d\u2019un logo Scuderia Ferrari inspir\u00e9 du style embl\u00e9matique de la collection. Finitions soign\u00e9es et ajustement confortable pour un look \u00e0 la fois moderne et intemporel. &nbsp; REF : 701 223 457 002 GEN CODE : 4065454621009 COULEUR&#8230; <a class=\"view-article\" href=\"https:\/\/toysmaniacornermonaco.com\/en\/produit\/casquette-ferrari-fanwear\/\">View Article<\/a>","protected":false},"featured_media":6000,"comment_status":"closed","ping_status":"closed","template":"","meta":{"_acf_changed":false},"product_cat":[711,724,390],"product_tag":[],"class_list":{"0":"post-5997","1":"product","2":"type-product","3":"status-publish","4":"has-post-thumbnail","6":"marque-ferrari","7":"idee_cadeau-formula-one-f1","8":"product_cat-casquette","9":"product_cat-ferrari-casquette","10":"product_cat-vetements-et-accessoires","11":"product_shipping_class-petitcolis","13":"first","14":"instock","15":"taxable","16":"shipping-taxable","17":"purchasable","18":"product-type-simple"},"acf":[],"yoast_head":"<!-- This site is optimized with the Yoast SEO plugin v22.3 - https:\/\/yoast.com\/wordpress\/plugins\/seo\/ -->\n<title>SF FW CLASSIC CAP - TOY&#039;S MANIA<\/title>\n<meta name=\"robots\" content=\"index, follow, max-snippet:-1, max-image-preview:large, max-video-preview:-1\" \/>\n<link rel=\"canonical\" href=\"https:\/\/toysmaniacornermonaco.com\/produit\/casquette-ferrari-fanwear\/\" \/>\n<meta property=\"og:locale\" content=\"en_US\" \/>\n<meta property=\"og:type\" content=\"article\" \/>\n<meta property=\"og:title\" content=\"SF FW CLASSIC CAP - TOY&#039;S MANIA\" \/>\n<meta property=\"og:description\" content=\"SF FW CLASSIC CAP Casquette en coton premium au design sportif et \u00e9l\u00e9gant, orn\u00e9e d\u2019une visi\u00e8re contrast\u00e9e et d\u2019un logo Scuderia Ferrari inspir\u00e9 du style embl\u00e9matique de la collection. Finitions soign\u00e9es et ajustement confortable pour un look \u00e0 la fois moderne et intemporel. &nbsp; REF : 701 223 457 002 GEN CODE : 4065454621009 COULEUR... View Article\" \/>\n<meta property=\"og:url\" content=\"https:\/\/toysmaniacornermonaco.com\/produit\/casquette-ferrari-fanwear\/\" \/>\n<meta property=\"og:site_name\" content=\"TOY&#039;S MANIA\" \/>\n<meta property=\"article:modified_time\" content=\"2025-10-21T08:46:52+00:00\" \/>\n<meta property=\"og:image\" content=\"https:\/\/toysmaniacornermonaco.com\/wp-content\/uploads\/2025\/10\/701223457002-SFFWCLASSIC-CAP.jpg\" \/>\n\t<meta property=\"og:image:width\" content=\"818\" \/>\n\t<meta property=\"og:image:height\" content=\"818\" \/>\n\t<meta property=\"og:image:type\" content=\"image\/jpeg\" \/>\n<meta name=\"twitter:card\" content=\"summary_large_image\" \/>\n<meta name=\"twitter:label1\" content=\"Est. reading time\" \/>\n\t<meta name=\"twitter:data1\" content=\"1 minute\" \/>\n<script type=\"application\/ld+json\" class=\"yoast-schema-graph\">{\"@context\":\"https:\/\/schema.org\",\"@graph\":[{\"@type\":\"WebPage\",\"@id\":\"https:\/\/toysmaniacornermonaco.com\/produit\/casquette-ferrari-fanwear\/\",\"url\":\"https:\/\/toysmaniacornermonaco.com\/produit\/casquette-ferrari-fanwear\/\",\"name\":\"SF FW CLASSIC CAP - TOY&#039;S MANIA\",\"isPartOf\":{\"@id\":\"https:\/\/toysmaniacornermonaco.com\/#website\"},\"primaryImageOfPage\":{\"@id\":\"https:\/\/toysmaniacornermonaco.com\/produit\/casquette-ferrari-fanwear\/#primaryimage\"},\"image\":{\"@id\":\"https:\/\/toysmaniacornermonaco.com\/produit\/casquette-ferrari-fanwear\/#primaryimage\"},\"thumbnailUrl\":\"https:\/\/toysmaniacornermonaco.com\/wp-content\/uploads\/2025\/10\/701223457002-SFFWCLASSIC-CAP.jpg\",\"datePublished\":\"2025-10-21T08:16:16+00:00\",\"dateModified\":\"2025-10-21T08:46:52+00:00\",\"breadcrumb\":{\"@id\":\"https:\/\/toysmaniacornermonaco.com\/produit\/casquette-ferrari-fanwear\/#breadcrumb\"},\"inLanguage\":\"en-US\",\"potentialAction\":[{\"@type\":\"ReadAction\",\"target\":[\"https:\/\/toysmaniacornermonaco.com\/produit\/casquette-ferrari-fanwear\/\"]}]},{\"@type\":\"ImageObject\",\"inLanguage\":\"en-US\",\"@id\":\"https:\/\/toysmaniacornermonaco.com\/produit\/casquette-ferrari-fanwear\/#primaryimage\",\"url\":\"https:\/\/toysmaniacornermonaco.com\/wp-content\/uploads\/2025\/10\/701223457002-SFFWCLASSIC-CAP.jpg\",\"contentUrl\":\"https:\/\/toysmaniacornermonaco.com\/wp-content\/uploads\/2025\/10\/701223457002-SFFWCLASSIC-CAP.jpg\",\"width\":818,\"height\":818},{\"@type\":\"BreadcrumbList\",\"@id\":\"https:\/\/toysmaniacornermonaco.com\/produit\/casquette-ferrari-fanwear\/#breadcrumb\",\"itemListElement\":[{\"@type\":\"ListItem\",\"position\":1,\"name\":\"Accueil\",\"item\":\"https:\/\/toysmaniacornermonaco.com\/en\/\"},{\"@type\":\"ListItem\",\"position\":2,\"name\":\"Shop\",\"item\":\"https:\/\/toysmaniacornermonaco.com\/en\/shop\/\"},{\"@type\":\"ListItem\",\"position\":3,\"name\":\"SF FW CLASSIC CAP\"}]},{\"@type\":\"WebSite\",\"@id\":\"https:\/\/toysmaniacornermonaco.com\/#website\",\"url\":\"https:\/\/toysmaniacornermonaco.com\/\",\"name\":\"TOY&#039;S MANIA\",\"description\":\"VOTRE CONCEPT STORE \u00c0 MONACO\",\"potentialAction\":[{\"@type\":\"SearchAction\",\"target\":{\"@type\":\"EntryPoint\",\"urlTemplate\":\"https:\/\/toysmaniacornermonaco.com\/?s={search_term_string}\"},\"query-input\":\"required name=search_term_string\"}],\"inLanguage\":\"en-US\"}]}<\/script>\n<!-- \/ Yoast SEO plugin. -->","yoast_head_json":{"title":"SF FW CLASSIC CAP - TOY&#039;S MANIA","robots":{"index":"index","follow":"follow","max-snippet":"max-snippet:-1","max-image-preview":"max-image-preview:large","max-video-preview":"max-video-preview:-1"},"canonical":"https:\/\/toysmaniacornermonaco.com\/produit\/casquette-ferrari-fanwear\/","og_locale":"en_US","og_type":"article","og_title":"SF FW CLASSIC CAP - TOY&#039;S MANIA","og_description":"SF FW CLASSIC CAP Casquette en coton premium au design sportif et \u00e9l\u00e9gant, orn\u00e9e d\u2019une visi\u00e8re contrast\u00e9e et d\u2019un logo Scuderia Ferrari inspir\u00e9 du style embl\u00e9matique de la collection. Finitions soign\u00e9es et ajustement confortable pour un look \u00e0 la fois moderne et intemporel. &nbsp; REF : 701 223 457 002 GEN CODE : 4065454621009 COULEUR... View Article","og_url":"https:\/\/toysmaniacornermonaco.com\/produit\/casquette-ferrari-fanwear\/","og_site_name":"TOY&#039;S MANIA","article_modified_time":"2025-10-21T08:46:52+00:00","og_image":[{"width":818,"height":818,"url":"https:\/\/toysmaniacornermonaco.com\/wp-content\/uploads\/2025\/10\/701223457002-SFFWCLASSIC-CAP.jpg","type":"image\/jpeg"}],"twitter_card":"summary_large_image","twitter_misc":{"Est. reading time":"1 minute"},"schema":{"@context":"https:\/\/schema.org","@graph":[{"@type":"WebPage","@id":"https:\/\/toysmaniacornermonaco.com\/produit\/casquette-ferrari-fanwear\/","url":"https:\/\/toysmaniacornermonaco.com\/produit\/casquette-ferrari-fanwear\/","name":"SF FW CLASSIC CAP - TOY&#039;S MANIA","isPartOf":{"@id":"https:\/\/toysmaniacornermonaco.com\/#website"},"primaryImageOfPage":{"@id":"https:\/\/toysmaniacornermonaco.com\/produit\/casquette-ferrari-fanwear\/#primaryimage"},"image":{"@id":"https:\/\/toysmaniacornermonaco.com\/produit\/casquette-ferrari-fanwear\/#primaryimage"},"thumbnailUrl":"https:\/\/toysmaniacornermonaco.com\/wp-content\/uploads\/2025\/10\/701223457002-SFFWCLASSIC-CAP.jpg","datePublished":"2025-10-21T08:16:16+00:00","dateModified":"2025-10-21T08:46:52+00:00","breadcrumb":{"@id":"https:\/\/toysmaniacornermonaco.com\/produit\/casquette-ferrari-fanwear\/#breadcrumb"},"inLanguage":"en-US","potentialAction":[{"@type":"ReadAction","target":["https:\/\/toysmaniacornermonaco.com\/produit\/casquette-ferrari-fanwear\/"]}]},{"@type":"ImageObject","inLanguage":"en-US","@id":"https:\/\/toysmaniacornermonaco.com\/produit\/casquette-ferrari-fanwear\/#primaryimage","url":"https:\/\/toysmaniacornermonaco.com\/wp-content\/uploads\/2025\/10\/701223457002-SFFWCLASSIC-CAP.jpg","contentUrl":"https:\/\/toysmaniacornermonaco.com\/wp-content\/uploads\/2025\/10\/701223457002-SFFWCLASSIC-CAP.jpg","width":818,"height":818},{"@type":"BreadcrumbList","@id":"https:\/\/toysmaniacornermonaco.com\/produit\/casquette-ferrari-fanwear\/#breadcrumb","itemListElement":[{"@type":"ListItem","position":1,"name":"Accueil","item":"https:\/\/toysmaniacornermonaco.com\/en\/"},{"@type":"ListItem","position":2,"name":"Shop","item":"https:\/\/toysmaniacornermonaco.com\/en\/shop\/"},{"@type":"ListItem","position":3,"name":"SF FW CLASSIC CAP"}]},{"@type":"WebSite","@id":"https:\/\/toysmaniacornermonaco.com\/#website","url":"https:\/\/toysmaniacornermonaco.com\/","name":"TOY&#039;S MANIA","description":"VOTRE CONCEPT STORE \u00c0 MONACO","potentialAction":[{"@type":"SearchAction","target":{"@type":"EntryPoint","urlTemplate":"https:\/\/toysmaniacornermonaco.com\/?s={search_term_string}"},"query-input":"required name=search_term_string"}],"inLanguage":"en-US"}]}},"_links":{"self":[{"href":"https:\/\/toysmaniacornermonaco.com\/en\/wp-json\/wp\/v2\/product\/5997","targetHints":{"allow":["GET"]}}],"collection":[{"href":"https:\/\/toysmaniacornermonaco.com\/en\/wp-json\/wp\/v2\/product"}],"about":[{"href":"https:\/\/toysmaniacornermonaco.com\/en\/wp-json\/wp\/v2\/types\/product"}],"replies":[{"embeddable":true,"href":"https:\/\/toysmaniacornermonaco.com\/en\/wp-json\/wp\/v2\/comments?post=5997"}],"wp:featuredmedia":[{"embeddable":true,"href":"https:\/\/toysmaniacornermonaco.com\/en\/wp-json\/wp\/v2\/media\/6000"}],"wp:attachment":[{"href":"https:\/\/toysmaniacornermonaco.com\/en\/wp-json\/wp\/v2\/media?parent=5997"}],"wp:term":[{"taxonomy":"product_cat","embeddable":true,"href":"https:\/\/toysmaniacornermonaco.com\/en\/wp-json\/wp\/v2\/product_cat?post=5997"},{"taxonomy":"product_tag","embeddable":true,"href":"https:\/\/toysmaniacornermonaco.com\/en\/wp-json\/wp\/v2\/product_tag?post=5997"}],"curies":[{"name":"wp","href":"https:\/\/api.w.org\/{rel}","templated":true}]}}