{"id":6012,"date":"2025-10-26T09:40:46","date_gmt":"2025-10-26T08:40:46","guid":{"rendered":"https:\/\/toysmaniacornermonaco.com\/?post_type=product&#038;p=6012"},"modified":"2025-10-26T10:02:20","modified_gmt":"2025-10-26T09:02:20","slug":"1-43-burago-mercedes-gp-f1-w15-eq-performance-team-amg-petronas","status":"publish","type":"product","link":"https:\/\/toysmaniacornermonaco.com\/en\/produit\/1-43-burago-mercedes-gp-f1-w15-eq-performance-team-amg-petronas\/","title":{"rendered":"1\/43 BURAGO &#8211; MERCEDES GP &#8211; F1 W15 EQ PERFORMANCE TEAM AMG PETRONAS"},"content":{"rendered":"<p data-start=\"65\" data-end=\"298\"><strong data-start=\"65\" data-end=\"74\">Nom :<\/strong> MERCEDES GP F1 W15 EQ PERFORMANCE TEAM AMG PETRONAS<br data-start=\"126\" data-end=\"129\" \/><strong data-start=\"129\" data-end=\"141\">Marque :<\/strong> BURAGO<br data-start=\"148\" data-end=\"151\" \/><strong data-start=\"151\" data-end=\"166\">R\u00e9f\u00e9rence :<\/strong> 18-38208<br data-start=\"175\" data-end=\"178\" data-is-only-node=\"\" \/><strong data-start=\"178\" data-end=\"192\">Gen code : <\/strong>893993382088<br data-start=\"192\" data-end=\"196\" \/><strong data-start=\"196\" data-end=\"209\">\u00c9chelle :<\/strong> 1\/43<br data-start=\"214\" data-end=\"217\" \/><strong data-start=\"217\" data-end=\"233\">Dimensions :<\/strong> Environ 13 cm x 7 cm x 3 cm<br data-start=\"261\" data-end=\"264\" \/><strong data-start=\"264\" data-end=\"277\">Mati\u00e8re :<\/strong> M\u00e9tal et plastique<\/p>\n<p data-start=\"300\" data-end=\"722\"><strong data-start=\"300\" data-end=\"317\">Description :<\/strong><br data-start=\"317\" data-end=\"320\" \/>Mod\u00e8le r\u00e9duit de la Mercedes GP F1 W15 EQ Performance Team AMG Petronas, reproduit avec un r\u00e9alisme exceptionnel par Burago. Cette miniature capture toute l\u2019essence de la monoplace championne, avec ses lignes a\u00e9rodynamiques, ses d\u00e9tails techniques pr\u00e9cis et sa finition aux couleurs officielles de l\u2019\u00e9curie. Un mod\u00e8le incontournable pour les passionn\u00e9s de Formule 1 et les collectionneurs exigeants.<\/p>\n","protected":false},"excerpt":{"rendered":"Nom : MERCEDES GP F1 W15 EQ PERFORMANCE TEAM AMG PETRONASMarque : BURAGOR\u00e9f\u00e9rence : 18-38208Gen code : 893993382088\u00c9chelle : 1\/43Dimensions : Environ 13 cm x 7 cm x 3 cmMati\u00e8re : M\u00e9tal et plastique Description :Mod\u00e8le r\u00e9duit de la Mercedes GP F1 W15 EQ Performance Team AMG Petronas, reproduit avec un r\u00e9alisme exceptionnel par Burago&#8230;. <a class=\"view-article\" href=\"https:\/\/toysmaniacornermonaco.com\/en\/produit\/1-43-burago-mercedes-gp-f1-w15-eq-performance-team-amg-petronas\/\">View Article<\/a>","protected":false},"featured_media":6013,"comment_status":"closed","ping_status":"closed","template":"","meta":{"_acf_changed":false},"product_cat":[380,384],"product_tag":[],"class_list":{"0":"post-6012","1":"product","2":"type-product","3":"status-publish","4":"has-post-thumbnail","6":"marque-bburago","7":"marque-mercedes","8":"idee_cadeau-enfants","9":"idee_cadeau-formula-one-f1","10":"idee_cadeau-hommes","11":"product_cat-decoration","12":"product_cat-jeux-et-jouets","13":"product_shipping_class-petitcolis","15":"first","16":"instock","17":"taxable","18":"shipping-taxable","19":"purchasable","20":"product-type-simple"},"acf":[],"yoast_head":"<!-- This site is optimized with the Yoast SEO plugin v22.3 - https:\/\/yoast.com\/wordpress\/plugins\/seo\/ -->\n<title>1\/43 BURAGO - MERCEDES GP - F1 W15 EQ PERFORMANCE TEAM AMG PETRONAS - TOY&#039;S MANIA<\/title>\n<meta name=\"robots\" content=\"index, follow, max-snippet:-1, max-image-preview:large, max-video-preview:-1\" \/>\n<link rel=\"canonical\" href=\"https:\/\/toysmaniacornermonaco.com\/produit\/1-43-burago-mercedes-gp-f1-w15-eq-performance-team-amg-petronas\/\" \/>\n<meta property=\"og:locale\" content=\"en_US\" \/>\n<meta property=\"og:type\" content=\"article\" \/>\n<meta property=\"og:title\" content=\"1\/43 BURAGO - MERCEDES GP - F1 W15 EQ PERFORMANCE TEAM AMG PETRONAS - TOY&#039;S MANIA\" \/>\n<meta property=\"og:description\" content=\"Nom : MERCEDES GP F1 W15 EQ PERFORMANCE TEAM AMG PETRONASMarque : BURAGOR\u00e9f\u00e9rence : 18-38208Gen code : 893993382088\u00c9chelle : 1\/43Dimensions : Environ 13 cm x 7 cm x 3 cmMati\u00e8re : M\u00e9tal et plastique Description :Mod\u00e8le r\u00e9duit de la Mercedes GP F1 W15 EQ Performance Team AMG Petronas, reproduit avec un r\u00e9alisme exceptionnel par Burago.... View Article\" \/>\n<meta property=\"og:url\" content=\"https:\/\/toysmaniacornermonaco.com\/produit\/1-43-burago-mercedes-gp-f1-w15-eq-performance-team-amg-petronas\/\" \/>\n<meta property=\"og:site_name\" content=\"TOY&#039;S MANIA\" \/>\n<meta property=\"article:modified_time\" content=\"2025-10-26T09:02:20+00:00\" \/>\n<meta property=\"og:image\" content=\"https:\/\/toysmaniacornermonaco.com\/wp-content\/uploads\/2025\/10\/ALFA-ROMEO-F1TEAM-77-VALTTERI-BOTTAS-2.jpg\" \/>\n\t<meta property=\"og:image:width\" content=\"1150\" \/>\n\t<meta property=\"og:image:height\" content=\"772\" \/>\n\t<meta property=\"og:image:type\" content=\"image\/jpeg\" \/>\n<meta name=\"twitter:card\" content=\"summary_large_image\" \/>\n<meta name=\"twitter:label1\" content=\"Est. reading time\" \/>\n\t<meta name=\"twitter:data1\" content=\"1 minute\" \/>\n<script type=\"application\/ld+json\" class=\"yoast-schema-graph\">{\"@context\":\"https:\/\/schema.org\",\"@graph\":[{\"@type\":\"WebPage\",\"@id\":\"https:\/\/toysmaniacornermonaco.com\/produit\/1-43-burago-mercedes-gp-f1-w15-eq-performance-team-amg-petronas\/\",\"url\":\"https:\/\/toysmaniacornermonaco.com\/produit\/1-43-burago-mercedes-gp-f1-w15-eq-performance-team-amg-petronas\/\",\"name\":\"1\/43 BURAGO - MERCEDES GP - F1 W15 EQ PERFORMANCE TEAM AMG PETRONAS - TOY&#039;S MANIA\",\"isPartOf\":{\"@id\":\"https:\/\/toysmaniacornermonaco.com\/#website\"},\"primaryImageOfPage\":{\"@id\":\"https:\/\/toysmaniacornermonaco.com\/produit\/1-43-burago-mercedes-gp-f1-w15-eq-performance-team-amg-petronas\/#primaryimage\"},\"image\":{\"@id\":\"https:\/\/toysmaniacornermonaco.com\/produit\/1-43-burago-mercedes-gp-f1-w15-eq-performance-team-amg-petronas\/#primaryimage\"},\"thumbnailUrl\":\"https:\/\/toysmaniacornermonaco.com\/wp-content\/uploads\/2025\/10\/ALFA-ROMEO-F1TEAM-77-VALTTERI-BOTTAS-2.jpg\",\"datePublished\":\"2025-10-26T08:40:46+00:00\",\"dateModified\":\"2025-10-26T09:02:20+00:00\",\"breadcrumb\":{\"@id\":\"https:\/\/toysmaniacornermonaco.com\/produit\/1-43-burago-mercedes-gp-f1-w15-eq-performance-team-amg-petronas\/#breadcrumb\"},\"inLanguage\":\"en-US\",\"potentialAction\":[{\"@type\":\"ReadAction\",\"target\":[\"https:\/\/toysmaniacornermonaco.com\/produit\/1-43-burago-mercedes-gp-f1-w15-eq-performance-team-amg-petronas\/\"]}]},{\"@type\":\"ImageObject\",\"inLanguage\":\"en-US\",\"@id\":\"https:\/\/toysmaniacornermonaco.com\/produit\/1-43-burago-mercedes-gp-f1-w15-eq-performance-team-amg-petronas\/#primaryimage\",\"url\":\"https:\/\/toysmaniacornermonaco.com\/wp-content\/uploads\/2025\/10\/ALFA-ROMEO-F1TEAM-77-VALTTERI-BOTTAS-2.jpg\",\"contentUrl\":\"https:\/\/toysmaniacornermonaco.com\/wp-content\/uploads\/2025\/10\/ALFA-ROMEO-F1TEAM-77-VALTTERI-BOTTAS-2.jpg\",\"width\":1150,\"height\":772},{\"@type\":\"BreadcrumbList\",\"@id\":\"https:\/\/toysmaniacornermonaco.com\/produit\/1-43-burago-mercedes-gp-f1-w15-eq-performance-team-amg-petronas\/#breadcrumb\",\"itemListElement\":[{\"@type\":\"ListItem\",\"position\":1,\"name\":\"Accueil\",\"item\":\"https:\/\/toysmaniacornermonaco.com\/en\/\"},{\"@type\":\"ListItem\",\"position\":2,\"name\":\"Shop\",\"item\":\"https:\/\/toysmaniacornermonaco.com\/en\/shop\/\"},{\"@type\":\"ListItem\",\"position\":3,\"name\":\"1\/43 BURAGO &#8211; MERCEDES GP &#8211; F1 W15 EQ PERFORMANCE TEAM AMG PETRONAS\"}]},{\"@type\":\"WebSite\",\"@id\":\"https:\/\/toysmaniacornermonaco.com\/#website\",\"url\":\"https:\/\/toysmaniacornermonaco.com\/\",\"name\":\"TOY&#039;S MANIA\",\"description\":\"VOTRE CONCEPT STORE \u00c0 MONACO\",\"potentialAction\":[{\"@type\":\"SearchAction\",\"target\":{\"@type\":\"EntryPoint\",\"urlTemplate\":\"https:\/\/toysmaniacornermonaco.com\/?s={search_term_string}\"},\"query-input\":\"required name=search_term_string\"}],\"inLanguage\":\"en-US\"}]}<\/script>\n<!-- \/ Yoast SEO plugin. -->","yoast_head_json":{"title":"1\/43 BURAGO - MERCEDES GP - F1 W15 EQ PERFORMANCE TEAM AMG PETRONAS - TOY&#039;S MANIA","robots":{"index":"index","follow":"follow","max-snippet":"max-snippet:-1","max-image-preview":"max-image-preview:large","max-video-preview":"max-video-preview:-1"},"canonical":"https:\/\/toysmaniacornermonaco.com\/produit\/1-43-burago-mercedes-gp-f1-w15-eq-performance-team-amg-petronas\/","og_locale":"en_US","og_type":"article","og_title":"1\/43 BURAGO - MERCEDES GP - F1 W15 EQ PERFORMANCE TEAM AMG PETRONAS - TOY&#039;S MANIA","og_description":"Nom : MERCEDES GP F1 W15 EQ PERFORMANCE TEAM AMG PETRONASMarque : BURAGOR\u00e9f\u00e9rence : 18-38208Gen code : 893993382088\u00c9chelle : 1\/43Dimensions : Environ 13 cm x 7 cm x 3 cmMati\u00e8re : M\u00e9tal et plastique Description :Mod\u00e8le r\u00e9duit de la Mercedes GP F1 W15 EQ Performance Team AMG Petronas, reproduit avec un r\u00e9alisme exceptionnel par Burago.... View Article","og_url":"https:\/\/toysmaniacornermonaco.com\/produit\/1-43-burago-mercedes-gp-f1-w15-eq-performance-team-amg-petronas\/","og_site_name":"TOY&#039;S MANIA","article_modified_time":"2025-10-26T09:02:20+00:00","og_image":[{"width":1150,"height":772,"url":"https:\/\/toysmaniacornermonaco.com\/wp-content\/uploads\/2025\/10\/ALFA-ROMEO-F1TEAM-77-VALTTERI-BOTTAS-2.jpg","type":"image\/jpeg"}],"twitter_card":"summary_large_image","twitter_misc":{"Est. reading time":"1 minute"},"schema":{"@context":"https:\/\/schema.org","@graph":[{"@type":"WebPage","@id":"https:\/\/toysmaniacornermonaco.com\/produit\/1-43-burago-mercedes-gp-f1-w15-eq-performance-team-amg-petronas\/","url":"https:\/\/toysmaniacornermonaco.com\/produit\/1-43-burago-mercedes-gp-f1-w15-eq-performance-team-amg-petronas\/","name":"1\/43 BURAGO - MERCEDES GP - F1 W15 EQ PERFORMANCE TEAM AMG PETRONAS - TOY&#039;S MANIA","isPartOf":{"@id":"https:\/\/toysmaniacornermonaco.com\/#website"},"primaryImageOfPage":{"@id":"https:\/\/toysmaniacornermonaco.com\/produit\/1-43-burago-mercedes-gp-f1-w15-eq-performance-team-amg-petronas\/#primaryimage"},"image":{"@id":"https:\/\/toysmaniacornermonaco.com\/produit\/1-43-burago-mercedes-gp-f1-w15-eq-performance-team-amg-petronas\/#primaryimage"},"thumbnailUrl":"https:\/\/toysmaniacornermonaco.com\/wp-content\/uploads\/2025\/10\/ALFA-ROMEO-F1TEAM-77-VALTTERI-BOTTAS-2.jpg","datePublished":"2025-10-26T08:40:46+00:00","dateModified":"2025-10-26T09:02:20+00:00","breadcrumb":{"@id":"https:\/\/toysmaniacornermonaco.com\/produit\/1-43-burago-mercedes-gp-f1-w15-eq-performance-team-amg-petronas\/#breadcrumb"},"inLanguage":"en-US","potentialAction":[{"@type":"ReadAction","target":["https:\/\/toysmaniacornermonaco.com\/produit\/1-43-burago-mercedes-gp-f1-w15-eq-performance-team-amg-petronas\/"]}]},{"@type":"ImageObject","inLanguage":"en-US","@id":"https:\/\/toysmaniacornermonaco.com\/produit\/1-43-burago-mercedes-gp-f1-w15-eq-performance-team-amg-petronas\/#primaryimage","url":"https:\/\/toysmaniacornermonaco.com\/wp-content\/uploads\/2025\/10\/ALFA-ROMEO-F1TEAM-77-VALTTERI-BOTTAS-2.jpg","contentUrl":"https:\/\/toysmaniacornermonaco.com\/wp-content\/uploads\/2025\/10\/ALFA-ROMEO-F1TEAM-77-VALTTERI-BOTTAS-2.jpg","width":1150,"height":772},{"@type":"BreadcrumbList","@id":"https:\/\/toysmaniacornermonaco.com\/produit\/1-43-burago-mercedes-gp-f1-w15-eq-performance-team-amg-petronas\/#breadcrumb","itemListElement":[{"@type":"ListItem","position":1,"name":"Accueil","item":"https:\/\/toysmaniacornermonaco.com\/en\/"},{"@type":"ListItem","position":2,"name":"Shop","item":"https:\/\/toysmaniacornermonaco.com\/en\/shop\/"},{"@type":"ListItem","position":3,"name":"1\/43 BURAGO &#8211; MERCEDES GP &#8211; F1 W15 EQ PERFORMANCE TEAM AMG PETRONAS"}]},{"@type":"WebSite","@id":"https:\/\/toysmaniacornermonaco.com\/#website","url":"https:\/\/toysmaniacornermonaco.com\/","name":"TOY&#039;S MANIA","description":"VOTRE CONCEPT STORE \u00c0 MONACO","potentialAction":[{"@type":"SearchAction","target":{"@type":"EntryPoint","urlTemplate":"https:\/\/toysmaniacornermonaco.com\/?s={search_term_string}"},"query-input":"required name=search_term_string"}],"inLanguage":"en-US"}]}},"_links":{"self":[{"href":"https:\/\/toysmaniacornermonaco.com\/en\/wp-json\/wp\/v2\/product\/6012","targetHints":{"allow":["GET"]}}],"collection":[{"href":"https:\/\/toysmaniacornermonaco.com\/en\/wp-json\/wp\/v2\/product"}],"about":[{"href":"https:\/\/toysmaniacornermonaco.com\/en\/wp-json\/wp\/v2\/types\/product"}],"replies":[{"embeddable":true,"href":"https:\/\/toysmaniacornermonaco.com\/en\/wp-json\/wp\/v2\/comments?post=6012"}],"wp:featuredmedia":[{"embeddable":true,"href":"https:\/\/toysmaniacornermonaco.com\/en\/wp-json\/wp\/v2\/media\/6013"}],"wp:attachment":[{"href":"https:\/\/toysmaniacornermonaco.com\/en\/wp-json\/wp\/v2\/media?parent=6012"}],"wp:term":[{"taxonomy":"product_cat","embeddable":true,"href":"https:\/\/toysmaniacornermonaco.com\/en\/wp-json\/wp\/v2\/product_cat?post=6012"},{"taxonomy":"product_tag","embeddable":true,"href":"https:\/\/toysmaniacornermonaco.com\/en\/wp-json\/wp\/v2\/product_tag?post=6012"}],"curies":[{"name":"wp","href":"https:\/\/api.w.org\/{rel}","templated":true}]}}