{"id":6035,"date":"2025-10-26T10:55:21","date_gmt":"2025-10-26T09:55:21","guid":{"rendered":"https:\/\/toysmaniacornermonaco.com\/?post_type=product&#038;p=6035"},"modified":"2025-10-26T12:04:09","modified_gmt":"2025-10-26T11:04:09","slug":"f1-rb19-gagnant-gp-austin-texas-usa-2023-max-verstappen","status":"publish","type":"product","link":"https:\/\/toysmaniacornermonaco.com\/en\/produit\/f1-rb19-gagnant-gp-austin-texas-usa-2023-max-verstappen\/","title":{"rendered":"F1 RB19 \u2013 GAGNANT GP AUSTIN TEXAS USA 2023 \u2013 MAX VERSTAPPEN"},"content":{"rendered":"<div class=\"relative basis-auto flex-col -mb-(--composer-overlap-px) [--composer-overlap-px:28px] grow flex overflow-hidden\">\n<div class=\"relative h-full\">\n<div class=\"flex h-full flex-col overflow-y-auto thread-xl:pt-(--header-height) [scrollbar-gutter:stable_both-edges]\">\n<div class=\"flex flex-col text-sm thread-xl:pt-header-height pb-25\">\n<article class=\"text-token-text-primary w-full focus:outline-none [--shadow-height:45px] has-data-writing-block:pointer-events-none has-data-writing-block:-mt-(--shadow-height) has-data-writing-block:pt-(--shadow-height) [&amp;:has([data-writing-block])&gt;*]:pointer-events-auto [content-visibility:auto] supports-[content-visibility:auto]:[contain-intrinsic-size:auto_100lvh] scroll-mt-[calc(var(--header-height)+min(200px,max(70px,20svh)))]\" dir=\"auto\" tabindex=\"-1\" data-turn-id=\"request-WEB:37b7f361-82d8-4ad1-9b4f-9ca6a36b3b5d-5\" data-testid=\"conversation-turn-12\" data-scroll-anchor=\"true\" data-turn=\"assistant\">\n<div class=\"text-base my-auto mx-auto pb-10 [--thread-content-margin:--spacing(4)] thread-sm:[--thread-content-margin:--spacing(6)] thread-lg:[--thread-content-margin:--spacing(16)] px-(--thread-content-margin)\">\n<div class=\"[--thread-content-max-width:40rem] thread-lg:[--thread-content-max-width:48rem] mx-auto max-w-(--thread-content-max-width) flex-1 group\/turn-messages focus-visible:outline-hidden relative flex w-full min-w-0 flex-col agent-turn\" tabindex=\"-1\">\n<div class=\"flex max-w-full flex-col grow\">\n<div class=\"min-h-8 text-message relative flex w-full flex-col items-end gap-2 text-start break-words whitespace-normal [.text-message+&amp;]:mt-1\" dir=\"auto\" data-message-author-role=\"assistant\" data-message-id=\"ddba100b-890c-4d1e-a83e-f68c357caf3a\" data-message-model-slug=\"gpt-5\">\n<div class=\"flex w-full flex-col gap-1 empty:hidden first:pt-[1px]\">\n<div class=\"markdown prose dark:prose-invert w-full break-words light markdown-new-styling\">\n<p data-start=\"54\" data-end=\"299\"><strong data-start=\"54\" data-end=\"63\">Nom :<\/strong> F1 RB19 \u2013 GAGNANT GP AUSTIN TEXAS USA 2023 \u2013 MAX VERSTAPPEN<br data-start=\"123\" data-end=\"126\" \/><strong data-start=\"126\" data-end=\"138\">Marque :<\/strong> BBURAGO<br data-start=\"146\" data-end=\"149\" \/><strong data-start=\"149\" data-end=\"164\">R\u00e9f\u00e9rence :<\/strong> 18-38082V<br data-start=\"176\" data-end=\"179\" data-is-only-node=\"\" \/><strong data-start=\"179\" data-end=\"193\">Gen code :<\/strong>719247877239<br data-start=\"193\" data-end=\"197\" \/><strong data-start=\"197\" data-end=\"210\">\u00c9chelle :<\/strong> 1\/43<br data-start=\"215\" data-end=\"218\" \/><strong data-start=\"218\" data-end=\"234\">Dimensions :<\/strong> Environ 12 cm x 7 cm x 3 cm<br data-start=\"262\" data-end=\"265\" \/><strong data-start=\"265\" data-end=\"278\">Mati\u00e8re :<\/strong> M\u00e9tal et plastique<\/p>\n<p data-start=\"301\" data-end=\"720\"><strong data-start=\"301\" data-end=\"318\">Description :<\/strong><br data-start=\"318\" data-end=\"321\" \/>Superbe reproduction \u00e0 l\u2019\u00e9chelle 1\/43 de la Red Bull Racing RB19, victorieuse du Grand Prix d\u2019Austin (Texas, USA) en 2023 avec Max Verstappen au volant. Ce mod\u00e8le sign\u00e9 Burago restitue fid\u00e8lement les lignes a\u00e9rodynamiques et les couleurs embl\u00e9matiques de l\u2019\u00e9curie Red Bull Racing. Un mod\u00e8le de collection d\u2019exception, symbole de performance et de domination sur la sc\u00e8ne mondiale de la Formule 1.<\/p>\n<\/div>\n<\/div>\n<\/div>\n<\/div>\n<\/div>\n<\/div>\n<\/article>\n<div class=\"pointer-events-none h-px w-px\" aria-hidden=\"true\" data-edge=\"true\"><\/div>\n<div><\/div>\n<div><\/div>\n<\/div>\n<\/div>\n<\/div>\n<\/div>\n<div id=\"thread-bottom-container\" class=\"group\/thread-bottom-container relative isolate z-10 w-full basis-auto has-data-has-thread-error:pt-2 has-data-has-thread-error:[box-shadow:var(--sharp-edge-bottom-shadow)] md:border-transparent md:pt-0 dark:border-white\/20 md:dark:border-transparent content-fade single-line flex flex-col\">\n<div id=\"thread-bottom\">\n<div class=\"text-base mx-auto [--thread-content-margin:--spacing(4)] thread-sm:[--thread-content-margin:--spacing(6)] thread-lg:[--thread-content-margin:--spacing(16)] px-(--thread-content-margin)\">\n<div class=\"[--thread-content-max-width:40rem] thread-lg:[--thread-content-max-width:48rem] mx-auto max-w-(--thread-content-max-width) flex-1\">\n<div class=\"flex justify-center empty:hidden\"><\/div>\n<div class=\"pointer-events-auto relative z-1 flex h-[var(--composer-container-height,100%)] max-w-full flex-[var(--composer-container-flex,1)] flex-col\">\n<p><button class=\"invisible absolute self-center\" tabindex=\"-1\" name=\"context-connector-pasted-link-popover-trigger\" type=\"button\" aria-hidden=\"true\" aria-haspopup=\"dialog\" aria-expanded=\"false\" aria-controls=\"radix-_r_8k_\" data-state=\"closed\"><\/button><\/p>\n<div class=\"absolute start-0 end-0 bottom-full z-20\"><\/div>\n<form class=\"group\/composer w-full\" data-type=\"unified-composer\">\n<div class=\"hidden\"><input tabindex=\"-1\" multiple=\"multiple\" type=\"file\" \/><\/div>\n<div class=\"\">\n<div class=\"bg-token-bg-primary cursor-text overflow-clip bg-clip-padding p-2.5 contain-inline-size dark:bg-[#303030] grid grid-cols-[auto_1fr_auto] [grid-template-areas:'header_header_header'_'leading_primary_trailing'_'._footer_.'] group-data-expanded\/composer:[grid-template-areas:'header_header_header'_'primary_primary_primary'_'leading_footer_trailing'] shadow-short\">\n<div class=\"-my-2.5 flex min-h-14 items-center overflow-x-hidden px-1.5 [grid-area:primary] group-data-expanded\/composer:mb-0 group-data-expanded\/composer:px-2.5\">\n<div class=\"_prosemirror-parent_198md_2 text-token-text-primary max-h-[max(35svh,5rem)] max-h-52 flex-1 overflow-auto [scrollbar-width:thin] default-browser vertical-scroll-fade-mask\">\n<p><textarea class=\"_fallbackTextarea_198md_2\" name=\"prompt-textarea\" placeholder=\"Poser une question\" data-virtualkeyboard=\"true\"><\/textarea><\/p>\n<div id=\"prompt-textarea\" class=\"ProseMirror\" contenteditable=\"true\" translate=\"no\" data-virtualkeyboard=\"true\"><\/div>\n<\/div>\n<\/div>\n<div class=\"[grid-area:leading]\"><\/div>\n<div class=\"flex items-center gap-2 [grid-area:trailing]\">\n<div class=\"ms-auto flex items-center gap-1.5\">\n<p>&nbsp;<\/p>\n<div class=\"min-w-9\" data-testid=\"composer-speech-button-container\">\n<div class=\"flex items-center justify-center\"><\/div>\n<\/div>\n<\/div>\n<\/div>\n<\/div>\n<\/div>\n<\/form>\n<\/div>\n<\/div>\n<\/div>\n<\/div>\n<\/div>\n","protected":false},"excerpt":{"rendered":"Nom : F1 RB19 \u2013 GAGNANT GP AUSTIN TEXAS USA 2023 \u2013 MAX VERSTAPPENMarque : BBURAGOR\u00e9f\u00e9rence : 18-38082VGen code :719247877239\u00c9chelle : 1\/43Dimensions : Environ 12 cm x 7 cm x 3 cmMati\u00e8re : M\u00e9tal et plastique Description :Superbe reproduction \u00e0 l\u2019\u00e9chelle 1\/43 de la Red Bull Racing RB19, victorieuse du Grand Prix d\u2019Austin (Texas, USA)&#8230; <a class=\"view-article\" href=\"https:\/\/toysmaniacornermonaco.com\/en\/produit\/f1-rb19-gagnant-gp-austin-texas-usa-2023-max-verstappen\/\">View Article<\/a>","protected":false},"featured_media":6036,"comment_status":"closed","ping_status":"closed","template":"","meta":{"_acf_changed":false},"product_cat":[380,384],"product_tag":[],"class_list":{"0":"post-6035","1":"product","2":"type-product","3":"status-publish","4":"has-post-thumbnail","6":"marque-bburago","7":"idee_cadeau-enfants","8":"idee_cadeau-formula-one-f1","9":"idee_cadeau-hommes","10":"idee_cadeau-noel","11":"product_cat-decoration","12":"product_cat-jeux-et-jouets","13":"product_shipping_class-petitcolis","15":"first","16":"instock","17":"taxable","18":"shipping-taxable","19":"purchasable","20":"product-type-simple"},"acf":[],"yoast_head":"<!-- This site is optimized with the Yoast SEO plugin v22.3 - https:\/\/yoast.com\/wordpress\/plugins\/seo\/ -->\n<title>F1 RB19 \u2013 GAGNANT GP AUSTIN TEXAS USA 2023 \u2013 MAX VERSTAPPEN - TOY&#039;S MANIA<\/title>\n<meta name=\"robots\" content=\"index, follow, max-snippet:-1, max-image-preview:large, max-video-preview:-1\" \/>\n<link rel=\"canonical\" href=\"https:\/\/toysmaniacornermonaco.com\/produit\/f1-rb19-gagnant-gp-austin-texas-usa-2023-max-verstappen\/\" \/>\n<meta property=\"og:locale\" content=\"en_US\" \/>\n<meta property=\"og:type\" content=\"article\" \/>\n<meta property=\"og:title\" content=\"F1 RB19 \u2013 GAGNANT GP AUSTIN TEXAS USA 2023 \u2013 MAX VERSTAPPEN - TOY&#039;S MANIA\" \/>\n<meta property=\"og:description\" content=\"Nom : F1 RB19 \u2013 GAGNANT GP AUSTIN TEXAS USA 2023 \u2013 MAX VERSTAPPENMarque : BBURAGOR\u00e9f\u00e9rence : 18-38082VGen code :719247877239\u00c9chelle : 1\/43Dimensions : Environ 12 cm x 7 cm x 3 cmMati\u00e8re : M\u00e9tal et plastique Description :Superbe reproduction \u00e0 l\u2019\u00e9chelle 1\/43 de la Red Bull Racing RB19, victorieuse du Grand Prix d\u2019Austin (Texas, USA)... View Article\" \/>\n<meta property=\"og:url\" content=\"https:\/\/toysmaniacornermonaco.com\/produit\/f1-rb19-gagnant-gp-austin-texas-usa-2023-max-verstappen\/\" \/>\n<meta property=\"og:site_name\" content=\"TOY&#039;S MANIA\" \/>\n<meta property=\"article:modified_time\" content=\"2025-10-26T11:04:09+00:00\" \/>\n<meta property=\"og:image\" content=\"https:\/\/toysmaniacornermonaco.com\/wp-content\/uploads\/2025\/10\/F1-RB19-Formule-1-2023-MAX-VERSTAPPEN-1.jpg\" \/>\n\t<meta property=\"og:image:width\" content=\"355\" \/>\n\t<meta property=\"og:image:height\" content=\"234\" \/>\n\t<meta property=\"og:image:type\" content=\"image\/jpeg\" \/>\n<meta name=\"twitter:card\" content=\"summary_large_image\" \/>\n<meta name=\"twitter:label1\" content=\"Est. reading time\" \/>\n\t<meta name=\"twitter:data1\" content=\"1 minute\" \/>\n<script type=\"application\/ld+json\" class=\"yoast-schema-graph\">{\"@context\":\"https:\/\/schema.org\",\"@graph\":[{\"@type\":\"WebPage\",\"@id\":\"https:\/\/toysmaniacornermonaco.com\/produit\/f1-rb19-gagnant-gp-austin-texas-usa-2023-max-verstappen\/\",\"url\":\"https:\/\/toysmaniacornermonaco.com\/produit\/f1-rb19-gagnant-gp-austin-texas-usa-2023-max-verstappen\/\",\"name\":\"F1 RB19 \u2013 GAGNANT GP AUSTIN TEXAS USA 2023 \u2013 MAX VERSTAPPEN - TOY&#039;S MANIA\",\"isPartOf\":{\"@id\":\"https:\/\/toysmaniacornermonaco.com\/#website\"},\"primaryImageOfPage\":{\"@id\":\"https:\/\/toysmaniacornermonaco.com\/produit\/f1-rb19-gagnant-gp-austin-texas-usa-2023-max-verstappen\/#primaryimage\"},\"image\":{\"@id\":\"https:\/\/toysmaniacornermonaco.com\/produit\/f1-rb19-gagnant-gp-austin-texas-usa-2023-max-verstappen\/#primaryimage\"},\"thumbnailUrl\":\"https:\/\/toysmaniacornermonaco.com\/wp-content\/uploads\/2025\/10\/F1-RB19-Formule-1-2023-MAX-VERSTAPPEN-1.jpg\",\"datePublished\":\"2025-10-26T09:55:21+00:00\",\"dateModified\":\"2025-10-26T11:04:09+00:00\",\"breadcrumb\":{\"@id\":\"https:\/\/toysmaniacornermonaco.com\/produit\/f1-rb19-gagnant-gp-austin-texas-usa-2023-max-verstappen\/#breadcrumb\"},\"inLanguage\":\"en-US\",\"potentialAction\":[{\"@type\":\"ReadAction\",\"target\":[\"https:\/\/toysmaniacornermonaco.com\/produit\/f1-rb19-gagnant-gp-austin-texas-usa-2023-max-verstappen\/\"]}]},{\"@type\":\"ImageObject\",\"inLanguage\":\"en-US\",\"@id\":\"https:\/\/toysmaniacornermonaco.com\/produit\/f1-rb19-gagnant-gp-austin-texas-usa-2023-max-verstappen\/#primaryimage\",\"url\":\"https:\/\/toysmaniacornermonaco.com\/wp-content\/uploads\/2025\/10\/F1-RB19-Formule-1-2023-MAX-VERSTAPPEN-1.jpg\",\"contentUrl\":\"https:\/\/toysmaniacornermonaco.com\/wp-content\/uploads\/2025\/10\/F1-RB19-Formule-1-2023-MAX-VERSTAPPEN-1.jpg\",\"width\":355,\"height\":234},{\"@type\":\"BreadcrumbList\",\"@id\":\"https:\/\/toysmaniacornermonaco.com\/produit\/f1-rb19-gagnant-gp-austin-texas-usa-2023-max-verstappen\/#breadcrumb\",\"itemListElement\":[{\"@type\":\"ListItem\",\"position\":1,\"name\":\"Accueil\",\"item\":\"https:\/\/toysmaniacornermonaco.com\/en\/\"},{\"@type\":\"ListItem\",\"position\":2,\"name\":\"Shop\",\"item\":\"https:\/\/toysmaniacornermonaco.com\/en\/shop\/\"},{\"@type\":\"ListItem\",\"position\":3,\"name\":\"F1 RB19 \u2013 GAGNANT GP AUSTIN TEXAS USA 2023 \u2013 MAX VERSTAPPEN\"}]},{\"@type\":\"WebSite\",\"@id\":\"https:\/\/toysmaniacornermonaco.com\/#website\",\"url\":\"https:\/\/toysmaniacornermonaco.com\/\",\"name\":\"TOY&#039;S MANIA\",\"description\":\"VOTRE CONCEPT STORE \u00c0 MONACO\",\"potentialAction\":[{\"@type\":\"SearchAction\",\"target\":{\"@type\":\"EntryPoint\",\"urlTemplate\":\"https:\/\/toysmaniacornermonaco.com\/?s={search_term_string}\"},\"query-input\":\"required name=search_term_string\"}],\"inLanguage\":\"en-US\"}]}<\/script>\n<!-- \/ Yoast SEO plugin. -->","yoast_head_json":{"title":"F1 RB19 \u2013 GAGNANT GP AUSTIN TEXAS USA 2023 \u2013 MAX VERSTAPPEN - TOY&#039;S MANIA","robots":{"index":"index","follow":"follow","max-snippet":"max-snippet:-1","max-image-preview":"max-image-preview:large","max-video-preview":"max-video-preview:-1"},"canonical":"https:\/\/toysmaniacornermonaco.com\/produit\/f1-rb19-gagnant-gp-austin-texas-usa-2023-max-verstappen\/","og_locale":"en_US","og_type":"article","og_title":"F1 RB19 \u2013 GAGNANT GP AUSTIN TEXAS USA 2023 \u2013 MAX VERSTAPPEN - TOY&#039;S MANIA","og_description":"Nom : F1 RB19 \u2013 GAGNANT GP AUSTIN TEXAS USA 2023 \u2013 MAX VERSTAPPENMarque : BBURAGOR\u00e9f\u00e9rence : 18-38082VGen code :719247877239\u00c9chelle : 1\/43Dimensions : Environ 12 cm x 7 cm x 3 cmMati\u00e8re : M\u00e9tal et plastique Description :Superbe reproduction \u00e0 l\u2019\u00e9chelle 1\/43 de la Red Bull Racing RB19, victorieuse du Grand Prix d\u2019Austin (Texas, USA)... View Article","og_url":"https:\/\/toysmaniacornermonaco.com\/produit\/f1-rb19-gagnant-gp-austin-texas-usa-2023-max-verstappen\/","og_site_name":"TOY&#039;S MANIA","article_modified_time":"2025-10-26T11:04:09+00:00","og_image":[{"width":355,"height":234,"url":"https:\/\/toysmaniacornermonaco.com\/wp-content\/uploads\/2025\/10\/F1-RB19-Formule-1-2023-MAX-VERSTAPPEN-1.jpg","type":"image\/jpeg"}],"twitter_card":"summary_large_image","twitter_misc":{"Est. reading time":"1 minute"},"schema":{"@context":"https:\/\/schema.org","@graph":[{"@type":"WebPage","@id":"https:\/\/toysmaniacornermonaco.com\/produit\/f1-rb19-gagnant-gp-austin-texas-usa-2023-max-verstappen\/","url":"https:\/\/toysmaniacornermonaco.com\/produit\/f1-rb19-gagnant-gp-austin-texas-usa-2023-max-verstappen\/","name":"F1 RB19 \u2013 GAGNANT GP AUSTIN TEXAS USA 2023 \u2013 MAX VERSTAPPEN - TOY&#039;S MANIA","isPartOf":{"@id":"https:\/\/toysmaniacornermonaco.com\/#website"},"primaryImageOfPage":{"@id":"https:\/\/toysmaniacornermonaco.com\/produit\/f1-rb19-gagnant-gp-austin-texas-usa-2023-max-verstappen\/#primaryimage"},"image":{"@id":"https:\/\/toysmaniacornermonaco.com\/produit\/f1-rb19-gagnant-gp-austin-texas-usa-2023-max-verstappen\/#primaryimage"},"thumbnailUrl":"https:\/\/toysmaniacornermonaco.com\/wp-content\/uploads\/2025\/10\/F1-RB19-Formule-1-2023-MAX-VERSTAPPEN-1.jpg","datePublished":"2025-10-26T09:55:21+00:00","dateModified":"2025-10-26T11:04:09+00:00","breadcrumb":{"@id":"https:\/\/toysmaniacornermonaco.com\/produit\/f1-rb19-gagnant-gp-austin-texas-usa-2023-max-verstappen\/#breadcrumb"},"inLanguage":"en-US","potentialAction":[{"@type":"ReadAction","target":["https:\/\/toysmaniacornermonaco.com\/produit\/f1-rb19-gagnant-gp-austin-texas-usa-2023-max-verstappen\/"]}]},{"@type":"ImageObject","inLanguage":"en-US","@id":"https:\/\/toysmaniacornermonaco.com\/produit\/f1-rb19-gagnant-gp-austin-texas-usa-2023-max-verstappen\/#primaryimage","url":"https:\/\/toysmaniacornermonaco.com\/wp-content\/uploads\/2025\/10\/F1-RB19-Formule-1-2023-MAX-VERSTAPPEN-1.jpg","contentUrl":"https:\/\/toysmaniacornermonaco.com\/wp-content\/uploads\/2025\/10\/F1-RB19-Formule-1-2023-MAX-VERSTAPPEN-1.jpg","width":355,"height":234},{"@type":"BreadcrumbList","@id":"https:\/\/toysmaniacornermonaco.com\/produit\/f1-rb19-gagnant-gp-austin-texas-usa-2023-max-verstappen\/#breadcrumb","itemListElement":[{"@type":"ListItem","position":1,"name":"Accueil","item":"https:\/\/toysmaniacornermonaco.com\/en\/"},{"@type":"ListItem","position":2,"name":"Shop","item":"https:\/\/toysmaniacornermonaco.com\/en\/shop\/"},{"@type":"ListItem","position":3,"name":"F1 RB19 \u2013 GAGNANT GP AUSTIN TEXAS USA 2023 \u2013 MAX VERSTAPPEN"}]},{"@type":"WebSite","@id":"https:\/\/toysmaniacornermonaco.com\/#website","url":"https:\/\/toysmaniacornermonaco.com\/","name":"TOY&#039;S MANIA","description":"VOTRE CONCEPT STORE \u00c0 MONACO","potentialAction":[{"@type":"SearchAction","target":{"@type":"EntryPoint","urlTemplate":"https:\/\/toysmaniacornermonaco.com\/?s={search_term_string}"},"query-input":"required name=search_term_string"}],"inLanguage":"en-US"}]}},"_links":{"self":[{"href":"https:\/\/toysmaniacornermonaco.com\/en\/wp-json\/wp\/v2\/product\/6035","targetHints":{"allow":["GET"]}}],"collection":[{"href":"https:\/\/toysmaniacornermonaco.com\/en\/wp-json\/wp\/v2\/product"}],"about":[{"href":"https:\/\/toysmaniacornermonaco.com\/en\/wp-json\/wp\/v2\/types\/product"}],"replies":[{"embeddable":true,"href":"https:\/\/toysmaniacornermonaco.com\/en\/wp-json\/wp\/v2\/comments?post=6035"}],"wp:featuredmedia":[{"embeddable":true,"href":"https:\/\/toysmaniacornermonaco.com\/en\/wp-json\/wp\/v2\/media\/6036"}],"wp:attachment":[{"href":"https:\/\/toysmaniacornermonaco.com\/en\/wp-json\/wp\/v2\/media?parent=6035"}],"wp:term":[{"taxonomy":"product_cat","embeddable":true,"href":"https:\/\/toysmaniacornermonaco.com\/en\/wp-json\/wp\/v2\/product_cat?post=6035"},{"taxonomy":"product_tag","embeddable":true,"href":"https:\/\/toysmaniacornermonaco.com\/en\/wp-json\/wp\/v2\/product_tag?post=6035"}],"curies":[{"name":"wp","href":"https:\/\/api.w.org\/{rel}","templated":true}]}}