{"id":6043,"date":"2025-10-26T12:11:28","date_gmt":"2025-10-26T11:11:28","guid":{"rendered":"https:\/\/toysmaniacornermonaco.com\/?post_type=product&#038;p=6043"},"modified":"2025-10-27T10:17:39","modified_gmt":"2025-10-27T09:17:39","slug":"alpine-f1-a524-team-bwt","status":"publish","type":"product","link":"https:\/\/toysmaniacornermonaco.com\/en\/produit\/alpine-f1-a524-team-bwt\/","title":{"rendered":"ALPINE F1 A524 TEAM BWT\u00a0"},"content":{"rendered":"<div class=\"relative basis-auto flex-col -mb-(--composer-overlap-px) [--composer-overlap-px:28px] grow flex overflow-hidden\">\n<div class=\"relative h-full\">\n<div class=\"flex h-full flex-col overflow-y-auto thread-xl:pt-(--header-height) [scrollbar-gutter:stable_both-edges]\">\n<div class=\"flex flex-col text-sm thread-xl:pt-header-height pb-25\">\n<article class=\"text-token-text-primary w-full focus:outline-none [--shadow-height:45px] has-data-writing-block:pointer-events-none has-data-writing-block:-mt-(--shadow-height) has-data-writing-block:pt-(--shadow-height) [&amp;:has([data-writing-block])&gt;*]:pointer-events-auto [content-visibility:auto] supports-[content-visibility:auto]:[contain-intrinsic-size:auto_100lvh] scroll-mt-[calc(var(--header-height)+min(200px,max(70px,20svh)))]\" dir=\"auto\" tabindex=\"-1\" data-turn-id=\"request-WEB:37b7f361-82d8-4ad1-9b4f-9ca6a36b3b5d-5\" data-testid=\"conversation-turn-12\" data-scroll-anchor=\"true\" data-turn=\"assistant\">\n<div class=\"text-base my-auto mx-auto pb-10 [--thread-content-margin:--spacing(4)] thread-sm:[--thread-content-margin:--spacing(6)] thread-lg:[--thread-content-margin:--spacing(16)] px-(--thread-content-margin)\">\n<div class=\"[--thread-content-max-width:40rem] thread-lg:[--thread-content-max-width:48rem] mx-auto max-w-(--thread-content-max-width) flex-1 group\/turn-messages focus-visible:outline-hidden relative flex w-full min-w-0 flex-col agent-turn\" tabindex=\"-1\">\n<div class=\"flex max-w-full flex-col grow\">\n<div class=\"min-h-8 text-message relative flex w-full flex-col items-end gap-2 text-start break-words whitespace-normal [.text-message+&amp;]:mt-1\" dir=\"auto\" data-message-author-role=\"assistant\" data-message-id=\"ddba100b-890c-4d1e-a83e-f68c357caf3a\" data-message-model-slug=\"gpt-5\">\n<div class=\"flex w-full flex-col gap-1 empty:hidden first:pt-[1px]\">\n<div class=\"markdown prose dark:prose-invert w-full break-words light markdown-new-styling\">\n<p data-start=\"58\" data-end=\"300\"><strong data-start=\"58\" data-end=\"67\">Nom :<\/strong> ALPINE F1 A524 TEAM BWT\u00a0<br data-start=\"127\" data-end=\"130\" \/><strong data-start=\"130\" data-end=\"142\">Marque :<\/strong> BBURAGO<br data-start=\"150\" data-end=\"153\" \/><strong data-start=\"153\" data-end=\"168\">R\u00e9f\u00e9rence :<\/strong> 18-38219<br data-start=\"177\" data-end=\"180\" data-is-only-node=\"\" \/><strong data-start=\"180\" data-end=\"194\">Gen code :<\/strong>893993016556<br data-start=\"194\" data-end=\"198\" \/><strong data-start=\"198\" data-end=\"211\">\u00c9chelle :<\/strong> 1\/43<br data-start=\"216\" data-end=\"219\" \/><strong data-start=\"219\" data-end=\"235\">Dimensions :<\/strong> Environ 13 cm x 7 cm x 3 cm<br data-start=\"263\" data-end=\"266\" \/><strong data-start=\"266\" data-end=\"279\">Mati\u00e8re :<\/strong> M\u00e9tal et plastique<\/p>\n<p data-start=\"302\" data-end=\"711\"><strong data-start=\"302\" data-end=\"319\">Description :<\/strong><br data-start=\"319\" data-end=\"322\" \/>Superbe reproduction \u00e0 l\u2019\u00e9chelle 1\/43 de l\u2019Alpine F1 A524 Team BWT, monoplace pilot\u00e9e par Pierre Gasly lors de la saison 2024. Ce mod\u00e8le Burago s\u00e9duit par la finesse de ses d\u00e9tails, ses couleurs officielles bleu et rose, et la qualit\u00e9 de sa finition. Une pi\u00e8ce de collection \u00e9l\u00e9gante et dynamique, id\u00e9ale pour les passionn\u00e9s de Formule 1 et les admirateurs de l\u2019\u00e9curie fran\u00e7aise Alpine.<\/p>\n<\/div>\n<\/div>\n<\/div>\n<\/div>\n<\/div>\n<\/div>\n<\/article>\n<div class=\"pointer-events-none h-px w-px\" aria-hidden=\"true\" data-edge=\"true\"><\/div>\n<div><\/div>\n<div><\/div>\n<\/div>\n<\/div>\n<\/div>\n<\/div>\n<div id=\"thread-bottom-container\" class=\"group\/thread-bottom-container relative isolate z-10 w-full basis-auto has-data-has-thread-error:pt-2 has-data-has-thread-error:[box-shadow:var(--sharp-edge-bottom-shadow)] md:border-transparent md:pt-0 dark:border-white\/20 md:dark:border-transparent content-fade single-line flex flex-col\">\n<div id=\"thread-bottom\">\n<div class=\"text-base mx-auto [--thread-content-margin:--spacing(4)] thread-sm:[--thread-content-margin:--spacing(6)] thread-lg:[--thread-content-margin:--spacing(16)] px-(--thread-content-margin)\">\n<div class=\"[--thread-content-max-width:40rem] thread-lg:[--thread-content-max-width:48rem] mx-auto max-w-(--thread-content-max-width) flex-1\">\n<div class=\"flex justify-center empty:hidden\"><\/div>\n<div class=\"pointer-events-auto relative z-1 flex h-[var(--composer-container-height,100%)] max-w-full flex-[var(--composer-container-flex,1)] flex-col\">\n<p><button class=\"invisible absolute self-center\" tabindex=\"-1\" name=\"context-connector-pasted-link-popover-trigger\" type=\"button\" aria-hidden=\"true\" aria-haspopup=\"dialog\" aria-expanded=\"false\" aria-controls=\"radix-_r_8k_\" data-state=\"closed\"><\/button><\/p>\n<div class=\"absolute start-0 end-0 bottom-full z-20\"><\/div>\n<form class=\"group\/composer w-full\" data-type=\"unified-composer\">\n<div class=\"hidden\"><input tabindex=\"-1\" multiple=\"multiple\" type=\"file\" \/><\/div>\n<div class=\"\">\n<div class=\"bg-token-bg-primary cursor-text overflow-clip bg-clip-padding p-2.5 contain-inline-size dark:bg-[#303030] grid grid-cols-[auto_1fr_auto] [grid-template-areas:'header_header_header'_'leading_primary_trailing'_'._footer_.'] group-data-expanded\/composer:[grid-template-areas:'header_header_header'_'primary_primary_primary'_'leading_footer_trailing'] shadow-short\">\n<div class=\"-my-2.5 flex min-h-14 items-center overflow-x-hidden px-1.5 [grid-area:primary] group-data-expanded\/composer:mb-0 group-data-expanded\/composer:px-2.5\">\n<div class=\"_prosemirror-parent_198md_2 text-token-text-primary max-h-[max(35svh,5rem)] max-h-52 flex-1 overflow-auto [scrollbar-width:thin] default-browser vertical-scroll-fade-mask\">\n<p><textarea class=\"_fallbackTextarea_198md_2\" name=\"prompt-textarea\" placeholder=\"Poser une question\" data-virtualkeyboard=\"true\"><\/textarea><\/p>\n<div id=\"prompt-textarea\" class=\"ProseMirror\" contenteditable=\"true\" translate=\"no\" data-virtualkeyboard=\"true\"><\/div>\n<\/div>\n<\/div>\n<div class=\"[grid-area:leading]\"><\/div>\n<div class=\"flex items-center gap-2 [grid-area:trailing]\">\n<div class=\"ms-auto flex items-center gap-1.5\">\n<p>&nbsp;<\/p>\n<div class=\"min-w-9\" data-testid=\"composer-speech-button-container\">\n<div class=\"flex items-center justify-center\"><\/div>\n<\/div>\n<\/div>\n<\/div>\n<\/div>\n<\/div>\n<\/form>\n<\/div>\n<\/div>\n<\/div>\n<\/div>\n<\/div>\n","protected":false},"excerpt":{"rendered":"Nom : ALPINE F1 A524 TEAM BWT\u00a0Marque : BBURAGOR\u00e9f\u00e9rence : 18-38219Gen code :893993016556\u00c9chelle : 1\/43Dimensions : Environ 13 cm x 7 cm x 3 cmMati\u00e8re : M\u00e9tal et plastique Description :Superbe reproduction \u00e0 l\u2019\u00e9chelle 1\/43 de l\u2019Alpine F1 A524 Team BWT, monoplace pilot\u00e9e par Pierre Gasly lors de la saison 2024. Ce mod\u00e8le Burago s\u00e9duit&#8230; <a class=\"view-article\" href=\"https:\/\/toysmaniacornermonaco.com\/en\/produit\/alpine-f1-a524-team-bwt\/\">View Article<\/a>","protected":false},"featured_media":6061,"comment_status":"closed","ping_status":"closed","template":"","meta":{"_acf_changed":false},"product_cat":[380,384],"product_tag":[],"class_list":{"0":"post-6043","1":"product","2":"type-product","3":"status-publish","4":"has-post-thumbnail","6":"marque-alpine","7":"marque-bburago","8":"idee_cadeau-enfants","9":"idee_cadeau-femmes","10":"idee_cadeau-formula-one-f1","11":"idee_cadeau-hommes","12":"product_cat-decoration","13":"product_cat-jeux-et-jouets","14":"product_shipping_class-petitcolis","16":"first","17":"instock","18":"taxable","19":"shipping-taxable","20":"purchasable","21":"product-type-simple"},"acf":[],"yoast_head":"<!-- This site is optimized with the Yoast SEO plugin v22.3 - https:\/\/yoast.com\/wordpress\/plugins\/seo\/ -->\n<title>ALPINE F1 A524 TEAM BWT\u00a0 - TOY&#039;S MANIA<\/title>\n<meta name=\"robots\" content=\"index, follow, max-snippet:-1, max-image-preview:large, max-video-preview:-1\" \/>\n<link rel=\"canonical\" href=\"https:\/\/toysmaniacornermonaco.com\/produit\/alpine-f1-a524-team-bwt\/\" \/>\n<meta property=\"og:locale\" content=\"en_US\" \/>\n<meta property=\"og:type\" content=\"article\" \/>\n<meta property=\"og:title\" content=\"ALPINE F1 A524 TEAM BWT\u00a0 - TOY&#039;S MANIA\" \/>\n<meta property=\"og:description\" content=\"Nom : ALPINE F1 A524 TEAM BWT\u00a0Marque : BBURAGOR\u00e9f\u00e9rence : 18-38219Gen code :893993016556\u00c9chelle : 1\/43Dimensions : Environ 13 cm x 7 cm x 3 cmMati\u00e8re : M\u00e9tal et plastique Description :Superbe reproduction \u00e0 l\u2019\u00e9chelle 1\/43 de l\u2019Alpine F1 A524 Team BWT, monoplace pilot\u00e9e par Pierre Gasly lors de la saison 2024. Ce mod\u00e8le Burago s\u00e9duit... View Article\" \/>\n<meta property=\"og:url\" content=\"https:\/\/toysmaniacornermonaco.com\/produit\/alpine-f1-a524-team-bwt\/\" \/>\n<meta property=\"og:site_name\" content=\"TOY&#039;S MANIA\" \/>\n<meta property=\"article:modified_time\" content=\"2025-10-27T09:17:39+00:00\" \/>\n<meta property=\"og:image\" content=\"https:\/\/toysmaniacornermonaco.com\/wp-content\/uploads\/2025\/10\/A524.jpg\" \/>\n\t<meta property=\"og:image:width\" content=\"284\" \/>\n\t<meta property=\"og:image:height\" content=\"178\" \/>\n\t<meta property=\"og:image:type\" content=\"image\/jpeg\" \/>\n<meta name=\"twitter:card\" content=\"summary_large_image\" \/>\n<meta name=\"twitter:label1\" content=\"Est. reading time\" \/>\n\t<meta name=\"twitter:data1\" content=\"1 minute\" \/>\n<script type=\"application\/ld+json\" class=\"yoast-schema-graph\">{\"@context\":\"https:\/\/schema.org\",\"@graph\":[{\"@type\":\"WebPage\",\"@id\":\"https:\/\/toysmaniacornermonaco.com\/produit\/alpine-f1-a524-team-bwt\/\",\"url\":\"https:\/\/toysmaniacornermonaco.com\/produit\/alpine-f1-a524-team-bwt\/\",\"name\":\"ALPINE F1 A524 TEAM BWT\u00a0 - TOY&#039;S MANIA\",\"isPartOf\":{\"@id\":\"https:\/\/toysmaniacornermonaco.com\/#website\"},\"primaryImageOfPage\":{\"@id\":\"https:\/\/toysmaniacornermonaco.com\/produit\/alpine-f1-a524-team-bwt\/#primaryimage\"},\"image\":{\"@id\":\"https:\/\/toysmaniacornermonaco.com\/produit\/alpine-f1-a524-team-bwt\/#primaryimage\"},\"thumbnailUrl\":\"https:\/\/toysmaniacornermonaco.com\/wp-content\/uploads\/2025\/10\/A524.jpg\",\"datePublished\":\"2025-10-26T11:11:28+00:00\",\"dateModified\":\"2025-10-27T09:17:39+00:00\",\"breadcrumb\":{\"@id\":\"https:\/\/toysmaniacornermonaco.com\/produit\/alpine-f1-a524-team-bwt\/#breadcrumb\"},\"inLanguage\":\"en-US\",\"potentialAction\":[{\"@type\":\"ReadAction\",\"target\":[\"https:\/\/toysmaniacornermonaco.com\/produit\/alpine-f1-a524-team-bwt\/\"]}]},{\"@type\":\"ImageObject\",\"inLanguage\":\"en-US\",\"@id\":\"https:\/\/toysmaniacornermonaco.com\/produit\/alpine-f1-a524-team-bwt\/#primaryimage\",\"url\":\"https:\/\/toysmaniacornermonaco.com\/wp-content\/uploads\/2025\/10\/A524.jpg\",\"contentUrl\":\"https:\/\/toysmaniacornermonaco.com\/wp-content\/uploads\/2025\/10\/A524.jpg\",\"width\":284,\"height\":178},{\"@type\":\"BreadcrumbList\",\"@id\":\"https:\/\/toysmaniacornermonaco.com\/produit\/alpine-f1-a524-team-bwt\/#breadcrumb\",\"itemListElement\":[{\"@type\":\"ListItem\",\"position\":1,\"name\":\"Accueil\",\"item\":\"https:\/\/toysmaniacornermonaco.com\/en\/\"},{\"@type\":\"ListItem\",\"position\":2,\"name\":\"Shop\",\"item\":\"https:\/\/toysmaniacornermonaco.com\/en\/shop\/\"},{\"@type\":\"ListItem\",\"position\":3,\"name\":\"ALPINE F1 A524 TEAM BWT\u00a0\"}]},{\"@type\":\"WebSite\",\"@id\":\"https:\/\/toysmaniacornermonaco.com\/#website\",\"url\":\"https:\/\/toysmaniacornermonaco.com\/\",\"name\":\"TOY&#039;S MANIA\",\"description\":\"VOTRE CONCEPT STORE \u00c0 MONACO\",\"potentialAction\":[{\"@type\":\"SearchAction\",\"target\":{\"@type\":\"EntryPoint\",\"urlTemplate\":\"https:\/\/toysmaniacornermonaco.com\/?s={search_term_string}\"},\"query-input\":\"required name=search_term_string\"}],\"inLanguage\":\"en-US\"}]}<\/script>\n<!-- \/ Yoast SEO plugin. -->","yoast_head_json":{"title":"ALPINE F1 A524 TEAM BWT\u00a0 - TOY&#039;S MANIA","robots":{"index":"index","follow":"follow","max-snippet":"max-snippet:-1","max-image-preview":"max-image-preview:large","max-video-preview":"max-video-preview:-1"},"canonical":"https:\/\/toysmaniacornermonaco.com\/produit\/alpine-f1-a524-team-bwt\/","og_locale":"en_US","og_type":"article","og_title":"ALPINE F1 A524 TEAM BWT\u00a0 - TOY&#039;S MANIA","og_description":"Nom : ALPINE F1 A524 TEAM BWT\u00a0Marque : BBURAGOR\u00e9f\u00e9rence : 18-38219Gen code :893993016556\u00c9chelle : 1\/43Dimensions : Environ 13 cm x 7 cm x 3 cmMati\u00e8re : M\u00e9tal et plastique Description :Superbe reproduction \u00e0 l\u2019\u00e9chelle 1\/43 de l\u2019Alpine F1 A524 Team BWT, monoplace pilot\u00e9e par Pierre Gasly lors de la saison 2024. Ce mod\u00e8le Burago s\u00e9duit... View Article","og_url":"https:\/\/toysmaniacornermonaco.com\/produit\/alpine-f1-a524-team-bwt\/","og_site_name":"TOY&#039;S MANIA","article_modified_time":"2025-10-27T09:17:39+00:00","og_image":[{"width":284,"height":178,"url":"https:\/\/toysmaniacornermonaco.com\/wp-content\/uploads\/2025\/10\/A524.jpg","type":"image\/jpeg"}],"twitter_card":"summary_large_image","twitter_misc":{"Est. reading time":"1 minute"},"schema":{"@context":"https:\/\/schema.org","@graph":[{"@type":"WebPage","@id":"https:\/\/toysmaniacornermonaco.com\/produit\/alpine-f1-a524-team-bwt\/","url":"https:\/\/toysmaniacornermonaco.com\/produit\/alpine-f1-a524-team-bwt\/","name":"ALPINE F1 A524 TEAM BWT\u00a0 - TOY&#039;S MANIA","isPartOf":{"@id":"https:\/\/toysmaniacornermonaco.com\/#website"},"primaryImageOfPage":{"@id":"https:\/\/toysmaniacornermonaco.com\/produit\/alpine-f1-a524-team-bwt\/#primaryimage"},"image":{"@id":"https:\/\/toysmaniacornermonaco.com\/produit\/alpine-f1-a524-team-bwt\/#primaryimage"},"thumbnailUrl":"https:\/\/toysmaniacornermonaco.com\/wp-content\/uploads\/2025\/10\/A524.jpg","datePublished":"2025-10-26T11:11:28+00:00","dateModified":"2025-10-27T09:17:39+00:00","breadcrumb":{"@id":"https:\/\/toysmaniacornermonaco.com\/produit\/alpine-f1-a524-team-bwt\/#breadcrumb"},"inLanguage":"en-US","potentialAction":[{"@type":"ReadAction","target":["https:\/\/toysmaniacornermonaco.com\/produit\/alpine-f1-a524-team-bwt\/"]}]},{"@type":"ImageObject","inLanguage":"en-US","@id":"https:\/\/toysmaniacornermonaco.com\/produit\/alpine-f1-a524-team-bwt\/#primaryimage","url":"https:\/\/toysmaniacornermonaco.com\/wp-content\/uploads\/2025\/10\/A524.jpg","contentUrl":"https:\/\/toysmaniacornermonaco.com\/wp-content\/uploads\/2025\/10\/A524.jpg","width":284,"height":178},{"@type":"BreadcrumbList","@id":"https:\/\/toysmaniacornermonaco.com\/produit\/alpine-f1-a524-team-bwt\/#breadcrumb","itemListElement":[{"@type":"ListItem","position":1,"name":"Accueil","item":"https:\/\/toysmaniacornermonaco.com\/en\/"},{"@type":"ListItem","position":2,"name":"Shop","item":"https:\/\/toysmaniacornermonaco.com\/en\/shop\/"},{"@type":"ListItem","position":3,"name":"ALPINE F1 A524 TEAM BWT\u00a0"}]},{"@type":"WebSite","@id":"https:\/\/toysmaniacornermonaco.com\/#website","url":"https:\/\/toysmaniacornermonaco.com\/","name":"TOY&#039;S MANIA","description":"VOTRE CONCEPT STORE \u00c0 MONACO","potentialAction":[{"@type":"SearchAction","target":{"@type":"EntryPoint","urlTemplate":"https:\/\/toysmaniacornermonaco.com\/?s={search_term_string}"},"query-input":"required name=search_term_string"}],"inLanguage":"en-US"}]}},"_links":{"self":[{"href":"https:\/\/toysmaniacornermonaco.com\/en\/wp-json\/wp\/v2\/product\/6043","targetHints":{"allow":["GET"]}}],"collection":[{"href":"https:\/\/toysmaniacornermonaco.com\/en\/wp-json\/wp\/v2\/product"}],"about":[{"href":"https:\/\/toysmaniacornermonaco.com\/en\/wp-json\/wp\/v2\/types\/product"}],"replies":[{"embeddable":true,"href":"https:\/\/toysmaniacornermonaco.com\/en\/wp-json\/wp\/v2\/comments?post=6043"}],"wp:featuredmedia":[{"embeddable":true,"href":"https:\/\/toysmaniacornermonaco.com\/en\/wp-json\/wp\/v2\/media\/6061"}],"wp:attachment":[{"href":"https:\/\/toysmaniacornermonaco.com\/en\/wp-json\/wp\/v2\/media?parent=6043"}],"wp:term":[{"taxonomy":"product_cat","embeddable":true,"href":"https:\/\/toysmaniacornermonaco.com\/en\/wp-json\/wp\/v2\/product_cat?post=6043"},{"taxonomy":"product_tag","embeddable":true,"href":"https:\/\/toysmaniacornermonaco.com\/en\/wp-json\/wp\/v2\/product_tag?post=6043"}],"curies":[{"name":"wp","href":"https:\/\/api.w.org\/{rel}","templated":true}]}}