{"id":6053,"date":"2025-10-27T09:56:39","date_gmt":"2025-10-27T08:56:39","guid":{"rendered":"https:\/\/toysmaniacornermonaco.com\/?post_type=product&#038;p=6053"},"modified":"2025-10-27T10:11:35","modified_gmt":"2025-10-27T09:11:35","slug":"porsche-911-gt3-rs-4-0","status":"publish","type":"product","link":"https:\/\/toysmaniacornermonaco.com\/en\/produit\/porsche-911-gt3-rs-4-0\/","title":{"rendered":"PORSCHE 911 GT3 RS 4.0"},"content":{"rendered":"<div class=\"relative basis-auto flex-col -mb-(--composer-overlap-px) [--composer-overlap-px:28px] grow flex overflow-hidden\">\n<div class=\"relative h-full\">\n<div class=\"flex h-full flex-col overflow-y-auto thread-xl:pt-(--header-height) [scrollbar-gutter:stable_both-edges]\">\n<div class=\"flex flex-col text-sm thread-xl:pt-header-height pb-25\">\n<article class=\"text-token-text-primary w-full focus:outline-none [--shadow-height:45px] has-data-writing-block:pointer-events-none has-data-writing-block:-mt-(--shadow-height) has-data-writing-block:pt-(--shadow-height) [&amp;:has([data-writing-block])&gt;*]:pointer-events-auto [content-visibility:auto] supports-[content-visibility:auto]:[contain-intrinsic-size:auto_100lvh] scroll-mt-[calc(var(--header-height)+min(200px,max(70px,20svh)))]\" dir=\"auto\" tabindex=\"-1\" data-turn-id=\"request-WEB:37b7f361-82d8-4ad1-9b4f-9ca6a36b3b5d-5\" data-testid=\"conversation-turn-12\" data-scroll-anchor=\"true\" data-turn=\"assistant\">\n<div class=\"text-base my-auto mx-auto pb-10 [--thread-content-margin:--spacing(4)] thread-sm:[--thread-content-margin:--spacing(6)] thread-lg:[--thread-content-margin:--spacing(16)] px-(--thread-content-margin)\">\n<div class=\"[--thread-content-max-width:40rem] thread-lg:[--thread-content-max-width:48rem] mx-auto max-w-(--thread-content-max-width) flex-1 group\/turn-messages focus-visible:outline-hidden relative flex w-full min-w-0 flex-col agent-turn\" tabindex=\"-1\">\n<div class=\"flex max-w-full flex-col grow\">\n<div class=\"min-h-8 text-message relative flex w-full flex-col items-end gap-2 text-start break-words whitespace-normal [.text-message+&amp;]:mt-1\" dir=\"auto\" data-message-author-role=\"assistant\" data-message-id=\"ddba100b-890c-4d1e-a83e-f68c357caf3a\" data-message-model-slug=\"gpt-5\">\n<div class=\"flex w-full flex-col gap-1 empty:hidden first:pt-[1px]\">\n<div class=\"markdown prose dark:prose-invert w-full break-words light markdown-new-styling\">\n<hr data-start=\"94\" data-end=\"97\" \/>\n<p data-start=\"99\" data-end=\"312\"><strong data-start=\"99\" data-end=\"108\">Nom :<\/strong> PORSCHE 911 GT3 RS 4.0<br data-start=\"139\" data-end=\"142\" \/><strong data-start=\"142\" data-end=\"154\">Marque :<\/strong> BBURAGO<br data-start=\"162\" data-end=\"165\" \/><strong data-start=\"165\" data-end=\"180\">R\u00e9f\u00e9rence :<\/strong> 18-11036BL<br data-start=\"188\" data-end=\"191\" data-is-only-node=\"\" \/><strong data-start=\"191\" data-end=\"205\">Gen code :<\/strong>893993002672<br data-start=\"205\" data-end=\"209\" \/><strong data-start=\"209\" data-end=\"222\">\u00c9chelle :<\/strong> 1\/18<br data-start=\"227\" data-end=\"230\" \/><strong data-start=\"230\" data-end=\"246\">Dimensions :<\/strong> Environ 25 cm x 11 cm x 7 cm<br data-start=\"275\" data-end=\"278\" \/><strong data-start=\"278\" data-end=\"291\">Mati\u00e8re :<\/strong> M\u00e9tal et plastique<\/p>\n<p data-start=\"314\" data-end=\"739\"><strong data-start=\"314\" data-end=\"331\">Description :<\/strong><br data-start=\"331\" data-end=\"334\" \/>Magnifique reproduction \u00e0 l\u2019\u00e9chelle 1\/18 de la Porsche 911 GT3 RS 4.0, pr\u00e9sent\u00e9e dans une \u00e9l\u00e9gante finition noire. Ce mod\u00e8le Burago se distingue par ses portes et capot ouvrants, r\u00e9v\u00e9lant un niveau de d\u00e9tail exceptionnel tant \u00e0 l\u2019int\u00e9rieur qu\u2019\u00e0 l\u2019ext\u00e9rieur. Un mod\u00e8le r\u00e9duit de collection alliant r\u00e9alisme, sportivit\u00e9 et prestige, id\u00e9al pour les passionn\u00e9s d\u2019automobiles et de performances l\u00e9gendaires.<\/p>\n<\/div>\n<\/div>\n<\/div>\n<\/div>\n<\/div>\n<\/div>\n<\/article>\n<div><\/div>\n<div><\/div>\n<\/div>\n<\/div>\n<\/div>\n<\/div>\n<div id=\"thread-bottom-container\" class=\"group\/thread-bottom-container relative isolate z-10 w-full basis-auto has-data-has-thread-error:pt-2 has-data-has-thread-error:[box-shadow:var(--sharp-edge-bottom-shadow)] md:border-transparent md:pt-0 dark:border-white\/20 md:dark:border-transparent content-fade single-line flex flex-col\">\n<div id=\"thread-bottom\">\n<div class=\"text-base mx-auto [--thread-content-margin:--spacing(4)] thread-sm:[--thread-content-margin:--spacing(6)] thread-lg:[--thread-content-margin:--spacing(16)] px-(--thread-content-margin)\">\n<div class=\"[--thread-content-max-width:40rem] thread-lg:[--thread-content-max-width:48rem] mx-auto max-w-(--thread-content-max-width) flex-1\">\n<div class=\"flex justify-center empty:hidden\"><\/div>\n<div class=\"pointer-events-auto relative z-1 flex h-[var(--composer-container-height,100%)] max-w-full flex-[var(--composer-container-flex,1)] flex-col\">\n<p><button class=\"invisible absolute self-center\" tabindex=\"-1\" name=\"context-connector-pasted-link-popover-trigger\" type=\"button\" aria-hidden=\"true\" aria-haspopup=\"dialog\" aria-expanded=\"false\" aria-controls=\"radix-_r_8k_\" data-state=\"closed\"><\/button><\/p>\n<div class=\"absolute start-0 end-0 bottom-full z-20\"><\/div>\n<form class=\"group\/composer w-full\" data-type=\"unified-composer\">\n<div class=\"hidden\"><input tabindex=\"-1\" multiple=\"multiple\" type=\"file\" \/><\/div>\n<div class=\"\">\n<div class=\"bg-token-bg-primary cursor-text overflow-clip bg-clip-padding p-2.5 contain-inline-size dark:bg-[#303030] grid grid-cols-[auto_1fr_auto] [grid-template-areas:'header_header_header'_'leading_primary_trailing'_'._footer_.'] group-data-expanded\/composer:[grid-template-areas:'header_header_header'_'primary_primary_primary'_'leading_footer_trailing'] shadow-short\">\n<div class=\"-my-2.5 flex min-h-14 items-center overflow-x-hidden px-1.5 [grid-area:primary] group-data-expanded\/composer:mb-0 group-data-expanded\/composer:px-2.5\">\n<div class=\"_prosemirror-parent_198md_2 text-token-text-primary max-h-[max(35svh,5rem)] max-h-52 flex-1 overflow-auto [scrollbar-width:thin] default-browser vertical-scroll-fade-mask\">\n<p><textarea class=\"_fallbackTextarea_198md_2\" name=\"prompt-textarea\" placeholder=\"Poser une question\" data-virtualkeyboard=\"true\"><\/textarea><\/p>\n<div id=\"prompt-textarea\" class=\"ProseMirror\" contenteditable=\"true\" translate=\"no\" data-virtualkeyboard=\"true\"><\/div>\n<\/div>\n<\/div>\n<div class=\"[grid-area:leading]\"><\/div>\n<div class=\"flex items-center gap-2 [grid-area:trailing]\">\n<div class=\"ms-auto flex items-center gap-1.5\">\n<p>&nbsp;<\/p>\n<div class=\"min-w-9\" data-testid=\"composer-speech-button-container\">\n<div class=\"flex items-center justify-center\"><\/div>\n<\/div>\n<\/div>\n<\/div>\n<\/div>\n<\/div>\n<\/form>\n<\/div>\n<\/div>\n<\/div>\n<\/div>\n<\/div>\n","protected":false},"excerpt":{"rendered":"Nom : PORSCHE 911 GT3 RS 4.0Marque : BBURAGOR\u00e9f\u00e9rence : 18-11036BLGen code :893993002672\u00c9chelle : 1\/18Dimensions : Environ 25 cm x 11 cm x 7 cmMati\u00e8re : M\u00e9tal et plastique Description :Magnifique reproduction \u00e0 l\u2019\u00e9chelle 1\/18 de la Porsche 911 GT3 RS 4.0, pr\u00e9sent\u00e9e dans une \u00e9l\u00e9gante finition noire. Ce mod\u00e8le Burago se distingue par ses&#8230; <a class=\"view-article\" href=\"https:\/\/toysmaniacornermonaco.com\/en\/produit\/porsche-911-gt3-rs-4-0\/\">View Article<\/a>","protected":false},"featured_media":6054,"comment_status":"closed","ping_status":"closed","template":"","meta":{"_acf_changed":false},"product_cat":[380,384],"product_tag":[],"class_list":{"0":"post-6053","1":"product","2":"type-product","3":"status-publish","4":"has-post-thumbnail","6":"marque-bburago","7":"marque-porsche","8":"idee_cadeau-enfants","9":"idee_cadeau-formula-one-f1","10":"idee_cadeau-hommes","11":"idee_cadeau-noel","12":"product_cat-decoration","13":"product_cat-jeux-et-jouets","14":"product_shipping_class-moyencolis","16":"first","17":"instock","18":"taxable","19":"shipping-taxable","20":"purchasable","21":"product-type-simple"},"acf":[],"yoast_head":"<!-- This site is optimized with the Yoast SEO plugin v22.3 - https:\/\/yoast.com\/wordpress\/plugins\/seo\/ -->\n<title>PORSCHE 911 GT3 RS 4.0 - TOY&#039;S MANIA<\/title>\n<meta name=\"robots\" content=\"index, follow, max-snippet:-1, max-image-preview:large, max-video-preview:-1\" \/>\n<link rel=\"canonical\" href=\"https:\/\/toysmaniacornermonaco.com\/produit\/porsche-911-gt3-rs-4-0\/\" \/>\n<meta property=\"og:locale\" content=\"en_US\" \/>\n<meta property=\"og:type\" content=\"article\" \/>\n<meta property=\"og:title\" content=\"PORSCHE 911 GT3 RS 4.0 - TOY&#039;S MANIA\" \/>\n<meta property=\"og:description\" content=\"Nom : PORSCHE 911 GT3 RS 4.0Marque : BBURAGOR\u00e9f\u00e9rence : 18-11036BLGen code :893993002672\u00c9chelle : 1\/18Dimensions : Environ 25 cm x 11 cm x 7 cmMati\u00e8re : M\u00e9tal et plastique Description :Magnifique reproduction \u00e0 l\u2019\u00e9chelle 1\/18 de la Porsche 911 GT3 RS 4.0, pr\u00e9sent\u00e9e dans une \u00e9l\u00e9gante finition noire. Ce mod\u00e8le Burago se distingue par ses... View Article\" \/>\n<meta property=\"og:url\" content=\"https:\/\/toysmaniacornermonaco.com\/produit\/porsche-911-gt3-rs-4-0\/\" \/>\n<meta property=\"og:site_name\" content=\"TOY&#039;S MANIA\" \/>\n<meta property=\"article:modified_time\" content=\"2025-10-27T09:11:35+00:00\" \/>\n<meta property=\"og:image\" content=\"https:\/\/toysmaniacornermonaco.com\/wp-content\/uploads\/2025\/10\/Porsche-911-GTS-RS.jpg\" \/>\n\t<meta property=\"og:image:width\" content=\"355\" \/>\n\t<meta property=\"og:image:height\" content=\"275\" \/>\n\t<meta property=\"og:image:type\" content=\"image\/jpeg\" \/>\n<meta name=\"twitter:card\" content=\"summary_large_image\" \/>\n<meta name=\"twitter:label1\" content=\"Est. reading time\" \/>\n\t<meta name=\"twitter:data1\" content=\"1 minute\" \/>\n<script type=\"application\/ld+json\" class=\"yoast-schema-graph\">{\"@context\":\"https:\/\/schema.org\",\"@graph\":[{\"@type\":\"WebPage\",\"@id\":\"https:\/\/toysmaniacornermonaco.com\/produit\/porsche-911-gt3-rs-4-0\/\",\"url\":\"https:\/\/toysmaniacornermonaco.com\/produit\/porsche-911-gt3-rs-4-0\/\",\"name\":\"PORSCHE 911 GT3 RS 4.0 - TOY&#039;S MANIA\",\"isPartOf\":{\"@id\":\"https:\/\/toysmaniacornermonaco.com\/#website\"},\"primaryImageOfPage\":{\"@id\":\"https:\/\/toysmaniacornermonaco.com\/produit\/porsche-911-gt3-rs-4-0\/#primaryimage\"},\"image\":{\"@id\":\"https:\/\/toysmaniacornermonaco.com\/produit\/porsche-911-gt3-rs-4-0\/#primaryimage\"},\"thumbnailUrl\":\"https:\/\/toysmaniacornermonaco.com\/wp-content\/uploads\/2025\/10\/Porsche-911-GTS-RS.jpg\",\"datePublished\":\"2025-10-27T08:56:39+00:00\",\"dateModified\":\"2025-10-27T09:11:35+00:00\",\"breadcrumb\":{\"@id\":\"https:\/\/toysmaniacornermonaco.com\/produit\/porsche-911-gt3-rs-4-0\/#breadcrumb\"},\"inLanguage\":\"en-US\",\"potentialAction\":[{\"@type\":\"ReadAction\",\"target\":[\"https:\/\/toysmaniacornermonaco.com\/produit\/porsche-911-gt3-rs-4-0\/\"]}]},{\"@type\":\"ImageObject\",\"inLanguage\":\"en-US\",\"@id\":\"https:\/\/toysmaniacornermonaco.com\/produit\/porsche-911-gt3-rs-4-0\/#primaryimage\",\"url\":\"https:\/\/toysmaniacornermonaco.com\/wp-content\/uploads\/2025\/10\/Porsche-911-GTS-RS.jpg\",\"contentUrl\":\"https:\/\/toysmaniacornermonaco.com\/wp-content\/uploads\/2025\/10\/Porsche-911-GTS-RS.jpg\",\"width\":355,\"height\":275},{\"@type\":\"BreadcrumbList\",\"@id\":\"https:\/\/toysmaniacornermonaco.com\/produit\/porsche-911-gt3-rs-4-0\/#breadcrumb\",\"itemListElement\":[{\"@type\":\"ListItem\",\"position\":1,\"name\":\"Accueil\",\"item\":\"https:\/\/toysmaniacornermonaco.com\/en\/\"},{\"@type\":\"ListItem\",\"position\":2,\"name\":\"Shop\",\"item\":\"https:\/\/toysmaniacornermonaco.com\/en\/shop\/\"},{\"@type\":\"ListItem\",\"position\":3,\"name\":\"PORSCHE 911 GT3 RS 4.0\"}]},{\"@type\":\"WebSite\",\"@id\":\"https:\/\/toysmaniacornermonaco.com\/#website\",\"url\":\"https:\/\/toysmaniacornermonaco.com\/\",\"name\":\"TOY&#039;S MANIA\",\"description\":\"VOTRE CONCEPT STORE \u00c0 MONACO\",\"potentialAction\":[{\"@type\":\"SearchAction\",\"target\":{\"@type\":\"EntryPoint\",\"urlTemplate\":\"https:\/\/toysmaniacornermonaco.com\/?s={search_term_string}\"},\"query-input\":\"required name=search_term_string\"}],\"inLanguage\":\"en-US\"}]}<\/script>\n<!-- \/ Yoast SEO plugin. -->","yoast_head_json":{"title":"PORSCHE 911 GT3 RS 4.0 - TOY&#039;S MANIA","robots":{"index":"index","follow":"follow","max-snippet":"max-snippet:-1","max-image-preview":"max-image-preview:large","max-video-preview":"max-video-preview:-1"},"canonical":"https:\/\/toysmaniacornermonaco.com\/produit\/porsche-911-gt3-rs-4-0\/","og_locale":"en_US","og_type":"article","og_title":"PORSCHE 911 GT3 RS 4.0 - TOY&#039;S MANIA","og_description":"Nom : PORSCHE 911 GT3 RS 4.0Marque : BBURAGOR\u00e9f\u00e9rence : 18-11036BLGen code :893993002672\u00c9chelle : 1\/18Dimensions : Environ 25 cm x 11 cm x 7 cmMati\u00e8re : M\u00e9tal et plastique Description :Magnifique reproduction \u00e0 l\u2019\u00e9chelle 1\/18 de la Porsche 911 GT3 RS 4.0, pr\u00e9sent\u00e9e dans une \u00e9l\u00e9gante finition noire. Ce mod\u00e8le Burago se distingue par ses... View Article","og_url":"https:\/\/toysmaniacornermonaco.com\/produit\/porsche-911-gt3-rs-4-0\/","og_site_name":"TOY&#039;S MANIA","article_modified_time":"2025-10-27T09:11:35+00:00","og_image":[{"width":355,"height":275,"url":"https:\/\/toysmaniacornermonaco.com\/wp-content\/uploads\/2025\/10\/Porsche-911-GTS-RS.jpg","type":"image\/jpeg"}],"twitter_card":"summary_large_image","twitter_misc":{"Est. reading time":"1 minute"},"schema":{"@context":"https:\/\/schema.org","@graph":[{"@type":"WebPage","@id":"https:\/\/toysmaniacornermonaco.com\/produit\/porsche-911-gt3-rs-4-0\/","url":"https:\/\/toysmaniacornermonaco.com\/produit\/porsche-911-gt3-rs-4-0\/","name":"PORSCHE 911 GT3 RS 4.0 - TOY&#039;S MANIA","isPartOf":{"@id":"https:\/\/toysmaniacornermonaco.com\/#website"},"primaryImageOfPage":{"@id":"https:\/\/toysmaniacornermonaco.com\/produit\/porsche-911-gt3-rs-4-0\/#primaryimage"},"image":{"@id":"https:\/\/toysmaniacornermonaco.com\/produit\/porsche-911-gt3-rs-4-0\/#primaryimage"},"thumbnailUrl":"https:\/\/toysmaniacornermonaco.com\/wp-content\/uploads\/2025\/10\/Porsche-911-GTS-RS.jpg","datePublished":"2025-10-27T08:56:39+00:00","dateModified":"2025-10-27T09:11:35+00:00","breadcrumb":{"@id":"https:\/\/toysmaniacornermonaco.com\/produit\/porsche-911-gt3-rs-4-0\/#breadcrumb"},"inLanguage":"en-US","potentialAction":[{"@type":"ReadAction","target":["https:\/\/toysmaniacornermonaco.com\/produit\/porsche-911-gt3-rs-4-0\/"]}]},{"@type":"ImageObject","inLanguage":"en-US","@id":"https:\/\/toysmaniacornermonaco.com\/produit\/porsche-911-gt3-rs-4-0\/#primaryimage","url":"https:\/\/toysmaniacornermonaco.com\/wp-content\/uploads\/2025\/10\/Porsche-911-GTS-RS.jpg","contentUrl":"https:\/\/toysmaniacornermonaco.com\/wp-content\/uploads\/2025\/10\/Porsche-911-GTS-RS.jpg","width":355,"height":275},{"@type":"BreadcrumbList","@id":"https:\/\/toysmaniacornermonaco.com\/produit\/porsche-911-gt3-rs-4-0\/#breadcrumb","itemListElement":[{"@type":"ListItem","position":1,"name":"Accueil","item":"https:\/\/toysmaniacornermonaco.com\/en\/"},{"@type":"ListItem","position":2,"name":"Shop","item":"https:\/\/toysmaniacornermonaco.com\/en\/shop\/"},{"@type":"ListItem","position":3,"name":"PORSCHE 911 GT3 RS 4.0"}]},{"@type":"WebSite","@id":"https:\/\/toysmaniacornermonaco.com\/#website","url":"https:\/\/toysmaniacornermonaco.com\/","name":"TOY&#039;S MANIA","description":"VOTRE CONCEPT STORE \u00c0 MONACO","potentialAction":[{"@type":"SearchAction","target":{"@type":"EntryPoint","urlTemplate":"https:\/\/toysmaniacornermonaco.com\/?s={search_term_string}"},"query-input":"required name=search_term_string"}],"inLanguage":"en-US"}]}},"_links":{"self":[{"href":"https:\/\/toysmaniacornermonaco.com\/en\/wp-json\/wp\/v2\/product\/6053","targetHints":{"allow":["GET"]}}],"collection":[{"href":"https:\/\/toysmaniacornermonaco.com\/en\/wp-json\/wp\/v2\/product"}],"about":[{"href":"https:\/\/toysmaniacornermonaco.com\/en\/wp-json\/wp\/v2\/types\/product"}],"replies":[{"embeddable":true,"href":"https:\/\/toysmaniacornermonaco.com\/en\/wp-json\/wp\/v2\/comments?post=6053"}],"wp:featuredmedia":[{"embeddable":true,"href":"https:\/\/toysmaniacornermonaco.com\/en\/wp-json\/wp\/v2\/media\/6054"}],"wp:attachment":[{"href":"https:\/\/toysmaniacornermonaco.com\/en\/wp-json\/wp\/v2\/media?parent=6053"}],"wp:term":[{"taxonomy":"product_cat","embeddable":true,"href":"https:\/\/toysmaniacornermonaco.com\/en\/wp-json\/wp\/v2\/product_cat?post=6053"},{"taxonomy":"product_tag","embeddable":true,"href":"https:\/\/toysmaniacornermonaco.com\/en\/wp-json\/wp\/v2\/product_tag?post=6053"}],"curies":[{"name":"wp","href":"https:\/\/api.w.org\/{rel}","templated":true}]}}