{"id":6159,"date":"2025-11-15T09:45:18","date_gmt":"2025-11-15T08:45:18","guid":{"rendered":"https:\/\/toysmaniacornermonaco.com\/?post_type=product&#038;p=6159"},"modified":"2025-11-15T10:06:15","modified_gmt":"2025-11-15T09:06:15","slug":"red-bull-racing-rb18-2023-r-c","status":"publish","type":"product","link":"https:\/\/toysmaniacornermonaco.com\/en\/produit\/red-bull-racing-rb18-2023-r-c\/","title":{"rendered":"Red Bull Racing RB18 (2023) R\/C"},"content":{"rendered":"<div class=\"relative basis-auto flex-col -mb-(--composer-overlap-px) [--composer-overlap-px:28px] grow flex overflow-hidden\">\n<div class=\"relative h-full\">\n<div class=\"flex h-full flex-col overflow-y-auto thread-xl:pt-(--header-height) [scrollbar-gutter:stable_both-edges]\">\n<div class=\"flex flex-col text-sm thread-xl:pt-header-height pb-25\">\n<article class=\"text-token-text-primary w-full focus:outline-none [--shadow-height:45px] has-data-writing-block:pointer-events-none has-data-writing-block:-mt-(--shadow-height) has-data-writing-block:pt-(--shadow-height) [&amp;:has([data-writing-block])&gt;*]:pointer-events-auto [content-visibility:auto] supports-[content-visibility:auto]:[contain-intrinsic-size:auto_100lvh] scroll-mt-[calc(var(--header-height)+min(200px,max(70px,20svh)))]\" dir=\"auto\" tabindex=\"-1\" data-turn-id=\"request-WEB:37b7f361-82d8-4ad1-9b4f-9ca6a36b3b5d-5\" data-testid=\"conversation-turn-12\" data-scroll-anchor=\"true\" data-turn=\"assistant\">\n<div class=\"text-base my-auto mx-auto pb-10 [--thread-content-margin:--spacing(4)] thread-sm:[--thread-content-margin:--spacing(6)] thread-lg:[--thread-content-margin:--spacing(16)] px-(--thread-content-margin)\">\n<div class=\"[--thread-content-max-width:40rem] thread-lg:[--thread-content-max-width:48rem] mx-auto max-w-(--thread-content-max-width) flex-1 group\/turn-messages focus-visible:outline-hidden relative flex w-full min-w-0 flex-col agent-turn\" tabindex=\"-1\">\n<div class=\"flex max-w-full flex-col grow\">\n<div class=\"min-h-8 text-message relative flex w-full flex-col items-end gap-2 text-start break-words whitespace-normal [.text-message+&amp;]:mt-1\" dir=\"auto\" data-message-author-role=\"assistant\" data-message-id=\"ddba100b-890c-4d1e-a83e-f68c357caf3a\" data-message-model-slug=\"gpt-5\">\n<div class=\"flex w-full flex-col gap-1 empty:hidden first:pt-[1px]\">\n<div class=\"markdown prose dark:prose-invert w-full break-words light markdown-new-styling\"><\/div>\n<\/div>\n<\/div>\n<\/div>\n<\/div>\n<\/div>\n<\/article>\n<\/div>\n<\/div>\n<\/div>\n<\/div>\n<div id=\"thread-bottom-container\" class=\"group\/thread-bottom-container relative isolate z-10 w-full basis-auto has-data-has-thread-error:pt-2 has-data-has-thread-error:[box-shadow:var(--sharp-edge-bottom-shadow)] md:border-transparent md:pt-0 dark:border-white\/20 md:dark:border-transparent content-fade single-line flex flex-col\">\n<div id=\"thread-bottom\">\n<div class=\"text-base mx-auto [--thread-content-margin:--spacing(4)] thread-sm:[--thread-content-margin:--spacing(6)] thread-lg:[--thread-content-margin:--spacing(16)] px-(--thread-content-margin)\">\n<div class=\"[--thread-content-max-width:40rem] thread-lg:[--thread-content-max-width:48rem] mx-auto max-w-(--thread-content-max-width) flex-1\">\n<div class=\"pointer-events-auto relative z-1 flex h-[var(--composer-container-height,100%)] max-w-full flex-[var(--composer-container-flex,1)] flex-col\">\n<form class=\"group\/composer w-full\" data-type=\"unified-composer\">\n<div class=\"hidden\">\n<p data-start=\"103\" data-end=\"337\"><strong data-start=\"103\" data-end=\"112\">Nom :<\/strong> Red Bull Racing RB18 (2023) R\/C<br data-start=\"144\" data-end=\"147\" \/><strong data-start=\"147\" data-end=\"159\">Marque :<\/strong> Maisto Tech<br data-start=\"171\" data-end=\"174\" \/><strong data-start=\"174\" data-end=\"189\">R\u00e9f\u00e9rence :<\/strong> 82350<br data-start=\"195\" data-end=\"198\" data-is-only-node=\"\" \/><strong data-start=\"198\" data-end=\"212\">Gen code :<\/strong> 090159823506<br data-start=\"225\" data-end=\"228\" \/><strong data-start=\"228\" data-end=\"241\">\u00c9chelle :<\/strong> 1\/24<br data-start=\"246\" data-end=\"249\" \/><strong data-start=\"249\" data-end=\"265\">Dimensions :<\/strong> Environ 23 cm x 8 cm x 4,5 cm<\/p>\n<p data-start=\"339\" data-end=\"996\"><strong data-start=\"339\" data-end=\"356\">Description :<\/strong><br data-start=\"356\" data-end=\"359\" \/>Mod\u00e8le r\u00e9duit t\u00e9l\u00e9command\u00e9 de la <strong data-start=\"392\" data-end=\"423\">Red Bull Racing RB18 (2023)<\/strong>, reproduit avec un r\u00e9alisme saisissant par <strong data-start=\"467\" data-end=\"482\">Maisto Tech<\/strong>. Fonctionnant en <strong data-start=\"500\" data-end=\"511\">2,4 GHz<\/strong> et \u00e9quip\u00e9e d\u2019une <strong data-start=\"529\" data-end=\"555\" data-is-only-node=\"\">commande type pistolet<\/strong>, cette voiture R\/C permet une conduite fluide et pr\u00e9cise, sans interf\u00e9rences. Fid\u00e8le \u00e0 la monoplace de Formule 1, ce mod\u00e8le met en valeur les lignes modernes et l\u2019identit\u00e9 visuelle de l\u2019\u00e9quipe Red Bull Racing, ici dans une \u00e9l\u00e9gante finition <strong data-start=\"797\" data-end=\"806\">noire<\/strong>. Ses d\u00e9tails pr\u00e9cis, sa finition soign\u00e9e et ses performances en font un <strong data-start=\"879\" data-end=\"894\">objet id\u00e9al<\/strong> pour les jeunes passionn\u00e9s comme pour les amateurs de F1 et de voitures radiocommand\u00e9es de qualit\u00e9.<\/p>\n<p data-start=\"127\" data-end=\"350\"><input tabindex=\"-1\" multiple=\"multiple\" type=\"file\" \/><\/p>\n<\/div>\n<div class=\"\">\n<div class=\"bg-token-bg-primary cursor-text overflow-clip bg-clip-padding p-2.5 contain-inline-size dark:bg-[#303030] grid grid-cols-[auto_1fr_auto] [grid-template-areas:'header_header_header'_'leading_primary_trailing'_'._footer_.'] group-data-expanded\/composer:[grid-template-areas:'header_header_header'_'primary_primary_primary'_'leading_footer_trailing'] shadow-short\">\n<div class=\"-my-2.5 flex min-h-14 items-center overflow-x-hidden px-1.5 [grid-area:primary] group-data-expanded\/composer:mb-0 group-data-expanded\/composer:px-2.5\">\n<div class=\"_prosemirror-parent_198md_2 text-token-text-primary max-h-[max(35svh,5rem)] max-h-52 flex-1 overflow-auto [scrollbar-width:thin] default-browser vertical-scroll-fade-mask\">\n<p><textarea class=\"_fallbackTextarea_198md_2\" name=\"prompt-textarea\" placeholder=\"Poser une question\" data-virtualkeyboard=\"true\"><\/textarea><\/p>\n<div id=\"prompt-textarea\" class=\"ProseMirror\" contenteditable=\"true\" translate=\"no\" data-virtualkeyboard=\"true\"><\/div>\n<\/div>\n<\/div>\n<div class=\"[grid-area:leading]\"><\/div>\n<div class=\"flex items-center gap-2 [grid-area:trailing]\">\n<div class=\"ms-auto flex items-center gap-1.5\">\n<p>&nbsp;<\/p>\n<div class=\"min-w-9\" data-testid=\"composer-speech-button-container\">\n<div class=\"flex items-center justify-center\"><\/div>\n<\/div>\n<\/div>\n<\/div>\n<\/div>\n<\/div>\n<\/form>\n<\/div>\n<\/div>\n<\/div>\n<\/div>\n<\/div>\n","protected":false},"excerpt":{"rendered":"Nom : Red Bull Racing RB18 (2023) R\/CMarque : Maisto TechR\u00e9f\u00e9rence : 82350Gen code : 090159823506\u00c9chelle : 1\/24Dimensions : Environ 23 cm x 8 cm x 4,5 cm Description :Mod\u00e8le r\u00e9duit t\u00e9l\u00e9command\u00e9 de la Red Bull Racing RB18 (2023), reproduit avec un r\u00e9alisme saisissant par Maisto Tech. Fonctionnant en 2,4 GHz et \u00e9quip\u00e9e d\u2019une commande&#8230; <a class=\"view-article\" href=\"https:\/\/toysmaniacornermonaco.com\/en\/produit\/red-bull-racing-rb18-2023-r-c\/\">View Article<\/a>","protected":false},"featured_media":6160,"comment_status":"closed","ping_status":"closed","template":"","meta":{"_acf_changed":false},"product_cat":[380,724,384],"product_tag":[],"class_list":{"0":"post-6159","1":"product","2":"type-product","3":"status-publish","4":"has-post-thumbnail","6":"marque-maisto","7":"idee_cadeau-enfants","8":"idee_cadeau-formula-one-f1","9":"idee_cadeau-hommes","10":"product_cat-decoration","11":"product_cat-ferrari-casquette","12":"product_cat-jeux-et-jouets","13":"product_shipping_class-moyencolis","15":"first","16":"instock","17":"taxable","18":"shipping-taxable","19":"purchasable","20":"product-type-simple"},"acf":[],"yoast_head":"<!-- This site is optimized with the Yoast SEO plugin v22.3 - https:\/\/yoast.com\/wordpress\/plugins\/seo\/ -->\n<title>Red Bull Racing RB18 (2023) R\/C - TOY&#039;S MANIA<\/title>\n<meta name=\"robots\" content=\"index, follow, max-snippet:-1, max-image-preview:large, max-video-preview:-1\" \/>\n<link rel=\"canonical\" href=\"https:\/\/toysmaniacornermonaco.com\/produit\/red-bull-racing-rb18-2023-r-c\/\" \/>\n<meta property=\"og:locale\" content=\"en_US\" \/>\n<meta property=\"og:type\" content=\"article\" \/>\n<meta property=\"og:title\" content=\"Red Bull Racing RB18 (2023) R\/C - TOY&#039;S MANIA\" \/>\n<meta property=\"og:description\" content=\"Nom : Red Bull Racing RB18 (2023) R\/CMarque : Maisto TechR\u00e9f\u00e9rence : 82350Gen code : 090159823506\u00c9chelle : 1\/24Dimensions : Environ 23 cm x 8 cm x 4,5 cm Description :Mod\u00e8le r\u00e9duit t\u00e9l\u00e9command\u00e9 de la Red Bull Racing RB18 (2023), reproduit avec un r\u00e9alisme saisissant par Maisto Tech. Fonctionnant en 2,4 GHz et \u00e9quip\u00e9e d\u2019une commande... View Article\" \/>\n<meta property=\"og:url\" content=\"https:\/\/toysmaniacornermonaco.com\/produit\/red-bull-racing-rb18-2023-r-c\/\" \/>\n<meta property=\"og:site_name\" content=\"TOY&#039;S MANIA\" \/>\n<meta property=\"article:modified_time\" content=\"2025-11-15T09:06:15+00:00\" \/>\n<meta property=\"og:image\" content=\"https:\/\/toysmaniacornermonaco.com\/wp-content\/uploads\/2025\/11\/RB18.jpg\" \/>\n\t<meta property=\"og:image:width\" content=\"1500\" \/>\n\t<meta property=\"og:image:height\" content=\"756\" \/>\n\t<meta property=\"og:image:type\" content=\"image\/jpeg\" \/>\n<meta name=\"twitter:card\" content=\"summary_large_image\" \/>\n<meta name=\"twitter:label1\" content=\"Est. reading time\" \/>\n\t<meta name=\"twitter:data1\" content=\"1 minute\" \/>\n<script type=\"application\/ld+json\" class=\"yoast-schema-graph\">{\"@context\":\"https:\/\/schema.org\",\"@graph\":[{\"@type\":\"WebPage\",\"@id\":\"https:\/\/toysmaniacornermonaco.com\/produit\/red-bull-racing-rb18-2023-r-c\/\",\"url\":\"https:\/\/toysmaniacornermonaco.com\/produit\/red-bull-racing-rb18-2023-r-c\/\",\"name\":\"Red Bull Racing RB18 (2023) R\/C - TOY&#039;S MANIA\",\"isPartOf\":{\"@id\":\"https:\/\/toysmaniacornermonaco.com\/#website\"},\"primaryImageOfPage\":{\"@id\":\"https:\/\/toysmaniacornermonaco.com\/produit\/red-bull-racing-rb18-2023-r-c\/#primaryimage\"},\"image\":{\"@id\":\"https:\/\/toysmaniacornermonaco.com\/produit\/red-bull-racing-rb18-2023-r-c\/#primaryimage\"},\"thumbnailUrl\":\"https:\/\/toysmaniacornermonaco.com\/wp-content\/uploads\/2025\/11\/RB18.jpg\",\"datePublished\":\"2025-11-15T08:45:18+00:00\",\"dateModified\":\"2025-11-15T09:06:15+00:00\",\"breadcrumb\":{\"@id\":\"https:\/\/toysmaniacornermonaco.com\/produit\/red-bull-racing-rb18-2023-r-c\/#breadcrumb\"},\"inLanguage\":\"en-US\",\"potentialAction\":[{\"@type\":\"ReadAction\",\"target\":[\"https:\/\/toysmaniacornermonaco.com\/produit\/red-bull-racing-rb18-2023-r-c\/\"]}]},{\"@type\":\"ImageObject\",\"inLanguage\":\"en-US\",\"@id\":\"https:\/\/toysmaniacornermonaco.com\/produit\/red-bull-racing-rb18-2023-r-c\/#primaryimage\",\"url\":\"https:\/\/toysmaniacornermonaco.com\/wp-content\/uploads\/2025\/11\/RB18.jpg\",\"contentUrl\":\"https:\/\/toysmaniacornermonaco.com\/wp-content\/uploads\/2025\/11\/RB18.jpg\",\"width\":1500,\"height\":756},{\"@type\":\"BreadcrumbList\",\"@id\":\"https:\/\/toysmaniacornermonaco.com\/produit\/red-bull-racing-rb18-2023-r-c\/#breadcrumb\",\"itemListElement\":[{\"@type\":\"ListItem\",\"position\":1,\"name\":\"Accueil\",\"item\":\"https:\/\/toysmaniacornermonaco.com\/en\/\"},{\"@type\":\"ListItem\",\"position\":2,\"name\":\"Shop\",\"item\":\"https:\/\/toysmaniacornermonaco.com\/en\/shop\/\"},{\"@type\":\"ListItem\",\"position\":3,\"name\":\"Red Bull Racing RB18 (2023) R\/C\"}]},{\"@type\":\"WebSite\",\"@id\":\"https:\/\/toysmaniacornermonaco.com\/#website\",\"url\":\"https:\/\/toysmaniacornermonaco.com\/\",\"name\":\"TOY&#039;S MANIA\",\"description\":\"VOTRE CONCEPT STORE \u00c0 MONACO\",\"potentialAction\":[{\"@type\":\"SearchAction\",\"target\":{\"@type\":\"EntryPoint\",\"urlTemplate\":\"https:\/\/toysmaniacornermonaco.com\/?s={search_term_string}\"},\"query-input\":\"required name=search_term_string\"}],\"inLanguage\":\"en-US\"}]}<\/script>\n<!-- \/ Yoast SEO plugin. -->","yoast_head_json":{"title":"Red Bull Racing RB18 (2023) R\/C - TOY&#039;S MANIA","robots":{"index":"index","follow":"follow","max-snippet":"max-snippet:-1","max-image-preview":"max-image-preview:large","max-video-preview":"max-video-preview:-1"},"canonical":"https:\/\/toysmaniacornermonaco.com\/produit\/red-bull-racing-rb18-2023-r-c\/","og_locale":"en_US","og_type":"article","og_title":"Red Bull Racing RB18 (2023) R\/C - TOY&#039;S MANIA","og_description":"Nom : Red Bull Racing RB18 (2023) R\/CMarque : Maisto TechR\u00e9f\u00e9rence : 82350Gen code : 090159823506\u00c9chelle : 1\/24Dimensions : Environ 23 cm x 8 cm x 4,5 cm Description :Mod\u00e8le r\u00e9duit t\u00e9l\u00e9command\u00e9 de la Red Bull Racing RB18 (2023), reproduit avec un r\u00e9alisme saisissant par Maisto Tech. Fonctionnant en 2,4 GHz et \u00e9quip\u00e9e d\u2019une commande... View Article","og_url":"https:\/\/toysmaniacornermonaco.com\/produit\/red-bull-racing-rb18-2023-r-c\/","og_site_name":"TOY&#039;S MANIA","article_modified_time":"2025-11-15T09:06:15+00:00","og_image":[{"width":1500,"height":756,"url":"https:\/\/toysmaniacornermonaco.com\/wp-content\/uploads\/2025\/11\/RB18.jpg","type":"image\/jpeg"}],"twitter_card":"summary_large_image","twitter_misc":{"Est. reading time":"1 minute"},"schema":{"@context":"https:\/\/schema.org","@graph":[{"@type":"WebPage","@id":"https:\/\/toysmaniacornermonaco.com\/produit\/red-bull-racing-rb18-2023-r-c\/","url":"https:\/\/toysmaniacornermonaco.com\/produit\/red-bull-racing-rb18-2023-r-c\/","name":"Red Bull Racing RB18 (2023) R\/C - TOY&#039;S MANIA","isPartOf":{"@id":"https:\/\/toysmaniacornermonaco.com\/#website"},"primaryImageOfPage":{"@id":"https:\/\/toysmaniacornermonaco.com\/produit\/red-bull-racing-rb18-2023-r-c\/#primaryimage"},"image":{"@id":"https:\/\/toysmaniacornermonaco.com\/produit\/red-bull-racing-rb18-2023-r-c\/#primaryimage"},"thumbnailUrl":"https:\/\/toysmaniacornermonaco.com\/wp-content\/uploads\/2025\/11\/RB18.jpg","datePublished":"2025-11-15T08:45:18+00:00","dateModified":"2025-11-15T09:06:15+00:00","breadcrumb":{"@id":"https:\/\/toysmaniacornermonaco.com\/produit\/red-bull-racing-rb18-2023-r-c\/#breadcrumb"},"inLanguage":"en-US","potentialAction":[{"@type":"ReadAction","target":["https:\/\/toysmaniacornermonaco.com\/produit\/red-bull-racing-rb18-2023-r-c\/"]}]},{"@type":"ImageObject","inLanguage":"en-US","@id":"https:\/\/toysmaniacornermonaco.com\/produit\/red-bull-racing-rb18-2023-r-c\/#primaryimage","url":"https:\/\/toysmaniacornermonaco.com\/wp-content\/uploads\/2025\/11\/RB18.jpg","contentUrl":"https:\/\/toysmaniacornermonaco.com\/wp-content\/uploads\/2025\/11\/RB18.jpg","width":1500,"height":756},{"@type":"BreadcrumbList","@id":"https:\/\/toysmaniacornermonaco.com\/produit\/red-bull-racing-rb18-2023-r-c\/#breadcrumb","itemListElement":[{"@type":"ListItem","position":1,"name":"Accueil","item":"https:\/\/toysmaniacornermonaco.com\/en\/"},{"@type":"ListItem","position":2,"name":"Shop","item":"https:\/\/toysmaniacornermonaco.com\/en\/shop\/"},{"@type":"ListItem","position":3,"name":"Red Bull Racing RB18 (2023) R\/C"}]},{"@type":"WebSite","@id":"https:\/\/toysmaniacornermonaco.com\/#website","url":"https:\/\/toysmaniacornermonaco.com\/","name":"TOY&#039;S MANIA","description":"VOTRE CONCEPT STORE \u00c0 MONACO","potentialAction":[{"@type":"SearchAction","target":{"@type":"EntryPoint","urlTemplate":"https:\/\/toysmaniacornermonaco.com\/?s={search_term_string}"},"query-input":"required name=search_term_string"}],"inLanguage":"en-US"}]}},"_links":{"self":[{"href":"https:\/\/toysmaniacornermonaco.com\/en\/wp-json\/wp\/v2\/product\/6159","targetHints":{"allow":["GET"]}}],"collection":[{"href":"https:\/\/toysmaniacornermonaco.com\/en\/wp-json\/wp\/v2\/product"}],"about":[{"href":"https:\/\/toysmaniacornermonaco.com\/en\/wp-json\/wp\/v2\/types\/product"}],"replies":[{"embeddable":true,"href":"https:\/\/toysmaniacornermonaco.com\/en\/wp-json\/wp\/v2\/comments?post=6159"}],"wp:featuredmedia":[{"embeddable":true,"href":"https:\/\/toysmaniacornermonaco.com\/en\/wp-json\/wp\/v2\/media\/6160"}],"wp:attachment":[{"href":"https:\/\/toysmaniacornermonaco.com\/en\/wp-json\/wp\/v2\/media?parent=6159"}],"wp:term":[{"taxonomy":"product_cat","embeddable":true,"href":"https:\/\/toysmaniacornermonaco.com\/en\/wp-json\/wp\/v2\/product_cat?post=6159"},{"taxonomy":"product_tag","embeddable":true,"href":"https:\/\/toysmaniacornermonaco.com\/en\/wp-json\/wp\/v2\/product_tag?post=6159"}],"curies":[{"name":"wp","href":"https:\/\/api.w.org\/{rel}","templated":true}]}}