{"id":6183,"date":"2025-11-30T15:22:35","date_gmt":"2025-11-30T14:22:35","guid":{"rendered":"https:\/\/toysmaniacornermonaco.com\/?post_type=product&#038;p=6183"},"modified":"2025-11-30T15:40:49","modified_gmt":"2025-11-30T14:40:49","slug":"casquette-scuderia-ferrari-f1-puma-kids-2025","status":"publish","type":"product","link":"https:\/\/toysmaniacornermonaco.com\/en\/produit\/casquette-scuderia-ferrari-f1-puma-kids-2025\/","title":{"rendered":"Casquette Scuderia Ferrari F1 Puma Kids 2025"},"content":{"rendered":"<p data-start=\"234\" data-end=\"522\"><strong data-start=\"234\" data-end=\"260\">Description du produit<\/strong><br data-start=\"260\" data-end=\"263\" \/>Casquette officielle Scuderia Ferrari pour <strong data-start=\"306\" data-end=\"317\">enfants<\/strong>, con\u00e7ue par Puma pour la saison 2025. L\u00e9g\u00e8re, respirante et ajustable, elle assure un confort optimal tout au long de la journ\u00e9e tout en affichant fi\u00e8rement les couleurs et logos embl\u00e9matiques de Ferrari.<\/p>\n<p data-start=\"524\" data-end=\"659\"><strong data-start=\"524\" data-end=\"533\">REF :<\/strong> 701 233 007 001<br data-start=\"549\" data-end=\"552\" \/><strong data-start=\"552\" data-end=\"566\">GEN CODE :<\/strong>4069156261181<br data-start=\"597\" data-end=\"600\" \/><strong data-start=\"600\" data-end=\"613\">Couleur :<\/strong> Cerise fonc\u00e9e<br data-start=\"627\" data-end=\"630\" \/><strong data-start=\"630\" data-end=\"642\">Marque :<\/strong> Ferrari \/ Puma<\/p>\n","protected":false},"excerpt":{"rendered":"Description du produitCasquette officielle Scuderia Ferrari pour enfants, con\u00e7ue par Puma pour la saison 2025. L\u00e9g\u00e8re, respirante et ajustable, elle assure un confort optimal tout au long de la journ\u00e9e tout en affichant fi\u00e8rement les couleurs et logos embl\u00e9matiques de Ferrari. REF : 701 233 007 001GEN CODE :4069156261181Couleur : Cerise fonc\u00e9eMarque : Ferrari \/&#8230; <a class=\"view-article\" href=\"https:\/\/toysmaniacornermonaco.com\/en\/produit\/casquette-scuderia-ferrari-f1-puma-kids-2025\/\">View Article<\/a>","protected":false},"featured_media":6184,"comment_status":"closed","ping_status":"closed","template":"","meta":{"_acf_changed":false},"product_cat":[711,390],"product_tag":[],"class_list":{"0":"post-6183","1":"product","2":"type-product","3":"status-publish","4":"has-post-thumbnail","6":"marque-ferrari","7":"idee_cadeau-enfants","8":"idee_cadeau-formula-one-f1","9":"idee_cadeau-noel","10":"product_cat-casquette","11":"product_cat-vetements-et-accessoires","12":"product_shipping_class-moyencolis","14":"first","15":"instock","16":"taxable","17":"shipping-taxable","18":"purchasable","19":"product-type-simple"},"acf":[],"yoast_head":"<!-- This site is optimized with the Yoast SEO plugin v22.3 - https:\/\/yoast.com\/wordpress\/plugins\/seo\/ -->\n<title>Casquette Scuderia Ferrari F1 Puma Kids 2025 - TOY&#039;S MANIA<\/title>\n<meta name=\"robots\" content=\"index, follow, max-snippet:-1, max-image-preview:large, max-video-preview:-1\" \/>\n<link rel=\"canonical\" href=\"https:\/\/toysmaniacornermonaco.com\/produit\/casquette-scuderia-ferrari-f1-puma-kids-2025\/\" \/>\n<meta property=\"og:locale\" content=\"en_US\" \/>\n<meta property=\"og:type\" content=\"article\" \/>\n<meta property=\"og:title\" content=\"Casquette Scuderia Ferrari F1 Puma Kids 2025 - TOY&#039;S MANIA\" \/>\n<meta property=\"og:description\" content=\"Description du produitCasquette officielle Scuderia Ferrari pour enfants, con\u00e7ue par Puma pour la saison 2025. L\u00e9g\u00e8re, respirante et ajustable, elle assure un confort optimal tout au long de la journ\u00e9e tout en affichant fi\u00e8rement les couleurs et logos embl\u00e9matiques de Ferrari. REF : 701 233 007 001GEN CODE :4069156261181Couleur : Cerise fonc\u00e9eMarque : Ferrari \/... View Article\" \/>\n<meta property=\"og:url\" content=\"https:\/\/toysmaniacornermonaco.com\/produit\/casquette-scuderia-ferrari-f1-puma-kids-2025\/\" \/>\n<meta property=\"og:site_name\" content=\"TOY&#039;S MANIA\" \/>\n<meta property=\"article:modified_time\" content=\"2025-11-30T14:40:49+00:00\" \/>\n<meta property=\"og:image\" content=\"https:\/\/toysmaniacornermonaco.com\/wp-content\/uploads\/2025\/11\/PUMA-FERRARI-ENFANT.jpg\" \/>\n\t<meta property=\"og:image:width\" content=\"385\" \/>\n\t<meta property=\"og:image:height\" content=\"254\" \/>\n\t<meta property=\"og:image:type\" content=\"image\/jpeg\" \/>\n<meta name=\"twitter:card\" content=\"summary_large_image\" \/>\n<meta name=\"twitter:label1\" content=\"Est. reading time\" \/>\n\t<meta name=\"twitter:data1\" content=\"1 minute\" \/>\n<script type=\"application\/ld+json\" class=\"yoast-schema-graph\">{\"@context\":\"https:\/\/schema.org\",\"@graph\":[{\"@type\":\"WebPage\",\"@id\":\"https:\/\/toysmaniacornermonaco.com\/produit\/casquette-scuderia-ferrari-f1-puma-kids-2025\/\",\"url\":\"https:\/\/toysmaniacornermonaco.com\/produit\/casquette-scuderia-ferrari-f1-puma-kids-2025\/\",\"name\":\"Casquette Scuderia Ferrari F1 Puma Kids 2025 - TOY&#039;S MANIA\",\"isPartOf\":{\"@id\":\"https:\/\/toysmaniacornermonaco.com\/#website\"},\"primaryImageOfPage\":{\"@id\":\"https:\/\/toysmaniacornermonaco.com\/produit\/casquette-scuderia-ferrari-f1-puma-kids-2025\/#primaryimage\"},\"image\":{\"@id\":\"https:\/\/toysmaniacornermonaco.com\/produit\/casquette-scuderia-ferrari-f1-puma-kids-2025\/#primaryimage\"},\"thumbnailUrl\":\"https:\/\/toysmaniacornermonaco.com\/wp-content\/uploads\/2025\/11\/PUMA-FERRARI-ENFANT.jpg\",\"datePublished\":\"2025-11-30T14:22:35+00:00\",\"dateModified\":\"2025-11-30T14:40:49+00:00\",\"breadcrumb\":{\"@id\":\"https:\/\/toysmaniacornermonaco.com\/produit\/casquette-scuderia-ferrari-f1-puma-kids-2025\/#breadcrumb\"},\"inLanguage\":\"en-US\",\"potentialAction\":[{\"@type\":\"ReadAction\",\"target\":[\"https:\/\/toysmaniacornermonaco.com\/produit\/casquette-scuderia-ferrari-f1-puma-kids-2025\/\"]}]},{\"@type\":\"ImageObject\",\"inLanguage\":\"en-US\",\"@id\":\"https:\/\/toysmaniacornermonaco.com\/produit\/casquette-scuderia-ferrari-f1-puma-kids-2025\/#primaryimage\",\"url\":\"https:\/\/toysmaniacornermonaco.com\/wp-content\/uploads\/2025\/11\/PUMA-FERRARI-ENFANT.jpg\",\"contentUrl\":\"https:\/\/toysmaniacornermonaco.com\/wp-content\/uploads\/2025\/11\/PUMA-FERRARI-ENFANT.jpg\",\"width\":385,\"height\":254},{\"@type\":\"BreadcrumbList\",\"@id\":\"https:\/\/toysmaniacornermonaco.com\/produit\/casquette-scuderia-ferrari-f1-puma-kids-2025\/#breadcrumb\",\"itemListElement\":[{\"@type\":\"ListItem\",\"position\":1,\"name\":\"Accueil\",\"item\":\"https:\/\/toysmaniacornermonaco.com\/en\/\"},{\"@type\":\"ListItem\",\"position\":2,\"name\":\"Shop\",\"item\":\"https:\/\/toysmaniacornermonaco.com\/en\/shop\/\"},{\"@type\":\"ListItem\",\"position\":3,\"name\":\"Casquette Scuderia Ferrari F1 Puma Kids 2025\"}]},{\"@type\":\"WebSite\",\"@id\":\"https:\/\/toysmaniacornermonaco.com\/#website\",\"url\":\"https:\/\/toysmaniacornermonaco.com\/\",\"name\":\"TOY&#039;S MANIA\",\"description\":\"VOTRE CONCEPT STORE \u00c0 MONACO\",\"potentialAction\":[{\"@type\":\"SearchAction\",\"target\":{\"@type\":\"EntryPoint\",\"urlTemplate\":\"https:\/\/toysmaniacornermonaco.com\/?s={search_term_string}\"},\"query-input\":\"required name=search_term_string\"}],\"inLanguage\":\"en-US\"}]}<\/script>\n<!-- \/ Yoast SEO plugin. -->","yoast_head_json":{"title":"Casquette Scuderia Ferrari F1 Puma Kids 2025 - TOY&#039;S MANIA","robots":{"index":"index","follow":"follow","max-snippet":"max-snippet:-1","max-image-preview":"max-image-preview:large","max-video-preview":"max-video-preview:-1"},"canonical":"https:\/\/toysmaniacornermonaco.com\/produit\/casquette-scuderia-ferrari-f1-puma-kids-2025\/","og_locale":"en_US","og_type":"article","og_title":"Casquette Scuderia Ferrari F1 Puma Kids 2025 - TOY&#039;S MANIA","og_description":"Description du produitCasquette officielle Scuderia Ferrari pour enfants, con\u00e7ue par Puma pour la saison 2025. L\u00e9g\u00e8re, respirante et ajustable, elle assure un confort optimal tout au long de la journ\u00e9e tout en affichant fi\u00e8rement les couleurs et logos embl\u00e9matiques de Ferrari. REF : 701 233 007 001GEN CODE :4069156261181Couleur : Cerise fonc\u00e9eMarque : Ferrari \/... View Article","og_url":"https:\/\/toysmaniacornermonaco.com\/produit\/casquette-scuderia-ferrari-f1-puma-kids-2025\/","og_site_name":"TOY&#039;S MANIA","article_modified_time":"2025-11-30T14:40:49+00:00","og_image":[{"width":385,"height":254,"url":"https:\/\/toysmaniacornermonaco.com\/wp-content\/uploads\/2025\/11\/PUMA-FERRARI-ENFANT.jpg","type":"image\/jpeg"}],"twitter_card":"summary_large_image","twitter_misc":{"Est. reading time":"1 minute"},"schema":{"@context":"https:\/\/schema.org","@graph":[{"@type":"WebPage","@id":"https:\/\/toysmaniacornermonaco.com\/produit\/casquette-scuderia-ferrari-f1-puma-kids-2025\/","url":"https:\/\/toysmaniacornermonaco.com\/produit\/casquette-scuderia-ferrari-f1-puma-kids-2025\/","name":"Casquette Scuderia Ferrari F1 Puma Kids 2025 - TOY&#039;S MANIA","isPartOf":{"@id":"https:\/\/toysmaniacornermonaco.com\/#website"},"primaryImageOfPage":{"@id":"https:\/\/toysmaniacornermonaco.com\/produit\/casquette-scuderia-ferrari-f1-puma-kids-2025\/#primaryimage"},"image":{"@id":"https:\/\/toysmaniacornermonaco.com\/produit\/casquette-scuderia-ferrari-f1-puma-kids-2025\/#primaryimage"},"thumbnailUrl":"https:\/\/toysmaniacornermonaco.com\/wp-content\/uploads\/2025\/11\/PUMA-FERRARI-ENFANT.jpg","datePublished":"2025-11-30T14:22:35+00:00","dateModified":"2025-11-30T14:40:49+00:00","breadcrumb":{"@id":"https:\/\/toysmaniacornermonaco.com\/produit\/casquette-scuderia-ferrari-f1-puma-kids-2025\/#breadcrumb"},"inLanguage":"en-US","potentialAction":[{"@type":"ReadAction","target":["https:\/\/toysmaniacornermonaco.com\/produit\/casquette-scuderia-ferrari-f1-puma-kids-2025\/"]}]},{"@type":"ImageObject","inLanguage":"en-US","@id":"https:\/\/toysmaniacornermonaco.com\/produit\/casquette-scuderia-ferrari-f1-puma-kids-2025\/#primaryimage","url":"https:\/\/toysmaniacornermonaco.com\/wp-content\/uploads\/2025\/11\/PUMA-FERRARI-ENFANT.jpg","contentUrl":"https:\/\/toysmaniacornermonaco.com\/wp-content\/uploads\/2025\/11\/PUMA-FERRARI-ENFANT.jpg","width":385,"height":254},{"@type":"BreadcrumbList","@id":"https:\/\/toysmaniacornermonaco.com\/produit\/casquette-scuderia-ferrari-f1-puma-kids-2025\/#breadcrumb","itemListElement":[{"@type":"ListItem","position":1,"name":"Accueil","item":"https:\/\/toysmaniacornermonaco.com\/en\/"},{"@type":"ListItem","position":2,"name":"Shop","item":"https:\/\/toysmaniacornermonaco.com\/en\/shop\/"},{"@type":"ListItem","position":3,"name":"Casquette Scuderia Ferrari F1 Puma Kids 2025"}]},{"@type":"WebSite","@id":"https:\/\/toysmaniacornermonaco.com\/#website","url":"https:\/\/toysmaniacornermonaco.com\/","name":"TOY&#039;S MANIA","description":"VOTRE CONCEPT STORE \u00c0 MONACO","potentialAction":[{"@type":"SearchAction","target":{"@type":"EntryPoint","urlTemplate":"https:\/\/toysmaniacornermonaco.com\/?s={search_term_string}"},"query-input":"required name=search_term_string"}],"inLanguage":"en-US"}]}},"_links":{"self":[{"href":"https:\/\/toysmaniacornermonaco.com\/en\/wp-json\/wp\/v2\/product\/6183","targetHints":{"allow":["GET"]}}],"collection":[{"href":"https:\/\/toysmaniacornermonaco.com\/en\/wp-json\/wp\/v2\/product"}],"about":[{"href":"https:\/\/toysmaniacornermonaco.com\/en\/wp-json\/wp\/v2\/types\/product"}],"replies":[{"embeddable":true,"href":"https:\/\/toysmaniacornermonaco.com\/en\/wp-json\/wp\/v2\/comments?post=6183"}],"wp:featuredmedia":[{"embeddable":true,"href":"https:\/\/toysmaniacornermonaco.com\/en\/wp-json\/wp\/v2\/media\/6184"}],"wp:attachment":[{"href":"https:\/\/toysmaniacornermonaco.com\/en\/wp-json\/wp\/v2\/media?parent=6183"}],"wp:term":[{"taxonomy":"product_cat","embeddable":true,"href":"https:\/\/toysmaniacornermonaco.com\/en\/wp-json\/wp\/v2\/product_cat?post=6183"},{"taxonomy":"product_tag","embeddable":true,"href":"https:\/\/toysmaniacornermonaco.com\/en\/wp-json\/wp\/v2\/product_tag?post=6183"}],"curies":[{"name":"wp","href":"https:\/\/api.w.org\/{rel}","templated":true}]}}