{"id":6195,"date":"2025-12-07T14:58:24","date_gmt":"2025-12-07T13:58:24","guid":{"rendered":"https:\/\/toysmaniacornermonaco.com\/?post_type=product&#038;p=6195"},"modified":"2025-12-07T15:09:02","modified_gmt":"2025-12-07T14:09:02","slug":"puma-scuderia-ferrari-f1-casquette-lewis-hamilton-2025-kids","status":"publish","type":"product","link":"https:\/\/toysmaniacornermonaco.com\/en\/produit\/puma-scuderia-ferrari-f1-casquette-lewis-hamilton-2025-kids\/","title":{"rendered":"PUMA Scuderia Ferrari F1 Casquette Lewis Hamilton 2025 KIDS"},"content":{"rendered":"<p class=\"isSelectedEnd\">Description du produit<br \/>\nCasquette officielle Scuderia Ferrari F1 junior d\u00e9di\u00e9e \u00e0 Lewis Hamilton, sign\u00e9e Puma pour la saison 2025. Con\u00e7ue pour offrir l\u00e9g\u00e8ret\u00e9, respirabilit\u00e9 et ajustement optimal, elle garantit un excellent confort au quotidien tout en mettant en avant l\u2019univers embl\u00e9matique de Ferrari et du pilote l\u00e9gendaire.<\/p>\n<p>REF :701233011001<br \/>\nGEN CODE : 4069156238251<br \/>\nCouleur : Rouge<br \/>\nMarque : Ferrari \/ Puma<\/p>\n","protected":false},"excerpt":{"rendered":"Description du produit Casquette officielle Scuderia Ferrari F1 junior d\u00e9di\u00e9e \u00e0 Lewis Hamilton, sign\u00e9e Puma pour la saison 2025. Con\u00e7ue pour offrir l\u00e9g\u00e8ret\u00e9, respirabilit\u00e9 et ajustement optimal, elle garantit un excellent confort au quotidien tout en mettant en avant l\u2019univers embl\u00e9matique de Ferrari et du pilote l\u00e9gendaire. REF :701233011001 GEN CODE : 4069156238251 Couleur :&#8230; <a class=\"view-article\" href=\"https:\/\/toysmaniacornermonaco.com\/en\/produit\/puma-scuderia-ferrari-f1-casquette-lewis-hamilton-2025-kids\/\">View Article<\/a>","protected":false},"featured_media":6196,"comment_status":"closed","ping_status":"closed","template":"","meta":{"_acf_changed":false},"product_cat":[711,390],"product_tag":[],"class_list":{"0":"post-6195","1":"product","2":"type-product","3":"status-publish","4":"has-post-thumbnail","6":"marque-ferrari","7":"idee_cadeau-enfants","8":"idee_cadeau-formula-one-f1","9":"product_cat-casquette","10":"product_cat-vetements-et-accessoires","11":"product_shipping_class-moyencolis","13":"first","14":"instock","15":"taxable","16":"shipping-taxable","17":"purchasable","18":"product-type-simple"},"acf":[],"yoast_head":"<!-- This site is optimized with the Yoast SEO plugin v22.3 - https:\/\/yoast.com\/wordpress\/plugins\/seo\/ -->\n<title>PUMA Scuderia Ferrari F1 Casquette Lewis Hamilton 2025 KIDS - TOY&#039;S MANIA<\/title>\n<meta name=\"robots\" content=\"index, follow, max-snippet:-1, max-image-preview:large, max-video-preview:-1\" \/>\n<link rel=\"canonical\" href=\"https:\/\/toysmaniacornermonaco.com\/produit\/puma-scuderia-ferrari-f1-casquette-lewis-hamilton-2025-kids\/\" \/>\n<meta property=\"og:locale\" content=\"en_US\" \/>\n<meta property=\"og:type\" content=\"article\" \/>\n<meta property=\"og:title\" content=\"PUMA Scuderia Ferrari F1 Casquette Lewis Hamilton 2025 KIDS - TOY&#039;S MANIA\" \/>\n<meta property=\"og:description\" content=\"Description du produit Casquette officielle Scuderia Ferrari F1 junior d\u00e9di\u00e9e \u00e0 Lewis Hamilton, sign\u00e9e Puma pour la saison 2025. Con\u00e7ue pour offrir l\u00e9g\u00e8ret\u00e9, respirabilit\u00e9 et ajustement optimal, elle garantit un excellent confort au quotidien tout en mettant en avant l\u2019univers embl\u00e9matique de Ferrari et du pilote l\u00e9gendaire. REF :701233011001 GEN CODE : 4069156238251 Couleur :... View Article\" \/>\n<meta property=\"og:url\" content=\"https:\/\/toysmaniacornermonaco.com\/produit\/puma-scuderia-ferrari-f1-casquette-lewis-hamilton-2025-kids\/\" \/>\n<meta property=\"og:site_name\" content=\"TOY&#039;S MANIA\" \/>\n<meta property=\"article:modified_time\" content=\"2025-12-07T14:09:02+00:00\" \/>\n<meta property=\"og:image\" content=\"https:\/\/toysmaniacornermonaco.com\/wp-content\/uploads\/2025\/12\/lewis.jpg\" \/>\n\t<meta property=\"og:image:width\" content=\"385\" \/>\n\t<meta property=\"og:image:height\" content=\"255\" \/>\n\t<meta property=\"og:image:type\" content=\"image\/jpeg\" \/>\n<meta name=\"twitter:card\" content=\"summary_large_image\" \/>\n<meta name=\"twitter:label1\" content=\"Est. reading time\" \/>\n\t<meta name=\"twitter:data1\" content=\"1 minute\" \/>\n<script type=\"application\/ld+json\" class=\"yoast-schema-graph\">{\"@context\":\"https:\/\/schema.org\",\"@graph\":[{\"@type\":\"WebPage\",\"@id\":\"https:\/\/toysmaniacornermonaco.com\/produit\/puma-scuderia-ferrari-f1-casquette-lewis-hamilton-2025-kids\/\",\"url\":\"https:\/\/toysmaniacornermonaco.com\/produit\/puma-scuderia-ferrari-f1-casquette-lewis-hamilton-2025-kids\/\",\"name\":\"PUMA Scuderia Ferrari F1 Casquette Lewis Hamilton 2025 KIDS - TOY&#039;S MANIA\",\"isPartOf\":{\"@id\":\"https:\/\/toysmaniacornermonaco.com\/#website\"},\"primaryImageOfPage\":{\"@id\":\"https:\/\/toysmaniacornermonaco.com\/produit\/puma-scuderia-ferrari-f1-casquette-lewis-hamilton-2025-kids\/#primaryimage\"},\"image\":{\"@id\":\"https:\/\/toysmaniacornermonaco.com\/produit\/puma-scuderia-ferrari-f1-casquette-lewis-hamilton-2025-kids\/#primaryimage\"},\"thumbnailUrl\":\"https:\/\/toysmaniacornermonaco.com\/wp-content\/uploads\/2025\/12\/lewis.jpg\",\"datePublished\":\"2025-12-07T13:58:24+00:00\",\"dateModified\":\"2025-12-07T14:09:02+00:00\",\"breadcrumb\":{\"@id\":\"https:\/\/toysmaniacornermonaco.com\/produit\/puma-scuderia-ferrari-f1-casquette-lewis-hamilton-2025-kids\/#breadcrumb\"},\"inLanguage\":\"en-US\",\"potentialAction\":[{\"@type\":\"ReadAction\",\"target\":[\"https:\/\/toysmaniacornermonaco.com\/produit\/puma-scuderia-ferrari-f1-casquette-lewis-hamilton-2025-kids\/\"]}]},{\"@type\":\"ImageObject\",\"inLanguage\":\"en-US\",\"@id\":\"https:\/\/toysmaniacornermonaco.com\/produit\/puma-scuderia-ferrari-f1-casquette-lewis-hamilton-2025-kids\/#primaryimage\",\"url\":\"https:\/\/toysmaniacornermonaco.com\/wp-content\/uploads\/2025\/12\/lewis.jpg\",\"contentUrl\":\"https:\/\/toysmaniacornermonaco.com\/wp-content\/uploads\/2025\/12\/lewis.jpg\",\"width\":385,\"height\":255},{\"@type\":\"BreadcrumbList\",\"@id\":\"https:\/\/toysmaniacornermonaco.com\/produit\/puma-scuderia-ferrari-f1-casquette-lewis-hamilton-2025-kids\/#breadcrumb\",\"itemListElement\":[{\"@type\":\"ListItem\",\"position\":1,\"name\":\"Accueil\",\"item\":\"https:\/\/toysmaniacornermonaco.com\/en\/\"},{\"@type\":\"ListItem\",\"position\":2,\"name\":\"Shop\",\"item\":\"https:\/\/toysmaniacornermonaco.com\/en\/shop\/\"},{\"@type\":\"ListItem\",\"position\":3,\"name\":\"PUMA Scuderia Ferrari F1 Casquette Lewis Hamilton 2025 KIDS\"}]},{\"@type\":\"WebSite\",\"@id\":\"https:\/\/toysmaniacornermonaco.com\/#website\",\"url\":\"https:\/\/toysmaniacornermonaco.com\/\",\"name\":\"TOY&#039;S MANIA\",\"description\":\"VOTRE CONCEPT STORE \u00c0 MONACO\",\"potentialAction\":[{\"@type\":\"SearchAction\",\"target\":{\"@type\":\"EntryPoint\",\"urlTemplate\":\"https:\/\/toysmaniacornermonaco.com\/?s={search_term_string}\"},\"query-input\":\"required name=search_term_string\"}],\"inLanguage\":\"en-US\"}]}<\/script>\n<!-- \/ Yoast SEO plugin. -->","yoast_head_json":{"title":"PUMA Scuderia Ferrari F1 Casquette Lewis Hamilton 2025 KIDS - TOY&#039;S MANIA","robots":{"index":"index","follow":"follow","max-snippet":"max-snippet:-1","max-image-preview":"max-image-preview:large","max-video-preview":"max-video-preview:-1"},"canonical":"https:\/\/toysmaniacornermonaco.com\/produit\/puma-scuderia-ferrari-f1-casquette-lewis-hamilton-2025-kids\/","og_locale":"en_US","og_type":"article","og_title":"PUMA Scuderia Ferrari F1 Casquette Lewis Hamilton 2025 KIDS - TOY&#039;S MANIA","og_description":"Description du produit Casquette officielle Scuderia Ferrari F1 junior d\u00e9di\u00e9e \u00e0 Lewis Hamilton, sign\u00e9e Puma pour la saison 2025. Con\u00e7ue pour offrir l\u00e9g\u00e8ret\u00e9, respirabilit\u00e9 et ajustement optimal, elle garantit un excellent confort au quotidien tout en mettant en avant l\u2019univers embl\u00e9matique de Ferrari et du pilote l\u00e9gendaire. REF :701233011001 GEN CODE : 4069156238251 Couleur :... View Article","og_url":"https:\/\/toysmaniacornermonaco.com\/produit\/puma-scuderia-ferrari-f1-casquette-lewis-hamilton-2025-kids\/","og_site_name":"TOY&#039;S MANIA","article_modified_time":"2025-12-07T14:09:02+00:00","og_image":[{"width":385,"height":255,"url":"https:\/\/toysmaniacornermonaco.com\/wp-content\/uploads\/2025\/12\/lewis.jpg","type":"image\/jpeg"}],"twitter_card":"summary_large_image","twitter_misc":{"Est. reading time":"1 minute"},"schema":{"@context":"https:\/\/schema.org","@graph":[{"@type":"WebPage","@id":"https:\/\/toysmaniacornermonaco.com\/produit\/puma-scuderia-ferrari-f1-casquette-lewis-hamilton-2025-kids\/","url":"https:\/\/toysmaniacornermonaco.com\/produit\/puma-scuderia-ferrari-f1-casquette-lewis-hamilton-2025-kids\/","name":"PUMA Scuderia Ferrari F1 Casquette Lewis Hamilton 2025 KIDS - TOY&#039;S MANIA","isPartOf":{"@id":"https:\/\/toysmaniacornermonaco.com\/#website"},"primaryImageOfPage":{"@id":"https:\/\/toysmaniacornermonaco.com\/produit\/puma-scuderia-ferrari-f1-casquette-lewis-hamilton-2025-kids\/#primaryimage"},"image":{"@id":"https:\/\/toysmaniacornermonaco.com\/produit\/puma-scuderia-ferrari-f1-casquette-lewis-hamilton-2025-kids\/#primaryimage"},"thumbnailUrl":"https:\/\/toysmaniacornermonaco.com\/wp-content\/uploads\/2025\/12\/lewis.jpg","datePublished":"2025-12-07T13:58:24+00:00","dateModified":"2025-12-07T14:09:02+00:00","breadcrumb":{"@id":"https:\/\/toysmaniacornermonaco.com\/produit\/puma-scuderia-ferrari-f1-casquette-lewis-hamilton-2025-kids\/#breadcrumb"},"inLanguage":"en-US","potentialAction":[{"@type":"ReadAction","target":["https:\/\/toysmaniacornermonaco.com\/produit\/puma-scuderia-ferrari-f1-casquette-lewis-hamilton-2025-kids\/"]}]},{"@type":"ImageObject","inLanguage":"en-US","@id":"https:\/\/toysmaniacornermonaco.com\/produit\/puma-scuderia-ferrari-f1-casquette-lewis-hamilton-2025-kids\/#primaryimage","url":"https:\/\/toysmaniacornermonaco.com\/wp-content\/uploads\/2025\/12\/lewis.jpg","contentUrl":"https:\/\/toysmaniacornermonaco.com\/wp-content\/uploads\/2025\/12\/lewis.jpg","width":385,"height":255},{"@type":"BreadcrumbList","@id":"https:\/\/toysmaniacornermonaco.com\/produit\/puma-scuderia-ferrari-f1-casquette-lewis-hamilton-2025-kids\/#breadcrumb","itemListElement":[{"@type":"ListItem","position":1,"name":"Accueil","item":"https:\/\/toysmaniacornermonaco.com\/en\/"},{"@type":"ListItem","position":2,"name":"Shop","item":"https:\/\/toysmaniacornermonaco.com\/en\/shop\/"},{"@type":"ListItem","position":3,"name":"PUMA Scuderia Ferrari F1 Casquette Lewis Hamilton 2025 KIDS"}]},{"@type":"WebSite","@id":"https:\/\/toysmaniacornermonaco.com\/#website","url":"https:\/\/toysmaniacornermonaco.com\/","name":"TOY&#039;S MANIA","description":"VOTRE CONCEPT STORE \u00c0 MONACO","potentialAction":[{"@type":"SearchAction","target":{"@type":"EntryPoint","urlTemplate":"https:\/\/toysmaniacornermonaco.com\/?s={search_term_string}"},"query-input":"required name=search_term_string"}],"inLanguage":"en-US"}]}},"_links":{"self":[{"href":"https:\/\/toysmaniacornermonaco.com\/en\/wp-json\/wp\/v2\/product\/6195","targetHints":{"allow":["GET"]}}],"collection":[{"href":"https:\/\/toysmaniacornermonaco.com\/en\/wp-json\/wp\/v2\/product"}],"about":[{"href":"https:\/\/toysmaniacornermonaco.com\/en\/wp-json\/wp\/v2\/types\/product"}],"replies":[{"embeddable":true,"href":"https:\/\/toysmaniacornermonaco.com\/en\/wp-json\/wp\/v2\/comments?post=6195"}],"wp:featuredmedia":[{"embeddable":true,"href":"https:\/\/toysmaniacornermonaco.com\/en\/wp-json\/wp\/v2\/media\/6196"}],"wp:attachment":[{"href":"https:\/\/toysmaniacornermonaco.com\/en\/wp-json\/wp\/v2\/media?parent=6195"}],"wp:term":[{"taxonomy":"product_cat","embeddable":true,"href":"https:\/\/toysmaniacornermonaco.com\/en\/wp-json\/wp\/v2\/product_cat?post=6195"},{"taxonomy":"product_tag","embeddable":true,"href":"https:\/\/toysmaniacornermonaco.com\/en\/wp-json\/wp\/v2\/product_tag?post=6195"}],"curies":[{"name":"wp","href":"https:\/\/api.w.org\/{rel}","templated":true}]}}