{"id":6202,"date":"2025-12-07T15:12:45","date_gmt":"2025-12-07T14:12:45","guid":{"rendered":"https:\/\/toysmaniacornermonaco.com\/?post_type=product&#038;p=6202"},"modified":"2025-12-07T15:19:45","modified_gmt":"2025-12-07T14:19:45","slug":"puma-scuderia-ferrari-casquette-classique-kids","status":"publish","type":"product","link":"https:\/\/toysmaniacornermonaco.com\/en\/produit\/puma-scuderia-ferrari-casquette-classique-kids\/","title":{"rendered":"PUMA Scuderia Ferrari \u2013 Casquette Classique kids"},"content":{"rendered":"<p class=\"isSelectedEnd\">Description du produit<br \/>\nCasquette officielle Scuderia Ferrari junior, con\u00e7ue par Puma dans un style classique et intemporel. L\u00e9g\u00e8re et agr\u00e9able \u00e0 porter, elle est dot\u00e9e d\u2019un syst\u00e8me de r\u00e9glage pour un ajustement parfait et offre un excellent confort tout au long de la journ\u00e9e, tout en mettant en valeur l\u2019identit\u00e9 embl\u00e9matique de Ferrari.<\/p>\n<p>REF : 701 223 466 001 000<br \/>\nGEN CODE :4065454621030<br \/>\nCouleur :Rouge<br \/>\nMarque : Ferrari \/ Puma<\/p>\n","protected":false},"excerpt":{"rendered":"Description du produit Casquette officielle Scuderia Ferrari junior, con\u00e7ue par Puma dans un style classique et intemporel. L\u00e9g\u00e8re et agr\u00e9able \u00e0 porter, elle est dot\u00e9e d\u2019un syst\u00e8me de r\u00e9glage pour un ajustement parfait et offre un excellent confort tout au long de la journ\u00e9e, tout en mettant en valeur l\u2019identit\u00e9 embl\u00e9matique de Ferrari. REF :&#8230; <a class=\"view-article\" href=\"https:\/\/toysmaniacornermonaco.com\/en\/produit\/puma-scuderia-ferrari-casquette-classique-kids\/\">View Article<\/a>","protected":false},"featured_media":6203,"comment_status":"closed","ping_status":"closed","template":"","meta":{"_acf_changed":false},"product_cat":[711,724,390],"product_tag":[],"class_list":{"0":"post-6202","1":"product","2":"type-product","3":"status-publish","4":"has-post-thumbnail","6":"marque-ferrari","7":"idee_cadeau-enfants","8":"product_cat-casquette","9":"product_cat-ferrari-casquette","10":"product_cat-vetements-et-accessoires","11":"product_shipping_class-moyencolis","13":"first","14":"instock","15":"taxable","16":"shipping-taxable","17":"purchasable","18":"product-type-simple"},"acf":[],"yoast_head":"<!-- This site is optimized with the Yoast SEO plugin v22.3 - https:\/\/yoast.com\/wordpress\/plugins\/seo\/ -->\n<title>PUMA Scuderia Ferrari \u2013 Casquette Classique kids - TOY&#039;S MANIA<\/title>\n<meta name=\"robots\" content=\"index, follow, max-snippet:-1, max-image-preview:large, max-video-preview:-1\" \/>\n<link rel=\"canonical\" href=\"https:\/\/toysmaniacornermonaco.com\/produit\/puma-scuderia-ferrari-casquette-classique-kids\/\" \/>\n<meta property=\"og:locale\" content=\"en_US\" \/>\n<meta property=\"og:type\" content=\"article\" \/>\n<meta property=\"og:title\" content=\"PUMA Scuderia Ferrari \u2013 Casquette Classique kids - TOY&#039;S MANIA\" \/>\n<meta property=\"og:description\" content=\"Description du produit Casquette officielle Scuderia Ferrari junior, con\u00e7ue par Puma dans un style classique et intemporel. L\u00e9g\u00e8re et agr\u00e9able \u00e0 porter, elle est dot\u00e9e d\u2019un syst\u00e8me de r\u00e9glage pour un ajustement parfait et offre un excellent confort tout au long de la journ\u00e9e, tout en mettant en valeur l\u2019identit\u00e9 embl\u00e9matique de Ferrari. REF :... View Article\" \/>\n<meta property=\"og:url\" content=\"https:\/\/toysmaniacornermonaco.com\/produit\/puma-scuderia-ferrari-casquette-classique-kids\/\" \/>\n<meta property=\"og:site_name\" content=\"TOY&#039;S MANIA\" \/>\n<meta property=\"article:modified_time\" content=\"2025-12-07T14:19:45+00:00\" \/>\n<meta property=\"og:image\" content=\"https:\/\/toysmaniacornermonaco.com\/wp-content\/uploads\/2025\/12\/ferrarired.jpg\" \/>\n\t<meta property=\"og:image:width\" content=\"385\" \/>\n\t<meta property=\"og:image:height\" content=\"389\" \/>\n\t<meta property=\"og:image:type\" content=\"image\/jpeg\" \/>\n<meta name=\"twitter:card\" content=\"summary_large_image\" \/>\n<meta name=\"twitter:label1\" content=\"Est. reading time\" \/>\n\t<meta name=\"twitter:data1\" content=\"1 minute\" \/>\n<script type=\"application\/ld+json\" class=\"yoast-schema-graph\">{\"@context\":\"https:\/\/schema.org\",\"@graph\":[{\"@type\":\"WebPage\",\"@id\":\"https:\/\/toysmaniacornermonaco.com\/produit\/puma-scuderia-ferrari-casquette-classique-kids\/\",\"url\":\"https:\/\/toysmaniacornermonaco.com\/produit\/puma-scuderia-ferrari-casquette-classique-kids\/\",\"name\":\"PUMA Scuderia Ferrari \u2013 Casquette Classique kids - TOY&#039;S MANIA\",\"isPartOf\":{\"@id\":\"https:\/\/toysmaniacornermonaco.com\/#website\"},\"primaryImageOfPage\":{\"@id\":\"https:\/\/toysmaniacornermonaco.com\/produit\/puma-scuderia-ferrari-casquette-classique-kids\/#primaryimage\"},\"image\":{\"@id\":\"https:\/\/toysmaniacornermonaco.com\/produit\/puma-scuderia-ferrari-casquette-classique-kids\/#primaryimage\"},\"thumbnailUrl\":\"https:\/\/toysmaniacornermonaco.com\/wp-content\/uploads\/2025\/12\/ferrarired.jpg\",\"datePublished\":\"2025-12-07T14:12:45+00:00\",\"dateModified\":\"2025-12-07T14:19:45+00:00\",\"breadcrumb\":{\"@id\":\"https:\/\/toysmaniacornermonaco.com\/produit\/puma-scuderia-ferrari-casquette-classique-kids\/#breadcrumb\"},\"inLanguage\":\"en-US\",\"potentialAction\":[{\"@type\":\"ReadAction\",\"target\":[\"https:\/\/toysmaniacornermonaco.com\/produit\/puma-scuderia-ferrari-casquette-classique-kids\/\"]}]},{\"@type\":\"ImageObject\",\"inLanguage\":\"en-US\",\"@id\":\"https:\/\/toysmaniacornermonaco.com\/produit\/puma-scuderia-ferrari-casquette-classique-kids\/#primaryimage\",\"url\":\"https:\/\/toysmaniacornermonaco.com\/wp-content\/uploads\/2025\/12\/ferrarired.jpg\",\"contentUrl\":\"https:\/\/toysmaniacornermonaco.com\/wp-content\/uploads\/2025\/12\/ferrarired.jpg\",\"width\":385,\"height\":389},{\"@type\":\"BreadcrumbList\",\"@id\":\"https:\/\/toysmaniacornermonaco.com\/produit\/puma-scuderia-ferrari-casquette-classique-kids\/#breadcrumb\",\"itemListElement\":[{\"@type\":\"ListItem\",\"position\":1,\"name\":\"Accueil\",\"item\":\"https:\/\/toysmaniacornermonaco.com\/en\/\"},{\"@type\":\"ListItem\",\"position\":2,\"name\":\"Shop\",\"item\":\"https:\/\/toysmaniacornermonaco.com\/en\/shop\/\"},{\"@type\":\"ListItem\",\"position\":3,\"name\":\"PUMA Scuderia Ferrari \u2013 Casquette Classique kids\"}]},{\"@type\":\"WebSite\",\"@id\":\"https:\/\/toysmaniacornermonaco.com\/#website\",\"url\":\"https:\/\/toysmaniacornermonaco.com\/\",\"name\":\"TOY&#039;S MANIA\",\"description\":\"VOTRE CONCEPT STORE \u00c0 MONACO\",\"potentialAction\":[{\"@type\":\"SearchAction\",\"target\":{\"@type\":\"EntryPoint\",\"urlTemplate\":\"https:\/\/toysmaniacornermonaco.com\/?s={search_term_string}\"},\"query-input\":\"required name=search_term_string\"}],\"inLanguage\":\"en-US\"}]}<\/script>\n<!-- \/ Yoast SEO plugin. -->","yoast_head_json":{"title":"PUMA Scuderia Ferrari \u2013 Casquette Classique kids - TOY&#039;S MANIA","robots":{"index":"index","follow":"follow","max-snippet":"max-snippet:-1","max-image-preview":"max-image-preview:large","max-video-preview":"max-video-preview:-1"},"canonical":"https:\/\/toysmaniacornermonaco.com\/produit\/puma-scuderia-ferrari-casquette-classique-kids\/","og_locale":"en_US","og_type":"article","og_title":"PUMA Scuderia Ferrari \u2013 Casquette Classique kids - TOY&#039;S MANIA","og_description":"Description du produit Casquette officielle Scuderia Ferrari junior, con\u00e7ue par Puma dans un style classique et intemporel. L\u00e9g\u00e8re et agr\u00e9able \u00e0 porter, elle est dot\u00e9e d\u2019un syst\u00e8me de r\u00e9glage pour un ajustement parfait et offre un excellent confort tout au long de la journ\u00e9e, tout en mettant en valeur l\u2019identit\u00e9 embl\u00e9matique de Ferrari. REF :... View Article","og_url":"https:\/\/toysmaniacornermonaco.com\/produit\/puma-scuderia-ferrari-casquette-classique-kids\/","og_site_name":"TOY&#039;S MANIA","article_modified_time":"2025-12-07T14:19:45+00:00","og_image":[{"width":385,"height":389,"url":"https:\/\/toysmaniacornermonaco.com\/wp-content\/uploads\/2025\/12\/ferrarired.jpg","type":"image\/jpeg"}],"twitter_card":"summary_large_image","twitter_misc":{"Est. reading time":"1 minute"},"schema":{"@context":"https:\/\/schema.org","@graph":[{"@type":"WebPage","@id":"https:\/\/toysmaniacornermonaco.com\/produit\/puma-scuderia-ferrari-casquette-classique-kids\/","url":"https:\/\/toysmaniacornermonaco.com\/produit\/puma-scuderia-ferrari-casquette-classique-kids\/","name":"PUMA Scuderia Ferrari \u2013 Casquette Classique kids - TOY&#039;S MANIA","isPartOf":{"@id":"https:\/\/toysmaniacornermonaco.com\/#website"},"primaryImageOfPage":{"@id":"https:\/\/toysmaniacornermonaco.com\/produit\/puma-scuderia-ferrari-casquette-classique-kids\/#primaryimage"},"image":{"@id":"https:\/\/toysmaniacornermonaco.com\/produit\/puma-scuderia-ferrari-casquette-classique-kids\/#primaryimage"},"thumbnailUrl":"https:\/\/toysmaniacornermonaco.com\/wp-content\/uploads\/2025\/12\/ferrarired.jpg","datePublished":"2025-12-07T14:12:45+00:00","dateModified":"2025-12-07T14:19:45+00:00","breadcrumb":{"@id":"https:\/\/toysmaniacornermonaco.com\/produit\/puma-scuderia-ferrari-casquette-classique-kids\/#breadcrumb"},"inLanguage":"en-US","potentialAction":[{"@type":"ReadAction","target":["https:\/\/toysmaniacornermonaco.com\/produit\/puma-scuderia-ferrari-casquette-classique-kids\/"]}]},{"@type":"ImageObject","inLanguage":"en-US","@id":"https:\/\/toysmaniacornermonaco.com\/produit\/puma-scuderia-ferrari-casquette-classique-kids\/#primaryimage","url":"https:\/\/toysmaniacornermonaco.com\/wp-content\/uploads\/2025\/12\/ferrarired.jpg","contentUrl":"https:\/\/toysmaniacornermonaco.com\/wp-content\/uploads\/2025\/12\/ferrarired.jpg","width":385,"height":389},{"@type":"BreadcrumbList","@id":"https:\/\/toysmaniacornermonaco.com\/produit\/puma-scuderia-ferrari-casquette-classique-kids\/#breadcrumb","itemListElement":[{"@type":"ListItem","position":1,"name":"Accueil","item":"https:\/\/toysmaniacornermonaco.com\/en\/"},{"@type":"ListItem","position":2,"name":"Shop","item":"https:\/\/toysmaniacornermonaco.com\/en\/shop\/"},{"@type":"ListItem","position":3,"name":"PUMA Scuderia Ferrari \u2013 Casquette Classique kids"}]},{"@type":"WebSite","@id":"https:\/\/toysmaniacornermonaco.com\/#website","url":"https:\/\/toysmaniacornermonaco.com\/","name":"TOY&#039;S MANIA","description":"VOTRE CONCEPT STORE \u00c0 MONACO","potentialAction":[{"@type":"SearchAction","target":{"@type":"EntryPoint","urlTemplate":"https:\/\/toysmaniacornermonaco.com\/?s={search_term_string}"},"query-input":"required name=search_term_string"}],"inLanguage":"en-US"}]}},"_links":{"self":[{"href":"https:\/\/toysmaniacornermonaco.com\/en\/wp-json\/wp\/v2\/product\/6202","targetHints":{"allow":["GET"]}}],"collection":[{"href":"https:\/\/toysmaniacornermonaco.com\/en\/wp-json\/wp\/v2\/product"}],"about":[{"href":"https:\/\/toysmaniacornermonaco.com\/en\/wp-json\/wp\/v2\/types\/product"}],"replies":[{"embeddable":true,"href":"https:\/\/toysmaniacornermonaco.com\/en\/wp-json\/wp\/v2\/comments?post=6202"}],"wp:featuredmedia":[{"embeddable":true,"href":"https:\/\/toysmaniacornermonaco.com\/en\/wp-json\/wp\/v2\/media\/6203"}],"wp:attachment":[{"href":"https:\/\/toysmaniacornermonaco.com\/en\/wp-json\/wp\/v2\/media?parent=6202"}],"wp:term":[{"taxonomy":"product_cat","embeddable":true,"href":"https:\/\/toysmaniacornermonaco.com\/en\/wp-json\/wp\/v2\/product_cat?post=6202"},{"taxonomy":"product_tag","embeddable":true,"href":"https:\/\/toysmaniacornermonaco.com\/en\/wp-json\/wp\/v2\/product_tag?post=6202"}],"curies":[{"name":"wp","href":"https:\/\/api.w.org\/{rel}","templated":true}]}}