{"id":6209,"date":"2025-12-07T15:20:47","date_gmt":"2025-12-07T14:20:47","guid":{"rendered":"https:\/\/toysmaniacornermonaco.com\/?post_type=product&#038;p=6209"},"modified":"2025-12-07T16:12:46","modified_gmt":"2025-12-07T15:12:46","slug":"puma-ferrari-casquette-classique-noir-kids","status":"publish","type":"product","link":"https:\/\/toysmaniacornermonaco.com\/en\/produit\/puma-ferrari-casquette-classique-noir-kids\/","title":{"rendered":"PUMA Ferrari \u2013 Casquette Classique Noir Kids"},"content":{"rendered":"<p class=\"isSelectedEnd\">Description du produit<br \/>\nCasquette officielle Ferrari junior sign\u00e9e Puma, au design classique et \u00e9l\u00e9gant. Con\u00e7ue pour un usage quotidien, elle offre une sensation de l\u00e9g\u00e8ret\u00e9, une bonne respirabilit\u00e9 et un syst\u00e8me de r\u00e9glage \u00e0 l\u2019arri\u00e8re pour un ajustement parfait. Id\u00e9ale pour afficher fi\u00e8rement les couleurs de la Scuderia Ferrari avec style.<\/p>\n<p>REF : 02607602<br \/>\nGEN CODE : 4067984137876<br \/>\nCouleur : Noir<br \/>\nMarque : Ferrari \/ Puma<\/p>\n","protected":false},"excerpt":{"rendered":"Description du produit Casquette officielle Ferrari junior sign\u00e9e Puma, au design classique et \u00e9l\u00e9gant. Con\u00e7ue pour un usage quotidien, elle offre une sensation de l\u00e9g\u00e8ret\u00e9, une bonne respirabilit\u00e9 et un syst\u00e8me de r\u00e9glage \u00e0 l\u2019arri\u00e8re pour un ajustement parfait. Id\u00e9ale pour afficher fi\u00e8rement les couleurs de la Scuderia Ferrari avec style. REF : 02607602 GEN&#8230; <a class=\"view-article\" href=\"https:\/\/toysmaniacornermonaco.com\/en\/produit\/puma-ferrari-casquette-classique-noir-kids\/\">View Article<\/a>","protected":false},"featured_media":6211,"comment_status":"closed","ping_status":"closed","template":"","meta":{"_acf_changed":false},"product_cat":[711,724,390],"product_tag":[],"class_list":{"0":"post-6209","1":"product","2":"type-product","3":"status-publish","4":"has-post-thumbnail","6":"marque-ferrari","7":"idee_cadeau-enfants","8":"idee_cadeau-formula-one-f1","9":"product_cat-casquette","10":"product_cat-ferrari-casquette","11":"product_cat-vetements-et-accessoires","12":"product_shipping_class-moyencolis","14":"first","15":"instock","16":"taxable","17":"shipping-taxable","18":"purchasable","19":"product-type-simple"},"acf":[],"yoast_head":"<!-- This site is optimized with the Yoast SEO plugin v22.3 - https:\/\/yoast.com\/wordpress\/plugins\/seo\/ -->\n<title>PUMA Ferrari \u2013 Casquette Classique Noir Kids - TOY&#039;S MANIA<\/title>\n<meta name=\"robots\" content=\"index, follow, max-snippet:-1, max-image-preview:large, max-video-preview:-1\" \/>\n<link rel=\"canonical\" href=\"https:\/\/toysmaniacornermonaco.com\/produit\/puma-ferrari-casquette-classique-noir-kids\/\" \/>\n<meta property=\"og:locale\" content=\"en_US\" \/>\n<meta property=\"og:type\" content=\"article\" \/>\n<meta property=\"og:title\" content=\"PUMA Ferrari \u2013 Casquette Classique Noir Kids - TOY&#039;S MANIA\" \/>\n<meta property=\"og:description\" content=\"Description du produit Casquette officielle Ferrari junior sign\u00e9e Puma, au design classique et \u00e9l\u00e9gant. Con\u00e7ue pour un usage quotidien, elle offre une sensation de l\u00e9g\u00e8ret\u00e9, une bonne respirabilit\u00e9 et un syst\u00e8me de r\u00e9glage \u00e0 l\u2019arri\u00e8re pour un ajustement parfait. Id\u00e9ale pour afficher fi\u00e8rement les couleurs de la Scuderia Ferrari avec style. REF : 02607602 GEN... View Article\" \/>\n<meta property=\"og:url\" content=\"https:\/\/toysmaniacornermonaco.com\/produit\/puma-ferrari-casquette-classique-noir-kids\/\" \/>\n<meta property=\"og:site_name\" content=\"TOY&#039;S MANIA\" \/>\n<meta property=\"article:modified_time\" content=\"2025-12-07T15:12:46+00:00\" \/>\n<meta property=\"og:image\" content=\"https:\/\/toysmaniacornermonaco.com\/wp-content\/uploads\/2025\/12\/FERRARIBLACK.jpg\" \/>\n\t<meta property=\"og:image:width\" content=\"385\" \/>\n\t<meta property=\"og:image:height\" content=\"261\" \/>\n\t<meta property=\"og:image:type\" content=\"image\/jpeg\" \/>\n<meta name=\"twitter:card\" content=\"summary_large_image\" \/>\n<meta name=\"twitter:label1\" content=\"Est. reading time\" \/>\n\t<meta name=\"twitter:data1\" content=\"1 minute\" \/>\n<script type=\"application\/ld+json\" class=\"yoast-schema-graph\">{\"@context\":\"https:\/\/schema.org\",\"@graph\":[{\"@type\":\"WebPage\",\"@id\":\"https:\/\/toysmaniacornermonaco.com\/produit\/puma-ferrari-casquette-classique-noir-kids\/\",\"url\":\"https:\/\/toysmaniacornermonaco.com\/produit\/puma-ferrari-casquette-classique-noir-kids\/\",\"name\":\"PUMA Ferrari \u2013 Casquette Classique Noir Kids - TOY&#039;S MANIA\",\"isPartOf\":{\"@id\":\"https:\/\/toysmaniacornermonaco.com\/#website\"},\"primaryImageOfPage\":{\"@id\":\"https:\/\/toysmaniacornermonaco.com\/produit\/puma-ferrari-casquette-classique-noir-kids\/#primaryimage\"},\"image\":{\"@id\":\"https:\/\/toysmaniacornermonaco.com\/produit\/puma-ferrari-casquette-classique-noir-kids\/#primaryimage\"},\"thumbnailUrl\":\"https:\/\/toysmaniacornermonaco.com\/wp-content\/uploads\/2025\/12\/FERRARIBLACK.jpg\",\"datePublished\":\"2025-12-07T14:20:47+00:00\",\"dateModified\":\"2025-12-07T15:12:46+00:00\",\"breadcrumb\":{\"@id\":\"https:\/\/toysmaniacornermonaco.com\/produit\/puma-ferrari-casquette-classique-noir-kids\/#breadcrumb\"},\"inLanguage\":\"en-US\",\"potentialAction\":[{\"@type\":\"ReadAction\",\"target\":[\"https:\/\/toysmaniacornermonaco.com\/produit\/puma-ferrari-casquette-classique-noir-kids\/\"]}]},{\"@type\":\"ImageObject\",\"inLanguage\":\"en-US\",\"@id\":\"https:\/\/toysmaniacornermonaco.com\/produit\/puma-ferrari-casquette-classique-noir-kids\/#primaryimage\",\"url\":\"https:\/\/toysmaniacornermonaco.com\/wp-content\/uploads\/2025\/12\/FERRARIBLACK.jpg\",\"contentUrl\":\"https:\/\/toysmaniacornermonaco.com\/wp-content\/uploads\/2025\/12\/FERRARIBLACK.jpg\",\"width\":385,\"height\":261},{\"@type\":\"BreadcrumbList\",\"@id\":\"https:\/\/toysmaniacornermonaco.com\/produit\/puma-ferrari-casquette-classique-noir-kids\/#breadcrumb\",\"itemListElement\":[{\"@type\":\"ListItem\",\"position\":1,\"name\":\"Accueil\",\"item\":\"https:\/\/toysmaniacornermonaco.com\/en\/\"},{\"@type\":\"ListItem\",\"position\":2,\"name\":\"Shop\",\"item\":\"https:\/\/toysmaniacornermonaco.com\/en\/shop\/\"},{\"@type\":\"ListItem\",\"position\":3,\"name\":\"PUMA Ferrari \u2013 Casquette Classique Noir Kids\"}]},{\"@type\":\"WebSite\",\"@id\":\"https:\/\/toysmaniacornermonaco.com\/#website\",\"url\":\"https:\/\/toysmaniacornermonaco.com\/\",\"name\":\"TOY&#039;S MANIA\",\"description\":\"VOTRE CONCEPT STORE \u00c0 MONACO\",\"potentialAction\":[{\"@type\":\"SearchAction\",\"target\":{\"@type\":\"EntryPoint\",\"urlTemplate\":\"https:\/\/toysmaniacornermonaco.com\/?s={search_term_string}\"},\"query-input\":\"required name=search_term_string\"}],\"inLanguage\":\"en-US\"}]}<\/script>\n<!-- \/ Yoast SEO plugin. -->","yoast_head_json":{"title":"PUMA Ferrari \u2013 Casquette Classique Noir Kids - TOY&#039;S MANIA","robots":{"index":"index","follow":"follow","max-snippet":"max-snippet:-1","max-image-preview":"max-image-preview:large","max-video-preview":"max-video-preview:-1"},"canonical":"https:\/\/toysmaniacornermonaco.com\/produit\/puma-ferrari-casquette-classique-noir-kids\/","og_locale":"en_US","og_type":"article","og_title":"PUMA Ferrari \u2013 Casquette Classique Noir Kids - TOY&#039;S MANIA","og_description":"Description du produit Casquette officielle Ferrari junior sign\u00e9e Puma, au design classique et \u00e9l\u00e9gant. Con\u00e7ue pour un usage quotidien, elle offre une sensation de l\u00e9g\u00e8ret\u00e9, une bonne respirabilit\u00e9 et un syst\u00e8me de r\u00e9glage \u00e0 l\u2019arri\u00e8re pour un ajustement parfait. Id\u00e9ale pour afficher fi\u00e8rement les couleurs de la Scuderia Ferrari avec style. REF : 02607602 GEN... View Article","og_url":"https:\/\/toysmaniacornermonaco.com\/produit\/puma-ferrari-casquette-classique-noir-kids\/","og_site_name":"TOY&#039;S MANIA","article_modified_time":"2025-12-07T15:12:46+00:00","og_image":[{"width":385,"height":261,"url":"https:\/\/toysmaniacornermonaco.com\/wp-content\/uploads\/2025\/12\/FERRARIBLACK.jpg","type":"image\/jpeg"}],"twitter_card":"summary_large_image","twitter_misc":{"Est. reading time":"1 minute"},"schema":{"@context":"https:\/\/schema.org","@graph":[{"@type":"WebPage","@id":"https:\/\/toysmaniacornermonaco.com\/produit\/puma-ferrari-casquette-classique-noir-kids\/","url":"https:\/\/toysmaniacornermonaco.com\/produit\/puma-ferrari-casquette-classique-noir-kids\/","name":"PUMA Ferrari \u2013 Casquette Classique Noir Kids - TOY&#039;S MANIA","isPartOf":{"@id":"https:\/\/toysmaniacornermonaco.com\/#website"},"primaryImageOfPage":{"@id":"https:\/\/toysmaniacornermonaco.com\/produit\/puma-ferrari-casquette-classique-noir-kids\/#primaryimage"},"image":{"@id":"https:\/\/toysmaniacornermonaco.com\/produit\/puma-ferrari-casquette-classique-noir-kids\/#primaryimage"},"thumbnailUrl":"https:\/\/toysmaniacornermonaco.com\/wp-content\/uploads\/2025\/12\/FERRARIBLACK.jpg","datePublished":"2025-12-07T14:20:47+00:00","dateModified":"2025-12-07T15:12:46+00:00","breadcrumb":{"@id":"https:\/\/toysmaniacornermonaco.com\/produit\/puma-ferrari-casquette-classique-noir-kids\/#breadcrumb"},"inLanguage":"en-US","potentialAction":[{"@type":"ReadAction","target":["https:\/\/toysmaniacornermonaco.com\/produit\/puma-ferrari-casquette-classique-noir-kids\/"]}]},{"@type":"ImageObject","inLanguage":"en-US","@id":"https:\/\/toysmaniacornermonaco.com\/produit\/puma-ferrari-casquette-classique-noir-kids\/#primaryimage","url":"https:\/\/toysmaniacornermonaco.com\/wp-content\/uploads\/2025\/12\/FERRARIBLACK.jpg","contentUrl":"https:\/\/toysmaniacornermonaco.com\/wp-content\/uploads\/2025\/12\/FERRARIBLACK.jpg","width":385,"height":261},{"@type":"BreadcrumbList","@id":"https:\/\/toysmaniacornermonaco.com\/produit\/puma-ferrari-casquette-classique-noir-kids\/#breadcrumb","itemListElement":[{"@type":"ListItem","position":1,"name":"Accueil","item":"https:\/\/toysmaniacornermonaco.com\/en\/"},{"@type":"ListItem","position":2,"name":"Shop","item":"https:\/\/toysmaniacornermonaco.com\/en\/shop\/"},{"@type":"ListItem","position":3,"name":"PUMA Ferrari \u2013 Casquette Classique Noir Kids"}]},{"@type":"WebSite","@id":"https:\/\/toysmaniacornermonaco.com\/#website","url":"https:\/\/toysmaniacornermonaco.com\/","name":"TOY&#039;S MANIA","description":"VOTRE CONCEPT STORE \u00c0 MONACO","potentialAction":[{"@type":"SearchAction","target":{"@type":"EntryPoint","urlTemplate":"https:\/\/toysmaniacornermonaco.com\/?s={search_term_string}"},"query-input":"required name=search_term_string"}],"inLanguage":"en-US"}]}},"_links":{"self":[{"href":"https:\/\/toysmaniacornermonaco.com\/en\/wp-json\/wp\/v2\/product\/6209","targetHints":{"allow":["GET"]}}],"collection":[{"href":"https:\/\/toysmaniacornermonaco.com\/en\/wp-json\/wp\/v2\/product"}],"about":[{"href":"https:\/\/toysmaniacornermonaco.com\/en\/wp-json\/wp\/v2\/types\/product"}],"replies":[{"embeddable":true,"href":"https:\/\/toysmaniacornermonaco.com\/en\/wp-json\/wp\/v2\/comments?post=6209"}],"wp:featuredmedia":[{"embeddable":true,"href":"https:\/\/toysmaniacornermonaco.com\/en\/wp-json\/wp\/v2\/media\/6211"}],"wp:attachment":[{"href":"https:\/\/toysmaniacornermonaco.com\/en\/wp-json\/wp\/v2\/media?parent=6209"}],"wp:term":[{"taxonomy":"product_cat","embeddable":true,"href":"https:\/\/toysmaniacornermonaco.com\/en\/wp-json\/wp\/v2\/product_cat?post=6209"},{"taxonomy":"product_tag","embeddable":true,"href":"https:\/\/toysmaniacornermonaco.com\/en\/wp-json\/wp\/v2\/product_tag?post=6209"}],"curies":[{"name":"wp","href":"https:\/\/api.w.org\/{rel}","templated":true}]}}