{"id":6210,"date":"2025-12-07T16:00:37","date_gmt":"2025-12-07T15:00:37","guid":{"rendered":"https:\/\/toysmaniacornermonaco.com\/?post_type=product&#038;p=6210"},"modified":"2025-12-08T08:50:11","modified_gmt":"2025-12-08T07:50:11","slug":"casquette-scudetto-monaco-monte-carlo-rouge-kids","status":"publish","type":"product","link":"https:\/\/toysmaniacornermonaco.com\/en\/produit\/casquette-scudetto-monaco-monte-carlo-rouge-kids\/","title":{"rendered":"Casquette SCUDETTO Monaco \/ Monte-Carlo Rouge Kids"},"content":{"rendered":"<p class=\"isSelectedEnd\">Description du produit<br \/>\nCasquette SCUDETTO junior au style racing discret, inspir\u00e9e de l\u2019univers embl\u00e9matique de Monaco et Monte-Carlo. L\u00e9g\u00e8re et confortable, elle est sp\u00e9cialement adapt\u00e9e aux plus jeunes gr\u00e2ce \u00e0 sa fermeture ajustable, offrant un maintien optimal tout au long de la journ\u00e9e. Un accessoire id\u00e9al pour les jeunes passionn\u00e9s de sport automobile.<\/p>\n<p>REF : 02-GP-04-20C<br \/>\nGEN CODE : 3523650016209<br \/>\nCouleur : Rouge<br \/>\nMarque : Monaco \/ Monte-Carlo<\/p>\n","protected":false},"excerpt":{"rendered":"Description du produit Casquette SCUDETTO junior au style racing discret, inspir\u00e9e de l\u2019univers embl\u00e9matique de Monaco et Monte-Carlo. L\u00e9g\u00e8re et confortable, elle est sp\u00e9cialement adapt\u00e9e aux plus jeunes gr\u00e2ce \u00e0 sa fermeture ajustable, offrant un maintien optimal tout au long de la journ\u00e9e. Un accessoire id\u00e9al pour les jeunes passionn\u00e9s de sport automobile. REF :&#8230; <a class=\"view-article\" href=\"https:\/\/toysmaniacornermonaco.com\/en\/produit\/casquette-scudetto-monaco-monte-carlo-rouge-kids\/\">View Article<\/a>","protected":false},"featured_media":6218,"comment_status":"closed","ping_status":"closed","template":"","meta":{"_acf_changed":false},"product_cat":[711,724,390],"product_tag":[],"class_list":{"0":"post-6210","1":"product","2":"type-product","3":"status-publish","4":"has-post-thumbnail","6":"marque-monaco","7":"idee_cadeau-enfants","8":"idee_cadeau-formula-one-f1","9":"idee_cadeau-noel","10":"product_cat-casquette","11":"product_cat-ferrari-casquette","12":"product_cat-vetements-et-accessoires","13":"product_shipping_class-moyencolis","15":"first","16":"instock","17":"downloadable","18":"taxable","19":"shipping-taxable","20":"purchasable","21":"product-type-simple"},"acf":[],"yoast_head":"<!-- This site is optimized with the Yoast SEO plugin v22.3 - https:\/\/yoast.com\/wordpress\/plugins\/seo\/ -->\n<title>Casquette SCUDETTO Monaco \/ Monte-Carlo Rouge Kids - TOY&#039;S MANIA<\/title>\n<meta name=\"robots\" content=\"index, follow, max-snippet:-1, max-image-preview:large, max-video-preview:-1\" \/>\n<link rel=\"canonical\" href=\"https:\/\/toysmaniacornermonaco.com\/produit\/casquette-scudetto-monaco-monte-carlo-rouge-kids\/\" \/>\n<meta property=\"og:locale\" content=\"en_US\" \/>\n<meta property=\"og:type\" content=\"article\" \/>\n<meta property=\"og:title\" content=\"Casquette SCUDETTO Monaco \/ Monte-Carlo Rouge Kids - TOY&#039;S MANIA\" \/>\n<meta property=\"og:description\" content=\"Description du produit Casquette SCUDETTO junior au style racing discret, inspir\u00e9e de l\u2019univers embl\u00e9matique de Monaco et Monte-Carlo. L\u00e9g\u00e8re et confortable, elle est sp\u00e9cialement adapt\u00e9e aux plus jeunes gr\u00e2ce \u00e0 sa fermeture ajustable, offrant un maintien optimal tout au long de la journ\u00e9e. Un accessoire id\u00e9al pour les jeunes passionn\u00e9s de sport automobile. REF :... View Article\" \/>\n<meta property=\"og:url\" content=\"https:\/\/toysmaniacornermonaco.com\/produit\/casquette-scudetto-monaco-monte-carlo-rouge-kids\/\" \/>\n<meta property=\"og:site_name\" content=\"TOY&#039;S MANIA\" \/>\n<meta property=\"article:modified_time\" content=\"2025-12-08T07:50:11+00:00\" \/>\n<meta property=\"og:image\" content=\"https:\/\/toysmaniacornermonaco.com\/wp-content\/uploads\/2025\/12\/mc.png\" \/>\n\t<meta property=\"og:image:width\" content=\"452\" \/>\n\t<meta property=\"og:image:height\" content=\"452\" \/>\n\t<meta property=\"og:image:type\" content=\"image\/png\" \/>\n<meta name=\"twitter:card\" content=\"summary_large_image\" \/>\n<meta name=\"twitter:label1\" content=\"Est. reading time\" \/>\n\t<meta name=\"twitter:data1\" content=\"1 minute\" \/>\n<script type=\"application\/ld+json\" class=\"yoast-schema-graph\">{\"@context\":\"https:\/\/schema.org\",\"@graph\":[{\"@type\":\"WebPage\",\"@id\":\"https:\/\/toysmaniacornermonaco.com\/produit\/casquette-scudetto-monaco-monte-carlo-rouge-kids\/\",\"url\":\"https:\/\/toysmaniacornermonaco.com\/produit\/casquette-scudetto-monaco-monte-carlo-rouge-kids\/\",\"name\":\"Casquette SCUDETTO Monaco \/ Monte-Carlo Rouge Kids - TOY&#039;S MANIA\",\"isPartOf\":{\"@id\":\"https:\/\/toysmaniacornermonaco.com\/#website\"},\"primaryImageOfPage\":{\"@id\":\"https:\/\/toysmaniacornermonaco.com\/produit\/casquette-scudetto-monaco-monte-carlo-rouge-kids\/#primaryimage\"},\"image\":{\"@id\":\"https:\/\/toysmaniacornermonaco.com\/produit\/casquette-scudetto-monaco-monte-carlo-rouge-kids\/#primaryimage\"},\"thumbnailUrl\":\"https:\/\/toysmaniacornermonaco.com\/wp-content\/uploads\/2025\/12\/mc.png\",\"datePublished\":\"2025-12-07T15:00:37+00:00\",\"dateModified\":\"2025-12-08T07:50:11+00:00\",\"breadcrumb\":{\"@id\":\"https:\/\/toysmaniacornermonaco.com\/produit\/casquette-scudetto-monaco-monte-carlo-rouge-kids\/#breadcrumb\"},\"inLanguage\":\"en-US\",\"potentialAction\":[{\"@type\":\"ReadAction\",\"target\":[\"https:\/\/toysmaniacornermonaco.com\/produit\/casquette-scudetto-monaco-monte-carlo-rouge-kids\/\"]}]},{\"@type\":\"ImageObject\",\"inLanguage\":\"en-US\",\"@id\":\"https:\/\/toysmaniacornermonaco.com\/produit\/casquette-scudetto-monaco-monte-carlo-rouge-kids\/#primaryimage\",\"url\":\"https:\/\/toysmaniacornermonaco.com\/wp-content\/uploads\/2025\/12\/mc.png\",\"contentUrl\":\"https:\/\/toysmaniacornermonaco.com\/wp-content\/uploads\/2025\/12\/mc.png\",\"width\":452,\"height\":452},{\"@type\":\"BreadcrumbList\",\"@id\":\"https:\/\/toysmaniacornermonaco.com\/produit\/casquette-scudetto-monaco-monte-carlo-rouge-kids\/#breadcrumb\",\"itemListElement\":[{\"@type\":\"ListItem\",\"position\":1,\"name\":\"Accueil\",\"item\":\"https:\/\/toysmaniacornermonaco.com\/en\/\"},{\"@type\":\"ListItem\",\"position\":2,\"name\":\"Shop\",\"item\":\"https:\/\/toysmaniacornermonaco.com\/en\/shop\/\"},{\"@type\":\"ListItem\",\"position\":3,\"name\":\"Casquette SCUDETTO Monaco \/ Monte-Carlo Rouge Kids\"}]},{\"@type\":\"WebSite\",\"@id\":\"https:\/\/toysmaniacornermonaco.com\/#website\",\"url\":\"https:\/\/toysmaniacornermonaco.com\/\",\"name\":\"TOY&#039;S MANIA\",\"description\":\"VOTRE CONCEPT STORE \u00c0 MONACO\",\"potentialAction\":[{\"@type\":\"SearchAction\",\"target\":{\"@type\":\"EntryPoint\",\"urlTemplate\":\"https:\/\/toysmaniacornermonaco.com\/?s={search_term_string}\"},\"query-input\":\"required name=search_term_string\"}],\"inLanguage\":\"en-US\"}]}<\/script>\n<!-- \/ Yoast SEO plugin. -->","yoast_head_json":{"title":"Casquette SCUDETTO Monaco \/ Monte-Carlo Rouge Kids - TOY&#039;S MANIA","robots":{"index":"index","follow":"follow","max-snippet":"max-snippet:-1","max-image-preview":"max-image-preview:large","max-video-preview":"max-video-preview:-1"},"canonical":"https:\/\/toysmaniacornermonaco.com\/produit\/casquette-scudetto-monaco-monte-carlo-rouge-kids\/","og_locale":"en_US","og_type":"article","og_title":"Casquette SCUDETTO Monaco \/ Monte-Carlo Rouge Kids - TOY&#039;S MANIA","og_description":"Description du produit Casquette SCUDETTO junior au style racing discret, inspir\u00e9e de l\u2019univers embl\u00e9matique de Monaco et Monte-Carlo. L\u00e9g\u00e8re et confortable, elle est sp\u00e9cialement adapt\u00e9e aux plus jeunes gr\u00e2ce \u00e0 sa fermeture ajustable, offrant un maintien optimal tout au long de la journ\u00e9e. Un accessoire id\u00e9al pour les jeunes passionn\u00e9s de sport automobile. REF :... View Article","og_url":"https:\/\/toysmaniacornermonaco.com\/produit\/casquette-scudetto-monaco-monte-carlo-rouge-kids\/","og_site_name":"TOY&#039;S MANIA","article_modified_time":"2025-12-08T07:50:11+00:00","og_image":[{"width":452,"height":452,"url":"https:\/\/toysmaniacornermonaco.com\/wp-content\/uploads\/2025\/12\/mc.png","type":"image\/png"}],"twitter_card":"summary_large_image","twitter_misc":{"Est. reading time":"1 minute"},"schema":{"@context":"https:\/\/schema.org","@graph":[{"@type":"WebPage","@id":"https:\/\/toysmaniacornermonaco.com\/produit\/casquette-scudetto-monaco-monte-carlo-rouge-kids\/","url":"https:\/\/toysmaniacornermonaco.com\/produit\/casquette-scudetto-monaco-monte-carlo-rouge-kids\/","name":"Casquette SCUDETTO Monaco \/ Monte-Carlo Rouge Kids - TOY&#039;S MANIA","isPartOf":{"@id":"https:\/\/toysmaniacornermonaco.com\/#website"},"primaryImageOfPage":{"@id":"https:\/\/toysmaniacornermonaco.com\/produit\/casquette-scudetto-monaco-monte-carlo-rouge-kids\/#primaryimage"},"image":{"@id":"https:\/\/toysmaniacornermonaco.com\/produit\/casquette-scudetto-monaco-monte-carlo-rouge-kids\/#primaryimage"},"thumbnailUrl":"https:\/\/toysmaniacornermonaco.com\/wp-content\/uploads\/2025\/12\/mc.png","datePublished":"2025-12-07T15:00:37+00:00","dateModified":"2025-12-08T07:50:11+00:00","breadcrumb":{"@id":"https:\/\/toysmaniacornermonaco.com\/produit\/casquette-scudetto-monaco-monte-carlo-rouge-kids\/#breadcrumb"},"inLanguage":"en-US","potentialAction":[{"@type":"ReadAction","target":["https:\/\/toysmaniacornermonaco.com\/produit\/casquette-scudetto-monaco-monte-carlo-rouge-kids\/"]}]},{"@type":"ImageObject","inLanguage":"en-US","@id":"https:\/\/toysmaniacornermonaco.com\/produit\/casquette-scudetto-monaco-monte-carlo-rouge-kids\/#primaryimage","url":"https:\/\/toysmaniacornermonaco.com\/wp-content\/uploads\/2025\/12\/mc.png","contentUrl":"https:\/\/toysmaniacornermonaco.com\/wp-content\/uploads\/2025\/12\/mc.png","width":452,"height":452},{"@type":"BreadcrumbList","@id":"https:\/\/toysmaniacornermonaco.com\/produit\/casquette-scudetto-monaco-monte-carlo-rouge-kids\/#breadcrumb","itemListElement":[{"@type":"ListItem","position":1,"name":"Accueil","item":"https:\/\/toysmaniacornermonaco.com\/en\/"},{"@type":"ListItem","position":2,"name":"Shop","item":"https:\/\/toysmaniacornermonaco.com\/en\/shop\/"},{"@type":"ListItem","position":3,"name":"Casquette SCUDETTO Monaco \/ Monte-Carlo Rouge Kids"}]},{"@type":"WebSite","@id":"https:\/\/toysmaniacornermonaco.com\/#website","url":"https:\/\/toysmaniacornermonaco.com\/","name":"TOY&#039;S MANIA","description":"VOTRE CONCEPT STORE \u00c0 MONACO","potentialAction":[{"@type":"SearchAction","target":{"@type":"EntryPoint","urlTemplate":"https:\/\/toysmaniacornermonaco.com\/?s={search_term_string}"},"query-input":"required name=search_term_string"}],"inLanguage":"en-US"}]}},"_links":{"self":[{"href":"https:\/\/toysmaniacornermonaco.com\/en\/wp-json\/wp\/v2\/product\/6210","targetHints":{"allow":["GET"]}}],"collection":[{"href":"https:\/\/toysmaniacornermonaco.com\/en\/wp-json\/wp\/v2\/product"}],"about":[{"href":"https:\/\/toysmaniacornermonaco.com\/en\/wp-json\/wp\/v2\/types\/product"}],"replies":[{"embeddable":true,"href":"https:\/\/toysmaniacornermonaco.com\/en\/wp-json\/wp\/v2\/comments?post=6210"}],"wp:featuredmedia":[{"embeddable":true,"href":"https:\/\/toysmaniacornermonaco.com\/en\/wp-json\/wp\/v2\/media\/6218"}],"wp:attachment":[{"href":"https:\/\/toysmaniacornermonaco.com\/en\/wp-json\/wp\/v2\/media?parent=6210"}],"wp:term":[{"taxonomy":"product_cat","embeddable":true,"href":"https:\/\/toysmaniacornermonaco.com\/en\/wp-json\/wp\/v2\/product_cat?post=6210"},{"taxonomy":"product_tag","embeddable":true,"href":"https:\/\/toysmaniacornermonaco.com\/en\/wp-json\/wp\/v2\/product_tag?post=6210"}],"curies":[{"name":"wp","href":"https:\/\/api.w.org\/{rel}","templated":true}]}}