{"id":6222,"date":"2025-12-08T08:57:28","date_gmt":"2025-12-08T07:57:28","guid":{"rendered":"https:\/\/toysmaniacornermonaco.com\/?post_type=product&#038;p=6222"},"modified":"2025-12-08T09:00:46","modified_gmt":"2025-12-08T08:00:46","slug":"mercedes-amg-petronas-formula-one-team-kids","status":"publish","type":"product","link":"https:\/\/toysmaniacornermonaco.com\/en\/produit\/mercedes-amg-petronas-formula-one-team-kids\/","title":{"rendered":"Mercedes-AMG Petronas Formula One Team Kids"},"content":{"rendered":"<p class=\"isSelectedEnd\">Description du produit<br \/>\nCasquette officielle de l\u2019\u00e9quipe Mercedes-AMG Petronas Formula One Team, con\u00e7ue dans un esprit racing moderne. L\u00e9g\u00e8re et confortable, elle est \u00e9quip\u00e9e d\u2019un syst\u00e8me de r\u00e9glage pour un ajustement pr\u00e9cis et offre un excellent maintien tout au long de la journ\u00e9e. Un accessoire id\u00e9al pour afficher son soutien \u00e0 l\u2019\u00e9curie iconique de la F1 avec style.<\/p>\n<p>REF : 701 202 241 001<br \/>\nGEN CODE : 8719203248684<br \/>\nCouleur : Noir<br \/>\nMarque : Mercedes-AMG Petronas<\/p>\n","protected":false},"excerpt":{"rendered":"Description du produit Casquette officielle de l\u2019\u00e9quipe Mercedes-AMG Petronas Formula One Team, con\u00e7ue dans un esprit racing moderne. L\u00e9g\u00e8re et confortable, elle est \u00e9quip\u00e9e d\u2019un syst\u00e8me de r\u00e9glage pour un ajustement pr\u00e9cis et offre un excellent maintien tout au long de la journ\u00e9e. Un accessoire id\u00e9al pour afficher son soutien \u00e0 l\u2019\u00e9curie iconique de la&#8230; <a class=\"view-article\" href=\"https:\/\/toysmaniacornermonaco.com\/en\/produit\/mercedes-amg-petronas-formula-one-team-kids\/\">View Article<\/a>","protected":false},"featured_media":6223,"comment_status":"closed","ping_status":"closed","template":"","meta":{"_acf_changed":false},"product_cat":[711,724,390],"product_tag":[],"class_list":{"0":"post-6222","1":"product","2":"type-product","3":"status-publish","4":"has-post-thumbnail","6":"marque-mercedes","7":"idee_cadeau-enfants","8":"idee_cadeau-formula-one-f1","9":"idee_cadeau-noel","10":"product_cat-casquette","11":"product_cat-ferrari-casquette","12":"product_cat-vetements-et-accessoires","13":"product_shipping_class-moyencolis","15":"first","16":"instock","17":"taxable","18":"shipping-taxable","19":"purchasable","20":"product-type-simple"},"acf":[],"yoast_head":"<!-- This site is optimized with the Yoast SEO plugin v22.3 - https:\/\/yoast.com\/wordpress\/plugins\/seo\/ -->\n<title>Mercedes-AMG Petronas Formula One Team Kids - TOY&#039;S MANIA<\/title>\n<meta name=\"robots\" content=\"index, follow, max-snippet:-1, max-image-preview:large, max-video-preview:-1\" \/>\n<link rel=\"canonical\" href=\"https:\/\/toysmaniacornermonaco.com\/produit\/mercedes-amg-petronas-formula-one-team-kids\/\" \/>\n<meta property=\"og:locale\" content=\"en_US\" \/>\n<meta property=\"og:type\" content=\"article\" \/>\n<meta property=\"og:title\" content=\"Mercedes-AMG Petronas Formula One Team Kids - TOY&#039;S MANIA\" \/>\n<meta property=\"og:description\" content=\"Description du produit Casquette officielle de l\u2019\u00e9quipe Mercedes-AMG Petronas Formula One Team, con\u00e7ue dans un esprit racing moderne. L\u00e9g\u00e8re et confortable, elle est \u00e9quip\u00e9e d\u2019un syst\u00e8me de r\u00e9glage pour un ajustement pr\u00e9cis et offre un excellent maintien tout au long de la journ\u00e9e. Un accessoire id\u00e9al pour afficher son soutien \u00e0 l\u2019\u00e9curie iconique de la... View Article\" \/>\n<meta property=\"og:url\" content=\"https:\/\/toysmaniacornermonaco.com\/produit\/mercedes-amg-petronas-formula-one-team-kids\/\" \/>\n<meta property=\"og:site_name\" content=\"TOY&#039;S MANIA\" \/>\n<meta property=\"article:modified_time\" content=\"2025-12-08T08:00:46+00:00\" \/>\n<meta property=\"og:image\" content=\"https:\/\/toysmaniacornermonaco.com\/wp-content\/uploads\/2025\/12\/AMG.jpg\" \/>\n\t<meta property=\"og:image:width\" content=\"385\" \/>\n\t<meta property=\"og:image:height\" content=\"340\" \/>\n\t<meta property=\"og:image:type\" content=\"image\/jpeg\" \/>\n<meta name=\"twitter:card\" content=\"summary_large_image\" \/>\n<meta name=\"twitter:label1\" content=\"Est. reading time\" \/>\n\t<meta name=\"twitter:data1\" content=\"1 minute\" \/>\n<script type=\"application\/ld+json\" class=\"yoast-schema-graph\">{\"@context\":\"https:\/\/schema.org\",\"@graph\":[{\"@type\":\"WebPage\",\"@id\":\"https:\/\/toysmaniacornermonaco.com\/produit\/mercedes-amg-petronas-formula-one-team-kids\/\",\"url\":\"https:\/\/toysmaniacornermonaco.com\/produit\/mercedes-amg-petronas-formula-one-team-kids\/\",\"name\":\"Mercedes-AMG Petronas Formula One Team Kids - TOY&#039;S MANIA\",\"isPartOf\":{\"@id\":\"https:\/\/toysmaniacornermonaco.com\/#website\"},\"primaryImageOfPage\":{\"@id\":\"https:\/\/toysmaniacornermonaco.com\/produit\/mercedes-amg-petronas-formula-one-team-kids\/#primaryimage\"},\"image\":{\"@id\":\"https:\/\/toysmaniacornermonaco.com\/produit\/mercedes-amg-petronas-formula-one-team-kids\/#primaryimage\"},\"thumbnailUrl\":\"https:\/\/toysmaniacornermonaco.com\/wp-content\/uploads\/2025\/12\/AMG.jpg\",\"datePublished\":\"2025-12-08T07:57:28+00:00\",\"dateModified\":\"2025-12-08T08:00:46+00:00\",\"breadcrumb\":{\"@id\":\"https:\/\/toysmaniacornermonaco.com\/produit\/mercedes-amg-petronas-formula-one-team-kids\/#breadcrumb\"},\"inLanguage\":\"en-US\",\"potentialAction\":[{\"@type\":\"ReadAction\",\"target\":[\"https:\/\/toysmaniacornermonaco.com\/produit\/mercedes-amg-petronas-formula-one-team-kids\/\"]}]},{\"@type\":\"ImageObject\",\"inLanguage\":\"en-US\",\"@id\":\"https:\/\/toysmaniacornermonaco.com\/produit\/mercedes-amg-petronas-formula-one-team-kids\/#primaryimage\",\"url\":\"https:\/\/toysmaniacornermonaco.com\/wp-content\/uploads\/2025\/12\/AMG.jpg\",\"contentUrl\":\"https:\/\/toysmaniacornermonaco.com\/wp-content\/uploads\/2025\/12\/AMG.jpg\",\"width\":385,\"height\":340},{\"@type\":\"BreadcrumbList\",\"@id\":\"https:\/\/toysmaniacornermonaco.com\/produit\/mercedes-amg-petronas-formula-one-team-kids\/#breadcrumb\",\"itemListElement\":[{\"@type\":\"ListItem\",\"position\":1,\"name\":\"Accueil\",\"item\":\"https:\/\/toysmaniacornermonaco.com\/en\/\"},{\"@type\":\"ListItem\",\"position\":2,\"name\":\"Shop\",\"item\":\"https:\/\/toysmaniacornermonaco.com\/en\/shop\/\"},{\"@type\":\"ListItem\",\"position\":3,\"name\":\"Mercedes-AMG Petronas Formula One Team Kids\"}]},{\"@type\":\"WebSite\",\"@id\":\"https:\/\/toysmaniacornermonaco.com\/#website\",\"url\":\"https:\/\/toysmaniacornermonaco.com\/\",\"name\":\"TOY&#039;S MANIA\",\"description\":\"VOTRE CONCEPT STORE \u00c0 MONACO\",\"potentialAction\":[{\"@type\":\"SearchAction\",\"target\":{\"@type\":\"EntryPoint\",\"urlTemplate\":\"https:\/\/toysmaniacornermonaco.com\/?s={search_term_string}\"},\"query-input\":\"required name=search_term_string\"}],\"inLanguage\":\"en-US\"}]}<\/script>\n<!-- \/ Yoast SEO plugin. -->","yoast_head_json":{"title":"Mercedes-AMG Petronas Formula One Team Kids - TOY&#039;S MANIA","robots":{"index":"index","follow":"follow","max-snippet":"max-snippet:-1","max-image-preview":"max-image-preview:large","max-video-preview":"max-video-preview:-1"},"canonical":"https:\/\/toysmaniacornermonaco.com\/produit\/mercedes-amg-petronas-formula-one-team-kids\/","og_locale":"en_US","og_type":"article","og_title":"Mercedes-AMG Petronas Formula One Team Kids - TOY&#039;S MANIA","og_description":"Description du produit Casquette officielle de l\u2019\u00e9quipe Mercedes-AMG Petronas Formula One Team, con\u00e7ue dans un esprit racing moderne. L\u00e9g\u00e8re et confortable, elle est \u00e9quip\u00e9e d\u2019un syst\u00e8me de r\u00e9glage pour un ajustement pr\u00e9cis et offre un excellent maintien tout au long de la journ\u00e9e. Un accessoire id\u00e9al pour afficher son soutien \u00e0 l\u2019\u00e9curie iconique de la... View Article","og_url":"https:\/\/toysmaniacornermonaco.com\/produit\/mercedes-amg-petronas-formula-one-team-kids\/","og_site_name":"TOY&#039;S MANIA","article_modified_time":"2025-12-08T08:00:46+00:00","og_image":[{"width":385,"height":340,"url":"https:\/\/toysmaniacornermonaco.com\/wp-content\/uploads\/2025\/12\/AMG.jpg","type":"image\/jpeg"}],"twitter_card":"summary_large_image","twitter_misc":{"Est. reading time":"1 minute"},"schema":{"@context":"https:\/\/schema.org","@graph":[{"@type":"WebPage","@id":"https:\/\/toysmaniacornermonaco.com\/produit\/mercedes-amg-petronas-formula-one-team-kids\/","url":"https:\/\/toysmaniacornermonaco.com\/produit\/mercedes-amg-petronas-formula-one-team-kids\/","name":"Mercedes-AMG Petronas Formula One Team Kids - TOY&#039;S MANIA","isPartOf":{"@id":"https:\/\/toysmaniacornermonaco.com\/#website"},"primaryImageOfPage":{"@id":"https:\/\/toysmaniacornermonaco.com\/produit\/mercedes-amg-petronas-formula-one-team-kids\/#primaryimage"},"image":{"@id":"https:\/\/toysmaniacornermonaco.com\/produit\/mercedes-amg-petronas-formula-one-team-kids\/#primaryimage"},"thumbnailUrl":"https:\/\/toysmaniacornermonaco.com\/wp-content\/uploads\/2025\/12\/AMG.jpg","datePublished":"2025-12-08T07:57:28+00:00","dateModified":"2025-12-08T08:00:46+00:00","breadcrumb":{"@id":"https:\/\/toysmaniacornermonaco.com\/produit\/mercedes-amg-petronas-formula-one-team-kids\/#breadcrumb"},"inLanguage":"en-US","potentialAction":[{"@type":"ReadAction","target":["https:\/\/toysmaniacornermonaco.com\/produit\/mercedes-amg-petronas-formula-one-team-kids\/"]}]},{"@type":"ImageObject","inLanguage":"en-US","@id":"https:\/\/toysmaniacornermonaco.com\/produit\/mercedes-amg-petronas-formula-one-team-kids\/#primaryimage","url":"https:\/\/toysmaniacornermonaco.com\/wp-content\/uploads\/2025\/12\/AMG.jpg","contentUrl":"https:\/\/toysmaniacornermonaco.com\/wp-content\/uploads\/2025\/12\/AMG.jpg","width":385,"height":340},{"@type":"BreadcrumbList","@id":"https:\/\/toysmaniacornermonaco.com\/produit\/mercedes-amg-petronas-formula-one-team-kids\/#breadcrumb","itemListElement":[{"@type":"ListItem","position":1,"name":"Accueil","item":"https:\/\/toysmaniacornermonaco.com\/en\/"},{"@type":"ListItem","position":2,"name":"Shop","item":"https:\/\/toysmaniacornermonaco.com\/en\/shop\/"},{"@type":"ListItem","position":3,"name":"Mercedes-AMG Petronas Formula One Team Kids"}]},{"@type":"WebSite","@id":"https:\/\/toysmaniacornermonaco.com\/#website","url":"https:\/\/toysmaniacornermonaco.com\/","name":"TOY&#039;S MANIA","description":"VOTRE CONCEPT STORE \u00c0 MONACO","potentialAction":[{"@type":"SearchAction","target":{"@type":"EntryPoint","urlTemplate":"https:\/\/toysmaniacornermonaco.com\/?s={search_term_string}"},"query-input":"required name=search_term_string"}],"inLanguage":"en-US"}]}},"_links":{"self":[{"href":"https:\/\/toysmaniacornermonaco.com\/en\/wp-json\/wp\/v2\/product\/6222","targetHints":{"allow":["GET"]}}],"collection":[{"href":"https:\/\/toysmaniacornermonaco.com\/en\/wp-json\/wp\/v2\/product"}],"about":[{"href":"https:\/\/toysmaniacornermonaco.com\/en\/wp-json\/wp\/v2\/types\/product"}],"replies":[{"embeddable":true,"href":"https:\/\/toysmaniacornermonaco.com\/en\/wp-json\/wp\/v2\/comments?post=6222"}],"wp:featuredmedia":[{"embeddable":true,"href":"https:\/\/toysmaniacornermonaco.com\/en\/wp-json\/wp\/v2\/media\/6223"}],"wp:attachment":[{"href":"https:\/\/toysmaniacornermonaco.com\/en\/wp-json\/wp\/v2\/media?parent=6222"}],"wp:term":[{"taxonomy":"product_cat","embeddable":true,"href":"https:\/\/toysmaniacornermonaco.com\/en\/wp-json\/wp\/v2\/product_cat?post=6222"},{"taxonomy":"product_tag","embeddable":true,"href":"https:\/\/toysmaniacornermonaco.com\/en\/wp-json\/wp\/v2\/product_tag?post=6222"}],"curies":[{"name":"wp","href":"https:\/\/api.w.org\/{rel}","templated":true}]}}