{"id":6236,"date":"2025-12-08T09:40:05","date_gmt":"2025-12-08T08:40:05","guid":{"rendered":"https:\/\/toysmaniacornermonaco.com\/?post_type=product&#038;p=6236"},"modified":"2025-12-08T09:49:10","modified_gmt":"2025-12-08T08:49:10","slug":"casquette-oracle-red-bull-racing-team-kids","status":"publish","type":"product","link":"https:\/\/toysmaniacornermonaco.com\/en\/produit\/casquette-oracle-red-bull-racing-team-kids\/","title":{"rendered":"Casquette Oracle Red Bull Racing Team KIDS"},"content":{"rendered":"<p class=\"isSelectedEnd\">Description du produit<br \/>\nCasquette officielle Oracle Red Bull Racing Team au format 59FIFTY Fitted, sp\u00e9cialement con\u00e7ue pour les juniors. Directement inspir\u00e9e de l\u2019univers de la Formule 1, elle offre un excellent maintien gr\u00e2ce \u00e0 sa coupe ajust\u00e9e et un grand confort au quotidien. Un mod\u00e8le id\u00e9al pour les jeunes fans de l\u2019\u00e9curie Red Bull.<\/p>\n<p>REF : 60669223<br \/>\nGEN CODE : 0198757128198<br \/>\nCouleur : Bleu<br \/>\nMarque : Oracle Red Bull Racing \/ New Era<\/p>\n","protected":false},"excerpt":{"rendered":"Description du produit Casquette officielle Oracle Red Bull Racing Team au format 59FIFTY Fitted, sp\u00e9cialement con\u00e7ue pour les juniors. Directement inspir\u00e9e de l\u2019univers de la Formule 1, elle offre un excellent maintien gr\u00e2ce \u00e0 sa coupe ajust\u00e9e et un grand confort au quotidien. Un mod\u00e8le id\u00e9al pour les jeunes fans de l\u2019\u00e9curie Red Bull. REF&#8230; <a class=\"view-article\" href=\"https:\/\/toysmaniacornermonaco.com\/en\/produit\/casquette-oracle-red-bull-racing-team-kids\/\">View Article<\/a>","protected":false},"featured_media":6237,"comment_status":"closed","ping_status":"closed","template":"","meta":{"_acf_changed":false},"product_cat":[711,390],"product_tag":[],"class_list":{"0":"post-6236","1":"product","2":"type-product","3":"status-publish","4":"has-post-thumbnail","6":"idee_cadeau-enfants","7":"idee_cadeau-formula-one-f1","8":"idee_cadeau-noel","9":"product_cat-casquette","10":"product_cat-vetements-et-accessoires","11":"product_shipping_class-moyencolis","13":"first","14":"instock","15":"taxable","16":"shipping-taxable","17":"purchasable","18":"product-type-simple"},"acf":[],"yoast_head":"<!-- This site is optimized with the Yoast SEO plugin v22.3 - https:\/\/yoast.com\/wordpress\/plugins\/seo\/ -->\n<title>Casquette Oracle Red Bull Racing Team KIDS - TOY&#039;S MANIA<\/title>\n<meta name=\"robots\" content=\"index, follow, max-snippet:-1, max-image-preview:large, max-video-preview:-1\" \/>\n<link rel=\"canonical\" href=\"https:\/\/toysmaniacornermonaco.com\/produit\/casquette-oracle-red-bull-racing-team-kids\/\" \/>\n<meta property=\"og:locale\" content=\"en_US\" \/>\n<meta property=\"og:type\" content=\"article\" \/>\n<meta property=\"og:title\" content=\"Casquette Oracle Red Bull Racing Team KIDS - TOY&#039;S MANIA\" \/>\n<meta property=\"og:description\" content=\"Description du produit Casquette officielle Oracle Red Bull Racing Team au format 59FIFTY Fitted, sp\u00e9cialement con\u00e7ue pour les juniors. Directement inspir\u00e9e de l\u2019univers de la Formule 1, elle offre un excellent maintien gr\u00e2ce \u00e0 sa coupe ajust\u00e9e et un grand confort au quotidien. Un mod\u00e8le id\u00e9al pour les jeunes fans de l\u2019\u00e9curie Red Bull. REF... View Article\" \/>\n<meta property=\"og:url\" content=\"https:\/\/toysmaniacornermonaco.com\/produit\/casquette-oracle-red-bull-racing-team-kids\/\" \/>\n<meta property=\"og:site_name\" content=\"TOY&#039;S MANIA\" \/>\n<meta property=\"article:modified_time\" content=\"2025-12-08T08:49:10+00:00\" \/>\n<meta property=\"og:image\" content=\"https:\/\/toysmaniacornermonaco.com\/wp-content\/uploads\/2025\/12\/oracle.jpg\" \/>\n\t<meta property=\"og:image:width\" content=\"225\" \/>\n\t<meta property=\"og:image:height\" content=\"225\" \/>\n\t<meta property=\"og:image:type\" content=\"image\/jpeg\" \/>\n<meta name=\"twitter:card\" content=\"summary_large_image\" \/>\n<meta name=\"twitter:label1\" content=\"Est. reading time\" \/>\n\t<meta name=\"twitter:data1\" content=\"1 minute\" \/>\n<script type=\"application\/ld+json\" class=\"yoast-schema-graph\">{\"@context\":\"https:\/\/schema.org\",\"@graph\":[{\"@type\":\"WebPage\",\"@id\":\"https:\/\/toysmaniacornermonaco.com\/produit\/casquette-oracle-red-bull-racing-team-kids\/\",\"url\":\"https:\/\/toysmaniacornermonaco.com\/produit\/casquette-oracle-red-bull-racing-team-kids\/\",\"name\":\"Casquette Oracle Red Bull Racing Team KIDS - TOY&#039;S MANIA\",\"isPartOf\":{\"@id\":\"https:\/\/toysmaniacornermonaco.com\/#website\"},\"primaryImageOfPage\":{\"@id\":\"https:\/\/toysmaniacornermonaco.com\/produit\/casquette-oracle-red-bull-racing-team-kids\/#primaryimage\"},\"image\":{\"@id\":\"https:\/\/toysmaniacornermonaco.com\/produit\/casquette-oracle-red-bull-racing-team-kids\/#primaryimage\"},\"thumbnailUrl\":\"https:\/\/toysmaniacornermonaco.com\/wp-content\/uploads\/2025\/12\/oracle.jpg\",\"datePublished\":\"2025-12-08T08:40:05+00:00\",\"dateModified\":\"2025-12-08T08:49:10+00:00\",\"breadcrumb\":{\"@id\":\"https:\/\/toysmaniacornermonaco.com\/produit\/casquette-oracle-red-bull-racing-team-kids\/#breadcrumb\"},\"inLanguage\":\"en-US\",\"potentialAction\":[{\"@type\":\"ReadAction\",\"target\":[\"https:\/\/toysmaniacornermonaco.com\/produit\/casquette-oracle-red-bull-racing-team-kids\/\"]}]},{\"@type\":\"ImageObject\",\"inLanguage\":\"en-US\",\"@id\":\"https:\/\/toysmaniacornermonaco.com\/produit\/casquette-oracle-red-bull-racing-team-kids\/#primaryimage\",\"url\":\"https:\/\/toysmaniacornermonaco.com\/wp-content\/uploads\/2025\/12\/oracle.jpg\",\"contentUrl\":\"https:\/\/toysmaniacornermonaco.com\/wp-content\/uploads\/2025\/12\/oracle.jpg\",\"width\":225,\"height\":225},{\"@type\":\"BreadcrumbList\",\"@id\":\"https:\/\/toysmaniacornermonaco.com\/produit\/casquette-oracle-red-bull-racing-team-kids\/#breadcrumb\",\"itemListElement\":[{\"@type\":\"ListItem\",\"position\":1,\"name\":\"Accueil\",\"item\":\"https:\/\/toysmaniacornermonaco.com\/en\/\"},{\"@type\":\"ListItem\",\"position\":2,\"name\":\"Shop\",\"item\":\"https:\/\/toysmaniacornermonaco.com\/en\/shop\/\"},{\"@type\":\"ListItem\",\"position\":3,\"name\":\"Casquette Oracle Red Bull Racing Team KIDS\"}]},{\"@type\":\"WebSite\",\"@id\":\"https:\/\/toysmaniacornermonaco.com\/#website\",\"url\":\"https:\/\/toysmaniacornermonaco.com\/\",\"name\":\"TOY&#039;S MANIA\",\"description\":\"VOTRE CONCEPT STORE \u00c0 MONACO\",\"potentialAction\":[{\"@type\":\"SearchAction\",\"target\":{\"@type\":\"EntryPoint\",\"urlTemplate\":\"https:\/\/toysmaniacornermonaco.com\/?s={search_term_string}\"},\"query-input\":\"required name=search_term_string\"}],\"inLanguage\":\"en-US\"}]}<\/script>\n<!-- \/ Yoast SEO plugin. -->","yoast_head_json":{"title":"Casquette Oracle Red Bull Racing Team KIDS - TOY&#039;S MANIA","robots":{"index":"index","follow":"follow","max-snippet":"max-snippet:-1","max-image-preview":"max-image-preview:large","max-video-preview":"max-video-preview:-1"},"canonical":"https:\/\/toysmaniacornermonaco.com\/produit\/casquette-oracle-red-bull-racing-team-kids\/","og_locale":"en_US","og_type":"article","og_title":"Casquette Oracle Red Bull Racing Team KIDS - TOY&#039;S MANIA","og_description":"Description du produit Casquette officielle Oracle Red Bull Racing Team au format 59FIFTY Fitted, sp\u00e9cialement con\u00e7ue pour les juniors. Directement inspir\u00e9e de l\u2019univers de la Formule 1, elle offre un excellent maintien gr\u00e2ce \u00e0 sa coupe ajust\u00e9e et un grand confort au quotidien. Un mod\u00e8le id\u00e9al pour les jeunes fans de l\u2019\u00e9curie Red Bull. REF... View Article","og_url":"https:\/\/toysmaniacornermonaco.com\/produit\/casquette-oracle-red-bull-racing-team-kids\/","og_site_name":"TOY&#039;S MANIA","article_modified_time":"2025-12-08T08:49:10+00:00","og_image":[{"width":225,"height":225,"url":"https:\/\/toysmaniacornermonaco.com\/wp-content\/uploads\/2025\/12\/oracle.jpg","type":"image\/jpeg"}],"twitter_card":"summary_large_image","twitter_misc":{"Est. reading time":"1 minute"},"schema":{"@context":"https:\/\/schema.org","@graph":[{"@type":"WebPage","@id":"https:\/\/toysmaniacornermonaco.com\/produit\/casquette-oracle-red-bull-racing-team-kids\/","url":"https:\/\/toysmaniacornermonaco.com\/produit\/casquette-oracle-red-bull-racing-team-kids\/","name":"Casquette Oracle Red Bull Racing Team KIDS - TOY&#039;S MANIA","isPartOf":{"@id":"https:\/\/toysmaniacornermonaco.com\/#website"},"primaryImageOfPage":{"@id":"https:\/\/toysmaniacornermonaco.com\/produit\/casquette-oracle-red-bull-racing-team-kids\/#primaryimage"},"image":{"@id":"https:\/\/toysmaniacornermonaco.com\/produit\/casquette-oracle-red-bull-racing-team-kids\/#primaryimage"},"thumbnailUrl":"https:\/\/toysmaniacornermonaco.com\/wp-content\/uploads\/2025\/12\/oracle.jpg","datePublished":"2025-12-08T08:40:05+00:00","dateModified":"2025-12-08T08:49:10+00:00","breadcrumb":{"@id":"https:\/\/toysmaniacornermonaco.com\/produit\/casquette-oracle-red-bull-racing-team-kids\/#breadcrumb"},"inLanguage":"en-US","potentialAction":[{"@type":"ReadAction","target":["https:\/\/toysmaniacornermonaco.com\/produit\/casquette-oracle-red-bull-racing-team-kids\/"]}]},{"@type":"ImageObject","inLanguage":"en-US","@id":"https:\/\/toysmaniacornermonaco.com\/produit\/casquette-oracle-red-bull-racing-team-kids\/#primaryimage","url":"https:\/\/toysmaniacornermonaco.com\/wp-content\/uploads\/2025\/12\/oracle.jpg","contentUrl":"https:\/\/toysmaniacornermonaco.com\/wp-content\/uploads\/2025\/12\/oracle.jpg","width":225,"height":225},{"@type":"BreadcrumbList","@id":"https:\/\/toysmaniacornermonaco.com\/produit\/casquette-oracle-red-bull-racing-team-kids\/#breadcrumb","itemListElement":[{"@type":"ListItem","position":1,"name":"Accueil","item":"https:\/\/toysmaniacornermonaco.com\/en\/"},{"@type":"ListItem","position":2,"name":"Shop","item":"https:\/\/toysmaniacornermonaco.com\/en\/shop\/"},{"@type":"ListItem","position":3,"name":"Casquette Oracle Red Bull Racing Team KIDS"}]},{"@type":"WebSite","@id":"https:\/\/toysmaniacornermonaco.com\/#website","url":"https:\/\/toysmaniacornermonaco.com\/","name":"TOY&#039;S MANIA","description":"VOTRE CONCEPT STORE \u00c0 MONACO","potentialAction":[{"@type":"SearchAction","target":{"@type":"EntryPoint","urlTemplate":"https:\/\/toysmaniacornermonaco.com\/?s={search_term_string}"},"query-input":"required name=search_term_string"}],"inLanguage":"en-US"}]}},"_links":{"self":[{"href":"https:\/\/toysmaniacornermonaco.com\/en\/wp-json\/wp\/v2\/product\/6236","targetHints":{"allow":["GET"]}}],"collection":[{"href":"https:\/\/toysmaniacornermonaco.com\/en\/wp-json\/wp\/v2\/product"}],"about":[{"href":"https:\/\/toysmaniacornermonaco.com\/en\/wp-json\/wp\/v2\/types\/product"}],"replies":[{"embeddable":true,"href":"https:\/\/toysmaniacornermonaco.com\/en\/wp-json\/wp\/v2\/comments?post=6236"}],"wp:featuredmedia":[{"embeddable":true,"href":"https:\/\/toysmaniacornermonaco.com\/en\/wp-json\/wp\/v2\/media\/6237"}],"wp:attachment":[{"href":"https:\/\/toysmaniacornermonaco.com\/en\/wp-json\/wp\/v2\/media?parent=6236"}],"wp:term":[{"taxonomy":"product_cat","embeddable":true,"href":"https:\/\/toysmaniacornermonaco.com\/en\/wp-json\/wp\/v2\/product_cat?post=6236"},{"taxonomy":"product_tag","embeddable":true,"href":"https:\/\/toysmaniacornermonaco.com\/en\/wp-json\/wp\/v2\/product_tag?post=6236"}],"curies":[{"name":"wp","href":"https:\/\/api.w.org\/{rel}","templated":true}]}}