{"id":6241,"date":"2025-12-16T13:57:20","date_gmt":"2025-12-16T12:57:20","guid":{"rendered":"https:\/\/toysmaniacornermonaco.com\/?post_type=product&#038;p=6241"},"modified":"2025-12-16T14:27:46","modified_gmt":"2025-12-16T13:27:46","slug":"mercedes-amg-petronas-formula-one-team-casquette-verte","status":"publish","type":"product","link":"https:\/\/toysmaniacornermonaco.com\/en\/produit\/mercedes-amg-petronas-formula-one-team-casquette-verte\/","title":{"rendered":"Adidas Mercedes-AMG Petronas Formula One Team \u2013casquette Driver Cap Noire"},"content":{"rendered":"<p class=\"isSelectedEnd\">Description du produit<br \/>\nCasquette officielle Mercedes-AMG Petronas Formula One Team \u00ab Driver Cap \u00bb, con\u00e7ue par Adidas. Inspir\u00e9e de celles port\u00e9es par les pilotes, elle se distingue par son design sobre et sportif. L\u00e9g\u00e8re et confortable, elle dispose d\u2019un syst\u00e8me de r\u00e9glage \u00e0 l\u2019arri\u00e8re pour un ajustement pr\u00e9cis, id\u00e9ale pour un usage quotidien comme pour les passionn\u00e9s de F1.<\/p>\n<p>REF : SBA1RFQ<br \/>\nGEN CODE : 4068801778876<br \/>\nCouleur : Noire<br \/>\nMarque : Mercedes-AMG Petronas \/ Adidas<\/p>\n","protected":false},"excerpt":{"rendered":"Description du produit Casquette officielle Mercedes-AMG Petronas Formula One Team \u00ab Driver Cap \u00bb, con\u00e7ue par Adidas. Inspir\u00e9e de celles port\u00e9es par les pilotes, elle se distingue par son design sobre et sportif. L\u00e9g\u00e8re et confortable, elle dispose d\u2019un syst\u00e8me de r\u00e9glage \u00e0 l\u2019arri\u00e8re pour un ajustement pr\u00e9cis, id\u00e9ale pour un usage quotidien comme pour&#8230; <a class=\"view-article\" href=\"https:\/\/toysmaniacornermonaco.com\/en\/produit\/mercedes-amg-petronas-formula-one-team-casquette-verte\/\">View Article<\/a>","protected":false},"featured_media":6254,"comment_status":"closed","ping_status":"closed","template":"","meta":{"_acf_changed":false},"product_cat":[711,390],"product_tag":[],"class_list":{"0":"post-6241","1":"product","2":"type-product","3":"status-publish","4":"has-post-thumbnail","6":"marque-mercedes","7":"idee_cadeau-formula-one-f1","8":"idee_cadeau-hommes","9":"product_cat-casquette","10":"product_cat-vetements-et-accessoires","11":"product_shipping_class-moyencolis","13":"first","14":"instock","15":"taxable","16":"shipping-taxable","17":"purchasable","18":"product-type-simple"},"acf":[],"yoast_head":"<!-- This site is optimized with the Yoast SEO plugin v22.3 - https:\/\/yoast.com\/wordpress\/plugins\/seo\/ -->\n<title>Adidas Mercedes-AMG Petronas Formula One Team \u2013casquette Driver Cap Noire - TOY&#039;S MANIA<\/title>\n<meta name=\"robots\" content=\"index, follow, max-snippet:-1, max-image-preview:large, max-video-preview:-1\" \/>\n<link rel=\"canonical\" href=\"https:\/\/toysmaniacornermonaco.com\/produit\/mercedes-amg-petronas-formula-one-team-casquette-verte\/\" \/>\n<meta property=\"og:locale\" content=\"en_US\" \/>\n<meta property=\"og:type\" content=\"article\" \/>\n<meta property=\"og:title\" content=\"Adidas Mercedes-AMG Petronas Formula One Team \u2013casquette Driver Cap Noire - TOY&#039;S MANIA\" \/>\n<meta property=\"og:description\" content=\"Description du produit Casquette officielle Mercedes-AMG Petronas Formula One Team \u00ab Driver Cap \u00bb, con\u00e7ue par Adidas. Inspir\u00e9e de celles port\u00e9es par les pilotes, elle se distingue par son design sobre et sportif. L\u00e9g\u00e8re et confortable, elle dispose d\u2019un syst\u00e8me de r\u00e9glage \u00e0 l\u2019arri\u00e8re pour un ajustement pr\u00e9cis, id\u00e9ale pour un usage quotidien comme pour... View Article\" \/>\n<meta property=\"og:url\" content=\"https:\/\/toysmaniacornermonaco.com\/produit\/mercedes-amg-petronas-formula-one-team-casquette-verte\/\" \/>\n<meta property=\"og:site_name\" content=\"TOY&#039;S MANIA\" \/>\n<meta property=\"article:modified_time\" content=\"2025-12-16T13:27:46+00:00\" \/>\n<meta property=\"og:image\" content=\"https:\/\/toysmaniacornermonaco.com\/wp-content\/uploads\/2025\/12\/petronas-noir.jpg\" \/>\n\t<meta property=\"og:image:width\" content=\"679\" \/>\n\t<meta property=\"og:image:height\" content=\"500\" \/>\n\t<meta property=\"og:image:type\" content=\"image\/jpeg\" \/>\n<meta name=\"twitter:card\" content=\"summary_large_image\" \/>\n<meta name=\"twitter:label1\" content=\"Est. reading time\" \/>\n\t<meta name=\"twitter:data1\" content=\"1 minute\" \/>\n<script type=\"application\/ld+json\" class=\"yoast-schema-graph\">{\"@context\":\"https:\/\/schema.org\",\"@graph\":[{\"@type\":\"WebPage\",\"@id\":\"https:\/\/toysmaniacornermonaco.com\/produit\/mercedes-amg-petronas-formula-one-team-casquette-verte\/\",\"url\":\"https:\/\/toysmaniacornermonaco.com\/produit\/mercedes-amg-petronas-formula-one-team-casquette-verte\/\",\"name\":\"Adidas Mercedes-AMG Petronas Formula One Team \u2013casquette Driver Cap Noire - TOY&#039;S MANIA\",\"isPartOf\":{\"@id\":\"https:\/\/toysmaniacornermonaco.com\/#website\"},\"primaryImageOfPage\":{\"@id\":\"https:\/\/toysmaniacornermonaco.com\/produit\/mercedes-amg-petronas-formula-one-team-casquette-verte\/#primaryimage\"},\"image\":{\"@id\":\"https:\/\/toysmaniacornermonaco.com\/produit\/mercedes-amg-petronas-formula-one-team-casquette-verte\/#primaryimage\"},\"thumbnailUrl\":\"https:\/\/toysmaniacornermonaco.com\/wp-content\/uploads\/2025\/12\/petronas-noir.jpg\",\"datePublished\":\"2025-12-16T12:57:20+00:00\",\"dateModified\":\"2025-12-16T13:27:46+00:00\",\"breadcrumb\":{\"@id\":\"https:\/\/toysmaniacornermonaco.com\/produit\/mercedes-amg-petronas-formula-one-team-casquette-verte\/#breadcrumb\"},\"inLanguage\":\"en-US\",\"potentialAction\":[{\"@type\":\"ReadAction\",\"target\":[\"https:\/\/toysmaniacornermonaco.com\/produit\/mercedes-amg-petronas-formula-one-team-casquette-verte\/\"]}]},{\"@type\":\"ImageObject\",\"inLanguage\":\"en-US\",\"@id\":\"https:\/\/toysmaniacornermonaco.com\/produit\/mercedes-amg-petronas-formula-one-team-casquette-verte\/#primaryimage\",\"url\":\"https:\/\/toysmaniacornermonaco.com\/wp-content\/uploads\/2025\/12\/petronas-noir.jpg\",\"contentUrl\":\"https:\/\/toysmaniacornermonaco.com\/wp-content\/uploads\/2025\/12\/petronas-noir.jpg\",\"width\":679,\"height\":500},{\"@type\":\"BreadcrumbList\",\"@id\":\"https:\/\/toysmaniacornermonaco.com\/produit\/mercedes-amg-petronas-formula-one-team-casquette-verte\/#breadcrumb\",\"itemListElement\":[{\"@type\":\"ListItem\",\"position\":1,\"name\":\"Accueil\",\"item\":\"https:\/\/toysmaniacornermonaco.com\/en\/\"},{\"@type\":\"ListItem\",\"position\":2,\"name\":\"Shop\",\"item\":\"https:\/\/toysmaniacornermonaco.com\/en\/shop\/\"},{\"@type\":\"ListItem\",\"position\":3,\"name\":\"Adidas Mercedes-AMG Petronas Formula One Team \u2013casquette Driver Cap Noire\"}]},{\"@type\":\"WebSite\",\"@id\":\"https:\/\/toysmaniacornermonaco.com\/#website\",\"url\":\"https:\/\/toysmaniacornermonaco.com\/\",\"name\":\"TOY&#039;S MANIA\",\"description\":\"VOTRE CONCEPT STORE \u00c0 MONACO\",\"potentialAction\":[{\"@type\":\"SearchAction\",\"target\":{\"@type\":\"EntryPoint\",\"urlTemplate\":\"https:\/\/toysmaniacornermonaco.com\/?s={search_term_string}\"},\"query-input\":\"required name=search_term_string\"}],\"inLanguage\":\"en-US\"}]}<\/script>\n<!-- \/ Yoast SEO plugin. -->","yoast_head_json":{"title":"Adidas Mercedes-AMG Petronas Formula One Team \u2013casquette Driver Cap Noire - TOY&#039;S MANIA","robots":{"index":"index","follow":"follow","max-snippet":"max-snippet:-1","max-image-preview":"max-image-preview:large","max-video-preview":"max-video-preview:-1"},"canonical":"https:\/\/toysmaniacornermonaco.com\/produit\/mercedes-amg-petronas-formula-one-team-casquette-verte\/","og_locale":"en_US","og_type":"article","og_title":"Adidas Mercedes-AMG Petronas Formula One Team \u2013casquette Driver Cap Noire - TOY&#039;S MANIA","og_description":"Description du produit Casquette officielle Mercedes-AMG Petronas Formula One Team \u00ab Driver Cap \u00bb, con\u00e7ue par Adidas. Inspir\u00e9e de celles port\u00e9es par les pilotes, elle se distingue par son design sobre et sportif. L\u00e9g\u00e8re et confortable, elle dispose d\u2019un syst\u00e8me de r\u00e9glage \u00e0 l\u2019arri\u00e8re pour un ajustement pr\u00e9cis, id\u00e9ale pour un usage quotidien comme pour... View Article","og_url":"https:\/\/toysmaniacornermonaco.com\/produit\/mercedes-amg-petronas-formula-one-team-casquette-verte\/","og_site_name":"TOY&#039;S MANIA","article_modified_time":"2025-12-16T13:27:46+00:00","og_image":[{"width":679,"height":500,"url":"https:\/\/toysmaniacornermonaco.com\/wp-content\/uploads\/2025\/12\/petronas-noir.jpg","type":"image\/jpeg"}],"twitter_card":"summary_large_image","twitter_misc":{"Est. reading time":"1 minute"},"schema":{"@context":"https:\/\/schema.org","@graph":[{"@type":"WebPage","@id":"https:\/\/toysmaniacornermonaco.com\/produit\/mercedes-amg-petronas-formula-one-team-casquette-verte\/","url":"https:\/\/toysmaniacornermonaco.com\/produit\/mercedes-amg-petronas-formula-one-team-casquette-verte\/","name":"Adidas Mercedes-AMG Petronas Formula One Team \u2013casquette Driver Cap Noire - TOY&#039;S MANIA","isPartOf":{"@id":"https:\/\/toysmaniacornermonaco.com\/#website"},"primaryImageOfPage":{"@id":"https:\/\/toysmaniacornermonaco.com\/produit\/mercedes-amg-petronas-formula-one-team-casquette-verte\/#primaryimage"},"image":{"@id":"https:\/\/toysmaniacornermonaco.com\/produit\/mercedes-amg-petronas-formula-one-team-casquette-verte\/#primaryimage"},"thumbnailUrl":"https:\/\/toysmaniacornermonaco.com\/wp-content\/uploads\/2025\/12\/petronas-noir.jpg","datePublished":"2025-12-16T12:57:20+00:00","dateModified":"2025-12-16T13:27:46+00:00","breadcrumb":{"@id":"https:\/\/toysmaniacornermonaco.com\/produit\/mercedes-amg-petronas-formula-one-team-casquette-verte\/#breadcrumb"},"inLanguage":"en-US","potentialAction":[{"@type":"ReadAction","target":["https:\/\/toysmaniacornermonaco.com\/produit\/mercedes-amg-petronas-formula-one-team-casquette-verte\/"]}]},{"@type":"ImageObject","inLanguage":"en-US","@id":"https:\/\/toysmaniacornermonaco.com\/produit\/mercedes-amg-petronas-formula-one-team-casquette-verte\/#primaryimage","url":"https:\/\/toysmaniacornermonaco.com\/wp-content\/uploads\/2025\/12\/petronas-noir.jpg","contentUrl":"https:\/\/toysmaniacornermonaco.com\/wp-content\/uploads\/2025\/12\/petronas-noir.jpg","width":679,"height":500},{"@type":"BreadcrumbList","@id":"https:\/\/toysmaniacornermonaco.com\/produit\/mercedes-amg-petronas-formula-one-team-casquette-verte\/#breadcrumb","itemListElement":[{"@type":"ListItem","position":1,"name":"Accueil","item":"https:\/\/toysmaniacornermonaco.com\/en\/"},{"@type":"ListItem","position":2,"name":"Shop","item":"https:\/\/toysmaniacornermonaco.com\/en\/shop\/"},{"@type":"ListItem","position":3,"name":"Adidas Mercedes-AMG Petronas Formula One Team \u2013casquette Driver Cap Noire"}]},{"@type":"WebSite","@id":"https:\/\/toysmaniacornermonaco.com\/#website","url":"https:\/\/toysmaniacornermonaco.com\/","name":"TOY&#039;S MANIA","description":"VOTRE CONCEPT STORE \u00c0 MONACO","potentialAction":[{"@type":"SearchAction","target":{"@type":"EntryPoint","urlTemplate":"https:\/\/toysmaniacornermonaco.com\/?s={search_term_string}"},"query-input":"required name=search_term_string"}],"inLanguage":"en-US"}]}},"_links":{"self":[{"href":"https:\/\/toysmaniacornermonaco.com\/en\/wp-json\/wp\/v2\/product\/6241","targetHints":{"allow":["GET"]}}],"collection":[{"href":"https:\/\/toysmaniacornermonaco.com\/en\/wp-json\/wp\/v2\/product"}],"about":[{"href":"https:\/\/toysmaniacornermonaco.com\/en\/wp-json\/wp\/v2\/types\/product"}],"replies":[{"embeddable":true,"href":"https:\/\/toysmaniacornermonaco.com\/en\/wp-json\/wp\/v2\/comments?post=6241"}],"wp:featuredmedia":[{"embeddable":true,"href":"https:\/\/toysmaniacornermonaco.com\/en\/wp-json\/wp\/v2\/media\/6254"}],"wp:attachment":[{"href":"https:\/\/toysmaniacornermonaco.com\/en\/wp-json\/wp\/v2\/media?parent=6241"}],"wp:term":[{"taxonomy":"product_cat","embeddable":true,"href":"https:\/\/toysmaniacornermonaco.com\/en\/wp-json\/wp\/v2\/product_cat?post=6241"},{"taxonomy":"product_tag","embeddable":true,"href":"https:\/\/toysmaniacornermonaco.com\/en\/wp-json\/wp\/v2\/product_tag?post=6241"}],"curies":[{"name":"wp","href":"https:\/\/api.w.org\/{rel}","templated":true}]}}