{"id":6246,"date":"2025-12-16T14:07:45","date_gmt":"2025-12-16T13:07:45","guid":{"rendered":"https:\/\/toysmaniacornermonaco.com\/?post_type=product&#038;p=6246"},"modified":"2025-12-16T14:11:35","modified_gmt":"2025-12-16T13:11:35","slug":"mercedes-amg-petronas-f1-casquette-logo-3d-bleu-outremer","status":"publish","type":"product","link":"https:\/\/toysmaniacornermonaco.com\/en\/produit\/mercedes-amg-petronas-f1-casquette-logo-3d-bleu-outremer\/","title":{"rendered":"Mercedes-AMG Petronas F1 \u2013 Casquette Logo 3D Bleu Outremer"},"content":{"rendered":"<p class=\"isSelectedEnd\">\n<p class=\"isSelectedEnd\">Description du produit<br \/>\nCasquette officielle Mercedes-AMG Petronas F1 dot\u00e9e d\u2019un logo de l\u2019\u00e9quipe en relief 3D \u00e0 l\u2019avant. Son coloris bleu outremer apporte une touche moderne et distinctive, tandis que sa conception l\u00e9g\u00e8re et confortable, associ\u00e9e \u00e0 une fermeture r\u00e9glable, assure un ajustement optimal pour un usage quotidien. Un accessoire id\u00e9al pour les fans de l\u2019\u00e9curie.<\/p>\n<p>REF : 701 227 054 003<br \/>\nGEN CODE : 8719103406480<br \/>\nCouleur : Bleu outremer \/ Bleu marine<br \/>\nMarque : Mercedes-AMG Petronas<\/p>\n","protected":false},"excerpt":{"rendered":"Description du produit Casquette officielle Mercedes-AMG Petronas F1 dot\u00e9e d\u2019un logo de l\u2019\u00e9quipe en relief 3D \u00e0 l\u2019avant. Son coloris bleu outremer apporte une touche moderne et distinctive, tandis que sa conception l\u00e9g\u00e8re et confortable, associ\u00e9e \u00e0 une fermeture r\u00e9glable, assure un ajustement optimal pour un usage quotidien. Un accessoire id\u00e9al pour les fans de&#8230; <a class=\"view-article\" href=\"https:\/\/toysmaniacornermonaco.com\/en\/produit\/mercedes-amg-petronas-f1-casquette-logo-3d-bleu-outremer\/\">View Article<\/a>","protected":false},"featured_media":6247,"comment_status":"closed","ping_status":"closed","template":"","meta":{"_acf_changed":false},"product_cat":[711,390],"product_tag":[],"class_list":{"0":"post-6246","1":"product","2":"type-product","3":"status-publish","4":"has-post-thumbnail","6":"marque-mercedes","7":"idee_cadeau-formula-one-f1","8":"idee_cadeau-hommes","9":"product_cat-casquette","10":"product_cat-vetements-et-accessoires","11":"product_shipping_class-moyencolis","13":"first","14":"instock","15":"taxable","16":"shipping-taxable","17":"purchasable","18":"product-type-simple"},"acf":[],"yoast_head":"<!-- This site is optimized with the Yoast SEO plugin v22.3 - https:\/\/yoast.com\/wordpress\/plugins\/seo\/ -->\n<title>Mercedes-AMG Petronas F1 \u2013 Casquette Logo 3D Bleu Outremer - TOY&#039;S MANIA<\/title>\n<meta name=\"robots\" content=\"index, follow, max-snippet:-1, max-image-preview:large, max-video-preview:-1\" \/>\n<link rel=\"canonical\" href=\"https:\/\/toysmaniacornermonaco.com\/produit\/mercedes-amg-petronas-f1-casquette-logo-3d-bleu-outremer\/\" \/>\n<meta property=\"og:locale\" content=\"en_US\" \/>\n<meta property=\"og:type\" content=\"article\" \/>\n<meta property=\"og:title\" content=\"Mercedes-AMG Petronas F1 \u2013 Casquette Logo 3D Bleu Outremer - TOY&#039;S MANIA\" \/>\n<meta property=\"og:description\" content=\"Description du produit Casquette officielle Mercedes-AMG Petronas F1 dot\u00e9e d\u2019un logo de l\u2019\u00e9quipe en relief 3D \u00e0 l\u2019avant. Son coloris bleu outremer apporte une touche moderne et distinctive, tandis que sa conception l\u00e9g\u00e8re et confortable, associ\u00e9e \u00e0 une fermeture r\u00e9glable, assure un ajustement optimal pour un usage quotidien. Un accessoire id\u00e9al pour les fans de... View Article\" \/>\n<meta property=\"og:url\" content=\"https:\/\/toysmaniacornermonaco.com\/produit\/mercedes-amg-petronas-f1-casquette-logo-3d-bleu-outremer\/\" \/>\n<meta property=\"og:site_name\" content=\"TOY&#039;S MANIA\" \/>\n<meta property=\"article:modified_time\" content=\"2025-12-16T13:11:35+00:00\" \/>\n<meta property=\"og:image\" content=\"https:\/\/toysmaniacornermonaco.com\/wp-content\/uploads\/2025\/12\/PETRONAS.jpg\" \/>\n\t<meta property=\"og:image:width\" content=\"385\" \/>\n\t<meta property=\"og:image:height\" content=\"396\" \/>\n\t<meta property=\"og:image:type\" content=\"image\/jpeg\" \/>\n<meta name=\"twitter:card\" content=\"summary_large_image\" \/>\n<meta name=\"twitter:label1\" content=\"Est. reading time\" \/>\n\t<meta name=\"twitter:data1\" content=\"1 minute\" \/>\n<script type=\"application\/ld+json\" class=\"yoast-schema-graph\">{\"@context\":\"https:\/\/schema.org\",\"@graph\":[{\"@type\":\"WebPage\",\"@id\":\"https:\/\/toysmaniacornermonaco.com\/produit\/mercedes-amg-petronas-f1-casquette-logo-3d-bleu-outremer\/\",\"url\":\"https:\/\/toysmaniacornermonaco.com\/produit\/mercedes-amg-petronas-f1-casquette-logo-3d-bleu-outremer\/\",\"name\":\"Mercedes-AMG Petronas F1 \u2013 Casquette Logo 3D Bleu Outremer - TOY&#039;S MANIA\",\"isPartOf\":{\"@id\":\"https:\/\/toysmaniacornermonaco.com\/#website\"},\"primaryImageOfPage\":{\"@id\":\"https:\/\/toysmaniacornermonaco.com\/produit\/mercedes-amg-petronas-f1-casquette-logo-3d-bleu-outremer\/#primaryimage\"},\"image\":{\"@id\":\"https:\/\/toysmaniacornermonaco.com\/produit\/mercedes-amg-petronas-f1-casquette-logo-3d-bleu-outremer\/#primaryimage\"},\"thumbnailUrl\":\"https:\/\/toysmaniacornermonaco.com\/wp-content\/uploads\/2025\/12\/PETRONAS.jpg\",\"datePublished\":\"2025-12-16T13:07:45+00:00\",\"dateModified\":\"2025-12-16T13:11:35+00:00\",\"breadcrumb\":{\"@id\":\"https:\/\/toysmaniacornermonaco.com\/produit\/mercedes-amg-petronas-f1-casquette-logo-3d-bleu-outremer\/#breadcrumb\"},\"inLanguage\":\"en-US\",\"potentialAction\":[{\"@type\":\"ReadAction\",\"target\":[\"https:\/\/toysmaniacornermonaco.com\/produit\/mercedes-amg-petronas-f1-casquette-logo-3d-bleu-outremer\/\"]}]},{\"@type\":\"ImageObject\",\"inLanguage\":\"en-US\",\"@id\":\"https:\/\/toysmaniacornermonaco.com\/produit\/mercedes-amg-petronas-f1-casquette-logo-3d-bleu-outremer\/#primaryimage\",\"url\":\"https:\/\/toysmaniacornermonaco.com\/wp-content\/uploads\/2025\/12\/PETRONAS.jpg\",\"contentUrl\":\"https:\/\/toysmaniacornermonaco.com\/wp-content\/uploads\/2025\/12\/PETRONAS.jpg\",\"width\":385,\"height\":396},{\"@type\":\"BreadcrumbList\",\"@id\":\"https:\/\/toysmaniacornermonaco.com\/produit\/mercedes-amg-petronas-f1-casquette-logo-3d-bleu-outremer\/#breadcrumb\",\"itemListElement\":[{\"@type\":\"ListItem\",\"position\":1,\"name\":\"Accueil\",\"item\":\"https:\/\/toysmaniacornermonaco.com\/en\/\"},{\"@type\":\"ListItem\",\"position\":2,\"name\":\"Shop\",\"item\":\"https:\/\/toysmaniacornermonaco.com\/en\/shop\/\"},{\"@type\":\"ListItem\",\"position\":3,\"name\":\"Mercedes-AMG Petronas F1 \u2013 Casquette Logo 3D Bleu Outremer\"}]},{\"@type\":\"WebSite\",\"@id\":\"https:\/\/toysmaniacornermonaco.com\/#website\",\"url\":\"https:\/\/toysmaniacornermonaco.com\/\",\"name\":\"TOY&#039;S MANIA\",\"description\":\"VOTRE CONCEPT STORE \u00c0 MONACO\",\"potentialAction\":[{\"@type\":\"SearchAction\",\"target\":{\"@type\":\"EntryPoint\",\"urlTemplate\":\"https:\/\/toysmaniacornermonaco.com\/?s={search_term_string}\"},\"query-input\":\"required name=search_term_string\"}],\"inLanguage\":\"en-US\"}]}<\/script>\n<!-- \/ Yoast SEO plugin. -->","yoast_head_json":{"title":"Mercedes-AMG Petronas F1 \u2013 Casquette Logo 3D Bleu Outremer - TOY&#039;S MANIA","robots":{"index":"index","follow":"follow","max-snippet":"max-snippet:-1","max-image-preview":"max-image-preview:large","max-video-preview":"max-video-preview:-1"},"canonical":"https:\/\/toysmaniacornermonaco.com\/produit\/mercedes-amg-petronas-f1-casquette-logo-3d-bleu-outremer\/","og_locale":"en_US","og_type":"article","og_title":"Mercedes-AMG Petronas F1 \u2013 Casquette Logo 3D Bleu Outremer - TOY&#039;S MANIA","og_description":"Description du produit Casquette officielle Mercedes-AMG Petronas F1 dot\u00e9e d\u2019un logo de l\u2019\u00e9quipe en relief 3D \u00e0 l\u2019avant. Son coloris bleu outremer apporte une touche moderne et distinctive, tandis que sa conception l\u00e9g\u00e8re et confortable, associ\u00e9e \u00e0 une fermeture r\u00e9glable, assure un ajustement optimal pour un usage quotidien. Un accessoire id\u00e9al pour les fans de... View Article","og_url":"https:\/\/toysmaniacornermonaco.com\/produit\/mercedes-amg-petronas-f1-casquette-logo-3d-bleu-outremer\/","og_site_name":"TOY&#039;S MANIA","article_modified_time":"2025-12-16T13:11:35+00:00","og_image":[{"width":385,"height":396,"url":"https:\/\/toysmaniacornermonaco.com\/wp-content\/uploads\/2025\/12\/PETRONAS.jpg","type":"image\/jpeg"}],"twitter_card":"summary_large_image","twitter_misc":{"Est. reading time":"1 minute"},"schema":{"@context":"https:\/\/schema.org","@graph":[{"@type":"WebPage","@id":"https:\/\/toysmaniacornermonaco.com\/produit\/mercedes-amg-petronas-f1-casquette-logo-3d-bleu-outremer\/","url":"https:\/\/toysmaniacornermonaco.com\/produit\/mercedes-amg-petronas-f1-casquette-logo-3d-bleu-outremer\/","name":"Mercedes-AMG Petronas F1 \u2013 Casquette Logo 3D Bleu Outremer - TOY&#039;S MANIA","isPartOf":{"@id":"https:\/\/toysmaniacornermonaco.com\/#website"},"primaryImageOfPage":{"@id":"https:\/\/toysmaniacornermonaco.com\/produit\/mercedes-amg-petronas-f1-casquette-logo-3d-bleu-outremer\/#primaryimage"},"image":{"@id":"https:\/\/toysmaniacornermonaco.com\/produit\/mercedes-amg-petronas-f1-casquette-logo-3d-bleu-outremer\/#primaryimage"},"thumbnailUrl":"https:\/\/toysmaniacornermonaco.com\/wp-content\/uploads\/2025\/12\/PETRONAS.jpg","datePublished":"2025-12-16T13:07:45+00:00","dateModified":"2025-12-16T13:11:35+00:00","breadcrumb":{"@id":"https:\/\/toysmaniacornermonaco.com\/produit\/mercedes-amg-petronas-f1-casquette-logo-3d-bleu-outremer\/#breadcrumb"},"inLanguage":"en-US","potentialAction":[{"@type":"ReadAction","target":["https:\/\/toysmaniacornermonaco.com\/produit\/mercedes-amg-petronas-f1-casquette-logo-3d-bleu-outremer\/"]}]},{"@type":"ImageObject","inLanguage":"en-US","@id":"https:\/\/toysmaniacornermonaco.com\/produit\/mercedes-amg-petronas-f1-casquette-logo-3d-bleu-outremer\/#primaryimage","url":"https:\/\/toysmaniacornermonaco.com\/wp-content\/uploads\/2025\/12\/PETRONAS.jpg","contentUrl":"https:\/\/toysmaniacornermonaco.com\/wp-content\/uploads\/2025\/12\/PETRONAS.jpg","width":385,"height":396},{"@type":"BreadcrumbList","@id":"https:\/\/toysmaniacornermonaco.com\/produit\/mercedes-amg-petronas-f1-casquette-logo-3d-bleu-outremer\/#breadcrumb","itemListElement":[{"@type":"ListItem","position":1,"name":"Accueil","item":"https:\/\/toysmaniacornermonaco.com\/en\/"},{"@type":"ListItem","position":2,"name":"Shop","item":"https:\/\/toysmaniacornermonaco.com\/en\/shop\/"},{"@type":"ListItem","position":3,"name":"Mercedes-AMG Petronas F1 \u2013 Casquette Logo 3D Bleu Outremer"}]},{"@type":"WebSite","@id":"https:\/\/toysmaniacornermonaco.com\/#website","url":"https:\/\/toysmaniacornermonaco.com\/","name":"TOY&#039;S MANIA","description":"VOTRE CONCEPT STORE \u00c0 MONACO","potentialAction":[{"@type":"SearchAction","target":{"@type":"EntryPoint","urlTemplate":"https:\/\/toysmaniacornermonaco.com\/?s={search_term_string}"},"query-input":"required name=search_term_string"}],"inLanguage":"en-US"}]}},"_links":{"self":[{"href":"https:\/\/toysmaniacornermonaco.com\/en\/wp-json\/wp\/v2\/product\/6246","targetHints":{"allow":["GET"]}}],"collection":[{"href":"https:\/\/toysmaniacornermonaco.com\/en\/wp-json\/wp\/v2\/product"}],"about":[{"href":"https:\/\/toysmaniacornermonaco.com\/en\/wp-json\/wp\/v2\/types\/product"}],"replies":[{"embeddable":true,"href":"https:\/\/toysmaniacornermonaco.com\/en\/wp-json\/wp\/v2\/comments?post=6246"}],"wp:featuredmedia":[{"embeddable":true,"href":"https:\/\/toysmaniacornermonaco.com\/en\/wp-json\/wp\/v2\/media\/6247"}],"wp:attachment":[{"href":"https:\/\/toysmaniacornermonaco.com\/en\/wp-json\/wp\/v2\/media?parent=6246"}],"wp:term":[{"taxonomy":"product_cat","embeddable":true,"href":"https:\/\/toysmaniacornermonaco.com\/en\/wp-json\/wp\/v2\/product_cat?post=6246"},{"taxonomy":"product_tag","embeddable":true,"href":"https:\/\/toysmaniacornermonaco.com\/en\/wp-json\/wp\/v2\/product_tag?post=6246"}],"curies":[{"name":"wp","href":"https:\/\/api.w.org\/{rel}","templated":true}]}}