{"id":6260,"date":"2025-12-16T14:29:19","date_gmt":"2025-12-16T13:29:19","guid":{"rendered":"https:\/\/toysmaniacornermonaco.com\/?post_type=product&#038;p=6260"},"modified":"2025-12-16T14:36:39","modified_gmt":"2025-12-16T13:36:39","slug":"mercedes-amg-petronas-formula-one-team-casquette-verte-2","status":"publish","type":"product","link":"https:\/\/toysmaniacornermonaco.com\/en\/produit\/mercedes-amg-petronas-formula-one-team-casquette-verte-2\/","title":{"rendered":"Mercedes-AMG Petronas Formula One Team \u2013 Casquette Verte"},"content":{"rendered":"<p class=\"isSelectedEnd\">Description du produit<br \/>\nCasquette officielle Mercedes-AMG Petronas Formula One Team, reconnaissable \u00e0 son coloris vert embl\u00e9matique de l\u2019\u00e9curie. Con\u00e7ue pour offrir confort et style au quotidien, elle est l\u00e9g\u00e8re, agr\u00e9able \u00e0 porter et \u00e9quip\u00e9e d\u2019un syst\u00e8me de r\u00e9glage \u00e0 l\u2019arri\u00e8re pour un ajustement optimal. Un accessoire id\u00e9al pour les fans de Mercedes F1.<\/p>\n<p>REF : 701 223 404 003<br \/>\nGEN CODE : 8719203327815<br \/>\nCouleur : Verte<br \/>\nMarque : Mercedes-AMG Petronas<\/p>\n","protected":false},"excerpt":{"rendered":"Description du produit Casquette officielle Mercedes-AMG Petronas Formula One Team, reconnaissable \u00e0 son coloris vert embl\u00e9matique de l\u2019\u00e9curie. Con\u00e7ue pour offrir confort et style au quotidien, elle est l\u00e9g\u00e8re, agr\u00e9able \u00e0 porter et \u00e9quip\u00e9e d\u2019un syst\u00e8me de r\u00e9glage \u00e0 l\u2019arri\u00e8re pour un ajustement optimal. Un accessoire id\u00e9al pour les fans de Mercedes F1. REF :&#8230; <a class=\"view-article\" href=\"https:\/\/toysmaniacornermonaco.com\/en\/produit\/mercedes-amg-petronas-formula-one-team-casquette-verte-2\/\">View Article<\/a>","protected":false},"featured_media":6244,"comment_status":"closed","ping_status":"closed","template":"","meta":{"_acf_changed":false},"product_cat":[711,390],"product_tag":[],"class_list":{"0":"post-6260","1":"product","2":"type-product","3":"status-publish","4":"has-post-thumbnail","6":"marque-mercedes","7":"idee_cadeau-formula-one-f1","8":"idee_cadeau-hommes","9":"product_cat-casquette","10":"product_cat-vetements-et-accessoires","11":"product_shipping_class-moyencolis","13":"first","14":"instock","15":"taxable","16":"shipping-taxable","17":"purchasable","18":"product-type-simple"},"acf":[],"yoast_head":"<!-- This site is optimized with the Yoast SEO plugin v22.3 - https:\/\/yoast.com\/wordpress\/plugins\/seo\/ -->\n<title>Mercedes-AMG Petronas Formula One Team \u2013 Casquette Verte - TOY&#039;S MANIA<\/title>\n<meta name=\"robots\" content=\"index, follow, max-snippet:-1, max-image-preview:large, max-video-preview:-1\" \/>\n<link rel=\"canonical\" href=\"https:\/\/toysmaniacornermonaco.com\/produit\/mercedes-amg-petronas-formula-one-team-casquette-verte-2\/\" \/>\n<meta property=\"og:locale\" content=\"en_US\" \/>\n<meta property=\"og:type\" content=\"article\" \/>\n<meta property=\"og:title\" content=\"Mercedes-AMG Petronas Formula One Team \u2013 Casquette Verte - TOY&#039;S MANIA\" \/>\n<meta property=\"og:description\" content=\"Description du produit Casquette officielle Mercedes-AMG Petronas Formula One Team, reconnaissable \u00e0 son coloris vert embl\u00e9matique de l\u2019\u00e9curie. Con\u00e7ue pour offrir confort et style au quotidien, elle est l\u00e9g\u00e8re, agr\u00e9able \u00e0 porter et \u00e9quip\u00e9e d\u2019un syst\u00e8me de r\u00e9glage \u00e0 l\u2019arri\u00e8re pour un ajustement optimal. Un accessoire id\u00e9al pour les fans de Mercedes F1. REF :... View Article\" \/>\n<meta property=\"og:url\" content=\"https:\/\/toysmaniacornermonaco.com\/produit\/mercedes-amg-petronas-formula-one-team-casquette-verte-2\/\" \/>\n<meta property=\"og:site_name\" content=\"TOY&#039;S MANIA\" \/>\n<meta property=\"article:modified_time\" content=\"2025-12-16T13:36:39+00:00\" \/>\n<meta property=\"og:image\" content=\"https:\/\/toysmaniacornermonaco.com\/wp-content\/uploads\/2025\/12\/amgbleu1.jpg\" \/>\n\t<meta property=\"og:image:width\" content=\"258\" \/>\n\t<meta property=\"og:image:height\" content=\"195\" \/>\n\t<meta property=\"og:image:type\" content=\"image\/jpeg\" \/>\n<meta name=\"twitter:card\" content=\"summary_large_image\" \/>\n<meta name=\"twitter:label1\" content=\"Est. reading time\" \/>\n\t<meta name=\"twitter:data1\" content=\"1 minute\" \/>\n<script type=\"application\/ld+json\" class=\"yoast-schema-graph\">{\"@context\":\"https:\/\/schema.org\",\"@graph\":[{\"@type\":\"WebPage\",\"@id\":\"https:\/\/toysmaniacornermonaco.com\/produit\/mercedes-amg-petronas-formula-one-team-casquette-verte-2\/\",\"url\":\"https:\/\/toysmaniacornermonaco.com\/produit\/mercedes-amg-petronas-formula-one-team-casquette-verte-2\/\",\"name\":\"Mercedes-AMG Petronas Formula One Team \u2013 Casquette Verte - TOY&#039;S MANIA\",\"isPartOf\":{\"@id\":\"https:\/\/toysmaniacornermonaco.com\/#website\"},\"primaryImageOfPage\":{\"@id\":\"https:\/\/toysmaniacornermonaco.com\/produit\/mercedes-amg-petronas-formula-one-team-casquette-verte-2\/#primaryimage\"},\"image\":{\"@id\":\"https:\/\/toysmaniacornermonaco.com\/produit\/mercedes-amg-petronas-formula-one-team-casquette-verte-2\/#primaryimage\"},\"thumbnailUrl\":\"https:\/\/toysmaniacornermonaco.com\/wp-content\/uploads\/2025\/12\/amgbleu1.jpg\",\"datePublished\":\"2025-12-16T13:29:19+00:00\",\"dateModified\":\"2025-12-16T13:36:39+00:00\",\"breadcrumb\":{\"@id\":\"https:\/\/toysmaniacornermonaco.com\/produit\/mercedes-amg-petronas-formula-one-team-casquette-verte-2\/#breadcrumb\"},\"inLanguage\":\"en-US\",\"potentialAction\":[{\"@type\":\"ReadAction\",\"target\":[\"https:\/\/toysmaniacornermonaco.com\/produit\/mercedes-amg-petronas-formula-one-team-casquette-verte-2\/\"]}]},{\"@type\":\"ImageObject\",\"inLanguage\":\"en-US\",\"@id\":\"https:\/\/toysmaniacornermonaco.com\/produit\/mercedes-amg-petronas-formula-one-team-casquette-verte-2\/#primaryimage\",\"url\":\"https:\/\/toysmaniacornermonaco.com\/wp-content\/uploads\/2025\/12\/amgbleu1.jpg\",\"contentUrl\":\"https:\/\/toysmaniacornermonaco.com\/wp-content\/uploads\/2025\/12\/amgbleu1.jpg\",\"width\":258,\"height\":195},{\"@type\":\"BreadcrumbList\",\"@id\":\"https:\/\/toysmaniacornermonaco.com\/produit\/mercedes-amg-petronas-formula-one-team-casquette-verte-2\/#breadcrumb\",\"itemListElement\":[{\"@type\":\"ListItem\",\"position\":1,\"name\":\"Accueil\",\"item\":\"https:\/\/toysmaniacornermonaco.com\/en\/\"},{\"@type\":\"ListItem\",\"position\":2,\"name\":\"Shop\",\"item\":\"https:\/\/toysmaniacornermonaco.com\/en\/shop\/\"},{\"@type\":\"ListItem\",\"position\":3,\"name\":\"Mercedes-AMG Petronas Formula One Team \u2013 Casquette Verte\"}]},{\"@type\":\"WebSite\",\"@id\":\"https:\/\/toysmaniacornermonaco.com\/#website\",\"url\":\"https:\/\/toysmaniacornermonaco.com\/\",\"name\":\"TOY&#039;S MANIA\",\"description\":\"VOTRE CONCEPT STORE \u00c0 MONACO\",\"potentialAction\":[{\"@type\":\"SearchAction\",\"target\":{\"@type\":\"EntryPoint\",\"urlTemplate\":\"https:\/\/toysmaniacornermonaco.com\/?s={search_term_string}\"},\"query-input\":\"required name=search_term_string\"}],\"inLanguage\":\"en-US\"}]}<\/script>\n<!-- \/ Yoast SEO plugin. -->","yoast_head_json":{"title":"Mercedes-AMG Petronas Formula One Team \u2013 Casquette Verte - TOY&#039;S MANIA","robots":{"index":"index","follow":"follow","max-snippet":"max-snippet:-1","max-image-preview":"max-image-preview:large","max-video-preview":"max-video-preview:-1"},"canonical":"https:\/\/toysmaniacornermonaco.com\/produit\/mercedes-amg-petronas-formula-one-team-casquette-verte-2\/","og_locale":"en_US","og_type":"article","og_title":"Mercedes-AMG Petronas Formula One Team \u2013 Casquette Verte - TOY&#039;S MANIA","og_description":"Description du produit Casquette officielle Mercedes-AMG Petronas Formula One Team, reconnaissable \u00e0 son coloris vert embl\u00e9matique de l\u2019\u00e9curie. Con\u00e7ue pour offrir confort et style au quotidien, elle est l\u00e9g\u00e8re, agr\u00e9able \u00e0 porter et \u00e9quip\u00e9e d\u2019un syst\u00e8me de r\u00e9glage \u00e0 l\u2019arri\u00e8re pour un ajustement optimal. Un accessoire id\u00e9al pour les fans de Mercedes F1. REF :... View Article","og_url":"https:\/\/toysmaniacornermonaco.com\/produit\/mercedes-amg-petronas-formula-one-team-casquette-verte-2\/","og_site_name":"TOY&#039;S MANIA","article_modified_time":"2025-12-16T13:36:39+00:00","og_image":[{"width":258,"height":195,"url":"https:\/\/toysmaniacornermonaco.com\/wp-content\/uploads\/2025\/12\/amgbleu1.jpg","type":"image\/jpeg"}],"twitter_card":"summary_large_image","twitter_misc":{"Est. reading time":"1 minute"},"schema":{"@context":"https:\/\/schema.org","@graph":[{"@type":"WebPage","@id":"https:\/\/toysmaniacornermonaco.com\/produit\/mercedes-amg-petronas-formula-one-team-casquette-verte-2\/","url":"https:\/\/toysmaniacornermonaco.com\/produit\/mercedes-amg-petronas-formula-one-team-casquette-verte-2\/","name":"Mercedes-AMG Petronas Formula One Team \u2013 Casquette Verte - TOY&#039;S MANIA","isPartOf":{"@id":"https:\/\/toysmaniacornermonaco.com\/#website"},"primaryImageOfPage":{"@id":"https:\/\/toysmaniacornermonaco.com\/produit\/mercedes-amg-petronas-formula-one-team-casquette-verte-2\/#primaryimage"},"image":{"@id":"https:\/\/toysmaniacornermonaco.com\/produit\/mercedes-amg-petronas-formula-one-team-casquette-verte-2\/#primaryimage"},"thumbnailUrl":"https:\/\/toysmaniacornermonaco.com\/wp-content\/uploads\/2025\/12\/amgbleu1.jpg","datePublished":"2025-12-16T13:29:19+00:00","dateModified":"2025-12-16T13:36:39+00:00","breadcrumb":{"@id":"https:\/\/toysmaniacornermonaco.com\/produit\/mercedes-amg-petronas-formula-one-team-casquette-verte-2\/#breadcrumb"},"inLanguage":"en-US","potentialAction":[{"@type":"ReadAction","target":["https:\/\/toysmaniacornermonaco.com\/produit\/mercedes-amg-petronas-formula-one-team-casquette-verte-2\/"]}]},{"@type":"ImageObject","inLanguage":"en-US","@id":"https:\/\/toysmaniacornermonaco.com\/produit\/mercedes-amg-petronas-formula-one-team-casquette-verte-2\/#primaryimage","url":"https:\/\/toysmaniacornermonaco.com\/wp-content\/uploads\/2025\/12\/amgbleu1.jpg","contentUrl":"https:\/\/toysmaniacornermonaco.com\/wp-content\/uploads\/2025\/12\/amgbleu1.jpg","width":258,"height":195},{"@type":"BreadcrumbList","@id":"https:\/\/toysmaniacornermonaco.com\/produit\/mercedes-amg-petronas-formula-one-team-casquette-verte-2\/#breadcrumb","itemListElement":[{"@type":"ListItem","position":1,"name":"Accueil","item":"https:\/\/toysmaniacornermonaco.com\/en\/"},{"@type":"ListItem","position":2,"name":"Shop","item":"https:\/\/toysmaniacornermonaco.com\/en\/shop\/"},{"@type":"ListItem","position":3,"name":"Mercedes-AMG Petronas Formula One Team \u2013 Casquette Verte"}]},{"@type":"WebSite","@id":"https:\/\/toysmaniacornermonaco.com\/#website","url":"https:\/\/toysmaniacornermonaco.com\/","name":"TOY&#039;S MANIA","description":"VOTRE CONCEPT STORE \u00c0 MONACO","potentialAction":[{"@type":"SearchAction","target":{"@type":"EntryPoint","urlTemplate":"https:\/\/toysmaniacornermonaco.com\/?s={search_term_string}"},"query-input":"required name=search_term_string"}],"inLanguage":"en-US"}]}},"_links":{"self":[{"href":"https:\/\/toysmaniacornermonaco.com\/en\/wp-json\/wp\/v2\/product\/6260","targetHints":{"allow":["GET"]}}],"collection":[{"href":"https:\/\/toysmaniacornermonaco.com\/en\/wp-json\/wp\/v2\/product"}],"about":[{"href":"https:\/\/toysmaniacornermonaco.com\/en\/wp-json\/wp\/v2\/types\/product"}],"replies":[{"embeddable":true,"href":"https:\/\/toysmaniacornermonaco.com\/en\/wp-json\/wp\/v2\/comments?post=6260"}],"wp:featuredmedia":[{"embeddable":true,"href":"https:\/\/toysmaniacornermonaco.com\/en\/wp-json\/wp\/v2\/media\/6244"}],"wp:attachment":[{"href":"https:\/\/toysmaniacornermonaco.com\/en\/wp-json\/wp\/v2\/media?parent=6260"}],"wp:term":[{"taxonomy":"product_cat","embeddable":true,"href":"https:\/\/toysmaniacornermonaco.com\/en\/wp-json\/wp\/v2\/product_cat?post=6260"},{"taxonomy":"product_tag","embeddable":true,"href":"https:\/\/toysmaniacornermonaco.com\/en\/wp-json\/wp\/v2\/product_tag?post=6260"}],"curies":[{"name":"wp","href":"https:\/\/api.w.org\/{rel}","templated":true}]}}