{"id":6261,"date":"2025-12-16T14:51:27","date_gmt":"2025-12-16T13:51:27","guid":{"rendered":"https:\/\/toysmaniacornermonaco.com\/?post_type=product&#038;p=6261"},"modified":"2025-12-16T14:57:39","modified_gmt":"2025-12-16T13:57:39","slug":"mercedes-amg-petronas-formula-one-team-casquette-de-course-blanche","status":"publish","type":"product","link":"https:\/\/toysmaniacornermonaco.com\/en\/produit\/mercedes-amg-petronas-formula-one-team-casquette-de-course-blanche\/","title":{"rendered":"Mercedes-AMG Petronas Formula One Team \u2013 Casquette de Course Blanche"},"content":{"rendered":"<p class=\"isSelectedEnd\">Description du produit<br \/>\nCasquette officielle Mercedes-AMG Petronas Formula One Team, version \u00ab casquette de course \u00bb, con\u00e7ue dans un esprit r\u00e9solument racing. Son design \u00e9pur\u00e9 et son coloris blanc apportent une touche moderne, tandis que sa conception l\u00e9g\u00e8re et sa fermeture r\u00e9glable assurent un confort optimal tout au long de la journ\u00e9e. Un accessoire id\u00e9al pour soutenir l\u2019\u00e9curie Mercedes sur et en dehors des circuits.<\/p>\n<p>REF : 701 202 231 002<br \/>\nGEN CODE : 8719203306544<br \/>\nCouleur : Blanc<br \/>\nMarque : Mercedes-AMG Petronas<\/p>\n","protected":false},"excerpt":{"rendered":"Description du produit Casquette officielle Mercedes-AMG Petronas Formula One Team, version \u00ab casquette de course \u00bb, con\u00e7ue dans un esprit r\u00e9solument racing. Son design \u00e9pur\u00e9 et son coloris blanc apportent une touche moderne, tandis que sa conception l\u00e9g\u00e8re et sa fermeture r\u00e9glable assurent un confort optimal tout au long de la journ\u00e9e. Un accessoire id\u00e9al&#8230; <a class=\"view-article\" href=\"https:\/\/toysmaniacornermonaco.com\/en\/produit\/mercedes-amg-petronas-formula-one-team-casquette-de-course-blanche\/\">View Article<\/a>","protected":false},"featured_media":6264,"comment_status":"closed","ping_status":"closed","template":"","meta":{"_acf_changed":false},"product_cat":[711,390],"product_tag":[],"class_list":{"0":"post-6261","1":"product","2":"type-product","3":"status-publish","4":"has-post-thumbnail","6":"marque-mercedes","7":"idee_cadeau-formula-one-f1","8":"idee_cadeau-hommes","9":"product_cat-casquette","10":"product_cat-vetements-et-accessoires","11":"product_shipping_class-moyencolis","13":"first","14":"instock","15":"taxable","16":"shipping-taxable","17":"purchasable","18":"product-type-simple"},"acf":[],"yoast_head":"<!-- This site is optimized with the Yoast SEO plugin v22.3 - https:\/\/yoast.com\/wordpress\/plugins\/seo\/ -->\n<title>Mercedes-AMG Petronas Formula One Team \u2013 Casquette de Course Blanche - TOY&#039;S MANIA<\/title>\n<meta name=\"robots\" content=\"index, follow, max-snippet:-1, max-image-preview:large, max-video-preview:-1\" \/>\n<link rel=\"canonical\" href=\"https:\/\/toysmaniacornermonaco.com\/produit\/mercedes-amg-petronas-formula-one-team-casquette-de-course-blanche\/\" \/>\n<meta property=\"og:locale\" content=\"en_US\" \/>\n<meta property=\"og:type\" content=\"article\" \/>\n<meta property=\"og:title\" content=\"Mercedes-AMG Petronas Formula One Team \u2013 Casquette de Course Blanche - TOY&#039;S MANIA\" \/>\n<meta property=\"og:description\" content=\"Description du produit Casquette officielle Mercedes-AMG Petronas Formula One Team, version \u00ab casquette de course \u00bb, con\u00e7ue dans un esprit r\u00e9solument racing. Son design \u00e9pur\u00e9 et son coloris blanc apportent une touche moderne, tandis que sa conception l\u00e9g\u00e8re et sa fermeture r\u00e9glable assurent un confort optimal tout au long de la journ\u00e9e. Un accessoire id\u00e9al... View Article\" \/>\n<meta property=\"og:url\" content=\"https:\/\/toysmaniacornermonaco.com\/produit\/mercedes-amg-petronas-formula-one-team-casquette-de-course-blanche\/\" \/>\n<meta property=\"og:site_name\" content=\"TOY&#039;S MANIA\" \/>\n<meta property=\"article:modified_time\" content=\"2025-12-16T13:57:39+00:00\" \/>\n<meta property=\"og:image\" content=\"https:\/\/toysmaniacornermonaco.com\/wp-content\/uploads\/2025\/12\/petronasblanc1.jpg\" \/>\n\t<meta property=\"og:image:width\" content=\"612\" \/>\n\t<meta property=\"og:image:height\" content=\"602\" \/>\n\t<meta property=\"og:image:type\" content=\"image\/jpeg\" \/>\n<meta name=\"twitter:card\" content=\"summary_large_image\" \/>\n<meta name=\"twitter:label1\" content=\"Est. reading time\" \/>\n\t<meta name=\"twitter:data1\" content=\"1 minute\" \/>\n<script type=\"application\/ld+json\" class=\"yoast-schema-graph\">{\"@context\":\"https:\/\/schema.org\",\"@graph\":[{\"@type\":\"WebPage\",\"@id\":\"https:\/\/toysmaniacornermonaco.com\/produit\/mercedes-amg-petronas-formula-one-team-casquette-de-course-blanche\/\",\"url\":\"https:\/\/toysmaniacornermonaco.com\/produit\/mercedes-amg-petronas-formula-one-team-casquette-de-course-blanche\/\",\"name\":\"Mercedes-AMG Petronas Formula One Team \u2013 Casquette de Course Blanche - TOY&#039;S MANIA\",\"isPartOf\":{\"@id\":\"https:\/\/toysmaniacornermonaco.com\/#website\"},\"primaryImageOfPage\":{\"@id\":\"https:\/\/toysmaniacornermonaco.com\/produit\/mercedes-amg-petronas-formula-one-team-casquette-de-course-blanche\/#primaryimage\"},\"image\":{\"@id\":\"https:\/\/toysmaniacornermonaco.com\/produit\/mercedes-amg-petronas-formula-one-team-casquette-de-course-blanche\/#primaryimage\"},\"thumbnailUrl\":\"https:\/\/toysmaniacornermonaco.com\/wp-content\/uploads\/2025\/12\/petronasblanc1.jpg\",\"datePublished\":\"2025-12-16T13:51:27+00:00\",\"dateModified\":\"2025-12-16T13:57:39+00:00\",\"breadcrumb\":{\"@id\":\"https:\/\/toysmaniacornermonaco.com\/produit\/mercedes-amg-petronas-formula-one-team-casquette-de-course-blanche\/#breadcrumb\"},\"inLanguage\":\"en-US\",\"potentialAction\":[{\"@type\":\"ReadAction\",\"target\":[\"https:\/\/toysmaniacornermonaco.com\/produit\/mercedes-amg-petronas-formula-one-team-casquette-de-course-blanche\/\"]}]},{\"@type\":\"ImageObject\",\"inLanguage\":\"en-US\",\"@id\":\"https:\/\/toysmaniacornermonaco.com\/produit\/mercedes-amg-petronas-formula-one-team-casquette-de-course-blanche\/#primaryimage\",\"url\":\"https:\/\/toysmaniacornermonaco.com\/wp-content\/uploads\/2025\/12\/petronasblanc1.jpg\",\"contentUrl\":\"https:\/\/toysmaniacornermonaco.com\/wp-content\/uploads\/2025\/12\/petronasblanc1.jpg\",\"width\":612,\"height\":602},{\"@type\":\"BreadcrumbList\",\"@id\":\"https:\/\/toysmaniacornermonaco.com\/produit\/mercedes-amg-petronas-formula-one-team-casquette-de-course-blanche\/#breadcrumb\",\"itemListElement\":[{\"@type\":\"ListItem\",\"position\":1,\"name\":\"Accueil\",\"item\":\"https:\/\/toysmaniacornermonaco.com\/en\/\"},{\"@type\":\"ListItem\",\"position\":2,\"name\":\"Shop\",\"item\":\"https:\/\/toysmaniacornermonaco.com\/en\/shop\/\"},{\"@type\":\"ListItem\",\"position\":3,\"name\":\"Mercedes-AMG Petronas Formula One Team \u2013 Casquette de Course Blanche\"}]},{\"@type\":\"WebSite\",\"@id\":\"https:\/\/toysmaniacornermonaco.com\/#website\",\"url\":\"https:\/\/toysmaniacornermonaco.com\/\",\"name\":\"TOY&#039;S MANIA\",\"description\":\"VOTRE CONCEPT STORE \u00c0 MONACO\",\"potentialAction\":[{\"@type\":\"SearchAction\",\"target\":{\"@type\":\"EntryPoint\",\"urlTemplate\":\"https:\/\/toysmaniacornermonaco.com\/?s={search_term_string}\"},\"query-input\":\"required name=search_term_string\"}],\"inLanguage\":\"en-US\"}]}<\/script>\n<!-- \/ Yoast SEO plugin. -->","yoast_head_json":{"title":"Mercedes-AMG Petronas Formula One Team \u2013 Casquette de Course Blanche - TOY&#039;S MANIA","robots":{"index":"index","follow":"follow","max-snippet":"max-snippet:-1","max-image-preview":"max-image-preview:large","max-video-preview":"max-video-preview:-1"},"canonical":"https:\/\/toysmaniacornermonaco.com\/produit\/mercedes-amg-petronas-formula-one-team-casquette-de-course-blanche\/","og_locale":"en_US","og_type":"article","og_title":"Mercedes-AMG Petronas Formula One Team \u2013 Casquette de Course Blanche - TOY&#039;S MANIA","og_description":"Description du produit Casquette officielle Mercedes-AMG Petronas Formula One Team, version \u00ab casquette de course \u00bb, con\u00e7ue dans un esprit r\u00e9solument racing. Son design \u00e9pur\u00e9 et son coloris blanc apportent une touche moderne, tandis que sa conception l\u00e9g\u00e8re et sa fermeture r\u00e9glable assurent un confort optimal tout au long de la journ\u00e9e. Un accessoire id\u00e9al... View Article","og_url":"https:\/\/toysmaniacornermonaco.com\/produit\/mercedes-amg-petronas-formula-one-team-casquette-de-course-blanche\/","og_site_name":"TOY&#039;S MANIA","article_modified_time":"2025-12-16T13:57:39+00:00","og_image":[{"width":612,"height":602,"url":"https:\/\/toysmaniacornermonaco.com\/wp-content\/uploads\/2025\/12\/petronasblanc1.jpg","type":"image\/jpeg"}],"twitter_card":"summary_large_image","twitter_misc":{"Est. reading time":"1 minute"},"schema":{"@context":"https:\/\/schema.org","@graph":[{"@type":"WebPage","@id":"https:\/\/toysmaniacornermonaco.com\/produit\/mercedes-amg-petronas-formula-one-team-casquette-de-course-blanche\/","url":"https:\/\/toysmaniacornermonaco.com\/produit\/mercedes-amg-petronas-formula-one-team-casquette-de-course-blanche\/","name":"Mercedes-AMG Petronas Formula One Team \u2013 Casquette de Course Blanche - TOY&#039;S MANIA","isPartOf":{"@id":"https:\/\/toysmaniacornermonaco.com\/#website"},"primaryImageOfPage":{"@id":"https:\/\/toysmaniacornermonaco.com\/produit\/mercedes-amg-petronas-formula-one-team-casquette-de-course-blanche\/#primaryimage"},"image":{"@id":"https:\/\/toysmaniacornermonaco.com\/produit\/mercedes-amg-petronas-formula-one-team-casquette-de-course-blanche\/#primaryimage"},"thumbnailUrl":"https:\/\/toysmaniacornermonaco.com\/wp-content\/uploads\/2025\/12\/petronasblanc1.jpg","datePublished":"2025-12-16T13:51:27+00:00","dateModified":"2025-12-16T13:57:39+00:00","breadcrumb":{"@id":"https:\/\/toysmaniacornermonaco.com\/produit\/mercedes-amg-petronas-formula-one-team-casquette-de-course-blanche\/#breadcrumb"},"inLanguage":"en-US","potentialAction":[{"@type":"ReadAction","target":["https:\/\/toysmaniacornermonaco.com\/produit\/mercedes-amg-petronas-formula-one-team-casquette-de-course-blanche\/"]}]},{"@type":"ImageObject","inLanguage":"en-US","@id":"https:\/\/toysmaniacornermonaco.com\/produit\/mercedes-amg-petronas-formula-one-team-casquette-de-course-blanche\/#primaryimage","url":"https:\/\/toysmaniacornermonaco.com\/wp-content\/uploads\/2025\/12\/petronasblanc1.jpg","contentUrl":"https:\/\/toysmaniacornermonaco.com\/wp-content\/uploads\/2025\/12\/petronasblanc1.jpg","width":612,"height":602},{"@type":"BreadcrumbList","@id":"https:\/\/toysmaniacornermonaco.com\/produit\/mercedes-amg-petronas-formula-one-team-casquette-de-course-blanche\/#breadcrumb","itemListElement":[{"@type":"ListItem","position":1,"name":"Accueil","item":"https:\/\/toysmaniacornermonaco.com\/en\/"},{"@type":"ListItem","position":2,"name":"Shop","item":"https:\/\/toysmaniacornermonaco.com\/en\/shop\/"},{"@type":"ListItem","position":3,"name":"Mercedes-AMG Petronas Formula One Team \u2013 Casquette de Course Blanche"}]},{"@type":"WebSite","@id":"https:\/\/toysmaniacornermonaco.com\/#website","url":"https:\/\/toysmaniacornermonaco.com\/","name":"TOY&#039;S MANIA","description":"VOTRE CONCEPT STORE \u00c0 MONACO","potentialAction":[{"@type":"SearchAction","target":{"@type":"EntryPoint","urlTemplate":"https:\/\/toysmaniacornermonaco.com\/?s={search_term_string}"},"query-input":"required name=search_term_string"}],"inLanguage":"en-US"}]}},"_links":{"self":[{"href":"https:\/\/toysmaniacornermonaco.com\/en\/wp-json\/wp\/v2\/product\/6261","targetHints":{"allow":["GET"]}}],"collection":[{"href":"https:\/\/toysmaniacornermonaco.com\/en\/wp-json\/wp\/v2\/product"}],"about":[{"href":"https:\/\/toysmaniacornermonaco.com\/en\/wp-json\/wp\/v2\/types\/product"}],"replies":[{"embeddable":true,"href":"https:\/\/toysmaniacornermonaco.com\/en\/wp-json\/wp\/v2\/comments?post=6261"}],"wp:featuredmedia":[{"embeddable":true,"href":"https:\/\/toysmaniacornermonaco.com\/en\/wp-json\/wp\/v2\/media\/6264"}],"wp:attachment":[{"href":"https:\/\/toysmaniacornermonaco.com\/en\/wp-json\/wp\/v2\/media?parent=6261"}],"wp:term":[{"taxonomy":"product_cat","embeddable":true,"href":"https:\/\/toysmaniacornermonaco.com\/en\/wp-json\/wp\/v2\/product_cat?post=6261"},{"taxonomy":"product_tag","embeddable":true,"href":"https:\/\/toysmaniacornermonaco.com\/en\/wp-json\/wp\/v2\/product_tag?post=6261"}],"curies":[{"name":"wp","href":"https:\/\/api.w.org\/{rel}","templated":true}]}}