{"id":6285,"date":"2025-12-23T08:37:00","date_gmt":"2025-12-23T07:37:00","guid":{"rendered":"https:\/\/toysmaniacornermonaco.com\/?post_type=product&#038;p=6285"},"modified":"2025-12-23T08:46:02","modified_gmt":"2025-12-23T07:46:02","slug":"mercedes-amg-petronas-baseball-team-casquette-blanche","status":"publish","type":"product","link":"https:\/\/toysmaniacornermonaco.com\/en\/produit\/mercedes-amg-petronas-baseball-team-casquette-blanche\/","title":{"rendered":"Mercedes-AMG Petronas Baseball Team \u2013 Casquette Blanche"},"content":{"rendered":"<p class=\"isSelectedEnd\">Description du produit<br \/>\nCasquette officielle Mercedes-AMG Petronas Formula One Team au style baseball moderne et \u00e9pur\u00e9. L\u00e9g\u00e8re et confortable, elle est con\u00e7ue pour un port quotidien et dispose d\u2019une fermeture r\u00e9glable \u00e0 l\u2019arri\u00e8re pour un ajustement personnalis\u00e9. Son coloris blanc apporte une touche \u00e9l\u00e9gante tout en mettant en avant l\u2019identit\u00e9 de l\u2019\u00e9curie Mercedes.<\/p>\n<p>REF : 701 227 944 002<br \/>\nGEN CODE : 8719203397757<br \/>\nCouleur : Blanc<br \/>\nMarque : Mercedes-AMG Petronas<\/p>\n","protected":false},"excerpt":{"rendered":"Description du produit Casquette officielle Mercedes-AMG Petronas Formula One Team au style baseball moderne et \u00e9pur\u00e9. L\u00e9g\u00e8re et confortable, elle est con\u00e7ue pour un port quotidien et dispose d\u2019une fermeture r\u00e9glable \u00e0 l\u2019arri\u00e8re pour un ajustement personnalis\u00e9. Son coloris blanc apporte une touche \u00e9l\u00e9gante tout en mettant en avant l\u2019identit\u00e9 de l\u2019\u00e9curie Mercedes. REF :&#8230; <a class=\"view-article\" href=\"https:\/\/toysmaniacornermonaco.com\/en\/produit\/mercedes-amg-petronas-baseball-team-casquette-blanche\/\">View Article<\/a>","protected":false},"featured_media":6286,"comment_status":"closed","ping_status":"closed","template":"","meta":{"_acf_changed":false},"product_cat":[711,390],"product_tag":[],"class_list":{"0":"post-6285","1":"product","2":"type-product","3":"status-publish","4":"has-post-thumbnail","6":"marque-mercedes","7":"idee_cadeau-femmes","8":"idee_cadeau-formula-one-f1","9":"idee_cadeau-hommes","10":"product_cat-casquette","11":"product_cat-vetements-et-accessoires","12":"product_shipping_class-moyencolis","14":"first","15":"instock","16":"taxable","17":"shipping-taxable","18":"purchasable","19":"product-type-simple"},"acf":[],"yoast_head":"<!-- This site is optimized with the Yoast SEO plugin v22.3 - https:\/\/yoast.com\/wordpress\/plugins\/seo\/ -->\n<title>Mercedes-AMG Petronas Baseball Team \u2013 Casquette Blanche - TOY&#039;S MANIA<\/title>\n<meta name=\"robots\" content=\"index, follow, max-snippet:-1, max-image-preview:large, max-video-preview:-1\" \/>\n<link rel=\"canonical\" href=\"https:\/\/toysmaniacornermonaco.com\/produit\/mercedes-amg-petronas-baseball-team-casquette-blanche\/\" \/>\n<meta property=\"og:locale\" content=\"en_US\" \/>\n<meta property=\"og:type\" content=\"article\" \/>\n<meta property=\"og:title\" content=\"Mercedes-AMG Petronas Baseball Team \u2013 Casquette Blanche - TOY&#039;S MANIA\" \/>\n<meta property=\"og:description\" content=\"Description du produit Casquette officielle Mercedes-AMG Petronas Formula One Team au style baseball moderne et \u00e9pur\u00e9. L\u00e9g\u00e8re et confortable, elle est con\u00e7ue pour un port quotidien et dispose d\u2019une fermeture r\u00e9glable \u00e0 l\u2019arri\u00e8re pour un ajustement personnalis\u00e9. Son coloris blanc apporte une touche \u00e9l\u00e9gante tout en mettant en avant l\u2019identit\u00e9 de l\u2019\u00e9curie Mercedes. REF :... View Article\" \/>\n<meta property=\"og:url\" content=\"https:\/\/toysmaniacornermonaco.com\/produit\/mercedes-amg-petronas-baseball-team-casquette-blanche\/\" \/>\n<meta property=\"og:site_name\" content=\"TOY&#039;S MANIA\" \/>\n<meta property=\"article:modified_time\" content=\"2025-12-23T07:46:02+00:00\" \/>\n<meta property=\"og:image\" content=\"https:\/\/toysmaniacornermonaco.com\/wp-content\/uploads\/2025\/12\/BASEBALLBLANC.jpg\" \/>\n\t<meta property=\"og:image:width\" content=\"225\" \/>\n\t<meta property=\"og:image:height\" content=\"225\" \/>\n\t<meta property=\"og:image:type\" content=\"image\/jpeg\" \/>\n<meta name=\"twitter:card\" content=\"summary_large_image\" \/>\n<meta name=\"twitter:label1\" content=\"Est. reading time\" \/>\n\t<meta name=\"twitter:data1\" content=\"1 minute\" \/>\n<script type=\"application\/ld+json\" class=\"yoast-schema-graph\">{\"@context\":\"https:\/\/schema.org\",\"@graph\":[{\"@type\":\"WebPage\",\"@id\":\"https:\/\/toysmaniacornermonaco.com\/produit\/mercedes-amg-petronas-baseball-team-casquette-blanche\/\",\"url\":\"https:\/\/toysmaniacornermonaco.com\/produit\/mercedes-amg-petronas-baseball-team-casquette-blanche\/\",\"name\":\"Mercedes-AMG Petronas Baseball Team \u2013 Casquette Blanche - TOY&#039;S MANIA\",\"isPartOf\":{\"@id\":\"https:\/\/toysmaniacornermonaco.com\/#website\"},\"primaryImageOfPage\":{\"@id\":\"https:\/\/toysmaniacornermonaco.com\/produit\/mercedes-amg-petronas-baseball-team-casquette-blanche\/#primaryimage\"},\"image\":{\"@id\":\"https:\/\/toysmaniacornermonaco.com\/produit\/mercedes-amg-petronas-baseball-team-casquette-blanche\/#primaryimage\"},\"thumbnailUrl\":\"https:\/\/toysmaniacornermonaco.com\/wp-content\/uploads\/2025\/12\/BASEBALLBLANC.jpg\",\"datePublished\":\"2025-12-23T07:37:00+00:00\",\"dateModified\":\"2025-12-23T07:46:02+00:00\",\"breadcrumb\":{\"@id\":\"https:\/\/toysmaniacornermonaco.com\/produit\/mercedes-amg-petronas-baseball-team-casquette-blanche\/#breadcrumb\"},\"inLanguage\":\"en-US\",\"potentialAction\":[{\"@type\":\"ReadAction\",\"target\":[\"https:\/\/toysmaniacornermonaco.com\/produit\/mercedes-amg-petronas-baseball-team-casquette-blanche\/\"]}]},{\"@type\":\"ImageObject\",\"inLanguage\":\"en-US\",\"@id\":\"https:\/\/toysmaniacornermonaco.com\/produit\/mercedes-amg-petronas-baseball-team-casquette-blanche\/#primaryimage\",\"url\":\"https:\/\/toysmaniacornermonaco.com\/wp-content\/uploads\/2025\/12\/BASEBALLBLANC.jpg\",\"contentUrl\":\"https:\/\/toysmaniacornermonaco.com\/wp-content\/uploads\/2025\/12\/BASEBALLBLANC.jpg\",\"width\":225,\"height\":225},{\"@type\":\"BreadcrumbList\",\"@id\":\"https:\/\/toysmaniacornermonaco.com\/produit\/mercedes-amg-petronas-baseball-team-casquette-blanche\/#breadcrumb\",\"itemListElement\":[{\"@type\":\"ListItem\",\"position\":1,\"name\":\"Accueil\",\"item\":\"https:\/\/toysmaniacornermonaco.com\/en\/\"},{\"@type\":\"ListItem\",\"position\":2,\"name\":\"Shop\",\"item\":\"https:\/\/toysmaniacornermonaco.com\/en\/shop\/\"},{\"@type\":\"ListItem\",\"position\":3,\"name\":\"Mercedes-AMG Petronas Baseball Team \u2013 Casquette Blanche\"}]},{\"@type\":\"WebSite\",\"@id\":\"https:\/\/toysmaniacornermonaco.com\/#website\",\"url\":\"https:\/\/toysmaniacornermonaco.com\/\",\"name\":\"TOY&#039;S MANIA\",\"description\":\"VOTRE CONCEPT STORE \u00c0 MONACO\",\"potentialAction\":[{\"@type\":\"SearchAction\",\"target\":{\"@type\":\"EntryPoint\",\"urlTemplate\":\"https:\/\/toysmaniacornermonaco.com\/?s={search_term_string}\"},\"query-input\":\"required name=search_term_string\"}],\"inLanguage\":\"en-US\"}]}<\/script>\n<!-- \/ Yoast SEO plugin. -->","yoast_head_json":{"title":"Mercedes-AMG Petronas Baseball Team \u2013 Casquette Blanche - TOY&#039;S MANIA","robots":{"index":"index","follow":"follow","max-snippet":"max-snippet:-1","max-image-preview":"max-image-preview:large","max-video-preview":"max-video-preview:-1"},"canonical":"https:\/\/toysmaniacornermonaco.com\/produit\/mercedes-amg-petronas-baseball-team-casquette-blanche\/","og_locale":"en_US","og_type":"article","og_title":"Mercedes-AMG Petronas Baseball Team \u2013 Casquette Blanche - TOY&#039;S MANIA","og_description":"Description du produit Casquette officielle Mercedes-AMG Petronas Formula One Team au style baseball moderne et \u00e9pur\u00e9. L\u00e9g\u00e8re et confortable, elle est con\u00e7ue pour un port quotidien et dispose d\u2019une fermeture r\u00e9glable \u00e0 l\u2019arri\u00e8re pour un ajustement personnalis\u00e9. Son coloris blanc apporte une touche \u00e9l\u00e9gante tout en mettant en avant l\u2019identit\u00e9 de l\u2019\u00e9curie Mercedes. REF :... View Article","og_url":"https:\/\/toysmaniacornermonaco.com\/produit\/mercedes-amg-petronas-baseball-team-casquette-blanche\/","og_site_name":"TOY&#039;S MANIA","article_modified_time":"2025-12-23T07:46:02+00:00","og_image":[{"width":225,"height":225,"url":"https:\/\/toysmaniacornermonaco.com\/wp-content\/uploads\/2025\/12\/BASEBALLBLANC.jpg","type":"image\/jpeg"}],"twitter_card":"summary_large_image","twitter_misc":{"Est. reading time":"1 minute"},"schema":{"@context":"https:\/\/schema.org","@graph":[{"@type":"WebPage","@id":"https:\/\/toysmaniacornermonaco.com\/produit\/mercedes-amg-petronas-baseball-team-casquette-blanche\/","url":"https:\/\/toysmaniacornermonaco.com\/produit\/mercedes-amg-petronas-baseball-team-casquette-blanche\/","name":"Mercedes-AMG Petronas Baseball Team \u2013 Casquette Blanche - TOY&#039;S MANIA","isPartOf":{"@id":"https:\/\/toysmaniacornermonaco.com\/#website"},"primaryImageOfPage":{"@id":"https:\/\/toysmaniacornermonaco.com\/produit\/mercedes-amg-petronas-baseball-team-casquette-blanche\/#primaryimage"},"image":{"@id":"https:\/\/toysmaniacornermonaco.com\/produit\/mercedes-amg-petronas-baseball-team-casquette-blanche\/#primaryimage"},"thumbnailUrl":"https:\/\/toysmaniacornermonaco.com\/wp-content\/uploads\/2025\/12\/BASEBALLBLANC.jpg","datePublished":"2025-12-23T07:37:00+00:00","dateModified":"2025-12-23T07:46:02+00:00","breadcrumb":{"@id":"https:\/\/toysmaniacornermonaco.com\/produit\/mercedes-amg-petronas-baseball-team-casquette-blanche\/#breadcrumb"},"inLanguage":"en-US","potentialAction":[{"@type":"ReadAction","target":["https:\/\/toysmaniacornermonaco.com\/produit\/mercedes-amg-petronas-baseball-team-casquette-blanche\/"]}]},{"@type":"ImageObject","inLanguage":"en-US","@id":"https:\/\/toysmaniacornermonaco.com\/produit\/mercedes-amg-petronas-baseball-team-casquette-blanche\/#primaryimage","url":"https:\/\/toysmaniacornermonaco.com\/wp-content\/uploads\/2025\/12\/BASEBALLBLANC.jpg","contentUrl":"https:\/\/toysmaniacornermonaco.com\/wp-content\/uploads\/2025\/12\/BASEBALLBLANC.jpg","width":225,"height":225},{"@type":"BreadcrumbList","@id":"https:\/\/toysmaniacornermonaco.com\/produit\/mercedes-amg-petronas-baseball-team-casquette-blanche\/#breadcrumb","itemListElement":[{"@type":"ListItem","position":1,"name":"Accueil","item":"https:\/\/toysmaniacornermonaco.com\/en\/"},{"@type":"ListItem","position":2,"name":"Shop","item":"https:\/\/toysmaniacornermonaco.com\/en\/shop\/"},{"@type":"ListItem","position":3,"name":"Mercedes-AMG Petronas Baseball Team \u2013 Casquette Blanche"}]},{"@type":"WebSite","@id":"https:\/\/toysmaniacornermonaco.com\/#website","url":"https:\/\/toysmaniacornermonaco.com\/","name":"TOY&#039;S MANIA","description":"VOTRE CONCEPT STORE \u00c0 MONACO","potentialAction":[{"@type":"SearchAction","target":{"@type":"EntryPoint","urlTemplate":"https:\/\/toysmaniacornermonaco.com\/?s={search_term_string}"},"query-input":"required name=search_term_string"}],"inLanguage":"en-US"}]}},"_links":{"self":[{"href":"https:\/\/toysmaniacornermonaco.com\/en\/wp-json\/wp\/v2\/product\/6285","targetHints":{"allow":["GET"]}}],"collection":[{"href":"https:\/\/toysmaniacornermonaco.com\/en\/wp-json\/wp\/v2\/product"}],"about":[{"href":"https:\/\/toysmaniacornermonaco.com\/en\/wp-json\/wp\/v2\/types\/product"}],"replies":[{"embeddable":true,"href":"https:\/\/toysmaniacornermonaco.com\/en\/wp-json\/wp\/v2\/comments?post=6285"}],"wp:featuredmedia":[{"embeddable":true,"href":"https:\/\/toysmaniacornermonaco.com\/en\/wp-json\/wp\/v2\/media\/6286"}],"wp:attachment":[{"href":"https:\/\/toysmaniacornermonaco.com\/en\/wp-json\/wp\/v2\/media?parent=6285"}],"wp:term":[{"taxonomy":"product_cat","embeddable":true,"href":"https:\/\/toysmaniacornermonaco.com\/en\/wp-json\/wp\/v2\/product_cat?post=6285"},{"taxonomy":"product_tag","embeddable":true,"href":"https:\/\/toysmaniacornermonaco.com\/en\/wp-json\/wp\/v2\/product_tag?post=6285"}],"curies":[{"name":"wp","href":"https:\/\/api.w.org\/{rel}","templated":true}]}}