{"id":6288,"date":"2025-12-23T08:47:00","date_gmt":"2025-12-23T07:47:00","guid":{"rendered":"https:\/\/toysmaniacornermonaco.com\/?post_type=product&#038;p=6288"},"modified":"2025-12-23T08:54:09","modified_gmt":"2025-12-23T07:54:09","slug":"mercedes-amg-petronas-f1-casquette-tie-dye-multicolore","status":"publish","type":"product","link":"https:\/\/toysmaniacornermonaco.com\/en\/produit\/mercedes-amg-petronas-f1-casquette-tie-dye-multicolore\/","title":{"rendered":"Mercedes-AMG Petronas F1 \u2013 Casquette Tie Dye Multicolore"},"content":{"rendered":"<p class=\"isSelectedEnd\">Description du produit<br \/>\nCasquette officielle Mercedes-AMG Petronas F1 au design tie dye multicolore original. Pens\u00e9e pour allier style et confort, elle se distingue par son look moderne et sa conception l\u00e9g\u00e8re. Dot\u00e9e d\u2019une fermeture r\u00e9glable, elle s\u2019adapte facilement \u00e0 toutes les morphologies et permet d\u2019afficher un style unique tout en soutenant l\u2019\u00e9curie Mercedes.<\/p>\n<p>REF : 701 227 112 001<br \/>\nGEN CODE : 8719203406855<br \/>\nCouleur : Multicolore<br \/>\nMarque : Mercedes-AMG Petronas<\/p>\n","protected":false},"excerpt":{"rendered":"Description du produit Casquette officielle Mercedes-AMG Petronas F1 au design tie dye multicolore original. Pens\u00e9e pour allier style et confort, elle se distingue par son look moderne et sa conception l\u00e9g\u00e8re. Dot\u00e9e d\u2019une fermeture r\u00e9glable, elle s\u2019adapte facilement \u00e0 toutes les morphologies et permet d\u2019afficher un style unique tout en soutenant l\u2019\u00e9curie Mercedes. REF :&#8230; <a class=\"view-article\" href=\"https:\/\/toysmaniacornermonaco.com\/en\/produit\/mercedes-amg-petronas-f1-casquette-tie-dye-multicolore\/\">View Article<\/a>","protected":false},"featured_media":6289,"comment_status":"closed","ping_status":"closed","template":"","meta":{"_acf_changed":false},"product_cat":[711,390],"product_tag":[],"class_list":{"0":"post-6288","1":"product","2":"type-product","3":"status-publish","4":"has-post-thumbnail","6":"marque-amg","7":"marque-mercedes","8":"idee_cadeau-femmes","9":"idee_cadeau-formula-one-f1","10":"idee_cadeau-hommes","11":"product_cat-casquette","12":"product_cat-vetements-et-accessoires","13":"product_shipping_class-moyencolis","15":"first","16":"instock","17":"taxable","18":"shipping-taxable","19":"purchasable","20":"product-type-simple"},"acf":[],"yoast_head":"<!-- This site is optimized with the Yoast SEO plugin v22.3 - https:\/\/yoast.com\/wordpress\/plugins\/seo\/ -->\n<title>Mercedes-AMG Petronas F1 \u2013 Casquette Tie Dye Multicolore - TOY&#039;S MANIA<\/title>\n<meta name=\"robots\" content=\"index, follow, max-snippet:-1, max-image-preview:large, max-video-preview:-1\" \/>\n<link rel=\"canonical\" href=\"https:\/\/toysmaniacornermonaco.com\/produit\/mercedes-amg-petronas-f1-casquette-tie-dye-multicolore\/\" \/>\n<meta property=\"og:locale\" content=\"en_US\" \/>\n<meta property=\"og:type\" content=\"article\" \/>\n<meta property=\"og:title\" content=\"Mercedes-AMG Petronas F1 \u2013 Casquette Tie Dye Multicolore - TOY&#039;S MANIA\" \/>\n<meta property=\"og:description\" content=\"Description du produit Casquette officielle Mercedes-AMG Petronas F1 au design tie dye multicolore original. Pens\u00e9e pour allier style et confort, elle se distingue par son look moderne et sa conception l\u00e9g\u00e8re. Dot\u00e9e d\u2019une fermeture r\u00e9glable, elle s\u2019adapte facilement \u00e0 toutes les morphologies et permet d\u2019afficher un style unique tout en soutenant l\u2019\u00e9curie Mercedes. REF :... View Article\" \/>\n<meta property=\"og:url\" content=\"https:\/\/toysmaniacornermonaco.com\/produit\/mercedes-amg-petronas-f1-casquette-tie-dye-multicolore\/\" \/>\n<meta property=\"og:site_name\" content=\"TOY&#039;S MANIA\" \/>\n<meta property=\"article:modified_time\" content=\"2025-12-23T07:54:09+00:00\" \/>\n<meta property=\"og:image\" content=\"https:\/\/toysmaniacornermonaco.com\/wp-content\/uploads\/2025\/12\/petronas-tie-dye.jpg\" \/>\n\t<meta property=\"og:image:width\" content=\"679\" \/>\n\t<meta property=\"og:image:height\" content=\"690\" \/>\n\t<meta property=\"og:image:type\" content=\"image\/jpeg\" \/>\n<meta name=\"twitter:card\" content=\"summary_large_image\" \/>\n<meta name=\"twitter:label1\" content=\"Est. reading time\" \/>\n\t<meta name=\"twitter:data1\" content=\"1 minute\" \/>\n<script type=\"application\/ld+json\" class=\"yoast-schema-graph\">{\"@context\":\"https:\/\/schema.org\",\"@graph\":[{\"@type\":\"WebPage\",\"@id\":\"https:\/\/toysmaniacornermonaco.com\/produit\/mercedes-amg-petronas-f1-casquette-tie-dye-multicolore\/\",\"url\":\"https:\/\/toysmaniacornermonaco.com\/produit\/mercedes-amg-petronas-f1-casquette-tie-dye-multicolore\/\",\"name\":\"Mercedes-AMG Petronas F1 \u2013 Casquette Tie Dye Multicolore - TOY&#039;S MANIA\",\"isPartOf\":{\"@id\":\"https:\/\/toysmaniacornermonaco.com\/#website\"},\"primaryImageOfPage\":{\"@id\":\"https:\/\/toysmaniacornermonaco.com\/produit\/mercedes-amg-petronas-f1-casquette-tie-dye-multicolore\/#primaryimage\"},\"image\":{\"@id\":\"https:\/\/toysmaniacornermonaco.com\/produit\/mercedes-amg-petronas-f1-casquette-tie-dye-multicolore\/#primaryimage\"},\"thumbnailUrl\":\"https:\/\/toysmaniacornermonaco.com\/wp-content\/uploads\/2025\/12\/petronas-tie-dye.jpg\",\"datePublished\":\"2025-12-23T07:47:00+00:00\",\"dateModified\":\"2025-12-23T07:54:09+00:00\",\"breadcrumb\":{\"@id\":\"https:\/\/toysmaniacornermonaco.com\/produit\/mercedes-amg-petronas-f1-casquette-tie-dye-multicolore\/#breadcrumb\"},\"inLanguage\":\"en-US\",\"potentialAction\":[{\"@type\":\"ReadAction\",\"target\":[\"https:\/\/toysmaniacornermonaco.com\/produit\/mercedes-amg-petronas-f1-casquette-tie-dye-multicolore\/\"]}]},{\"@type\":\"ImageObject\",\"inLanguage\":\"en-US\",\"@id\":\"https:\/\/toysmaniacornermonaco.com\/produit\/mercedes-amg-petronas-f1-casquette-tie-dye-multicolore\/#primaryimage\",\"url\":\"https:\/\/toysmaniacornermonaco.com\/wp-content\/uploads\/2025\/12\/petronas-tie-dye.jpg\",\"contentUrl\":\"https:\/\/toysmaniacornermonaco.com\/wp-content\/uploads\/2025\/12\/petronas-tie-dye.jpg\",\"width\":679,\"height\":690},{\"@type\":\"BreadcrumbList\",\"@id\":\"https:\/\/toysmaniacornermonaco.com\/produit\/mercedes-amg-petronas-f1-casquette-tie-dye-multicolore\/#breadcrumb\",\"itemListElement\":[{\"@type\":\"ListItem\",\"position\":1,\"name\":\"Accueil\",\"item\":\"https:\/\/toysmaniacornermonaco.com\/en\/\"},{\"@type\":\"ListItem\",\"position\":2,\"name\":\"Shop\",\"item\":\"https:\/\/toysmaniacornermonaco.com\/en\/shop\/\"},{\"@type\":\"ListItem\",\"position\":3,\"name\":\"Mercedes-AMG Petronas F1 \u2013 Casquette Tie Dye Multicolore\"}]},{\"@type\":\"WebSite\",\"@id\":\"https:\/\/toysmaniacornermonaco.com\/#website\",\"url\":\"https:\/\/toysmaniacornermonaco.com\/\",\"name\":\"TOY&#039;S MANIA\",\"description\":\"VOTRE CONCEPT STORE \u00c0 MONACO\",\"potentialAction\":[{\"@type\":\"SearchAction\",\"target\":{\"@type\":\"EntryPoint\",\"urlTemplate\":\"https:\/\/toysmaniacornermonaco.com\/?s={search_term_string}\"},\"query-input\":\"required name=search_term_string\"}],\"inLanguage\":\"en-US\"}]}<\/script>\n<!-- \/ Yoast SEO plugin. -->","yoast_head_json":{"title":"Mercedes-AMG Petronas F1 \u2013 Casquette Tie Dye Multicolore - TOY&#039;S MANIA","robots":{"index":"index","follow":"follow","max-snippet":"max-snippet:-1","max-image-preview":"max-image-preview:large","max-video-preview":"max-video-preview:-1"},"canonical":"https:\/\/toysmaniacornermonaco.com\/produit\/mercedes-amg-petronas-f1-casquette-tie-dye-multicolore\/","og_locale":"en_US","og_type":"article","og_title":"Mercedes-AMG Petronas F1 \u2013 Casquette Tie Dye Multicolore - TOY&#039;S MANIA","og_description":"Description du produit Casquette officielle Mercedes-AMG Petronas F1 au design tie dye multicolore original. Pens\u00e9e pour allier style et confort, elle se distingue par son look moderne et sa conception l\u00e9g\u00e8re. Dot\u00e9e d\u2019une fermeture r\u00e9glable, elle s\u2019adapte facilement \u00e0 toutes les morphologies et permet d\u2019afficher un style unique tout en soutenant l\u2019\u00e9curie Mercedes. REF :... View Article","og_url":"https:\/\/toysmaniacornermonaco.com\/produit\/mercedes-amg-petronas-f1-casquette-tie-dye-multicolore\/","og_site_name":"TOY&#039;S MANIA","article_modified_time":"2025-12-23T07:54:09+00:00","og_image":[{"width":679,"height":690,"url":"https:\/\/toysmaniacornermonaco.com\/wp-content\/uploads\/2025\/12\/petronas-tie-dye.jpg","type":"image\/jpeg"}],"twitter_card":"summary_large_image","twitter_misc":{"Est. reading time":"1 minute"},"schema":{"@context":"https:\/\/schema.org","@graph":[{"@type":"WebPage","@id":"https:\/\/toysmaniacornermonaco.com\/produit\/mercedes-amg-petronas-f1-casquette-tie-dye-multicolore\/","url":"https:\/\/toysmaniacornermonaco.com\/produit\/mercedes-amg-petronas-f1-casquette-tie-dye-multicolore\/","name":"Mercedes-AMG Petronas F1 \u2013 Casquette Tie Dye Multicolore - TOY&#039;S MANIA","isPartOf":{"@id":"https:\/\/toysmaniacornermonaco.com\/#website"},"primaryImageOfPage":{"@id":"https:\/\/toysmaniacornermonaco.com\/produit\/mercedes-amg-petronas-f1-casquette-tie-dye-multicolore\/#primaryimage"},"image":{"@id":"https:\/\/toysmaniacornermonaco.com\/produit\/mercedes-amg-petronas-f1-casquette-tie-dye-multicolore\/#primaryimage"},"thumbnailUrl":"https:\/\/toysmaniacornermonaco.com\/wp-content\/uploads\/2025\/12\/petronas-tie-dye.jpg","datePublished":"2025-12-23T07:47:00+00:00","dateModified":"2025-12-23T07:54:09+00:00","breadcrumb":{"@id":"https:\/\/toysmaniacornermonaco.com\/produit\/mercedes-amg-petronas-f1-casquette-tie-dye-multicolore\/#breadcrumb"},"inLanguage":"en-US","potentialAction":[{"@type":"ReadAction","target":["https:\/\/toysmaniacornermonaco.com\/produit\/mercedes-amg-petronas-f1-casquette-tie-dye-multicolore\/"]}]},{"@type":"ImageObject","inLanguage":"en-US","@id":"https:\/\/toysmaniacornermonaco.com\/produit\/mercedes-amg-petronas-f1-casquette-tie-dye-multicolore\/#primaryimage","url":"https:\/\/toysmaniacornermonaco.com\/wp-content\/uploads\/2025\/12\/petronas-tie-dye.jpg","contentUrl":"https:\/\/toysmaniacornermonaco.com\/wp-content\/uploads\/2025\/12\/petronas-tie-dye.jpg","width":679,"height":690},{"@type":"BreadcrumbList","@id":"https:\/\/toysmaniacornermonaco.com\/produit\/mercedes-amg-petronas-f1-casquette-tie-dye-multicolore\/#breadcrumb","itemListElement":[{"@type":"ListItem","position":1,"name":"Accueil","item":"https:\/\/toysmaniacornermonaco.com\/en\/"},{"@type":"ListItem","position":2,"name":"Shop","item":"https:\/\/toysmaniacornermonaco.com\/en\/shop\/"},{"@type":"ListItem","position":3,"name":"Mercedes-AMG Petronas F1 \u2013 Casquette Tie Dye Multicolore"}]},{"@type":"WebSite","@id":"https:\/\/toysmaniacornermonaco.com\/#website","url":"https:\/\/toysmaniacornermonaco.com\/","name":"TOY&#039;S MANIA","description":"VOTRE CONCEPT STORE \u00c0 MONACO","potentialAction":[{"@type":"SearchAction","target":{"@type":"EntryPoint","urlTemplate":"https:\/\/toysmaniacornermonaco.com\/?s={search_term_string}"},"query-input":"required name=search_term_string"}],"inLanguage":"en-US"}]}},"_links":{"self":[{"href":"https:\/\/toysmaniacornermonaco.com\/en\/wp-json\/wp\/v2\/product\/6288","targetHints":{"allow":["GET"]}}],"collection":[{"href":"https:\/\/toysmaniacornermonaco.com\/en\/wp-json\/wp\/v2\/product"}],"about":[{"href":"https:\/\/toysmaniacornermonaco.com\/en\/wp-json\/wp\/v2\/types\/product"}],"replies":[{"embeddable":true,"href":"https:\/\/toysmaniacornermonaco.com\/en\/wp-json\/wp\/v2\/comments?post=6288"}],"wp:featuredmedia":[{"embeddable":true,"href":"https:\/\/toysmaniacornermonaco.com\/en\/wp-json\/wp\/v2\/media\/6289"}],"wp:attachment":[{"href":"https:\/\/toysmaniacornermonaco.com\/en\/wp-json\/wp\/v2\/media?parent=6288"}],"wp:term":[{"taxonomy":"product_cat","embeddable":true,"href":"https:\/\/toysmaniacornermonaco.com\/en\/wp-json\/wp\/v2\/product_cat?post=6288"},{"taxonomy":"product_tag","embeddable":true,"href":"https:\/\/toysmaniacornermonaco.com\/en\/wp-json\/wp\/v2\/product_tag?post=6288"}],"curies":[{"name":"wp","href":"https:\/\/api.w.org\/{rel}","templated":true}]}}