{"id":6302,"date":"2025-12-23T09:04:49","date_gmt":"2025-12-23T08:04:49","guid":{"rendered":"https:\/\/toysmaniacornermonaco.com\/?post_type=product&#038;p=6302"},"modified":"2025-12-23T09:11:20","modified_gmt":"2025-12-23T08:11:20","slug":"casquette-usa-red-bull-f1-gp","status":"publish","type":"product","link":"https:\/\/toysmaniacornermonaco.com\/en\/produit\/casquette-usa-red-bull-f1-gp\/","title":{"rendered":"Casquette USA Red Bull F1 GP"},"content":{"rendered":"<p class=\"isSelectedEnd\">Description du produit<br \/>\nCasquette officielle Red Bull F1 GP \u00e9dition USA, inspir\u00e9e de l\u2019univers des Grands Prix am\u00e9ricains. Con\u00e7ue pour offrir confort et style au quotidien, elle est l\u00e9g\u00e8re, agr\u00e9able \u00e0 porter et dot\u00e9e d\u2019un syst\u00e8me de r\u00e9glage permettant un ajustement optimal. Un accessoire id\u00e9al pour afficher son soutien \u00e0 l\u2019\u00e9curie Red Bull avec une touche distinctive.<\/p>\n<p>REF : 60573658<br \/>\nGEN CODE : 0198059658349<br \/>\nCouleur :bleue<br \/>\nMarque : Red Bull Racing<\/p>\n","protected":false},"excerpt":{"rendered":"Description du produit Casquette officielle Red Bull F1 GP \u00e9dition USA, inspir\u00e9e de l\u2019univers des Grands Prix am\u00e9ricains. Con\u00e7ue pour offrir confort et style au quotidien, elle est l\u00e9g\u00e8re, agr\u00e9able \u00e0 porter et dot\u00e9e d\u2019un syst\u00e8me de r\u00e9glage permettant un ajustement optimal. Un accessoire id\u00e9al pour afficher son soutien \u00e0 l\u2019\u00e9curie Red Bull avec une&#8230; <a class=\"view-article\" href=\"https:\/\/toysmaniacornermonaco.com\/en\/produit\/casquette-usa-red-bull-f1-gp\/\">View Article<\/a>","protected":false},"featured_media":6295,"comment_status":"closed","ping_status":"closed","template":"","meta":{"_acf_changed":false},"product_cat":[711,390],"product_tag":[],"class_list":{"0":"post-6302","1":"product","2":"type-product","3":"status-publish","4":"has-post-thumbnail","6":"marque-amg","7":"marque-mercedes","8":"idee_cadeau-femmes","9":"idee_cadeau-formula-one-f1","10":"idee_cadeau-hommes","11":"product_cat-casquette","12":"product_cat-vetements-et-accessoires","13":"product_shipping_class-moyencolis","15":"first","16":"instock","17":"taxable","18":"shipping-taxable","19":"purchasable","20":"product-type-simple"},"acf":[],"yoast_head":"<!-- This site is optimized with the Yoast SEO plugin v22.3 - https:\/\/yoast.com\/wordpress\/plugins\/seo\/ -->\n<title>Casquette USA Red Bull F1 GP - TOY&#039;S MANIA<\/title>\n<meta name=\"robots\" content=\"index, follow, max-snippet:-1, max-image-preview:large, max-video-preview:-1\" \/>\n<link rel=\"canonical\" href=\"https:\/\/toysmaniacornermonaco.com\/produit\/casquette-usa-red-bull-f1-gp\/\" \/>\n<meta property=\"og:locale\" content=\"en_US\" \/>\n<meta property=\"og:type\" content=\"article\" \/>\n<meta property=\"og:title\" content=\"Casquette USA Red Bull F1 GP - TOY&#039;S MANIA\" \/>\n<meta property=\"og:description\" content=\"Description du produit Casquette officielle Red Bull F1 GP \u00e9dition USA, inspir\u00e9e de l\u2019univers des Grands Prix am\u00e9ricains. Con\u00e7ue pour offrir confort et style au quotidien, elle est l\u00e9g\u00e8re, agr\u00e9able \u00e0 porter et dot\u00e9e d\u2019un syst\u00e8me de r\u00e9glage permettant un ajustement optimal. Un accessoire id\u00e9al pour afficher son soutien \u00e0 l\u2019\u00e9curie Red Bull avec une... View Article\" \/>\n<meta property=\"og:url\" content=\"https:\/\/toysmaniacornermonaco.com\/produit\/casquette-usa-red-bull-f1-gp\/\" \/>\n<meta property=\"og:site_name\" content=\"TOY&#039;S MANIA\" \/>\n<meta property=\"article:modified_time\" content=\"2025-12-23T08:11:20+00:00\" \/>\n<meta property=\"og:image\" content=\"https:\/\/toysmaniacornermonaco.com\/wp-content\/uploads\/2025\/12\/redbullEU.jpg\" \/>\n\t<meta property=\"og:image:width\" content=\"900\" \/>\n\t<meta property=\"og:image:height\" content=\"1350\" \/>\n\t<meta property=\"og:image:type\" content=\"image\/jpeg\" \/>\n<meta name=\"twitter:card\" content=\"summary_large_image\" \/>\n<meta name=\"twitter:label1\" content=\"Est. reading time\" \/>\n\t<meta name=\"twitter:data1\" content=\"1 minute\" \/>\n<script type=\"application\/ld+json\" class=\"yoast-schema-graph\">{\"@context\":\"https:\/\/schema.org\",\"@graph\":[{\"@type\":\"WebPage\",\"@id\":\"https:\/\/toysmaniacornermonaco.com\/produit\/casquette-usa-red-bull-f1-gp\/\",\"url\":\"https:\/\/toysmaniacornermonaco.com\/produit\/casquette-usa-red-bull-f1-gp\/\",\"name\":\"Casquette USA Red Bull F1 GP - TOY&#039;S MANIA\",\"isPartOf\":{\"@id\":\"https:\/\/toysmaniacornermonaco.com\/#website\"},\"primaryImageOfPage\":{\"@id\":\"https:\/\/toysmaniacornermonaco.com\/produit\/casquette-usa-red-bull-f1-gp\/#primaryimage\"},\"image\":{\"@id\":\"https:\/\/toysmaniacornermonaco.com\/produit\/casquette-usa-red-bull-f1-gp\/#primaryimage\"},\"thumbnailUrl\":\"https:\/\/toysmaniacornermonaco.com\/wp-content\/uploads\/2025\/12\/redbullEU.jpg\",\"datePublished\":\"2025-12-23T08:04:49+00:00\",\"dateModified\":\"2025-12-23T08:11:20+00:00\",\"breadcrumb\":{\"@id\":\"https:\/\/toysmaniacornermonaco.com\/produit\/casquette-usa-red-bull-f1-gp\/#breadcrumb\"},\"inLanguage\":\"en-US\",\"potentialAction\":[{\"@type\":\"ReadAction\",\"target\":[\"https:\/\/toysmaniacornermonaco.com\/produit\/casquette-usa-red-bull-f1-gp\/\"]}]},{\"@type\":\"ImageObject\",\"inLanguage\":\"en-US\",\"@id\":\"https:\/\/toysmaniacornermonaco.com\/produit\/casquette-usa-red-bull-f1-gp\/#primaryimage\",\"url\":\"https:\/\/toysmaniacornermonaco.com\/wp-content\/uploads\/2025\/12\/redbullEU.jpg\",\"contentUrl\":\"https:\/\/toysmaniacornermonaco.com\/wp-content\/uploads\/2025\/12\/redbullEU.jpg\",\"width\":900,\"height\":1350},{\"@type\":\"BreadcrumbList\",\"@id\":\"https:\/\/toysmaniacornermonaco.com\/produit\/casquette-usa-red-bull-f1-gp\/#breadcrumb\",\"itemListElement\":[{\"@type\":\"ListItem\",\"position\":1,\"name\":\"Accueil\",\"item\":\"https:\/\/toysmaniacornermonaco.com\/en\/\"},{\"@type\":\"ListItem\",\"position\":2,\"name\":\"Shop\",\"item\":\"https:\/\/toysmaniacornermonaco.com\/en\/shop\/\"},{\"@type\":\"ListItem\",\"position\":3,\"name\":\"Casquette USA Red Bull F1 GP\"}]},{\"@type\":\"WebSite\",\"@id\":\"https:\/\/toysmaniacornermonaco.com\/#website\",\"url\":\"https:\/\/toysmaniacornermonaco.com\/\",\"name\":\"TOY&#039;S MANIA\",\"description\":\"VOTRE CONCEPT STORE \u00c0 MONACO\",\"potentialAction\":[{\"@type\":\"SearchAction\",\"target\":{\"@type\":\"EntryPoint\",\"urlTemplate\":\"https:\/\/toysmaniacornermonaco.com\/?s={search_term_string}\"},\"query-input\":\"required name=search_term_string\"}],\"inLanguage\":\"en-US\"}]}<\/script>\n<!-- \/ Yoast SEO plugin. -->","yoast_head_json":{"title":"Casquette USA Red Bull F1 GP - TOY&#039;S MANIA","robots":{"index":"index","follow":"follow","max-snippet":"max-snippet:-1","max-image-preview":"max-image-preview:large","max-video-preview":"max-video-preview:-1"},"canonical":"https:\/\/toysmaniacornermonaco.com\/produit\/casquette-usa-red-bull-f1-gp\/","og_locale":"en_US","og_type":"article","og_title":"Casquette USA Red Bull F1 GP - TOY&#039;S MANIA","og_description":"Description du produit Casquette officielle Red Bull F1 GP \u00e9dition USA, inspir\u00e9e de l\u2019univers des Grands Prix am\u00e9ricains. Con\u00e7ue pour offrir confort et style au quotidien, elle est l\u00e9g\u00e8re, agr\u00e9able \u00e0 porter et dot\u00e9e d\u2019un syst\u00e8me de r\u00e9glage permettant un ajustement optimal. Un accessoire id\u00e9al pour afficher son soutien \u00e0 l\u2019\u00e9curie Red Bull avec une... View Article","og_url":"https:\/\/toysmaniacornermonaco.com\/produit\/casquette-usa-red-bull-f1-gp\/","og_site_name":"TOY&#039;S MANIA","article_modified_time":"2025-12-23T08:11:20+00:00","og_image":[{"width":900,"height":1350,"url":"https:\/\/toysmaniacornermonaco.com\/wp-content\/uploads\/2025\/12\/redbullEU.jpg","type":"image\/jpeg"}],"twitter_card":"summary_large_image","twitter_misc":{"Est. reading time":"1 minute"},"schema":{"@context":"https:\/\/schema.org","@graph":[{"@type":"WebPage","@id":"https:\/\/toysmaniacornermonaco.com\/produit\/casquette-usa-red-bull-f1-gp\/","url":"https:\/\/toysmaniacornermonaco.com\/produit\/casquette-usa-red-bull-f1-gp\/","name":"Casquette USA Red Bull F1 GP - TOY&#039;S MANIA","isPartOf":{"@id":"https:\/\/toysmaniacornermonaco.com\/#website"},"primaryImageOfPage":{"@id":"https:\/\/toysmaniacornermonaco.com\/produit\/casquette-usa-red-bull-f1-gp\/#primaryimage"},"image":{"@id":"https:\/\/toysmaniacornermonaco.com\/produit\/casquette-usa-red-bull-f1-gp\/#primaryimage"},"thumbnailUrl":"https:\/\/toysmaniacornermonaco.com\/wp-content\/uploads\/2025\/12\/redbullEU.jpg","datePublished":"2025-12-23T08:04:49+00:00","dateModified":"2025-12-23T08:11:20+00:00","breadcrumb":{"@id":"https:\/\/toysmaniacornermonaco.com\/produit\/casquette-usa-red-bull-f1-gp\/#breadcrumb"},"inLanguage":"en-US","potentialAction":[{"@type":"ReadAction","target":["https:\/\/toysmaniacornermonaco.com\/produit\/casquette-usa-red-bull-f1-gp\/"]}]},{"@type":"ImageObject","inLanguage":"en-US","@id":"https:\/\/toysmaniacornermonaco.com\/produit\/casquette-usa-red-bull-f1-gp\/#primaryimage","url":"https:\/\/toysmaniacornermonaco.com\/wp-content\/uploads\/2025\/12\/redbullEU.jpg","contentUrl":"https:\/\/toysmaniacornermonaco.com\/wp-content\/uploads\/2025\/12\/redbullEU.jpg","width":900,"height":1350},{"@type":"BreadcrumbList","@id":"https:\/\/toysmaniacornermonaco.com\/produit\/casquette-usa-red-bull-f1-gp\/#breadcrumb","itemListElement":[{"@type":"ListItem","position":1,"name":"Accueil","item":"https:\/\/toysmaniacornermonaco.com\/en\/"},{"@type":"ListItem","position":2,"name":"Shop","item":"https:\/\/toysmaniacornermonaco.com\/en\/shop\/"},{"@type":"ListItem","position":3,"name":"Casquette USA Red Bull F1 GP"}]},{"@type":"WebSite","@id":"https:\/\/toysmaniacornermonaco.com\/#website","url":"https:\/\/toysmaniacornermonaco.com\/","name":"TOY&#039;S MANIA","description":"VOTRE CONCEPT STORE \u00c0 MONACO","potentialAction":[{"@type":"SearchAction","target":{"@type":"EntryPoint","urlTemplate":"https:\/\/toysmaniacornermonaco.com\/?s={search_term_string}"},"query-input":"required name=search_term_string"}],"inLanguage":"en-US"}]}},"_links":{"self":[{"href":"https:\/\/toysmaniacornermonaco.com\/en\/wp-json\/wp\/v2\/product\/6302","targetHints":{"allow":["GET"]}}],"collection":[{"href":"https:\/\/toysmaniacornermonaco.com\/en\/wp-json\/wp\/v2\/product"}],"about":[{"href":"https:\/\/toysmaniacornermonaco.com\/en\/wp-json\/wp\/v2\/types\/product"}],"replies":[{"embeddable":true,"href":"https:\/\/toysmaniacornermonaco.com\/en\/wp-json\/wp\/v2\/comments?post=6302"}],"wp:featuredmedia":[{"embeddable":true,"href":"https:\/\/toysmaniacornermonaco.com\/en\/wp-json\/wp\/v2\/media\/6295"}],"wp:attachment":[{"href":"https:\/\/toysmaniacornermonaco.com\/en\/wp-json\/wp\/v2\/media?parent=6302"}],"wp:term":[{"taxonomy":"product_cat","embeddable":true,"href":"https:\/\/toysmaniacornermonaco.com\/en\/wp-json\/wp\/v2\/product_cat?post=6302"},{"taxonomy":"product_tag","embeddable":true,"href":"https:\/\/toysmaniacornermonaco.com\/en\/wp-json\/wp\/v2\/product_tag?post=6302"}],"curies":[{"name":"wp","href":"https:\/\/api.w.org\/{rel}","templated":true}]}}