{"id":6303,"date":"2025-12-23T11:23:02","date_gmt":"2025-12-23T10:23:02","guid":{"rendered":"https:\/\/toysmaniacornermonaco.com\/?post_type=product&#038;p=6303"},"modified":"2025-12-23T11:40:06","modified_gmt":"2025-12-23T10:40:06","slug":"bmw-motorsport-team-casquette-blanche","status":"publish","type":"product","link":"https:\/\/toysmaniacornermonaco.com\/en\/produit\/bmw-motorsport-team-casquette-blanche\/","title":{"rendered":"BMW Motorsport Team \u2013 Casquette Blanche"},"content":{"rendered":"<p class=\"isSelectedEnd\">Description du produit<br \/>\nCasquette officielle BMW Motorsport Team, con\u00e7ue dans un style sobre et sportif fid\u00e8le \u00e0 l\u2019univers de la comp\u00e9tition automobile. L\u00e9g\u00e8re et confortable, elle est id\u00e9ale pour un port quotidien et dispose d\u2019un syst\u00e8me de r\u00e9glage \u00e0 l\u2019arri\u00e8re pour un ajustement optimal. Son coloris blanc met en valeur l\u2019identit\u00e9 embl\u00e9matique de BMW Motorsport avec \u00e9l\u00e9gance.<\/p>\n<p>REF : 701 219 211 002<br \/>\nGEN CODE : 4065454474773<br \/>\nCouleur : Blanc<br \/>\nMarque : BMW Motorsport<\/p>\n","protected":false},"excerpt":{"rendered":"Description du produit Casquette officielle BMW Motorsport Team, con\u00e7ue dans un style sobre et sportif fid\u00e8le \u00e0 l\u2019univers de la comp\u00e9tition automobile. L\u00e9g\u00e8re et confortable, elle est id\u00e9ale pour un port quotidien et dispose d\u2019un syst\u00e8me de r\u00e9glage \u00e0 l\u2019arri\u00e8re pour un ajustement optimal. Son coloris blanc met en valeur l\u2019identit\u00e9 embl\u00e9matique de BMW Motorsport&#8230; <a class=\"view-article\" href=\"https:\/\/toysmaniacornermonaco.com\/en\/produit\/bmw-motorsport-team-casquette-blanche\/\">View Article<\/a>","protected":false},"featured_media":6304,"comment_status":"closed","ping_status":"closed","template":"","meta":{"_acf_changed":false},"product_cat":[711,390],"product_tag":[],"class_list":{"0":"post-6303","1":"product","2":"type-product","3":"status-publish","4":"has-post-thumbnail","6":"marque-bmw","7":"idee_cadeau-femmes","8":"idee_cadeau-formula-one-f1","9":"idee_cadeau-hommes","10":"product_cat-casquette","11":"product_cat-vetements-et-accessoires","12":"product_shipping_class-moyencolis","14":"first","15":"instock","16":"taxable","17":"shipping-taxable","18":"purchasable","19":"product-type-simple"},"acf":[],"yoast_head":"<!-- This site is optimized with the Yoast SEO plugin v22.3 - https:\/\/yoast.com\/wordpress\/plugins\/seo\/ -->\n<title>BMW Motorsport Team \u2013 Casquette Blanche - TOY&#039;S MANIA<\/title>\n<meta name=\"robots\" content=\"index, follow, max-snippet:-1, max-image-preview:large, max-video-preview:-1\" \/>\n<link rel=\"canonical\" href=\"https:\/\/toysmaniacornermonaco.com\/produit\/bmw-motorsport-team-casquette-blanche\/\" \/>\n<meta property=\"og:locale\" content=\"en_US\" \/>\n<meta property=\"og:type\" content=\"article\" \/>\n<meta property=\"og:title\" content=\"BMW Motorsport Team \u2013 Casquette Blanche - TOY&#039;S MANIA\" \/>\n<meta property=\"og:description\" content=\"Description du produit Casquette officielle BMW Motorsport Team, con\u00e7ue dans un style sobre et sportif fid\u00e8le \u00e0 l\u2019univers de la comp\u00e9tition automobile. L\u00e9g\u00e8re et confortable, elle est id\u00e9ale pour un port quotidien et dispose d\u2019un syst\u00e8me de r\u00e9glage \u00e0 l\u2019arri\u00e8re pour un ajustement optimal. Son coloris blanc met en valeur l\u2019identit\u00e9 embl\u00e9matique de BMW Motorsport... View Article\" \/>\n<meta property=\"og:url\" content=\"https:\/\/toysmaniacornermonaco.com\/produit\/bmw-motorsport-team-casquette-blanche\/\" \/>\n<meta property=\"og:site_name\" content=\"TOY&#039;S MANIA\" \/>\n<meta property=\"article:modified_time\" content=\"2025-12-23T10:40:06+00:00\" \/>\n<meta property=\"og:image\" content=\"https:\/\/toysmaniacornermonaco.com\/wp-content\/uploads\/2025\/12\/MOTORSPORT.jpg\" \/>\n\t<meta property=\"og:image:width\" content=\"183\" \/>\n\t<meta property=\"og:image:height\" content=\"275\" \/>\n\t<meta property=\"og:image:type\" content=\"image\/jpeg\" \/>\n<meta name=\"twitter:card\" content=\"summary_large_image\" \/>\n<meta name=\"twitter:label1\" content=\"Est. reading time\" \/>\n\t<meta name=\"twitter:data1\" content=\"1 minute\" \/>\n<script type=\"application\/ld+json\" class=\"yoast-schema-graph\">{\"@context\":\"https:\/\/schema.org\",\"@graph\":[{\"@type\":\"WebPage\",\"@id\":\"https:\/\/toysmaniacornermonaco.com\/produit\/bmw-motorsport-team-casquette-blanche\/\",\"url\":\"https:\/\/toysmaniacornermonaco.com\/produit\/bmw-motorsport-team-casquette-blanche\/\",\"name\":\"BMW Motorsport Team \u2013 Casquette Blanche - TOY&#039;S MANIA\",\"isPartOf\":{\"@id\":\"https:\/\/toysmaniacornermonaco.com\/#website\"},\"primaryImageOfPage\":{\"@id\":\"https:\/\/toysmaniacornermonaco.com\/produit\/bmw-motorsport-team-casquette-blanche\/#primaryimage\"},\"image\":{\"@id\":\"https:\/\/toysmaniacornermonaco.com\/produit\/bmw-motorsport-team-casquette-blanche\/#primaryimage\"},\"thumbnailUrl\":\"https:\/\/toysmaniacornermonaco.com\/wp-content\/uploads\/2025\/12\/MOTORSPORT.jpg\",\"datePublished\":\"2025-12-23T10:23:02+00:00\",\"dateModified\":\"2025-12-23T10:40:06+00:00\",\"breadcrumb\":{\"@id\":\"https:\/\/toysmaniacornermonaco.com\/produit\/bmw-motorsport-team-casquette-blanche\/#breadcrumb\"},\"inLanguage\":\"en-US\",\"potentialAction\":[{\"@type\":\"ReadAction\",\"target\":[\"https:\/\/toysmaniacornermonaco.com\/produit\/bmw-motorsport-team-casquette-blanche\/\"]}]},{\"@type\":\"ImageObject\",\"inLanguage\":\"en-US\",\"@id\":\"https:\/\/toysmaniacornermonaco.com\/produit\/bmw-motorsport-team-casquette-blanche\/#primaryimage\",\"url\":\"https:\/\/toysmaniacornermonaco.com\/wp-content\/uploads\/2025\/12\/MOTORSPORT.jpg\",\"contentUrl\":\"https:\/\/toysmaniacornermonaco.com\/wp-content\/uploads\/2025\/12\/MOTORSPORT.jpg\",\"width\":183,\"height\":275},{\"@type\":\"BreadcrumbList\",\"@id\":\"https:\/\/toysmaniacornermonaco.com\/produit\/bmw-motorsport-team-casquette-blanche\/#breadcrumb\",\"itemListElement\":[{\"@type\":\"ListItem\",\"position\":1,\"name\":\"Accueil\",\"item\":\"https:\/\/toysmaniacornermonaco.com\/en\/\"},{\"@type\":\"ListItem\",\"position\":2,\"name\":\"Shop\",\"item\":\"https:\/\/toysmaniacornermonaco.com\/en\/shop\/\"},{\"@type\":\"ListItem\",\"position\":3,\"name\":\"BMW Motorsport Team \u2013 Casquette Blanche\"}]},{\"@type\":\"WebSite\",\"@id\":\"https:\/\/toysmaniacornermonaco.com\/#website\",\"url\":\"https:\/\/toysmaniacornermonaco.com\/\",\"name\":\"TOY&#039;S MANIA\",\"description\":\"VOTRE CONCEPT STORE \u00c0 MONACO\",\"potentialAction\":[{\"@type\":\"SearchAction\",\"target\":{\"@type\":\"EntryPoint\",\"urlTemplate\":\"https:\/\/toysmaniacornermonaco.com\/?s={search_term_string}\"},\"query-input\":\"required name=search_term_string\"}],\"inLanguage\":\"en-US\"}]}<\/script>\n<!-- \/ Yoast SEO plugin. -->","yoast_head_json":{"title":"BMW Motorsport Team \u2013 Casquette Blanche - TOY&#039;S MANIA","robots":{"index":"index","follow":"follow","max-snippet":"max-snippet:-1","max-image-preview":"max-image-preview:large","max-video-preview":"max-video-preview:-1"},"canonical":"https:\/\/toysmaniacornermonaco.com\/produit\/bmw-motorsport-team-casquette-blanche\/","og_locale":"en_US","og_type":"article","og_title":"BMW Motorsport Team \u2013 Casquette Blanche - TOY&#039;S MANIA","og_description":"Description du produit Casquette officielle BMW Motorsport Team, con\u00e7ue dans un style sobre et sportif fid\u00e8le \u00e0 l\u2019univers de la comp\u00e9tition automobile. L\u00e9g\u00e8re et confortable, elle est id\u00e9ale pour un port quotidien et dispose d\u2019un syst\u00e8me de r\u00e9glage \u00e0 l\u2019arri\u00e8re pour un ajustement optimal. Son coloris blanc met en valeur l\u2019identit\u00e9 embl\u00e9matique de BMW Motorsport... View Article","og_url":"https:\/\/toysmaniacornermonaco.com\/produit\/bmw-motorsport-team-casquette-blanche\/","og_site_name":"TOY&#039;S MANIA","article_modified_time":"2025-12-23T10:40:06+00:00","og_image":[{"width":183,"height":275,"url":"https:\/\/toysmaniacornermonaco.com\/wp-content\/uploads\/2025\/12\/MOTORSPORT.jpg","type":"image\/jpeg"}],"twitter_card":"summary_large_image","twitter_misc":{"Est. reading time":"1 minute"},"schema":{"@context":"https:\/\/schema.org","@graph":[{"@type":"WebPage","@id":"https:\/\/toysmaniacornermonaco.com\/produit\/bmw-motorsport-team-casquette-blanche\/","url":"https:\/\/toysmaniacornermonaco.com\/produit\/bmw-motorsport-team-casquette-blanche\/","name":"BMW Motorsport Team \u2013 Casquette Blanche - TOY&#039;S MANIA","isPartOf":{"@id":"https:\/\/toysmaniacornermonaco.com\/#website"},"primaryImageOfPage":{"@id":"https:\/\/toysmaniacornermonaco.com\/produit\/bmw-motorsport-team-casquette-blanche\/#primaryimage"},"image":{"@id":"https:\/\/toysmaniacornermonaco.com\/produit\/bmw-motorsport-team-casquette-blanche\/#primaryimage"},"thumbnailUrl":"https:\/\/toysmaniacornermonaco.com\/wp-content\/uploads\/2025\/12\/MOTORSPORT.jpg","datePublished":"2025-12-23T10:23:02+00:00","dateModified":"2025-12-23T10:40:06+00:00","breadcrumb":{"@id":"https:\/\/toysmaniacornermonaco.com\/produit\/bmw-motorsport-team-casquette-blanche\/#breadcrumb"},"inLanguage":"en-US","potentialAction":[{"@type":"ReadAction","target":["https:\/\/toysmaniacornermonaco.com\/produit\/bmw-motorsport-team-casquette-blanche\/"]}]},{"@type":"ImageObject","inLanguage":"en-US","@id":"https:\/\/toysmaniacornermonaco.com\/produit\/bmw-motorsport-team-casquette-blanche\/#primaryimage","url":"https:\/\/toysmaniacornermonaco.com\/wp-content\/uploads\/2025\/12\/MOTORSPORT.jpg","contentUrl":"https:\/\/toysmaniacornermonaco.com\/wp-content\/uploads\/2025\/12\/MOTORSPORT.jpg","width":183,"height":275},{"@type":"BreadcrumbList","@id":"https:\/\/toysmaniacornermonaco.com\/produit\/bmw-motorsport-team-casquette-blanche\/#breadcrumb","itemListElement":[{"@type":"ListItem","position":1,"name":"Accueil","item":"https:\/\/toysmaniacornermonaco.com\/en\/"},{"@type":"ListItem","position":2,"name":"Shop","item":"https:\/\/toysmaniacornermonaco.com\/en\/shop\/"},{"@type":"ListItem","position":3,"name":"BMW Motorsport Team \u2013 Casquette Blanche"}]},{"@type":"WebSite","@id":"https:\/\/toysmaniacornermonaco.com\/#website","url":"https:\/\/toysmaniacornermonaco.com\/","name":"TOY&#039;S MANIA","description":"VOTRE CONCEPT STORE \u00c0 MONACO","potentialAction":[{"@type":"SearchAction","target":{"@type":"EntryPoint","urlTemplate":"https:\/\/toysmaniacornermonaco.com\/?s={search_term_string}"},"query-input":"required name=search_term_string"}],"inLanguage":"en-US"}]}},"_links":{"self":[{"href":"https:\/\/toysmaniacornermonaco.com\/en\/wp-json\/wp\/v2\/product\/6303","targetHints":{"allow":["GET"]}}],"collection":[{"href":"https:\/\/toysmaniacornermonaco.com\/en\/wp-json\/wp\/v2\/product"}],"about":[{"href":"https:\/\/toysmaniacornermonaco.com\/en\/wp-json\/wp\/v2\/types\/product"}],"replies":[{"embeddable":true,"href":"https:\/\/toysmaniacornermonaco.com\/en\/wp-json\/wp\/v2\/comments?post=6303"}],"wp:featuredmedia":[{"embeddable":true,"href":"https:\/\/toysmaniacornermonaco.com\/en\/wp-json\/wp\/v2\/media\/6304"}],"wp:attachment":[{"href":"https:\/\/toysmaniacornermonaco.com\/en\/wp-json\/wp\/v2\/media?parent=6303"}],"wp:term":[{"taxonomy":"product_cat","embeddable":true,"href":"https:\/\/toysmaniacornermonaco.com\/en\/wp-json\/wp\/v2\/product_cat?post=6303"},{"taxonomy":"product_tag","embeddable":true,"href":"https:\/\/toysmaniacornermonaco.com\/en\/wp-json\/wp\/v2\/product_tag?post=6303"}],"curies":[{"name":"wp","href":"https:\/\/api.w.org\/{rel}","templated":true}]}}